{"id":3,"date":"2024-01-30T13:41:47","date_gmt":"2024-01-30T13:41:47","guid":{"rendered":"http:\/\/startmsg.lt\/?page_id=3"},"modified":"2025-06-01T21:30:42","modified_gmt":"2025-06-01T21:30:42","slug":"gizlilik-politikasi","status":"publish","type":"page","link":"https:\/\/startmsg.lt\/tr\/gizlilik-politikasi\/","title":{"rendered":"Gizlilik Politikas\u0131"},"content":{"rendered":"<div data-elementor-type=\"wp-page\" data-elementor-id=\"3\" class=\"elementor elementor-3\" data-elementor-settings=\"{&quot;element_pack_global_tooltip_width&quot;:{&quot;unit&quot;:&quot;px&quot;,&quot;size&quot;:&quot;&quot;,&quot;sizes&quot;:[]},&quot;element_pack_global_tooltip_width_tablet&quot;:{&quot;unit&quot;:&quot;px&quot;,&quot;size&quot;:&quot;&quot;,&quot;sizes&quot;:[]},&quot;element_pack_global_tooltip_width_mobile&quot;:{&quot;unit&quot;:&quot;px&quot;,&quot;size&quot;:&quot;&quot;,&quot;sizes&quot;:[]},&quot;element_pack_global_tooltip_padding&quot;:{&quot;unit&quot;:&quot;px&quot;,&quot;top&quot;:&quot;&quot;,&quot;right&quot;:&quot;&quot;,&quot;bottom&quot;:&quot;&quot;,&quot;left&quot;:&quot;&quot;,&quot;isLinked&quot;:true},&quot;element_pack_global_tooltip_padding_tablet&quot;:{&quot;unit&quot;:&quot;px&quot;,&quot;top&quot;:&quot;&quot;,&quot;right&quot;:&quot;&quot;,&quot;bottom&quot;:&quot;&quot;,&quot;left&quot;:&quot;&quot;,&quot;isLinked&quot;:true},&quot;element_pack_global_tooltip_padding_mobile&quot;:{&quot;unit&quot;:&quot;px&quot;,&quot;top&quot;:&quot;&quot;,&quot;right&quot;:&quot;&quot;,&quot;bottom&quot;:&quot;&quot;,&quot;left&quot;:&quot;&quot;,&quot;isLinked&quot;:true},&quot;element_pack_global_tooltip_border_radius&quot;:{&quot;unit&quot;:&quot;px&quot;,&quot;top&quot;:&quot;&quot;,&quot;right&quot;:&quot;&quot;,&quot;bottom&quot;:&quot;&quot;,&quot;left&quot;:&quot;&quot;,&quot;isLinked&quot;:true},&quot;element_pack_global_tooltip_border_radius_tablet&quot;:{&quot;unit&quot;:&quot;px&quot;,&quot;top&quot;:&quot;&quot;,&quot;right&quot;:&quot;&quot;,&quot;bottom&quot;:&quot;&quot;,&quot;left&quot;:&quot;&quot;,&quot;isLinked&quot;:true},&quot;element_pack_global_tooltip_border_radius_mobile&quot;:{&quot;unit&quot;:&quot;px&quot;,&quot;top&quot;:&quot;&quot;,&quot;right&quot;:&quot;&quot;,&quot;bottom&quot;:&quot;&quot;,&quot;left&quot;:&quot;&quot;,&quot;isLinked&quot;:true}}\">\n\t\t\t\t<div class=\"elementor-element elementor-element-0623705 e-flex e-con-boxed e-con e-parent\" data-id=\"0623705\" data-element_type=\"container\">\n\t\t\t\t\t<div class=\"e-con-inner\">\n\t\t\t\t<div class=\"elementor-element elementor-element-ba1afd1 elementor-widget elementor-widget-spacer\" data-id=\"ba1afd1\" data-element_type=\"widget\" data-widget_type=\"spacer.default\">\n\t\t\t\t<div class=\"elementor-widget-container\">\n\t\t\t\t\t\t\t<div class=\"elementor-spacer\">\n\t\t\t<div class=\"elementor-spacer-inner\"><\/div>\n\t\t<\/div>\n\t\t\t\t\t\t<\/div>\n\t\t\t\t<\/div>\n\t\t\t\t\t<\/div>\n\t\t\t\t<\/div>\n\t\t<div class=\"elementor-element elementor-element-5cea823 e-flex e-con-boxed e-con e-parent\" data-id=\"5cea823\" data-element_type=\"container\">\n\t\t\t\t\t<div class=\"e-con-inner\">\n\t\t\t\t<div class=\"elementor-element elementor-element-ef52721 elementor-widget elementor-widget-text-editor\" data-id=\"ef52721\" data-element_type=\"widget\" data-widget_type=\"text-editor.default\">\n\t\t\t\t<div class=\"elementor-widget-container\">\n\t\t\t\t\t\t\t\t\t<div class=\"term\"><div class=\"term__title\"><h3>Giri\u015f<\/h3><\/div><p>\u00a0<\/p><p><strong>Ho\u015f geldiniz <a href=\"https:\/\/startmsg.com\" target=\"_new\" rel=\"noopener\">https:\/\/startmsg.com<\/a> \/<a href=\"https:\/\/startmsg.lt\/tr\/\" target=\"_new\" rel=\"noopener\"> https:\/\/startmsg.lt<\/a> (Web sitesi).<\/strong> \u00c7evrimi\u00e7i gizlili\u011fin, \u00f6zellikle i\u015f yapma s\u00fcrecinde, Web Sitemizin kullan\u0131c\u0131lar\u0131 i\u00e7in \u00f6nemli oldu\u011funu biliyoruz. Bu Gizlilik Politikas\u0131, Siteyi i\u015f yapmadan ziyaret eden kullan\u0131c\u0131lar (Ziyaret\u00e7iler) ve Sitede i\u015f yapmak ve bu uygulama taraf\u0131ndan sunulan \u00e7e\u015fitli hizmetleri (topluca \"Hizmetler\") kullanmak i\u00e7in kaydolan Ziyaret\u00e7iler (Yetkili M\u00fc\u015fteriler) i\u00e7in gizlilik uygulamalar\u0131m\u0131z\u0131 y\u00f6netir.<\/p><h3>Ki\u015fisel kimlik bilgileri<\/h3><p>Ki\u015fisel olarak tan\u0131mlanabilir bilgiler, ad, adres, telefon numaras\u0131, faks numaras\u0131, e-posta adresi, mali veriler, sosyal g\u00fcvenlik numaras\u0131 ve kredi kart\u0131 bilgileri dahil ancak bunlarla s\u0131n\u0131rl\u0131 olmamak \u00fczere, bilgilerin ait oldu\u011fu ki\u015fiyi tan\u0131mlayan veya tan\u0131mlamak, ileti\u015fim kurmak veya yerini tespit etmek i\u00e7in kullan\u0131labilecek her t\u00fcrl\u00fc bilgi anlam\u0131na gelir. Ki\u015fisel olarak tan\u0131mlanabilir bilgiler, anonim olarak toplanan bilgileri (yani, kullan\u0131c\u0131n\u0131n kimli\u011fi belirlenmeden) veya kimli\u011fi belirlenmi\u015f bir ki\u015fiyle ba\u011flant\u0131l\u0131 olmayan demografik bilgileri i\u00e7ermez.<\/p><h3>Hangi ki\u015fisel kimlik verilerini topluyoruz?<\/h3><p>T\u00fcm ziyaret\u00e7ilerimizden temel kullan\u0131c\u0131 profili bilgilerini toplayabiliriz. Buna ek olarak, Yetkili M\u00fc\u015fterilerden a\u015fa\u011f\u0131daki ek bilgileri toplar\u0131z: isimler, adresler, telefon numaralar\u0131 ve e-posta adresleri, i\u015fletmenin niteli\u011fi ve b\u00fcy\u00fckl\u00fc\u011f\u00fc ve Yetkili M\u00fc\u015fterinin sat\u0131n almay\u0131 veya satmay\u0131 planlad\u0131\u011f\u0131 reklam envanterinin niteli\u011fi ve b\u00fcy\u00fckl\u00fc\u011f\u00fc.<\/p><h3>Hangi kurulu\u015flar bilgi toplar?<\/h3><p>Do\u011frudan bilgi toplamam\u0131za ek olarak, kredi, sigorta ve mevduat hizmetleri gibi hizmetler sa\u011flayan \u00fc\u00e7\u00fcnc\u00fc taraf hizmet sa\u011flay\u0131c\u0131lar\u0131m\u0131z (kredi kart\u0131 \u015firketleri, \u00f6deme merkezleri ve bankalar gibi) bu bilgileri Ziyaret\u00e7ilerimizden ve Yetkili M\u00fc\u015fterilerimizden toplayabilir. Bu \u00fc\u00e7\u00fcnc\u00fc taraflar\u0131n bu t\u00fcr bilgileri nas\u0131l kulland\u0131\u011f\u0131n\u0131 kontrol etmiyoruz, ancak onlardan Ziyaret\u00e7ilerden ve Yetkili M\u00fc\u015fterilerden ald\u0131klar\u0131 ki\u015fisel bilgileri nas\u0131l kulland\u0131klar\u0131n\u0131 a\u00e7\u0131klamalar\u0131n\u0131 istiyoruz.<\/p><h3>Web Sitesi ki\u015fisel olarak tan\u0131mlanabilir bilgileri nas\u0131l kullan\u0131r?<\/h3><p>Ki\u015fisel olarak tan\u0131mlanabilir bilgileri Web Sitesini ki\u015fiselle\u015ftirmek, ilgili hizmetleri sunmak ve sat\u0131n alma ve sat\u0131\u015f taleplerini yerine getirmek i\u00e7in kullan\u0131r\u0131z. Ziyaret\u00e7ilere ve Yetkili M\u00fc\u015fterilere sorular, al\u0131m ve sat\u0131m f\u0131rsatlar\u0131 veya Sitenin konusuyla ilgili bilgiler hakk\u0131nda e-postalar g\u00f6nderebiliriz. Ki\u015fisel olarak tan\u0131mlanabilir bilgileri, belirli sorulara yan\u0131t vermek veya talep edilen bilgileri sa\u011flamak i\u00e7in de kullanabiliriz.<\/p><h3>Bilgiler kimlerle payla\u015f\u0131labilir?<\/h3><p>Yetkili M\u00fc\u015fteriler hakk\u0131ndaki ki\u015fisel olarak tan\u0131mlanabilir bilgiler, potansiyel i\u015flem f\u0131rsatlar\u0131n\u0131 de\u011ferlendirmek isteyen di\u011fer Yetkili M\u00fc\u015fterilerle payla\u015f\u0131labilir. Ziyaret\u00e7ilerimiz ve Yetkili M\u00fc\u015fterilerimiz hakk\u0131ndaki demografik bilgiler de dahil olmak \u00fczere Ziyaret\u00e7ilerimiz hakk\u0131ndaki toplu bilgileri ba\u011fl\u0131 kurulu\u015flar\u0131m\u0131z ve \u00fc\u00e7\u00fcnc\u00fc taraf sat\u0131c\u0131lar\u0131m\u0131zla payla\u015fabiliriz. Ayr\u0131ca, taraf\u0131m\u0131zdan veya ad\u0131m\u0131za hareket eden herhangi bir ajans taraf\u0131ndan bilgi almaktan veya ileti\u015fime ge\u00e7ilmekten \"vazge\u00e7me\" f\u0131rsat\u0131 da sunuyoruz.<\/p><h3>Ki\u015fisel kimlik bilgileri nas\u0131l saklan\u0131r?<\/h3><p>Toplanan ki\u015fisel kimlik bilgileri g\u00fcvenli bir \u015fekilde saklan\u0131r ve yukar\u0131da belirtilen ama\u00e7lar d\u0131\u015f\u0131nda \u00fc\u00e7\u00fcnc\u00fc taraflar\u0131n veya \u00e7al\u0131\u015fanlar\u0131m\u0131z\u0131n kullan\u0131m\u0131na sunulmaz.<\/p><h3>Ziyaret\u00e7ilerin bilgilerin toplanmas\u0131, kullan\u0131lmas\u0131 ve da\u011f\u0131t\u0131lmas\u0131 konusunda ne gibi se\u00e7enekleri vard\u0131r?<\/h3><p>Ziyaret\u00e7iler ve Yetkili M\u00fc\u015fteriler, e-postalara verilen talimatlara uygun olarak yan\u0131t vererek veya bizimle ileti\u015fime ge\u00e7erek bizden ve\/veya tedarik\u00e7ilerimizden ve ba\u011fl\u0131 kurulu\u015flar\u0131m\u0131zdan istenmeyen bilgileri almaktan vazge\u00e7ebilirler.<\/p><h3>Web Sitesinde \u00e7erez kullan\u0131l\u0131yor mu?<\/h3><p>Evet, \u00e7erezler \u00e7e\u015fitli nedenlerle kullan\u0131lmaktad\u0131r. \u00c7erezleri, Ziyaret\u00e7ilerimizin tercihleri ve hizmet se\u00e7imleri hakk\u0131nda bilgi edinmek i\u00e7in kullan\u0131r\u0131z. \u00c7erezleri ayr\u0131ca Yetkili M\u00fc\u015fterileri korumak i\u00e7in g\u00fcvenlik amac\u0131yla da kullan\u0131r\u0131z.<\/p><h3>Uygulama giri\u015f bilgilerini nas\u0131l kullan\u0131r?<\/h3><p>Uygulama, e\u011filimleri analiz etmek, Siteyi y\u00f6netmek, kullan\u0131c\u0131lar\u0131n hareketlerini ve Siteyi kullan\u0131m\u0131n\u0131 izlemek ve geni\u015f demografik bilgiler toplamak i\u00e7in IP adresleri, \u0130nternet Servis Sa\u011flay\u0131c\u0131lar\u0131 (\u0130SS'ler) ve taray\u0131c\u0131 t\u00fcrleri dahil ancak bunlarla s\u0131n\u0131rl\u0131 olmamak \u00fczere giri\u015f bilgilerini kullan\u0131r.<\/p><h3>Web Sitesi ki\u015fisel olarak tan\u0131mlanabilir bilgileri nas\u0131l sakl\u0131yor?<\/h3><p>T\u00fcm \u00e7al\u0131\u015fanlar\u0131m\u0131z g\u00fcvenlik politikalar\u0131m\u0131z ve prosed\u00fcrlerimizden haberdard\u0131r. Ziyaret\u00e7ilere ve Yetkili M\u00fc\u015fterilere ait ki\u015fisel olarak tan\u0131mlanabilir bilgiler, yaln\u0131zca bilgilere eri\u015fmek i\u00e7in \u015fifreleri olan s\u0131n\u0131rl\u0131 say\u0131da kalifiye \u00e7al\u0131\u015fan taraf\u0131ndan kullan\u0131labilir.<\/p><h3>Hangi ortaklar\u0131n veya hizmet sa\u011flay\u0131c\u0131lar\u0131n Web Sitesindeki Ziyaret\u00e7ilerden ve\/veya Yetkili M\u00fc\u015fterilerden gelen ki\u015fisel olarak tan\u0131mlanabilir bilgilere eri\u015fimi vard\u0131r?<\/h3><p>Uygulama, \u00e7e\u015fitli tedarik\u00e7ilerle ortakl\u0131klar ve di\u011fer i\u015fbirli\u011fi anla\u015fmalar\u0131 yapm\u0131\u015ft\u0131r ve yapmaya devam edecektir. Bu t\u00fcr tedarik\u00e7iler, Yetkili M\u00fc\u015fterilerin hizmetlere uygunlu\u011funu de\u011ferlendirmek amac\u0131yla \"bilmesi gereken\" temelinde belirli ki\u015fisel olarak tan\u0131mlanabilir bilgilere eri\u015febilir. Gizlilik Politikam\u0131z bu tedarik\u00e7ilerden bilgi toplanmas\u0131n\u0131 veya kullan\u0131lmas\u0131n\u0131 kapsamamaktad\u0131r. Ki\u015fisel Olarak Tan\u0131mlanabilir Bilgilerin Yasalara Uymak \u0130\u00e7in \u0130f\u015fa Edilmesi: Ki\u015fisel Olarak Tan\u0131mlanabilir Bilgileri bir mahkeme emrine veya mahkeme celbine veya bir kolluk kuvvetinin bilgi talebine uymak i\u00e7in if\u015fa edece\u011fiz. Ayr\u0131ca, Ziyaret\u00e7ilerimizin ve Yetkili M\u00fc\u015fterilerimizin g\u00fcvenli\u011fini korumak i\u00e7in makul \u00f6l\u00e7\u00fcde gerekli oldu\u011funda ki\u015fisel olarak tan\u0131mlanabilir bilgileri if\u015fa edece\u011fiz.<\/p><h3>Web Sitesi ki\u015fisel olarak tan\u0131mlanabilir bilgileri nas\u0131l sakl\u0131yor?<\/h3><p>T\u00fcm \u00e7al\u0131\u015fanlar\u0131m\u0131z g\u00fcvenlik politikalar\u0131m\u0131z ve prosed\u00fcrlerimizden haberdard\u0131r. Ziyaret\u00e7ilere ve Yetkili M\u00fc\u015fterilere ait ki\u015fisel olarak tan\u0131mlanabilir bilgiler, yaln\u0131zca bilgilere eri\u015fmek i\u00e7in \u015fifreleri olan s\u0131n\u0131rl\u0131 say\u0131da kalifiye \u00e7al\u0131\u015fan taraf\u0131ndan kullan\u0131labilir. G\u00fcvenlik sistemlerimizi ve s\u00fcre\u00e7lerimizi d\u00fczenli olarak g\u00f6zden ge\u00e7iriyoruz. Kredi kart\u0131 numaralar\u0131 veya sosyal g\u00fcvenlik numaralar\u0131 gibi hassas bilgiler, \u0130nternet \u00fczerinden g\u00f6nderilen bilgileri korumak i\u00e7in \u015fifreleme protokolleri ile korunmaktad\u0131r. G\u00fcvenli bir web sitesi sa\u011flamak i\u00e7in ticari olarak makul \u00f6nlemler almam\u0131za ra\u011fmen, elektronik ileti\u015fimler ve veritabanlar\u0131 hatalara, bilgisayar korsanl\u0131\u011f\u0131na ve di\u011fer olaylara kar\u015f\u0131 savunmas\u0131zd\u0131r ve bu t\u00fcr olaylar\u0131n meydana gelmeyece\u011fini garanti edemeyiz ve bu t\u00fcr olaylar i\u00e7in Ziyaret\u00e7ilere veya Yetkili M\u00fc\u015fterilere kar\u015f\u0131 sorumluluk kabul etmiyoruz.<\/p><h3>Ziyaret\u00e7iler ki\u015fisel kimlik bilgilerindeki yanl\u0131\u015fl\u0131klar\u0131 nas\u0131l d\u00fczeltebilir?<\/h3><p>Ziyaret\u00e7iler ve Yetkili M\u00fc\u015fteriler, bize e-posta g\u00f6ndererek kendileri hakk\u0131ndaki ki\u015fisel olarak tan\u0131mlanabilir bilgileri g\u00fcncellemek veya d\u00fczeltmek i\u00e7in bizimle ileti\u015fime ge\u00e7ebilirler: <a rel=\"noopener\">support@startmsg.com<\/a>.<\/p><h3>Bir Ziyaret\u00e7i Sitede toplanan ki\u015fisel olarak tan\u0131mlanabilir bilgileri silebilir veya devre d\u0131\u015f\u0131 b\u0131rakabilir mi?<\/h3><p>Ziyaret\u00e7ilere ve Yetkili M\u00fc\u015fterilere, bizimle ileti\u015fime ge\u00e7erek Sitenin veri taban\u0131ndan ki\u015fisel olarak tan\u0131mlanabilir bilgileri silme\/devre d\u0131\u015f\u0131 b\u0131rakma mekanizmas\u0131 sa\u011fl\u0131yoruz. Ancak, yedeklemeler ve silmeler nedeniyle, baz\u0131 bilgiler kalmadan bir Ziyaret\u00e7inin kayd\u0131n\u0131 tamamen silmek m\u00fcmk\u00fcn olmayabilir. Ki\u015fisel olarak tan\u0131mlanabilir bilgilerin devre d\u0131\u015f\u0131 b\u0131rak\u0131lmas\u0131n\u0131 talep eden bir ki\u015fi, bu bilgilerin i\u015flevsel olarak silinmesini sa\u011flayacak ve bu bilgileri gelecekte herhangi bir \u015fekilde satmayacak, aktarmayacak veya kullanmayaca\u011f\u0131z.<\/p><h3>Gizlilik politikas\u0131 de\u011fi\u015firse ne olur?<\/h3><p>Ziyaret\u00e7ilerimizi ve Yetkili M\u00fc\u015fterilerimizi gizlilik politikam\u0131zdaki de\u011fi\u015fikliklerden, bu de\u011fi\u015fiklikleri Sitede yay\u0131nlayarak haberdar edece\u011fiz. Bununla birlikte, gizlilik politikam\u0131z\u0131 bir Ziyaret\u00e7inin veya Yetkili M\u00fc\u015fterinin daha \u00f6nce if\u015fa edilmemesini talep etti\u011fi ki\u015fisel olarak tan\u0131mlanabilir bilgilerin if\u015fa edilmesine neden olabilecek \u015fekilde de\u011fi\u015ftirirsek, bu t\u00fcr bir if\u015fay\u0131 \u00f6nlemelerine izin vermek i\u00e7in s\u00f6z konusu Ziyaret\u00e7i veya Yetkili M\u00fc\u015fteri ile ileti\u015fime ge\u00e7ece\u011fiz.<\/p><h3>Referanslar:<\/h3><p><a href=\"https:\/\/startmsg.com\" target=\"_new\" rel=\"noopener\">Startmsg.com<\/a> \/ <a href=\"https:\/\/startmsg.lt\/tr\/\">Startmsg.lt<\/a> di\u011fer web sitelerine ba\u011flant\u0131lar i\u00e7erebilir. Ba\u011flant\u0131lardan birine t\u0131klad\u0131\u011f\u0131n\u0131zda ba\u015fka bir web sitesine y\u00f6nlendirilece\u011finizi l\u00fctfen unutmay\u0131n. Bizimkinden farkl\u0131 olabilece\u011finden, bu sitelerin gizlilik politikalar\u0131n\u0131 incelemenizi \u00f6neririz.<\/p><\/div>\t\t\t\t\t\t\t\t<\/div>\n\t\t\t\t<\/div>\n\t\t\t\t\t<\/div>\n\t\t\t\t<\/div>\n\t\t\t\t<\/div>","protected":false},"excerpt":{"rendered":"<p>\u012evadas \u00a0 Sveiki atvyk\u0119 \u012f https:\/\/startmsg.com \/ https:\/\/startmsg.lt (Svetain\u0117). Mes suprantame, kad privatumas internete yra svarbus m\u016bs\u0173 Svetain\u0117s naudotojams, ypa\u010d vykdant verslo [&hellip;]<\/p>","protected":false},"author":1,"featured_media":0,"parent":0,"menu_order":0,"comment_status":"closed","ping_status":"open","template":"","meta":{"footnotes":""},"class_list":["post-3","page","type-page","status-publish","hentry"],"yoast_head":"<!-- This site is optimized with the Yoast SEO Premium plugin v23.8 (Yoast SEO v26.4) - https:\/\/yoast.com\/wordpress\/plugins\/seo\/ -->\n<title>Privatumo politika - startmsg.lt<\/title>\n<meta name=\"robots\" content=\"index, nofollow, max-snippet:-1, max-image-preview:large, max-video-preview:-1\" \/>\n<link rel=\"canonical\" href=\"https:\/\/startmsg.lt\/tr\/gizlilik-politikasi\/\" \/>\n<meta property=\"og:locale\" content=\"tr_TR\" \/>\n<meta property=\"og:type\" content=\"article\" \/>\n<meta property=\"og:title\" content=\"Privatumo politika\" \/>\n<meta property=\"og:description\" content=\"\u012evadas \u00a0 Sveiki atvyk\u0119 \u012f https:\/\/startmsg.com \/ https:\/\/startmsg.lt (Svetain\u0117). Mes suprantame, kad privatumas internete yra svarbus m\u016bs\u0173 Svetain\u0117s naudotojams, ypa\u010d vykdant verslo [&hellip;]\" \/>\n<meta property=\"og:url\" content=\"https:\/\/startmsg.lt\/tr\/gizlilik-politikasi\/\" \/>\n<meta property=\"og:site_name\" content=\"startmsg.lt\" \/>\n<meta property=\"article:publisher\" content=\"https:\/\/facebook.com\/chatbotas\" \/>\n<meta property=\"article:modified_time\" content=\"2025-06-01T21:30:42+00:00\" \/>\n<meta name=\"twitter:card\" content=\"summary_large_image\" \/>\n<meta name=\"twitter:label1\" content=\"Tahmini okuma s\u00fcresi\" \/>\n\t<meta name=\"twitter:data1\" content=\"6 dakika\" \/>\n<script type=\"application\/ld+json\" class=\"yoast-schema-graph\">{\"@context\":\"https:\/\/schema.org\",\"@graph\":[{\"@type\":\"WebPage\",\"@id\":\"https:\/\/startmsg.lt\/privatumo-politika\/\",\"url\":\"https:\/\/startmsg.lt\/privatumo-politika\/\",\"name\":\"Privatumo politika - startmsg.lt\",\"isPartOf\":{\"@id\":\"https:\/\/startmsg.lt\/#website\"},\"datePublished\":\"2024-01-30T13:41:47+00:00\",\"dateModified\":\"2025-06-01T21:30:42+00:00\",\"breadcrumb\":{\"@id\":\"https:\/\/startmsg.lt\/privatumo-politika\/#breadcrumb\"},\"inLanguage\":\"tr\",\"potentialAction\":[{\"@type\":\"ReadAction\",\"target\":[\"https:\/\/startmsg.lt\/privatumo-politika\/\"]}]},{\"@type\":\"BreadcrumbList\",\"@id\":\"https:\/\/startmsg.lt\/privatumo-politika\/#breadcrumb\",\"itemListElement\":[{\"@type\":\"ListItem\",\"position\":1,\"name\":\"Home\",\"item\":\"https:\/\/startmsg.lt\/\"},{\"@type\":\"ListItem\",\"position\":2,\"name\":\"Privatumo politika\"}]},{\"@type\":\"WebSite\",\"@id\":\"https:\/\/startmsg.lt\/#website\",\"url\":\"https:\/\/startmsg.lt\/\",\"name\":\"startmsg.lt\",\"description\":\"\",\"publisher\":{\"@id\":\"https:\/\/startmsg.lt\/#organization\"},\"potentialAction\":[{\"@type\":\"SearchAction\",\"target\":{\"@type\":\"EntryPoint\",\"urlTemplate\":\"https:\/\/startmsg.lt\/?s={search_term_string}\"},\"query-input\":{\"@type\":\"PropertyValueSpecification\",\"valueRequired\":true,\"valueName\":\"search_term_string\"}}],\"inLanguage\":\"tr\"},{\"@type\":\"Organization\",\"@id\":\"https:\/\/startmsg.lt\/#organization\",\"name\":\"startmsg.lt\",\"url\":\"https:\/\/startmsg.lt\/\",\"logo\":{\"@type\":\"ImageObject\",\"inLanguage\":\"tr\",\"@id\":\"https:\/\/startmsg.lt\/#\/schema\/logo\/image\/\",\"url\":\"https:\/\/startmsg.lt\/wp-content\/uploads\/2024\/01\/favicon.png\",\"contentUrl\":\"https:\/\/startmsg.lt\/wp-content\/uploads\/2024\/01\/favicon.png\",\"width\":196,\"height\":196,\"caption\":\"startmsg.lt\"},\"image\":{\"@id\":\"https:\/\/startmsg.lt\/#\/schema\/logo\/image\/\"},\"sameAs\":[\"https:\/\/facebook.com\/chatbotas\",\"https:\/\/www.instagram.com\/chatbotas\"]}]}<\/script>\n<!-- \/ Yoast SEO Premium plugin. -->","yoast_head_json":{"title":"Gizlilik Politikas\u0131 - startmsg.lt","robots":{"index":"index","follow":"nofollow","max-snippet":"max-snippet:-1","max-image-preview":"max-image-preview:large","max-video-preview":"max-video-preview:-1"},"canonical":"https:\/\/startmsg.lt\/tr\/gizlilik-politikasi\/","og_locale":"tr_TR","og_type":"article","og_title":"Privatumo politika","og_description":"\u012evadas \u00a0 Sveiki atvyk\u0119 \u012f https:\/\/startmsg.com \/ https:\/\/startmsg.lt (Svetain\u0117). Mes suprantame, kad privatumas internete yra svarbus m\u016bs\u0173 Svetain\u0117s naudotojams, ypa\u010d vykdant verslo [&hellip;]","og_url":"https:\/\/startmsg.lt\/tr\/gizlilik-politikasi\/","og_site_name":"startmsg.lt","article_publisher":"https:\/\/facebook.com\/chatbotas","article_modified_time":"2025-06-01T21:30:42+00:00","twitter_card":"summary_large_image","twitter_misc":{"Tahmini okuma s\u00fcresi":"6 dakika"},"schema":{"@context":"https:\/\/schema.org","@graph":[{"@type":"WebPage","@id":"https:\/\/startmsg.lt\/privatumo-politika\/","url":"https:\/\/startmsg.lt\/privatumo-politika\/","name":"Gizlilik Politikas\u0131 - startmsg.lt","isPartOf":{"@id":"https:\/\/startmsg.lt\/#website"},"datePublished":"2024-01-30T13:41:47+00:00","dateModified":"2025-06-01T21:30:42+00:00","breadcrumb":{"@id":"https:\/\/startmsg.lt\/privatumo-politika\/#breadcrumb"},"inLanguage":"tr","potentialAction":[{"@type":"ReadAction","target":["https:\/\/startmsg.lt\/privatumo-politika\/"]}]},{"@type":"BreadcrumbList","@id":"https:\/\/startmsg.lt\/privatumo-politika\/#breadcrumb","itemListElement":[{"@type":"ListItem","position":1,"name":"Home","item":"https:\/\/startmsg.lt\/"},{"@type":"ListItem","position":2,"name":"Privatumo politika"}]},{"@type":"WebSite","@id":"https:\/\/startmsg.lt\/#website","url":"https:\/\/startmsg.lt\/","name":"startmsg.lt","description":"","publisher":{"@id":"https:\/\/startmsg.lt\/#organization"},"potentialAction":[{"@type":"SearchAction","target":{"@type":"EntryPoint","urlTemplate":"https:\/\/startmsg.lt\/?s={search_term_string}"},"query-input":{"@type":"PropertyValueSpecification","valueRequired":true,"valueName":"search_term_string"}}],"inLanguage":"tr"},{"@type":"Organization","@id":"https:\/\/startmsg.lt\/#organization","name":"startmsg.lt","url":"https:\/\/startmsg.lt\/","logo":{"@type":"ImageObject","inLanguage":"tr","@id":"https:\/\/startmsg.lt\/#\/schema\/logo\/image\/","url":"https:\/\/startmsg.lt\/wp-content\/uploads\/2024\/01\/favicon.png","contentUrl":"https:\/\/startmsg.lt\/wp-content\/uploads\/2024\/01\/favicon.png","width":196,"height":196,"caption":"startmsg.lt"},"image":{"@id":"https:\/\/startmsg.lt\/#\/schema\/logo\/image\/"},"sameAs":["https:\/\/facebook.com\/chatbotas","https:\/\/www.instagram.com\/chatbotas"]}]}},"_links":{"self":[{"href":"https:\/\/startmsg.lt\/tr\/wp-json\/wp\/v2\/pages\/3","targetHints":{"allow":["GET"]}}],"collection":[{"href":"https:\/\/startmsg.lt\/tr\/wp-json\/wp\/v2\/pages"}],"about":[{"href":"https:\/\/startmsg.lt\/tr\/wp-json\/wp\/v2\/types\/page"}],"author":[{"embeddable":true,"href":"https:\/\/startmsg.lt\/tr\/wp-json\/wp\/v2\/users\/1"}],"replies":[{"embeddable":true,"href":"https:\/\/startmsg.lt\/tr\/wp-json\/wp\/v2\/comments?post=3"}],"version-history":[{"count":15,"href":"https:\/\/startmsg.lt\/tr\/wp-json\/wp\/v2\/pages\/3\/revisions"}],"predecessor-version":[{"id":2433,"href":"https:\/\/startmsg.lt\/tr\/wp-json\/wp\/v2\/pages\/3\/revisions\/2433"}],"wp:attachment":[{"href":"https:\/\/startmsg.lt\/tr\/wp-json\/wp\/v2\/media?parent=3"}],"curies":[{"name":"wp","href":"https:\/\/api.w.org\/{rel}","templated":true}]}}