{"id":1078,"date":"2024-10-12T22:41:56","date_gmt":"2024-10-12T22:41:56","guid":{"rendered":"https:\/\/startmsg.lt\/?page_id=1078"},"modified":"2025-06-01T21:31:13","modified_gmt":"2025-06-01T21:31:13","slug":"sartlar-ve-kosullar","status":"publish","type":"page","link":"https:\/\/startmsg.lt\/tr\/sartlar-ve-kosullar\/","title":{"rendered":"\u015eartlar ve Ko\u015fullar"},"content":{"rendered":"<div data-elementor-type=\"wp-page\" data-elementor-id=\"1078\" class=\"elementor elementor-1078\" data-elementor-settings=\"{&quot;element_pack_global_tooltip_width&quot;:{&quot;unit&quot;:&quot;px&quot;,&quot;size&quot;:&quot;&quot;,&quot;sizes&quot;:[]},&quot;element_pack_global_tooltip_width_tablet&quot;:{&quot;unit&quot;:&quot;px&quot;,&quot;size&quot;:&quot;&quot;,&quot;sizes&quot;:[]},&quot;element_pack_global_tooltip_width_mobile&quot;:{&quot;unit&quot;:&quot;px&quot;,&quot;size&quot;:&quot;&quot;,&quot;sizes&quot;:[]},&quot;element_pack_global_tooltip_padding&quot;:{&quot;unit&quot;:&quot;px&quot;,&quot;top&quot;:&quot;&quot;,&quot;right&quot;:&quot;&quot;,&quot;bottom&quot;:&quot;&quot;,&quot;left&quot;:&quot;&quot;,&quot;isLinked&quot;:true},&quot;element_pack_global_tooltip_padding_tablet&quot;:{&quot;unit&quot;:&quot;px&quot;,&quot;top&quot;:&quot;&quot;,&quot;right&quot;:&quot;&quot;,&quot;bottom&quot;:&quot;&quot;,&quot;left&quot;:&quot;&quot;,&quot;isLinked&quot;:true},&quot;element_pack_global_tooltip_padding_mobile&quot;:{&quot;unit&quot;:&quot;px&quot;,&quot;top&quot;:&quot;&quot;,&quot;right&quot;:&quot;&quot;,&quot;bottom&quot;:&quot;&quot;,&quot;left&quot;:&quot;&quot;,&quot;isLinked&quot;:true},&quot;element_pack_global_tooltip_border_radius&quot;:{&quot;unit&quot;:&quot;px&quot;,&quot;top&quot;:&quot;&quot;,&quot;right&quot;:&quot;&quot;,&quot;bottom&quot;:&quot;&quot;,&quot;left&quot;:&quot;&quot;,&quot;isLinked&quot;:true},&quot;element_pack_global_tooltip_border_radius_tablet&quot;:{&quot;unit&quot;:&quot;px&quot;,&quot;top&quot;:&quot;&quot;,&quot;right&quot;:&quot;&quot;,&quot;bottom&quot;:&quot;&quot;,&quot;left&quot;:&quot;&quot;,&quot;isLinked&quot;:true},&quot;element_pack_global_tooltip_border_radius_mobile&quot;:{&quot;unit&quot;:&quot;px&quot;,&quot;top&quot;:&quot;&quot;,&quot;right&quot;:&quot;&quot;,&quot;bottom&quot;:&quot;&quot;,&quot;left&quot;:&quot;&quot;,&quot;isLinked&quot;:true}}\">\n\t\t\t\t<div class=\"elementor-element elementor-element-ede0e80 e-flex e-con-boxed e-con e-parent\" data-id=\"ede0e80\" data-element_type=\"container\">\n\t\t\t\t\t<div class=\"e-con-inner\">\n\t\t\t\t<div class=\"elementor-element elementor-element-b3515d5 elementor-widget elementor-widget-spacer\" data-id=\"b3515d5\" data-element_type=\"widget\" data-widget_type=\"spacer.default\">\n\t\t\t\t<div class=\"elementor-widget-container\">\n\t\t\t\t\t\t\t<div class=\"elementor-spacer\">\n\t\t\t<div class=\"elementor-spacer-inner\"><\/div>\n\t\t<\/div>\n\t\t\t\t\t\t<\/div>\n\t\t\t\t<\/div>\n\t\t\t\t<div class=\"elementor-element elementor-element-9a041c7 elementor-widget elementor-widget-text-editor\" data-id=\"9a041c7\" data-element_type=\"widget\" data-widget_type=\"text-editor.default\">\n\t\t\t\t<div class=\"elementor-widget-container\">\n\t\t\t\t\t\t\t\t\t<p><strong>ABONE OLMAK VEYA Startmsg.com \/ Startmsg.com'u KULLANIRSANIZ, KEND\u0130N\u0130Z\u0130, HERHANG\u0130 B\u0130R \u00dc\u00c7\u00dcNC\u00dc K\u0130\u015e\u0130Y\u0130, \u015e\u0130RKET\u0130 VEYA YASAL KURULU\u015eU \u0130MZALAMAK \u0130\u00c7\u0130N TAM YETK\u0130YE SAH\u0130P OLDU\u011eUNUZU ONAYLARSINIZ, VE BU SI\u0307TEYI\u0307 KULLANMANIZ VE\/VEYA BU SI\u0307TE I\u0307LE ETKI\u0307LE\u015eI\u0307MDE BULUNMANIZ, BU KULLANIM KO\u015eULLARI S\u00d6ZLE\u015eMESI\u0307NI\u0307 VE BU SI\u0307TEDE YAYINLAYABI\u0307LECE\u011eI\u0307MI\u0307Z DI\u0307\u011eER S\u00d6ZLE\u015eMELERI\u0307 KABUL ETTI\u0307\u011eI\u0307NI\u0307Z ANLAMINA GELI\u0307R.<\/strong><\/p><p><strong>Startmsg.com \/ Startmsg.com VEYA BU S\u0130TEDE YER ALAN HERHANG\u0130 B\u0130R BANNER, ALI\u015eVER\u0130\u015e D\u0130L\u0130 VEYA REKLAMI G\u00d6R\u00dcNT\u00dcLEMEK, PAYLA\u015eMAK, KULLANMAK VEYA ETK\u0130LE\u015e\u0130MDE BULUNMAK SURET\u0130YLE, BU KULLANIM KO\u015eULLARI POL\u0130T\u0130KASI VE G\u0130ZL\u0130L\u0130K POL\u0130T\u0130KASININ T\u00dcM H\u00dcK\u00dcM VE KO\u015eULLARINI YER\u0130NE GET\u0130RMEY\u0130 KABUL ETMEKTES\u0130N\u0130Z.<\/strong><\/p><p><strong>Startmsg.com \/ Startmsg.lt 1998 \u00c7OCUKLARIN \u0130NTERNET G\u0130ZL\u0130L\u0130\u011e\u0130N\u0130 KORUMA YASASINA (COPPA) TAB\u0130 OLAN HERHANG\u0130 B\u0130R K\u0130\u015e\u0130YE YARDIM ETMEK \u0130\u00c7\u0130N \u00d6ZELL\u0130KLE HATIRLATILMI\u015eTIR.<\/strong><\/p><p><strong>Startmsg.com \/ Startmsg.lt HERHANG\u0130 B\u0130R K\u0130\u015e\u0130Y\u0130 VEYA \u0130ZLEY\u0130C\u0130Y\u0130 HERHANG\u0130 B\u0130R ZAMANDA \u00d6D\u00dcLLEND\u0130RME HAKKINI SAKLI TUTAR. \u0130ZLEMEN\u0130N B\u0130R KO\u015eULU OLARAK KABUL ETT\u0130\u011e\u0130N\u0130Z G\u0130ZL\u0130L\u0130K POL\u0130T\u0130KASI H\u00dcK\u00dcMLER\u0130 KAPSAMINDA, Startmsg.com \/ Startmsg.com D\u0130\u011eER B\u0130R\u00c7OK KULLANIM \u0130\u00c7\u0130N \u0130ST\u0130SNALAR YAPMAK AMACIYLA VER\u0130 VE B\u0130LG\u0130LER\u0130 TOPLAYAB\u0130L\u0130R VE SAKLAYAB\u0130L\u0130R.<\/strong><\/p><p><strong>BU KULLANIM KO\u015eULLARI S\u00d6ZLE\u015eMESI\u0307 ZAMAN I\u0307\u00c7I\u0307NDE DE\u011eI\u0307\u015eEBI\u0307LI\u0307R. Z\u0130YARET\u00c7\u0130LER STARTMSG.com \/ Startmsg.lt'Y\u0130 HER Z\u0130YARETLER\u0130NDE KULLANIM KO\u015eULLARININ BU SAYFASINI G\u00d6ZDEN GE\u00c7\u0130REREK BU T\u00dcR DE\u011e\u0130\u015e\u0130KL\u0130KLERDEN KEND\u0130LER\u0130N\u0130 HABERDAR ETME SORUMLULU\u011eUNA SAH\u0130PT\u0130RLER.<\/strong><\/p><p><strong>S\u00d6ZLE\u015eMENIN TARAFLARI<\/strong><br \/>Toplu olarak \"Ziyaret\u00e7iler\" olarak an\u0131lan ziyaret\u00e7iler, izleyiciler, kullan\u0131c\u0131lar, aboneler, \u00fcyeler, ortaklar veya m\u00fc\u015fteriler bu S\u00f6zle\u015fmenin taraflar\u0131d\u0131r. Web Sitesi ve sahipleri ve\/veya operat\u00f6rleri bu s\u00f6zle\u015fmenin taraflar\u0131d\u0131r ve burada \"Web Sitesi\" olarak an\u0131lacakt\u0131r.<\/p><p><strong>BU WEB SI\u0307TESI\u0307NDEKI\u0307 BI\u0307LGI\u0307LERI\u0307N KULLANIMI<\/strong><br \/>Bu web sitesi ile yaz\u0131l\u0131 bir anla\u015fman\u0131z olmad\u0131\u011f\u0131 s\u00fcrece, ziyaret\u00e7iler, izleyiciler, aboneler, \u00fcyeler, ortaklar veya m\u00fc\u015fteriler bu bilgileri ticari veya kamusal bir ortamda kullanma hakk\u0131na sahip de\u011fildir; bu web sitesinin i\u00e7eri\u011finin herhangi bir b\u00f6l\u00fcm\u00fcn\u00fc yay\u0131nlama, kopyalama, saklama, basma, satma veya yay\u0131nlama hakk\u0131na sahip de\u011fildir. Bu web sitesinin i\u00e7eri\u011fine eri\u015ferek, bu eri\u015fim ko\u015fulunu kabul etmi\u015f ve yetkisiz kullan\u0131m\u0131n yasa d\u0131\u015f\u0131 oldu\u011funu ve hukuki veya cezai yapt\u0131r\u0131mlarla sonu\u00e7lanabilece\u011fini kabul etmi\u015f olursunuz. Yine, ziyaret\u00e7inin, veritabanlar\u0131, g\u00f6r\u00fcnmez sayfalar, ba\u011flant\u0131l\u0131 sayfalar, temel kod veya sitenin i\u00e7erebilece\u011fi di\u011fer fikri m\u00fclkiyetler dahil olmak \u00fczere, sitenin i\u00e7eri\u011fini veya herhangi bir b\u00f6l\u00fcm\u00fcn\u00fc herhangi bir nedenle veya herhangi bir kullan\u0131m i\u00e7in kullanma hakk\u0131 yoktur. Bu h\u00fckm\u00fcn ihlalinden kaynaklanan zararlar\u0131n tam olarak tahmin edilmesinin zor olabilece\u011finin bilincinde olan ziyaret\u00e7i, Startmsg.com\/Startmsg.com sahiplerine 100.000 $ tutar\u0131nda veya tahmin edilebiliyorsa fiili masraflar ve bu h\u00fckm\u00fcn ihlalinden kaynaklanan fiili zararlardan hangisi daha b\u00fcy\u00fckse o tutarda tazminat \u00f6demeyi kabul eder. Ziyaret\u00e7i, bu h\u00fckm\u00fcn kabul\u00fcn\u00fcn Startmsg.com \/ Startmsg.com'a eri\u015fimin bir ko\u015fulu oldu\u011funu anlad\u0131\u011f\u0131n\u0131 ve Startmsg.com \/ Startmsg.com'a eri\u015fimin bu kabul\u00fcn bir onay\u0131n\u0131 te\u015fkil etti\u011fini kabul eder.<\/p><p><strong>WEB SITESININ M\u00dcLKIYETI VEYA BU WEB SITESININ I\u00c7ERI\u011eINI KULLANMA, SATMA, YAYINLAMA HAKKI<\/strong><br \/>Web sitesi ve i\u00e7eri\u011fi, web sitesi sahibine aittir veya onun taraf\u0131ndan lisanslanm\u0131\u015ft\u0131r. Sitedeki i\u00e7erik tescilli ve telif hakk\u0131 sakl\u0131 olarak kabul edilecektir. Ziyaret\u00e7iler, web sitesinin i\u00e7eri\u011finde hi\u00e7bir hakka sahip de\u011fildir. Site i\u00e7eri\u011finin herhangi bir nedenle kullan\u0131m\u0131, yaz\u0131l\u0131 bir anla\u015fma uyar\u0131nca veya Site'nin izni olmad\u0131k\u00e7a yasa d\u0131\u015f\u0131d\u0131r.<\/p><p><strong>WEB SITESINE K\u00d6PR\u00dcLER, I\u015eBIRLI\u011eI, \"\u00c7ER\u00c7EVELEME\" VE WEB SITESINI SILME<\/strong><br \/>Site taraf\u0131ndan a\u00e7\u0131k\u00e7a izin verilmedik\u00e7e, hi\u00e7 kimse Startmsg.com\/Startmsg.com veya herhangi bir b\u00f6l\u00fcm\u00fcn\u00fc (logolar, ticari markalar, ticari takdim \u015fekli veya telif hakk\u0131yla korunan materyaller dahil ancak bunlarla s\u0131n\u0131rl\u0131 olmamak \u00fczere) herhangi bir ama\u00e7la kendi web sitelerine k\u00f6pr\u00fc olarak ba\u011flama yetkisine sahip de\u011fildir. Ayr\u0131ca, a\u00e7\u0131k iznimiz olmadan bu web sitesinin URL'sini (\u0130nternet adresi) veya bu web sitesinin herhangi bir sayfas\u0131n\u0131 ticari veya ticari olmayan herhangi bir ortama dahil edemezsiniz veya web sitesine \"sponsor\" olamazs\u0131n\u0131z. Bu t\u00fcr faaliyetlerin kald\u0131r\u0131lmas\u0131 veya devre d\u0131\u015f\u0131 b\u0131rak\u0131lmas\u0131 i\u00e7in Site sahipleriyle i\u015fbirli\u011fi yapmay\u0131 ve bu h\u00fckm\u00fcn ihlalinden kaynaklanan her t\u00fcrl\u00fc zarardan sorumlu olmay\u0131 \u00f6zellikle kabul edersiniz. Bu h\u00fckm\u00fcn ihlalinden kaynaklanan kesin zararlar\u0131 tahmin etmenin zor olabilece\u011finin bilincinde olarak, Startmsg.com\/Startmsg.com'un sahiplerine 100.000 $ tutar\u0131nda veya tahmin edilebiliyorsa, bu h\u00fckm\u00fcn ihlalinden kaynaklanan fiili maliyetler ve fiili zararlardan hangisi daha b\u00fcy\u00fckse o tutarda tazminat \u00f6demeyi kabul edersiniz. Bu h\u00fckm\u00fc kabul etmenin Startmsg.com \/ Startmsg.com'a kat\u0131lman\u0131n bir ko\u015fulu oldu\u011funu anlad\u0131\u011f\u0131n\u0131z\u0131 ve Startmsg.com \/ Startmsg.com'a kat\u0131lman\u0131n bu kabul\u00fcn bir onay\u0131 oldu\u011funu kabul edersiniz.<\/p><p><strong>WEB SI\u0307TESI\u0307NI\u0307N I\u0307\u00c7ERI\u0307\u011eI\u0307NE I\u0307LI\u0307\u015eKI\u0307N SORUMLULUK<\/strong><br \/>Startmsg.com \/ Startmsg.com, Startmsg.com \/ Startmsg.com'da g\u00f6r\u00fcnen, ona ba\u011flanan veya ondan bahseden i\u00e7eri\u011fin do\u011frulu\u011fu konusunda herhangi bir sorumluluk kabul etmez. Ziyaret\u00e7iler, bilgileri g\u00f6r\u00fcnt\u00fcleme, okuma, kullanma veya bunlara g\u00fcvenme ile ilgili t\u00fcm riskleri \u00fcstlenir. Bizimle yaz\u0131l\u0131 bir anla\u015fman\u0131z olmad\u0131\u011f\u0131 s\u00fcrece, bu web sitesindeki bilgilerin i\u00e7eri\u011finin hi\u00e7birinin do\u011fru oldu\u011funa g\u00fcvenme hakk\u0131na sahip de\u011filsiniz. B\u00f6yle bir garanti vermiyoruz.<\/p><p><strong>BU WEB SITESI VEYA I\u00c7ERI\u011eIYLE ETKILE\u015eIMINIZLE BA\u011eLANTILI OLARAK BILGISAYARINIZDA VEYA YAZILIMINIZDA MEYDANA GELEN HERHANGI BIR HASARDAN DOLAYI SORUMLULUK<\/strong><br \/>Ziyaret\u00e7i, bilgisayar\u0131na veya yaz\u0131l\u0131m\u0131na zarar verebilecek vir\u00fcs, solucan veya di\u011fer k\u00f6t\u00fc niyetli etkenlerin t\u00fcm riskini \u00fcstlenir. Ziyaret\u00e7inin veya ziyaret\u00e7inin etkile\u015fimde bulunabilece\u011fi herhangi bir ki\u015finin bilgisayar\u0131nda veya yaz\u0131l\u0131m\u0131nda, ziyaret\u00e7inin bilgisayar\u0131na yanl\u0131\u015fl\u0131kla iletilebilecek k\u00f6t\u00fc ama\u00e7l\u0131 kod veya verilerden kaynaklanan herhangi bir hasardan sorumlu de\u011filiz. Ziyaret\u00e7inin Startmsg.com \/ Startmsg.com'u veya herhangi bir reklam\u0131, banner'\u0131 veya pop-up'\u0131 g\u00f6r\u00fcnt\u00fclemesi veya bunlarla etkile\u015fime girmesi kendi sorumlulu\u011fundad\u0131r.<\/p><p><strong>Y\u00dcKLENEN VERILER I\u00c7IN SORUMLULUK<\/strong><br \/>Ziyaret\u00e7i Startmsg.com \/ Startmsg.lt'den bilgi indirirken riski kendisine aittir. Site, indirmelerin vir\u00fcs ve solucanlar dahil ancak bunlarla s\u0131n\u0131rl\u0131 olmamak \u00fczere bozuk bilgisayar kodu i\u00e7ermedi\u011fine dair hi\u00e7bir garanti vermez.<\/p><p><strong>REDDETME<\/strong><br \/>Ziyaret\u00e7i, Startmsg.com\/Startmsg.com adresini g\u00f6r\u00fcnt\u00fcleyerek, kullanarak veya ba\u015fka bir \u015fekilde etkile\u015fimde bulunarak, reklamlar, bannerlar veya pop-up'lar dahil olmak \u00fczere ve sitenin yetkilendirilmesinin bir ko\u015fulu olarak, ciddi veya b\u00fcy\u00fck, fiziksel veya duygusal, \u00f6ng\u00f6r\u00fclebilir veya \u00f6ng\u00f6r\u00fclemez, ki\u015fisel veya ticari herhangi bir zarara yol a\u00e7abilecek herhangi bir nedensel fakt\u00f6re dayal\u0131 herhangi bir tazminat talebinden sonsuza kadar feragat eder. Bu t\u00fcr istisnalara izin vermeyen herhangi bir yasaya tabi olarak, azami sorumlulu\u011fumuz, varsa, web sitemizin veya hizmetlerimizin kullan\u0131m\u0131 i\u00e7in size \u00f6denen tutar\u0131 a\u015fmayacakt\u0131r. Ayr\u0131ca, kontrol\u00fcm\u00fcz d\u0131\u015f\u0131ndaki olaylar nedeniyle y\u00fck\u00fcml\u00fcl\u00fcklerimizi yerine getiremememizin, bunlarla s\u0131n\u0131rl\u0131 olmamak \u00fczere, do\u011fal afetler, sava\u015f, ter\u00f6rizm, ayaklanmalar, isyanlar, su\u00e7 faaliyetleri, do\u011fal afetler, ileti\u015fim veya altyap\u0131 ar\u0131zalar\u0131, i\u015fg\u00fcc\u00fc k\u0131tl\u0131\u011f\u0131 veya kesintileri (yasad\u0131\u015f\u0131 grevler dahil), malzeme k\u0131tl\u0131\u011f\u0131 ve kontrol\u00fcm\u00fcz d\u0131\u015f\u0131ndaki di\u011fer olaylar\u0131 i\u00e7erdi\u011fini kabul edersiniz.<\/p><p><strong>SORUMLULUK<\/strong><br \/>Ziyaret\u00e7i, Startmsg.com \/ Startmsg.com'un kullan\u0131m\u0131ndan kaynaklanan veya bununla ba\u011flant\u0131l\u0131 olarak bize veya \u00fc\u00e7\u00fcnc\u00fc bir tarafa zarar verirse, bizi tazmin edece\u011fini ve uygun oldu\u011fu durumlarda, herhangi bir tazminat talebine kar\u015f\u0131 bizi savunaca\u011f\u0131n\u0131 kabul eder.<\/p><p><strong>G\u00d6NDER\u0130LER<\/strong><br \/>Ziyaret\u00e7i, Ziyaret\u00e7i ile Web Sitesi aras\u0131ndaki her t\u00fcrl\u00fc ileti\u015fimin bir g\u00f6nderim olarak kabul edilece\u011fini kabul eder. \u0130\u00e7erdi\u011fi grafikler veya herhangi bir i\u00e7erik dahil olmak \u00fczere t\u00fcm G\u00f6nderimler, Sitenin m\u00fcnhas\u0131r m\u00fclkiyeti haline gelecektir ve ba\u015fka bir izin olmaks\u0131z\u0131n, ek bir tazminat olmaks\u0131z\u0131n ticari ama\u00e7larla kullan\u0131labilir. Ziyaret\u00e7i, Site'ye yaln\u0131zca Site'nin istedi\u011fi \u015fekilde kullanmas\u0131na kal\u0131c\u0131 olarak izin vermek istedi\u011fi verileri sa\u011flamay\u0131 kabul eder. \"G\u00f6nderimler\" ayn\u0131 zamanda Gizlilik Politikas\u0131n\u0131n bir h\u00fckm\u00fcd\u00fcr.<\/p><p><strong>BASIN B\u00dcLTEN\u0130<\/strong><br \/>Ziyaret\u00e7iye herhangi bir nedenle ek bildirim yap\u0131lmas\u0131na gerek yoktur ve Ziyaret\u00e7i, Web Sitesini g\u00f6r\u00fcnt\u00fclemesine veya etkile\u015fimde bulunmas\u0131na izin verilmesinin bir ko\u015fulu olarak bildirim hakk\u0131ndan feragat edildi\u011fini a\u00e7\u0131k\u00e7a kabul eder.<\/p><p><strong>GINCHAI<\/strong><br \/>Ziyaret\u00e7inin bu Siteyi g\u00f6r\u00fcnt\u00fclemesi, kullanmas\u0131 veya etkile\u015fimde bulunmas\u0131 i\u00e7in Sitenin gerektirdi\u011fi h\u00fck\u00fcm ve ko\u015fullar\u0131n bir par\u00e7as\u0131 olarak, Ziyaret\u00e7i, talep, gizlilik ve kullan\u0131m ko\u015fullar\u0131 dahil olmak \u00fczere bu sat\u0131n alma, bu \u00fcr\u00fcnden kaynaklanan veya bunlarla ilgili herhangi bir \u015fekilde (s\u00f6zle\u015fme, haks\u0131z fiil veya ba\u015fka bir \u015fekilde) herhangi bir talep, anla\u015fmazl\u0131k veya ihtilaf (\"TAHK\u0130M\") i\u00e7in ba\u011flay\u0131c\u0131 tahkim kullanmay\u0131 kabul eder. Tahkim, Litvanya Tahkim Kurallar\u0131na uygun olarak y\u00fcr\u00fct\u00fclecektir. Litvanya tahkim kurumlar\u0131 ve kurallar\u0131 hakk\u0131nda bilgi resmi web sitelerinde mevcuttur. Duru\u015fmalar Startmsg.com \/ Startmsg.lt sahibinin bulundu\u011fu \u015fehir veya il\u00e7enin topraklar\u0131nda ger\u00e7ekle\u015fecektir. Hi\u00e7bir Ziyaret\u00e7i, \u00fcye, abone veya m\u00fc\u015fteri mahkemeye ba\u015fvurma veya yasal i\u015flem yapma hakk\u0131na sahip olmayacakt\u0131r. Hi\u00e7bir Ziyaret\u00e7i, \u00fcye, abone veya m\u00fc\u015fteri, Kurallarda belirtilenler haricinde, herhangi bir yarg\u0131lama \u00f6ncesi soru\u015fturmaya kat\u0131lma hakk\u0131na sahip olmayacakt\u0131r; tahkime tabi herhangi bir taleple ba\u011flant\u0131l\u0131 olarak temsilci veya s\u0131n\u0131f \u00fcyesi olarak kat\u0131lma hakk\u0131na sahip olmayacakt\u0131r; hakemin karar\u0131, s\u0131n\u0131rl\u0131 temyiz haklar\u0131 ile nihai ve ba\u011flay\u0131c\u0131 olacakt\u0131r. Destekleyen Taraf, avukatl\u0131k \u00fccretleri, tahsilat \u00fccretleri, soru\u015fturma \u00fccretleri, seyahat masraflar\u0131 da dahil olmak \u00fczere tahkimle ba\u011flant\u0131l\u0131 olarak ortaya \u00e7\u0131kan her t\u00fcrl\u00fc masraf ve gider i\u00e7in di\u011fer Taraftan geri \u00f6deme alma hakk\u0131na sahip olacakt\u0131r.<\/p><p><strong>YARGI YETKI\u0307SI\u0307 VE YERI\u0307<\/strong><br \/>Bu sat\u0131n alma ile ilgili herhangi bir konunun tahkimden \u00f6nce veya sonra bir mahkemeye ta\u015f\u0131nmas\u0131 durumunda, Ziyaret\u00e7i, ziyaret\u00e7i, \u00fcye, abone veya m\u00fc\u015fteri, aksi belirtilmedik\u00e7e, tek ve uygun yarg\u0131 yetkisinin web sitesi sahibinin ileti\u015fim bilgilerinde belirtildi\u011fi \u015fekilde olaca\u011f\u0131n\u0131 kabul eder. Anla\u015fmazl\u0131k federal mahkemede devam ediyorsa, uygun yer Startmsg.com\/Startmsg.com sahibinin adresinin yak\u0131n\u0131nda bulunan en yak\u0131n federal mahkeme olacakt\u0131r.<\/p>\t\t\t\t\t\t\t\t<\/div>\n\t\t\t\t<\/div>\n\t\t\t\t\t<\/div>\n\t\t\t\t<\/div>\n\t\t\t\t<\/div>","protected":false},"excerpt":{"rendered":"<p>PRISIJUNGDAMI AR NAUDODAMIESI Startmsg.com \/ Startmsg.lt, J\u016aS PATVIRTINATE, KAD TURITE PILN\u0104 \u012eGALIOJIM\u0104 VEIKTI, KAD SUREMTUM\u0116TE SAVE, BET KUR\u012e TRE\u010cI\u0104J\u012e ASMEN\u012e, \u012eMON\u0118 ARBA [&hellip;]<\/p>","protected":false},"author":1,"featured_media":0,"parent":0,"menu_order":0,"comment_status":"closed","ping_status":"closed","template":"","meta":{"footnotes":""},"class_list":["post-1078","page","type-page","status-publish","hentry"],"yoast_head":"<!-- This site is optimized with the Yoast SEO Premium plugin v23.8 (Yoast SEO v26.4) - https:\/\/yoast.com\/wordpress\/plugins\/seo\/ -->\n<title>Taisykl\u0117s ir s\u0105lygos - startmsg.lt<\/title>\n<meta name=\"robots\" content=\"index, follow, max-snippet:-1, max-image-preview:large, max-video-preview:-1\" \/>\n<link rel=\"canonical\" href=\"https:\/\/startmsg.lt\/tr\/sartlar-ve-kosullar\/\" \/>\n<meta property=\"og:locale\" content=\"tr_TR\" \/>\n<meta property=\"og:type\" content=\"article\" \/>\n<meta property=\"og:title\" content=\"Taisykl\u0117s ir s\u0105lygos\" \/>\n<meta property=\"og:description\" content=\"PRISIJUNGDAMI AR NAUDODAMIESI Startmsg.com \/ Startmsg.lt, J\u016aS PATVIRTINATE, KAD TURITE PILN\u0104 \u012eGALIOJIM\u0104 VEIKTI, KAD SUREMTUM\u0116TE SAVE, BET KUR\u012e TRE\u010cI\u0104J\u012e ASMEN\u012e, \u012eMON\u0118 ARBA [&hellip;]\" \/>\n<meta property=\"og:url\" content=\"https:\/\/startmsg.lt\/tr\/sartlar-ve-kosullar\/\" \/>\n<meta property=\"og:site_name\" content=\"startmsg.lt\" \/>\n<meta property=\"article:publisher\" content=\"https:\/\/facebook.com\/chatbotas\" \/>\n<meta property=\"article:modified_time\" content=\"2025-06-01T21:31:13+00:00\" \/>\n<meta name=\"twitter:card\" content=\"summary_large_image\" \/>\n<meta name=\"twitter:label1\" content=\"Tahmini okuma s\u00fcresi\" \/>\n\t<meta name=\"twitter:data1\" content=\"8 dakika\" \/>\n<script type=\"application\/ld+json\" class=\"yoast-schema-graph\">{\"@context\":\"https:\/\/schema.org\",\"@graph\":[{\"@type\":\"WebPage\",\"@id\":\"https:\/\/startmsg.lt\/taisykles-ir-salygos\/\",\"url\":\"https:\/\/startmsg.lt\/taisykles-ir-salygos\/\",\"name\":\"Taisykl\u0117s ir s\u0105lygos - startmsg.lt\",\"isPartOf\":{\"@id\":\"https:\/\/startmsg.lt\/#website\"},\"datePublished\":\"2024-10-12T22:41:56+00:00\",\"dateModified\":\"2025-06-01T21:31:13+00:00\",\"breadcrumb\":{\"@id\":\"https:\/\/startmsg.lt\/taisykles-ir-salygos\/#breadcrumb\"},\"inLanguage\":\"tr\",\"potentialAction\":[{\"@type\":\"ReadAction\",\"target\":[\"https:\/\/startmsg.lt\/taisykles-ir-salygos\/\"]}]},{\"@type\":\"BreadcrumbList\",\"@id\":\"https:\/\/startmsg.lt\/taisykles-ir-salygos\/#breadcrumb\",\"itemListElement\":[{\"@type\":\"ListItem\",\"position\":1,\"name\":\"Home\",\"item\":\"https:\/\/startmsg.lt\/\"},{\"@type\":\"ListItem\",\"position\":2,\"name\":\"Taisykl\u0117s ir s\u0105lygos\"}]},{\"@type\":\"WebSite\",\"@id\":\"https:\/\/startmsg.lt\/#website\",\"url\":\"https:\/\/startmsg.lt\/\",\"name\":\"startmsg.lt\",\"description\":\"\",\"publisher\":{\"@id\":\"https:\/\/startmsg.lt\/#organization\"},\"potentialAction\":[{\"@type\":\"SearchAction\",\"target\":{\"@type\":\"EntryPoint\",\"urlTemplate\":\"https:\/\/startmsg.lt\/?s={search_term_string}\"},\"query-input\":{\"@type\":\"PropertyValueSpecification\",\"valueRequired\":true,\"valueName\":\"search_term_string\"}}],\"inLanguage\":\"tr\"},{\"@type\":\"Organization\",\"@id\":\"https:\/\/startmsg.lt\/#organization\",\"name\":\"startmsg.lt\",\"url\":\"https:\/\/startmsg.lt\/\",\"logo\":{\"@type\":\"ImageObject\",\"inLanguage\":\"tr\",\"@id\":\"https:\/\/startmsg.lt\/#\/schema\/logo\/image\/\",\"url\":\"https:\/\/startmsg.lt\/wp-content\/uploads\/2024\/01\/favicon.png\",\"contentUrl\":\"https:\/\/startmsg.lt\/wp-content\/uploads\/2024\/01\/favicon.png\",\"width\":196,\"height\":196,\"caption\":\"startmsg.lt\"},\"image\":{\"@id\":\"https:\/\/startmsg.lt\/#\/schema\/logo\/image\/\"},\"sameAs\":[\"https:\/\/facebook.com\/chatbotas\",\"https:\/\/www.instagram.com\/chatbotas\"]}]}<\/script>\n<!-- \/ Yoast SEO Premium plugin. -->","yoast_head_json":{"title":"\u015eartlar ve Ko\u015fullar - startmsg.lt","robots":{"index":"index","follow":"follow","max-snippet":"max-snippet:-1","max-image-preview":"max-image-preview:large","max-video-preview":"max-video-preview:-1"},"canonical":"https:\/\/startmsg.lt\/tr\/sartlar-ve-kosullar\/","og_locale":"tr_TR","og_type":"article","og_title":"Taisykl\u0117s ir s\u0105lygos","og_description":"PRISIJUNGDAMI AR NAUDODAMIESI Startmsg.com \/ Startmsg.lt, J\u016aS PATVIRTINATE, KAD TURITE PILN\u0104 \u012eGALIOJIM\u0104 VEIKTI, KAD SUREMTUM\u0116TE SAVE, BET KUR\u012e TRE\u010cI\u0104J\u012e ASMEN\u012e, \u012eMON\u0118 ARBA [&hellip;]","og_url":"https:\/\/startmsg.lt\/tr\/sartlar-ve-kosullar\/","og_site_name":"startmsg.lt","article_publisher":"https:\/\/facebook.com\/chatbotas","article_modified_time":"2025-06-01T21:31:13+00:00","twitter_card":"summary_large_image","twitter_misc":{"Tahmini okuma s\u00fcresi":"8 dakika"},"schema":{"@context":"https:\/\/schema.org","@graph":[{"@type":"WebPage","@id":"https:\/\/startmsg.lt\/taisykles-ir-salygos\/","url":"https:\/\/startmsg.lt\/taisykles-ir-salygos\/","name":"\u015eartlar ve Ko\u015fullar - startmsg.lt","isPartOf":{"@id":"https:\/\/startmsg.lt\/#website"},"datePublished":"2024-10-12T22:41:56+00:00","dateModified":"2025-06-01T21:31:13+00:00","breadcrumb":{"@id":"https:\/\/startmsg.lt\/taisykles-ir-salygos\/#breadcrumb"},"inLanguage":"tr","potentialAction":[{"@type":"ReadAction","target":["https:\/\/startmsg.lt\/taisykles-ir-salygos\/"]}]},{"@type":"BreadcrumbList","@id":"https:\/\/startmsg.lt\/taisykles-ir-salygos\/#breadcrumb","itemListElement":[{"@type":"ListItem","position":1,"name":"Home","item":"https:\/\/startmsg.lt\/"},{"@type":"ListItem","position":2,"name":"Taisykl\u0117s ir s\u0105lygos"}]},{"@type":"WebSite","@id":"https:\/\/startmsg.lt\/#website","url":"https:\/\/startmsg.lt\/","name":"startmsg.lt","description":"","publisher":{"@id":"https:\/\/startmsg.lt\/#organization"},"potentialAction":[{"@type":"SearchAction","target":{"@type":"EntryPoint","urlTemplate":"https:\/\/startmsg.lt\/?s={search_term_string}"},"query-input":{"@type":"PropertyValueSpecification","valueRequired":true,"valueName":"search_term_string"}}],"inLanguage":"tr"},{"@type":"Organization","@id":"https:\/\/startmsg.lt\/#organization","name":"startmsg.lt","url":"https:\/\/startmsg.lt\/","logo":{"@type":"ImageObject","inLanguage":"tr","@id":"https:\/\/startmsg.lt\/#\/schema\/logo\/image\/","url":"https:\/\/startmsg.lt\/wp-content\/uploads\/2024\/01\/favicon.png","contentUrl":"https:\/\/startmsg.lt\/wp-content\/uploads\/2024\/01\/favicon.png","width":196,"height":196,"caption":"startmsg.lt"},"image":{"@id":"https:\/\/startmsg.lt\/#\/schema\/logo\/image\/"},"sameAs":["https:\/\/facebook.com\/chatbotas","https:\/\/www.instagram.com\/chatbotas"]}]}},"_links":{"self":[{"href":"https:\/\/startmsg.lt\/tr\/wp-json\/wp\/v2\/pages\/1078","targetHints":{"allow":["GET"]}}],"collection":[{"href":"https:\/\/startmsg.lt\/tr\/wp-json\/wp\/v2\/pages"}],"about":[{"href":"https:\/\/startmsg.lt\/tr\/wp-json\/wp\/v2\/types\/page"}],"author":[{"embeddable":true,"href":"https:\/\/startmsg.lt\/tr\/wp-json\/wp\/v2\/users\/1"}],"replies":[{"embeddable":true,"href":"https:\/\/startmsg.lt\/tr\/wp-json\/wp\/v2\/comments?post=1078"}],"version-history":[{"count":7,"href":"https:\/\/startmsg.lt\/tr\/wp-json\/wp\/v2\/pages\/1078\/revisions"}],"predecessor-version":[{"id":2436,"href":"https:\/\/startmsg.lt\/tr\/wp-json\/wp\/v2\/pages\/1078\/revisions\/2436"}],"wp:attachment":[{"href":"https:\/\/startmsg.lt\/tr\/wp-json\/wp\/v2\/media?parent=1078"}],"curies":[{"name":"wp","href":"https:\/\/api.w.org\/{rel}","templated":true}]}}