{"id":1072,"date":"2024-10-12T22:30:05","date_gmt":"2024-10-12T22:30:05","guid":{"rendered":"https:\/\/startmsg.lt\/?page_id=1072"},"modified":"2025-06-01T21:30:13","modified_gmt":"2025-06-01T21:30:13","slug":"bdar","status":"publish","type":"page","link":"https:\/\/startmsg.lt\/tr\/bdar\/","title":{"rendered":"GDPR"},"content":{"rendered":"<div data-elementor-type=\"wp-page\" data-elementor-id=\"1072\" class=\"elementor elementor-1072\" data-elementor-settings=\"{&quot;element_pack_global_tooltip_width&quot;:{&quot;unit&quot;:&quot;px&quot;,&quot;size&quot;:&quot;&quot;,&quot;sizes&quot;:[]},&quot;element_pack_global_tooltip_width_tablet&quot;:{&quot;unit&quot;:&quot;px&quot;,&quot;size&quot;:&quot;&quot;,&quot;sizes&quot;:[]},&quot;element_pack_global_tooltip_width_mobile&quot;:{&quot;unit&quot;:&quot;px&quot;,&quot;size&quot;:&quot;&quot;,&quot;sizes&quot;:[]},&quot;element_pack_global_tooltip_padding&quot;:{&quot;unit&quot;:&quot;px&quot;,&quot;top&quot;:&quot;&quot;,&quot;right&quot;:&quot;&quot;,&quot;bottom&quot;:&quot;&quot;,&quot;left&quot;:&quot;&quot;,&quot;isLinked&quot;:true},&quot;element_pack_global_tooltip_padding_tablet&quot;:{&quot;unit&quot;:&quot;px&quot;,&quot;top&quot;:&quot;&quot;,&quot;right&quot;:&quot;&quot;,&quot;bottom&quot;:&quot;&quot;,&quot;left&quot;:&quot;&quot;,&quot;isLinked&quot;:true},&quot;element_pack_global_tooltip_padding_mobile&quot;:{&quot;unit&quot;:&quot;px&quot;,&quot;top&quot;:&quot;&quot;,&quot;right&quot;:&quot;&quot;,&quot;bottom&quot;:&quot;&quot;,&quot;left&quot;:&quot;&quot;,&quot;isLinked&quot;:true},&quot;element_pack_global_tooltip_border_radius&quot;:{&quot;unit&quot;:&quot;px&quot;,&quot;top&quot;:&quot;&quot;,&quot;right&quot;:&quot;&quot;,&quot;bottom&quot;:&quot;&quot;,&quot;left&quot;:&quot;&quot;,&quot;isLinked&quot;:true},&quot;element_pack_global_tooltip_border_radius_tablet&quot;:{&quot;unit&quot;:&quot;px&quot;,&quot;top&quot;:&quot;&quot;,&quot;right&quot;:&quot;&quot;,&quot;bottom&quot;:&quot;&quot;,&quot;left&quot;:&quot;&quot;,&quot;isLinked&quot;:true},&quot;element_pack_global_tooltip_border_radius_mobile&quot;:{&quot;unit&quot;:&quot;px&quot;,&quot;top&quot;:&quot;&quot;,&quot;right&quot;:&quot;&quot;,&quot;bottom&quot;:&quot;&quot;,&quot;left&quot;:&quot;&quot;,&quot;isLinked&quot;:true}}\">\n\t\t\t\t<div class=\"elementor-element elementor-element-f2aa005 e-flex e-con-boxed e-con e-parent\" data-id=\"f2aa005\" data-element_type=\"container\">\n\t\t\t\t\t<div class=\"e-con-inner\">\n\t\t\t\t<div class=\"elementor-element elementor-element-fd9e34f elementor-widget elementor-widget-spacer\" data-id=\"fd9e34f\" data-element_type=\"widget\" data-widget_type=\"spacer.default\">\n\t\t\t\t<div class=\"elementor-widget-container\">\n\t\t\t\t\t\t\t<div class=\"elementor-spacer\">\n\t\t\t<div class=\"elementor-spacer-inner\"><\/div>\n\t\t<\/div>\n\t\t\t\t\t\t<\/div>\n\t\t\t\t<\/div>\n\t\t\t\t<div class=\"elementor-element elementor-element-879cba3 elementor-widget elementor-widget-text-editor\" data-id=\"879cba3\" data-element_type=\"widget\" data-widget_type=\"text-editor.default\">\n\t\t\t\t<div class=\"elementor-widget-container\">\n\t\t\t\t\t\t\t\t\t<h3>GDPR nedir?<\/h3><p>GDPR, Genel Veri Koruma Y\u00f6netmeli\u011fidir (GDPR). Kullan\u0131c\u0131lar\u0131n ki\u015fisel verilerini korumak i\u00e7in AB taraf\u0131ndan getirilen yeni bir yasad\u0131r. Bu yasa, veri g\u00fcvenli\u011finin \u00e7e\u015fitli y\u00f6nlerini kapsamaktad\u0131r. Burada, verilerinizi nas\u0131l korudu\u011fumuz, sorumluluklar\u0131m\u0131z\u0131n neler oldu\u011fu ve sizin sorumluluklar\u0131n\u0131z\u0131n neler oldu\u011fu konusunda rehberlik sa\u011fl\u0131yoruz. Uygulamam\u0131z\u0131 kullanmak isteyip istemedi\u011finize karar vermek i\u00e7in t\u00fcm belgelerimizi veya GDPR ile ilgili di\u011fer makaleleri okuman\u0131z\u0131 \u015fiddetle tavsiye ederiz. Sizin veya \u00fc\u00e7\u00fcnc\u00fc taraflar\u0131n veri koruma konusundaki eksikliklerinden veya hatalar\u0131ndan sorumlu de\u011filiz. L\u00fctfen belgeleri okumak i\u00e7in zaman ay\u0131r\u0131n ve g\u00fcvende kalmak i\u00e7in mant\u0131kl\u0131 davran\u0131n.<\/p><h3>Ki\u015fisel veri tan\u0131m\u0131:<\/h3><p>Bir bireye ait olan her t\u00fcrl\u00fc veri onun ki\u015fisel verisidir. Bir ki\u015finin ad\u0131, resmi, e-posta adresi, fiziksel adresi, sosyal medya payla\u015f\u0131m\u0131, konumu, bilgisayar IP adresi vb. olabilir. Ki\u015fisel verinin sahibi, verinin tek yasal taraf\u0131d\u0131r. Bu, verilerin nerede ve nas\u0131l sakland\u0131\u011f\u0131na bak\u0131lmaks\u0131z\u0131n bireye ait oldu\u011fu anlam\u0131na gelir. Veri toplay\u0131c\u0131 veya kullan\u0131c\u0131 (\u00f6rne\u011fin Facebook, YouTube), kullan\u0131c\u0131n\u0131n a\u00e7\u0131k veya z\u0131mni r\u0131zas\u0131 olmadan ki\u015fisel verileri g\u00f6r\u00fcnt\u00fcleyemez, saklayamaz veya payla\u015famaz. Kullan\u0131c\u0131, verilerinin belirli faaliyetler (veri depolama, g\u00f6r\u00fcnt\u00fcleme vb.) i\u00e7in kullan\u0131lmas\u0131na izin verirse, uygulaman\u0131n y\u00f6neticisi bunu kullanabilir.<\/p><p>Varsay\u0131msal bir durum d\u00fc\u015f\u00fcn\u00fcn: sosyal a\u011flarda bir g\u00f6nderi yay\u0131nl\u0131yorsunuz. Bu durumda, g\u00f6nderinin herkese a\u00e7\u0131k veya \u00f6zel ki\u015filerinize g\u00f6sterilmesine dolayl\u0131 olarak izin vermi\u015f olursunuz. Uygulaman\u0131n y\u00f6neticisi, ki\u015fileriniz taraf\u0131ndan b\u0131rak\u0131labilecek sald\u0131rgan yorumlardan sorumlu de\u011fildir. Bu, bilgilerinizi herkese a\u00e7\u0131k hale getirdiyseniz, bunun sizin sorumlulu\u011funuzda oldu\u011fu anlam\u0131na gelir. Ancak, verilerin \u00fc\u00e7\u00fcnc\u00fc taraflarla payla\u015f\u0131lmas\u0131ndan Program Y\u00f6neticisi sorumludur. Herhangi bir veri payla\u015f\u0131lacaksa, bu \u00f6nceden a\u00e7\u0131k\u00e7a belirtilmelidir. B\u00f6ylece veri y\u00fckleme ve g\u00f6r\u00fcnt\u00fclemenin hem program y\u00f6neticisine hem de kullan\u0131c\u0131ya ba\u011fl\u0131 oldu\u011funu g\u00f6rebiliriz. Belgeler boyunca daha fazla ayr\u0131nt\u0131 verilmektedir.<\/p><h3>Geli\u015ftirici sorumlulu\u011fu:<\/h3><p>Arka u\u00e7ta kullan\u0131c\u0131n\u0131n ki\u015fisel verilerini korumak geli\u015ftiricinin sorumlulu\u011fundad\u0131r. Geli\u015ftirici, kullan\u0131c\u0131 verilerinin (isim, telefon numaras\u0131, e-posta vb.) ve di\u011fer bilgilerin (\u00f6rne\u011fin, kullan\u0131c\u0131n\u0131n uygulama ile etkile\u015fiminin g\u00fcnl\u00fckleri) veritaban\u0131nda ve sunucuda nas\u0131l sakland\u0131\u011f\u0131ndan sorumludur. Do\u011frudan verilerin (isim, e-posta, vb.) ve dolayl\u0131 verilerin (taray\u0131c\u0131 ad\u0131, bilgisayar IP'si, vb.) veritaban\u0131nda ve sunucuda nas\u0131l sakland\u0131\u011f\u0131n\u0131 ayr\u0131nt\u0131l\u0131 olarak a\u00e7\u0131klayaca\u011f\u0131z. Herhangi bir veri sunucuya y\u00fcklendikten sonra, g\u00fcvenli\u011fi sunucunun g\u00fcvenli\u011fine ve bazen de uygulaman\u0131n y\u00f6neticisine ba\u011fl\u0131d\u0131r.<\/p><p>Kullan\u0131c\u0131, t\u00fcm ge\u00e7ici (\u00e7erezler ve oturumlar) ve kal\u0131c\u0131 (bir veritaban\u0131nda saklanan veriler) veri depolama y\u00f6ntemleri hakk\u0131nda bilgilendirilecektir. Kullan\u0131c\u0131ya, hesab\u0131n\u0131 sildikten veya hizmeti sonland\u0131rd\u0131ktan sonra t\u00fcm ki\u015fisel verilerini silme f\u0131rsat\u0131 verilecektir. Kullan\u0131c\u0131n\u0131n faaliyetlerinin kay\u0131tlar\u0131n\u0131 tutmad\u0131\u011f\u0131m\u0131z\u0131 ve kullan\u0131c\u0131n\u0131n verilerini \u00e7\u0131karmak i\u00e7in herhangi bir gizli arac\u0131m\u0131z olmad\u0131\u011f\u0131n\u0131 garanti ederiz. Zaman zaman, bir uygulaman\u0131n y\u00f6neticisi geli\u015ftiriciye cPanel'e ve di\u011fer kimlik bilgilerine eri\u015fim izni vererek, geli\u015ftiricinin uygulamay\u0131 ba\u015flatmadan \u00f6nce k\u0131sa bir s\u00fcre i\u00e7in bak\u0131m\u0131n\u0131 yapmas\u0131n\u0131 ve y\u00f6netmesini sa\u011flayabilir. \u0130\u015f tamamland\u0131\u011f\u0131nda y\u00f6neticinin bu kimlik bilgilerini de\u011fi\u015ftirmesini \u00f6nemle tavsiye ederiz. Geli\u015ftirici, bu kimlik bilgilerinin s\u0131zd\u0131r\u0131lmas\u0131ndan sorumlu de\u011fildir. Geli\u015ftirici, programdaki herhangi bir kas\u0131ts\u0131z g\u00fcvenlik ihlalinden de sorumlu de\u011fildir. Sonu\u00e7ta, internette payla\u015f\u0131lan verilerin her zaman s\u0131z\u0131nt\u0131 riski vard\u0131r. Bu nedenle, sizi veya ba\u015fka bir ki\u015fiyi tehlikeye atabilecek herhangi bir veriyi payla\u015fmaman\u0131z\u0131 \u015fiddetle tavsiye ederiz.<\/p><h3>Program Y\u00f6neticisinin Sorumluluklar\u0131<\/h3><p>Uygulaman\u0131n y\u00f6neticisi, kullan\u0131c\u0131n\u0131n ki\u015fisel verilerine s\u0131n\u0131rs\u0131z eri\u015fime sahiptir. Y\u00f6netici, veritaban\u0131nda ve sunucuda depolanan verileri g\u00f6r\u00fcnt\u00fcleyebilir ve kopyalayabilir. Y\u00f6netici, kullan\u0131c\u0131n\u0131n ki\u015fisel verilerini \u00fc\u00e7\u00fcnc\u00fc taraflarla payla\u015fabilir. Kullan\u0131c\u0131n\u0131n verilerinin nas\u0131l kullan\u0131laca\u011f\u0131, kullan\u0131c\u0131 kay\u0131t olmadan \u00f6nce a\u00e7\u0131k\u00e7a a\u00e7\u0131klanmal\u0131d\u0131r. Y\u00f6netici, kimsenin a\u00e7\u0131k\u00e7a veya anket veya form doldurma kisvesi alt\u0131nda veri toplamas\u0131na izin vermemelidir. Uygulaman\u0131n y\u00f6neticisi en fazla ayr\u0131cal\u0131\u011fa sahiptir ve bu nedenle kullan\u0131c\u0131lar\u0131n ki\u015fisel verilerinin korunmas\u0131 konusunda en b\u00fcy\u00fck sorumlulu\u011fa sahiptir.<\/p><h3>Kullan\u0131c\u0131 sorumlulu\u011fu:<\/h3><p>Her \u015fey kullan\u0131c\u0131ya ba\u011fl\u0131d\u0131r. Kullan\u0131c\u0131 verileri sa\u011flamazsa, veri s\u0131z\u0131nt\u0131s\u0131 olmayacakt\u0131r, ancak bu bir se\u00e7enek de\u011fildir. Kimlik bilgilerini g\u00fcvende tutmak tamamen kullan\u0131c\u0131n\u0131n sorumlulu\u011fundad\u0131r. Parola ve kullan\u0131c\u0131 ad\u0131 veritaban\u0131nda \u015fifrelenebilir, ancak \u00e7ok tahmin edilebilir bir parola, bir bilgisayar korsan\u0131n\u0131n kullan\u0131c\u0131n\u0131n hesab\u0131na kolayca eri\u015fmesine izin verebilir. Herhangi bir \u015f\u00fcpheli faaliyet fark ederseniz veya \u015fifrelerinizi ba\u015fkalar\u0131yla payla\u015fmak zorunda kald\u0131ysan\u0131z bilgilerinizi de\u011fi\u015ftirin. Bilgilerinizi vermeden \u00f6nce daima d\u00fc\u015f\u00fcn\u00fcn.<\/p><p><strong>GDPR ile ilgili eylemimiz:<\/strong><\/p><ol><li><strong>M\u00fcmk\u00fcn oldu\u011funca az veri toplanmas\u0131:<\/strong> Yaln\u0131zca en gerekli verileri topluyoruz ve kullan\u0131c\u0131ya belirli verilerin neden gerekli oldu\u011funu a\u00e7\u0131kl\u0131yoruz.<\/li><li><strong>HTTPS kullanma:<\/strong> Uygulama boyunca \u015fifreli ileti\u015fim sa\u011flayarak verilerinizi dinlenmeye kar\u015f\u0131 koruyoruz.<\/li><li><strong>Oturumu ve \u00e7erezleri temizleme:<\/strong> Ba\u011flant\u0131y\u0131 kestikten sonra t\u00fcm oturumlar\u0131 ve \u00e7erezleri siliyoruz.<\/li><li><strong>Kullan\u0131c\u0131 faaliyetlerini ticari ama\u00e7larla izlememek:<\/strong> Kullan\u0131c\u0131lara hedefli reklam veya ticari teklifler sunmak i\u00e7in kullan\u0131c\u0131lar\u0131n faaliyetlerini takip etmiyoruz.<\/li><li><strong>Kullan\u0131c\u0131n\u0131n bilgisayar\u0131n IP ve konum verilerinin saklanmas\u0131 hakk\u0131nda bilgilendirilmesi:<\/strong> Bir bilgisayar\u0131n IP'si veya konumu ile ilgili olarak saklanan g\u00fcnl\u00fckler hakk\u0131nda kullan\u0131c\u0131lar\u0131 a\u00e7\u0131k\u00e7a bilgilendiririz.<\/li><li><strong>A\u00e7\u0131k h\u00fck\u00fcm ve ko\u015fullar ve gizlilik politikas\u0131:<\/strong> GDPR'nin gereklilikleri ve verilerin kullan\u0131m ko\u015fullar\u0131 hakk\u0131nda \u015feffaf kurallar sa\u011fl\u0131yoruz.<\/li><li><strong>\u00dc\u00e7\u00fcnc\u00fc taraf kat\u0131l\u0131m\u0131n\u0131n bilgilendirilmesi:<\/strong> Kullan\u0131c\u0131lar, verilerinin \u00fc\u00e7\u00fcnc\u00fc taraflarla payla\u015f\u0131lmas\u0131 konusunda bilgilendirilecektir.<\/li><li><strong>Veri s\u0131z\u0131nt\u0131s\u0131na ili\u015fkin politika:<\/strong> Herhangi bir veri s\u0131z\u0131nt\u0131s\u0131n\u0131 nas\u0131l ele alaca\u011f\u0131m\u0131z konusunda net kurallar\u0131m\u0131z var.<\/li><li><strong>Veri silme:<\/strong> Kullan\u0131c\u0131lar, hesaplar\u0131n\u0131 sildikten veya bir hizmeti iptal ettikten sonra verilerini kal\u0131c\u0131 olarak silme se\u00e7ene\u011fine sahiptir.<\/li><li><strong>Yaz\u0131l\u0131m g\u00fcvenlik g\u00fcncellemeleri:<\/strong> Yaz\u0131l\u0131m\u0131n g\u00fcvenlik a\u00e7\u0131klar\u0131na kar\u015f\u0131 g\u00fcvenli olmas\u0131n\u0131 sa\u011flamak i\u00e7in gerekli t\u00fcm yamalar\u0131 uyguluyoruz.<\/li><\/ol><p><strong>GDPR i\u015flevleri desteklenmektedir:<\/strong><\/p><ol><li><p><strong>\"Adios, App\" (En iyi dileklerimle, App):<\/strong> Bir kullan\u0131c\u0131 aboneli\u011fini iptal etti\u011finde veya hesab\u0131n\u0131 sildi\u011finde, ona hesapla ilgili t\u00fcm verileri silme f\u0131rsat\u0131 veririz. Bu i\u015flem geri d\u00f6nd\u00fcr\u00fclemez - veriler silinirse, hem veritaban\u0131ndan hem de sunucudan kal\u0131c\u0131 olarak kald\u0131r\u0131lacakt\u0131r. Kullan\u0131c\u0131, geri d\u00f6nmeyi planl\u0131yorsa, silme i\u015fleminden \u00f6nce bir yedekleme yapabilir.<\/p><\/li><li><p><strong>Gizlilik benim hakk\u0131m:<\/strong> Veritaban\u0131nda saklanan ki\u015fisel verilerinizin \u00e7o\u011funu \u015fifreliyoruz. Bir veri s\u0131z\u0131nt\u0131s\u0131 meydana gelirse, bilgisayar korsan\u0131 ki\u015fisel bilgilerinizi a\u00e7\u0131k bir bi\u00e7imde de\u011fil, yaln\u0131zca \u015fifrelenmi\u015f verileri al\u0131r. Baz\u0131 veriler \u015fifrelenemez (\u00f6rne\u011fin kullan\u0131c\u0131 ad\u0131) \u00e7\u00fcnk\u00fc hesab\u0131n\u0131za giri\u015f yapt\u0131\u011f\u0131n\u0131zda g\u00f6r\u00fcnt\u00fclenmesi gerekir. Ancak, m\u00fcmk\u00fcn oldu\u011funca \u00e7ok ki\u015fisel bilgiyi maskeliyoruz.<\/p><\/li><li><p><strong>\u00c7erezler ve oturum depolama olmadan:<\/strong> Size \u00e7erezleri ve oturumlar\u0131 kaydetmek isteyip istemedi\u011finizi se\u00e7me se\u00e7ene\u011fi sunuyoruz. Bunlar\u0131 saklamay\u0131 se\u00e7seniz bile, \u00e7\u0131k\u0131\u015f yapt\u0131ktan sonra \u00e7erezler ve oturumlar silinecektir. Giri\u015f bilgilerinizi taray\u0131c\u0131n\u0131za kaydetmemenizi \u015fiddetle tavsiye ederiz. \u015eifrenizi hat\u0131rlaman\u0131z veya \u015fifre y\u00f6netimi i\u00e7in LastPass gibi ara\u00e7lar\u0131 kullanman\u0131z daha iyidir.<\/p><\/li><li><p><strong>\u0130zlerin yok edilmesi:<\/strong> Faaliyetlerinizi ticari ama\u00e7larla izlemiyoruz veya takip etmiyoruz. Yaln\u0131zca g\u00fcvenlik amac\u0131yla giri\u015f saatinizi veya IP adresinizi saklayabiliriz. Hesab\u0131n\u0131z\u0131 sildi\u011finizde, t\u00fcm verileriniz sunucudan tamamen silinecektir.<\/p><\/li><li><p><strong>Sosyal m\u00fchendislik k\u00f6t\u00fcd\u00fcr:<\/strong> Uygulama \u00fczerindeki hi\u00e7bir ki\u015fisel etkinli\u011finizi kaydetmiyoruz. Bu verileri kaydetmek, analiz etmek ve bu verilere dayanarak bir \u00fcr\u00fcn satmaya veya bir kullan\u0131c\u0131y\u0131 motive etmeye \u00e7al\u0131\u015fmak etik olmayan bir uygulamad\u0131r. Biz yapm\u0131yoruz.<\/p><\/li><li><p><strong>Bana haber ver:<\/strong> Hesab\u0131n\u0131zla ilgili t\u00fcm i\u015flemlerin (hesap olu\u015fturma, \u015fifre de\u011fi\u015fikli\u011fi) bildirimlerini e-posta ile al\u0131n. Ola\u011fand\u0131\u015f\u0131 bir i\u015flem fark ederseniz kimlik bilgilerinizi de\u011fi\u015ftirmenizi \u00f6neririz.<\/p><\/li><li><p><strong>Politika g\u00fcncellemelerinin bildirilmesi:<\/strong> Gizlilik politikas\u0131 veya feragatnamede yap\u0131lan g\u00fcncellemeler size bildirilecektir. L\u00fctfen bu konudaki e-postalar\u0131n\u0131z\u0131 okuyun ve nas\u0131l ilerleyece\u011finize karar verin. L\u00fctfen bu konular hakk\u0131nda bizimle ileti\u015fime ge\u00e7mekten \u00e7ekinmeyin.<\/p><\/li><li><p><strong>Sorunsuz bir \u015fekilde kat\u0131l\u0131n:<\/strong> Her yerde HTTPS uygulad\u0131\u011f\u0131m\u0131z i\u00e7in verilerin ele ge\u00e7irilmesi imkans\u0131zd\u0131r. Birisi bunu yapmay\u0131 ba\u015farsa bile, bilgisayar korsan\u0131 yaln\u0131zca \u015fifrelenmi\u015f verileri al\u0131r. B\u00f6ylece uygulamam\u0131z\u0131 g\u00fcvenle kullanabilirsiniz.<\/p><\/li><li><p><strong>Kullan\u0131c\u0131 verilerini saklam\u0131yoruz:<\/strong> Herhangi bir kullan\u0131c\u0131 verisi depolam\u0131yoruz. Veri toplayan hi\u00e7bir gizli se\u00e7enek yoktur. Uygulama sunucuya y\u00fcklendikten sonra, y\u00f6netici \u015fifresi olmadan ona eri\u015femeyiz. Bu y\u00fczden gizli veri s\u0131z\u0131nt\u0131lar\u0131 konusunda endi\u015felenmeyin.<\/p><\/li><li><p><strong>Veri s\u0131z\u0131nt\u0131s\u0131 politikas\u0131:<\/strong> Veritaban\u0131n\u0131zdaki verilerinizi korumak i\u00e7in t\u00fcm g\u00fcvenlik \u00f6nlemlerini ald\u0131k (veri \u015fifreleme, MySQL, SQL enjeksiyonu \u00f6nleme, girdi do\u011frulama, vb.) Zay\u0131f veya a\u015f\u0131r\u0131 tahmin edilebilir parolalar verilerinizin g\u00fcvenli\u011fini tehlikeye atabilir ve bu nedenle sizin sorumlulu\u011funuzdad\u0131r.<\/p><\/li><\/ol><p><strong>Sistemimiz arac\u0131l\u0131\u011f\u0131yla Facebook kullan\u0131c\u0131lar\u0131na toplu mesaj g\u00f6ndermek GDPR ile uyumlu mu?<\/strong><\/p><p>Evet, sistemimiz arac\u0131l\u0131\u011f\u0131yla toplu ileti\u015fim g\u00f6ndermek GDPR ile uyumludur. \u0130nsanlar Facebook sayfam\u0131zda OPT-IN (g\u00f6n\u00fcll\u00fc olarak bir konu\u015fma ba\u015flat\u0131r) oldu\u011fundan, bunu kan\u0131tlayabiliriz. Me\u015fru bir \u015fekilde irtibat ki\u015fimiz olurlar. G\u00f6nderilen t\u00fcm mesajlarda bir devre d\u0131\u015f\u0131 b\u0131rakma ba\u011flant\u0131s\u0131 (bu \u00f6zellik zaten mevcut) veya insanlar\u0131n istedikleri zaman devre d\u0131\u015f\u0131 kalmalar\u0131na olanak tan\u0131yan ba\u015fka bir yol bulunmal\u0131d\u0131r.<\/p>\t\t\t\t\t\t\t\t<\/div>\n\t\t\t\t<\/div>\n\t\t\t\t\t<\/div>\n\t\t\t\t<\/div>\n\t\t\t\t<\/div>","protected":false},"excerpt":{"rendered":"<p>GDPR nedir? GDPR, Genel Veri Koruma Y\u00f6netmeli\u011fidir (GDPR). Kullan\u0131c\u0131lar\u0131n verilerini korumak i\u00e7in AB taraf\u0131ndan getirilen yeni bir yasad\u0131r [...]<\/p>","protected":false},"author":1,"featured_media":0,"parent":0,"menu_order":0,"comment_status":"closed","ping_status":"closed","template":"","meta":{"footnotes":""},"class_list":["post-1072","page","type-page","status-publish","hentry"],"yoast_head":"<!-- This site is optimized with the Yoast SEO Premium plugin v23.8 (Yoast SEO v26.4) - https:\/\/yoast.com\/wordpress\/plugins\/seo\/ -->\n<title>BDAR - startmsg.lt<\/title>\n<meta name=\"robots\" content=\"index, follow, max-snippet:-1, max-image-preview:large, max-video-preview:-1\" \/>\n<link rel=\"canonical\" href=\"https:\/\/startmsg.lt\/tr\/bdar\/\" \/>\n<meta property=\"og:locale\" content=\"tr_TR\" \/>\n<meta property=\"og:type\" content=\"article\" \/>\n<meta property=\"og:title\" content=\"BDAR\" \/>\n<meta property=\"og:description\" content=\"Kas yra BDAR? BDAR \u2013 tai Bendrasis duomen\u0173 apsaugos reglamentas (angl. General Data Protection Regulation). Naujas ES \u012fvestas \u012fstatymas, skirtas apsaugoti naudotoj\u0173 [&hellip;]\" \/>\n<meta property=\"og:url\" content=\"https:\/\/startmsg.lt\/tr\/bdar\/\" \/>\n<meta property=\"og:site_name\" content=\"startmsg.lt\" \/>\n<meta property=\"article:publisher\" content=\"https:\/\/facebook.com\/chatbotas\" \/>\n<meta property=\"article:modified_time\" content=\"2025-06-01T21:30:13+00:00\" \/>\n<meta name=\"twitter:card\" content=\"summary_large_image\" \/>\n<meta name=\"twitter:label1\" content=\"Tahmini okuma s\u00fcresi\" \/>\n\t<meta name=\"twitter:data1\" content=\"7 dakika\" \/>\n<script type=\"application\/ld+json\" class=\"yoast-schema-graph\">{\"@context\":\"https:\/\/schema.org\",\"@graph\":[{\"@type\":\"WebPage\",\"@id\":\"https:\/\/startmsg.lt\/bdar\/\",\"url\":\"https:\/\/startmsg.lt\/bdar\/\",\"name\":\"BDAR - startmsg.lt\",\"isPartOf\":{\"@id\":\"https:\/\/startmsg.lt\/#website\"},\"datePublished\":\"2024-10-12T22:30:05+00:00\",\"dateModified\":\"2025-06-01T21:30:13+00:00\",\"breadcrumb\":{\"@id\":\"https:\/\/startmsg.lt\/bdar\/#breadcrumb\"},\"inLanguage\":\"tr\",\"potentialAction\":[{\"@type\":\"ReadAction\",\"target\":[\"https:\/\/startmsg.lt\/bdar\/\"]}]},{\"@type\":\"BreadcrumbList\",\"@id\":\"https:\/\/startmsg.lt\/bdar\/#breadcrumb\",\"itemListElement\":[{\"@type\":\"ListItem\",\"position\":1,\"name\":\"Home\",\"item\":\"https:\/\/startmsg.lt\/\"},{\"@type\":\"ListItem\",\"position\":2,\"name\":\"BDAR\"}]},{\"@type\":\"WebSite\",\"@id\":\"https:\/\/startmsg.lt\/#website\",\"url\":\"https:\/\/startmsg.lt\/\",\"name\":\"startmsg.lt\",\"description\":\"\",\"publisher\":{\"@id\":\"https:\/\/startmsg.lt\/#organization\"},\"potentialAction\":[{\"@type\":\"SearchAction\",\"target\":{\"@type\":\"EntryPoint\",\"urlTemplate\":\"https:\/\/startmsg.lt\/?s={search_term_string}\"},\"query-input\":{\"@type\":\"PropertyValueSpecification\",\"valueRequired\":true,\"valueName\":\"search_term_string\"}}],\"inLanguage\":\"tr\"},{\"@type\":\"Organization\",\"@id\":\"https:\/\/startmsg.lt\/#organization\",\"name\":\"startmsg.lt\",\"url\":\"https:\/\/startmsg.lt\/\",\"logo\":{\"@type\":\"ImageObject\",\"inLanguage\":\"tr\",\"@id\":\"https:\/\/startmsg.lt\/#\/schema\/logo\/image\/\",\"url\":\"https:\/\/startmsg.lt\/wp-content\/uploads\/2024\/01\/favicon.png\",\"contentUrl\":\"https:\/\/startmsg.lt\/wp-content\/uploads\/2024\/01\/favicon.png\",\"width\":196,\"height\":196,\"caption\":\"startmsg.lt\"},\"image\":{\"@id\":\"https:\/\/startmsg.lt\/#\/schema\/logo\/image\/\"},\"sameAs\":[\"https:\/\/facebook.com\/chatbotas\",\"https:\/\/www.instagram.com\/chatbotas\"]}]}<\/script>\n<!-- \/ Yoast SEO Premium plugin. -->","yoast_head_json":{"title":"GDPR - startmsg.lt","robots":{"index":"index","follow":"follow","max-snippet":"max-snippet:-1","max-image-preview":"max-image-preview:large","max-video-preview":"max-video-preview:-1"},"canonical":"https:\/\/startmsg.lt\/tr\/bdar\/","og_locale":"tr_TR","og_type":"article","og_title":"BDAR","og_description":"Kas yra BDAR? BDAR \u2013 tai Bendrasis duomen\u0173 apsaugos reglamentas (angl. General Data Protection Regulation). Naujas ES \u012fvestas \u012fstatymas, skirtas apsaugoti naudotoj\u0173 [&hellip;]","og_url":"https:\/\/startmsg.lt\/tr\/bdar\/","og_site_name":"startmsg.lt","article_publisher":"https:\/\/facebook.com\/chatbotas","article_modified_time":"2025-06-01T21:30:13+00:00","twitter_card":"summary_large_image","twitter_misc":{"Tahmini okuma s\u00fcresi":"7 dakika"},"schema":{"@context":"https:\/\/schema.org","@graph":[{"@type":"WebPage","@id":"https:\/\/startmsg.lt\/bdar\/","url":"https:\/\/startmsg.lt\/bdar\/","name":"GDPR - startmsg.lt","isPartOf":{"@id":"https:\/\/startmsg.lt\/#website"},"datePublished":"2024-10-12T22:30:05+00:00","dateModified":"2025-06-01T21:30:13+00:00","breadcrumb":{"@id":"https:\/\/startmsg.lt\/bdar\/#breadcrumb"},"inLanguage":"tr","potentialAction":[{"@type":"ReadAction","target":["https:\/\/startmsg.lt\/bdar\/"]}]},{"@type":"BreadcrumbList","@id":"https:\/\/startmsg.lt\/bdar\/#breadcrumb","itemListElement":[{"@type":"ListItem","position":1,"name":"Home","item":"https:\/\/startmsg.lt\/"},{"@type":"ListItem","position":2,"name":"BDAR"}]},{"@type":"WebSite","@id":"https:\/\/startmsg.lt\/#website","url":"https:\/\/startmsg.lt\/","name":"startmsg.lt","description":"","publisher":{"@id":"https:\/\/startmsg.lt\/#organization"},"potentialAction":[{"@type":"SearchAction","target":{"@type":"EntryPoint","urlTemplate":"https:\/\/startmsg.lt\/?s={search_term_string}"},"query-input":{"@type":"PropertyValueSpecification","valueRequired":true,"valueName":"search_term_string"}}],"inLanguage":"tr"},{"@type":"Organization","@id":"https:\/\/startmsg.lt\/#organization","name":"startmsg.lt","url":"https:\/\/startmsg.lt\/","logo":{"@type":"ImageObject","inLanguage":"tr","@id":"https:\/\/startmsg.lt\/#\/schema\/logo\/image\/","url":"https:\/\/startmsg.lt\/wp-content\/uploads\/2024\/01\/favicon.png","contentUrl":"https:\/\/startmsg.lt\/wp-content\/uploads\/2024\/01\/favicon.png","width":196,"height":196,"caption":"startmsg.lt"},"image":{"@id":"https:\/\/startmsg.lt\/#\/schema\/logo\/image\/"},"sameAs":["https:\/\/facebook.com\/chatbotas","https:\/\/www.instagram.com\/chatbotas"]}]}},"_links":{"self":[{"href":"https:\/\/startmsg.lt\/tr\/wp-json\/wp\/v2\/pages\/1072","targetHints":{"allow":["GET"]}}],"collection":[{"href":"https:\/\/startmsg.lt\/tr\/wp-json\/wp\/v2\/pages"}],"about":[{"href":"https:\/\/startmsg.lt\/tr\/wp-json\/wp\/v2\/types\/page"}],"author":[{"embeddable":true,"href":"https:\/\/startmsg.lt\/tr\/wp-json\/wp\/v2\/users\/1"}],"replies":[{"embeddable":true,"href":"https:\/\/startmsg.lt\/tr\/wp-json\/wp\/v2\/comments?post=1072"}],"version-history":[{"count":8,"href":"https:\/\/startmsg.lt\/tr\/wp-json\/wp\/v2\/pages\/1072\/revisions"}],"predecessor-version":[{"id":2430,"href":"https:\/\/startmsg.lt\/tr\/wp-json\/wp\/v2\/pages\/1072\/revisions\/2430"}],"wp:attachment":[{"href":"https:\/\/startmsg.lt\/tr\/wp-json\/wp\/v2\/media?parent=1072"}],"curies":[{"name":"wp","href":"https:\/\/api.w.org\/{rel}","templated":true}]}}