{"id":3,"date":"2024-01-30T13:41:47","date_gmt":"2024-01-30T13:41:47","guid":{"rendered":"http:\/\/startmsg.lt\/?page_id=3"},"modified":"2025-06-01T21:30:42","modified_gmt":"2025-06-01T21:30:42","slug":"politica-de-privacidade","status":"publish","type":"page","link":"https:\/\/startmsg.lt\/pt\/politica-de-privacidade\/","title":{"rendered":"Pol\u00edtica de privacidade"},"content":{"rendered":"<div data-elementor-type=\"wp-page\" data-elementor-id=\"3\" class=\"elementor elementor-3\" data-elementor-settings=\"{&quot;element_pack_global_tooltip_width&quot;:{&quot;unit&quot;:&quot;px&quot;,&quot;size&quot;:&quot;&quot;,&quot;sizes&quot;:[]},&quot;element_pack_global_tooltip_width_tablet&quot;:{&quot;unit&quot;:&quot;px&quot;,&quot;size&quot;:&quot;&quot;,&quot;sizes&quot;:[]},&quot;element_pack_global_tooltip_width_mobile&quot;:{&quot;unit&quot;:&quot;px&quot;,&quot;size&quot;:&quot;&quot;,&quot;sizes&quot;:[]},&quot;element_pack_global_tooltip_padding&quot;:{&quot;unit&quot;:&quot;px&quot;,&quot;top&quot;:&quot;&quot;,&quot;right&quot;:&quot;&quot;,&quot;bottom&quot;:&quot;&quot;,&quot;left&quot;:&quot;&quot;,&quot;isLinked&quot;:true},&quot;element_pack_global_tooltip_padding_tablet&quot;:{&quot;unit&quot;:&quot;px&quot;,&quot;top&quot;:&quot;&quot;,&quot;right&quot;:&quot;&quot;,&quot;bottom&quot;:&quot;&quot;,&quot;left&quot;:&quot;&quot;,&quot;isLinked&quot;:true},&quot;element_pack_global_tooltip_padding_mobile&quot;:{&quot;unit&quot;:&quot;px&quot;,&quot;top&quot;:&quot;&quot;,&quot;right&quot;:&quot;&quot;,&quot;bottom&quot;:&quot;&quot;,&quot;left&quot;:&quot;&quot;,&quot;isLinked&quot;:true},&quot;element_pack_global_tooltip_border_radius&quot;:{&quot;unit&quot;:&quot;px&quot;,&quot;top&quot;:&quot;&quot;,&quot;right&quot;:&quot;&quot;,&quot;bottom&quot;:&quot;&quot;,&quot;left&quot;:&quot;&quot;,&quot;isLinked&quot;:true},&quot;element_pack_global_tooltip_border_radius_tablet&quot;:{&quot;unit&quot;:&quot;px&quot;,&quot;top&quot;:&quot;&quot;,&quot;right&quot;:&quot;&quot;,&quot;bottom&quot;:&quot;&quot;,&quot;left&quot;:&quot;&quot;,&quot;isLinked&quot;:true},&quot;element_pack_global_tooltip_border_radius_mobile&quot;:{&quot;unit&quot;:&quot;px&quot;,&quot;top&quot;:&quot;&quot;,&quot;right&quot;:&quot;&quot;,&quot;bottom&quot;:&quot;&quot;,&quot;left&quot;:&quot;&quot;,&quot;isLinked&quot;:true}}\">\n\t\t\t\t<div class=\"elementor-element elementor-element-0623705 e-flex e-con-boxed e-con e-parent\" data-id=\"0623705\" data-element_type=\"container\">\n\t\t\t\t\t<div class=\"e-con-inner\">\n\t\t\t\t<div class=\"elementor-element elementor-element-ba1afd1 elementor-widget elementor-widget-spacer\" data-id=\"ba1afd1\" data-element_type=\"widget\" data-widget_type=\"spacer.default\">\n\t\t\t\t<div class=\"elementor-widget-container\">\n\t\t\t\t\t\t\t<div class=\"elementor-spacer\">\n\t\t\t<div class=\"elementor-spacer-inner\"><\/div>\n\t\t<\/div>\n\t\t\t\t\t\t<\/div>\n\t\t\t\t<\/div>\n\t\t\t\t\t<\/div>\n\t\t\t\t<\/div>\n\t\t<div class=\"elementor-element elementor-element-5cea823 e-flex e-con-boxed e-con e-parent\" data-id=\"5cea823\" data-element_type=\"container\">\n\t\t\t\t\t<div class=\"e-con-inner\">\n\t\t\t\t<div class=\"elementor-element elementor-element-ef52721 elementor-widget elementor-widget-text-editor\" data-id=\"ef52721\" data-element_type=\"widget\" data-widget_type=\"text-editor.default\">\n\t\t\t\t<div class=\"elementor-widget-container\">\n\t\t\t\t\t\t\t\t\t<div class=\"term\"><div class=\"term__title\"><h3>Introdu\u00e7\u00e3o<\/h3><\/div><p>\u00a0<\/p><p><strong>Bem-vindo ao <a href=\"https:\/\/startmsg.com\" target=\"_new\" rel=\"noopener\">https:\/\/startmsg.com<\/a> \/<a href=\"https:\/\/startmsg.lt\/pt\/\" target=\"_new\" rel=\"noopener\"> https:\/\/startmsg.lt<\/a> (S\u00edtio Web).<\/strong> Compreendemos que a privacidade online \u00e9 importante para os utilizadores do nosso Website, especialmente no decurso da realiza\u00e7\u00e3o de neg\u00f3cios. Esta Pol\u00edtica de Privacidade rege as nossas pr\u00e1ticas de privacidade para os utilizadores do Site (Visitantes) que o visitam sem realizar neg\u00f3cios e para os Visitantes que se registam para realizar neg\u00f3cios no Site e para utilizar os v\u00e1rios servi\u00e7os oferecidos por esta aplica\u00e7\u00e3o (coletivamente, os \"Servi\u00e7os\") (Clientes Autorizados).<\/p><h3>Informa\u00e7\u00f5es de identifica\u00e7\u00e3o pessoal<\/h3><p>Por informa\u00e7\u00f5es pessoalmente identific\u00e1veis entende-se qualquer informa\u00e7\u00e3o que identifique ou possa ser utilizada para identificar, contactar ou localizar a pessoa a quem as informa\u00e7\u00f5es pertencem, incluindo, mas n\u00e3o se limitando a, nome, morada, n\u00famero de telefone, n\u00famero de fax, endere\u00e7o de correio eletr\u00f3nico, dados financeiros, n\u00famero de seguran\u00e7a social e informa\u00e7\u00f5es sobre cart\u00f5es de cr\u00e9dito. As informa\u00e7\u00f5es pessoalmente identific\u00e1veis n\u00e3o incluem informa\u00e7\u00f5es recolhidas anonimamente (ou seja, sem identificar o utilizador) ou informa\u00e7\u00f5es demogr\u00e1ficas que n\u00e3o estejam ligadas a um indiv\u00edduo identificado.<\/p><h3>Que dados de identifica\u00e7\u00e3o pessoal recolhemos?<\/h3><p>Podemos recolher informa\u00e7\u00f5es b\u00e1sicas sobre o perfil do utilizador de todos os nossos visitantes. Al\u00e9m disso, recolhemos as seguintes informa\u00e7\u00f5es adicionais dos Clientes Autorizados: nomes, moradas, n\u00fameros de telefone e endere\u00e7os de correio eletr\u00f3nico, a natureza e dimens\u00e3o da empresa e a natureza e dimens\u00e3o do invent\u00e1rio de publicidade que o Cliente Autorizado pretende comprar ou vender.<\/p><h3>Que organiza\u00e7\u00f5es recolhem informa\u00e7\u00f5es?<\/h3><p>Para al\u00e9m da nossa recolha direta de informa\u00e7\u00f5es, os nossos prestadores de servi\u00e7os terceiros (tais como empresas de cart\u00f5es de cr\u00e9dito, centros de pagamento e bancos) que prestam servi\u00e7os como servi\u00e7os de cr\u00e9dito, seguros e dep\u00f3sitos podem recolher estas informa\u00e7\u00f5es dos nossos Visitantes e Clientes Autorizados. N\u00e3o controlamos a forma como esses terceiros utilizam essas informa\u00e7\u00f5es, mas pedimos-lhes que divulguem a forma como utilizam as informa\u00e7\u00f5es pessoais que recebem dos Visitantes e Clientes Autorizados.<\/p><h3>Como \u00e9 que o s\u00edtio Web utiliza as informa\u00e7\u00f5es de identifica\u00e7\u00e3o pessoal?<\/h3><p>Utilizamos as informa\u00e7\u00f5es de identifica\u00e7\u00e3o pessoal para personalizar o Website, oferecer servi\u00e7os relevantes e responder a pedidos de compra e venda. Podemos enviar e-mails aos Visitantes e Clientes Autorizados sobre pedidos de informa\u00e7\u00e3o, oportunidades de compra e venda ou informa\u00e7\u00f5es relacionadas com o assunto do S\u00edtio. Tamb\u00e9m podemos utilizar informa\u00e7\u00f5es de identifica\u00e7\u00e3o pessoal para responder a inqu\u00e9ritos espec\u00edficos ou fornecer informa\u00e7\u00f5es solicitadas.<\/p><h3>Com quem podem ser partilhadas as informa\u00e7\u00f5es?<\/h3><p>As informa\u00e7\u00f5es de identifica\u00e7\u00e3o pessoal sobre Clientes Autorizados podem ser partilhadas com outros Clientes Autorizados que pretendam avaliar potenciais oportunidades de transa\u00e7\u00e3o. Podemos partilhar informa\u00e7\u00f5es agregadas sobre os nossos Visitantes, incluindo informa\u00e7\u00f5es demogr\u00e1ficas sobre os nossos Visitantes e Clientes Autorizados, com as nossas ag\u00eancias afiliadas e fornecedores terceiros. Tamb\u00e9m lhe damos a oportunidade de \"optar por n\u00e3o receber\" informa\u00e7\u00f5es ou ser contactado por n\u00f3s ou por qualquer ag\u00eancia que actue em nosso nome.<\/p><h3>Como s\u00e3o armazenadas as informa\u00e7\u00f5es de identifica\u00e7\u00e3o pessoal?<\/h3><p>As informa\u00e7\u00f5es de identifica\u00e7\u00e3o pessoal recolhidas s\u00e3o armazenadas de forma segura e n\u00e3o s\u00e3o disponibilizadas a terceiros ou aos nossos funcion\u00e1rios, exceto quando utilizadas para os fins acima referidos.<\/p><h3>Que op\u00e7\u00f5es t\u00eam os Visitantes relativamente \u00e0 recolha, utiliza\u00e7\u00e3o e distribui\u00e7\u00e3o de informa\u00e7\u00f5es?<\/h3><p>Os Visitantes e Clientes Autorizados podem optar por n\u00e3o receber informa\u00e7\u00f5es n\u00e3o solicitadas da nossa parte e\/ou dos nossos fornecedores e ag\u00eancias afiliadas, respondendo \u00e0s mensagens de correio eletr\u00f3nico de acordo com as instru\u00e7\u00f5es fornecidas ou contactando-nos.<\/p><h3>S\u00e3o utilizados cookies no s\u00edtio Web?<\/h3><p>Sim, os cookies s\u00e3o utilizados por v\u00e1rios motivos. Utilizamos cookies para obter informa\u00e7\u00f5es sobre as prefer\u00eancias e escolhas de servi\u00e7os dos nossos Visitantes. Tamb\u00e9m utilizamos cookies para fins de seguran\u00e7a para proteger os Clientes Autorizados.<\/p><h3>Como \u00e9 que a aplica\u00e7\u00e3o utiliza as informa\u00e7\u00f5es de in\u00edcio de sess\u00e3o?<\/h3><p>A Aplica\u00e7\u00e3o utiliza informa\u00e7\u00f5es de in\u00edcio de sess\u00e3o, incluindo, entre outros, endere\u00e7os IP, fornecedores de servi\u00e7os de Internet (ISPs) e tipos de browser, para analisar tend\u00eancias, administrar o Site, seguir o movimento dos utilizadores e a utiliza\u00e7\u00e3o do Site, e recolher informa\u00e7\u00f5es demogr\u00e1ficas gerais.<\/p><h3>Como \u00e9 que o s\u00edtio Web armazena informa\u00e7\u00f5es de identifica\u00e7\u00e3o pessoal?<\/h3><p>Todos os nossos funcion\u00e1rios t\u00eam conhecimento das nossas pol\u00edticas e procedimentos de seguran\u00e7a. As informa\u00e7\u00f5es de identifica\u00e7\u00e3o pessoal pertencentes aos Visitantes e Clientes Autorizados s\u00f3 est\u00e3o dispon\u00edveis a um n\u00famero limitado de funcion\u00e1rios qualificados que possuem palavras-passe para aceder \u00e0s informa\u00e7\u00f5es.<\/p><h3>Que parceiros ou prestadores de servi\u00e7os t\u00eam acesso \u00e0s informa\u00e7\u00f5es de identifica\u00e7\u00e3o pessoal dos Visitantes e\/ou Clientes Autorizados no s\u00edtio Web?<\/h3><p>A aplica\u00e7\u00e3o celebrou e continuar\u00e1 a celebrar parcerias e outros acordos de coopera\u00e7\u00e3o com v\u00e1rios fornecedores. Esses fornecedores podem ter acesso a determinadas informa\u00e7\u00f5es de identifica\u00e7\u00e3o pessoal com base na \"necessidade de conhecer\", com o objetivo de avaliar a elegibilidade dos Clientes Autorizados para os servi\u00e7os. A nossa Pol\u00edtica de Privacidade n\u00e3o abrange a recolha ou utiliza\u00e7\u00e3o de informa\u00e7\u00f5es destes fornecedores. Divulga\u00e7\u00e3o de Informa\u00e7\u00f5es Pessoais Identific\u00e1veis para Cumprir a Lei: Divulgaremos Informa\u00e7\u00f5es Pessoais Identific\u00e1veis para cumprir uma ordem judicial ou intima\u00e7\u00e3o, ou um pedido de informa\u00e7\u00f5es de uma ag\u00eancia de aplica\u00e7\u00e3o da lei. Tamb\u00e9m divulgaremos informa\u00e7\u00f5es de identifica\u00e7\u00e3o pessoal quando for razoavelmente necess\u00e1rio para proteger a seguran\u00e7a dos nossos Visitantes e Clientes Autorizados.<\/p><h3>Como \u00e9 que o s\u00edtio Web armazena informa\u00e7\u00f5es de identifica\u00e7\u00e3o pessoal?<\/h3><p>Todos os nossos funcion\u00e1rios t\u00eam conhecimento das nossas pol\u00edticas e procedimentos de seguran\u00e7a. As informa\u00e7\u00f5es de identifica\u00e7\u00e3o pessoal pertencentes a Visitantes e Clientes Autorizados s\u00f3 est\u00e3o dispon\u00edveis a um n\u00famero limitado de funcion\u00e1rios qualificados que possuem palavras-passe para aceder \u00e0s informa\u00e7\u00f5es. Revemos regularmente os nossos sistemas e processos de seguran\u00e7a. As informa\u00e7\u00f5es sens\u00edveis, tais como n\u00fameros de cart\u00f5es de cr\u00e9dito ou de seguran\u00e7a social, est\u00e3o protegidas por protocolos de encripta\u00e7\u00e3o para proteger as informa\u00e7\u00f5es enviadas atrav\u00e9s da Internet. Apesar de tomarmos medidas comercialmente razo\u00e1veis para garantir um s\u00edtio Web seguro, as comunica\u00e7\u00f5es electr\u00f3nicas e as bases de dados s\u00e3o vulner\u00e1veis a erros, pirataria inform\u00e1tica e outros incidentes, e n\u00e3o podemos garantir que tais eventos n\u00e3o ocorram, e n\u00e3o aceitamos a responsabilidade por tais ocorr\u00eancias para os Visitantes ou Clientes Autorizados.<\/p><h3>Como \u00e9 que os Visitantes podem corrigir imprecis\u00f5es nas informa\u00e7\u00f5es de identifica\u00e7\u00e3o pessoal?<\/h3><p>Os visitantes e os clientes autorizados podem contactar-nos para atualizar ou corrigir informa\u00e7\u00f5es pessoais identific\u00e1veis sobre si pr\u00f3prios, enviando-nos uma mensagem de correio eletr\u00f3nico: <a rel=\"noopener\">support@startmsg.com<\/a>.<\/p><h3>Um Visitante pode eliminar ou desativar as informa\u00e7\u00f5es de identifica\u00e7\u00e3o pessoal recolhidas no S\u00edtio?<\/h3><p>Disponibilizamos aos Visitantes e Clientes Autorizados um mecanismo para eliminar\/desativar informa\u00e7\u00f5es de identifica\u00e7\u00e3o pessoal da base de dados do Web site, contactando-nos. No entanto, devido a c\u00f3pias de seguran\u00e7a e elimina\u00e7\u00f5es, pode n\u00e3o ser poss\u00edvel eliminar completamente o registo de um Visitante sem que algumas informa\u00e7\u00f5es permane\u00e7am. Uma pessoa que solicite a desativa\u00e7\u00e3o de informa\u00e7\u00f5es de identifica\u00e7\u00e3o pessoal ter\u00e1 essas informa\u00e7\u00f5es funcionalmente eliminadas e n\u00e3o venderemos, transferiremos ou utilizaremos essas informa\u00e7\u00f5es de qualquer forma futura.<\/p><h3>O que acontece se a pol\u00edtica de privacidade for alterada?<\/h3><p>Notificaremos os nossos Visitantes e Clientes Autorizados das altera\u00e7\u00f5es \u00e0 nossa pol\u00edtica de privacidade, publicando essas altera\u00e7\u00f5es no Site. No entanto, se alterarmos a nossa pol\u00edtica de privacidade de uma forma que possa resultar na divulga\u00e7\u00e3o de informa\u00e7\u00f5es de identifica\u00e7\u00e3o pessoal que um Visitante ou Cliente Autorizado tenha previamente solicitado que n\u00e3o fossem divulgadas, entraremos em contacto com esse Visitante ou Cliente Autorizado para lhe permitir impedir essa divulga\u00e7\u00e3o.<\/p><h3>Refer\u00eancias:<\/h3><p><a href=\"https:\/\/startmsg.com\" target=\"_new\" rel=\"noopener\">Startmsg.com<\/a> \/ <a href=\"https:\/\/startmsg.lt\/pt\/\">Iniciarmsg.lt<\/a> pode conter liga\u00e7\u00f5es a outros s\u00edtios Web. Tenha em aten\u00e7\u00e3o que, se clicar numa das liga\u00e7\u00f5es, ser\u00e1 encaminhado para outro s\u00edtio Web. Aconselhamos o utilizador a rever as pol\u00edticas de privacidade desses s\u00edtios, uma vez que podem ser diferentes das nossas.<\/p><\/div>\t\t\t\t\t\t\t\t<\/div>\n\t\t\t\t<\/div>\n\t\t\t\t\t<\/div>\n\t\t\t\t<\/div>\n\t\t\t\t<\/div>","protected":false},"excerpt":{"rendered":"<p>\u012evadas \u00a0 Sveiki atvyk\u0119 \u012f https:\/\/startmsg.com \/ https:\/\/startmsg.lt (Svetain\u0117). Mes suprantame, kad privatumas internete yra svarbus m\u016bs\u0173 Svetain\u0117s naudotojams, ypa\u010d vykdant verslo [&hellip;]<\/p>","protected":false},"author":1,"featured_media":0,"parent":0,"menu_order":0,"comment_status":"closed","ping_status":"open","template":"","meta":{"footnotes":""},"class_list":["post-3","page","type-page","status-publish","hentry"],"yoast_head":"<!-- This site is optimized with the Yoast SEO Premium plugin v23.8 (Yoast SEO v26.4) - https:\/\/yoast.com\/wordpress\/plugins\/seo\/ -->\n<title>Privatumo politika - startmsg.lt<\/title>\n<meta name=\"robots\" content=\"index, nofollow, max-snippet:-1, max-image-preview:large, max-video-preview:-1\" \/>\n<link rel=\"canonical\" href=\"https:\/\/startmsg.lt\/pt\/politica-de-privacidade\/\" \/>\n<meta property=\"og:locale\" content=\"pt_PT\" \/>\n<meta property=\"og:type\" content=\"article\" \/>\n<meta property=\"og:title\" content=\"Privatumo politika\" \/>\n<meta property=\"og:description\" content=\"\u012evadas \u00a0 Sveiki atvyk\u0119 \u012f https:\/\/startmsg.com \/ https:\/\/startmsg.lt (Svetain\u0117). Mes suprantame, kad privatumas internete yra svarbus m\u016bs\u0173 Svetain\u0117s naudotojams, ypa\u010d vykdant verslo [&hellip;]\" \/>\n<meta property=\"og:url\" content=\"https:\/\/startmsg.lt\/pt\/politica-de-privacidade\/\" \/>\n<meta property=\"og:site_name\" content=\"startmsg.lt\" \/>\n<meta property=\"article:publisher\" content=\"https:\/\/facebook.com\/chatbotas\" \/>\n<meta property=\"article:modified_time\" content=\"2025-06-01T21:30:42+00:00\" \/>\n<meta name=\"twitter:card\" content=\"summary_large_image\" \/>\n<meta name=\"twitter:label1\" content=\"Tempo estimado de leitura\" \/>\n\t<meta name=\"twitter:data1\" content=\"6 minutos\" \/>\n<script type=\"application\/ld+json\" class=\"yoast-schema-graph\">{\"@context\":\"https:\/\/schema.org\",\"@graph\":[{\"@type\":\"WebPage\",\"@id\":\"https:\/\/startmsg.lt\/privatumo-politika\/\",\"url\":\"https:\/\/startmsg.lt\/privatumo-politika\/\",\"name\":\"Privatumo politika - startmsg.lt\",\"isPartOf\":{\"@id\":\"https:\/\/startmsg.lt\/#website\"},\"datePublished\":\"2024-01-30T13:41:47+00:00\",\"dateModified\":\"2025-06-01T21:30:42+00:00\",\"breadcrumb\":{\"@id\":\"https:\/\/startmsg.lt\/privatumo-politika\/#breadcrumb\"},\"inLanguage\":\"pt-PT\",\"potentialAction\":[{\"@type\":\"ReadAction\",\"target\":[\"https:\/\/startmsg.lt\/privatumo-politika\/\"]}]},{\"@type\":\"BreadcrumbList\",\"@id\":\"https:\/\/startmsg.lt\/privatumo-politika\/#breadcrumb\",\"itemListElement\":[{\"@type\":\"ListItem\",\"position\":1,\"name\":\"Home\",\"item\":\"https:\/\/startmsg.lt\/\"},{\"@type\":\"ListItem\",\"position\":2,\"name\":\"Privatumo politika\"}]},{\"@type\":\"WebSite\",\"@id\":\"https:\/\/startmsg.lt\/#website\",\"url\":\"https:\/\/startmsg.lt\/\",\"name\":\"startmsg.lt\",\"description\":\"\",\"publisher\":{\"@id\":\"https:\/\/startmsg.lt\/#organization\"},\"potentialAction\":[{\"@type\":\"SearchAction\",\"target\":{\"@type\":\"EntryPoint\",\"urlTemplate\":\"https:\/\/startmsg.lt\/?s={search_term_string}\"},\"query-input\":{\"@type\":\"PropertyValueSpecification\",\"valueRequired\":true,\"valueName\":\"search_term_string\"}}],\"inLanguage\":\"pt-PT\"},{\"@type\":\"Organization\",\"@id\":\"https:\/\/startmsg.lt\/#organization\",\"name\":\"startmsg.lt\",\"url\":\"https:\/\/startmsg.lt\/\",\"logo\":{\"@type\":\"ImageObject\",\"inLanguage\":\"pt-PT\",\"@id\":\"https:\/\/startmsg.lt\/#\/schema\/logo\/image\/\",\"url\":\"https:\/\/startmsg.lt\/wp-content\/uploads\/2024\/01\/favicon.png\",\"contentUrl\":\"https:\/\/startmsg.lt\/wp-content\/uploads\/2024\/01\/favicon.png\",\"width\":196,\"height\":196,\"caption\":\"startmsg.lt\"},\"image\":{\"@id\":\"https:\/\/startmsg.lt\/#\/schema\/logo\/image\/\"},\"sameAs\":[\"https:\/\/facebook.com\/chatbotas\",\"https:\/\/www.instagram.com\/chatbotas\"]}]}<\/script>\n<!-- \/ Yoast SEO Premium plugin. -->","yoast_head_json":{"title":"Pol\u00edtica de privacidade - startmsg.lt","robots":{"index":"index","follow":"nofollow","max-snippet":"max-snippet:-1","max-image-preview":"max-image-preview:large","max-video-preview":"max-video-preview:-1"},"canonical":"https:\/\/startmsg.lt\/pt\/politica-de-privacidade\/","og_locale":"pt_PT","og_type":"article","og_title":"Privatumo politika","og_description":"\u012evadas \u00a0 Sveiki atvyk\u0119 \u012f https:\/\/startmsg.com \/ https:\/\/startmsg.lt (Svetain\u0117). Mes suprantame, kad privatumas internete yra svarbus m\u016bs\u0173 Svetain\u0117s naudotojams, ypa\u010d vykdant verslo [&hellip;]","og_url":"https:\/\/startmsg.lt\/pt\/politica-de-privacidade\/","og_site_name":"startmsg.lt","article_publisher":"https:\/\/facebook.com\/chatbotas","article_modified_time":"2025-06-01T21:30:42+00:00","twitter_card":"summary_large_image","twitter_misc":{"Tempo estimado de leitura":"6 minutos"},"schema":{"@context":"https:\/\/schema.org","@graph":[{"@type":"WebPage","@id":"https:\/\/startmsg.lt\/privatumo-politika\/","url":"https:\/\/startmsg.lt\/privatumo-politika\/","name":"Pol\u00edtica de privacidade - startmsg.lt","isPartOf":{"@id":"https:\/\/startmsg.lt\/#website"},"datePublished":"2024-01-30T13:41:47+00:00","dateModified":"2025-06-01T21:30:42+00:00","breadcrumb":{"@id":"https:\/\/startmsg.lt\/privatumo-politika\/#breadcrumb"},"inLanguage":"pt-PT","potentialAction":[{"@type":"ReadAction","target":["https:\/\/startmsg.lt\/privatumo-politika\/"]}]},{"@type":"BreadcrumbList","@id":"https:\/\/startmsg.lt\/privatumo-politika\/#breadcrumb","itemListElement":[{"@type":"ListItem","position":1,"name":"Home","item":"https:\/\/startmsg.lt\/"},{"@type":"ListItem","position":2,"name":"Privatumo politika"}]},{"@type":"WebSite","@id":"https:\/\/startmsg.lt\/#website","url":"https:\/\/startmsg.lt\/","name":"startmsg.lt","description":"","publisher":{"@id":"https:\/\/startmsg.lt\/#organization"},"potentialAction":[{"@type":"SearchAction","target":{"@type":"EntryPoint","urlTemplate":"https:\/\/startmsg.lt\/?s={search_term_string}"},"query-input":{"@type":"PropertyValueSpecification","valueRequired":true,"valueName":"search_term_string"}}],"inLanguage":"pt-PT"},{"@type":"Organization","@id":"https:\/\/startmsg.lt\/#organization","name":"startmsg.lt","url":"https:\/\/startmsg.lt\/","logo":{"@type":"ImageObject","inLanguage":"pt-PT","@id":"https:\/\/startmsg.lt\/#\/schema\/logo\/image\/","url":"https:\/\/startmsg.lt\/wp-content\/uploads\/2024\/01\/favicon.png","contentUrl":"https:\/\/startmsg.lt\/wp-content\/uploads\/2024\/01\/favicon.png","width":196,"height":196,"caption":"startmsg.lt"},"image":{"@id":"https:\/\/startmsg.lt\/#\/schema\/logo\/image\/"},"sameAs":["https:\/\/facebook.com\/chatbotas","https:\/\/www.instagram.com\/chatbotas"]}]}},"_links":{"self":[{"href":"https:\/\/startmsg.lt\/pt\/wp-json\/wp\/v2\/pages\/3","targetHints":{"allow":["GET"]}}],"collection":[{"href":"https:\/\/startmsg.lt\/pt\/wp-json\/wp\/v2\/pages"}],"about":[{"href":"https:\/\/startmsg.lt\/pt\/wp-json\/wp\/v2\/types\/page"}],"author":[{"embeddable":true,"href":"https:\/\/startmsg.lt\/pt\/wp-json\/wp\/v2\/users\/1"}],"replies":[{"embeddable":true,"href":"https:\/\/startmsg.lt\/pt\/wp-json\/wp\/v2\/comments?post=3"}],"version-history":[{"count":15,"href":"https:\/\/startmsg.lt\/pt\/wp-json\/wp\/v2\/pages\/3\/revisions"}],"predecessor-version":[{"id":2433,"href":"https:\/\/startmsg.lt\/pt\/wp-json\/wp\/v2\/pages\/3\/revisions\/2433"}],"wp:attachment":[{"href":"https:\/\/startmsg.lt\/pt\/wp-json\/wp\/v2\/media?parent=3"}],"curies":[{"name":"wp","href":"https:\/\/api.w.org\/{rel}","templated":true}]}}