{"id":1078,"date":"2024-10-12T22:41:56","date_gmt":"2024-10-12T22:41:56","guid":{"rendered":"https:\/\/startmsg.lt\/?page_id=1078"},"modified":"2025-06-01T21:31:13","modified_gmt":"2025-06-01T21:31:13","slug":"termos-e-condicoes","status":"publish","type":"page","link":"https:\/\/startmsg.lt\/pt\/termos-e-condicoes\/","title":{"rendered":"Termos e condi\u00e7\u00f5es"},"content":{"rendered":"<div data-elementor-type=\"wp-page\" data-elementor-id=\"1078\" class=\"elementor elementor-1078\" data-elementor-settings=\"{&quot;element_pack_global_tooltip_width&quot;:{&quot;unit&quot;:&quot;px&quot;,&quot;size&quot;:&quot;&quot;,&quot;sizes&quot;:[]},&quot;element_pack_global_tooltip_width_tablet&quot;:{&quot;unit&quot;:&quot;px&quot;,&quot;size&quot;:&quot;&quot;,&quot;sizes&quot;:[]},&quot;element_pack_global_tooltip_width_mobile&quot;:{&quot;unit&quot;:&quot;px&quot;,&quot;size&quot;:&quot;&quot;,&quot;sizes&quot;:[]},&quot;element_pack_global_tooltip_padding&quot;:{&quot;unit&quot;:&quot;px&quot;,&quot;top&quot;:&quot;&quot;,&quot;right&quot;:&quot;&quot;,&quot;bottom&quot;:&quot;&quot;,&quot;left&quot;:&quot;&quot;,&quot;isLinked&quot;:true},&quot;element_pack_global_tooltip_padding_tablet&quot;:{&quot;unit&quot;:&quot;px&quot;,&quot;top&quot;:&quot;&quot;,&quot;right&quot;:&quot;&quot;,&quot;bottom&quot;:&quot;&quot;,&quot;left&quot;:&quot;&quot;,&quot;isLinked&quot;:true},&quot;element_pack_global_tooltip_padding_mobile&quot;:{&quot;unit&quot;:&quot;px&quot;,&quot;top&quot;:&quot;&quot;,&quot;right&quot;:&quot;&quot;,&quot;bottom&quot;:&quot;&quot;,&quot;left&quot;:&quot;&quot;,&quot;isLinked&quot;:true},&quot;element_pack_global_tooltip_border_radius&quot;:{&quot;unit&quot;:&quot;px&quot;,&quot;top&quot;:&quot;&quot;,&quot;right&quot;:&quot;&quot;,&quot;bottom&quot;:&quot;&quot;,&quot;left&quot;:&quot;&quot;,&quot;isLinked&quot;:true},&quot;element_pack_global_tooltip_border_radius_tablet&quot;:{&quot;unit&quot;:&quot;px&quot;,&quot;top&quot;:&quot;&quot;,&quot;right&quot;:&quot;&quot;,&quot;bottom&quot;:&quot;&quot;,&quot;left&quot;:&quot;&quot;,&quot;isLinked&quot;:true},&quot;element_pack_global_tooltip_border_radius_mobile&quot;:{&quot;unit&quot;:&quot;px&quot;,&quot;top&quot;:&quot;&quot;,&quot;right&quot;:&quot;&quot;,&quot;bottom&quot;:&quot;&quot;,&quot;left&quot;:&quot;&quot;,&quot;isLinked&quot;:true}}\">\n\t\t\t\t<div class=\"elementor-element elementor-element-ede0e80 e-flex e-con-boxed e-con e-parent\" data-id=\"ede0e80\" data-element_type=\"container\">\n\t\t\t\t\t<div class=\"e-con-inner\">\n\t\t\t\t<div class=\"elementor-element elementor-element-b3515d5 elementor-widget elementor-widget-spacer\" data-id=\"b3515d5\" data-element_type=\"widget\" data-widget_type=\"spacer.default\">\n\t\t\t\t<div class=\"elementor-widget-container\">\n\t\t\t\t\t\t\t<div class=\"elementor-spacer\">\n\t\t\t<div class=\"elementor-spacer-inner\"><\/div>\n\t\t<\/div>\n\t\t\t\t\t\t<\/div>\n\t\t\t\t<\/div>\n\t\t\t\t<div class=\"elementor-element elementor-element-9a041c7 elementor-widget elementor-widget-text-editor\" data-id=\"9a041c7\" data-element_type=\"widget\" data-widget_type=\"text-editor.default\">\n\t\t\t\t<div class=\"elementor-widget-container\">\n\t\t\t\t\t\t\t\t\t<p><strong>SUBSCREVER OU UTILIZAR o Startmsg.com \/ Startmsg.com, AFIRMA QUE TEM PLENA AUTORIDADE PARA AGIR EM SEU PROPRIO SENTIDO, EM NOME DE QUALQUER TERCEIRO, EMPRESA OU ENTIDADE JUR\u00cdDICA, E QUE A SUA UTILIZA\u00c7\u00c3O E\/OU INTERAC\u00c7\u00c3O COM ESTE SITE CONSTITUI O SEU ACORDO COM ESTE ACORDO DE TERMOS DE UTILIZA\u00c7\u00c3O, BEM COMO COM QUAISQUER OUTROS ACORDOS QUE POSSAMOS PUBLICAR NESTE SITE.<\/strong><\/p><p><strong>AO VER, PARTILHAR, UTILIZAR OU INTERAGIR COM A Startmsg.com \/ Startmsg.com OU QUALQUER BANNER, LINGUAGEM DE COMPRA OU PUBLICIDADE LOCALIZADA NESTE SITE, CONCORDA COM TODOS OS TERMOS E CONDI\u00c7\u00d5ES DA POL\u00cdTICA DE TERMOS DE UTILIZA\u00c7\u00c3O E POL\u00cdTICA DE PRIVACIDADE.<\/strong><\/p><p><strong>Startmsg.com \/ Startmsg.lt ESPECIFICAMENTE LEMBRADO PARA AJUDAR QUALQUER PESSOA SUJEITA \u00c0 LEI DE PROTEC\u00c7\u00c3O DA PRIVACIDADE NA INTERNET DAS CRIAN\u00c7AS (COPPA) DE 1998.<\/strong><\/p><p><strong>A Startmsg.com \/ Startmsg.lt RESERVA-SE O DIREITO DE RECOMPENSAR QUALQUER PESSOA OU VISUALIZADOR EM QUALQUER MOMENTO. AO ABRIGO DAS DISPOSI\u00c7\u00d5ES DA POL\u00cdTICA DE PRIVACIDADE QUE ACEITA COMO CONDI\u00c7\u00c3O PARA VISUALIZAR, A Startmsg.com \/ Startmsg.lt PODE RECOLHER E RETER DADOS E INFORMA\u00c7\u00d5ES PARA FAZER EXCEP\u00c7\u00d5ES PARA M\u00daLTIPLAS OUTRAS UTILIZA\u00c7\u00d5ES.<\/strong><\/p><p><strong>ESTE ACORDO DE TERMOS DE UTILIZA\u00c7\u00c3O EST\u00c1 SUJEITO A ALTERA\u00c7\u00d5ES AO LONGO DO TEMPO. Os visitantes t\u00eam a responsabilidade de se manterem informados sobre tais altera\u00e7\u00f5es, revendo esta p\u00e1gina dos termos de utiliza\u00e7\u00e3o sempre que visitam o site STARTMSG.com \/ Startmsg.lt.<\/strong><\/p><p><strong>AS PARTES DO CONTRATO<\/strong><br \/>Os visitantes, espectadores, utilizadores, assinantes, membros, parceiros ou clientes, coletivamente designados por \"Visitantes\", s\u00e3o partes do presente Acordo. O s\u00edtio Web e os seus propriet\u00e1rios e\/ou operadores s\u00e3o partes do presente acordo, a seguir designados por \"s\u00edtio Web\".<\/p><p><strong>UTILIZA\u00c7\u00c3O DAS INFORMA\u00c7\u00d5ES DESTE S\u00cdTIO WEB<\/strong><br \/>A menos que tenha um acordo escrito com este s\u00edtio Web, os visitantes, espectadores, assinantes, membros, parceiros ou clientes n\u00e3o t\u00eam o direito de utilizar estas informa\u00e7\u00f5es num contexto comercial ou p\u00fablico; n\u00e3o t\u00eam o direito de transmitir, copiar, armazenar, imprimir, vender ou publicar qualquer parte do conte\u00fado deste s\u00edtio Web. Ao aceder ao conte\u00fado deste s\u00edtio Web, o utilizador concorda com esta condi\u00e7\u00e3o de acesso e reconhece que qualquer utiliza\u00e7\u00e3o n\u00e3o autorizada \u00e9 ilegal e pode resultar em san\u00e7\u00f5es civis ou criminais. Mais uma vez, o visitante n\u00e3o tem o direito de utilizar o conte\u00fado do s\u00edtio ou qualquer parte do mesmo, incluindo as suas bases de dados, p\u00e1ginas invis\u00edveis, p\u00e1ginas ligadas, c\u00f3digo subjacente ou outra propriedade intelectual que o s\u00edtio possa conter, por qualquer motivo ou para qualquer utiliza\u00e7\u00e3o. Reconhecendo que pode ser dif\u00edcil estimar os danos exactos resultantes de uma viola\u00e7\u00e3o desta disposi\u00e7\u00e3o, o visitante concorda em indemnizar os propriet\u00e1rios do Startmsg.com\/Startmsg.com por danos num montante igual a 100.000 d\u00f3lares ou, se puder ser estimado, os custos reais e os danos reais resultantes de uma viola\u00e7\u00e3o desta disposi\u00e7\u00e3o, o que for maior. O visitante reconhece que compreende que a aceita\u00e7\u00e3o desta disposi\u00e7\u00e3o \u00e9 uma condi\u00e7\u00e3o para aceder \u00e0 Startmsg.com \/ Startmsg.com e que o acesso \u00e0 Startmsg.com \/ Startmsg.com constitui um reconhecimento desta aceita\u00e7\u00e3o.<\/p><p><strong>A PROPRIEDADE DO S\u00cdTIO WEB OU O DIREITO DE UTILIZAR, VENDER, PUBLICAR O CONTE\u00daDO DESTE S\u00cdTIO WEB<\/strong><br \/>O s\u00edtio Web e o seu conte\u00fado s\u00e3o propriedade ou licenciados pelo propriet\u00e1rio do s\u00edtio Web. O conte\u00fado do s\u00edtio Web \u00e9 considerado propriedade e est\u00e1 protegido por direitos de autor. Os visitantes n\u00e3o t\u00eam quaisquer direitos sobre o conte\u00fado do s\u00edtio Web. A utiliza\u00e7\u00e3o do conte\u00fado do s\u00edtio por qualquer motivo \u00e9 ilegal, exceto se for feita ao abrigo de um acordo escrito ou com a autoriza\u00e7\u00e3o do s\u00edtio.<\/p><p><strong>HIPERLIGA\u00c7\u00d5ES PARA O S\u00cdTIO WEB, COLABORA\u00c7\u00c3O, \"ENQUADRAMENTO\" E ELIMINA\u00c7\u00c3O DO S\u00cdTIO WEB<\/strong><br \/>Exceto quando expressamente permitido pelo Site, ningu\u00e9m est\u00e1 autorizado a fazer uma hiperliga\u00e7\u00e3o entre Startmsg.com\/Startmsg.com ou qualquer parte do mesmo (incluindo, sem limita\u00e7\u00e3o, log\u00f3tipos, marcas registadas, imagem comercial ou material protegido por direitos de autor) para os seus sites, para qualquer finalidade. Al\u00e9m disso, o utilizador n\u00e3o pode incluir o URL (endere\u00e7o de Internet) deste s\u00edtio Web ou qualquer p\u00e1gina deste s\u00edtio Web em qualquer meio comercial ou n\u00e3o comercial sem a nossa autoriza\u00e7\u00e3o expressa, nem pode \"patrocinar\" o s\u00edtio Web. O utilizador concorda especificamente em cooperar com os propriet\u00e1rios do s\u00edtio para remover ou desativar tais actividades e em ser respons\u00e1vel por quaisquer danos resultantes de uma viola\u00e7\u00e3o desta disposi\u00e7\u00e3o. Compreendendo que pode ser dif\u00edcil estimar os danos exactos resultantes de uma viola\u00e7\u00e3o desta disposi\u00e7\u00e3o, concorda em indemnizar os propriet\u00e1rios da Startmsg.com\/Startmsg.com no montante de 100.000 d\u00f3lares ou, se for poss\u00edvel estimar, os custos reais e os danos reais resultantes de uma viola\u00e7\u00e3o desta disposi\u00e7\u00e3o, o que for maior. Reconhece que compreende que a aceita\u00e7\u00e3o desta disposi\u00e7\u00e3o \u00e9 uma condi\u00e7\u00e3o para aderir \u00e0 Startmsg.com\/Startmsg.com e que aderir \u00e0 Startmsg.com\/Startmsg.com \u00e9 um reconhecimento desta aceita\u00e7\u00e3o.<\/p><p><strong>RESPONSABILIDADE PELO CONTE\u00daDO DO S\u00cdTIO WEB<\/strong><br \/>A Startmsg.com \/ Startmsg.com declina qualquer responsabilidade pela exatid\u00e3o do conte\u00fado que aparece, est\u00e1 ligado ou menciona a Startmsg.com \/ Startmsg.com. Os visitantes assumem todos os riscos associados \u00e0 visualiza\u00e7\u00e3o, leitura, utiliza\u00e7\u00e3o ou confian\u00e7a nas informa\u00e7\u00f5es. A menos que tenha um acordo escrito connosco, n\u00e3o tem o direito de confiar na exatid\u00e3o de qualquer conte\u00fado das informa\u00e7\u00f5es deste s\u00edtio Web. N\u00e3o damos qualquer garantia nesse sentido.<\/p><p><strong>RESPONSABILIDADE POR QUAISQUER DANOS NO SEU COMPUTADOR OU SOFTWARE RELACIONADOS COM A SUA INTERAC\u00c7\u00c3O COM ESTE S\u00cdTIO WEB OU COM O SEU CONTE\u00daDO<\/strong><br \/>O visitante assume todos os riscos de v\u00edrus, worms ou outros agentes maliciosos que possam danificar o seu computador ou software. N\u00e3o somos respons\u00e1veis por quaisquer danos no computador ou software do visitante ou de qualquer outra pessoa com quem o visitante possa interagir, causados por c\u00f3digo malicioso ou dados que possam ser inadvertidamente transmitidos para o computador do visitante. O visitante que visualiza ou interage com a Startmsg.com \/ Startmsg.com, ou com quaisquer an\u00fancios, banners ou pop-ups, f\u00e1-lo por sua conta e risco.<\/p><p><strong>RESPONSABILIDADE PELOS DADOS CARREGADOS<\/strong><br \/>O visitante descarrega informa\u00e7\u00f5es de Startmsg.com \/ Startmsg.lt por sua conta e risco. O s\u00edtio n\u00e3o garante que os downloads estejam isentos de c\u00f3digo inform\u00e1tico corrompido, incluindo, mas n\u00e3o se limitando a, v\u00edrus e worms.<\/p><p><strong>RECUSA<\/strong><br \/>Ao visualizar, utilizar ou interagir de qualquer outra forma com a Startmsg.com\/Startmsg.com, incluindo publicidade, banners ou pop-ups, e como condi\u00e7\u00e3o para a autoriza\u00e7\u00e3o do site, o Visitante renuncia para sempre a todos e quaisquer direitos a qualquer pedido de indemniza\u00e7\u00e3o com base em qualquer fator causal que possa dar origem a quaisquer danos, sejam eles graves ou grandes, f\u00edsicos ou emocionais, previs\u00edveis ou imprevis\u00edveis, pessoais ou comerciais. Sujeito a qualquer lei que n\u00e3o permita tais excep\u00e7\u00f5es, a nossa responsabilidade m\u00e1xima n\u00e3o exceder\u00e1 o montante pago ao utilizador, caso exista, pela utiliza\u00e7\u00e3o do nosso s\u00edtio Web ou servi\u00e7os. Al\u00e9m disso, o utilizador concorda que o incumprimento das nossas obriga\u00e7\u00f5es devido a eventos fora do nosso controlo inclui, mas n\u00e3o se limita a, actos de Deus, actos de guerra, terrorismo, insurrei\u00e7\u00f5es, motins, actividades criminosas, cat\u00e1strofes naturais, falhas de comunica\u00e7\u00f5es ou de infra-estruturas, escassez ou interrup\u00e7\u00f5es de trabalho (incluindo greves ilegais), escassez de material e quaisquer outros eventos que estejam fora do nosso controlo.<\/p><p><strong>RESPONSABILIDADE<\/strong><br \/>O Visitante concorda que, se causar danos a n\u00f3s ou a terceiros resultantes de ou relacionados com a utiliza\u00e7\u00e3o de Startmsg.com \/ Startmsg.com, o Visitante ir\u00e1 indemnizar-nos e, quando aplic\u00e1vel, defender-nos contra quaisquer pedidos de indemniza\u00e7\u00e3o.<\/p><p><strong>SUBMISS\u00d5ES<\/strong><br \/>O Visitante concorda que qualquer comunica\u00e7\u00e3o entre o Visitante e o S\u00edtio Web ser\u00e1 considerada como uma submiss\u00e3o. Todos os envios, incluindo quaisquer gr\u00e1ficos neles contidos, ou qualquer conte\u00fado neles contido, tornar-se-\u00e3o propriedade exclusiva do S\u00edtio e podem ser utilizados, sem autoriza\u00e7\u00e3o adicional, para fins comerciais sem compensa\u00e7\u00e3o adicional. O visitante concorda em fornecer ao S\u00edtio apenas os dados que deseja permitir permanentemente que o S\u00edtio utilize da forma que desejar. \"Envios\" \u00e9 tamb\u00e9m uma disposi\u00e7\u00e3o da Pol\u00edtica de Privacidade.<\/p><p><strong>COMUNICADO DE IMPRENSA<\/strong><br \/>N\u00e3o \u00e9 necess\u00e1rio fornecer quaisquer avisos adicionais ao Visitante, seja por que motivo for, e o Visitante reconhece expressamente que renuncia ao direito de aviso como condi\u00e7\u00e3o para poder visualizar ou interagir com o S\u00edtio Web.<\/p><p><strong>GINCHAI<\/strong><br \/>Como parte dos termos e condi\u00e7\u00f5es exigidos pelo Site para que o Visitante visualize, utilize ou interaja com este Site, o Visitante concorda em recorrer \u00e0 arbitragem vinculativa para qualquer reclama\u00e7\u00e3o, lit\u00edgio ou controv\u00e9rsia (\"RECLAMA\u00c7\u00c3O\") sob qualquer forma (seja em contrato, ato il\u00edcito ou outra), decorrente ou relacionada com esta compra, este produto, incluindo quest\u00f5es de solicita\u00e7\u00e3o, privacidade e os termos de utiliza\u00e7\u00e3o. A arbitragem ser\u00e1 efectuada de acordo com as Regras de Arbitragem da Litu\u00e2nia. As informa\u00e7\u00f5es sobre as institui\u00e7\u00f5es de arbitragem lituanas e as suas regras est\u00e3o dispon\u00edveis nos seus s\u00edtios Web oficiais. As audi\u00eancias ter\u00e3o lugar no territ\u00f3rio da cidade ou distrito onde o propriet\u00e1rio da Startmsg.com \/ Startmsg.lt est\u00e1 localizado. Nenhum Visitante, membro, subscritor ou cliente ter\u00e1 o direito de recorrer a um tribunal ou a um processo judicial. Nenhum Visitante, visitante, membro, assinante ou cliente ter\u00e1 o direito de participar em qualquer investiga\u00e7\u00e3o pr\u00e9-julgamento, exceto conforme previsto nas Regras; ele\/ela n\u00e3o ter\u00e1 o direito de participar como representante ou membro de classe em rela\u00e7\u00e3o a qualquer reivindica\u00e7\u00e3o sujeita a arbitragem; a decis\u00e3o do \u00e1rbitro ser\u00e1 final e vinculativa, com direitos limitados de recurso. A Parte apoiante ter\u00e1 direito a ser reembolsada pela outra Parte por todos e quaisquer custos e despesas incorridos em rela\u00e7\u00e3o \u00e0 arbitragem, incluindo honor\u00e1rios de advogados, taxas de cobran\u00e7a, taxas de investiga\u00e7\u00e3o, despesas de desloca\u00e7\u00e3o.<\/p><p><strong>JURISDI\u00c7\u00c3O E FORO<\/strong><br \/>Se qualquer quest\u00e3o relacionada com esta compra for apresentada a um tribunal, antes ou depois da arbitragem, o Visitante, visitante, membro, subscritor ou cliente concorda que a jurisdi\u00e7\u00e3o \u00fanica e adequada ser\u00e1 a indicada nas informa\u00e7\u00f5es de contacto do propriet\u00e1rio do s\u00edtio Web, salvo indica\u00e7\u00e3o em contr\u00e1rio. Se o lit\u00edgio estiver pendente num tribunal federal, o local adequado ser\u00e1 o tribunal federal mais pr\u00f3ximo localizado perto do endere\u00e7o do propriet\u00e1rio da Startmsg.com\/Startmsg.com.<\/p>\t\t\t\t\t\t\t\t<\/div>\n\t\t\t\t<\/div>\n\t\t\t\t\t<\/div>\n\t\t\t\t<\/div>\n\t\t\t\t<\/div>","protected":false},"excerpt":{"rendered":"<p>AO ADIRAR OU UTILIZAR a Startmsg.com \/ Startmsg.lt, AFIRMA QUE TEM PLENA AUTORIZA\u00c7\u00c3O PARA AGIR EM SEU PROPRIO PROP\u00d3SITO, DE QUALQUER TERCEIRO, EMPRESA OU [...]<\/p>","protected":false},"author":1,"featured_media":0,"parent":0,"menu_order":0,"comment_status":"closed","ping_status":"closed","template":"","meta":{"footnotes":""},"class_list":["post-1078","page","type-page","status-publish","hentry"],"yoast_head":"<!-- This site is optimized with the Yoast SEO Premium plugin v23.8 (Yoast SEO v26.4) - https:\/\/yoast.com\/wordpress\/plugins\/seo\/ -->\n<title>Taisykl\u0117s ir s\u0105lygos - startmsg.lt<\/title>\n<meta name=\"robots\" content=\"index, follow, max-snippet:-1, max-image-preview:large, max-video-preview:-1\" \/>\n<link rel=\"canonical\" href=\"https:\/\/startmsg.lt\/pt\/termos-e-condicoes\/\" \/>\n<meta property=\"og:locale\" content=\"pt_PT\" \/>\n<meta property=\"og:type\" content=\"article\" \/>\n<meta property=\"og:title\" content=\"Taisykl\u0117s ir s\u0105lygos\" \/>\n<meta property=\"og:description\" content=\"PRISIJUNGDAMI AR NAUDODAMIESI Startmsg.com \/ Startmsg.lt, J\u016aS PATVIRTINATE, KAD TURITE PILN\u0104 \u012eGALIOJIM\u0104 VEIKTI, KAD SUREMTUM\u0116TE SAVE, BET KUR\u012e TRE\u010cI\u0104J\u012e ASMEN\u012e, \u012eMON\u0118 ARBA [&hellip;]\" \/>\n<meta property=\"og:url\" content=\"https:\/\/startmsg.lt\/pt\/termos-e-condicoes\/\" \/>\n<meta property=\"og:site_name\" content=\"startmsg.lt\" \/>\n<meta property=\"article:publisher\" content=\"https:\/\/facebook.com\/chatbotas\" \/>\n<meta property=\"article:modified_time\" content=\"2025-06-01T21:31:13+00:00\" \/>\n<meta name=\"twitter:card\" content=\"summary_large_image\" \/>\n<meta name=\"twitter:label1\" content=\"Tempo estimado de leitura\" \/>\n\t<meta name=\"twitter:data1\" content=\"8 minutos\" \/>\n<script type=\"application\/ld+json\" class=\"yoast-schema-graph\">{\"@context\":\"https:\/\/schema.org\",\"@graph\":[{\"@type\":\"WebPage\",\"@id\":\"https:\/\/startmsg.lt\/taisykles-ir-salygos\/\",\"url\":\"https:\/\/startmsg.lt\/taisykles-ir-salygos\/\",\"name\":\"Taisykl\u0117s ir s\u0105lygos - startmsg.lt\",\"isPartOf\":{\"@id\":\"https:\/\/startmsg.lt\/#website\"},\"datePublished\":\"2024-10-12T22:41:56+00:00\",\"dateModified\":\"2025-06-01T21:31:13+00:00\",\"breadcrumb\":{\"@id\":\"https:\/\/startmsg.lt\/taisykles-ir-salygos\/#breadcrumb\"},\"inLanguage\":\"pt-PT\",\"potentialAction\":[{\"@type\":\"ReadAction\",\"target\":[\"https:\/\/startmsg.lt\/taisykles-ir-salygos\/\"]}]},{\"@type\":\"BreadcrumbList\",\"@id\":\"https:\/\/startmsg.lt\/taisykles-ir-salygos\/#breadcrumb\",\"itemListElement\":[{\"@type\":\"ListItem\",\"position\":1,\"name\":\"Home\",\"item\":\"https:\/\/startmsg.lt\/\"},{\"@type\":\"ListItem\",\"position\":2,\"name\":\"Taisykl\u0117s ir s\u0105lygos\"}]},{\"@type\":\"WebSite\",\"@id\":\"https:\/\/startmsg.lt\/#website\",\"url\":\"https:\/\/startmsg.lt\/\",\"name\":\"startmsg.lt\",\"description\":\"\",\"publisher\":{\"@id\":\"https:\/\/startmsg.lt\/#organization\"},\"potentialAction\":[{\"@type\":\"SearchAction\",\"target\":{\"@type\":\"EntryPoint\",\"urlTemplate\":\"https:\/\/startmsg.lt\/?s={search_term_string}\"},\"query-input\":{\"@type\":\"PropertyValueSpecification\",\"valueRequired\":true,\"valueName\":\"search_term_string\"}}],\"inLanguage\":\"pt-PT\"},{\"@type\":\"Organization\",\"@id\":\"https:\/\/startmsg.lt\/#organization\",\"name\":\"startmsg.lt\",\"url\":\"https:\/\/startmsg.lt\/\",\"logo\":{\"@type\":\"ImageObject\",\"inLanguage\":\"pt-PT\",\"@id\":\"https:\/\/startmsg.lt\/#\/schema\/logo\/image\/\",\"url\":\"https:\/\/startmsg.lt\/wp-content\/uploads\/2024\/01\/favicon.png\",\"contentUrl\":\"https:\/\/startmsg.lt\/wp-content\/uploads\/2024\/01\/favicon.png\",\"width\":196,\"height\":196,\"caption\":\"startmsg.lt\"},\"image\":{\"@id\":\"https:\/\/startmsg.lt\/#\/schema\/logo\/image\/\"},\"sameAs\":[\"https:\/\/facebook.com\/chatbotas\",\"https:\/\/www.instagram.com\/chatbotas\"]}]}<\/script>\n<!-- \/ Yoast SEO Premium plugin. -->","yoast_head_json":{"title":"Termos e Condi\u00e7\u00f5es - startmsg.lt","robots":{"index":"index","follow":"follow","max-snippet":"max-snippet:-1","max-image-preview":"max-image-preview:large","max-video-preview":"max-video-preview:-1"},"canonical":"https:\/\/startmsg.lt\/pt\/termos-e-condicoes\/","og_locale":"pt_PT","og_type":"article","og_title":"Taisykl\u0117s ir s\u0105lygos","og_description":"PRISIJUNGDAMI AR NAUDODAMIESI Startmsg.com \/ Startmsg.lt, J\u016aS PATVIRTINATE, KAD TURITE PILN\u0104 \u012eGALIOJIM\u0104 VEIKTI, KAD SUREMTUM\u0116TE SAVE, BET KUR\u012e TRE\u010cI\u0104J\u012e ASMEN\u012e, \u012eMON\u0118 ARBA [&hellip;]","og_url":"https:\/\/startmsg.lt\/pt\/termos-e-condicoes\/","og_site_name":"startmsg.lt","article_publisher":"https:\/\/facebook.com\/chatbotas","article_modified_time":"2025-06-01T21:31:13+00:00","twitter_card":"summary_large_image","twitter_misc":{"Tempo estimado de leitura":"8 minutos"},"schema":{"@context":"https:\/\/schema.org","@graph":[{"@type":"WebPage","@id":"https:\/\/startmsg.lt\/taisykles-ir-salygos\/","url":"https:\/\/startmsg.lt\/taisykles-ir-salygos\/","name":"Termos e Condi\u00e7\u00f5es - startmsg.lt","isPartOf":{"@id":"https:\/\/startmsg.lt\/#website"},"datePublished":"2024-10-12T22:41:56+00:00","dateModified":"2025-06-01T21:31:13+00:00","breadcrumb":{"@id":"https:\/\/startmsg.lt\/taisykles-ir-salygos\/#breadcrumb"},"inLanguage":"pt-PT","potentialAction":[{"@type":"ReadAction","target":["https:\/\/startmsg.lt\/taisykles-ir-salygos\/"]}]},{"@type":"BreadcrumbList","@id":"https:\/\/startmsg.lt\/taisykles-ir-salygos\/#breadcrumb","itemListElement":[{"@type":"ListItem","position":1,"name":"Home","item":"https:\/\/startmsg.lt\/"},{"@type":"ListItem","position":2,"name":"Taisykl\u0117s ir s\u0105lygos"}]},{"@type":"WebSite","@id":"https:\/\/startmsg.lt\/#website","url":"https:\/\/startmsg.lt\/","name":"startmsg.lt","description":"","publisher":{"@id":"https:\/\/startmsg.lt\/#organization"},"potentialAction":[{"@type":"SearchAction","target":{"@type":"EntryPoint","urlTemplate":"https:\/\/startmsg.lt\/?s={search_term_string}"},"query-input":{"@type":"PropertyValueSpecification","valueRequired":true,"valueName":"search_term_string"}}],"inLanguage":"pt-PT"},{"@type":"Organization","@id":"https:\/\/startmsg.lt\/#organization","name":"startmsg.lt","url":"https:\/\/startmsg.lt\/","logo":{"@type":"ImageObject","inLanguage":"pt-PT","@id":"https:\/\/startmsg.lt\/#\/schema\/logo\/image\/","url":"https:\/\/startmsg.lt\/wp-content\/uploads\/2024\/01\/favicon.png","contentUrl":"https:\/\/startmsg.lt\/wp-content\/uploads\/2024\/01\/favicon.png","width":196,"height":196,"caption":"startmsg.lt"},"image":{"@id":"https:\/\/startmsg.lt\/#\/schema\/logo\/image\/"},"sameAs":["https:\/\/facebook.com\/chatbotas","https:\/\/www.instagram.com\/chatbotas"]}]}},"_links":{"self":[{"href":"https:\/\/startmsg.lt\/pt\/wp-json\/wp\/v2\/pages\/1078","targetHints":{"allow":["GET"]}}],"collection":[{"href":"https:\/\/startmsg.lt\/pt\/wp-json\/wp\/v2\/pages"}],"about":[{"href":"https:\/\/startmsg.lt\/pt\/wp-json\/wp\/v2\/types\/page"}],"author":[{"embeddable":true,"href":"https:\/\/startmsg.lt\/pt\/wp-json\/wp\/v2\/users\/1"}],"replies":[{"embeddable":true,"href":"https:\/\/startmsg.lt\/pt\/wp-json\/wp\/v2\/comments?post=1078"}],"version-history":[{"count":7,"href":"https:\/\/startmsg.lt\/pt\/wp-json\/wp\/v2\/pages\/1078\/revisions"}],"predecessor-version":[{"id":2436,"href":"https:\/\/startmsg.lt\/pt\/wp-json\/wp\/v2\/pages\/1078\/revisions\/2436"}],"wp:attachment":[{"href":"https:\/\/startmsg.lt\/pt\/wp-json\/wp\/v2\/media?parent=1078"}],"curies":[{"name":"wp","href":"https:\/\/api.w.org\/{rel}","templated":true}]}}