{"id":1072,"date":"2024-10-12T22:30:05","date_gmt":"2024-10-12T22:30:05","guid":{"rendered":"https:\/\/startmsg.lt\/?page_id=1072"},"modified":"2025-06-01T21:30:13","modified_gmt":"2025-06-01T21:30:13","slug":"bdar","status":"publish","type":"page","link":"https:\/\/startmsg.lt\/pt\/bdar\/","title":{"rendered":"RGPD"},"content":{"rendered":"<div data-elementor-type=\"wp-page\" data-elementor-id=\"1072\" class=\"elementor elementor-1072\" data-elementor-settings=\"{&quot;element_pack_global_tooltip_width&quot;:{&quot;unit&quot;:&quot;px&quot;,&quot;size&quot;:&quot;&quot;,&quot;sizes&quot;:[]},&quot;element_pack_global_tooltip_width_tablet&quot;:{&quot;unit&quot;:&quot;px&quot;,&quot;size&quot;:&quot;&quot;,&quot;sizes&quot;:[]},&quot;element_pack_global_tooltip_width_mobile&quot;:{&quot;unit&quot;:&quot;px&quot;,&quot;size&quot;:&quot;&quot;,&quot;sizes&quot;:[]},&quot;element_pack_global_tooltip_padding&quot;:{&quot;unit&quot;:&quot;px&quot;,&quot;top&quot;:&quot;&quot;,&quot;right&quot;:&quot;&quot;,&quot;bottom&quot;:&quot;&quot;,&quot;left&quot;:&quot;&quot;,&quot;isLinked&quot;:true},&quot;element_pack_global_tooltip_padding_tablet&quot;:{&quot;unit&quot;:&quot;px&quot;,&quot;top&quot;:&quot;&quot;,&quot;right&quot;:&quot;&quot;,&quot;bottom&quot;:&quot;&quot;,&quot;left&quot;:&quot;&quot;,&quot;isLinked&quot;:true},&quot;element_pack_global_tooltip_padding_mobile&quot;:{&quot;unit&quot;:&quot;px&quot;,&quot;top&quot;:&quot;&quot;,&quot;right&quot;:&quot;&quot;,&quot;bottom&quot;:&quot;&quot;,&quot;left&quot;:&quot;&quot;,&quot;isLinked&quot;:true},&quot;element_pack_global_tooltip_border_radius&quot;:{&quot;unit&quot;:&quot;px&quot;,&quot;top&quot;:&quot;&quot;,&quot;right&quot;:&quot;&quot;,&quot;bottom&quot;:&quot;&quot;,&quot;left&quot;:&quot;&quot;,&quot;isLinked&quot;:true},&quot;element_pack_global_tooltip_border_radius_tablet&quot;:{&quot;unit&quot;:&quot;px&quot;,&quot;top&quot;:&quot;&quot;,&quot;right&quot;:&quot;&quot;,&quot;bottom&quot;:&quot;&quot;,&quot;left&quot;:&quot;&quot;,&quot;isLinked&quot;:true},&quot;element_pack_global_tooltip_border_radius_mobile&quot;:{&quot;unit&quot;:&quot;px&quot;,&quot;top&quot;:&quot;&quot;,&quot;right&quot;:&quot;&quot;,&quot;bottom&quot;:&quot;&quot;,&quot;left&quot;:&quot;&quot;,&quot;isLinked&quot;:true}}\">\n\t\t\t\t<div class=\"elementor-element elementor-element-f2aa005 e-flex e-con-boxed e-con e-parent\" data-id=\"f2aa005\" data-element_type=\"container\">\n\t\t\t\t\t<div class=\"e-con-inner\">\n\t\t\t\t<div class=\"elementor-element elementor-element-fd9e34f elementor-widget elementor-widget-spacer\" data-id=\"fd9e34f\" data-element_type=\"widget\" data-widget_type=\"spacer.default\">\n\t\t\t\t<div class=\"elementor-widget-container\">\n\t\t\t\t\t\t\t<div class=\"elementor-spacer\">\n\t\t\t<div class=\"elementor-spacer-inner\"><\/div>\n\t\t<\/div>\n\t\t\t\t\t\t<\/div>\n\t\t\t\t<\/div>\n\t\t\t\t<div class=\"elementor-element elementor-element-879cba3 elementor-widget elementor-widget-text-editor\" data-id=\"879cba3\" data-element_type=\"widget\" data-widget_type=\"text-editor.default\">\n\t\t\t\t<div class=\"elementor-widget-container\">\n\t\t\t\t\t\t\t\t\t<h3>O que \u00e9 o RGPD?<\/h3><p>O GDPR \u00e9 o Regulamento Geral sobre a Prote\u00e7\u00e3o de Dados (GDPR). Uma nova lei introduzida pela UE para proteger os dados pessoais dos utilizadores. Esta lei abrange v\u00e1rios aspectos da seguran\u00e7a dos dados. Aqui fornecemos orienta\u00e7\u00f5es sobre como protegemos os seus dados, quais s\u00e3o as nossas responsabilidades e quais s\u00e3o as suas responsabilidades. Recomendamos vivamente que leia toda a nossa documenta\u00e7\u00e3o ou outros artigos sobre o RGPD para decidir se pretende utilizar a nossa aplica\u00e7\u00e3o. N\u00e3o somos respons\u00e1veis por quaisquer omiss\u00f5es ou erros na prote\u00e7\u00e3o de dados cometidos por si ou por terceiros. Reserve algum tempo para ler a documenta\u00e7\u00e3o e aja de forma sensata para se manter seguro.<\/p><h3>Defini\u00e7\u00e3o de dados pessoais:<\/h3><p>Todos os dados que pertencem a uma pessoa s\u00e3o dados pessoais. Pode ser o nome, a imagem, o endere\u00e7o de correio eletr\u00f3nico, o endere\u00e7o f\u00edsico, uma publica\u00e7\u00e3o nas redes sociais, a localiza\u00e7\u00e3o, o endere\u00e7o IP do computador, etc. O propriet\u00e1rio dos dados pessoais \u00e9 a \u00fanica parte legal dos mesmos. Isto significa que, independentemente do local e da forma como os dados s\u00e3o armazenados, estes pertencem \u00e0 pessoa em causa. O coletor de dados ou o utilizador (por exemplo, Facebook, YouTube) n\u00e3o pode apresentar, armazenar ou partilhar dados pessoais sem o consentimento expl\u00edcito ou impl\u00edcito do utilizador. Se o utilizador der autoriza\u00e7\u00e3o para que os seus dados sejam utilizados para determinadas actividades (armazenamento de dados, visualiza\u00e7\u00e3o, etc.), o administrador da aplica\u00e7\u00e3o pode utiliz\u00e1-los.<\/p><p>Imagine uma situa\u00e7\u00e3o hipot\u00e9tica: publica uma mensagem nas redes sociais. Neste caso, d\u00e1 autoriza\u00e7\u00e3o impl\u00edcita para mostrar a publica\u00e7\u00e3o aos seus contactos p\u00fablicos ou privados. O administrador da aplica\u00e7\u00e3o n\u00e3o \u00e9 respons\u00e1vel pelos coment\u00e1rios ofensivos que possam ser deixados pelos seus contactos. Isto significa que, se tiver tornado os seus dados p\u00fablicos, a responsabilidade \u00e9 sua. No entanto, o administrador do programa \u00e9 respons\u00e1vel por qualquer partilha de dados com terceiros. Se houver partilha de dados, esta deve ser previamente esclarecida. Assim, podemos ver como o carregamento e a apresenta\u00e7\u00e3o de dados dependem tanto do administrador do programa como do utilizador. S\u00e3o fornecidos mais pormenores ao longo da documenta\u00e7\u00e3o.<\/p><h3>Responsabilidade do promotor:<\/h3><p>A prote\u00e7\u00e3o dos dados pessoais do utilizador no back end \u00e9 da responsabilidade do programador. O programador \u00e9 respons\u00e1vel pela forma como os dados do utilizador (nome, n\u00famero de telefone, e-mail, etc.) e outras informa\u00e7\u00f5es (por exemplo, registos da intera\u00e7\u00e3o do utilizador com a aplica\u00e7\u00e3o) s\u00e3o armazenados na base de dados e no servidor. Descreveremos em pormenor a forma como os dados diretos (nome, e-mail, etc.) e indirectos (nome do browser, IP do computador, etc.) s\u00e3o armazenados na base de dados e no servidor. Quando os dados s\u00e3o carregados no servidor, a sua seguran\u00e7a depende da seguran\u00e7a do servidor e, por vezes, do administrador da aplica\u00e7\u00e3o.<\/p><p>O utilizador ser\u00e1 informado de todos os m\u00e9todos de armazenamento de dados tempor\u00e1rios (cookies e sess\u00f5es) e permanentes (dados armazenados numa base de dados). O Utilizador ter\u00e1 a oportunidade de apagar todos os seus dados pessoais depois de apagar a sua conta ou de terminar o servi\u00e7o. Garantimos que n\u00e3o guardamos registos das actividades do utilizador e que n\u00e3o dispomos de meios secretos para extrair os dados do utilizador. Ocasionalmente, o administrador de uma aplica\u00e7\u00e3o pode conceder ao programador acesso ao cPanel e a outras credenciais para lhe permitir manter e gerir a aplica\u00e7\u00e3o durante um curto per\u00edodo de tempo antes do seu lan\u00e7amento. Recomendamos vivamente que o administrador altere estas credenciais quando o trabalho estiver conclu\u00eddo. O programador n\u00e3o \u00e9 respons\u00e1vel por qualquer fuga destas credenciais. O programador tamb\u00e9m n\u00e3o \u00e9 respons\u00e1vel por quaisquer falhas de seguran\u00e7a n\u00e3o intencionais no programa. Afinal, os dados partilhados na Internet t\u00eam sempre um risco de fuga. Por isso, recomendamos vivamente que n\u00e3o partilhe quaisquer dados que o possam comprometer a si ou a outra pessoa.<\/p><h3>Responsabilidades do Administrador do Programa:<\/h3><p>O administrador da aplica\u00e7\u00e3o tem acesso ilimitado aos dados pessoais do utilizador. O administrador pode ver e copiar os dados armazenados na base de dados e no servidor. O administrador pode partilhar os dados pessoais do utilizador com terceiros. A forma como os dados do utilizador ser\u00e3o utilizados deve ser claramente divulgada antes do registo do utilizador. O administrador n\u00e3o deve permitir que ningu\u00e9m recolha dados abertamente ou sob o pretexto de preenchimento de inqu\u00e9ritos ou formul\u00e1rios. O administrador da aplica\u00e7\u00e3o tem os maiores privil\u00e9gios e, por conseguinte, a maior responsabilidade pela prote\u00e7\u00e3o dos dados pessoais dos utilizadores.<\/p><h3>Responsabilidade do utilizador:<\/h3><p>Tudo depende do utilizador. Se o utilizador n\u00e3o fornecer os dados, n\u00e3o haver\u00e1 fuga de dados, mas esta n\u00e3o \u00e9 uma op\u00e7\u00e3o. \u00c9 da exclusiva responsabilidade do utilizador manter as suas credenciais seguras. A palavra-passe e o nome de utilizador podem ser encriptados na base de dados, mas uma palavra-passe demasiado previs\u00edvel pode permitir que um hacker aceda facilmente \u00e0 conta do utilizador. Altere as suas informa\u00e7\u00f5es se detetar qualquer atividade suspeita ou se tiver de partilhar as suas palavras-passe com outras pessoas. Pense sempre antes de fornecer os seus dados.<\/p><p><strong>A nossa a\u00e7\u00e3o sobre o RGPD:<\/strong><\/p><ol><li><strong>O m\u00ednimo poss\u00edvel de recolha de dados:<\/strong> Recolhemos apenas os dados mais necess\u00e1rios e explicamos ao utilizador porque \u00e9 que determinados dados s\u00e3o necess\u00e1rios.<\/li><li><strong>Utilizar HTTPS:<\/strong> Fornecemos comunica\u00e7\u00e3o encriptada em toda a aplica\u00e7\u00e3o para proteger os dados contra interce\u00e7\u00e3o.<\/li><li><strong>Limpar a sess\u00e3o e os cookies:<\/strong> Depois de desligar, apagamos todas as sess\u00f5es e cookies.<\/li><li><strong>N\u00e3o monitorizar a atividade do utilizador para fins comerciais:<\/strong> N\u00e3o rastreamos as actividades dos utilizadores para lhes fornecer publicidade direcionada ou ofertas comerciais.<\/li><li><strong>Informar o utilizador sobre o armazenamento do IP do computador e dos dados de localiza\u00e7\u00e3o:<\/strong> Informamos claramente os utilizadores de quaisquer registos armazenados em rela\u00e7\u00e3o ao IP ou \u00e0 localiza\u00e7\u00e3o de um computador.<\/li><li><strong>Termos e condi\u00e7\u00f5es e pol\u00edtica de privacidade claros:<\/strong> Fornecemos regras transparentes sobre os requisitos do RGPD e as condi\u00e7\u00f5es de utiliza\u00e7\u00e3o dos dados.<\/li><li><strong>Informar a participa\u00e7\u00e3o de terceiros:<\/strong> Os utilizadores ser\u00e3o informados de qualquer partilha dos seus dados com terceiros.<\/li><li><strong>Pol\u00edtica em mat\u00e9ria de fuga de dados:<\/strong> Temos regras claras sobre a forma como lidamos com quaisquer fugas de dados.<\/li><li><strong>Elimina\u00e7\u00e3o de dados:<\/strong> Os utilizadores t\u00eam a op\u00e7\u00e3o de eliminar permanentemente os seus dados depois de eliminarem a sua conta ou cancelarem um servi\u00e7o.<\/li><li><strong>Actualiza\u00e7\u00f5es de seguran\u00e7a de software:<\/strong> Implementamos todas as correc\u00e7\u00f5es necess\u00e1rias para garantir que o software est\u00e1 protegido contra vulnerabilidades.<\/li><\/ol><p><strong>As fun\u00e7\u00f5es do RGPD s\u00e3o suportadas:<\/strong><\/p><ol><li><p><strong>\"Adios, App\" (Tudo de bom, app):<\/strong> Quando um utilizador cancela a sua subscri\u00e7\u00e3o ou elimina a sua conta, damos-lhe a oportunidade de eliminar todos os dados relacionados com a sua conta. Esta a\u00e7\u00e3o \u00e9 irrevers\u00edvel - se os dados forem apagados, ser\u00e3o permanentemente removidos da base de dados e do servidor. O utilizador pode fazer uma c\u00f3pia de seguran\u00e7a antes da elimina\u00e7\u00e3o, caso pretenda regressar.<\/p><\/li><li><p><strong>O segredo \u00e9 um direito meu:<\/strong> Encriptamos a maior parte dos seus dados pessoais armazenados na base de dados. Se ocorresse uma fuga de dados, o pirata inform\u00e1tico s\u00f3 obteria os dados encriptados e n\u00e3o as suas informa\u00e7\u00f5es pessoais num formato aberto. Alguns dados n\u00e3o podem ser encriptados (por exemplo, o nome de utilizador) porque t\u00eam de ser apresentados quando o utilizador inicia sess\u00e3o na sua conta. No entanto, mascaramos o m\u00e1ximo poss\u00edvel de informa\u00e7\u00f5es pessoais.<\/p><\/li><li><p><strong>Sem cookies e armazenamento de sess\u00e3o:<\/strong> Damos-lhe a op\u00e7\u00e3o de escolher se pretende guardar os cookies e as sess\u00f5es. Mesmo que opte por guard\u00e1-los, os cookies e as sess\u00f5es ser\u00e3o eliminados depois de terminar a sess\u00e3o. Recomendamos vivamente que n\u00e3o guarde os seus dados de in\u00edcio de sess\u00e3o no seu browser. \u00c9 prefer\u00edvel memorizar a sua palavra-passe ou utilizar ferramentas como o LastPass para a gest\u00e3o de palavras-passe.<\/p><\/li><li><p><strong>Erradica\u00e7\u00e3o de vest\u00edgios:<\/strong> N\u00e3o monitorizamos nem acompanhamos as suas actividades para fins comerciais. Podemos apenas armazenar a sua hora de in\u00edcio de sess\u00e3o ou o seu endere\u00e7o IP, mas apenas por motivos de seguran\u00e7a. Quando elimina a sua conta, todos os seus dados ser\u00e3o completamente eliminados do servidor.<\/p><\/li><li><p><strong>A engenharia social \u00e9 m\u00e1:<\/strong> N\u00e3o registamos nenhuma das suas actividades pessoais na aplica\u00e7\u00e3o. Registar, analisar e tentar vender um produto ou motivar um utilizador com base nestes dados \u00e9 uma pr\u00e1tica pouco \u00e9tica. N\u00f3s n\u00e3o o fazemos.<\/p><\/li><li><p><strong>Depois diz-me:<\/strong> Receber notifica\u00e7\u00f5es de todas as ac\u00e7\u00f5es relacionadas com a sua conta (cria\u00e7\u00e3o de conta, altera\u00e7\u00e3o de palavra-passe) por correio eletr\u00f3nico. Recomendamos que altere as suas credenciais se detetar quaisquer ac\u00e7\u00f5es invulgares.<\/p><\/li><li><p><strong>Notifica\u00e7\u00e3o de actualiza\u00e7\u00f5es de pol\u00edticas:<\/strong> Ser\u00e1 notificado de quaisquer actualiza\u00e7\u00f5es da pol\u00edtica de privacidade ou da declara\u00e7\u00e3o de exonera\u00e7\u00e3o de responsabilidade. Leia os seus e-mails sobre esta quest\u00e3o e decida como proceder. N\u00e3o hesite em contactar-nos sobre estas quest\u00f5es.<\/p><\/li><li><p><strong>Adira sem complica\u00e7\u00f5es:<\/strong> Implement\u00e1mos HTTPS em todo o lado, pelo que a interce\u00e7\u00e3o de dados \u00e9 imposs\u00edvel. Mesmo que algu\u00e9m o conseguisse fazer, o hacker s\u00f3 obteria dados encriptados. Assim, pode utilizar a nossa aplica\u00e7\u00e3o em seguran\u00e7a.<\/p><\/li><li><p><strong>N\u00e3o armazenamos os dados do utilizador:<\/strong> N\u00e3o armazenamos quaisquer dados do utilizador. N\u00e3o existem op\u00e7\u00f5es ocultas que recolham dados. Assim que a aplica\u00e7\u00e3o \u00e9 carregada no servidor, n\u00e3o temos acesso a ela sem uma palavra-passe de administrador. Por isso, n\u00e3o se preocupe com fugas de dados ocultas.<\/p><\/li><li><p><strong>Pol\u00edtica de fuga de dados:<\/strong> Implement\u00e1mos todas as medidas de seguran\u00e7a para proteger os seus dados na base de dados (encripta\u00e7\u00e3o de dados, MySQL, preven\u00e7\u00e3o de inje\u00e7\u00e3o de SQL, valida\u00e7\u00e3o de entradas, etc.). As palavras-passe fracas ou demasiado previs\u00edveis podem comprometer a seguran\u00e7a dos seus dados, pelo que s\u00e3o da sua responsabilidade.<\/p><\/li><\/ol><p><strong>O envio de mensagens em massa aos utilizadores do Facebook atrav\u00e9s do nosso sistema est\u00e1 em conformidade com o RGPD?<\/strong><\/p><p>Sim, o envio de comunica\u00e7\u00f5es em massa atrav\u00e9s do nosso sistema est\u00e1 em conformidade com o RGPD. Uma vez que as pessoas OPT-IN (iniciam voluntariamente uma conversa) na nossa p\u00e1gina do Facebook, podemos provar isso. Tornam-se nossos contactos de forma leg\u00edtima. Todas as mensagens enviadas devem ter uma liga\u00e7\u00e3o de auto-exclus\u00e3o (esta funcionalidade j\u00e1 existe) ou outra forma de permitir que as pessoas se auto-excluam em qualquer altura.<\/p>\t\t\t\t\t\t\t\t<\/div>\n\t\t\t\t<\/div>\n\t\t\t\t\t<\/div>\n\t\t\t\t<\/div>\n\t\t\t\t<\/div>","protected":false},"excerpt":{"rendered":"<p>Kas yra BDAR? BDAR \u2013 tai Bendrasis duomen\u0173 apsaugos reglamentas (angl. General Data Protection Regulation). Naujas ES \u012fvestas \u012fstatymas, skirtas apsaugoti naudotoj\u0173 [&hellip;]<\/p>","protected":false},"author":1,"featured_media":0,"parent":0,"menu_order":0,"comment_status":"closed","ping_status":"closed","template":"","meta":{"footnotes":""},"class_list":["post-1072","page","type-page","status-publish","hentry"],"yoast_head":"<!-- This site is optimized with the Yoast SEO Premium plugin v23.8 (Yoast SEO v26.4) - https:\/\/yoast.com\/wordpress\/plugins\/seo\/ -->\n<title>BDAR - startmsg.lt<\/title>\n<meta name=\"robots\" content=\"index, follow, max-snippet:-1, max-image-preview:large, max-video-preview:-1\" \/>\n<link rel=\"canonical\" href=\"https:\/\/startmsg.lt\/pt\/bdar\/\" \/>\n<meta property=\"og:locale\" content=\"pt_PT\" \/>\n<meta property=\"og:type\" content=\"article\" \/>\n<meta property=\"og:title\" content=\"BDAR\" \/>\n<meta property=\"og:description\" content=\"Kas yra BDAR? BDAR \u2013 tai Bendrasis duomen\u0173 apsaugos reglamentas (angl. General Data Protection Regulation). Naujas ES \u012fvestas \u012fstatymas, skirtas apsaugoti naudotoj\u0173 [&hellip;]\" \/>\n<meta property=\"og:url\" content=\"https:\/\/startmsg.lt\/pt\/bdar\/\" \/>\n<meta property=\"og:site_name\" content=\"startmsg.lt\" \/>\n<meta property=\"article:publisher\" content=\"https:\/\/facebook.com\/chatbotas\" \/>\n<meta property=\"article:modified_time\" content=\"2025-06-01T21:30:13+00:00\" \/>\n<meta name=\"twitter:card\" content=\"summary_large_image\" \/>\n<meta name=\"twitter:label1\" content=\"Tempo estimado de leitura\" \/>\n\t<meta name=\"twitter:data1\" content=\"7 minutos\" \/>\n<script type=\"application\/ld+json\" class=\"yoast-schema-graph\">{\"@context\":\"https:\/\/schema.org\",\"@graph\":[{\"@type\":\"WebPage\",\"@id\":\"https:\/\/startmsg.lt\/bdar\/\",\"url\":\"https:\/\/startmsg.lt\/bdar\/\",\"name\":\"BDAR - startmsg.lt\",\"isPartOf\":{\"@id\":\"https:\/\/startmsg.lt\/#website\"},\"datePublished\":\"2024-10-12T22:30:05+00:00\",\"dateModified\":\"2025-06-01T21:30:13+00:00\",\"breadcrumb\":{\"@id\":\"https:\/\/startmsg.lt\/bdar\/#breadcrumb\"},\"inLanguage\":\"pt-PT\",\"potentialAction\":[{\"@type\":\"ReadAction\",\"target\":[\"https:\/\/startmsg.lt\/bdar\/\"]}]},{\"@type\":\"BreadcrumbList\",\"@id\":\"https:\/\/startmsg.lt\/bdar\/#breadcrumb\",\"itemListElement\":[{\"@type\":\"ListItem\",\"position\":1,\"name\":\"Home\",\"item\":\"https:\/\/startmsg.lt\/\"},{\"@type\":\"ListItem\",\"position\":2,\"name\":\"BDAR\"}]},{\"@type\":\"WebSite\",\"@id\":\"https:\/\/startmsg.lt\/#website\",\"url\":\"https:\/\/startmsg.lt\/\",\"name\":\"startmsg.lt\",\"description\":\"\",\"publisher\":{\"@id\":\"https:\/\/startmsg.lt\/#organization\"},\"potentialAction\":[{\"@type\":\"SearchAction\",\"target\":{\"@type\":\"EntryPoint\",\"urlTemplate\":\"https:\/\/startmsg.lt\/?s={search_term_string}\"},\"query-input\":{\"@type\":\"PropertyValueSpecification\",\"valueRequired\":true,\"valueName\":\"search_term_string\"}}],\"inLanguage\":\"pt-PT\"},{\"@type\":\"Organization\",\"@id\":\"https:\/\/startmsg.lt\/#organization\",\"name\":\"startmsg.lt\",\"url\":\"https:\/\/startmsg.lt\/\",\"logo\":{\"@type\":\"ImageObject\",\"inLanguage\":\"pt-PT\",\"@id\":\"https:\/\/startmsg.lt\/#\/schema\/logo\/image\/\",\"url\":\"https:\/\/startmsg.lt\/wp-content\/uploads\/2024\/01\/favicon.png\",\"contentUrl\":\"https:\/\/startmsg.lt\/wp-content\/uploads\/2024\/01\/favicon.png\",\"width\":196,\"height\":196,\"caption\":\"startmsg.lt\"},\"image\":{\"@id\":\"https:\/\/startmsg.lt\/#\/schema\/logo\/image\/\"},\"sameAs\":[\"https:\/\/facebook.com\/chatbotas\",\"https:\/\/www.instagram.com\/chatbotas\"]}]}<\/script>\n<!-- \/ Yoast SEO Premium plugin. -->","yoast_head_json":{"title":"RGPD - startmsg.lt","robots":{"index":"index","follow":"follow","max-snippet":"max-snippet:-1","max-image-preview":"max-image-preview:large","max-video-preview":"max-video-preview:-1"},"canonical":"https:\/\/startmsg.lt\/pt\/bdar\/","og_locale":"pt_PT","og_type":"article","og_title":"BDAR","og_description":"Kas yra BDAR? BDAR \u2013 tai Bendrasis duomen\u0173 apsaugos reglamentas (angl. General Data Protection Regulation). Naujas ES \u012fvestas \u012fstatymas, skirtas apsaugoti naudotoj\u0173 [&hellip;]","og_url":"https:\/\/startmsg.lt\/pt\/bdar\/","og_site_name":"startmsg.lt","article_publisher":"https:\/\/facebook.com\/chatbotas","article_modified_time":"2025-06-01T21:30:13+00:00","twitter_card":"summary_large_image","twitter_misc":{"Tempo estimado de leitura":"7 minutos"},"schema":{"@context":"https:\/\/schema.org","@graph":[{"@type":"WebPage","@id":"https:\/\/startmsg.lt\/bdar\/","url":"https:\/\/startmsg.lt\/bdar\/","name":"RGPD - startmsg.lt","isPartOf":{"@id":"https:\/\/startmsg.lt\/#website"},"datePublished":"2024-10-12T22:30:05+00:00","dateModified":"2025-06-01T21:30:13+00:00","breadcrumb":{"@id":"https:\/\/startmsg.lt\/bdar\/#breadcrumb"},"inLanguage":"pt-PT","potentialAction":[{"@type":"ReadAction","target":["https:\/\/startmsg.lt\/bdar\/"]}]},{"@type":"BreadcrumbList","@id":"https:\/\/startmsg.lt\/bdar\/#breadcrumb","itemListElement":[{"@type":"ListItem","position":1,"name":"Home","item":"https:\/\/startmsg.lt\/"},{"@type":"ListItem","position":2,"name":"BDAR"}]},{"@type":"WebSite","@id":"https:\/\/startmsg.lt\/#website","url":"https:\/\/startmsg.lt\/","name":"startmsg.lt","description":"","publisher":{"@id":"https:\/\/startmsg.lt\/#organization"},"potentialAction":[{"@type":"SearchAction","target":{"@type":"EntryPoint","urlTemplate":"https:\/\/startmsg.lt\/?s={search_term_string}"},"query-input":{"@type":"PropertyValueSpecification","valueRequired":true,"valueName":"search_term_string"}}],"inLanguage":"pt-PT"},{"@type":"Organization","@id":"https:\/\/startmsg.lt\/#organization","name":"startmsg.lt","url":"https:\/\/startmsg.lt\/","logo":{"@type":"ImageObject","inLanguage":"pt-PT","@id":"https:\/\/startmsg.lt\/#\/schema\/logo\/image\/","url":"https:\/\/startmsg.lt\/wp-content\/uploads\/2024\/01\/favicon.png","contentUrl":"https:\/\/startmsg.lt\/wp-content\/uploads\/2024\/01\/favicon.png","width":196,"height":196,"caption":"startmsg.lt"},"image":{"@id":"https:\/\/startmsg.lt\/#\/schema\/logo\/image\/"},"sameAs":["https:\/\/facebook.com\/chatbotas","https:\/\/www.instagram.com\/chatbotas"]}]}},"_links":{"self":[{"href":"https:\/\/startmsg.lt\/pt\/wp-json\/wp\/v2\/pages\/1072","targetHints":{"allow":["GET"]}}],"collection":[{"href":"https:\/\/startmsg.lt\/pt\/wp-json\/wp\/v2\/pages"}],"about":[{"href":"https:\/\/startmsg.lt\/pt\/wp-json\/wp\/v2\/types\/page"}],"author":[{"embeddable":true,"href":"https:\/\/startmsg.lt\/pt\/wp-json\/wp\/v2\/users\/1"}],"replies":[{"embeddable":true,"href":"https:\/\/startmsg.lt\/pt\/wp-json\/wp\/v2\/comments?post=1072"}],"version-history":[{"count":8,"href":"https:\/\/startmsg.lt\/pt\/wp-json\/wp\/v2\/pages\/1072\/revisions"}],"predecessor-version":[{"id":2430,"href":"https:\/\/startmsg.lt\/pt\/wp-json\/wp\/v2\/pages\/1072\/revisions\/2430"}],"wp:attachment":[{"href":"https:\/\/startmsg.lt\/pt\/wp-json\/wp\/v2\/media?parent=1072"}],"curies":[{"name":"wp","href":"https:\/\/api.w.org\/{rel}","templated":true}]}}