{"id":1078,"date":"2024-10-12T22:41:56","date_gmt":"2024-10-12T22:41:56","guid":{"rendered":"https:\/\/startmsg.lt\/?page_id=1078"},"modified":"2025-06-01T21:31:13","modified_gmt":"2025-06-01T21:31:13","slug":"zasady-i-warunki","status":"publish","type":"page","link":"https:\/\/startmsg.lt\/pl\/zasady-i-warunki\/","title":{"rendered":"Zasady i warunki"},"content":{"rendered":"<div data-elementor-type=\"wp-page\" data-elementor-id=\"1078\" class=\"elementor elementor-1078\" data-elementor-settings=\"{&quot;element_pack_global_tooltip_width&quot;:{&quot;unit&quot;:&quot;px&quot;,&quot;size&quot;:&quot;&quot;,&quot;sizes&quot;:[]},&quot;element_pack_global_tooltip_width_tablet&quot;:{&quot;unit&quot;:&quot;px&quot;,&quot;size&quot;:&quot;&quot;,&quot;sizes&quot;:[]},&quot;element_pack_global_tooltip_width_mobile&quot;:{&quot;unit&quot;:&quot;px&quot;,&quot;size&quot;:&quot;&quot;,&quot;sizes&quot;:[]},&quot;element_pack_global_tooltip_padding&quot;:{&quot;unit&quot;:&quot;px&quot;,&quot;top&quot;:&quot;&quot;,&quot;right&quot;:&quot;&quot;,&quot;bottom&quot;:&quot;&quot;,&quot;left&quot;:&quot;&quot;,&quot;isLinked&quot;:true},&quot;element_pack_global_tooltip_padding_tablet&quot;:{&quot;unit&quot;:&quot;px&quot;,&quot;top&quot;:&quot;&quot;,&quot;right&quot;:&quot;&quot;,&quot;bottom&quot;:&quot;&quot;,&quot;left&quot;:&quot;&quot;,&quot;isLinked&quot;:true},&quot;element_pack_global_tooltip_padding_mobile&quot;:{&quot;unit&quot;:&quot;px&quot;,&quot;top&quot;:&quot;&quot;,&quot;right&quot;:&quot;&quot;,&quot;bottom&quot;:&quot;&quot;,&quot;left&quot;:&quot;&quot;,&quot;isLinked&quot;:true},&quot;element_pack_global_tooltip_border_radius&quot;:{&quot;unit&quot;:&quot;px&quot;,&quot;top&quot;:&quot;&quot;,&quot;right&quot;:&quot;&quot;,&quot;bottom&quot;:&quot;&quot;,&quot;left&quot;:&quot;&quot;,&quot;isLinked&quot;:true},&quot;element_pack_global_tooltip_border_radius_tablet&quot;:{&quot;unit&quot;:&quot;px&quot;,&quot;top&quot;:&quot;&quot;,&quot;right&quot;:&quot;&quot;,&quot;bottom&quot;:&quot;&quot;,&quot;left&quot;:&quot;&quot;,&quot;isLinked&quot;:true},&quot;element_pack_global_tooltip_border_radius_mobile&quot;:{&quot;unit&quot;:&quot;px&quot;,&quot;top&quot;:&quot;&quot;,&quot;right&quot;:&quot;&quot;,&quot;bottom&quot;:&quot;&quot;,&quot;left&quot;:&quot;&quot;,&quot;isLinked&quot;:true}}\">\n\t\t\t\t<div class=\"elementor-element elementor-element-ede0e80 e-flex e-con-boxed e-con e-parent\" data-id=\"ede0e80\" data-element_type=\"container\">\n\t\t\t\t\t<div class=\"e-con-inner\">\n\t\t\t\t<div class=\"elementor-element elementor-element-b3515d5 elementor-widget elementor-widget-spacer\" data-id=\"b3515d5\" data-element_type=\"widget\" data-widget_type=\"spacer.default\">\n\t\t\t\t<div class=\"elementor-widget-container\">\n\t\t\t\t\t\t\t<div class=\"elementor-spacer\">\n\t\t\t<div class=\"elementor-spacer-inner\"><\/div>\n\t\t<\/div>\n\t\t\t\t\t\t<\/div>\n\t\t\t\t<\/div>\n\t\t\t\t<div class=\"elementor-element elementor-element-9a041c7 elementor-widget elementor-widget-text-editor\" data-id=\"9a041c7\" data-element_type=\"widget\" data-widget_type=\"text-editor.default\">\n\t\t\t\t<div class=\"elementor-widget-container\">\n\t\t\t\t\t\t\t\t\t<p><strong>SUBSKRYBUJ LUB U\u017bYWAJ Startmsg.com \/ Startmsg.com, U\u017bYTKOWNIK POTWIERDZA, \u017bE JEST W PE\u0141NI UPOWA\u017bNIONY DO PODPISYWANIA UM\u00d3W W IMIENIU SWOIM, OS\u00d3B TRZECICH, FIRM LUB PODMIOT\u00d3W PRAWNYCH, ORAZ \u017bE KORZYSTANIE Z TEJ WITRYNY I\/LUB INTERAKCJA Z NI\u0104 STANOWI ZGOD\u0118 NA NINIEJSZE WARUNKI U\u017bYTKOWANIA, A TAK\u017bE WSZELKIE INNE UMOWY, KT\u00d3RE MO\u017bEMY OPUBLIKOWA\u0106 NA TEJ STRONIE.<\/strong><\/p><p><strong>PRZEGL\u0104DAJ\u0104C, UDOST\u0118PNIAJ\u0104C, U\u017bYWAJ\u0104C LUB INTERAKTUJ\u0104C STRON\u0118 Startmsg.com \/ Startmsg.com LUB JAKIEKOLWIEK BANERY, J\u0118ZYK ZAKUPOWY LUB REKLAMY ZNAJDUJ\u0104CE SI\u0118 NA TEJ STRONIE, U\u017bYTKOWNIK ZGADZA SI\u0118 NA SPE\u0141NIENIE WSZYSTKICH WARUNK\u00d3W NINIEJSZYCH ZASAD U\u017bYTKOWANIA I POLITYKI PRYWATNO\u015aCI.<\/strong><\/p><p><strong>Startmsg.com \/ Startmsg.lt SZCZEG\u00d3LNIE PAMI\u0118TA O POMOCY KA\u017bDEJ OSOBIE, KT\u00d3RA PODLEGA USTAWIE O OCHRONIE PRYWATNO\u015aCI INTERNETOWEJ DZIECI (COPPA) z 1998 r.<\/strong><\/p><p><strong>Startmsg.com \/ Startmsg.lt ZASTRZEGA SOBIE PRAWO DO NAGRADZANIA KA\u017bDEJ OSOBY LUB PRZEGL\u0104DAJ\u0104CEGO W KA\u017bDYM CZASIE. ZGODNIE Z POSTANOWIENIAMI POLITYKI PRYWATNO\u015aCI, KT\u00d3RE AKCEPTUJESZ JAKO WARUNEK PRZEGL\u0104DANIA, Startmsg.com \/ Startmsg.com MO\u017bE ZBIERA\u0106 I PRZECHOWYWA\u0106 DANE I INFORMACJE W CELU WYKORZYSTANIA ICH DO WIELU INNYCH ZASTOSOWA\u0143.<\/strong><\/p><p><strong>NINIEJSZY REGULAMIN MO\u017bE Z CZASEM ULEC ZMIANIE. ODWIEDZAJ\u0104CY MAJ\u0104 OBOWI\u0104ZEK INFORMOWANIA SI\u0118 O TAKICH ZMIANACH POPRZEZ ZWERYFIKOWANIE TEJ STRONY WARUNK\u00d3W U\u017bYTKOWANIA ZA KA\u017bDYM RAZEM, GDY ODWIEDZAJ\u0104 STARTMSG.com \/ Startmsg.lt.<\/strong><\/p><p><strong>STRONY UMOWY<\/strong><br \/>Odwiedzaj\u0105cy, widzowie, u\u017cytkownicy, subskrybenci, cz\u0142onkowie, partnerzy lub klienci, zwani \u0142\u0105cznie \"Odwiedzaj\u0105cymi\", s\u0105 stronami niniejszej Umowy. Witryna oraz jej w\u0142a\u015bciciele i\/lub operatorzy s\u0105 stronami niniejszej umowy, zwanymi dalej \"Witryn\u0105\".<\/p><p><strong>WYKORZYSTANIE INFORMACJI Z TEJ STRONY INTERNETOWEJ<\/strong><br \/>O ile u\u017cytkownik nie zawar\u0142 pisemnej umowy z niniejsz\u0105 witryn\u0105, odwiedzaj\u0105cy, widzowie, subskrybenci, cz\u0142onkowie, partnerzy lub klienci nie s\u0105 uprawnieni do wykorzystywania tych informacji w celach komercyjnych lub publicznych; nie s\u0105 oni uprawnieni do nadawania, kopiowania, przechowywania, drukowania, sprzedawania lub publikowania jakiejkolwiek cz\u0119\u015bci zawarto\u015bci niniejszej witryny. Uzyskuj\u0105c dost\u0119p do zawarto\u015bci tej witryny, u\u017cytkownik wyra\u017ca zgod\u0119 na te warunki dost\u0119pu i przyjmuje do wiadomo\u015bci, \u017ce wszelkie nieautoryzowane u\u017cycie jest nielegalne i mo\u017ce skutkowa\u0107 sankcjami cywilnymi lub karnymi. Ponownie, odwiedzaj\u0105cy nie ma prawa do korzystania z zawarto\u015bci witryny lub jakiejkolwiek jej cz\u0119\u015bci, w tym jej baz danych, niewidocznych stron, powi\u0105zanych stron, kodu bazowego lub innej w\u0142asno\u015bci intelektualnej, kt\u00f3r\u0105 witryna mo\u017ce zawiera\u0107, z jakiegokolwiek powodu lub w jakimkolwiek celu. Uznaj\u0105c, \u017ce oszacowanie dok\u0142adnych szk\u00f3d wynikaj\u0105cych z naruszenia tego postanowienia mo\u017ce by\u0107 trudne, odwiedzaj\u0105cy zgadza si\u0119 zwolni\u0107 w\u0142a\u015bcicieli Startmsg.com\/Startmsg.com z odpowiedzialno\u015bci za szkody w wysoko\u015bci 100 000 USD lub, je\u015bli mo\u017cna to oszacowa\u0107, rzeczywistych koszt\u00f3w i rzeczywistych szk\u00f3d wynikaj\u0105cych z naruszenia tego postanowienia, w zale\u017cno\u015bci od tego, kt\u00f3ra kwota jest wy\u017csza. Odwiedzaj\u0105cy potwierdza, \u017ce rozumie, i\u017c akceptacja tego postanowienia jest warunkiem dost\u0119pu do Startmsg.com \/ Startmsg.com i \u017ce dost\u0119p do Startmsg.com \/ Startmsg.com stanowi potwierdzenie tej akceptacji.<\/p><p><strong>W\u0141ASNO\u015a\u0106 STRONY INTERNETOWEJ LUB PRAWO DO U\u017bYWANIA, SPRZEDAWANIA, PUBLIKOWANIA TRE\u015aCI TEJ STRONY INTERNETOWEJ<\/strong><br \/>Witryna i jej zawarto\u015b\u0107 s\u0105 w\u0142asno\u015bci\u0105 lub s\u0105 licencjonowane przez w\u0142a\u015bciciela witryny. Zawarto\u015b\u0107 Witryny jest uwa\u017cana za zastrze\u017con\u0105 i chronion\u0105 prawem autorskim. Odwiedzaj\u0105cy nie maj\u0105 \u017cadnych praw do zawarto\u015bci witryny. Korzystanie z zawarto\u015bci strony internetowej z jakiegokolwiek powodu jest nielegalne, chyba \u017ce odbywa si\u0119 na podstawie pisemnej umowy lub za zgod\u0105 strony internetowej.<\/p><p><strong>HIPER\u0141\u0104CZA DO STRONY INTERNETOWEJ, WSP\u00d3\u0141PRACA, \"KADROWANIE\" I USUWANIE STRONY INTERNETOWEJ<\/strong><br \/>Z wyj\u0105tkiem przypadk\u00f3w wyra\u017anie dozwolonych przez Witryn\u0119, nikt nie jest upowa\u017cniony do umieszczania hiper\u0142\u0105czy Startmsg.com\/Startmsg.com lub jakiejkolwiek jej cz\u0119\u015bci (w tym, bez ogranicze\u0144, logo, znak\u00f3w towarowych, szaty handlowej lub materia\u0142\u00f3w chronionych prawem autorskim) na swoich stronach internetowych w jakimkolwiek celu. Ponadto u\u017cytkownik nie mo\u017ce umieszcza\u0107 adresu URL (adresu internetowego) tej witryny lub jakiejkolwiek strony tej witryny w jakichkolwiek mediach komercyjnych lub niekomercyjnych bez naszej wyra\u017anej zgody, ani nie mo\u017ce \"sponsorowa\u0107\" witryny. U\u017cytkownik wyra\u017anie zgadza si\u0119 wsp\u00f3\u0142pracowa\u0107 z w\u0142a\u015bcicielami Witryny w celu usuni\u0119cia lub dezaktywacji wszelkich takich dzia\u0142a\u0144 oraz ponosi odpowiedzialno\u015b\u0107 za wszelkie szkody wynikaj\u0105ce z naruszenia tego postanowienia. Rozumiej\u0105c, \u017ce oszacowanie dok\u0142adnych szk\u00f3d wynikaj\u0105cych z naruszenia tego postanowienia mo\u017ce by\u0107 trudne, u\u017cytkownik zgadza si\u0119 wyp\u0142aci\u0107 w\u0142a\u015bcicielom Startmsg.com\/Startmsg.com odszkodowanie w wysoko\u015bci 100 000 USD lub, je\u015bli mo\u017cna to oszacowa\u0107, rzeczywiste koszty i rzeczywiste szkody wynikaj\u0105ce z naruszenia tego postanowienia, w zale\u017cno\u015bci od tego, kt\u00f3ra kwota jest wy\u017csza. U\u017cytkownik potwierdza, \u017ce rozumie, i\u017c akceptacja tego postanowienia jest warunkiem do\u0142\u0105czenia do Startmsg.com \/ Startmsg.com, a do\u0142\u0105czenie do Startmsg.com \/ Startmsg.com jest potwierdzeniem tej akceptacji.<\/p><p><strong>ODPOWIEDZIALNO\u015a\u0106 ZA ZAWARTO\u015a\u0106 STRONY INTERNETOWEJ<\/strong><br \/>Startmsg.com \/ Startmsg.com zrzeka si\u0119 wszelkiej odpowiedzialno\u015bci za dok\u0142adno\u015b\u0107 tre\u015bci, kt\u00f3re pojawiaj\u0105 si\u0119 na Startmsg.com \/ Startmsg.com, s\u0105 z nimi powi\u0105zane lub o nich wspominaj\u0105. Odwiedzaj\u0105cy przyjmuj\u0105 na siebie wszelkie ryzyko zwi\u0105zane z przegl\u0105daniem, czytaniem, u\u017cywaniem lub poleganiem na informacjach. O ile u\u017cytkownik nie zawar\u0142 z nami pisemnej umowy, nie jest uprawniony do polegania na jakiejkolwiek tre\u015bci informacji zawartych na tej stronie jako dok\u0142adnej. Nie udzielamy takiej gwarancji.<\/p><p><strong>ODPOWIEDZIALNO\u015a\u0106 ZA WSZELKIE USZKODZENIA KOMPUTERA LUB OPROGRAMOWANIA W ZWI\u0104ZKU Z INTERAKCJ\u0104 U\u017bYTKOWNIKA Z NINIEJSZ\u0104 WITRYN\u0104 LUB JEJ ZAWARTO\u015aCI\u0104<\/strong><br \/>Odwiedzaj\u0105cy ponosi wszelkie ryzyko zwi\u0105zane z wirusami, robakami lub innymi z\u0142o\u015bliwymi czynnikami, kt\u00f3re mog\u0105 uszkodzi\u0107 jego komputer lub oprogramowanie. Nie ponosimy odpowiedzialno\u015bci za jakiekolwiek uszkodzenia komputera lub oprogramowania odwiedzaj\u0105cego lub jakiejkolwiek innej osoby, z kt\u00f3r\u0105 odwiedzaj\u0105cy mo\u017ce wchodzi\u0107 w interakcje, spowodowane przez z\u0142o\u015bliwy kod lub dane, kt\u00f3re mog\u0105 zosta\u0107 nieumy\u015blnie przes\u0142ane do komputera odwiedzaj\u0105cego. Odwiedzaj\u0105cy przegl\u0105da lub wchodzi w interakcj\u0119 ze Startmsg.com \/ Startmsg.com lub jakimikolwiek reklamami, banerami lub wyskakuj\u0105cymi okienkami, robi to na w\u0142asne ryzyko.<\/p><p><strong>ODPOWIEDZIALNO\u015a\u0106 ZA PRZES\u0141ANE DANE<\/strong><br \/>Odwiedzaj\u0105cy pobiera informacje z witryny Startmsg.com \/ Startmsg.lt na w\u0142asne ryzyko. Witryna nie gwarantuje, \u017ce pobierane pliki s\u0105 wolne od uszkodzonego kodu komputerowego, w tym mi\u0119dzy innymi wirus\u00f3w i robak\u00f3w.<\/p><p><strong>ODMOWA<\/strong><br \/>Przegl\u0105daj\u0105c, korzystaj\u0105c lub w inny spos\u00f3b wchodz\u0105c w interakcj\u0119 z witryn\u0105 Startmsg.com\/Startmsg.com, w tym z reklamami, banerami lub wyskakuj\u0105cymi okienkami, oraz jako warunek autoryzacji witryny, Odwiedzaj\u0105cy na zawsze zrzeka si\u0119 wszelkich praw do jakichkolwiek roszcze\u0144 odszkodowawczych opartych na jakimkolwiek czynniku przyczynowym, kt\u00f3ry mo\u017ce spowodowa\u0107 jakiekolwiek szkody, powa\u017cne lub du\u017ce, fizyczne lub emocjonalne, przewidywalne lub nieprzewidywalne, osobiste lub komercyjne. Z zastrze\u017ceniem wszelkich przepis\u00f3w prawa, kt\u00f3re mog\u0105 nie zezwala\u0107 na takie wyj\u0105tki, nasza maksymalna odpowiedzialno\u015b\u0107 nie przekroczy kwoty zap\u0142aconej u\u017cytkownikowi, je\u015bli taka istnieje, za korzystanie z naszej strony internetowej lub us\u0142ug. Ponadto u\u017cytkownik zgadza si\u0119, \u017ce niewywi\u0105zanie si\u0119 przez nas z naszych zobowi\u0105za\u0144 z powodu zdarze\u0144 pozostaj\u0105cych poza nasz\u0105 kontrol\u0105 obejmuje mi\u0119dzy innymi kl\u0119ski \u017cywio\u0142owe, dzia\u0142ania wojenne, terroryzm, powstania, zamieszki, dzia\u0142alno\u015b\u0107 przest\u0119pcz\u0105, kl\u0119ski \u017cywio\u0142owe, awarie \u0142\u0105czno\u015bci lub infrastruktury, niedobory lub zak\u0142\u00f3cenia w pracy (w tym bezprawne strajki), niedobory materia\u0142\u00f3w i wszelkie inne zdarzenia pozostaj\u0105ce poza nasz\u0105 kontrol\u0105.<\/p><p><strong>ODPOWIEDZIALNO\u015a\u0106<\/strong><br \/>Odwiedzaj\u0105cy zgadza si\u0119, \u017ce je\u015bli wyrz\u0105dzi szkod\u0119 nam lub osobie trzeciej wynikaj\u0105c\u0105 z lub w zwi\u0105zku z korzystaniem ze Startmsg.com \/ Startmsg.com, zwolni nas z odpowiedzialno\u015bci i, w stosownych przypadkach, b\u0119dzie nas broni\u0107 przed wszelkimi roszczeniami odszkodowawczymi.<\/p><p><strong>ZG\u0141OSZENIA<\/strong><br \/>Odwiedzaj\u0105cy zgadza si\u0119, \u017ce wszelka komunikacja mi\u0119dzy Odwiedzaj\u0105cym a Witryn\u0105 b\u0119dzie uznawana za zg\u0142oszenie. Wszystkie Zg\u0142oszenia, w tym wszelkie grafiki w nich zawarte lub wszelkie tre\u015bci w nich zawarte, stan\u0105 si\u0119 wy\u0142\u0105czn\u0105 w\u0142asno\u015bci\u0105 Witryny i mog\u0105 by\u0107 wykorzystywane, bez dalszej zgody, do cel\u00f3w komercyjnych bez dodatkowego wynagrodzenia. Odwiedzaj\u0105cy wyra\u017ca zgod\u0119 na dostarczenie Stronie wy\u0142\u0105cznie tych danych, kt\u00f3re chce trwale zezwoli\u0107 Stronie na wykorzystanie w dowolny spos\u00f3b. \"Przekazywanie danych\" jest r\u00f3wnie\u017c postanowieniem Polityki Prywatno\u015bci.<\/p><p><strong>KOMUNIKAT PRASOWY<\/strong><br \/>Z jakiegokolwiek powodu nie jest wymagane przekazywanie Odwiedzaj\u0105cemu \u017cadnych dodatkowych powiadomie\u0144, a Odwiedzaj\u0105cy wyra\u017anie przyjmuje do wiadomo\u015bci, \u017ce zrzeka si\u0119 prawa do powiadomienia jako warunku zezwolenia na przegl\u0105danie lub interakcj\u0119 z Witryn\u0105.<\/p><p><strong>GINCHAI<\/strong><br \/>W ramach warunk\u00f3w wymaganych przez Witryn\u0119, aby Odwiedzaj\u0105cy m\u00f3g\u0142 przegl\u0105da\u0107, korzysta\u0107 lub wchodzi\u0107 w interakcje z niniejsz\u0105 Witryn\u0105, Odwiedzaj\u0105cy wyra\u017ca zgod\u0119 na skorzystanie z wi\u0105\u017c\u0105cego arbitra\u017cu w przypadku wszelkich roszcze\u0144, spor\u00f3w lub kontrowersji (\"REKLAMACJA\") w dowolnej formie (umownej, deliktowej lub innej), wynikaj\u0105cych z lub zwi\u0105zanych z tym zakupem, tym produktem, w tym kwestiami nagabywania, prywatno\u015bci i warunkami u\u017cytkowania. Arbitra\u017c b\u0119dzie prowadzony zgodnie z litewskimi zasadami arbitra\u017cu. Informacje o litewskich instytucjach arbitra\u017cowych i ich zasadach s\u0105 dost\u0119pne na ich oficjalnych stronach internetowych. Rozprawy b\u0119d\u0105 odbywa\u0107 si\u0119 na terytorium miasta lub okr\u0119gu, w kt\u00f3rym znajduje si\u0119 w\u0142a\u015bciciel Startmsg.com \/ Startmsg.lt. \u017baden Go\u015b\u0107, cz\u0142onek, subskrybent lub klient nie ma prawa do z\u0142o\u017cenia wniosku do s\u0105du lub wszcz\u0119cia post\u0119powania s\u0105dowego. \u017baden Go\u015b\u0107, odwiedzaj\u0105cy, cz\u0142onek, subskrybent ani klient nie b\u0119dzie mia\u0142 prawa do udzia\u0142u w jakimkolwiek dochodzeniu przedprocesowym, z wyj\u0105tkiem przypadk\u00f3w przewidzianych w Regulaminie; nie b\u0119dzie mia\u0142 prawa do udzia\u0142u jako przedstawiciel lub cz\u0142onek grupy w zwi\u0105zku z jakimkolwiek roszczeniem podlegaj\u0105cym arbitra\u017cowi; decyzja arbitra b\u0119dzie ostateczna i wi\u0105\u017c\u0105ca, z ograniczonym prawem do odwo\u0142ania. Strona Wspieraj\u0105ca b\u0119dzie uprawniona do otrzymania od drugiej Strony zwrotu wszelkich koszt\u00f3w i wydatk\u00f3w poniesionych w zwi\u0105zku z arbitra\u017cem, w tym honorari\u00f3w adwokackich, op\u0142at windykacyjnych, op\u0142at za dochodzenie, koszt\u00f3w podr\u00f3\u017cy.<\/p><p><strong>JURYSDYKCJA I W\u0141A\u015aCIWO\u015a\u0106 MIEJSCOWA S\u0104DU<\/strong><br \/>Je\u015bli jakakolwiek sprawa zwi\u0105zana z tym zakupem zostanie wniesiona do s\u0105du, przed lub po arbitra\u017cu, Go\u015b\u0107, odwiedzaj\u0105cy, cz\u0142onek, subskrybent lub klient zgadza si\u0119, \u017ce wy\u0142\u0105czn\u0105 i w\u0142a\u015bciw\u0105 jurysdykcj\u0105 b\u0119dzie jurysdykcja podana w danych kontaktowych w\u0142a\u015bciciela witryny, chyba \u017ce okre\u015blono inaczej. Je\u015bli sp\u00f3r toczy si\u0119 przed s\u0105dem federalnym, w\u0142a\u015bciwym miejscem b\u0119dzie najbli\u017cszy s\u0105d federalny znajduj\u0105cy si\u0119 w pobli\u017cu adresu w\u0142a\u015bciciela Startmsg.com\/Startmsg.com.<\/p>\t\t\t\t\t\t\t\t<\/div>\n\t\t\t\t<\/div>\n\t\t\t\t\t<\/div>\n\t\t\t\t<\/div>\n\t\t\t\t<\/div>","protected":false},"excerpt":{"rendered":"<p>PRISIJUNGDAMI AR NAUDODAMIESI Startmsg.com \/ Startmsg.lt, J\u016aS PATVIRTINATE, KAD TURITE PILN\u0104 \u012eGALIOJIM\u0104 VEIKTI, KAD SUREMTUM\u0116TE SAVE, BET KUR\u012e TRE\u010cI\u0104J\u012e ASMEN\u012e, \u012eMON\u0118 ARBA [&hellip;]<\/p>","protected":false},"author":1,"featured_media":0,"parent":0,"menu_order":0,"comment_status":"closed","ping_status":"closed","template":"","meta":{"footnotes":""},"class_list":["post-1078","page","type-page","status-publish","hentry"],"yoast_head":"<!-- This site is optimized with the Yoast SEO Premium plugin v23.8 (Yoast SEO v26.4) - https:\/\/yoast.com\/wordpress\/plugins\/seo\/ -->\n<title>Taisykl\u0117s ir s\u0105lygos - startmsg.lt<\/title>\n<meta name=\"robots\" content=\"index, follow, max-snippet:-1, max-image-preview:large, max-video-preview:-1\" \/>\n<link rel=\"canonical\" href=\"https:\/\/startmsg.lt\/pl\/zasady-i-warunki\/\" \/>\n<meta property=\"og:locale\" content=\"pl_PL\" \/>\n<meta property=\"og:type\" content=\"article\" \/>\n<meta property=\"og:title\" content=\"Taisykl\u0117s ir s\u0105lygos\" \/>\n<meta property=\"og:description\" content=\"PRISIJUNGDAMI AR NAUDODAMIESI Startmsg.com \/ Startmsg.lt, J\u016aS PATVIRTINATE, KAD TURITE PILN\u0104 \u012eGALIOJIM\u0104 VEIKTI, KAD SUREMTUM\u0116TE SAVE, BET KUR\u012e TRE\u010cI\u0104J\u012e ASMEN\u012e, \u012eMON\u0118 ARBA [&hellip;]\" \/>\n<meta property=\"og:url\" content=\"https:\/\/startmsg.lt\/pl\/zasady-i-warunki\/\" \/>\n<meta property=\"og:site_name\" content=\"startmsg.lt\" \/>\n<meta property=\"article:publisher\" content=\"https:\/\/facebook.com\/chatbotas\" \/>\n<meta property=\"article:modified_time\" content=\"2025-06-01T21:31:13+00:00\" \/>\n<meta name=\"twitter:card\" content=\"summary_large_image\" \/>\n<meta name=\"twitter:label1\" content=\"Szacowany czas czytania\" \/>\n\t<meta name=\"twitter:data1\" content=\"8 minut\" \/>\n<script type=\"application\/ld+json\" class=\"yoast-schema-graph\">{\"@context\":\"https:\/\/schema.org\",\"@graph\":[{\"@type\":\"WebPage\",\"@id\":\"https:\/\/startmsg.lt\/taisykles-ir-salygos\/\",\"url\":\"https:\/\/startmsg.lt\/taisykles-ir-salygos\/\",\"name\":\"Taisykl\u0117s ir s\u0105lygos - startmsg.lt\",\"isPartOf\":{\"@id\":\"https:\/\/startmsg.lt\/#website\"},\"datePublished\":\"2024-10-12T22:41:56+00:00\",\"dateModified\":\"2025-06-01T21:31:13+00:00\",\"breadcrumb\":{\"@id\":\"https:\/\/startmsg.lt\/taisykles-ir-salygos\/#breadcrumb\"},\"inLanguage\":\"pl-PL\",\"potentialAction\":[{\"@type\":\"ReadAction\",\"target\":[\"https:\/\/startmsg.lt\/taisykles-ir-salygos\/\"]}]},{\"@type\":\"BreadcrumbList\",\"@id\":\"https:\/\/startmsg.lt\/taisykles-ir-salygos\/#breadcrumb\",\"itemListElement\":[{\"@type\":\"ListItem\",\"position\":1,\"name\":\"Home\",\"item\":\"https:\/\/startmsg.lt\/\"},{\"@type\":\"ListItem\",\"position\":2,\"name\":\"Taisykl\u0117s ir s\u0105lygos\"}]},{\"@type\":\"WebSite\",\"@id\":\"https:\/\/startmsg.lt\/#website\",\"url\":\"https:\/\/startmsg.lt\/\",\"name\":\"startmsg.lt\",\"description\":\"\",\"publisher\":{\"@id\":\"https:\/\/startmsg.lt\/#organization\"},\"potentialAction\":[{\"@type\":\"SearchAction\",\"target\":{\"@type\":\"EntryPoint\",\"urlTemplate\":\"https:\/\/startmsg.lt\/?s={search_term_string}\"},\"query-input\":{\"@type\":\"PropertyValueSpecification\",\"valueRequired\":true,\"valueName\":\"search_term_string\"}}],\"inLanguage\":\"pl-PL\"},{\"@type\":\"Organization\",\"@id\":\"https:\/\/startmsg.lt\/#organization\",\"name\":\"startmsg.lt\",\"url\":\"https:\/\/startmsg.lt\/\",\"logo\":{\"@type\":\"ImageObject\",\"inLanguage\":\"pl-PL\",\"@id\":\"https:\/\/startmsg.lt\/#\/schema\/logo\/image\/\",\"url\":\"https:\/\/startmsg.lt\/wp-content\/uploads\/2024\/01\/favicon.png\",\"contentUrl\":\"https:\/\/startmsg.lt\/wp-content\/uploads\/2024\/01\/favicon.png\",\"width\":196,\"height\":196,\"caption\":\"startmsg.lt\"},\"image\":{\"@id\":\"https:\/\/startmsg.lt\/#\/schema\/logo\/image\/\"},\"sameAs\":[\"https:\/\/facebook.com\/chatbotas\",\"https:\/\/www.instagram.com\/chatbotas\"]}]}<\/script>\n<!-- \/ Yoast SEO Premium plugin. -->","yoast_head_json":{"title":"Regulamin - startmsg.lt","robots":{"index":"index","follow":"follow","max-snippet":"max-snippet:-1","max-image-preview":"max-image-preview:large","max-video-preview":"max-video-preview:-1"},"canonical":"https:\/\/startmsg.lt\/pl\/zasady-i-warunki\/","og_locale":"pl_PL","og_type":"article","og_title":"Taisykl\u0117s ir s\u0105lygos","og_description":"PRISIJUNGDAMI AR NAUDODAMIESI Startmsg.com \/ Startmsg.lt, J\u016aS PATVIRTINATE, KAD TURITE PILN\u0104 \u012eGALIOJIM\u0104 VEIKTI, KAD SUREMTUM\u0116TE SAVE, BET KUR\u012e TRE\u010cI\u0104J\u012e ASMEN\u012e, \u012eMON\u0118 ARBA [&hellip;]","og_url":"https:\/\/startmsg.lt\/pl\/zasady-i-warunki\/","og_site_name":"startmsg.lt","article_publisher":"https:\/\/facebook.com\/chatbotas","article_modified_time":"2025-06-01T21:31:13+00:00","twitter_card":"summary_large_image","twitter_misc":{"Szacowany czas czytania":"8 minut"},"schema":{"@context":"https:\/\/schema.org","@graph":[{"@type":"WebPage","@id":"https:\/\/startmsg.lt\/taisykles-ir-salygos\/","url":"https:\/\/startmsg.lt\/taisykles-ir-salygos\/","name":"Regulamin - startmsg.lt","isPartOf":{"@id":"https:\/\/startmsg.lt\/#website"},"datePublished":"2024-10-12T22:41:56+00:00","dateModified":"2025-06-01T21:31:13+00:00","breadcrumb":{"@id":"https:\/\/startmsg.lt\/taisykles-ir-salygos\/#breadcrumb"},"inLanguage":"pl-PL","potentialAction":[{"@type":"ReadAction","target":["https:\/\/startmsg.lt\/taisykles-ir-salygos\/"]}]},{"@type":"BreadcrumbList","@id":"https:\/\/startmsg.lt\/taisykles-ir-salygos\/#breadcrumb","itemListElement":[{"@type":"ListItem","position":1,"name":"Home","item":"https:\/\/startmsg.lt\/"},{"@type":"ListItem","position":2,"name":"Taisykl\u0117s ir s\u0105lygos"}]},{"@type":"WebSite","@id":"https:\/\/startmsg.lt\/#website","url":"https:\/\/startmsg.lt\/","name":"startmsg.lt","description":"","publisher":{"@id":"https:\/\/startmsg.lt\/#organization"},"potentialAction":[{"@type":"SearchAction","target":{"@type":"EntryPoint","urlTemplate":"https:\/\/startmsg.lt\/?s={search_term_string}"},"query-input":{"@type":"PropertyValueSpecification","valueRequired":true,"valueName":"search_term_string"}}],"inLanguage":"pl-PL"},{"@type":"Organization","@id":"https:\/\/startmsg.lt\/#organization","name":"startmsg.lt","url":"https:\/\/startmsg.lt\/","logo":{"@type":"ImageObject","inLanguage":"pl-PL","@id":"https:\/\/startmsg.lt\/#\/schema\/logo\/image\/","url":"https:\/\/startmsg.lt\/wp-content\/uploads\/2024\/01\/favicon.png","contentUrl":"https:\/\/startmsg.lt\/wp-content\/uploads\/2024\/01\/favicon.png","width":196,"height":196,"caption":"startmsg.lt"},"image":{"@id":"https:\/\/startmsg.lt\/#\/schema\/logo\/image\/"},"sameAs":["https:\/\/facebook.com\/chatbotas","https:\/\/www.instagram.com\/chatbotas"]}]}},"_links":{"self":[{"href":"https:\/\/startmsg.lt\/pl\/wp-json\/wp\/v2\/pages\/1078","targetHints":{"allow":["GET"]}}],"collection":[{"href":"https:\/\/startmsg.lt\/pl\/wp-json\/wp\/v2\/pages"}],"about":[{"href":"https:\/\/startmsg.lt\/pl\/wp-json\/wp\/v2\/types\/page"}],"author":[{"embeddable":true,"href":"https:\/\/startmsg.lt\/pl\/wp-json\/wp\/v2\/users\/1"}],"replies":[{"embeddable":true,"href":"https:\/\/startmsg.lt\/pl\/wp-json\/wp\/v2\/comments?post=1078"}],"version-history":[{"count":7,"href":"https:\/\/startmsg.lt\/pl\/wp-json\/wp\/v2\/pages\/1078\/revisions"}],"predecessor-version":[{"id":2436,"href":"https:\/\/startmsg.lt\/pl\/wp-json\/wp\/v2\/pages\/1078\/revisions\/2436"}],"wp:attachment":[{"href":"https:\/\/startmsg.lt\/pl\/wp-json\/wp\/v2\/media?parent=1078"}],"curies":[{"name":"wp","href":"https:\/\/api.w.org\/{rel}","templated":true}]}}