{"id":1072,"date":"2024-10-12T22:30:05","date_gmt":"2024-10-12T22:30:05","guid":{"rendered":"https:\/\/startmsg.lt\/?page_id=1072"},"modified":"2025-06-01T21:30:13","modified_gmt":"2025-06-01T21:30:13","slug":"bdar","status":"publish","type":"page","link":"https:\/\/startmsg.lt\/pl\/bdar\/","title":{"rendered":"RODO"},"content":{"rendered":"<div data-elementor-type=\"wp-page\" data-elementor-id=\"1072\" class=\"elementor elementor-1072\" data-elementor-settings=\"{&quot;element_pack_global_tooltip_width&quot;:{&quot;unit&quot;:&quot;px&quot;,&quot;size&quot;:&quot;&quot;,&quot;sizes&quot;:[]},&quot;element_pack_global_tooltip_width_tablet&quot;:{&quot;unit&quot;:&quot;px&quot;,&quot;size&quot;:&quot;&quot;,&quot;sizes&quot;:[]},&quot;element_pack_global_tooltip_width_mobile&quot;:{&quot;unit&quot;:&quot;px&quot;,&quot;size&quot;:&quot;&quot;,&quot;sizes&quot;:[]},&quot;element_pack_global_tooltip_padding&quot;:{&quot;unit&quot;:&quot;px&quot;,&quot;top&quot;:&quot;&quot;,&quot;right&quot;:&quot;&quot;,&quot;bottom&quot;:&quot;&quot;,&quot;left&quot;:&quot;&quot;,&quot;isLinked&quot;:true},&quot;element_pack_global_tooltip_padding_tablet&quot;:{&quot;unit&quot;:&quot;px&quot;,&quot;top&quot;:&quot;&quot;,&quot;right&quot;:&quot;&quot;,&quot;bottom&quot;:&quot;&quot;,&quot;left&quot;:&quot;&quot;,&quot;isLinked&quot;:true},&quot;element_pack_global_tooltip_padding_mobile&quot;:{&quot;unit&quot;:&quot;px&quot;,&quot;top&quot;:&quot;&quot;,&quot;right&quot;:&quot;&quot;,&quot;bottom&quot;:&quot;&quot;,&quot;left&quot;:&quot;&quot;,&quot;isLinked&quot;:true},&quot;element_pack_global_tooltip_border_radius&quot;:{&quot;unit&quot;:&quot;px&quot;,&quot;top&quot;:&quot;&quot;,&quot;right&quot;:&quot;&quot;,&quot;bottom&quot;:&quot;&quot;,&quot;left&quot;:&quot;&quot;,&quot;isLinked&quot;:true},&quot;element_pack_global_tooltip_border_radius_tablet&quot;:{&quot;unit&quot;:&quot;px&quot;,&quot;top&quot;:&quot;&quot;,&quot;right&quot;:&quot;&quot;,&quot;bottom&quot;:&quot;&quot;,&quot;left&quot;:&quot;&quot;,&quot;isLinked&quot;:true},&quot;element_pack_global_tooltip_border_radius_mobile&quot;:{&quot;unit&quot;:&quot;px&quot;,&quot;top&quot;:&quot;&quot;,&quot;right&quot;:&quot;&quot;,&quot;bottom&quot;:&quot;&quot;,&quot;left&quot;:&quot;&quot;,&quot;isLinked&quot;:true}}\">\n\t\t\t\t<div class=\"elementor-element elementor-element-f2aa005 e-flex e-con-boxed e-con e-parent\" data-id=\"f2aa005\" data-element_type=\"container\">\n\t\t\t\t\t<div class=\"e-con-inner\">\n\t\t\t\t<div class=\"elementor-element elementor-element-fd9e34f elementor-widget elementor-widget-spacer\" data-id=\"fd9e34f\" data-element_type=\"widget\" data-widget_type=\"spacer.default\">\n\t\t\t\t<div class=\"elementor-widget-container\">\n\t\t\t\t\t\t\t<div class=\"elementor-spacer\">\n\t\t\t<div class=\"elementor-spacer-inner\"><\/div>\n\t\t<\/div>\n\t\t\t\t\t\t<\/div>\n\t\t\t\t<\/div>\n\t\t\t\t<div class=\"elementor-element elementor-element-879cba3 elementor-widget elementor-widget-text-editor\" data-id=\"879cba3\" data-element_type=\"widget\" data-widget_type=\"text-editor.default\">\n\t\t\t\t<div class=\"elementor-widget-container\">\n\t\t\t\t\t\t\t\t\t<h3>Czym jest RODO?<\/h3><p>GDPR to og\u00f3lne rozporz\u0105dzenie o ochronie danych (RODO). Nowe prawo wprowadzone przez UE w celu ochrony danych osobowych u\u017cytkownik\u00f3w. Prawo to obejmuje kilka aspekt\u00f3w bezpiecze\u0144stwa danych. W tym miejscu przedstawiamy wytyczne dotycz\u0105ce tego, w jaki spos\u00f3b chronimy dane u\u017cytkownik\u00f3w, jakie s\u0105 nasze obowi\u0105zki i jakie s\u0105 obowi\u0105zki u\u017cytkownik\u00f3w. Zdecydowanie zalecamy zapoznanie si\u0119 z ca\u0142\u0105 nasz\u0105 dokumentacj\u0105 lub innymi artyku\u0142ami na temat RODO, aby zdecydowa\u0107, czy chcesz korzysta\u0107 z naszej aplikacji. Nie ponosimy odpowiedzialno\u015bci za jakiekolwiek pomini\u0119cia lub b\u0142\u0119dy w zakresie ochrony danych pope\u0142nione przez u\u017cytkownika lub osoby trzecie. Prosimy o po\u015bwi\u0119cenie czasu na zapoznanie si\u0119 z dokumentacj\u0105 i rozs\u0105dne post\u0119powanie, aby zachowa\u0107 bezpiecze\u0144stwo.<\/p><h3>Definicja danych osobowych:<\/h3><p>Wszelkie dane nale\u017c\u0105ce do danej osoby s\u0105 jej danymi osobowymi. Mo\u017ce to by\u0107 imi\u0119 i nazwisko, wizerunek, adres e-mail, adres fizyczny, post w mediach spo\u0142eczno\u015bciowych, lokalizacja, adres IP komputera itp. W\u0142a\u015bciciel danych osobowych jest ich jedyn\u0105 stron\u0105 prawn\u0105. Oznacza to, \u017ce niezale\u017cnie od tego, gdzie i w jaki spos\u00f3b dane s\u0105 przechowywane, nale\u017c\u0105 one do danej osoby. Podmiot gromadz\u0105cy dane lub u\u017cytkownik (np. Facebook, YouTube) nie mo\u017ce wy\u015bwietla\u0107, przechowywa\u0107 ani udost\u0119pnia\u0107 danych osobowych bez wyra\u017anej lub dorozumianej zgody u\u017cytkownika. Je\u015bli u\u017cytkownik wyrazi zgod\u0119 na wykorzystanie swoich danych do okre\u015blonych dzia\u0142a\u0144 (przechowywanie danych, przegl\u0105danie itp.), w\u00f3wczas administrator aplikacji mo\u017ce z nich korzysta\u0107.<\/p><p>Wyobra\u017amy sobie hipotetyczn\u0105 sytuacj\u0119: publikujemy post w sieciach spo\u0142eczno\u015bciowych. W takim przypadku u\u017cytkownik udziela dorozumianej zgody na pokazanie postu swoim publicznym lub prywatnym kontaktom. Administrator aplikacji nie ponosi odpowiedzialno\u015bci za obra\u017aliwe komentarze, kt\u00f3re mog\u0105 zosta\u0107 pozostawione przez Twoje kontakty. Oznacza to, \u017ce je\u015bli u\u017cytkownik upubliczni\u0142 swoje dane, ponosi za to odpowiedzialno\u015b\u0107. Administrator programu jest jednak odpowiedzialny za udost\u0119pnianie danych stronom trzecim. Je\u015bli jakiekolwiek dane maj\u0105 zosta\u0107 udost\u0119pnione, nale\u017cy to wcze\u015bniej wyja\u015bni\u0107. Widzimy wi\u0119c, \u017ce przesy\u0142anie i wy\u015bwietlanie danych zale\u017cy zar\u00f3wno od administratora programu, jak i u\u017cytkownika. Dalsze szczeg\u00f3\u0142y znajduj\u0105 si\u0119 w ca\u0142ej dokumentacji.<\/p><h3>Odpowiedzialno\u015b\u0107 dewelopera:<\/h3><p>Ochrona danych osobowych u\u017cytkownika na zapleczu jest obowi\u0105zkiem dewelopera. Deweloper jest odpowiedzialny za to, w jaki spos\u00f3b dane u\u017cytkownika (imi\u0119 i nazwisko, numer telefonu, adres e-mail itp.) oraz inne informacje (np. dzienniki interakcji u\u017cytkownika z aplikacj\u0105) s\u0105 przechowywane w bazie danych i na serwerze. Opiszemy szczeg\u00f3\u0142owo, w jaki spos\u00f3b dane bezpo\u015brednie (imi\u0119 i nazwisko, adres e-mail itp.) oraz dane po\u015brednie (nazwa przegl\u0105darki, adres IP komputera itp.) s\u0105 przechowywane w bazie danych i na serwerze. Gdy jakiekolwiek dane zostan\u0105 przes\u0142ane na serwer, ich bezpiecze\u0144stwo zale\u017cy od bezpiecze\u0144stwa serwera, a czasem od administratora aplikacji.<\/p><p>U\u017cytkownik zostanie poinformowany o wszystkich tymczasowych (pliki cookie i sesje) i sta\u0142ych (dane przechowywane w bazie danych) metodach przechowywania danych. U\u017cytkownik b\u0119dzie mia\u0142 mo\u017cliwo\u015b\u0107 usuni\u0119cia wszystkich swoich danych osobowych po usuni\u0119ciu konta lub zako\u0144czeniu korzystania z us\u0142ugi. Gwarantujemy, \u017ce nie prowadzimy dziennik\u00f3w aktywno\u015bci u\u017cytkownika i \u017ce nie posiadamy \u017cadnych tajnych sposob\u00f3w na wyodr\u0119bnienie danych u\u017cytkownika. Od czasu do czasu administrator aplikacji mo\u017ce przyzna\u0107 deweloperowi dost\u0119p do cPanel i innych danych uwierzytelniaj\u0105cych, aby umo\u017cliwi\u0107 deweloperowi utrzymanie aplikacji i zarz\u0105dzanie ni\u0105 przez kr\u00f3tki okres czasu przed jej uruchomieniem. Zdecydowanie zalecamy, aby administrator zmieni\u0142 te dane uwierzytelniaj\u0105ce po zako\u0144czeniu pracy. Deweloper nie ponosi odpowiedzialno\u015bci za wyciek tych po\u015bwiadcze\u0144. Deweloper nie jest r\u00f3wnie\u017c odpowiedzialny za jakiekolwiek niezamierzone naruszenia bezpiecze\u0144stwa w programie. W ko\u0144cu dane udost\u0119pniane w Internecie zawsze wi\u0105\u017c\u0105 si\u0119 z ryzykiem wycieku. Dlatego zdecydowanie zalecamy, aby nie udost\u0119pnia\u0107 \u017cadnych danych, kt\u00f3re mog\u0105 narazi\u0107 na niebezpiecze\u0144stwo Ciebie lub inn\u0105 osob\u0119.<\/p><h3>Obowi\u0105zki administratora programu:<\/h3><p>Administrator aplikacji ma nieograniczony dost\u0119p do danych osobowych u\u017cytkownika. Administrator mo\u017ce przegl\u0105da\u0107 i kopiowa\u0107 dane przechowywane w bazie danych i na serwerze. Administrator mo\u017ce udost\u0119pnia\u0107 dane osobowe u\u017cytkownika stronom trzecim. Spos\u00f3b wykorzystania danych u\u017cytkownika musi zosta\u0107 wyra\u017anie ujawniony przed rejestracj\u0105 u\u017cytkownika. Administrator nie powinien zezwala\u0107 nikomu na zbieranie danych w spos\u00f3b otwarty lub pod pozorem wype\u0142niania ankiet lub formularzy. Administrator aplikacji ma najwi\u0119ksze uprawnienia i w zwi\u0105zku z tym ponosi najwi\u0119ksz\u0105 odpowiedzialno\u015b\u0107 za ochron\u0119 danych osobowych u\u017cytkownik\u00f3w.<\/p><h3>Odpowiedzialno\u015b\u0107 u\u017cytkownika:<\/h3><p>Wszystko zale\u017cy od u\u017cytkownika. Je\u015bli u\u017cytkownik nie poda danych, nie dojdzie do wycieku danych, ale nie jest to opcja. U\u017cytkownik ponosi wy\u0142\u0105czn\u0105 odpowiedzialno\u015b\u0107 za bezpiecze\u0144stwo swoich danych uwierzytelniaj\u0105cych. Has\u0142o i nazwa u\u017cytkownika mog\u0105 by\u0107 zaszyfrowane w bazie danych, ale zbyt przewidywalne has\u0142o mo\u017ce pozwoli\u0107 hakerowi na \u0142atwy dost\u0119p do konta u\u017cytkownika. Zmie\u0144 swoje dane, je\u015bli zauwa\u017cysz jak\u0105kolwiek podejrzan\u0105 aktywno\u015b\u0107 lub je\u015bli musia\u0142e\u015b udost\u0119pni\u0107 swoje has\u0142a innym osobom. Zawsze zastan\u00f3w si\u0119, zanim podasz swoje dane.<\/p><p><strong>Nasze dzia\u0142ania dotycz\u0105ce RODO:<\/strong><\/p><ol><li><strong>Jak najmniejsze gromadzenie danych:<\/strong> Gromadzimy tylko najbardziej niezb\u0119dne dane i wyja\u015bniamy u\u017cytkownikowi, dlaczego pewne dane s\u0105 potrzebne.<\/li><li><strong>Korzystanie z protoko\u0142u HTTPS:<\/strong> Zapewniamy szyfrowan\u0105 komunikacj\u0119 w ca\u0142ej aplikacji, chroni\u0105c dane przed przechwyceniem.<\/li><li><strong>Czyszczenie sesji i plik\u00f3w cookie:<\/strong> Po roz\u0142\u0105czeniu usuwamy wszystkie sesje i pliki cookie.<\/li><li><strong>Nie monitorowanie aktywno\u015bci u\u017cytkownik\u00f3w w celach komercyjnych:<\/strong> Nie \u015bledzimy aktywno\u015bci u\u017cytkownik\u00f3w w celu dostarczania im ukierunkowanych reklam lub ofert handlowych.<\/li><li><strong>Informowanie u\u017cytkownika o przechowywaniu danych IP i lokalizacji komputera:<\/strong> Wyra\u017anie informujemy u\u017cytkownik\u00f3w o wszelkich dziennikach przechowywanych w zwi\u0105zku z adresem IP lub lokalizacj\u0105 komputera.<\/li><li><strong>Jasny regulamin i polityka prywatno\u015bci:<\/strong> Zapewniamy przejrzyste zasady dotycz\u0105ce wymog\u00f3w RODO i warunk\u00f3w korzystania z danych.<\/li><li><strong>Informowanie o zaanga\u017cowaniu stron trzecich:<\/strong> U\u017cytkownicy b\u0119d\u0105 informowani o wszelkich przypadkach udost\u0119pniania ich danych stronom trzecim.<\/li><li><strong>Polityka dotycz\u0105ca wycieku danych:<\/strong> Mamy jasne zasady dotycz\u0105ce post\u0119powania w przypadku wycieku danych.<\/li><li><strong>Usuwanie danych:<\/strong> U\u017cytkownicy maj\u0105 mo\u017cliwo\u015b\u0107 trwa\u0142ego usuni\u0119cia swoich danych po usuni\u0119ciu konta lub anulowaniu us\u0142ugi.<\/li><li><strong>Aktualizacje zabezpiecze\u0144 oprogramowania:<\/strong> Wdra\u017camy wszystkie niezb\u0119dne poprawki, aby zapewni\u0107 bezpiecze\u0144stwo oprogramowania przed lukami w zabezpieczeniach.<\/li><\/ol><p><strong>Obs\u0142ugiwane s\u0105 funkcje RODO:<\/strong><\/p><ol><li><p><strong>\"Adios, App\" (wszystkiego najlepszego, App):<\/strong> Gdy u\u017cytkownik anuluje subskrypcj\u0119 lub usunie swoje konto, dajemy mu mo\u017cliwo\u015b\u0107 usuni\u0119cia wszystkich danych zwi\u0105zanych z jego kontem. Dzia\u0142anie to jest nieodwracalne - je\u015bli dane zostan\u0105 usuni\u0119te, zostan\u0105 trwale usuni\u0119te zar\u00f3wno z bazy danych, jak i serwera. U\u017cytkownik mo\u017ce wykona\u0107 kopi\u0119 zapasow\u0105 przed usuni\u0119ciem, je\u015bli planuje powr\u00f3t.<\/p><\/li><li><p><strong>Tajemnica jest moim prawem:<\/strong> Szyfrujemy wi\u0119kszo\u015b\u0107 danych osobowych przechowywanych w bazie danych. Je\u015bli dosz\u0142oby do wycieku danych, haker uzyska\u0142by tylko zaszyfrowane dane, a nie dane osobowe w otwartej formie. Niekt\u00f3re dane nie mog\u0105 by\u0107 szyfrowane (np. nazwa u\u017cytkownika), poniewa\u017c musz\u0105 by\u0107 wy\u015bwietlane po zalogowaniu si\u0119 na konto. Maskujemy jednak jak najwi\u0119cej danych osobowych.<\/p><\/li><li><p><strong>Bez plik\u00f3w cookie i przechowywania sesji:<\/strong> Dajemy u\u017cytkownikowi mo\u017cliwo\u015b\u0107 wyboru, czy chce zapisywa\u0107 pliki cookie i sesje. Nawet je\u015bli zdecydujesz si\u0119 je zachowa\u0107, pliki cookie i sesje zostan\u0105 usuni\u0119te po wylogowaniu. Zdecydowanie zalecamy, aby nie zapisywa\u0107 danych logowania w przegl\u0105darce. Lepiej jest zapami\u0119ta\u0107 has\u0142o lub u\u017cy\u0107 narz\u0119dzi takich jak LastPass do zarz\u0105dzania has\u0142ami.<\/p><\/li><li><p><strong>Usuwanie \u015blad\u00f3w:<\/strong> Nie monitorujemy ani nie \u015bledzimy aktywno\u015bci u\u017cytkownika w celach komercyjnych. Mo\u017cemy jedynie przechowywa\u0107 czas logowania lub adres IP u\u017cytkownika, ale tylko w celach bezpiecze\u0144stwa. Po usuni\u0119ciu konta wszystkie dane u\u017cytkownika zostan\u0105 ca\u0142kowicie usuni\u0119te z serwera.<\/p><\/li><li><p><strong>In\u017cynieria spo\u0142eczna jest z\u0142a:<\/strong> Nie rejestrujemy \u017cadnych osobistych dzia\u0142a\u0144 u\u017cytkownika w Aplikacji. Rejestrowanie, analizowanie i pr\u00f3ba sprzeda\u017cy produktu lub motywowania u\u017cytkownika na podstawie tych danych stanowi nieetyczn\u0105 praktyk\u0119. Nie robimy tego.<\/p><\/li><li><p><strong>Daj mi zna\u0107:<\/strong> Otrzymuj powiadomienia e-mailem o wszystkich dzia\u0142aniach zwi\u0105zanych z Twoim kontem (utworzenie konta, zmiana has\u0142a). Zalecamy zmian\u0119 po\u015bwiadcze\u0144, je\u015bli zauwa\u017cysz jakiekolwiek nietypowe dzia\u0142ania.<\/p><\/li><li><p><strong>Powiadamianie o aktualizacjach zasad:<\/strong> U\u017cytkownik zostanie powiadomiony o wszelkich aktualizacjach polityki prywatno\u015bci lub wy\u0142\u0105czenia odpowiedzialno\u015bci. Prosimy o zapoznanie si\u0119 z wiadomo\u015bciami e-mail w tej sprawie i podj\u0119cie decyzji o dalszym post\u0119powaniu. Nie wahaj si\u0119 skontaktowa\u0107 z nami w tych sprawach.<\/p><\/li><li><p><strong>Do\u0142\u0105cz bez k\u0142opot\u00f3w:<\/strong> Wdro\u017cyli\u015bmy HTTPS wsz\u0119dzie, wi\u0119c przechwycenie danych nie jest mo\u017cliwe. Nawet je\u015bli komu\u015b uda\u0142oby si\u0119 to zrobi\u0107, haker uzyska\u0142by tylko zaszyfrowane dane. Mo\u017cesz wi\u0119c bezpiecznie korzysta\u0107 z naszej aplikacji.<\/p><\/li><li><p><strong>Nie przechowujemy danych u\u017cytkownik\u00f3w:<\/strong> Nie przechowujemy \u017cadnych danych u\u017cytkownika. Nie ma \u017cadnych ukrytych opcji, kt\u00f3re zbieraj\u0105 dane. Po przes\u0142aniu aplikacji na serwer nie mamy do niej dost\u0119pu bez has\u0142a administratora. Nie martw si\u0119 wi\u0119c o ukryte wycieki danych.<\/p><\/li><li><p><strong>Polityka dotycz\u0105ca wycieku danych:<\/strong> Wdro\u017cyli\u015bmy wszystkie \u015brodki bezpiecze\u0144stwa w celu ochrony danych w bazie danych (szyfrowanie danych, MySQL, zapobieganie wstrzykni\u0119ciom SQL, walidacja danych wej\u015bciowych itp.) S\u0142abe lub zbyt przewidywalne has\u0142a mog\u0105 zagrozi\u0107 bezpiecze\u0144stwu Twoich danych i dlatego ponosisz za nie odpowiedzialno\u015b\u0107.<\/p><\/li><\/ol><p><strong>Czy wysy\u0142anie masowych wiadomo\u015bci do u\u017cytkownik\u00f3w Facebooka za po\u015brednictwem naszego systemu jest zgodne z RODO?<\/strong><\/p><p>Tak, wysy\u0142anie masowej komunikacji za po\u015brednictwem naszego systemu jest zgodne z RODO. Poniewa\u017c ludzie OPT-IN (dobrowolnie rozpoczynaj\u0105 rozmow\u0119) na naszej stronie na Facebooku, mo\u017cemy to udowodni\u0107. Staj\u0105 si\u0119 oni naszymi kontaktami w legalny spos\u00f3b. Wszystkie wysy\u0142ane wiadomo\u015bci musz\u0105 mie\u0107 link rezygnacji (ta funkcja jest ju\u017c dost\u0119pna) lub inny spos\u00f3b umo\u017cliwiaj\u0105cy ludziom rezygnacj\u0119 w dowolnym momencie.<\/p>\t\t\t\t\t\t\t\t<\/div>\n\t\t\t\t<\/div>\n\t\t\t\t\t<\/div>\n\t\t\t\t<\/div>\n\t\t\t\t<\/div>","protected":false},"excerpt":{"rendered":"<p>Kas yra BDAR? BDAR \u2013 tai Bendrasis duomen\u0173 apsaugos reglamentas (angl. General Data Protection Regulation). Naujas ES \u012fvestas \u012fstatymas, skirtas apsaugoti naudotoj\u0173 [&hellip;]<\/p>","protected":false},"author":1,"featured_media":0,"parent":0,"menu_order":0,"comment_status":"closed","ping_status":"closed","template":"","meta":{"footnotes":""},"class_list":["post-1072","page","type-page","status-publish","hentry"],"yoast_head":"<!-- This site is optimized with the Yoast SEO Premium plugin v23.8 (Yoast SEO v26.4) - https:\/\/yoast.com\/wordpress\/plugins\/seo\/ -->\n<title>BDAR - startmsg.lt<\/title>\n<meta name=\"robots\" content=\"index, follow, max-snippet:-1, max-image-preview:large, max-video-preview:-1\" \/>\n<link rel=\"canonical\" href=\"https:\/\/startmsg.lt\/pl\/bdar\/\" \/>\n<meta property=\"og:locale\" content=\"pl_PL\" \/>\n<meta property=\"og:type\" content=\"article\" \/>\n<meta property=\"og:title\" content=\"BDAR\" \/>\n<meta property=\"og:description\" content=\"Kas yra BDAR? BDAR \u2013 tai Bendrasis duomen\u0173 apsaugos reglamentas (angl. General Data Protection Regulation). Naujas ES \u012fvestas \u012fstatymas, skirtas apsaugoti naudotoj\u0173 [&hellip;]\" \/>\n<meta property=\"og:url\" content=\"https:\/\/startmsg.lt\/pl\/bdar\/\" \/>\n<meta property=\"og:site_name\" content=\"startmsg.lt\" \/>\n<meta property=\"article:publisher\" content=\"https:\/\/facebook.com\/chatbotas\" \/>\n<meta property=\"article:modified_time\" content=\"2025-06-01T21:30:13+00:00\" \/>\n<meta name=\"twitter:card\" content=\"summary_large_image\" \/>\n<meta name=\"twitter:label1\" content=\"Szacowany czas czytania\" \/>\n\t<meta name=\"twitter:data1\" content=\"7 minut\" \/>\n<script type=\"application\/ld+json\" class=\"yoast-schema-graph\">{\"@context\":\"https:\/\/schema.org\",\"@graph\":[{\"@type\":\"WebPage\",\"@id\":\"https:\/\/startmsg.lt\/bdar\/\",\"url\":\"https:\/\/startmsg.lt\/bdar\/\",\"name\":\"BDAR - startmsg.lt\",\"isPartOf\":{\"@id\":\"https:\/\/startmsg.lt\/#website\"},\"datePublished\":\"2024-10-12T22:30:05+00:00\",\"dateModified\":\"2025-06-01T21:30:13+00:00\",\"breadcrumb\":{\"@id\":\"https:\/\/startmsg.lt\/bdar\/#breadcrumb\"},\"inLanguage\":\"pl-PL\",\"potentialAction\":[{\"@type\":\"ReadAction\",\"target\":[\"https:\/\/startmsg.lt\/bdar\/\"]}]},{\"@type\":\"BreadcrumbList\",\"@id\":\"https:\/\/startmsg.lt\/bdar\/#breadcrumb\",\"itemListElement\":[{\"@type\":\"ListItem\",\"position\":1,\"name\":\"Home\",\"item\":\"https:\/\/startmsg.lt\/\"},{\"@type\":\"ListItem\",\"position\":2,\"name\":\"BDAR\"}]},{\"@type\":\"WebSite\",\"@id\":\"https:\/\/startmsg.lt\/#website\",\"url\":\"https:\/\/startmsg.lt\/\",\"name\":\"startmsg.lt\",\"description\":\"\",\"publisher\":{\"@id\":\"https:\/\/startmsg.lt\/#organization\"},\"potentialAction\":[{\"@type\":\"SearchAction\",\"target\":{\"@type\":\"EntryPoint\",\"urlTemplate\":\"https:\/\/startmsg.lt\/?s={search_term_string}\"},\"query-input\":{\"@type\":\"PropertyValueSpecification\",\"valueRequired\":true,\"valueName\":\"search_term_string\"}}],\"inLanguage\":\"pl-PL\"},{\"@type\":\"Organization\",\"@id\":\"https:\/\/startmsg.lt\/#organization\",\"name\":\"startmsg.lt\",\"url\":\"https:\/\/startmsg.lt\/\",\"logo\":{\"@type\":\"ImageObject\",\"inLanguage\":\"pl-PL\",\"@id\":\"https:\/\/startmsg.lt\/#\/schema\/logo\/image\/\",\"url\":\"https:\/\/startmsg.lt\/wp-content\/uploads\/2024\/01\/favicon.png\",\"contentUrl\":\"https:\/\/startmsg.lt\/wp-content\/uploads\/2024\/01\/favicon.png\",\"width\":196,\"height\":196,\"caption\":\"startmsg.lt\"},\"image\":{\"@id\":\"https:\/\/startmsg.lt\/#\/schema\/logo\/image\/\"},\"sameAs\":[\"https:\/\/facebook.com\/chatbotas\",\"https:\/\/www.instagram.com\/chatbotas\"]}]}<\/script>\n<!-- \/ Yoast SEO Premium plugin. -->","yoast_head_json":{"title":"RODO - startmsg.lt","robots":{"index":"index","follow":"follow","max-snippet":"max-snippet:-1","max-image-preview":"max-image-preview:large","max-video-preview":"max-video-preview:-1"},"canonical":"https:\/\/startmsg.lt\/pl\/bdar\/","og_locale":"pl_PL","og_type":"article","og_title":"BDAR","og_description":"Kas yra BDAR? BDAR \u2013 tai Bendrasis duomen\u0173 apsaugos reglamentas (angl. General Data Protection Regulation). Naujas ES \u012fvestas \u012fstatymas, skirtas apsaugoti naudotoj\u0173 [&hellip;]","og_url":"https:\/\/startmsg.lt\/pl\/bdar\/","og_site_name":"startmsg.lt","article_publisher":"https:\/\/facebook.com\/chatbotas","article_modified_time":"2025-06-01T21:30:13+00:00","twitter_card":"summary_large_image","twitter_misc":{"Szacowany czas czytania":"7 minut"},"schema":{"@context":"https:\/\/schema.org","@graph":[{"@type":"WebPage","@id":"https:\/\/startmsg.lt\/bdar\/","url":"https:\/\/startmsg.lt\/bdar\/","name":"RODO - startmsg.lt","isPartOf":{"@id":"https:\/\/startmsg.lt\/#website"},"datePublished":"2024-10-12T22:30:05+00:00","dateModified":"2025-06-01T21:30:13+00:00","breadcrumb":{"@id":"https:\/\/startmsg.lt\/bdar\/#breadcrumb"},"inLanguage":"pl-PL","potentialAction":[{"@type":"ReadAction","target":["https:\/\/startmsg.lt\/bdar\/"]}]},{"@type":"BreadcrumbList","@id":"https:\/\/startmsg.lt\/bdar\/#breadcrumb","itemListElement":[{"@type":"ListItem","position":1,"name":"Home","item":"https:\/\/startmsg.lt\/"},{"@type":"ListItem","position":2,"name":"BDAR"}]},{"@type":"WebSite","@id":"https:\/\/startmsg.lt\/#website","url":"https:\/\/startmsg.lt\/","name":"startmsg.lt","description":"","publisher":{"@id":"https:\/\/startmsg.lt\/#organization"},"potentialAction":[{"@type":"SearchAction","target":{"@type":"EntryPoint","urlTemplate":"https:\/\/startmsg.lt\/?s={search_term_string}"},"query-input":{"@type":"PropertyValueSpecification","valueRequired":true,"valueName":"search_term_string"}}],"inLanguage":"pl-PL"},{"@type":"Organization","@id":"https:\/\/startmsg.lt\/#organization","name":"startmsg.lt","url":"https:\/\/startmsg.lt\/","logo":{"@type":"ImageObject","inLanguage":"pl-PL","@id":"https:\/\/startmsg.lt\/#\/schema\/logo\/image\/","url":"https:\/\/startmsg.lt\/wp-content\/uploads\/2024\/01\/favicon.png","contentUrl":"https:\/\/startmsg.lt\/wp-content\/uploads\/2024\/01\/favicon.png","width":196,"height":196,"caption":"startmsg.lt"},"image":{"@id":"https:\/\/startmsg.lt\/#\/schema\/logo\/image\/"},"sameAs":["https:\/\/facebook.com\/chatbotas","https:\/\/www.instagram.com\/chatbotas"]}]}},"_links":{"self":[{"href":"https:\/\/startmsg.lt\/pl\/wp-json\/wp\/v2\/pages\/1072","targetHints":{"allow":["GET"]}}],"collection":[{"href":"https:\/\/startmsg.lt\/pl\/wp-json\/wp\/v2\/pages"}],"about":[{"href":"https:\/\/startmsg.lt\/pl\/wp-json\/wp\/v2\/types\/page"}],"author":[{"embeddable":true,"href":"https:\/\/startmsg.lt\/pl\/wp-json\/wp\/v2\/users\/1"}],"replies":[{"embeddable":true,"href":"https:\/\/startmsg.lt\/pl\/wp-json\/wp\/v2\/comments?post=1072"}],"version-history":[{"count":8,"href":"https:\/\/startmsg.lt\/pl\/wp-json\/wp\/v2\/pages\/1072\/revisions"}],"predecessor-version":[{"id":2430,"href":"https:\/\/startmsg.lt\/pl\/wp-json\/wp\/v2\/pages\/1072\/revisions\/2430"}],"wp:attachment":[{"href":"https:\/\/startmsg.lt\/pl\/wp-json\/wp\/v2\/media?parent=1072"}],"curies":[{"name":"wp","href":"https:\/\/api.w.org\/{rel}","templated":true}]}}