{"id":3,"date":"2024-01-30T13:41:47","date_gmt":"2024-01-30T13:41:47","guid":{"rendered":"http:\/\/startmsg.lt\/?page_id=3"},"modified":"2025-06-01T21:30:42","modified_gmt":"2025-06-01T21:30:42","slug":"personverns-policy","status":"publish","type":"page","link":"https:\/\/startmsg.lt\/nb\/personverns-policy\/","title":{"rendered":"Retningslinjer for personvern"},"content":{"rendered":"<div data-elementor-type=\"wp-page\" data-elementor-id=\"3\" class=\"elementor elementor-3\" data-elementor-settings=\"{&quot;element_pack_global_tooltip_width&quot;:{&quot;unit&quot;:&quot;px&quot;,&quot;size&quot;:&quot;&quot;,&quot;sizes&quot;:[]},&quot;element_pack_global_tooltip_width_tablet&quot;:{&quot;unit&quot;:&quot;px&quot;,&quot;size&quot;:&quot;&quot;,&quot;sizes&quot;:[]},&quot;element_pack_global_tooltip_width_mobile&quot;:{&quot;unit&quot;:&quot;px&quot;,&quot;size&quot;:&quot;&quot;,&quot;sizes&quot;:[]},&quot;element_pack_global_tooltip_padding&quot;:{&quot;unit&quot;:&quot;px&quot;,&quot;top&quot;:&quot;&quot;,&quot;right&quot;:&quot;&quot;,&quot;bottom&quot;:&quot;&quot;,&quot;left&quot;:&quot;&quot;,&quot;isLinked&quot;:true},&quot;element_pack_global_tooltip_padding_tablet&quot;:{&quot;unit&quot;:&quot;px&quot;,&quot;top&quot;:&quot;&quot;,&quot;right&quot;:&quot;&quot;,&quot;bottom&quot;:&quot;&quot;,&quot;left&quot;:&quot;&quot;,&quot;isLinked&quot;:true},&quot;element_pack_global_tooltip_padding_mobile&quot;:{&quot;unit&quot;:&quot;px&quot;,&quot;top&quot;:&quot;&quot;,&quot;right&quot;:&quot;&quot;,&quot;bottom&quot;:&quot;&quot;,&quot;left&quot;:&quot;&quot;,&quot;isLinked&quot;:true},&quot;element_pack_global_tooltip_border_radius&quot;:{&quot;unit&quot;:&quot;px&quot;,&quot;top&quot;:&quot;&quot;,&quot;right&quot;:&quot;&quot;,&quot;bottom&quot;:&quot;&quot;,&quot;left&quot;:&quot;&quot;,&quot;isLinked&quot;:true},&quot;element_pack_global_tooltip_border_radius_tablet&quot;:{&quot;unit&quot;:&quot;px&quot;,&quot;top&quot;:&quot;&quot;,&quot;right&quot;:&quot;&quot;,&quot;bottom&quot;:&quot;&quot;,&quot;left&quot;:&quot;&quot;,&quot;isLinked&quot;:true},&quot;element_pack_global_tooltip_border_radius_mobile&quot;:{&quot;unit&quot;:&quot;px&quot;,&quot;top&quot;:&quot;&quot;,&quot;right&quot;:&quot;&quot;,&quot;bottom&quot;:&quot;&quot;,&quot;left&quot;:&quot;&quot;,&quot;isLinked&quot;:true}}\">\n\t\t\t\t<div class=\"elementor-element elementor-element-0623705 e-flex e-con-boxed e-con e-parent\" data-id=\"0623705\" data-element_type=\"container\">\n\t\t\t\t\t<div class=\"e-con-inner\">\n\t\t\t\t<div class=\"elementor-element elementor-element-ba1afd1 elementor-widget elementor-widget-spacer\" data-id=\"ba1afd1\" data-element_type=\"widget\" data-widget_type=\"spacer.default\">\n\t\t\t\t<div class=\"elementor-widget-container\">\n\t\t\t\t\t\t\t<div class=\"elementor-spacer\">\n\t\t\t<div class=\"elementor-spacer-inner\"><\/div>\n\t\t<\/div>\n\t\t\t\t\t\t<\/div>\n\t\t\t\t<\/div>\n\t\t\t\t\t<\/div>\n\t\t\t\t<\/div>\n\t\t<div class=\"elementor-element elementor-element-5cea823 e-flex e-con-boxed e-con e-parent\" data-id=\"5cea823\" data-element_type=\"container\">\n\t\t\t\t\t<div class=\"e-con-inner\">\n\t\t\t\t<div class=\"elementor-element elementor-element-ef52721 elementor-widget elementor-widget-text-editor\" data-id=\"ef52721\" data-element_type=\"widget\" data-widget_type=\"text-editor.default\">\n\t\t\t\t<div class=\"elementor-widget-container\">\n\t\t\t\t\t\t\t\t\t<div class=\"term\"><div class=\"term__title\"><h3>Innledning<\/h3><\/div><p>\u00a0<\/p><p><strong>Velkommen til <a href=\"https:\/\/startmsg.com\" target=\"_new\" rel=\"noopener\">https:\/\/startmsg.com<\/a> \/<a href=\"https:\/\/startmsg.lt\/nb\/\" target=\"_new\" rel=\"noopener\"> https:\/\/startmsg.lt<\/a> (nettsted).<\/strong> Vi forst\u00e5r at personvern p\u00e5 nettet er viktig for brukere av nettstedet v\u00e5rt, s\u00e6rlig i forbindelse med forretningsvirksomhet. Denne personvernerkl\u00e6ringen regulerer v\u00e5r personvernpraksis for de brukerne av nettstedet (bes\u00f8kende) som bes\u00f8ker det uten \u00e5 gj\u00f8re forretninger, og for bes\u00f8kende som registrerer seg for \u00e5 gj\u00f8re forretninger p\u00e5 nettstedet og for \u00e5 bruke de ulike tjenestene som tilbys av denne applikasjonen (samlet kalt \"tjenestene\") (autoriserte kunder).<\/p><h3>Personlig identifikasjonsinformasjon<\/h3><p>Med personlig identifiserbar informasjon menes all informasjon som identifiserer eller kan brukes til \u00e5 identifisere, kontakte eller lokalisere personen som informasjonen tilh\u00f8rer, inkludert, men ikke begrenset til, navn, adresse, telefonnummer, faksnummer, e-postadresse, \u00f8konomiske data, personnummer og kredittkortinformasjon. Personlig identifiserbar informasjon omfatter ikke informasjon som samles inn anonymt (dvs. uten at brukeren kan identifiseres) eller demografisk informasjon som ikke er knyttet til en identifisert person.<\/p><h3>Hvilke personlige identifikasjonsdata samler vi inn?<\/h3><p>Vi kan samle inn grunnleggende brukerprofilinformasjon fra alle v\u00e5re bes\u00f8kende. I tillegg samler vi inn f\u00f8lgende tilleggsinformasjon fra autoriserte kunder: navn, adresser, telefonnumre og e-postadresser, virksomhetens art og st\u00f8rrelse, og arten og st\u00f8rrelsen p\u00e5 annonselageret som den autoriserte kunden har til hensikt \u00e5 kj\u00f8pe eller selge.<\/p><h3>Hvilke organisasjoner samler inn informasjon?<\/h3><p>I tillegg til v\u00e5r direkte innsamling av informasjon, kan v\u00e5re tredjeparts tjenesteleverand\u00f8rer (for eksempel kredittkortselskaper, betalingssentre og banker) som tilbyr tjenester som kreditt-, forsikrings- og innskuddstjenester, samle inn denne informasjonen fra v\u00e5re bes\u00f8kende og autoriserte kunder. Vi kontrollerer ikke hvordan disse tredjepartene bruker slik informasjon, men vi ber dem om \u00e5 opplyse om hvordan de bruker personopplysningene de mottar fra bes\u00f8kende og autoriserte kunder.<\/p><h3>Hvordan bruker nettstedet personlig identifiserbar informasjon?<\/h3><p>Vi bruker personlig identifiserbar informasjon til \u00e5 tilpasse nettstedet, tilby relevante tjenester og oppfylle kj\u00f8ps- og salgsforesp\u00f8rsler. Vi kan sende e-post til bes\u00f8kende og autoriserte kunder om foresp\u00f8rsler, kj\u00f8ps- og salgsmuligheter eller informasjon relatert til emnet p\u00e5 nettstedet. Vi kan ogs\u00e5 bruke personlig identifiserbar informasjon til \u00e5 svare p\u00e5 spesifikke henvendelser eller gi etterspurt informasjon.<\/p><h3>Hvem kan informasjonen deles med?<\/h3><p>Personlig identifiserbar informasjon om autoriserte kunder kan deles med andre autoriserte kunder som \u00f8nsker \u00e5 evaluere potensielle transaksjonsmuligheter. Vi kan dele aggregert informasjon om v\u00e5re bes\u00f8kende, inkludert demografisk informasjon om v\u00e5re bes\u00f8kende og autoriserte kunder, med v\u00e5re tilknyttede byr\u00e5er og tredjepartsleverand\u00f8rer. Vi gir deg ogs\u00e5 muligheten til \u00e5 reservere deg mot \u00e5 motta informasjon eller bli kontaktet av oss eller et byr\u00e5 som opptrer p\u00e5 v\u00e5re vegne.<\/p><h3>Hvordan lagres personlig identifikasjonsinformasjon?<\/h3><p>De innsamlede personopplysningene lagres p\u00e5 en sikker m\u00e5te og gj\u00f8res ikke tilgjengelig for tredjeparter eller v\u00e5re ansatte, unntatt n\u00e5r de brukes til de form\u00e5lene som er beskrevet ovenfor.<\/p><h3>Hvilke valg har bes\u00f8kende n\u00e5r det gjelder innsamling, bruk og distribusjon av informasjon?<\/h3><p>Bes\u00f8kende og autoriserte kunder kan reservere seg mot \u00e5 motta u\u00f8nsket informasjon fra oss og\/eller v\u00e5re leverand\u00f8rer og tilknyttede byr\u00e5er ved \u00e5 svare p\u00e5 e-post i samsvar med instruksjonene som gis, eller ved \u00e5 kontakte oss.<\/p><h3>Brukes informasjonskapsler p\u00e5 nettstedet?<\/h3><p>Ja, informasjonskapsler brukes av ulike \u00e5rsaker. Vi bruker informasjonskapsler for \u00e5 innhente informasjon om v\u00e5re bes\u00f8kendes preferanser og valg av tjenester. Vi bruker ogs\u00e5 informasjonskapsler for sikkerhetsform\u00e5l for \u00e5 beskytte autoriserte kunder.<\/p><h3>Hvordan bruker appen p\u00e5loggingsinformasjon?<\/h3><p>Appen bruker p\u00e5loggingsinformasjon, inkludert, men ikke begrenset til, IP-adresser, Internett-leverand\u00f8rer (ISP-er) og nettlesertyper, for \u00e5 analysere trender, administrere nettstedet, spore brukernes bevegelser og bruk av nettstedet, og samle bred demografisk informasjon.<\/p><h3>Hvordan lagrer nettstedet personlig identifiserbar informasjon?<\/h3><p>Alle v\u00e5re ansatte er kjent med v\u00e5re sikkerhetsretningslinjer og -prosedyrer. Personlig identifiserbar informasjon som tilh\u00f8rer bes\u00f8kende og autoriserte kunder, er bare tilgjengelig for et begrenset antall kvalifiserte ansatte som har passord for \u00e5 f\u00e5 tilgang til informasjonen.<\/p><h3>Hvilke partnere eller tjenesteleverand\u00f8rer har tilgang til personlig identifiserbar informasjon fra bes\u00f8kende og\/eller autoriserte kunder p\u00e5 nettstedet?<\/h3><p>Appen har inng\u00e5tt og vil fortsette \u00e5 inng\u00e5 partnerskap og andre samarbeidsavtaler med ulike leverand\u00f8rer. Slike leverand\u00f8rer kan ha tilgang til visse personopplysninger p\u00e5 et \"need to know\"-grunnlag for \u00e5 vurdere om autoriserte kunder er kvalifisert for tjenester. V\u00e5re retningslinjer for personvern dekker ikke innsamling eller bruk av informasjon fra disse leverand\u00f8rene. Utlevering av personlig identifiserbar informasjon for \u00e5 overholde loven: Vi vil utlevere personlig identifiserbar informasjon for \u00e5 etterkomme en rettskjennelse eller stevning, eller en anmodning om informasjon fra et politimyndighet. Vi vil ogs\u00e5 utlevere personlig identifiserbar informasjon n\u00e5r det er rimelig n\u00f8dvendig for \u00e5 beskytte sikkerheten til v\u00e5re bes\u00f8kende og autoriserte kunder.<\/p><h3>Hvordan lagrer nettstedet personlig identifiserbar informasjon?<\/h3><p>Alle v\u00e5re ansatte er kjent med v\u00e5re sikkerhetsretningslinjer og -prosedyrer. Personlig identifiserbar informasjon som tilh\u00f8rer bes\u00f8kende og autoriserte kunder, er bare tilgjengelig for et begrenset antall kvalifiserte ansatte som har passord for \u00e5 f\u00e5 tilgang til informasjonen. Vi gjennomg\u00e5r regelmessig sikkerhetssystemene og -prosessene v\u00e5re. Sensitiv informasjon, for eksempel kredittkortnumre eller personnummer, er beskyttet av krypteringsprotokoller for \u00e5 beskytte informasjon som sendes over Internett. Selv om vi iverksetter kommersielt rimelige tiltak for \u00e5 sikre et sikkert nettsted, er elektronisk kommunikasjon og databaser s\u00e5rbare for feil, hacking og andre hendelser, og vi kan ikke garantere at slike hendelser ikke vil inntreffe, og vi p\u00e5tar oss ikke ansvar for slike hendelser for bes\u00f8kende eller autoriserte kunder.<\/p><h3>Hvordan kan bes\u00f8kende korrigere un\u00f8yaktigheter i personlig identifikasjonsinformasjon?<\/h3><p>Bes\u00f8kende og autoriserte kunder kan kontakte oss for \u00e5 oppdatere eller korrigere personlig identifiserbar informasjon om seg selv ved \u00e5 sende oss en e-post: <a rel=\"noopener\">support@startmsg.com<\/a>.<\/p><h3>Kan en bes\u00f8kende slette eller deaktivere personlig identifiserbar informasjon som er samlet inn p\u00e5 nettstedet?<\/h3><p>Vi tilbyr bes\u00f8kende og autoriserte kunder en mekanisme for \u00e5 slette\/deaktivere personlig identifiserbar informasjon fra nettstedets database ved \u00e5 kontakte oss. P\u00e5 grunn av sikkerhetskopiering og sletting er det imidlertid ikke sikkert at det er mulig \u00e5 slette en bes\u00f8kendes oppf\u00f8ring fullstendig uten at noe informasjon gjenst\u00e5r. En person som ber om deaktivering av personlig identifiserbar informasjon, vil f\u00e5 denne informasjonen funksjonelt slettet, og vi vil ikke selge, overf\u00f8re eller bruke denne informasjonen p\u00e5 noen fremtidig m\u00e5te.<\/p><h3>Hva skjer hvis personvernerkl\u00e6ringen endres?<\/h3><p>Vi vil varsle v\u00e5re bes\u00f8kende og autoriserte kunder om endringer i v\u00e5re retningslinjer for personvern ved \u00e5 legge ut slike endringer p\u00e5 nettstedet. Hvis vi endrer personvernerkl\u00e6ringen v\u00e5r p\u00e5 en m\u00e5te som kan f\u00f8re til utlevering av personlig identifiserbar informasjon som en bes\u00f8kende eller autorisert kunde tidligere har bedt om ikke \u00e5 bli utlevert, vil vi imidlertid kontakte den bes\u00f8kende eller autoriserte kunden for \u00e5 gi dem mulighet til \u00e5 forhindre slik utlevering.<\/p><h3>Referanser:<\/h3><p><a href=\"https:\/\/startmsg.com\" target=\"_new\" rel=\"noopener\">Startmsg.com<\/a> \/ <a href=\"https:\/\/startmsg.lt\/nb\/\">Startmsg.lt<\/a> kan inneholde lenker til andre nettsteder. V\u00e6r oppmerksom p\u00e5 at hvis du klikker p\u00e5 en av lenkene, vil du bli f\u00f8rt til et annet nettsted. Vi oppfordrer deg til \u00e5 lese personvernerkl\u00e6ringene p\u00e5 disse nettstedene, da de kan avvike fra v\u00e5re.<\/p><\/div>\t\t\t\t\t\t\t\t<\/div>\n\t\t\t\t<\/div>\n\t\t\t\t\t<\/div>\n\t\t\t\t<\/div>\n\t\t\t\t<\/div>","protected":false},"excerpt":{"rendered":"<p>\u012evadas \u00a0 Sveiki atvyk\u0119 \u012f https:\/\/startmsg.com \/ https:\/\/startmsg.lt (Svetain\u0117). Mes suprantame, kad privatumas internete yra svarbus m\u016bs\u0173 Svetain\u0117s naudotojams, ypa\u010d vykdant verslo [&hellip;]<\/p>","protected":false},"author":1,"featured_media":0,"parent":0,"menu_order":0,"comment_status":"closed","ping_status":"open","template":"","meta":{"footnotes":""},"class_list":["post-3","page","type-page","status-publish","hentry"],"yoast_head":"<!-- This site is optimized with the Yoast SEO Premium plugin v23.8 (Yoast SEO v26.4) - https:\/\/yoast.com\/wordpress\/plugins\/seo\/ -->\n<title>Privatumo politika - startmsg.lt<\/title>\n<meta name=\"robots\" content=\"index, nofollow, max-snippet:-1, max-image-preview:large, max-video-preview:-1\" \/>\n<link rel=\"canonical\" href=\"https:\/\/startmsg.lt\/nb\/personverns-policy\/\" \/>\n<meta property=\"og:locale\" content=\"nb_NO\" \/>\n<meta property=\"og:type\" content=\"article\" \/>\n<meta property=\"og:title\" content=\"Privatumo politika\" \/>\n<meta property=\"og:description\" content=\"\u012evadas \u00a0 Sveiki atvyk\u0119 \u012f https:\/\/startmsg.com \/ https:\/\/startmsg.lt (Svetain\u0117). Mes suprantame, kad privatumas internete yra svarbus m\u016bs\u0173 Svetain\u0117s naudotojams, ypa\u010d vykdant verslo [&hellip;]\" \/>\n<meta property=\"og:url\" content=\"https:\/\/startmsg.lt\/nb\/personverns-policy\/\" \/>\n<meta property=\"og:site_name\" content=\"startmsg.lt\" \/>\n<meta property=\"article:publisher\" content=\"https:\/\/facebook.com\/chatbotas\" \/>\n<meta property=\"article:modified_time\" content=\"2025-06-01T21:30:42+00:00\" \/>\n<meta name=\"twitter:card\" content=\"summary_large_image\" \/>\n<meta name=\"twitter:label1\" content=\"Ansl. lesetid\" \/>\n\t<meta name=\"twitter:data1\" content=\"6 minutter\" \/>\n<script type=\"application\/ld+json\" class=\"yoast-schema-graph\">{\"@context\":\"https:\/\/schema.org\",\"@graph\":[{\"@type\":\"WebPage\",\"@id\":\"https:\/\/startmsg.lt\/privatumo-politika\/\",\"url\":\"https:\/\/startmsg.lt\/privatumo-politika\/\",\"name\":\"Privatumo politika - startmsg.lt\",\"isPartOf\":{\"@id\":\"https:\/\/startmsg.lt\/#website\"},\"datePublished\":\"2024-01-30T13:41:47+00:00\",\"dateModified\":\"2025-06-01T21:30:42+00:00\",\"breadcrumb\":{\"@id\":\"https:\/\/startmsg.lt\/privatumo-politika\/#breadcrumb\"},\"inLanguage\":\"nb-NO\",\"potentialAction\":[{\"@type\":\"ReadAction\",\"target\":[\"https:\/\/startmsg.lt\/privatumo-politika\/\"]}]},{\"@type\":\"BreadcrumbList\",\"@id\":\"https:\/\/startmsg.lt\/privatumo-politika\/#breadcrumb\",\"itemListElement\":[{\"@type\":\"ListItem\",\"position\":1,\"name\":\"Home\",\"item\":\"https:\/\/startmsg.lt\/\"},{\"@type\":\"ListItem\",\"position\":2,\"name\":\"Privatumo politika\"}]},{\"@type\":\"WebSite\",\"@id\":\"https:\/\/startmsg.lt\/#website\",\"url\":\"https:\/\/startmsg.lt\/\",\"name\":\"startmsg.lt\",\"description\":\"\",\"publisher\":{\"@id\":\"https:\/\/startmsg.lt\/#organization\"},\"potentialAction\":[{\"@type\":\"SearchAction\",\"target\":{\"@type\":\"EntryPoint\",\"urlTemplate\":\"https:\/\/startmsg.lt\/?s={search_term_string}\"},\"query-input\":{\"@type\":\"PropertyValueSpecification\",\"valueRequired\":true,\"valueName\":\"search_term_string\"}}],\"inLanguage\":\"nb-NO\"},{\"@type\":\"Organization\",\"@id\":\"https:\/\/startmsg.lt\/#organization\",\"name\":\"startmsg.lt\",\"url\":\"https:\/\/startmsg.lt\/\",\"logo\":{\"@type\":\"ImageObject\",\"inLanguage\":\"nb-NO\",\"@id\":\"https:\/\/startmsg.lt\/#\/schema\/logo\/image\/\",\"url\":\"https:\/\/startmsg.lt\/wp-content\/uploads\/2024\/01\/favicon.png\",\"contentUrl\":\"https:\/\/startmsg.lt\/wp-content\/uploads\/2024\/01\/favicon.png\",\"width\":196,\"height\":196,\"caption\":\"startmsg.lt\"},\"image\":{\"@id\":\"https:\/\/startmsg.lt\/#\/schema\/logo\/image\/\"},\"sameAs\":[\"https:\/\/facebook.com\/chatbotas\",\"https:\/\/www.instagram.com\/chatbotas\"]}]}<\/script>\n<!-- \/ Yoast SEO Premium plugin. -->","yoast_head_json":{"title":"Retningslinjer for personvern - startmsg.lt","robots":{"index":"index","follow":"nofollow","max-snippet":"max-snippet:-1","max-image-preview":"max-image-preview:large","max-video-preview":"max-video-preview:-1"},"canonical":"https:\/\/startmsg.lt\/nb\/personverns-policy\/","og_locale":"nb_NO","og_type":"article","og_title":"Privatumo politika","og_description":"\u012evadas \u00a0 Sveiki atvyk\u0119 \u012f https:\/\/startmsg.com \/ https:\/\/startmsg.lt (Svetain\u0117). Mes suprantame, kad privatumas internete yra svarbus m\u016bs\u0173 Svetain\u0117s naudotojams, ypa\u010d vykdant verslo [&hellip;]","og_url":"https:\/\/startmsg.lt\/nb\/personverns-policy\/","og_site_name":"startmsg.lt","article_publisher":"https:\/\/facebook.com\/chatbotas","article_modified_time":"2025-06-01T21:30:42+00:00","twitter_card":"summary_large_image","twitter_misc":{"Ansl. lesetid":"6 minutter"},"schema":{"@context":"https:\/\/schema.org","@graph":[{"@type":"WebPage","@id":"https:\/\/startmsg.lt\/privatumo-politika\/","url":"https:\/\/startmsg.lt\/privatumo-politika\/","name":"Retningslinjer for personvern - startmsg.lt","isPartOf":{"@id":"https:\/\/startmsg.lt\/#website"},"datePublished":"2024-01-30T13:41:47+00:00","dateModified":"2025-06-01T21:30:42+00:00","breadcrumb":{"@id":"https:\/\/startmsg.lt\/privatumo-politika\/#breadcrumb"},"inLanguage":"nb-NO","potentialAction":[{"@type":"ReadAction","target":["https:\/\/startmsg.lt\/privatumo-politika\/"]}]},{"@type":"BreadcrumbList","@id":"https:\/\/startmsg.lt\/privatumo-politika\/#breadcrumb","itemListElement":[{"@type":"ListItem","position":1,"name":"Home","item":"https:\/\/startmsg.lt\/"},{"@type":"ListItem","position":2,"name":"Privatumo politika"}]},{"@type":"WebSite","@id":"https:\/\/startmsg.lt\/#website","url":"https:\/\/startmsg.lt\/","name":"startmsg.lt","description":"","publisher":{"@id":"https:\/\/startmsg.lt\/#organization"},"potentialAction":[{"@type":"SearchAction","target":{"@type":"EntryPoint","urlTemplate":"https:\/\/startmsg.lt\/?s={search_term_string}"},"query-input":{"@type":"PropertyValueSpecification","valueRequired":true,"valueName":"search_term_string"}}],"inLanguage":"nb-NO"},{"@type":"Organization","@id":"https:\/\/startmsg.lt\/#organization","name":"startmsg.lt","url":"https:\/\/startmsg.lt\/","logo":{"@type":"ImageObject","inLanguage":"nb-NO","@id":"https:\/\/startmsg.lt\/#\/schema\/logo\/image\/","url":"https:\/\/startmsg.lt\/wp-content\/uploads\/2024\/01\/favicon.png","contentUrl":"https:\/\/startmsg.lt\/wp-content\/uploads\/2024\/01\/favicon.png","width":196,"height":196,"caption":"startmsg.lt"},"image":{"@id":"https:\/\/startmsg.lt\/#\/schema\/logo\/image\/"},"sameAs":["https:\/\/facebook.com\/chatbotas","https:\/\/www.instagram.com\/chatbotas"]}]}},"_links":{"self":[{"href":"https:\/\/startmsg.lt\/nb\/wp-json\/wp\/v2\/pages\/3","targetHints":{"allow":["GET"]}}],"collection":[{"href":"https:\/\/startmsg.lt\/nb\/wp-json\/wp\/v2\/pages"}],"about":[{"href":"https:\/\/startmsg.lt\/nb\/wp-json\/wp\/v2\/types\/page"}],"author":[{"embeddable":true,"href":"https:\/\/startmsg.lt\/nb\/wp-json\/wp\/v2\/users\/1"}],"replies":[{"embeddable":true,"href":"https:\/\/startmsg.lt\/nb\/wp-json\/wp\/v2\/comments?post=3"}],"version-history":[{"count":15,"href":"https:\/\/startmsg.lt\/nb\/wp-json\/wp\/v2\/pages\/3\/revisions"}],"predecessor-version":[{"id":2433,"href":"https:\/\/startmsg.lt\/nb\/wp-json\/wp\/v2\/pages\/3\/revisions\/2433"}],"wp:attachment":[{"href":"https:\/\/startmsg.lt\/nb\/wp-json\/wp\/v2\/media?parent=3"}],"curies":[{"name":"wp","href":"https:\/\/api.w.org\/{rel}","templated":true}]}}