{"id":1642,"date":"2024-11-03T06:07:02","date_gmt":"2024-11-03T06:07:02","guid":{"rendered":"https:\/\/startmsg.lt\/?page_id=1642"},"modified":"2024-11-03T21:06:03","modified_gmt":"2024-11-03T21:06:03","slug":"integrasjoner","status":"publish","type":"page","link":"https:\/\/startmsg.lt\/nb\/integrasjoner\/","title":{"rendered":"Integrasjoner"},"content":{"rendered":"<div data-elementor-type=\"wp-page\" data-elementor-id=\"1642\" class=\"elementor elementor-1642\" data-elementor-settings=\"{&quot;element_pack_global_tooltip_width&quot;:{&quot;unit&quot;:&quot;px&quot;,&quot;size&quot;:&quot;&quot;,&quot;sizes&quot;:[]},&quot;element_pack_global_tooltip_width_tablet&quot;:{&quot;unit&quot;:&quot;px&quot;,&quot;size&quot;:&quot;&quot;,&quot;sizes&quot;:[]},&quot;element_pack_global_tooltip_width_mobile&quot;:{&quot;unit&quot;:&quot;px&quot;,&quot;size&quot;:&quot;&quot;,&quot;sizes&quot;:[]},&quot;element_pack_global_tooltip_padding&quot;:{&quot;unit&quot;:&quot;px&quot;,&quot;top&quot;:&quot;&quot;,&quot;right&quot;:&quot;&quot;,&quot;bottom&quot;:&quot;&quot;,&quot;left&quot;:&quot;&quot;,&quot;isLinked&quot;:true},&quot;element_pack_global_tooltip_padding_tablet&quot;:{&quot;unit&quot;:&quot;px&quot;,&quot;top&quot;:&quot;&quot;,&quot;right&quot;:&quot;&quot;,&quot;bottom&quot;:&quot;&quot;,&quot;left&quot;:&quot;&quot;,&quot;isLinked&quot;:true},&quot;element_pack_global_tooltip_padding_mobile&quot;:{&quot;unit&quot;:&quot;px&quot;,&quot;top&quot;:&quot;&quot;,&quot;right&quot;:&quot;&quot;,&quot;bottom&quot;:&quot;&quot;,&quot;left&quot;:&quot;&quot;,&quot;isLinked&quot;:true},&quot;element_pack_global_tooltip_border_radius&quot;:{&quot;unit&quot;:&quot;px&quot;,&quot;top&quot;:&quot;&quot;,&quot;right&quot;:&quot;&quot;,&quot;bottom&quot;:&quot;&quot;,&quot;left&quot;:&quot;&quot;,&quot;isLinked&quot;:true},&quot;element_pack_global_tooltip_border_radius_tablet&quot;:{&quot;unit&quot;:&quot;px&quot;,&quot;top&quot;:&quot;&quot;,&quot;right&quot;:&quot;&quot;,&quot;bottom&quot;:&quot;&quot;,&quot;left&quot;:&quot;&quot;,&quot;isLinked&quot;:true},&quot;element_pack_global_tooltip_border_radius_mobile&quot;:{&quot;unit&quot;:&quot;px&quot;,&quot;top&quot;:&quot;&quot;,&quot;right&quot;:&quot;&quot;,&quot;bottom&quot;:&quot;&quot;,&quot;left&quot;:&quot;&quot;,&quot;isLinked&quot;:true}}\">\n\t\t\t\t<div class=\"elementor-element elementor-element-b9dd032 e-flex e-con-boxed e-con e-parent\" data-id=\"b9dd032\" data-element_type=\"container\">\n\t\t\t\t\t<div class=\"e-con-inner\">\n\t\t\t\t<div class=\"elementor-element elementor-element-2585986 elementor-widget elementor-widget-spacer\" data-id=\"2585986\" data-element_type=\"widget\" data-widget_type=\"spacer.default\">\n\t\t\t\t<div class=\"elementor-widget-container\">\n\t\t\t\t\t\t\t<div class=\"elementor-spacer\">\n\t\t\t<div class=\"elementor-spacer-inner\"><\/div>\n\t\t<\/div>\n\t\t\t\t\t\t<\/div>\n\t\t\t\t<\/div>\n\t\t\t\t\t<\/div>\n\t\t\t\t<\/div>\n\t\t\t\t<section class=\"elementor-section elementor-top-section elementor-element elementor-element-8008697 elementor-section-boxed elementor-section-height-default elementor-section-height-default\" data-id=\"8008697\" data-element_type=\"section\">\n\t\t\t\t\t\t<div class=\"elementor-container elementor-column-gap-default\">\n\t\t\t\t\t<div class=\"elementor-column elementor-col-50 elementor-top-column elementor-element elementor-element-5081002\" data-id=\"5081002\" data-element_type=\"column\">\n\t\t\t<div class=\"elementor-widget-wrap elementor-element-populated\">\n\t\t\t\t\t\t<div class=\"elementor-element elementor-element-73f0f14 elementor-widget__width-initial elementor-widget-tablet__width-initial elementor-widget-mobile__width-inherit elementor-widget elementor-widget-heading\" data-id=\"73f0f14\" data-element_type=\"widget\" data-widget_type=\"heading.default\">\n\t\t\t\t<div class=\"elementor-widget-container\">\n\t\t\t\t\t<h2 class=\"elementor-heading-title elementor-size-default\"><b>StartMsg integrasjoner<\/b><\/h2>\t\t\t\t<\/div>\n\t\t\t\t<\/div>\n\t\t\t\t<div class=\"elementor-element elementor-element-16efdc6 elementor-widget__width-initial elementor-widget elementor-widget-text-editor\" data-id=\"16efdc6\" data-element_type=\"widget\" data-widget_type=\"text-editor.default\">\n\t\t\t\t<div class=\"elementor-widget-container\">\n\t\t\t\t\t\t\t\t\t<p>StartMsg tilbyr omfattende integrasjoner som gj\u00f8r det mulig for bedriften din \u00e5 kommunisere effektivt med kundene dine. Integrer med popul\u00e6re plattformer som Facebook, Instagram og YouTube for \u00e5 \u00f8ke rekkevidden og interaksjonen.<\/p><p>Med ChatGPT kan du automatisere kundeserviceprosessene dine og gi raske svar p\u00e5 ofte stilte sp\u00f8rsm\u00e5l. Optimaliser e-handelsaktivitetene dine for \u00e5 \u00f8ke salget med WordPress- og WooCommerce-integrasjoner.<\/p><p>Bruk SMS-leverand\u00f8rer som Twilio, Plivo, Clickatell og Nexmo til \u00e5 sende direkte meldinger til kundene dine. Plattformen v\u00e5r st\u00f8tter ogs\u00e5 popul\u00e6re e-posttjenester som Sendgrid, Mailgun og Mailchimp, slik at du kan administrere e-postmarkedsf\u00f8ringen din p\u00e5 en effektiv m\u00e5te.<\/p><p>StartMsg st\u00f8tter HTTP GET\/POST-integrasjoner, slik at du kan koble deg til hvilken som helst meldingsleverand\u00f8r du \u00f8nsker. I tillegg f\u00e5r du tilgang til mer enn 1200 applikasjoner gjennom Zapier for \u00e5 koble til og automatisere prosesser p\u00e5 tvers av plattformer.<\/p><p>Med JSON API er det enkelt \u00e5 skreddersy integrasjoner etter bedriftens behov for \u00e5 sikre en s\u00f8ml\u00f8s dataflyt mellom ulike systemer.<\/p><p>Velg StartMsg og utvid forretningsmulighetene dine med v\u00e5re avanserte integrasjonsl\u00f8sninger!<\/p>\t\t\t\t\t\t\t\t<\/div>\n\t\t\t\t<\/div>\n\t\t\t\t<div class=\"elementor-element elementor-element-ffad013 elementor-widget elementor-widget-button\" data-id=\"ffad013\" data-element_type=\"widget\" data-widget_type=\"button.default\">\n\t\t\t\t<div class=\"elementor-widget-container\">\n\t\t\t\t\t\t\t\t\t<div class=\"elementor-button-wrapper\">\n\t\t\t\t\t<a class=\"elementor-button elementor-button-link elementor-size-sm\" href=\"https:\/\/app.startmsg.com\/integration\">\n\t\t\t\t\t\t<span class=\"elementor-button-content-wrapper\">\n\t\t\t\t\t\t<span class=\"elementor-button-icon\">\n\t\t\t\t<i aria-hidden=\"true\" class=\"ti ti-arrow-right\"><\/i>\t\t\t<\/span>\n\t\t\t\t\t\t\t\t\t<span class=\"elementor-button-text\">Integrasjoner<\/span>\n\t\t\t\t\t<\/span>\n\t\t\t\t\t<\/a>\n\t\t\t\t<\/div>\n\t\t\t\t\t\t\t\t<\/div>\n\t\t\t\t<\/div>\n\t\t\t\t\t<\/div>\n\t\t<\/div>\n\t\t\t\t<div class=\"elementor-column elementor-col-50 elementor-top-column elementor-element elementor-element-1f609be\" data-id=\"1f609be\" data-element_type=\"column\">\n\t\t\t<div class=\"elementor-widget-wrap elementor-element-populated\">\n\t\t\t\t\t\t<div class=\"elementor-element elementor-element-5cb57b7 elementor-widget elementor-widget-video\" data-id=\"5cb57b7\" data-element_type=\"widget\" data-settings=\"{&quot;video_type&quot;:&quot;hosted&quot;,&quot;start&quot;:0,&quot;autoplay&quot;:&quot;yes&quot;,&quot;play_on_mobile&quot;:&quot;yes&quot;,&quot;mute&quot;:&quot;yes&quot;,&quot;loop&quot;:&quot;yes&quot;}\" data-widget_type=\"video.default\">\n\t\t\t\t<div class=\"elementor-widget-container\">\n\t\t\t\t\t\t\t<div class=\"e-hosted-video elementor-wrapper elementor-open-inline\">\n\t\t\t\t\t<video class=\"elementor-video\" src=\"https:\/\/lumi.uicore.co\/customer-support-software\/wp-content\/uploads\/sites\/3\/2023\/01\/customer-support-feature.mp4\" autoplay=\"\" loop=\"\" muted=\"muted\" playsinline=\"\" controlslist=\"nodownload\"><\/video>\n\t\t\t\t<\/div>\n\t\t\t\t\t\t<\/div>\n\t\t\t\t<\/div>\n\t\t\t\t\t<\/div>\n\t\t<\/div>\n\t\t\t\t\t<\/div>\n\t\t<\/section>\n\t\t\t\t<section class=\"elementor-section elementor-top-section elementor-element elementor-element-496af4f elementor-section-boxed elementor-section-height-default elementor-section-height-default\" data-id=\"496af4f\" data-element_type=\"section\">\n\t\t\t\t\t\t<div class=\"elementor-container elementor-column-gap-default\">\n\t\t\t\t\t<div class=\"elementor-column elementor-col-100 elementor-top-column elementor-element elementor-element-12ced4a\" data-id=\"12ced4a\" data-element_type=\"column\">\n\t\t\t<div class=\"elementor-widget-wrap elementor-element-populated\">\n\t\t\t\t\t\t<section class=\"elementor-section elementor-inner-section elementor-element elementor-element-444aa43 elementor-section-boxed elementor-section-height-default elementor-section-height-default\" data-id=\"444aa43\" data-element_type=\"section\" data-settings=\"{&quot;background_background&quot;:&quot;classic&quot;}\">\n\t\t\t\t\t\t<div class=\"elementor-container elementor-column-gap-default\">\n\t\t\t\t\t<div class=\"elementor-column elementor-col-100 elementor-inner-column elementor-element elementor-element-6e5ede7\" data-id=\"6e5ede7\" data-element_type=\"column\">\n\t\t\t<div class=\"elementor-widget-wrap elementor-element-populated\">\n\t\t\t\t\t\t<div class=\"elementor-element elementor-element-994b0f6 elementor-widget__width-initial elementor-widget-tablet__width-initial elementor-widget-mobile__width-inherit elementor-widget elementor-widget-heading\" data-id=\"994b0f6\" data-element_type=\"widget\" data-widget_type=\"heading.default\">\n\t\t\t\t<div class=\"elementor-widget-container\">\n\t\t\t\t\t<h2 class=\"elementor-heading-title elementor-size-default\"><b>Pr\u00f8v Startmsg gratis <\/b><\/h2>\t\t\t\t<\/div>\n\t\t\t\t<\/div>\n\t\t\t\t<div class=\"elementor-element elementor-element-ef36c03 elementor-widget elementor-widget-spacer\" data-id=\"ef36c03\" data-element_type=\"widget\" data-widget_type=\"spacer.default\">\n\t\t\t\t<div class=\"elementor-widget-container\">\n\t\t\t\t\t\t\t<div class=\"elementor-spacer\">\n\t\t\t<div class=\"elementor-spacer-inner\"><\/div>\n\t\t<\/div>\n\t\t\t\t\t\t<\/div>\n\t\t\t\t<\/div>\n\t\t\t\t<div class=\"elementor-element elementor-element-7c31f21 elementor-widget__width-initial elementor-widget elementor-widget-text-editor\" data-id=\"7c31f21\" data-element_type=\"widget\" data-widget_type=\"text-editor.default\">\n\t\t\t\t<div class=\"elementor-widget-container\">\n\t\t\t\t\t\t\t\t\t<p>Gj\u00f8r samtaler om til salg, leads og konverteringer i dag!<\/p>\t\t\t\t\t\t\t\t<\/div>\n\t\t\t\t<\/div>\n\t\t\t\t<div class=\"elementor-element elementor-element-05d8c72 elementor-align-center elementor-widget elementor-widget-button\" data-id=\"05d8c72\" data-element_type=\"widget\" data-widget_type=\"button.default\">\n\t\t\t\t<div class=\"elementor-widget-container\">\n\t\t\t\t\t\t\t\t\t<div class=\"elementor-button-wrapper\">\n\t\t\t\t\t<a class=\"elementor-button elementor-button-link elementor-size-sm\" href=\"#\">\n\t\t\t\t\t\t<span class=\"elementor-button-content-wrapper\">\n\t\t\t\t\t\t\t\t\t<span class=\"elementor-button-text\">Star<\/span>\n\t\t\t\t\t<\/span>\n\t\t\t\t\t<\/a>\n\t\t\t\t<\/div>\n\t\t\t\t\t\t\t\t<\/div>\n\t\t\t\t<\/div>\n\t\t\t\t\t<\/div>\n\t\t<\/div>\n\t\t\t\t\t<\/div>\n\t\t<\/section>\n\t\t\t\t\t<\/div>\n\t\t<\/div>\n\t\t\t\t\t<\/div>\n\t\t<\/section>\n\t\t\t\t<\/div>","protected":false},"excerpt":{"rendered":"<p>StartMsg Integracij\u0173 Galimyb\u0117s StartMsg si\u016blo i\u0161samias integracijas, leid\u017eian\u010dias j\u016bs\u0173 verslui efektyviai bendrauti su klientais. Integruokite su populiariausiomis platformomis, tokiomis kaip Facebook, Instagram [&hellip;]<\/p>","protected":false},"author":1,"featured_media":0,"parent":0,"menu_order":0,"comment_status":"closed","ping_status":"closed","template":"","meta":{"footnotes":""},"class_list":["post-1642","page","type-page","status-publish","hentry"],"yoast_head":"<!-- This site is optimized with the Yoast SEO Premium plugin v23.8 (Yoast SEO v26.4) - https:\/\/yoast.com\/wordpress\/plugins\/seo\/ -->\n<title>Integracijos - startmsg.lt<\/title>\n<meta name=\"robots\" content=\"index, follow, max-snippet:-1, max-image-preview:large, max-video-preview:-1\" \/>\n<link rel=\"canonical\" href=\"https:\/\/startmsg.lt\/nb\/integrasjoner\/\" \/>\n<meta property=\"og:locale\" content=\"nb_NO\" \/>\n<meta property=\"og:type\" content=\"article\" \/>\n<meta property=\"og:title\" content=\"Integracijos\" \/>\n<meta property=\"og:description\" content=\"StartMsg Integracij\u0173 Galimyb\u0117s StartMsg si\u016blo i\u0161samias integracijas, leid\u017eian\u010dias j\u016bs\u0173 verslui efektyviai bendrauti su klientais. Integruokite su populiariausiomis platformomis, tokiomis kaip Facebook, Instagram [&hellip;]\" \/>\n<meta property=\"og:url\" content=\"https:\/\/startmsg.lt\/nb\/integrasjoner\/\" \/>\n<meta property=\"og:site_name\" content=\"startmsg.lt\" \/>\n<meta property=\"article:publisher\" content=\"https:\/\/facebook.com\/chatbotas\" \/>\n<meta property=\"article:modified_time\" content=\"2024-11-03T21:06:03+00:00\" \/>\n<meta name=\"twitter:card\" content=\"summary_large_image\" \/>\n<meta name=\"twitter:label1\" content=\"Ansl. lesetid\" \/>\n\t<meta name=\"twitter:data1\" content=\"1 minutt\" \/>\n<script type=\"application\/ld+json\" class=\"yoast-schema-graph\">{\"@context\":\"https:\/\/schema.org\",\"@graph\":[{\"@type\":\"WebPage\",\"@id\":\"https:\/\/startmsg.lt\/integracijos\/\",\"url\":\"https:\/\/startmsg.lt\/integracijos\/\",\"name\":\"Integracijos - startmsg.lt\",\"isPartOf\":{\"@id\":\"https:\/\/startmsg.lt\/#website\"},\"datePublished\":\"2024-11-03T06:07:02+00:00\",\"dateModified\":\"2024-11-03T21:06:03+00:00\",\"breadcrumb\":{\"@id\":\"https:\/\/startmsg.lt\/integracijos\/#breadcrumb\"},\"inLanguage\":\"nb-NO\",\"potentialAction\":[{\"@type\":\"ReadAction\",\"target\":[\"https:\/\/startmsg.lt\/integracijos\/\"]}]},{\"@type\":\"BreadcrumbList\",\"@id\":\"https:\/\/startmsg.lt\/integracijos\/#breadcrumb\",\"itemListElement\":[{\"@type\":\"ListItem\",\"position\":1,\"name\":\"Home\",\"item\":\"https:\/\/startmsg.lt\/\"},{\"@type\":\"ListItem\",\"position\":2,\"name\":\"Integracijos\"}]},{\"@type\":\"WebSite\",\"@id\":\"https:\/\/startmsg.lt\/#website\",\"url\":\"https:\/\/startmsg.lt\/\",\"name\":\"startmsg.lt\",\"description\":\"\",\"publisher\":{\"@id\":\"https:\/\/startmsg.lt\/#organization\"},\"potentialAction\":[{\"@type\":\"SearchAction\",\"target\":{\"@type\":\"EntryPoint\",\"urlTemplate\":\"https:\/\/startmsg.lt\/?s={search_term_string}\"},\"query-input\":{\"@type\":\"PropertyValueSpecification\",\"valueRequired\":true,\"valueName\":\"search_term_string\"}}],\"inLanguage\":\"nb-NO\"},{\"@type\":\"Organization\",\"@id\":\"https:\/\/startmsg.lt\/#organization\",\"name\":\"startmsg.lt\",\"url\":\"https:\/\/startmsg.lt\/\",\"logo\":{\"@type\":\"ImageObject\",\"inLanguage\":\"nb-NO\",\"@id\":\"https:\/\/startmsg.lt\/#\/schema\/logo\/image\/\",\"url\":\"https:\/\/startmsg.lt\/wp-content\/uploads\/2024\/01\/favicon.png\",\"contentUrl\":\"https:\/\/startmsg.lt\/wp-content\/uploads\/2024\/01\/favicon.png\",\"width\":196,\"height\":196,\"caption\":\"startmsg.lt\"},\"image\":{\"@id\":\"https:\/\/startmsg.lt\/#\/schema\/logo\/image\/\"},\"sameAs\":[\"https:\/\/facebook.com\/chatbotas\",\"https:\/\/www.instagram.com\/chatbotas\"]}]}<\/script>\n<!-- \/ Yoast SEO Premium plugin. -->","yoast_head_json":{"title":"Integrasjoner - startmsg.lt","robots":{"index":"index","follow":"follow","max-snippet":"max-snippet:-1","max-image-preview":"max-image-preview:large","max-video-preview":"max-video-preview:-1"},"canonical":"https:\/\/startmsg.lt\/nb\/integrasjoner\/","og_locale":"nb_NO","og_type":"article","og_title":"Integracijos","og_description":"StartMsg Integracij\u0173 Galimyb\u0117s StartMsg si\u016blo i\u0161samias integracijas, leid\u017eian\u010dias j\u016bs\u0173 verslui efektyviai bendrauti su klientais. Integruokite su populiariausiomis platformomis, tokiomis kaip Facebook, Instagram [&hellip;]","og_url":"https:\/\/startmsg.lt\/nb\/integrasjoner\/","og_site_name":"startmsg.lt","article_publisher":"https:\/\/facebook.com\/chatbotas","article_modified_time":"2024-11-03T21:06:03+00:00","twitter_card":"summary_large_image","twitter_misc":{"Ansl. lesetid":"1 minutt"},"schema":{"@context":"https:\/\/schema.org","@graph":[{"@type":"WebPage","@id":"https:\/\/startmsg.lt\/integracijos\/","url":"https:\/\/startmsg.lt\/integracijos\/","name":"Integrasjoner - startmsg.lt","isPartOf":{"@id":"https:\/\/startmsg.lt\/#website"},"datePublished":"2024-11-03T06:07:02+00:00","dateModified":"2024-11-03T21:06:03+00:00","breadcrumb":{"@id":"https:\/\/startmsg.lt\/integracijos\/#breadcrumb"},"inLanguage":"nb-NO","potentialAction":[{"@type":"ReadAction","target":["https:\/\/startmsg.lt\/integracijos\/"]}]},{"@type":"BreadcrumbList","@id":"https:\/\/startmsg.lt\/integracijos\/#breadcrumb","itemListElement":[{"@type":"ListItem","position":1,"name":"Home","item":"https:\/\/startmsg.lt\/"},{"@type":"ListItem","position":2,"name":"Integracijos"}]},{"@type":"WebSite","@id":"https:\/\/startmsg.lt\/#website","url":"https:\/\/startmsg.lt\/","name":"startmsg.lt","description":"","publisher":{"@id":"https:\/\/startmsg.lt\/#organization"},"potentialAction":[{"@type":"SearchAction","target":{"@type":"EntryPoint","urlTemplate":"https:\/\/startmsg.lt\/?s={search_term_string}"},"query-input":{"@type":"PropertyValueSpecification","valueRequired":true,"valueName":"search_term_string"}}],"inLanguage":"nb-NO"},{"@type":"Organization","@id":"https:\/\/startmsg.lt\/#organization","name":"startmsg.lt","url":"https:\/\/startmsg.lt\/","logo":{"@type":"ImageObject","inLanguage":"nb-NO","@id":"https:\/\/startmsg.lt\/#\/schema\/logo\/image\/","url":"https:\/\/startmsg.lt\/wp-content\/uploads\/2024\/01\/favicon.png","contentUrl":"https:\/\/startmsg.lt\/wp-content\/uploads\/2024\/01\/favicon.png","width":196,"height":196,"caption":"startmsg.lt"},"image":{"@id":"https:\/\/startmsg.lt\/#\/schema\/logo\/image\/"},"sameAs":["https:\/\/facebook.com\/chatbotas","https:\/\/www.instagram.com\/chatbotas"]}]}},"_links":{"self":[{"href":"https:\/\/startmsg.lt\/nb\/wp-json\/wp\/v2\/pages\/1642","targetHints":{"allow":["GET"]}}],"collection":[{"href":"https:\/\/startmsg.lt\/nb\/wp-json\/wp\/v2\/pages"}],"about":[{"href":"https:\/\/startmsg.lt\/nb\/wp-json\/wp\/v2\/types\/page"}],"author":[{"embeddable":true,"href":"https:\/\/startmsg.lt\/nb\/wp-json\/wp\/v2\/users\/1"}],"replies":[{"embeddable":true,"href":"https:\/\/startmsg.lt\/nb\/wp-json\/wp\/v2\/comments?post=1642"}],"version-history":[{"count":7,"href":"https:\/\/startmsg.lt\/nb\/wp-json\/wp\/v2\/pages\/1642\/revisions"}],"predecessor-version":[{"id":1680,"href":"https:\/\/startmsg.lt\/nb\/wp-json\/wp\/v2\/pages\/1642\/revisions\/1680"}],"wp:attachment":[{"href":"https:\/\/startmsg.lt\/nb\/wp-json\/wp\/v2\/media?parent=1642"}],"curies":[{"name":"wp","href":"https:\/\/api.w.org\/{rel}","templated":true}]}}