{"id":1078,"date":"2024-10-12T22:41:56","date_gmt":"2024-10-12T22:41:56","guid":{"rendered":"https:\/\/startmsg.lt\/?page_id=1078"},"modified":"2025-06-01T21:31:13","modified_gmt":"2025-06-01T21:31:13","slug":"vilkar-og-betingelser","status":"publish","type":"page","link":"https:\/\/startmsg.lt\/nb\/vilkar-og-betingelser\/","title":{"rendered":"Vilk\u00e5r og betingelser"},"content":{"rendered":"<div data-elementor-type=\"wp-page\" data-elementor-id=\"1078\" class=\"elementor elementor-1078\" data-elementor-settings=\"{&quot;element_pack_global_tooltip_width&quot;:{&quot;unit&quot;:&quot;px&quot;,&quot;size&quot;:&quot;&quot;,&quot;sizes&quot;:[]},&quot;element_pack_global_tooltip_width_tablet&quot;:{&quot;unit&quot;:&quot;px&quot;,&quot;size&quot;:&quot;&quot;,&quot;sizes&quot;:[]},&quot;element_pack_global_tooltip_width_mobile&quot;:{&quot;unit&quot;:&quot;px&quot;,&quot;size&quot;:&quot;&quot;,&quot;sizes&quot;:[]},&quot;element_pack_global_tooltip_padding&quot;:{&quot;unit&quot;:&quot;px&quot;,&quot;top&quot;:&quot;&quot;,&quot;right&quot;:&quot;&quot;,&quot;bottom&quot;:&quot;&quot;,&quot;left&quot;:&quot;&quot;,&quot;isLinked&quot;:true},&quot;element_pack_global_tooltip_padding_tablet&quot;:{&quot;unit&quot;:&quot;px&quot;,&quot;top&quot;:&quot;&quot;,&quot;right&quot;:&quot;&quot;,&quot;bottom&quot;:&quot;&quot;,&quot;left&quot;:&quot;&quot;,&quot;isLinked&quot;:true},&quot;element_pack_global_tooltip_padding_mobile&quot;:{&quot;unit&quot;:&quot;px&quot;,&quot;top&quot;:&quot;&quot;,&quot;right&quot;:&quot;&quot;,&quot;bottom&quot;:&quot;&quot;,&quot;left&quot;:&quot;&quot;,&quot;isLinked&quot;:true},&quot;element_pack_global_tooltip_border_radius&quot;:{&quot;unit&quot;:&quot;px&quot;,&quot;top&quot;:&quot;&quot;,&quot;right&quot;:&quot;&quot;,&quot;bottom&quot;:&quot;&quot;,&quot;left&quot;:&quot;&quot;,&quot;isLinked&quot;:true},&quot;element_pack_global_tooltip_border_radius_tablet&quot;:{&quot;unit&quot;:&quot;px&quot;,&quot;top&quot;:&quot;&quot;,&quot;right&quot;:&quot;&quot;,&quot;bottom&quot;:&quot;&quot;,&quot;left&quot;:&quot;&quot;,&quot;isLinked&quot;:true},&quot;element_pack_global_tooltip_border_radius_mobile&quot;:{&quot;unit&quot;:&quot;px&quot;,&quot;top&quot;:&quot;&quot;,&quot;right&quot;:&quot;&quot;,&quot;bottom&quot;:&quot;&quot;,&quot;left&quot;:&quot;&quot;,&quot;isLinked&quot;:true}}\">\n\t\t\t\t<div class=\"elementor-element elementor-element-ede0e80 e-flex e-con-boxed e-con e-parent\" data-id=\"ede0e80\" data-element_type=\"container\">\n\t\t\t\t\t<div class=\"e-con-inner\">\n\t\t\t\t<div class=\"elementor-element elementor-element-b3515d5 elementor-widget elementor-widget-spacer\" data-id=\"b3515d5\" data-element_type=\"widget\" data-widget_type=\"spacer.default\">\n\t\t\t\t<div class=\"elementor-widget-container\">\n\t\t\t\t\t\t\t<div class=\"elementor-spacer\">\n\t\t\t<div class=\"elementor-spacer-inner\"><\/div>\n\t\t<\/div>\n\t\t\t\t\t\t<\/div>\n\t\t\t\t<\/div>\n\t\t\t\t<div class=\"elementor-element elementor-element-9a041c7 elementor-widget elementor-widget-text-editor\" data-id=\"9a041c7\" data-element_type=\"widget\" data-widget_type=\"text-editor.default\">\n\t\t\t\t<div class=\"elementor-widget-container\">\n\t\t\t\t\t\t\t\t\t<p><strong>abonnerer eller bruker Startmsg.com \/ Startmsg.com, BEKR\u00c6FTER DU AT DU HAR FULL MYNDIGHET TIL \u00c5 HANDLE FOR \u00c5 UNDERSKRIVE DEG SELV, EN TREDJE PERSON, SELSKAP ELLER JURIDISK ENHET, OG AT DIN BRUK AV OG\/ELLER INTERAKSJON MED DETTE NETTSTEDET UTGJ\u00d8R DITT SAMTYKKE TIL DENNE AVTALEN OM VILK\u00c5R FOR BRUK, SAMT EVENTUELLE ANDRE AVTALER VI M\u00c5TTE LEGGE UT P\u00c5 DETTE NETTSTEDET.<\/strong><\/p><p><strong>VED \u00c5 VISE, DELE, BRUKE ELLER SAMHANDLE MED Startmsg.com \/ Startmsg.com ELLER NOEN BANNER, HANDELSSPR\u00c5K ELLER ANNONSE P\u00c5 DENNE NETTSTEDET, SAMTYKKER DU I ALLE VILK\u00c5RENE OG BETINGELSENE I DENNE BRUKERVILK\u00c5RSPOLITIKKEN OG PERSONVERNPRINSIPPEN.<\/strong><\/p><p><strong>Startmsg.com \/ Startmsg.lt SPESIELT HUSKET P\u00c5 \u00c5 HJELPE ALLE PERSONER SOM ER UNDERLAGT THE CHILDREN'S INTERNET PRIVACY PROTECTION ACT (COPPA) 1998.<\/strong><\/p><p><strong>Startmsg.com \/ Startmsg.lt FORBEHOLDER SEG RETTEN TIL \u00c5 BEL\u00d8NNE EN PERSON ELLER SEER TIL ENHVER TID. I henhold til personvernbestemmelsene du godtar som en betingelse for \u00e5 se p\u00e5, kan Startmsg.com \/ Startmsg.com samle inn og oppbevare data og informasjon for \u00e5 gj\u00f8re unntak for flere andre bruksomr\u00e5der.<\/strong><\/p><p><strong>DENNE AVTALEN OM VILK\u00c5R FOR BRUK KAN ENDRES OVER TID. BES\u00d8KENDE HAR ANSVARET FOR \u00c5 HOLDE SEG INFORMERT OM S\u00c5DANNE ENDRINGER VED \u00c5 LESE DENNE SIDEN I BRUKSVILK\u00c5RENE HVER GANG DE BES\u00d8KER STARTMSG.com \/ Startmsg.lt.<\/strong><\/p><p><strong>PARTENE I KONTRAKTEN<\/strong><br \/>Bes\u00f8kende, seere, brukere, abonnenter, medlemmer, partnere eller kunder, heretter samlet kalt \"Bes\u00f8kende\", er parter i denne Avtalen. Nettstedet og dets eiere og\/eller operat\u00f8rer er parter i denne avtalen, heretter kalt \"Nettstedet\".<\/p><p><strong>BRUK AV INFORMASJON FRA DETTE NETTSTEDET<\/strong><br \/>Med mindre du har en skriftlig avtale med dette nettstedet, har bes\u00f8kende, seere, abonnenter, medlemmer, partnere eller kunder ikke rett til \u00e5 bruke denne informasjonen i en kommersiell eller offentlig setting; de har ikke rett til \u00e5 kringkaste, kopiere, lagre, skrive ut, selge eller publisere noen del av innholdet p\u00e5 dette nettstedet. Ved \u00e5 f\u00e5 tilgang til innholdet p\u00e5 dette nettstedet godtar du denne tilgangsbetingelsen og erkjenner at enhver uautorisert bruk er ulovlig og kan f\u00f8re til sivile eller strafferettslige sanksjoner. Igjen, den bes\u00f8kende har ingen rett til \u00e5 bruke innholdet p\u00e5 nettstedet eller noen del av det, inkludert databaser, usynlige sider, lenkede sider, underliggende kode eller annen intellektuell eiendom som nettstedet kan inneholde, uansett grunn eller til noe som helst bruk. I erkjennelsen av at det kan v\u00e6re vanskelig \u00e5 ansl\u00e5 de n\u00f8yaktige skadene som f\u00f8lge av brudd p\u00e5 denne bestemmelsen, samtykker den bes\u00f8kende i \u00e5 holde eierne av Startmsg.com\/Startmsg.com skadesl\u00f8se for skader med et bel\u00f8p som tilsvarer $ 100 000, eller, hvis det kan ansl\u00e5s, faktiske kostnader og faktiske skader som f\u00f8lge av brudd p\u00e5 denne bestemmelsen, avhengig av hva som er st\u00f8rst. Den bes\u00f8kende erkjenner at han\/hun forst\u00e5r at aksept av denne bestemmelsen er en betingelse for \u00e5 f\u00e5 tilgang til Startmsg.com\/Startmsg.com, og at tilgang til Startmsg.com\/Startmsg.com utgj\u00f8r en bekreftelse av denne aksepten.<\/p><p><strong>EIERSKAP TIL NETTSTEDET ELLER RETTEN TIL \u00c5 BRUKE, SELGE, PUBLISERE INNHOLDET P\u00c5 DETTE NETTSTEDET<\/strong><br \/>Nettstedet og dets innhold eies eller lisensieres av nettstedets eier. Innholdet p\u00e5 nettstedet skal betraktes som propriet\u00e6rt og opphavsrettslig beskyttet. Bes\u00f8kende har ingen rettigheter til innholdet p\u00e5 nettstedet. Bruk av innholdet p\u00e5 nettstedet er ulovlig, uansett \u00e5rsak, med mindre det er gjort i henhold til en skriftlig avtale eller med tillatelse fra nettstedet.<\/p><p><strong>HYPERKOBLINGER TIL NETTSTEDET, SAMARBEID, \"FRAMING\" OG SLETTING AV NETTSTEDET<\/strong><br \/>Med unntak av det som uttrykkelig er tillatt av nettstedet, er ingen autorisert til \u00e5 hyperlenke Startmsg.com\/Startmsg.com eller noen del av det (inkludert, uten begrensning, logoer, varemerker, varemerkekoder eller opphavsrettslig beskyttet materiale) til sine nettsteder for noe form\u00e5l. I tillegg kan du ikke inkludere URL-adressen (Internett-adressen) til dette nettstedet eller noen side p\u00e5 dette nettstedet i kommersielle eller ikke-kommersielle medier uten v\u00e5r uttrykkelige tillatelse, og du kan heller ikke \"sponse\" nettstedet. Du samtykker spesifikt i \u00e5 samarbeide med eierne av nettstedet for \u00e5 fjerne eller deaktivere slike aktiviteter og \u00e5 v\u00e6re ansvarlig for eventuelle skader som oppst\u00e5r som f\u00f8lge av brudd p\u00e5 denne bestemmelsen. Du forst\u00e5r at det kan v\u00e6re vanskelig \u00e5 ansl\u00e5 de n\u00f8yaktige skadene som oppst\u00e5r som f\u00f8lge av brudd p\u00e5 denne bestemmelsen, men du samtykker i \u00e5 holde Startmsg.com\/Startmsg.coms eiere skadesl\u00f8se med et bel\u00f8p p\u00e5 100 000 dollar eller, hvis det kan ansl\u00e5s, de faktiske kostnadene og de faktiske skadene som oppst\u00e5r som f\u00f8lge av brudd p\u00e5 denne bestemmelsen, avhengig av hva som er st\u00f8rst. Du bekrefter at du forst\u00e5r at aksept av denne bestemmelsen er en betingelse for \u00e5 bli medlem av Startmsg.com\/Startmsg.com, og at det \u00e5 bli medlem av Startmsg.com\/Startmsg.com er en bekreftelse p\u00e5 denne aksepten.<\/p><p><strong>ANSVAR FOR INNHOLDET P\u00c5 NETTSTEDET<\/strong><br \/>Startmsg.com \/ Startmsg.com fraskriver seg ethvert ansvar for n\u00f8yaktigheten av innholdet som vises p\u00e5, er knyttet til eller nevner Startmsg.com \/ Startmsg.com. Bes\u00f8kende p\u00e5tar seg all risiko forbundet med \u00e5 se, lese, bruke eller stole p\u00e5 informasjonen. Med mindre du har en skriftlig avtale med oss, har du ikke rett til \u00e5 stole p\u00e5 at noe av innholdet i informasjonen p\u00e5 dette nettstedet er korrekt. Vi gir ingen slik garanti.<\/p><p><strong>ANSVAR FOR EVENTUELLE SKADER P\u00c5 DATAMASKINEN ELLER PROGRAMVAREN DIN I FORBINDELSE MED DIN INTERAKSJON MED DETTE NETTSTEDET ELLER DETS INNHOLD<\/strong><br \/>Den bes\u00f8kende p\u00e5tar seg all risiko for virus, ormer eller andre ondsinnede agenter som kan skade hans\/hennes datamaskin eller programvare. Vi er ikke ansvarlige for eventuelle skader p\u00e5 den bes\u00f8kendes eller andre personer som den bes\u00f8kende kan samhandle med, datamaskin eller programvare for\u00e5rsaket av ondsinnet kode eller data som utilsiktet kan overf\u00f8res til den bes\u00f8kendes datamaskin. Bes\u00f8kende som ser p\u00e5 eller samhandler med Startmsg.com \/ Startmsg.com, eller eventuelle annonser, bannere eller popup-vinduer, gj\u00f8r det p\u00e5 egen risiko.<\/p><p><strong>ANSVAR FOR OPPLASTEDE DATA<\/strong><br \/>Den bes\u00f8kende laster ned informasjon fra Startmsg.com \/ Startmsg.lt p\u00e5 egen risiko. Nettstedet gir ingen garanti for at nedlastinger er fri for korrupt datakode, inkludert, men ikke begrenset til virus og ormer.<\/p><p><strong>AVSLAG<\/strong><br \/>Ved \u00e5 se, bruke eller p\u00e5 annen m\u00e5te samhandle med Startmsg.com\/Startmsg.com, inkludert reklame, bannere eller popup-vinduer, og som en betingelse for nettstedets autorisasjon, fraskriver den bes\u00f8kende seg for alltid alle rettigheter til ethvert erstatningskrav basert p\u00e5 enhver \u00e5rsaksfaktor som kan gi opphav til noen som helst skade, enten alvorlig eller stor, enten fysisk eller f\u00f8lelsesmessig, forutsigbar eller uforutsigbar, personlig eller kommersiell. Med forbehold om eventuelle lover som ikke tillater slike unntak, vil v\u00e5rt maksimale ansvar ikke overstige det bel\u00f8pet du eventuelt har betalt for bruken av nettstedet eller tjenestene v\u00e5re. I tillegg samtykker du i at v\u00e5r manglende overholdelse av v\u00e5re forpliktelser p\u00e5 grunn av hendelser utenfor v\u00e5r kontroll inkluderer, men er ikke begrenset til, naturkatastrofer, krigshandlinger, terrorisme, oppr\u00f8r, oppt\u00f8yer, kriminelle aktiviteter, naturkatastrofer, kommunikasjons- eller infrastrukturfeil, mangel p\u00e5 arbeidskraft eller forstyrrelser (inkludert ulovlige streiker), materialmangel og andre hendelser som er utenfor v\u00e5r kontroll.<\/p><p><strong>ANSVAR<\/strong><br \/>Den bes\u00f8kende samtykker i at hvis han\/hun p\u00e5f\u00f8rer oss eller en tredjepart skade som f\u00f8lge av eller i forbindelse med bruken av Startmsg.com \/ Startmsg.com, vil den bes\u00f8kende holde oss skadesl\u00f8se og, der det er aktuelt, forsvare oss mot eventuelle erstatningskrav.<\/p><p><strong>INNSENDINGER<\/strong><br \/>Den bes\u00f8kende samtykker i at enhver kommunikasjon mellom den bes\u00f8kende og nettstedet skal anses \u00e5 v\u00e6re en innsending. Alle innsendinger, inkludert all grafikk som finnes der, eller alt innhold deri, vil bli nettstedets eksklusive eiendom og kan brukes, uten ytterligere tillatelse, til kommersielle form\u00e5l uten ytterligere kompensasjon. Den bes\u00f8kende samtykker i \u00e5 gi nettstedet kun de dataene som den bes\u00f8kende \u00f8nsker \u00e5 gi nettstedet permanent tillatelse til \u00e5 bruke p\u00e5 den m\u00e5ten nettstedet \u00f8nsker. \"Innsendinger\" er ogs\u00e5 en bestemmelse i personvernerkl\u00e6ringen.<\/p><p><strong>PRESSEMELDING<\/strong><br \/>Det er ikke n\u00f8dvendig \u00e5 gi ytterligere varsler til den bes\u00f8kende av noen som helst grunn, og den bes\u00f8kende erkjenner uttrykkelig at retten til varsel fraskrives som en betingelse for \u00e5 f\u00e5 lov til \u00e5 se eller samhandle med nettstedet.<\/p><p><strong>GINCHAI<\/strong><br \/>Som en del av vilk\u00e5rene og betingelsene som kreves av nettstedet for at den bes\u00f8kende skal kunne se, bruke eller samhandle med dette nettstedet, samtykker den bes\u00f8kende i \u00e5 bruke bindende voldgift for ethvert krav, tvist eller kontrovers (\"KRAV\") i enhver form (enten det er i kontrakt, erstatning eller p\u00e5 annen m\u00e5te), som oppst\u00e5r som f\u00f8lge av eller i forbindelse med dette kj\u00f8pet, dette produktet, inkludert sp\u00f8rsm\u00e5l om oppfordring, personvern og bruksvilk\u00e5rene. Voldgift vil bli gjennomf\u00f8rt i samsvar med de litauiske voldgiftsreglene. Informasjon om litauiske voldgiftsinstitusjoner og deres regler er tilgjengelig p\u00e5 deres offisielle nettsider. Forhandlingene vil finne sted i byen eller distriktet der eieren av Startmsg.com \/ Startmsg.lt er lokalisert. Ingen bes\u00f8kende, medlem, abonnent eller kunde skal ha rett til \u00e5 s\u00f8ke til retten eller ha rettslige prosedyrer. Ingen bes\u00f8kende, medlem, abonnent eller kunde skal ha rett til \u00e5 delta i noen forunders\u00f8kelse, med unntak av det som er fastsatt i reglene; han\/hun skal ikke ha rett til \u00e5 delta som representant eller gruppemedlem i forbindelse med noe krav som er gjenstand for voldgift; voldgiftsdommerens avgj\u00f8relse skal v\u00e6re endelig og bindende, med begrenset rett til \u00e5 anke. Den St\u00f8ttende Part skal ha rett til \u00e5 f\u00e5 refundert alle kostnader og utgifter som p\u00e5l\u00f8per i forbindelse med voldgiftssaken, herunder advokatsal\u00e6r, inkassosal\u00e6r, etterforskningsgebyr og reiseutgifter, av den annen Part.<\/p><p><strong>JURISDIKSJON OG VERNETING<\/strong><br \/>Hvis en sak knyttet til dette kj\u00f8pet bringes inn for en domstol, enten f\u00f8r eller etter voldgift, samtykker den bes\u00f8kende, den bes\u00f8kende, medlemmet, abonnenten eller kunden i at den eneste og riktige jurisdiksjonen skal v\u00e6re som angitt i nettstedseierens kontaktinformasjon, med mindre annet er spesifisert. Hvis tvisten verserer i en f\u00f8deral domstol, vil det rette vernetinget v\u00e6re den n\u00e6rmeste f\u00f8derale domstolen som ligger i n\u00e6rheten av Startmsg.com\/Startmsg.com-eierens adresse.<\/p>\t\t\t\t\t\t\t\t<\/div>\n\t\t\t\t<\/div>\n\t\t\t\t\t<\/div>\n\t\t\t\t<\/div>\n\t\t\t\t<\/div>","protected":false},"excerpt":{"rendered":"<p>PRISIJUNGDAMI AR NAUDODAMIESI Startmsg.com \/ Startmsg.lt, J\u016aS PATVIRTINATE, KAD TURITE PILN\u0104 \u012eGALIOJIM\u0104 VEIKTI, KAD SUREMTUM\u0116TE SAVE, BET KUR\u012e TRE\u010cI\u0104J\u012e ASMEN\u012e, \u012eMON\u0118 ARBA [&hellip;]<\/p>","protected":false},"author":1,"featured_media":0,"parent":0,"menu_order":0,"comment_status":"closed","ping_status":"closed","template":"","meta":{"footnotes":""},"class_list":["post-1078","page","type-page","status-publish","hentry"],"yoast_head":"<!-- This site is optimized with the Yoast SEO Premium plugin v23.8 (Yoast SEO v26.4) - https:\/\/yoast.com\/wordpress\/plugins\/seo\/ -->\n<title>Taisykl\u0117s ir s\u0105lygos - startmsg.lt<\/title>\n<meta name=\"robots\" content=\"index, follow, max-snippet:-1, max-image-preview:large, max-video-preview:-1\" \/>\n<link rel=\"canonical\" href=\"https:\/\/startmsg.lt\/nb\/vilkar-og-betingelser\/\" \/>\n<meta property=\"og:locale\" content=\"nb_NO\" \/>\n<meta property=\"og:type\" content=\"article\" \/>\n<meta property=\"og:title\" content=\"Taisykl\u0117s ir s\u0105lygos\" \/>\n<meta property=\"og:description\" content=\"PRISIJUNGDAMI AR NAUDODAMIESI Startmsg.com \/ Startmsg.lt, J\u016aS PATVIRTINATE, KAD TURITE PILN\u0104 \u012eGALIOJIM\u0104 VEIKTI, KAD SUREMTUM\u0116TE SAVE, BET KUR\u012e TRE\u010cI\u0104J\u012e ASMEN\u012e, \u012eMON\u0118 ARBA [&hellip;]\" \/>\n<meta property=\"og:url\" content=\"https:\/\/startmsg.lt\/nb\/vilkar-og-betingelser\/\" \/>\n<meta property=\"og:site_name\" content=\"startmsg.lt\" \/>\n<meta property=\"article:publisher\" content=\"https:\/\/facebook.com\/chatbotas\" \/>\n<meta property=\"article:modified_time\" content=\"2025-06-01T21:31:13+00:00\" \/>\n<meta name=\"twitter:card\" content=\"summary_large_image\" \/>\n<meta name=\"twitter:label1\" content=\"Ansl. lesetid\" \/>\n\t<meta name=\"twitter:data1\" content=\"8 minutter\" \/>\n<script type=\"application\/ld+json\" class=\"yoast-schema-graph\">{\"@context\":\"https:\/\/schema.org\",\"@graph\":[{\"@type\":\"WebPage\",\"@id\":\"https:\/\/startmsg.lt\/taisykles-ir-salygos\/\",\"url\":\"https:\/\/startmsg.lt\/taisykles-ir-salygos\/\",\"name\":\"Taisykl\u0117s ir s\u0105lygos - startmsg.lt\",\"isPartOf\":{\"@id\":\"https:\/\/startmsg.lt\/#website\"},\"datePublished\":\"2024-10-12T22:41:56+00:00\",\"dateModified\":\"2025-06-01T21:31:13+00:00\",\"breadcrumb\":{\"@id\":\"https:\/\/startmsg.lt\/taisykles-ir-salygos\/#breadcrumb\"},\"inLanguage\":\"nb-NO\",\"potentialAction\":[{\"@type\":\"ReadAction\",\"target\":[\"https:\/\/startmsg.lt\/taisykles-ir-salygos\/\"]}]},{\"@type\":\"BreadcrumbList\",\"@id\":\"https:\/\/startmsg.lt\/taisykles-ir-salygos\/#breadcrumb\",\"itemListElement\":[{\"@type\":\"ListItem\",\"position\":1,\"name\":\"Home\",\"item\":\"https:\/\/startmsg.lt\/\"},{\"@type\":\"ListItem\",\"position\":2,\"name\":\"Taisykl\u0117s ir s\u0105lygos\"}]},{\"@type\":\"WebSite\",\"@id\":\"https:\/\/startmsg.lt\/#website\",\"url\":\"https:\/\/startmsg.lt\/\",\"name\":\"startmsg.lt\",\"description\":\"\",\"publisher\":{\"@id\":\"https:\/\/startmsg.lt\/#organization\"},\"potentialAction\":[{\"@type\":\"SearchAction\",\"target\":{\"@type\":\"EntryPoint\",\"urlTemplate\":\"https:\/\/startmsg.lt\/?s={search_term_string}\"},\"query-input\":{\"@type\":\"PropertyValueSpecification\",\"valueRequired\":true,\"valueName\":\"search_term_string\"}}],\"inLanguage\":\"nb-NO\"},{\"@type\":\"Organization\",\"@id\":\"https:\/\/startmsg.lt\/#organization\",\"name\":\"startmsg.lt\",\"url\":\"https:\/\/startmsg.lt\/\",\"logo\":{\"@type\":\"ImageObject\",\"inLanguage\":\"nb-NO\",\"@id\":\"https:\/\/startmsg.lt\/#\/schema\/logo\/image\/\",\"url\":\"https:\/\/startmsg.lt\/wp-content\/uploads\/2024\/01\/favicon.png\",\"contentUrl\":\"https:\/\/startmsg.lt\/wp-content\/uploads\/2024\/01\/favicon.png\",\"width\":196,\"height\":196,\"caption\":\"startmsg.lt\"},\"image\":{\"@id\":\"https:\/\/startmsg.lt\/#\/schema\/logo\/image\/\"},\"sameAs\":[\"https:\/\/facebook.com\/chatbotas\",\"https:\/\/www.instagram.com\/chatbotas\"]}]}<\/script>\n<!-- \/ Yoast SEO Premium plugin. -->","yoast_head_json":{"title":"Vilk\u00e5r og betingelser - startmsg.lt","robots":{"index":"index","follow":"follow","max-snippet":"max-snippet:-1","max-image-preview":"max-image-preview:large","max-video-preview":"max-video-preview:-1"},"canonical":"https:\/\/startmsg.lt\/nb\/vilkar-og-betingelser\/","og_locale":"nb_NO","og_type":"article","og_title":"Taisykl\u0117s ir s\u0105lygos","og_description":"PRISIJUNGDAMI AR NAUDODAMIESI Startmsg.com \/ Startmsg.lt, J\u016aS PATVIRTINATE, KAD TURITE PILN\u0104 \u012eGALIOJIM\u0104 VEIKTI, KAD SUREMTUM\u0116TE SAVE, BET KUR\u012e TRE\u010cI\u0104J\u012e ASMEN\u012e, \u012eMON\u0118 ARBA [&hellip;]","og_url":"https:\/\/startmsg.lt\/nb\/vilkar-og-betingelser\/","og_site_name":"startmsg.lt","article_publisher":"https:\/\/facebook.com\/chatbotas","article_modified_time":"2025-06-01T21:31:13+00:00","twitter_card":"summary_large_image","twitter_misc":{"Ansl. lesetid":"8 minutter"},"schema":{"@context":"https:\/\/schema.org","@graph":[{"@type":"WebPage","@id":"https:\/\/startmsg.lt\/taisykles-ir-salygos\/","url":"https:\/\/startmsg.lt\/taisykles-ir-salygos\/","name":"Vilk\u00e5r og betingelser - startmsg.lt","isPartOf":{"@id":"https:\/\/startmsg.lt\/#website"},"datePublished":"2024-10-12T22:41:56+00:00","dateModified":"2025-06-01T21:31:13+00:00","breadcrumb":{"@id":"https:\/\/startmsg.lt\/taisykles-ir-salygos\/#breadcrumb"},"inLanguage":"nb-NO","potentialAction":[{"@type":"ReadAction","target":["https:\/\/startmsg.lt\/taisykles-ir-salygos\/"]}]},{"@type":"BreadcrumbList","@id":"https:\/\/startmsg.lt\/taisykles-ir-salygos\/#breadcrumb","itemListElement":[{"@type":"ListItem","position":1,"name":"Home","item":"https:\/\/startmsg.lt\/"},{"@type":"ListItem","position":2,"name":"Taisykl\u0117s ir s\u0105lygos"}]},{"@type":"WebSite","@id":"https:\/\/startmsg.lt\/#website","url":"https:\/\/startmsg.lt\/","name":"startmsg.lt","description":"","publisher":{"@id":"https:\/\/startmsg.lt\/#organization"},"potentialAction":[{"@type":"SearchAction","target":{"@type":"EntryPoint","urlTemplate":"https:\/\/startmsg.lt\/?s={search_term_string}"},"query-input":{"@type":"PropertyValueSpecification","valueRequired":true,"valueName":"search_term_string"}}],"inLanguage":"nb-NO"},{"@type":"Organization","@id":"https:\/\/startmsg.lt\/#organization","name":"startmsg.lt","url":"https:\/\/startmsg.lt\/","logo":{"@type":"ImageObject","inLanguage":"nb-NO","@id":"https:\/\/startmsg.lt\/#\/schema\/logo\/image\/","url":"https:\/\/startmsg.lt\/wp-content\/uploads\/2024\/01\/favicon.png","contentUrl":"https:\/\/startmsg.lt\/wp-content\/uploads\/2024\/01\/favicon.png","width":196,"height":196,"caption":"startmsg.lt"},"image":{"@id":"https:\/\/startmsg.lt\/#\/schema\/logo\/image\/"},"sameAs":["https:\/\/facebook.com\/chatbotas","https:\/\/www.instagram.com\/chatbotas"]}]}},"_links":{"self":[{"href":"https:\/\/startmsg.lt\/nb\/wp-json\/wp\/v2\/pages\/1078","targetHints":{"allow":["GET"]}}],"collection":[{"href":"https:\/\/startmsg.lt\/nb\/wp-json\/wp\/v2\/pages"}],"about":[{"href":"https:\/\/startmsg.lt\/nb\/wp-json\/wp\/v2\/types\/page"}],"author":[{"embeddable":true,"href":"https:\/\/startmsg.lt\/nb\/wp-json\/wp\/v2\/users\/1"}],"replies":[{"embeddable":true,"href":"https:\/\/startmsg.lt\/nb\/wp-json\/wp\/v2\/comments?post=1078"}],"version-history":[{"count":7,"href":"https:\/\/startmsg.lt\/nb\/wp-json\/wp\/v2\/pages\/1078\/revisions"}],"predecessor-version":[{"id":2436,"href":"https:\/\/startmsg.lt\/nb\/wp-json\/wp\/v2\/pages\/1078\/revisions\/2436"}],"wp:attachment":[{"href":"https:\/\/startmsg.lt\/nb\/wp-json\/wp\/v2\/media?parent=1078"}],"curies":[{"name":"wp","href":"https:\/\/api.w.org\/{rel}","templated":true}]}}