{"id":1072,"date":"2024-10-12T22:30:05","date_gmt":"2024-10-12T22:30:05","guid":{"rendered":"https:\/\/startmsg.lt\/?page_id=1072"},"modified":"2025-06-01T21:30:13","modified_gmt":"2025-06-01T21:30:13","slug":"bdar","status":"publish","type":"page","link":"https:\/\/startmsg.lt\/nb\/bdar\/","title":{"rendered":"GDPR"},"content":{"rendered":"<div data-elementor-type=\"wp-page\" data-elementor-id=\"1072\" class=\"elementor elementor-1072\" data-elementor-settings=\"{&quot;element_pack_global_tooltip_width&quot;:{&quot;unit&quot;:&quot;px&quot;,&quot;size&quot;:&quot;&quot;,&quot;sizes&quot;:[]},&quot;element_pack_global_tooltip_width_tablet&quot;:{&quot;unit&quot;:&quot;px&quot;,&quot;size&quot;:&quot;&quot;,&quot;sizes&quot;:[]},&quot;element_pack_global_tooltip_width_mobile&quot;:{&quot;unit&quot;:&quot;px&quot;,&quot;size&quot;:&quot;&quot;,&quot;sizes&quot;:[]},&quot;element_pack_global_tooltip_padding&quot;:{&quot;unit&quot;:&quot;px&quot;,&quot;top&quot;:&quot;&quot;,&quot;right&quot;:&quot;&quot;,&quot;bottom&quot;:&quot;&quot;,&quot;left&quot;:&quot;&quot;,&quot;isLinked&quot;:true},&quot;element_pack_global_tooltip_padding_tablet&quot;:{&quot;unit&quot;:&quot;px&quot;,&quot;top&quot;:&quot;&quot;,&quot;right&quot;:&quot;&quot;,&quot;bottom&quot;:&quot;&quot;,&quot;left&quot;:&quot;&quot;,&quot;isLinked&quot;:true},&quot;element_pack_global_tooltip_padding_mobile&quot;:{&quot;unit&quot;:&quot;px&quot;,&quot;top&quot;:&quot;&quot;,&quot;right&quot;:&quot;&quot;,&quot;bottom&quot;:&quot;&quot;,&quot;left&quot;:&quot;&quot;,&quot;isLinked&quot;:true},&quot;element_pack_global_tooltip_border_radius&quot;:{&quot;unit&quot;:&quot;px&quot;,&quot;top&quot;:&quot;&quot;,&quot;right&quot;:&quot;&quot;,&quot;bottom&quot;:&quot;&quot;,&quot;left&quot;:&quot;&quot;,&quot;isLinked&quot;:true},&quot;element_pack_global_tooltip_border_radius_tablet&quot;:{&quot;unit&quot;:&quot;px&quot;,&quot;top&quot;:&quot;&quot;,&quot;right&quot;:&quot;&quot;,&quot;bottom&quot;:&quot;&quot;,&quot;left&quot;:&quot;&quot;,&quot;isLinked&quot;:true},&quot;element_pack_global_tooltip_border_radius_mobile&quot;:{&quot;unit&quot;:&quot;px&quot;,&quot;top&quot;:&quot;&quot;,&quot;right&quot;:&quot;&quot;,&quot;bottom&quot;:&quot;&quot;,&quot;left&quot;:&quot;&quot;,&quot;isLinked&quot;:true}}\">\n\t\t\t\t<div class=\"elementor-element elementor-element-f2aa005 e-flex e-con-boxed e-con e-parent\" data-id=\"f2aa005\" data-element_type=\"container\">\n\t\t\t\t\t<div class=\"e-con-inner\">\n\t\t\t\t<div class=\"elementor-element elementor-element-fd9e34f elementor-widget elementor-widget-spacer\" data-id=\"fd9e34f\" data-element_type=\"widget\" data-widget_type=\"spacer.default\">\n\t\t\t\t<div class=\"elementor-widget-container\">\n\t\t\t\t\t\t\t<div class=\"elementor-spacer\">\n\t\t\t<div class=\"elementor-spacer-inner\"><\/div>\n\t\t<\/div>\n\t\t\t\t\t\t<\/div>\n\t\t\t\t<\/div>\n\t\t\t\t<div class=\"elementor-element elementor-element-879cba3 elementor-widget elementor-widget-text-editor\" data-id=\"879cba3\" data-element_type=\"widget\" data-widget_type=\"text-editor.default\">\n\t\t\t\t<div class=\"elementor-widget-container\">\n\t\t\t\t\t\t\t\t\t<h3>Hva er personvernforordningen?<\/h3><p>GDPR er den generelle personvernforordningen (General Data Protection Regulation, GDPR). En ny lov som EU har innf\u00f8rt for \u00e5 beskytte brukernes personopplysninger. Denne loven dekker flere aspekter ved datasikkerhet. Her gir vi veiledning om hvordan vi beskytter opplysningene dine, hva som er v\u00e5rt ansvar og hva som er ditt ansvar. Vi anbefaler p\u00e5 det sterkeste at du leser all dokumentasjonen v\u00e5r eller andre artikler om GDPR for \u00e5 avgj\u00f8re om du \u00f8nsker \u00e5 bruke appen v\u00e5r. Vi er ikke ansvarlige for eventuelle utelatelser eller feil i databeskyttelsen som gj\u00f8res av deg eller tredjeparter. Ta deg tid til \u00e5 lese dokumentasjonen og handle fornuftig for \u00e5 v\u00e6re trygg.<\/p><h3>Definisjon av personopplysninger:<\/h3><p>Alle data som tilh\u00f8rer en enkeltperson, er personopplysninger. Det kan v\u00e6re en persons navn, bilde, e-postadresse, fysiske adresse, innlegg i sosiale medier, lokasjon, datamaskinens IP-adresse osv. Eieren av personopplysningene er den eneste juridiske parten. Det betyr at uansett hvor og hvordan opplysningene er lagret, tilh\u00f8rer de den enkelte. Datainnsamleren eller brukeren (f.eks. Facebook, YouTube) kan ikke vise, lagre eller dele personopplysninger uten brukerens eksplisitte eller implisitte samtykke. Hvis brukeren gir tillatelse til at dataene deres brukes til visse aktiviteter (datalagring, visning osv.), kan administratoren av applikasjonen bruke dem.<\/p><p>Tenk deg en hypotetisk situasjon: Du publiserer et innlegg p\u00e5 sosiale nettverk. I dette tilfellet gir du implisitt tillatelse til \u00e5 vise innlegget til dine offentlige eller private kontakter. Administratoren av applikasjonen er ikke ansvarlig for st\u00f8tende kommentarer som kan bli lagt igjen av kontaktene dine. Dette betyr at hvis du har offentliggjort opplysningene dine, er dette ditt ansvar. Programadministratoren er imidlertid ansvarlig for eventuell deling av data med tredjeparter. Hvis data skal deles, m\u00e5 dette gj\u00f8res klart p\u00e5 forh\u00e5nd. Som vi ser, er det alts\u00e5 opp til b\u00e5de programadministrator og bruker \u00e5 laste opp og vise data. Ytterligere detaljer finnes i dokumentasjonen.<\/p><h3>Utviklerens ansvar:<\/h3><p>Det er utviklerens ansvar \u00e5 beskytte brukerens personopplysninger i backend. Utvikleren er ansvarlig for hvordan brukerens data (navn, telefonnummer, e-post osv.) og annen informasjon (f.eks. logger over brukerens interaksjon med applikasjonen) lagres i databasen og p\u00e5 serveren. Vi vil beskrive i detalj hvordan direkte data (navn, e-post osv.) og indirekte data (navn p\u00e5 nettleser, datamaskinens IP-adresse osv.) lagres i databasen og p\u00e5 serveren. N\u00e5r data er lastet opp til serveren, avhenger sikkerheten av serverens sikkerhet og noen ganger av administratoren av applikasjonen.<\/p><p>Brukeren vil bli informert om alle metoder for midlertidig (informasjonskapsler og \u00f8kter) og permanent (data lagret i en database) datalagring. Brukeren vil f\u00e5 muligheten til \u00e5 slette alle sine personopplysninger etter at kontoen er slettet eller tjenesten er avsluttet. Vi garanterer at vi ikke f\u00f8rer logger over brukerens aktiviteter, og at vi ikke har noen hemmelige metoder for \u00e5 hente ut brukerens data. Fra tid til annen kan administratoren av en applikasjon gi utvikleren tilgang til cPanel og annen legitimasjon for \u00e5 gj\u00f8re det mulig for utvikleren \u00e5 vedlikeholde og administrere applikasjonen i en kort periode f\u00f8r den lanseres. Vi anbefaler p\u00e5 det sterkeste at administratoren endrer denne p\u00e5loggingsinformasjonen n\u00e5r arbeidet er fullf\u00f8rt. Utvikleren er ikke ansvarlig for eventuelle lekkasjer av denne legitimasjonen. Utvikleren er heller ikke ansvarlig for eventuelle utilsiktede sikkerhetsbrudd i programmet. N\u00e5r alt kommer til alt, er det alltid en risiko for lekkasje av data som deles p\u00e5 Internett. Derfor anbefaler vi p\u00e5 det sterkeste at du ikke deler data som kan kompromittere deg eller andre personer.<\/p><h3>Programadministratorens ansvarsomr\u00e5der:<\/h3><p>Administratoren av applikasjonen har ubegrenset tilgang til brukerens personlige data. Administratoren kan se og kopiere data som er lagret i databasen og p\u00e5 serveren. Administratoren kan dele brukerens personopplysninger med tredjeparter. Hvordan brukerens data skal brukes, m\u00e5 opplyses tydelig f\u00f8r brukeren registrerer seg. Administratoren b\u00f8r ikke tillate at noen samler inn data \u00e5pent eller under dekke av \u00e5 fylle ut sp\u00f8rreunders\u00f8kelser eller skjemaer. Administratoren av applikasjonen har de fleste privilegier og har derfor det st\u00f8rste ansvaret for beskyttelsen av brukernes personopplysninger.<\/p><h3>Brukerens ansvar:<\/h3><p>Alt avhenger av brukeren. Hvis brukeren ikke oppgir dataene, vil det ikke v\u00e6re noen datalekkasje, men dette er ikke et alternativ. Det er brukerens eget ansvar \u00e5 holde legitimasjonen sikker. Passordet og brukernavnet kan krypteres i databasen, men et passord som er for forutsigbart, kan gj\u00f8re det enkelt for en hacker \u00e5 f\u00e5 tilgang til brukerens konto. Endre opplysningene dine hvis du oppdager mistenkelig aktivitet, eller hvis du har m\u00e5ttet dele passordene dine med andre. Tenk deg alltid om f\u00f8r du gir fra deg opplysningene dine.<\/p><p><strong>V\u00e5re tiltak i forbindelse med GDPR:<\/strong><\/p><ol><li><strong>S\u00e5 lite datainnsamling som mulig:<\/strong> Vi samler bare inn de mest n\u00f8dvendige opplysningene og forklarer brukeren hvorfor visse opplysninger er n\u00f8dvendige.<\/li><li><strong>Bruk av HTTPS:<\/strong> Vi tilbyr kryptert kommunikasjon gjennom hele appen, noe som beskytter dataene dine mot avlytting.<\/li><li><strong>Rydd opp i \u00f8kten og informasjonskapslene:<\/strong> N\u00e5r vi kobler fra, sletter vi alle \u00f8kter og informasjonskapsler.<\/li><li><strong>Ikke overv\u00e5ke brukeraktivitet for kommersielle form\u00e5l:<\/strong> Vi sporer ikke brukernes aktiviteter for \u00e5 gi dem m\u00e5lrettet reklame eller kommersielle tilbud.<\/li><li><strong>Informerer brukeren om lagring av datamaskinens IP- og posisjonsdata:<\/strong> Vi informerer brukerne tydelig om eventuelle logger som er lagret i forhold til en datamaskins IP eller plassering.<\/li><li><strong>Tydelige vilk\u00e5r og betingelser og retningslinjer for personvern:<\/strong> Vi tilbyr transparente regler om kravene i GDPR og vilk\u00e5rene for bruk av data.<\/li><li><strong>Informerer om involvering av tredjeparter:<\/strong> Brukerne vil bli informert om eventuell deling av opplysningene deres med tredjeparter.<\/li><li><strong>Retningslinjer for datalekkasje:<\/strong> Vi har klare regler for hvordan vi skal h\u00e5ndtere eventuelle datalekkasjer.<\/li><li><strong>Sletting av data:<\/strong> Brukerne har mulighet til \u00e5 slette dataene sine permanent etter at de har slettet kontoen sin eller sagt opp en tjeneste.<\/li><li><strong>Sikkerhetsoppdateringer av programvare:<\/strong> Vi implementerer alle n\u00f8dvendige oppdateringer for \u00e5 sikre at programvaren er trygg mot s\u00e5rbarheter.<\/li><\/ol><p><strong>GDPR-funksjoner st\u00f8ttes:<\/strong><\/p><ol><li><p><strong>\"Adios, App\" (Ha det bra, App):<\/strong> N\u00e5r en bruker sier opp abonnementet eller sletter kontoen sin, gir vi dem muligheten til \u00e5 slette alle data knyttet til kontoen. Denne handlingen er irreversibel - hvis dataene slettes, blir de permanent fjernet fra b\u00e5de databasen og serveren. Brukeren kan ta en sikkerhetskopi f\u00f8r slettingen hvis de planlegger \u00e5 komme tilbake.<\/p><\/li><li><p><strong>Hemmelighold er min rett:<\/strong> Vi krypterer de fleste av personopplysningene dine som er lagret i databasen. Hvis det skulle oppst\u00e5 en datalekkasje, vil hackeren bare f\u00e5 tak i de krypterte dataene, ikke personopplysningene dine i \u00e5pen form. Enkelte opplysninger kan ikke krypteres (f.eks. brukernavn), fordi de m\u00e5 vises n\u00e5r du logger inn p\u00e5 kontoen din. Vi maskerer imidlertid s\u00e5 mye personlig informasjon som mulig.<\/p><\/li><li><p><strong>Uten informasjonskapsler og \u00f8ktlagring:<\/strong> Vi gir deg muligheten til \u00e5 velge om du vil lagre informasjonskapsler og \u00f8kter. Selv om du velger \u00e5 beholde dem, slettes informasjonskapsler og \u00f8kter n\u00e5r du logger ut. Vi anbefaler p\u00e5 det sterkeste at du ikke lagrer innloggingsopplysningene dine i nettleseren din. Det er bedre \u00e5 huske passordet ditt eller bruke verkt\u00f8y som LastPass for passordadministrasjon.<\/p><\/li><li><p><strong>Utryddelse av spor:<\/strong> Vi overv\u00e5ker eller sporer ikke aktivitetene dine for kommersielle form\u00e5l. Vi kan bare lagre innloggingstidspunktet eller IP-adressen din, men kun for sikkerhetsform\u00e5l. N\u00e5r du sletter kontoen din, slettes alle dataene dine fullstendig fra serveren.<\/p><\/li><li><p><strong>Sosial manipulering er ille:<\/strong> Vi registrerer ingen av dine personlige aktiviteter i appen. Det er uetisk \u00e5 registrere, analysere og pr\u00f8ve \u00e5 selge et produkt eller motivere en bruker basert p\u00e5 disse dataene. Det gj\u00f8r vi ikke.<\/p><\/li><li><p><strong>Gi meg beskjed:<\/strong> Motta varsler om alle handlinger knyttet til kontoen din (opprettelse av konto, endring av passord) via e-post. Vi anbefaler at du endrer p\u00e5loggingsinformasjonen din hvis du oppdager uvanlige handlinger.<\/p><\/li><li><p><strong>Varsling om oppdateringer av retningslinjer:<\/strong> Du vil bli varslet om eventuelle oppdateringer av personvernerkl\u00e6ringen eller ansvarsfraskrivelsen. Vennligst les e-postene dine om dette sp\u00f8rsm\u00e5let og avgj\u00f8r hvordan du skal g\u00e5 frem. Ikke n\u00f8l med \u00e5 kontakte oss om disse sp\u00f8rsm\u00e5lene.<\/p><\/li><li><p><strong>Bli med uten problemer:<\/strong> Vi har implementert HTTPS overalt, slik at det er umulig \u00e5 snappe opp data. Selv om noen skulle klare \u00e5 gj\u00f8re det, vil hackeren bare f\u00e5 krypterte data. S\u00e5 du kan trygt bruke appen v\u00e5r.<\/p><\/li><li><p><strong>Vi lagrer ikke brukerdata:<\/strong> Vi lagrer ingen brukerdata. Det finnes ingen skjulte alternativer som samler inn data. N\u00e5r applikasjonen er lastet opp til serveren, har vi ikke tilgang til den uten administratorpassord. S\u00e5 ikke bekymre deg for skjulte datalekkasjer.<\/p><\/li><li><p><strong>Retningslinjer for datalekkasje:<\/strong> Vi har iverksatt alle sikkerhetstiltak for \u00e5 beskytte dataene dine i databasen (datakryptering, MySQL, forebygging av SQL-injeksjon, validering av inndata osv.) Svake eller altfor forutsigbare passord kan kompromittere sikkerheten til dataene dine og er derfor ditt ansvar.<\/p><\/li><\/ol><p><strong>Er det GDPR-kompatibelt \u00e5 sende massemeldinger til Facebook-brukere gjennom systemet v\u00e5rt?<\/strong><\/p><p>Ja, det er i samsvar med GDPR \u00e5 sende massekommunikasjon gjennom systemet v\u00e5rt. Siden folk OPT-IN (frivillig starter en samtale) p\u00e5 Facebook-siden v\u00e5r, kan vi bevise det. De blir v\u00e5re kontakter p\u00e5 en legitim m\u00e5te. Alle meldinger som sendes ut, m\u00e5 ha en lenke for avmelding (denne funksjonen er allerede p\u00e5 plass) eller en annen m\u00e5te som gj\u00f8r det mulig for folk \u00e5 melde seg av n\u00e5r som helst.<\/p>\t\t\t\t\t\t\t\t<\/div>\n\t\t\t\t<\/div>\n\t\t\t\t\t<\/div>\n\t\t\t\t<\/div>\n\t\t\t\t<\/div>","protected":false},"excerpt":{"rendered":"<p>Kas yra BDAR? BDAR \u2013 tai Bendrasis duomen\u0173 apsaugos reglamentas (angl. General Data Protection Regulation). Naujas ES \u012fvestas \u012fstatymas, skirtas apsaugoti naudotoj\u0173 [&hellip;]<\/p>","protected":false},"author":1,"featured_media":0,"parent":0,"menu_order":0,"comment_status":"closed","ping_status":"closed","template":"","meta":{"footnotes":""},"class_list":["post-1072","page","type-page","status-publish","hentry"],"yoast_head":"<!-- This site is optimized with the Yoast SEO Premium plugin v23.8 (Yoast SEO v26.4) - https:\/\/yoast.com\/wordpress\/plugins\/seo\/ -->\n<title>BDAR - startmsg.lt<\/title>\n<meta name=\"robots\" content=\"index, follow, max-snippet:-1, max-image-preview:large, max-video-preview:-1\" \/>\n<link rel=\"canonical\" href=\"https:\/\/startmsg.lt\/nb\/bdar\/\" \/>\n<meta property=\"og:locale\" content=\"nb_NO\" \/>\n<meta property=\"og:type\" content=\"article\" \/>\n<meta property=\"og:title\" content=\"BDAR\" \/>\n<meta property=\"og:description\" content=\"Kas yra BDAR? BDAR \u2013 tai Bendrasis duomen\u0173 apsaugos reglamentas (angl. General Data Protection Regulation). Naujas ES \u012fvestas \u012fstatymas, skirtas apsaugoti naudotoj\u0173 [&hellip;]\" \/>\n<meta property=\"og:url\" content=\"https:\/\/startmsg.lt\/nb\/bdar\/\" \/>\n<meta property=\"og:site_name\" content=\"startmsg.lt\" \/>\n<meta property=\"article:publisher\" content=\"https:\/\/facebook.com\/chatbotas\" \/>\n<meta property=\"article:modified_time\" content=\"2025-06-01T21:30:13+00:00\" \/>\n<meta name=\"twitter:card\" content=\"summary_large_image\" \/>\n<meta name=\"twitter:label1\" content=\"Ansl. lesetid\" \/>\n\t<meta name=\"twitter:data1\" content=\"7 minutter\" \/>\n<script type=\"application\/ld+json\" class=\"yoast-schema-graph\">{\"@context\":\"https:\/\/schema.org\",\"@graph\":[{\"@type\":\"WebPage\",\"@id\":\"https:\/\/startmsg.lt\/bdar\/\",\"url\":\"https:\/\/startmsg.lt\/bdar\/\",\"name\":\"BDAR - startmsg.lt\",\"isPartOf\":{\"@id\":\"https:\/\/startmsg.lt\/#website\"},\"datePublished\":\"2024-10-12T22:30:05+00:00\",\"dateModified\":\"2025-06-01T21:30:13+00:00\",\"breadcrumb\":{\"@id\":\"https:\/\/startmsg.lt\/bdar\/#breadcrumb\"},\"inLanguage\":\"nb-NO\",\"potentialAction\":[{\"@type\":\"ReadAction\",\"target\":[\"https:\/\/startmsg.lt\/bdar\/\"]}]},{\"@type\":\"BreadcrumbList\",\"@id\":\"https:\/\/startmsg.lt\/bdar\/#breadcrumb\",\"itemListElement\":[{\"@type\":\"ListItem\",\"position\":1,\"name\":\"Home\",\"item\":\"https:\/\/startmsg.lt\/\"},{\"@type\":\"ListItem\",\"position\":2,\"name\":\"BDAR\"}]},{\"@type\":\"WebSite\",\"@id\":\"https:\/\/startmsg.lt\/#website\",\"url\":\"https:\/\/startmsg.lt\/\",\"name\":\"startmsg.lt\",\"description\":\"\",\"publisher\":{\"@id\":\"https:\/\/startmsg.lt\/#organization\"},\"potentialAction\":[{\"@type\":\"SearchAction\",\"target\":{\"@type\":\"EntryPoint\",\"urlTemplate\":\"https:\/\/startmsg.lt\/?s={search_term_string}\"},\"query-input\":{\"@type\":\"PropertyValueSpecification\",\"valueRequired\":true,\"valueName\":\"search_term_string\"}}],\"inLanguage\":\"nb-NO\"},{\"@type\":\"Organization\",\"@id\":\"https:\/\/startmsg.lt\/#organization\",\"name\":\"startmsg.lt\",\"url\":\"https:\/\/startmsg.lt\/\",\"logo\":{\"@type\":\"ImageObject\",\"inLanguage\":\"nb-NO\",\"@id\":\"https:\/\/startmsg.lt\/#\/schema\/logo\/image\/\",\"url\":\"https:\/\/startmsg.lt\/wp-content\/uploads\/2024\/01\/favicon.png\",\"contentUrl\":\"https:\/\/startmsg.lt\/wp-content\/uploads\/2024\/01\/favicon.png\",\"width\":196,\"height\":196,\"caption\":\"startmsg.lt\"},\"image\":{\"@id\":\"https:\/\/startmsg.lt\/#\/schema\/logo\/image\/\"},\"sameAs\":[\"https:\/\/facebook.com\/chatbotas\",\"https:\/\/www.instagram.com\/chatbotas\"]}]}<\/script>\n<!-- \/ Yoast SEO Premium plugin. -->","yoast_head_json":{"title":"GDPR - startmsg.lt","robots":{"index":"index","follow":"follow","max-snippet":"max-snippet:-1","max-image-preview":"max-image-preview:large","max-video-preview":"max-video-preview:-1"},"canonical":"https:\/\/startmsg.lt\/nb\/bdar\/","og_locale":"nb_NO","og_type":"article","og_title":"BDAR","og_description":"Kas yra BDAR? BDAR \u2013 tai Bendrasis duomen\u0173 apsaugos reglamentas (angl. General Data Protection Regulation). Naujas ES \u012fvestas \u012fstatymas, skirtas apsaugoti naudotoj\u0173 [&hellip;]","og_url":"https:\/\/startmsg.lt\/nb\/bdar\/","og_site_name":"startmsg.lt","article_publisher":"https:\/\/facebook.com\/chatbotas","article_modified_time":"2025-06-01T21:30:13+00:00","twitter_card":"summary_large_image","twitter_misc":{"Ansl. lesetid":"7 minutter"},"schema":{"@context":"https:\/\/schema.org","@graph":[{"@type":"WebPage","@id":"https:\/\/startmsg.lt\/bdar\/","url":"https:\/\/startmsg.lt\/bdar\/","name":"GDPR - startmsg.lt","isPartOf":{"@id":"https:\/\/startmsg.lt\/#website"},"datePublished":"2024-10-12T22:30:05+00:00","dateModified":"2025-06-01T21:30:13+00:00","breadcrumb":{"@id":"https:\/\/startmsg.lt\/bdar\/#breadcrumb"},"inLanguage":"nb-NO","potentialAction":[{"@type":"ReadAction","target":["https:\/\/startmsg.lt\/bdar\/"]}]},{"@type":"BreadcrumbList","@id":"https:\/\/startmsg.lt\/bdar\/#breadcrumb","itemListElement":[{"@type":"ListItem","position":1,"name":"Home","item":"https:\/\/startmsg.lt\/"},{"@type":"ListItem","position":2,"name":"BDAR"}]},{"@type":"WebSite","@id":"https:\/\/startmsg.lt\/#website","url":"https:\/\/startmsg.lt\/","name":"startmsg.lt","description":"","publisher":{"@id":"https:\/\/startmsg.lt\/#organization"},"potentialAction":[{"@type":"SearchAction","target":{"@type":"EntryPoint","urlTemplate":"https:\/\/startmsg.lt\/?s={search_term_string}"},"query-input":{"@type":"PropertyValueSpecification","valueRequired":true,"valueName":"search_term_string"}}],"inLanguage":"nb-NO"},{"@type":"Organization","@id":"https:\/\/startmsg.lt\/#organization","name":"startmsg.lt","url":"https:\/\/startmsg.lt\/","logo":{"@type":"ImageObject","inLanguage":"nb-NO","@id":"https:\/\/startmsg.lt\/#\/schema\/logo\/image\/","url":"https:\/\/startmsg.lt\/wp-content\/uploads\/2024\/01\/favicon.png","contentUrl":"https:\/\/startmsg.lt\/wp-content\/uploads\/2024\/01\/favicon.png","width":196,"height":196,"caption":"startmsg.lt"},"image":{"@id":"https:\/\/startmsg.lt\/#\/schema\/logo\/image\/"},"sameAs":["https:\/\/facebook.com\/chatbotas","https:\/\/www.instagram.com\/chatbotas"]}]}},"_links":{"self":[{"href":"https:\/\/startmsg.lt\/nb\/wp-json\/wp\/v2\/pages\/1072","targetHints":{"allow":["GET"]}}],"collection":[{"href":"https:\/\/startmsg.lt\/nb\/wp-json\/wp\/v2\/pages"}],"about":[{"href":"https:\/\/startmsg.lt\/nb\/wp-json\/wp\/v2\/types\/page"}],"author":[{"embeddable":true,"href":"https:\/\/startmsg.lt\/nb\/wp-json\/wp\/v2\/users\/1"}],"replies":[{"embeddable":true,"href":"https:\/\/startmsg.lt\/nb\/wp-json\/wp\/v2\/comments?post=1072"}],"version-history":[{"count":8,"href":"https:\/\/startmsg.lt\/nb\/wp-json\/wp\/v2\/pages\/1072\/revisions"}],"predecessor-version":[{"id":2430,"href":"https:\/\/startmsg.lt\/nb\/wp-json\/wp\/v2\/pages\/1072\/revisions\/2430"}],"wp:attachment":[{"href":"https:\/\/startmsg.lt\/nb\/wp-json\/wp\/v2\/media?parent=1072"}],"curies":[{"name":"wp","href":"https:\/\/api.w.org\/{rel}","templated":true}]}}