{"id":3,"date":"2024-01-30T13:41:47","date_gmt":"2024-01-30T13:41:47","guid":{"rendered":"http:\/\/startmsg.lt\/?page_id=3"},"modified":"2025-06-01T21:30:42","modified_gmt":"2025-06-01T21:30:42","slug":"privatuma-politika","status":"publish","type":"page","link":"https:\/\/startmsg.lt\/lv\/privatuma-politika\/","title":{"rendered":"Konfidencialit\u0101tes politika"},"content":{"rendered":"<div data-elementor-type=\"wp-page\" data-elementor-id=\"3\" class=\"elementor elementor-3\" data-elementor-settings=\"{&quot;element_pack_global_tooltip_width&quot;:{&quot;unit&quot;:&quot;px&quot;,&quot;size&quot;:&quot;&quot;,&quot;sizes&quot;:[]},&quot;element_pack_global_tooltip_width_tablet&quot;:{&quot;unit&quot;:&quot;px&quot;,&quot;size&quot;:&quot;&quot;,&quot;sizes&quot;:[]},&quot;element_pack_global_tooltip_width_mobile&quot;:{&quot;unit&quot;:&quot;px&quot;,&quot;size&quot;:&quot;&quot;,&quot;sizes&quot;:[]},&quot;element_pack_global_tooltip_padding&quot;:{&quot;unit&quot;:&quot;px&quot;,&quot;top&quot;:&quot;&quot;,&quot;right&quot;:&quot;&quot;,&quot;bottom&quot;:&quot;&quot;,&quot;left&quot;:&quot;&quot;,&quot;isLinked&quot;:true},&quot;element_pack_global_tooltip_padding_tablet&quot;:{&quot;unit&quot;:&quot;px&quot;,&quot;top&quot;:&quot;&quot;,&quot;right&quot;:&quot;&quot;,&quot;bottom&quot;:&quot;&quot;,&quot;left&quot;:&quot;&quot;,&quot;isLinked&quot;:true},&quot;element_pack_global_tooltip_padding_mobile&quot;:{&quot;unit&quot;:&quot;px&quot;,&quot;top&quot;:&quot;&quot;,&quot;right&quot;:&quot;&quot;,&quot;bottom&quot;:&quot;&quot;,&quot;left&quot;:&quot;&quot;,&quot;isLinked&quot;:true},&quot;element_pack_global_tooltip_border_radius&quot;:{&quot;unit&quot;:&quot;px&quot;,&quot;top&quot;:&quot;&quot;,&quot;right&quot;:&quot;&quot;,&quot;bottom&quot;:&quot;&quot;,&quot;left&quot;:&quot;&quot;,&quot;isLinked&quot;:true},&quot;element_pack_global_tooltip_border_radius_tablet&quot;:{&quot;unit&quot;:&quot;px&quot;,&quot;top&quot;:&quot;&quot;,&quot;right&quot;:&quot;&quot;,&quot;bottom&quot;:&quot;&quot;,&quot;left&quot;:&quot;&quot;,&quot;isLinked&quot;:true},&quot;element_pack_global_tooltip_border_radius_mobile&quot;:{&quot;unit&quot;:&quot;px&quot;,&quot;top&quot;:&quot;&quot;,&quot;right&quot;:&quot;&quot;,&quot;bottom&quot;:&quot;&quot;,&quot;left&quot;:&quot;&quot;,&quot;isLinked&quot;:true}}\">\n\t\t\t\t<div class=\"elementor-element elementor-element-0623705 e-flex e-con-boxed e-con e-parent\" data-id=\"0623705\" data-element_type=\"container\">\n\t\t\t\t\t<div class=\"e-con-inner\">\n\t\t\t\t<div class=\"elementor-element elementor-element-ba1afd1 elementor-widget elementor-widget-spacer\" data-id=\"ba1afd1\" data-element_type=\"widget\" data-widget_type=\"spacer.default\">\n\t\t\t\t<div class=\"elementor-widget-container\">\n\t\t\t\t\t\t\t<div class=\"elementor-spacer\">\n\t\t\t<div class=\"elementor-spacer-inner\"><\/div>\n\t\t<\/div>\n\t\t\t\t\t\t<\/div>\n\t\t\t\t<\/div>\n\t\t\t\t\t<\/div>\n\t\t\t\t<\/div>\n\t\t<div class=\"elementor-element elementor-element-5cea823 e-flex e-con-boxed e-con e-parent\" data-id=\"5cea823\" data-element_type=\"container\">\n\t\t\t\t\t<div class=\"e-con-inner\">\n\t\t\t\t<div class=\"elementor-element elementor-element-ef52721 elementor-widget elementor-widget-text-editor\" data-id=\"ef52721\" data-element_type=\"widget\" data-widget_type=\"text-editor.default\">\n\t\t\t\t<div class=\"elementor-widget-container\">\n\t\t\t\t\t\t\t\t\t<div class=\"term\"><div class=\"term__title\"><h3>Ievads<\/h3><\/div><p>\u00a0<\/p><p><strong>Laipni l\u016bdzam <a href=\"https:\/\/startmsg.com\" target=\"_new\" rel=\"noopener\">https:\/\/startmsg.com<\/a> \/<a href=\"https:\/\/startmsg.lt\/lv\/\" target=\"_new\" rel=\"noopener\"> https:\/\/startmsg.lt<\/a> (t\u012bmek\u013ca vietne).<\/strong> M\u0113s saprotam, ka m\u016bsu T\u012bmek\u013ca vietnes lietot\u0101jiem ir svar\u012bgs priv\u0101tums tie\u0161saist\u0113, jo \u012bpa\u0161i uz\u0146\u0113m\u0113jdarb\u012bbas veik\u0161anas laik\u0101. \u0160\u012b Priv\u0101tuma politika reglament\u0113 m\u016bsu priv\u0101tuma praksi attiec\u012bb\u0101 uz tiem Vietnes lietot\u0101jiem (Apmekl\u0113t\u0101jiem), kuri apmekl\u0113 Vietni, neveicot uz\u0146\u0113m\u0113jdarb\u012bbu, un Apmekl\u0113t\u0101jiem, kuri re\u0123istr\u0113jas, lai veiktu uz\u0146\u0113m\u0113jdarb\u012bbu Vietn\u0113 un izmantotu da\u017e\u0101dus \u0161\u012bs lietojumprogrammas pied\u0101v\u0101tos pakalpojumus (kop\u0101 saukti \"Pakalpojumi\") (Autoriz\u0113tie klienti).<\/p><h3>Personas identifik\u0101cijas inform\u0101cija<\/h3><p>Personiski identific\u0113jama inform\u0101cija ir jebkura inform\u0101cija, kas identific\u0113 vai ko var izmantot, lai identific\u0113tu, sazin\u0101tos vai atrastu personu, kurai \u0161\u012b inform\u0101cija pieder, tostarp, bet ne tikai, v\u0101rds, uzv\u0101rds, adrese, t\u0101lru\u0146a numurs, faksa numurs, e-pasta adrese, finan\u0161u dati, soci\u0101l\u0101 nodro\u0161in\u0101juma numurs un kred\u012btkartes inform\u0101cija. Personu identific\u0113jo\u0161\u0101 inform\u0101cija neietver anon\u012bmi (t. i., neidentific\u0113jot lietot\u0101ju) sav\u0101kto inform\u0101ciju vai demogr\u0101fisko inform\u0101ciju, kas nav saist\u012bta ar identific\u0113tu personu.<\/p><h3>K\u0101dus personas identifik\u0101cijas datus m\u0113s apkopojam?<\/h3><p>M\u0113s varam v\u0101kt lietot\u0101ja profila pamatinform\u0101ciju no visiem m\u016bsu apmekl\u0113t\u0101jiem. Turkl\u0101t m\u0113s v\u0101cam \u0161\u0101du papildu inform\u0101ciju no autoriz\u0113tajiem klientiem: v\u0101rdu, uzv\u0101rdu, adresi, t\u0101lru\u0146a numuru un e-pasta adresi, uz\u0146\u0113muma veidu un lielumu, k\u0101 ar\u012b rekl\u0101mas invent\u0101ra veidu un lielumu, ko autoriz\u0113tais klients pl\u0101no ieg\u0101d\u0101ties vai p\u0101rdot.<\/p><h3>Kuras organiz\u0101cijas v\u0101c inform\u0101ciju?<\/h3><p>Papildus m\u016bsu tie\u0161ajai inform\u0101cijas v\u0101k\u0161anai m\u016bsu tre\u0161o pu\u0161u pakalpojumu sniedz\u0113ji (piem\u0113ram, kred\u012btkar\u0161u uz\u0146\u0113mumi, maks\u0101jumu centri un bankas), kas sniedz t\u0101dus pakalpojumus k\u0101 kred\u012btu, apdro\u0161in\u0101\u0161anas un noguld\u012bjumu pakalpojumi, var v\u0101kt \u0161o inform\u0101ciju no m\u016bsu Apmekl\u0113t\u0101jiem un Autoriz\u0113tajiem klientiem. M\u0113s nekontrol\u0113jam, k\u0101 \u0161\u012bs tre\u0161\u0101s puses izmanto \u0161\u0101du inform\u0101ciju, ta\u010du m\u0113s l\u016bdzam t\u0101s atkl\u0101t, k\u0101 t\u0101s izmanto no Apmekl\u0113t\u0101jiem un Autoriz\u0113tajiem klientiem sa\u0146emto personisko inform\u0101ciju.<\/p><h3>K\u0101 T\u012bmek\u013ca vietne izmanto personiski identific\u0113jamu inform\u0101ciju?<\/h3><p>M\u0113s izmantojam personiski identific\u0113jamu inform\u0101ciju, lai personaliz\u0113tu T\u012bmek\u013ca vietni, pied\u0101v\u0101tu atbilsto\u0161us pakalpojumus un izpild\u012btu pirkumu un p\u0101rdo\u0161anas piepras\u012bjumus. M\u0113s varam s\u016bt\u012bt e-pastus Apmekl\u0113t\u0101jiem un Autoriz\u0113tajiem klientiem par piepras\u012bjumiem, pirk\u0161anas un p\u0101rdo\u0161anas iesp\u0113j\u0101m vai inform\u0101ciju, kas saist\u012bta ar Vietnes tematiku. M\u0113s varam ar\u012b izmantot personiski identific\u0113jamu inform\u0101ciju, lai atbild\u0113tu uz konkr\u0113tiem piepras\u012bjumiem vai sniegtu piepras\u012bto inform\u0101ciju.<\/p><h3>Ar ko var dal\u012bties inform\u0101cij\u0101?<\/h3><p>Personu identific\u0113jo\u0161a inform\u0101cija par Autoriz\u0113tajiem klientiem var tikt kop\u012bgota ar citiem Autoriz\u0113tajiem klientiem, kuri v\u0113las nov\u0113rt\u0113t potenci\u0101l\u0101s dar\u012bjumu iesp\u0113jas. M\u0113s varam kop\u012bgot apkopoto inform\u0101ciju par m\u016bsu Apmekl\u0113t\u0101jiem, tostarp demogr\u0101fisko inform\u0101ciju par m\u016bsu Apmekl\u0113t\u0101jiem un Autoriz\u0113tajiem klientiem, ar m\u016bsu saist\u012btaj\u0101m a\u0123ent\u016br\u0101m un tre\u0161o pu\u0161u pieg\u0101d\u0101t\u0101jiem. M\u0113s ar\u012b sniedzam jums iesp\u0113ju \u201eatteikties\u201c no inform\u0101cijas sa\u0146em\u0161anas vai sazi\u0146as ar mums vai jebkuru a\u0123ent\u016bru, kas darbojas m\u016bsu v\u0101rd\u0101.<\/p><h3>K\u0101 tiek glab\u0101ta personas identifik\u0101cijas inform\u0101cija?<\/h3><p>Sav\u0101kt\u0101 personas identifik\u0101cijas inform\u0101cija tiek glab\u0101ta dro\u0161\u0101 veid\u0101 un nav pieejama tre\u0161\u0101m person\u0101m vai m\u016bsu darbiniekiem, iz\u0146emot gad\u012bjumus, kad t\u0101 tiek izmantota iepriek\u0161 izkl\u0101st\u012btajiem m\u0113r\u0137iem.<\/p><h3>K\u0101das ir apmekl\u0113t\u0101ju izv\u0113les iesp\u0113jas attiec\u012bb\u0101 uz inform\u0101cijas v\u0101k\u0161anu, izmanto\u0161anu un izplat\u012b\u0161anu?<\/h3><p>Apmekl\u0113t\u0101ji un Autoriz\u0113tie klienti var atteikties no nev\u0113lamas inform\u0101cijas sa\u0146em\u0161anas no mums un\/vai m\u016bsu pieg\u0101d\u0101t\u0101jiem un saist\u012btaj\u0101m a\u0123ent\u016br\u0101m, atbildot uz e-pasta zi\u0146ojumiem saska\u0146\u0101 ar sniegtajiem nor\u0101d\u012bjumiem vai sazinoties ar mums.<\/p><h3>Vai T\u012bmek\u013ca vietn\u0113 tiek izmantotas s\u012bkdatnes?<\/h3><p>J\u0101, s\u012bkfaili tiek izmantoti da\u017e\u0101du iemeslu d\u0113\u013c. M\u0113s izmantojam s\u012bkfailus, lai ieg\u016btu inform\u0101ciju par m\u016bsu Apmekl\u0113t\u0101ju v\u0113lm\u0113m un pakalpojumu izv\u0113li. M\u0113s izmantojam s\u012bkfailus ar\u012b dro\u0161\u012bbas nol\u016bkos, lai aizsarg\u0101tu Autoriz\u0113tos klientus.<\/p><h3>K\u0101 lietotne izmanto pieteik\u0161an\u0101s inform\u0101ciju?<\/h3><p>Lietotne izmanto pieteik\u0161an\u0101s inform\u0101ciju, tostarp, bet ne tikai IP adreses, interneta pakalpojumu sniedz\u0113jus (ISP) un p\u0101rl\u016bkprogrammas veidus, lai analiz\u0113tu tendences, p\u0101rvald\u012btu Vietni, izsekotu lietot\u0101ju p\u0101rvieto\u0161anos un Vietnes izmanto\u0161anu, k\u0101 ar\u012b apkopotu pla\u0161u demogr\u0101fisko inform\u0101ciju.<\/p><h3>K\u0101 T\u012bmek\u013ca vietne glab\u0101 personiski identific\u0113jamu inform\u0101ciju?<\/h3><p>Visi m\u016bsu darbinieki ir inform\u0113ti par m\u016bsu dro\u0161\u012bbas politiku un proced\u016br\u0101m. Apmekl\u0113t\u0101ju un autoriz\u0113to klientu personiski identific\u0113jama inform\u0101cija ir pieejama tikai ierobe\u017eotam skaitam kvalific\u0113tu darbinieku, kuriem ir paroles, lai piek\u013c\u016btu \u0161ai inform\u0101cijai.<\/p><h3>Kuriem partneriem vai pakalpojumu sniedz\u0113jiem ir piek\u013cuve personiski identific\u0113jamai inform\u0101cijai, kas sa\u0146emta no Apmekl\u0113t\u0101jiem un\/vai Autoriz\u0113tiem klientiem T\u012bmek\u013ca vietn\u0113?<\/h3><p>App ir un turpin\u0101s sl\u0113gt partner\u012bbas un citus sadarb\u012bbas l\u012bgumus ar da\u017e\u0101diem pieg\u0101d\u0101t\u0101jiem. \u0160\u0101diem pieg\u0101d\u0101t\u0101jiem var b\u016bt piek\u013cuve noteiktai personiski identific\u0113jamai inform\u0101cijai, pamatojoties uz \u201enepiecie\u0161am\u012bbu to zin\u0101t\u201c, lai nov\u0113rt\u0113tu Autoriz\u0113to klientu atbilst\u012bbu pakalpojumu sa\u0146em\u0161anai. M\u016bsu konfidencialit\u0101tes politika neattiecas uz inform\u0101cijas v\u0101k\u0161anu vai izmanto\u0161anu no \u0161iem pieg\u0101d\u0101t\u0101jiem. Personu identific\u0113jo\u0161as inform\u0101cijas izpau\u0161ana, lai iev\u0113rotu likumu: M\u0113s izpaud\u012bsim Personu identific\u0113jo\u0161u inform\u0101ciju, lai izpild\u012btu tiesas r\u012bkojumu, tiesas pav\u0113sti vai ties\u012bbaizsardz\u012bbas iest\u0101des inform\u0101cijas piepras\u012bjumu. M\u0113s ar\u012b atkl\u0101sim personiski identific\u0113jamu inform\u0101ciju, ja tas b\u016bs pamatoti nepiecie\u0161ams, lai aizsarg\u0101tu m\u016bsu Apmekl\u0113t\u0101ju un Autoriz\u0113to klientu dro\u0161\u012bbu.<\/p><h3>K\u0101 T\u012bmek\u013ca vietne glab\u0101 personiski identific\u0113jamu inform\u0101ciju?<\/h3><p>Visi m\u016bsu darbinieki ir inform\u0113ti par m\u016bsu dro\u0161\u012bbas politiku un proced\u016br\u0101m. Apmekl\u0113t\u0101ju un autoriz\u0113to klientu personiski identific\u0113jama inform\u0101cija ir pieejama tikai ierobe\u017eotam skaitam kvalific\u0113tu darbinieku, kuriem ir paroles, lai piek\u013c\u016btu \u0161ai inform\u0101cijai. M\u0113s regul\u0101ri p\u0101rskat\u0101m savas dro\u0161\u012bbas sist\u0113mas un procesus. Sensit\u012bva inform\u0101cija, piem\u0113ram, kred\u012btkar\u0161u numuri vai soci\u0101l\u0101 nodro\u0161in\u0101juma numuri, tiek aizsarg\u0101ta ar \u0161ifr\u0113\u0161anas protokoliem, lai aizsarg\u0101tu internet\u0101 nos\u016bt\u012bto inform\u0101ciju. Lai gan m\u0113s veicam komerci\u0101li pamatotus pas\u0101kumus, lai nodro\u0161in\u0101tu dro\u0161u t\u012bmek\u013ca vietni, elektronisk\u0101 sazi\u0146a un datub\u0101zes ir neaizsarg\u0101tas pret k\u013c\u016bd\u0101m, uzlau\u0161anu un citiem incidentiem, un m\u0113s nevaram garant\u0113t, ka \u0161\u0101di notikumi nenotiks, un m\u0113s neuz\u0146emamies atbild\u012bbu par \u0161\u0101diem notikumiem attiec\u012bb\u0101 uz Apmekl\u0113t\u0101jiem vai Autoriz\u0113tiem klientiem.<\/p><h3>K\u0101 Apmekl\u0113t\u0101ji var labot neprecizit\u0101tes personas identifik\u0101cijas inform\u0101cij\u0101?<\/h3><p>Apmekl\u0113t\u0101ji un Autoriz\u0113tie klienti var sazin\u0101ties ar mums, lai atjaunin\u0101tu vai labotu personiski identific\u0113jamu inform\u0101ciju par sevi, nos\u016btot mums e-pastu: <a rel=\"noopener\">support@startmsg.com<\/a>.<\/p><h3>Vai Apmekl\u0113t\u0101js var dz\u0113st vai deaktiviz\u0113t Vietn\u0113 apkopoto personiski identific\u0113jamo inform\u0101ciju?<\/h3><p>M\u0113s nodro\u0161in\u0101m Apmekl\u0113t\u0101jiem un Autoriz\u0113tajiem klientiem meh\u0101nismu, lai dz\u0113stu\/deaktiviz\u0113tu personiski identific\u0113jamu inform\u0101ciju no Vietnes datub\u0101zes, sazinoties ar mums. Tom\u0113r dubl\u0113\u0161anas un dz\u0113\u0161anas d\u0113\u013c var neb\u016bt iesp\u0113jams piln\u012bb\u0101 izdz\u0113st Apmekl\u0113t\u0101ja ierakstu, saglab\u0101jot da\u013cu inform\u0101cijas. Persona, kas pieprasa deaktiviz\u0113t personiski identific\u0113jamu inform\u0101ciju, \u0161o inform\u0101ciju funkcion\u0101li dz\u0113s\u012bs, un m\u0113s \u0161o inform\u0101ciju nep\u0101rdosim, nenodosim un neizmantosim nek\u0101d\u0101 veid\u0101 n\u0101kotn\u0113.<\/p><h3>Kas notiek, ja main\u0101s konfidencialit\u0101tes politika?<\/h3><p>M\u0113s inform\u0113sim savus Apmekl\u0113t\u0101jus un Autoriz\u0113tos klientus par izmai\u0146\u0101m m\u016bsu konfidencialit\u0101tes politik\u0101, ievietojot \u0161\u0101das izmai\u0146as Vietn\u0113. Tom\u0113r, ja m\u0113s main\u012bsim savu konfidencialit\u0101tes politiku t\u0101d\u0101 veid\u0101, kas var\u0113tu izrais\u012bt t\u0101das personiski identific\u0113jamas inform\u0101cijas izpau\u0161anu, kuru Apmekl\u0113t\u0101js vai Pilnvarotais klients iepriek\u0161 ir piepras\u012bjis neizpaust, m\u0113s sazin\u0101simies ar \u0161o Apmekl\u0113t\u0101ju vai Pilnvaroto klientu, lai \u013cautu vi\u0146iem nov\u0113rst \u0161\u0101du izpau\u0161anu.<\/p><h3>Atsauces:<\/h3><p><a href=\"https:\/\/startmsg.com\" target=\"_new\" rel=\"noopener\">Startmsg.com<\/a> \/ <a href=\"https:\/\/startmsg.lt\/lv\/\">Startmsg.lt<\/a> var satur\u0113t saites uz cit\u0101m t\u012bmek\u013ca vietn\u0113m. L\u016bdzu, \u0146emiet v\u0113r\u0101, ka, noklik\u0161\u0137inot uz k\u0101das no sait\u0113m, j\u016bs tiksiet p\u0101rcelts uz citu t\u012bmek\u013ca vietni. M\u0113s iesak\u0101m iepaz\u012bties ar \u0161o viet\u0146u konfidencialit\u0101tes politiku, jo t\u0101 var at\u0161\u0137irties no m\u016bsu politikas.<\/p><\/div>\t\t\t\t\t\t\t\t<\/div>\n\t\t\t\t<\/div>\n\t\t\t\t\t<\/div>\n\t\t\t\t<\/div>\n\t\t\t\t<\/div>","protected":false},"excerpt":{"rendered":"<p>\u012evadas \u00a0 Sveiki atvyk\u0119 \u012f https:\/\/startmsg.com \/ https:\/\/startmsg.lt (Svetain\u0117). Mes suprantame, kad privatumas internete yra svarbus m\u016bs\u0173 Svetain\u0117s naudotojams, ypa\u010d vykdant verslo [&hellip;]<\/p>","protected":false},"author":1,"featured_media":0,"parent":0,"menu_order":0,"comment_status":"closed","ping_status":"open","template":"","meta":{"footnotes":""},"class_list":["post-3","page","type-page","status-publish","hentry"],"yoast_head":"<!-- This site is optimized with the Yoast SEO Premium plugin v23.8 (Yoast SEO v26.4) - https:\/\/yoast.com\/wordpress\/plugins\/seo\/ -->\n<title>Privatumo politika - startmsg.lt<\/title>\n<meta name=\"robots\" content=\"index, nofollow, max-snippet:-1, max-image-preview:large, max-video-preview:-1\" \/>\n<link rel=\"canonical\" href=\"https:\/\/startmsg.lt\/lv\/privatuma-politika\/\" \/>\n<meta property=\"og:locale\" content=\"lv_LV\" \/>\n<meta property=\"og:type\" content=\"article\" \/>\n<meta property=\"og:title\" content=\"Privatumo politika\" \/>\n<meta property=\"og:description\" content=\"\u012evadas \u00a0 Sveiki atvyk\u0119 \u012f https:\/\/startmsg.com \/ https:\/\/startmsg.lt (Svetain\u0117). Mes suprantame, kad privatumas internete yra svarbus m\u016bs\u0173 Svetain\u0117s naudotojams, ypa\u010d vykdant verslo [&hellip;]\" \/>\n<meta property=\"og:url\" content=\"https:\/\/startmsg.lt\/lv\/privatuma-politika\/\" \/>\n<meta property=\"og:site_name\" content=\"startmsg.lt\" \/>\n<meta property=\"article:publisher\" content=\"https:\/\/facebook.com\/chatbotas\" \/>\n<meta property=\"article:modified_time\" content=\"2025-06-01T21:30:42+00:00\" \/>\n<meta name=\"twitter:card\" content=\"summary_large_image\" \/>\n<meta name=\"twitter:label1\" content=\"Est. reading time\" \/>\n\t<meta name=\"twitter:data1\" content=\"6 min\u016btes\" \/>\n<script type=\"application\/ld+json\" class=\"yoast-schema-graph\">{\"@context\":\"https:\/\/schema.org\",\"@graph\":[{\"@type\":\"WebPage\",\"@id\":\"https:\/\/startmsg.lt\/privatumo-politika\/\",\"url\":\"https:\/\/startmsg.lt\/privatumo-politika\/\",\"name\":\"Privatumo politika - startmsg.lt\",\"isPartOf\":{\"@id\":\"https:\/\/startmsg.lt\/#website\"},\"datePublished\":\"2024-01-30T13:41:47+00:00\",\"dateModified\":\"2025-06-01T21:30:42+00:00\",\"breadcrumb\":{\"@id\":\"https:\/\/startmsg.lt\/privatumo-politika\/#breadcrumb\"},\"inLanguage\":\"lv-LV\",\"potentialAction\":[{\"@type\":\"ReadAction\",\"target\":[\"https:\/\/startmsg.lt\/privatumo-politika\/\"]}]},{\"@type\":\"BreadcrumbList\",\"@id\":\"https:\/\/startmsg.lt\/privatumo-politika\/#breadcrumb\",\"itemListElement\":[{\"@type\":\"ListItem\",\"position\":1,\"name\":\"Home\",\"item\":\"https:\/\/startmsg.lt\/\"},{\"@type\":\"ListItem\",\"position\":2,\"name\":\"Privatumo politika\"}]},{\"@type\":\"WebSite\",\"@id\":\"https:\/\/startmsg.lt\/#website\",\"url\":\"https:\/\/startmsg.lt\/\",\"name\":\"startmsg.lt\",\"description\":\"\",\"publisher\":{\"@id\":\"https:\/\/startmsg.lt\/#organization\"},\"potentialAction\":[{\"@type\":\"SearchAction\",\"target\":{\"@type\":\"EntryPoint\",\"urlTemplate\":\"https:\/\/startmsg.lt\/?s={search_term_string}\"},\"query-input\":{\"@type\":\"PropertyValueSpecification\",\"valueRequired\":true,\"valueName\":\"search_term_string\"}}],\"inLanguage\":\"lv-LV\"},{\"@type\":\"Organization\",\"@id\":\"https:\/\/startmsg.lt\/#organization\",\"name\":\"startmsg.lt\",\"url\":\"https:\/\/startmsg.lt\/\",\"logo\":{\"@type\":\"ImageObject\",\"inLanguage\":\"lv-LV\",\"@id\":\"https:\/\/startmsg.lt\/#\/schema\/logo\/image\/\",\"url\":\"https:\/\/startmsg.lt\/wp-content\/uploads\/2024\/01\/favicon.png\",\"contentUrl\":\"https:\/\/startmsg.lt\/wp-content\/uploads\/2024\/01\/favicon.png\",\"width\":196,\"height\":196,\"caption\":\"startmsg.lt\"},\"image\":{\"@id\":\"https:\/\/startmsg.lt\/#\/schema\/logo\/image\/\"},\"sameAs\":[\"https:\/\/facebook.com\/chatbotas\",\"https:\/\/www.instagram.com\/chatbotas\"]}]}<\/script>\n<!-- \/ Yoast SEO Premium plugin. -->","yoast_head_json":{"title":"Priv\u0101tuma politika - startmsg.lt","robots":{"index":"index","follow":"nofollow","max-snippet":"max-snippet:-1","max-image-preview":"max-image-preview:large","max-video-preview":"max-video-preview:-1"},"canonical":"https:\/\/startmsg.lt\/lv\/privatuma-politika\/","og_locale":"lv_LV","og_type":"article","og_title":"Privatumo politika","og_description":"\u012evadas \u00a0 Sveiki atvyk\u0119 \u012f https:\/\/startmsg.com \/ https:\/\/startmsg.lt (Svetain\u0117). Mes suprantame, kad privatumas internete yra svarbus m\u016bs\u0173 Svetain\u0117s naudotojams, ypa\u010d vykdant verslo [&hellip;]","og_url":"https:\/\/startmsg.lt\/lv\/privatuma-politika\/","og_site_name":"startmsg.lt","article_publisher":"https:\/\/facebook.com\/chatbotas","article_modified_time":"2025-06-01T21:30:42+00:00","twitter_card":"summary_large_image","twitter_misc":{"Est. reading time":"6 min\u016btes"},"schema":{"@context":"https:\/\/schema.org","@graph":[{"@type":"WebPage","@id":"https:\/\/startmsg.lt\/privatumo-politika\/","url":"https:\/\/startmsg.lt\/privatumo-politika\/","name":"Priv\u0101tuma politika - startmsg.lt","isPartOf":{"@id":"https:\/\/startmsg.lt\/#website"},"datePublished":"2024-01-30T13:41:47+00:00","dateModified":"2025-06-01T21:30:42+00:00","breadcrumb":{"@id":"https:\/\/startmsg.lt\/privatumo-politika\/#breadcrumb"},"inLanguage":"lv-LV","potentialAction":[{"@type":"ReadAction","target":["https:\/\/startmsg.lt\/privatumo-politika\/"]}]},{"@type":"BreadcrumbList","@id":"https:\/\/startmsg.lt\/privatumo-politika\/#breadcrumb","itemListElement":[{"@type":"ListItem","position":1,"name":"Home","item":"https:\/\/startmsg.lt\/"},{"@type":"ListItem","position":2,"name":"Privatumo politika"}]},{"@type":"WebSite","@id":"https:\/\/startmsg.lt\/#website","url":"https:\/\/startmsg.lt\/","name":"startmsg.lt","description":"","publisher":{"@id":"https:\/\/startmsg.lt\/#organization"},"potentialAction":[{"@type":"SearchAction","target":{"@type":"EntryPoint","urlTemplate":"https:\/\/startmsg.lt\/?s={search_term_string}"},"query-input":{"@type":"PropertyValueSpecification","valueRequired":true,"valueName":"search_term_string"}}],"inLanguage":"lv-LV"},{"@type":"Organization","@id":"https:\/\/startmsg.lt\/#organization","name":"startmsg.lt","url":"https:\/\/startmsg.lt\/","logo":{"@type":"ImageObject","inLanguage":"lv-LV","@id":"https:\/\/startmsg.lt\/#\/schema\/logo\/image\/","url":"https:\/\/startmsg.lt\/wp-content\/uploads\/2024\/01\/favicon.png","contentUrl":"https:\/\/startmsg.lt\/wp-content\/uploads\/2024\/01\/favicon.png","width":196,"height":196,"caption":"startmsg.lt"},"image":{"@id":"https:\/\/startmsg.lt\/#\/schema\/logo\/image\/"},"sameAs":["https:\/\/facebook.com\/chatbotas","https:\/\/www.instagram.com\/chatbotas"]}]}},"_links":{"self":[{"href":"https:\/\/startmsg.lt\/lv\/wp-json\/wp\/v2\/pages\/3","targetHints":{"allow":["GET"]}}],"collection":[{"href":"https:\/\/startmsg.lt\/lv\/wp-json\/wp\/v2\/pages"}],"about":[{"href":"https:\/\/startmsg.lt\/lv\/wp-json\/wp\/v2\/types\/page"}],"author":[{"embeddable":true,"href":"https:\/\/startmsg.lt\/lv\/wp-json\/wp\/v2\/users\/1"}],"replies":[{"embeddable":true,"href":"https:\/\/startmsg.lt\/lv\/wp-json\/wp\/v2\/comments?post=3"}],"version-history":[{"count":15,"href":"https:\/\/startmsg.lt\/lv\/wp-json\/wp\/v2\/pages\/3\/revisions"}],"predecessor-version":[{"id":2433,"href":"https:\/\/startmsg.lt\/lv\/wp-json\/wp\/v2\/pages\/3\/revisions\/2433"}],"wp:attachment":[{"href":"https:\/\/startmsg.lt\/lv\/wp-json\/wp\/v2\/media?parent=3"}],"curies":[{"name":"wp","href":"https:\/\/api.w.org\/{rel}","templated":true}]}}