{"id":1078,"date":"2024-10-12T22:41:56","date_gmt":"2024-10-12T22:41:56","guid":{"rendered":"https:\/\/startmsg.lt\/?page_id=1078"},"modified":"2025-06-01T21:31:13","modified_gmt":"2025-06-01T21:31:13","slug":"noteikumi-un-nosacijumi","status":"publish","type":"page","link":"https:\/\/startmsg.lt\/lv\/noteikumi-un-nosacijumi\/","title":{"rendered":"Noteikumi un nosac\u012bjumi"},"content":{"rendered":"<div data-elementor-type=\"wp-page\" data-elementor-id=\"1078\" class=\"elementor elementor-1078\" data-elementor-settings=\"{&quot;element_pack_global_tooltip_width&quot;:{&quot;unit&quot;:&quot;px&quot;,&quot;size&quot;:&quot;&quot;,&quot;sizes&quot;:[]},&quot;element_pack_global_tooltip_width_tablet&quot;:{&quot;unit&quot;:&quot;px&quot;,&quot;size&quot;:&quot;&quot;,&quot;sizes&quot;:[]},&quot;element_pack_global_tooltip_width_mobile&quot;:{&quot;unit&quot;:&quot;px&quot;,&quot;size&quot;:&quot;&quot;,&quot;sizes&quot;:[]},&quot;element_pack_global_tooltip_padding&quot;:{&quot;unit&quot;:&quot;px&quot;,&quot;top&quot;:&quot;&quot;,&quot;right&quot;:&quot;&quot;,&quot;bottom&quot;:&quot;&quot;,&quot;left&quot;:&quot;&quot;,&quot;isLinked&quot;:true},&quot;element_pack_global_tooltip_padding_tablet&quot;:{&quot;unit&quot;:&quot;px&quot;,&quot;top&quot;:&quot;&quot;,&quot;right&quot;:&quot;&quot;,&quot;bottom&quot;:&quot;&quot;,&quot;left&quot;:&quot;&quot;,&quot;isLinked&quot;:true},&quot;element_pack_global_tooltip_padding_mobile&quot;:{&quot;unit&quot;:&quot;px&quot;,&quot;top&quot;:&quot;&quot;,&quot;right&quot;:&quot;&quot;,&quot;bottom&quot;:&quot;&quot;,&quot;left&quot;:&quot;&quot;,&quot;isLinked&quot;:true},&quot;element_pack_global_tooltip_border_radius&quot;:{&quot;unit&quot;:&quot;px&quot;,&quot;top&quot;:&quot;&quot;,&quot;right&quot;:&quot;&quot;,&quot;bottom&quot;:&quot;&quot;,&quot;left&quot;:&quot;&quot;,&quot;isLinked&quot;:true},&quot;element_pack_global_tooltip_border_radius_tablet&quot;:{&quot;unit&quot;:&quot;px&quot;,&quot;top&quot;:&quot;&quot;,&quot;right&quot;:&quot;&quot;,&quot;bottom&quot;:&quot;&quot;,&quot;left&quot;:&quot;&quot;,&quot;isLinked&quot;:true},&quot;element_pack_global_tooltip_border_radius_mobile&quot;:{&quot;unit&quot;:&quot;px&quot;,&quot;top&quot;:&quot;&quot;,&quot;right&quot;:&quot;&quot;,&quot;bottom&quot;:&quot;&quot;,&quot;left&quot;:&quot;&quot;,&quot;isLinked&quot;:true}}\">\n\t\t\t\t<div class=\"elementor-element elementor-element-ede0e80 e-flex e-con-boxed e-con e-parent\" data-id=\"ede0e80\" data-element_type=\"container\">\n\t\t\t\t\t<div class=\"e-con-inner\">\n\t\t\t\t<div class=\"elementor-element elementor-element-b3515d5 elementor-widget elementor-widget-spacer\" data-id=\"b3515d5\" data-element_type=\"widget\" data-widget_type=\"spacer.default\">\n\t\t\t\t<div class=\"elementor-widget-container\">\n\t\t\t\t\t\t\t<div class=\"elementor-spacer\">\n\t\t\t<div class=\"elementor-spacer-inner\"><\/div>\n\t\t<\/div>\n\t\t\t\t\t\t<\/div>\n\t\t\t\t<\/div>\n\t\t\t\t<div class=\"elementor-element elementor-element-9a041c7 elementor-widget elementor-widget-text-editor\" data-id=\"9a041c7\" data-element_type=\"widget\" data-widget_type=\"text-editor.default\">\n\t\t\t\t<div class=\"elementor-widget-container\">\n\t\t\t\t\t\t\t\t\t<p><strong>SUBSIBRIBE OR USE Startmsg.com \/ Startmsg.com, j\u016bs APLIECINAT, ka jums ir pilnvarojums r\u012bkoties, lai parakst\u012btu sevi, jebkuru tre\u0161o personu, uz\u0146\u0113mumu vai juridisku personu, UN KA J\u016aSU \u0160\u012aS VIETNES LIETO\u0160ANA UN\/VAI MIJIEDARB\u012aBA AR \u0160O VIETNI NOZ\u012aM\u0112, KA J\u016aS PIEKR\u012aTAT \u0160IM LIETO\u0160ANAS NOTEIKUMIEM, K\u0100 AR\u012a CITIEM L\u012aGUMIEM, KURUS M\u0112S VARAM PUBLIC\u0112T \u0160AJ\u0100 VIETN\u0112.<\/strong><\/p><p><strong>SKAT\u012aT\u0100JOT, DAL\u012aJOTIES, IZMANTOJOT UN SADARBOJOTIES AR Startmsg.com \/ Startmsg.com VAI K\u0100DU BANNERI, TIRDZNIEC\u012aBAS LANGU VAI Rekl\u0101mu, KAS ATRODAS \u0160EIT\u0100 M\u0100J\u0100, J\u016aS ATBALSTA VISUS NOTEIKUMUS, KAS IETVERTI \u0160EIT\u0100 M\u0100J\u0100 UN PRIV\u0100T\u012aBAS POLITIK\u0100.<\/strong><\/p><p><strong>Startmsg.com \/ Startmsg.lt \u012aPA\u0160I PIEM\u0112ROJAMS, lai pal\u012bdz\u0113tu ikvienai personai, uz kuru attiecas 1998. gada B\u0113rnu interneta priv\u0101tuma aizsardz\u012bbas likums (COPPA).<\/strong><\/p><p><strong>Startmsg.com \/ Startmsg.lt IEROBE\u017dO PRATIES\u012aBU ATAIZST\u0100D\u012aT VISAS PERSONAS V\u0112RT\u0112T\u0100JUS V\u0112RT\u0112T\u0100JUS KAD\u0112K. Saska\u0146\u0101 ar PRIV\u0100TUMA POLITIKAS NOTEIKUMIEM, KAS J\u016aS PIE\u0145EMAT V\u0112RT\u0112JUMU, Startmsg.com \/ Startmsg.lt VAR V\u0112RT\u0112T UN PATUR\u0112T DATUS UN INFORM\u0100CIJU, KAS V\u0112RT\u0112TU IZMANTOJUMUS DAUDZ\u012aGI CITIEM IZMANTOJUMIEM.<\/strong><\/p><p><strong>\u0160IE LIETO\u0160ANAS NOTEIKUMI LAIKA GAIT\u0100 VAR TIKT MAIN\u012aTI. Apmekl\u0113t\u0101jiem ir pien\u0101kums sekot l\u012bdzi \u0161\u0101d\u0101m izmai\u0146\u0101m, p\u0101rskatot \u0161o lieto\u0161anas noteikumu lapu katru reizi, kad vi\u0146i apmekl\u0113 STARTMSG.com \/ Startmsg.lt.<\/strong><\/p><p><strong>L\u012aGUMA PUSES<\/strong><br \/>Apmekl\u0113t\u0101ji, skat\u012bt\u0101ji, lietot\u0101ji, abonenti, biedri, partneri vai klienti, kop\u0101 saukti par \"Apmekl\u0113t\u0101jiem\", ir \u0161\u012b L\u012bguma puses. T\u012bmek\u013ca vietne un t\u0101s \u012bpa\u0161nieki un\/vai operatori ir \u0161\u0101 l\u012bguma puses, turpm\u0101k tekst\u0101 saukti \"T\u012bmek\u013ca vietne\".<\/p><p><strong>\u0160\u012aS T\u012aMEK\u013bA VIETNES INFORM\u0100CIJAS IZMANTO\u0160ANA<\/strong><br \/>Ja vien jums nav rakstiskas vieno\u0161an\u0101s ar \u0161o t\u012bmek\u013ca vietni, apmekl\u0113t\u0101ji, skat\u012bt\u0101ji, abonenti, biedri, partneri vai klienti nav ties\u012bgi izmantot \u0161o inform\u0101ciju komerci\u0101los vai publiskos nol\u016bkos; vi\u0146iem nav ties\u012bbu p\u0101rraid\u012bt, kop\u0113t, uzglab\u0101t, druk\u0101t, p\u0101rdot vai public\u0113t jebkuru \u0161\u012bs t\u012bmek\u013ca vietnes satura da\u013cu. Piek\u013c\u016bstot \u0161\u012bs t\u012bmek\u013ca vietnes saturam, j\u016bs piekr\u012btat \u0161im piek\u013cuves nosac\u012bjumam un atz\u012bstat, ka jebk\u0101da neat\u013cauta izmanto\u0161ana ir nelikum\u012bga un var novest pie civiltiesiskiem vai krimin\u0101lsodiem. Ar\u012b \u0161aj\u0101 gad\u012bjum\u0101 apmekl\u0113t\u0101jam nav ties\u012bbu izmantot vietnes saturu vai jebkuru t\u0101 da\u013cu, tostarp t\u0101s datub\u0101zes, neredzam\u0101s lapas, saist\u012bt\u0101s lapas, pamat\u0101 eso\u0161o kodu vai citu intelektu\u0101lo \u012bpa\u0161umu, ko var satur\u0113t vietne, jebk\u0101da iemesla d\u0113\u013c vai jebk\u0101diem m\u0113r\u0137iem. Atz\u012bstot, ka var b\u016bt gr\u016bti nov\u0113rt\u0113t prec\u012bzus zaud\u0113jumus, kas radu\u0161ies \u0161\u0101 noteikuma p\u0101rk\u0101puma rezult\u0101t\u0101, apmekl\u0113t\u0101js piekr\u012bt atl\u012bdzin\u0101t Startmsg.com\/Startmsg.com \u012bpa\u0161niekiem zaud\u0113jumus 100 000 ASV dol\u0101ru apm\u0113r\u0101 vai, ja to var nov\u0113rt\u0113t, faktisk\u0101s izmaksas un faktiskos zaud\u0113jumus, kas radu\u0161ies \u0161\u0101 noteikuma p\u0101rk\u0101puma rezult\u0101t\u0101, atkar\u012bb\u0101 no t\u0101, kura summa ir liel\u0101ka. Apmekl\u0113t\u0101js apliecina, ka vi\u0146\u0161\/vi\u0146a saprot, ka \u0161\u0101 noteikuma pie\u0146em\u0161ana ir Startmsg.com\/Startmsg.com piek\u013cuves nosac\u012bjums un ka piek\u013cuve Startmsg.com\/Startmsg.com ir \u0161\u012b noteikuma pie\u0146em\u0161anas apliecin\u0101jums.<\/p><p><strong>\u012aPA\u0160UMTIES\u012aBAS UZ T\u012aMEK\u013bA VIETNI VAI TIES\u012aBAS IZMANTOT, P\u0100RDOT, PUBLIC\u0112T \u0160\u012aS T\u012aMEK\u013bA VIETNES SATURU.<\/strong><br \/>T\u012bmek\u013ca vietne un t\u0101s saturs pieder t\u012bmek\u013ca vietnes \u012bpa\u0161niekam vai ir licenc\u0113ts. T\u012bmek\u013ca vietnes saturs ir uzskat\u0101ms par \u012bpa\u0161umties\u012bb\u0101m un autorties\u012bb\u0101m. Apmekl\u0113t\u0101jiem nav nek\u0101du ties\u012bbu uz t\u012bmek\u013ca vietnes saturu. T\u012bmek\u013ca vietnes satura izmanto\u0161ana jebk\u0101da iemesla d\u0113\u013c ir nelikum\u012bga, ja vien tas nav dar\u012bts saska\u0146\u0101 ar rakstisku l\u012bgumu vai ar t\u012bmek\u013ca vietnes at\u013cauju.<\/p><p><strong>HIPERSAITES UZ T\u012aMEK\u013bA VIETNI, SADARB\u012aBA, \"IER\u0100M\u0112\u0160ANA\" UN T\u012aMEK\u013bA VIETNES DZ\u0112\u0160ANA.<\/strong><br \/>Iz\u0146emot gad\u012bjumus, kad tas ir skaidri at\u013cauts Vietn\u0113, nevienam nav at\u013cauts izmantot hipersaites Startmsg.com\/Startmsg.com vai jebkuru t\u0101s da\u013cu (tostarp, bet ne tikai, logotipus, pre\u010du z\u012bmes, pre\u010du z\u012bmi, tirdzniec\u012bbas stilu vai ar autorties\u012bb\u0101m aizsarg\u0101tu materi\u0101lu) uz sav\u0101m t\u012bmek\u013ca vietn\u0113m jebk\u0101diem m\u0113r\u0137iem. Turkl\u0101t j\u016bs nedr\u012bkstat iek\u013caut \u0161\u012bs t\u012bmek\u013ca vietnes URL (interneta adresi) vai jebkuru \u0161\u012bs t\u012bmek\u013ca vietnes lapu jebkur\u0101 komerci\u0101l\u0101 vai nekomerci\u0101l\u0101 pla\u0161sazi\u0146as l\u012bdzekl\u012b bez m\u016bsu skaidras at\u013caujas, k\u0101 ar\u012b nedr\u012bkstat \"sponsor\u0113t\" \u0161o t\u012bmek\u013ca vietni. J\u016bs \u012bpa\u0161i piekr\u012btat sadarboties ar vietnes \u012bpa\u0161niekiem, lai nov\u0113rstu vai deaktiviz\u0113tu jebk\u0101das \u0161\u0101das darb\u012bbas, un uz\u0146ematies atbild\u012bbu par jebk\u0101diem zaud\u0113jumiem, kas radu\u0161ies \u0161\u0101 noteikuma p\u0101rk\u0101puma rezult\u0101t\u0101. Saprotot, ka var b\u016bt gr\u016bti nov\u0113rt\u0113t prec\u012bzu zaud\u0113jumu apm\u0113ru, kas rodas \u0161\u012b noteikuma p\u0101rk\u0101puma rezult\u0101t\u0101, j\u016bs piekr\u012btat atl\u012bdzin\u0101t Startmsg.com\/Startmsg.com \u012bpa\u0161niekiem zaud\u0113jumus 100 000 ASV dol\u0101ru apm\u0113r\u0101 vai, ja to var nov\u0113rt\u0113t, faktisk\u0101s izmaksas un faktiskos zaud\u0113jumus, kas rodas \u0161\u012b noteikuma p\u0101rk\u0101puma rezult\u0101t\u0101, atkar\u012bb\u0101 no t\u0101, kura summa ir liel\u0101ka. J\u016bs apliecin\u0101t, ka saprotat, ka \u0161\u012b noteikuma pie\u0146em\u0161ana ir pievieno\u0161an\u0101s Startmsg.com \/ Startmsg.com nosac\u012bjums un ka pievieno\u0161an\u0101s Startmsg.com \/ Startmsg.com ir \u0161\u0101da pie\u0146em\u0161anas apliecin\u0101jums.<\/p><p><strong>ATBILD\u012aBA PAR T\u012aMEK\u013bA VIETNES SATURU<\/strong><br \/>Startmsg.com \/ Startmsg.com neuz\u0146emas nek\u0101du atbild\u012bbu par satura, kas par\u0101d\u0101s Startmsg.com \/ Startmsg.com, ir saist\u012bts ar Startmsg.com \/ Startmsg.com vai piemin to, precizit\u0101ti. Apmekl\u0113t\u0101ji uz\u0146emas visus riskus, kas saist\u012bti ar inform\u0101cijas apl\u016bko\u0161anu, las\u012b\u0161anu, izmanto\u0161anu vai pa\u013cau\u0161anos uz to. Ja vien jums nav rakstiskas vieno\u0161an\u0101s ar mums, jums nav ties\u012bbu pa\u013cauties uz jebk\u0101du \u0161aj\u0101 t\u012bmek\u013ca vietn\u0113 sniegt\u0101s inform\u0101cijas saturu k\u0101 prec\u012bzu. M\u0113s nesniedzam \u0161\u0101du garantiju.<\/p><p><strong>ATBILD\u012aBU PAR JEBK\u0100DIEM J\u016aSU DATORA VAI PROGRAMMAT\u016aRAS BOJ\u0100JUMIEM SAIST\u012aB\u0100 AR J\u016aSU MIJIEDARB\u012aBU AR \u0160O T\u012aMEK\u013bA VIETNI VAI T\u0100S SATURU.<\/strong><br \/>Apmekl\u0113t\u0101js uz\u0146emas visu risku, kas saist\u012bts ar v\u012brusiem, t\u0101rpiem vai citiem \u013caunpr\u0101t\u012bgiem a\u0123entiem, kuri var saboj\u0101t vi\u0146a\/vi\u0146as datoru vai programmat\u016bru. M\u0113s neesam atbild\u012bgi par jebk\u0101diem apmekl\u0113t\u0101ja vai jebkuras citas personas, ar kuru apmekl\u0113t\u0101js var mijiedarboties, datora vai programmat\u016bras boj\u0101jumiem, ko izrais\u012bjis \u013caunpr\u0101t\u012bgs kods vai dati, kas var tikt net\u012b\u0161\u0101m p\u0101rraid\u012bti uz apmekl\u0113t\u0101ja datoru. Apmekl\u0113t\u0101js, skatoties vai mijiedarbojoties ar Startmsg.com \/ Startmsg.com vai jebkuru rekl\u0101mu, banerus vai uznirsto\u0161os logus, dara to uz savu risku.<\/p><p><strong>ATBILD\u012aBA PAR AUG\u0160UPIEL\u0100D\u0112TAJIEM DATIEM<\/strong><br \/>Apmekl\u0113t\u0101js lejupiel\u0101d\u0113 inform\u0101ciju no Startmsg.com \/ Startmsg.lt uz savu risku. Vietne negarant\u0113, ka lejupiel\u0101des ir br\u012bvas no boj\u0101tiem datorkodiem, tostarp, bet ne tikai, no v\u012brusiem un t\u0101rpiem.<\/p><p><strong>REFUSAL<\/strong><br \/>Skatoties, lietojot vai cit\u0101di mijiedarbojoties ar Startmsg.com\/Startmsg.com, tostarp rekl\u0101mu, banerus vai uznirsto\u0161os logus, un k\u0101 vietnes autoriz\u0101cijas nosac\u012bjumu apmekl\u0113t\u0101js uz visiem laikiem atsak\u0101s no jebk\u0101d\u0101m ties\u012bb\u0101m uz jebk\u0101d\u0101m pras\u012bb\u0101m par zaud\u0113jumu atl\u012bdz\u012bbu, pamatojoties uz jebk\u0101du c\u0113lo\u0146sakar\u012bbu, kas var rad\u012bt jebk\u0101dus zaud\u0113jumus, neatkar\u012bgi no t\u0101, vai tie ir smagi vai lieli, fiziski vai emocion\u0101li, paredzami vai neparedzami, personiski vai komerci\u0101li. Iev\u0113rojot jebkuru likumu, kas nepie\u013cauj \u0161\u0101dus iz\u0146\u0113mumus, m\u016bsu maksim\u0101l\u0101 atbild\u012bba nep\u0101rsniegs summu, kas jums samaks\u0101ta par m\u016bsu t\u012bmek\u013ca vietnes vai pakalpojumu izmanto\u0161anu, ja t\u0101da ir. Turkl\u0101t j\u016bs piekr\u012btat, ka m\u016bsu saist\u012bbu neizpilde no mums neatkar\u012bgu notikumu d\u0113\u013c ietver, bet neaprobe\u017eojas ar, piem\u0113ram, dabas stihiju, kara darb\u012bbu, terorismu, nemieriem, sacel\u0161anos, nemieriem, noziedz\u012bg\u0101m darb\u012bb\u0101m, dabas katastrof\u0101m, sakaru vai infrastrukt\u016bras trauc\u0113jumiem, darbasp\u0113ka tr\u016bkumu vai p\u0101rtraukumiem (tostarp nelikum\u012bgiem streikiem), materi\u0101lu tr\u016bkumu un citiem notikumiem, kas ir \u0101rpus m\u016bsu kontroles.<\/p><p><strong>ATBILD\u012aBA<\/strong><br \/>Apmekl\u0113t\u0101js piekr\u012bt, ka gad\u012bjum\u0101, ja vi\u0146\u0161\/vi\u0146a nodar\u012bs kait\u0113jumu mums vai tre\u0161ajai pusei, kas izriet no Startmsg.com \/ Startmsg.com lieto\u0161anas vai ir saist\u012bts ar to, Apmekl\u0113t\u0101js atl\u012bdzin\u0101s mums zaud\u0113jumus un attiec\u012bg\u0101 gad\u012bjum\u0101 aizst\u0101v\u0113s m\u016bs pret jebk\u0101d\u0101m pras\u012bb\u0101m par zaud\u0113jumu atl\u012bdz\u012bbu.<\/p><p><strong>IESNIEGUMI<\/strong><br \/>Apmekl\u0113t\u0101js piekr\u012bt, ka jebkura sazi\u0146a starp Apmekl\u0113t\u0101ju un T\u012bmek\u013ca vietni tiek uzskat\u012bta par iesniegumu. Visi iesniegumi, tostarp tajos ietvert\u0101 grafika vai jebkur\u0161 saturs, k\u013c\u016bst par vietnes ekskluz\u012bvu \u012bpa\u0161umu, un tos bez papildu at\u013caujas var izmantot komerci\u0101liem m\u0113r\u0137iem bez papildu atl\u012bdz\u012bbas. Apmekl\u0113t\u0101js piekr\u012bt sniegt Vietnei tikai tos datus, kurus tas v\u0113las past\u0101v\u012bgi \u013caut Vietnei izmantot jebk\u0101d\u0101 veid\u0101. \"Iesniegtie dati\" ir ar\u012b Priv\u0101tuma politikas noteikums.<\/p><p><strong>PAZI\u0145OJUMS PRESEI<\/strong><br \/>Apmekl\u0113t\u0101jam nek\u0101da iemesla d\u0113\u013c nav j\u0101sa\u0146em nek\u0101di papildu pazi\u0146ojumi, un Apmekl\u0113t\u0101js skaidri atz\u012bst, ka atsak\u0101s no ties\u012bb\u0101m sa\u0146emt pazi\u0146ojumu, kas ir nosac\u012bjums tam, ka vi\u0146am ir at\u013cauts apskat\u012bt T\u012bmek\u013ca vietni vai mijiedarboties ar to.<\/p><p><strong>GINCHAI<\/strong><br \/>Saska\u0146\u0101 ar Vietnes noteikumiem un nosac\u012bjumiem, kas nepiecie\u0161ami, lai Apmekl\u0113t\u0101js var\u0113tu apskat\u012bt, izmantot vai mijiedarboties ar \u0161o Vietni, Apmekl\u0113t\u0101js piekr\u012bt izmantot saisto\u0161u \u0161\u0137\u012br\u0113jtiesu attiec\u012bb\u0101 uz jebk\u0101d\u0101m pras\u012bb\u0101m, str\u012bdiem vai domstarp\u012bb\u0101m (\"PRAS\u012aBA\") jebkur\u0101 form\u0101 (l\u012bgumisk\u0101, delikt\u0101 vai cit\u0101 veid\u0101), kas izriet no \u0161\u012b pirkuma, \u0161\u012b produkta, tostarp attiec\u012bb\u0101 uz uzm\u0101k\u0161an\u0101s, priv\u0101tuma un lieto\u0161anas noteikumiem, vai ir saist\u012bti ar tiem. \u0160\u0137\u012br\u0113jtiesa notiks saska\u0146\u0101 ar Lietuvas \u0161\u0137\u012br\u0113jtiesas reglamentu. Inform\u0101cija par Lietuvas \u0161\u0137\u012br\u0113jtiesas iest\u0101d\u0113m un to noteikumiem ir pieejama to ofici\u0101laj\u0101s t\u012bmek\u013ca vietn\u0113s. Tiesas s\u0113des notiks t\u0101s pils\u0113tas vai rajona teritorij\u0101, kur\u0101 atrodas Startmsg.com \/ Startmsg.lt \u012bpa\u0161nieks. Nevienam Apmekl\u0113t\u0101jam, dal\u012bbniekam, abonentam vai klientam nav ties\u012bbu v\u0113rsties ties\u0101 vai veikt tiesved\u012bbu. Nevienam Apmekl\u0113t\u0101jam, apmekl\u0113t\u0101jam, dal\u012bbniekam, abonentam vai klientam nav ties\u012bbu piedal\u012bties pirmstiesas izmekl\u0113\u0161an\u0101, iz\u0146emot Noteikumos paredz\u0113tos gad\u012bjumus; vi\u0146am\/vi\u0146ai nav ties\u012bbu piedal\u012bties k\u0101 p\u0101rst\u0101vim vai grupas dal\u012bbniekam saist\u012bb\u0101 ar jebkuru pras\u012bbu, kas ir \u0161\u0137\u012br\u0113jtiesas priek\u0161mets; \u0161\u0137\u012br\u0113jtiesne\u0161a l\u0113mums ir gal\u012bgs un saisto\u0161s, ar ierobe\u017eot\u0101m p\u0101rs\u016bdz\u012bbas ties\u012bb\u0101m. Pusei, kas sniedz atbalstu, ir ties\u012bbas sa\u0146emt no otras Puses atl\u012bdz\u012bbu par vis\u0101m izmaks\u0101m un izdevumiem, kas radu\u0161ies saist\u012bb\u0101 ar \u0161\u0137\u012br\u0113jtiesu, tostarp advok\u0101ta honor\u0101riem, piedzi\u0146as maks\u0101m, izmekl\u0113\u0161anas maks\u0101m, ce\u013ca izdevumiem.<\/p><p><strong>JURISDIKCIJA UN ATRA\u0160AN\u0100S VIETA<\/strong><br \/>Ja k\u0101ds ar \u0161o pirkumu saist\u012bts jaut\u0101jums tiek iesniegts ties\u0101 pirms vai p\u0113c \u0161\u0137\u012br\u0113jtiesas, apmekl\u0113t\u0101js, apmekl\u0113t\u0101js, dal\u012bbnieks, abonents vai klients piekr\u012bt, ka vien\u012bg\u0101 un pareiz\u0101 jurisdikcija ir t\u0101, kas nor\u0101d\u012bta vietnes \u012bpa\u0161nieka kontaktinform\u0101cij\u0101, ja vien nav nor\u0101d\u012bts cit\u0101di. Ja str\u012bds tiek izskat\u012bts feder\u0101laj\u0101 ties\u0101, atbilsto\u0161\u0101 jurisdikcija b\u016bs tuv\u0101k\u0101 feder\u0101l\u0101 tiesa, kas atrodas net\u0101lu no Startmsg.com\/Startmsg.com \u012bpa\u0161nieka adreses.<\/p>\t\t\t\t\t\t\t\t<\/div>\n\t\t\t\t<\/div>\n\t\t\t\t\t<\/div>\n\t\t\t\t<\/div>\n\t\t\t\t<\/div>","protected":false},"excerpt":{"rendered":"<p>PRISIJUNGDAMI AR NAUDODAMIESI Startmsg.com \/ Startmsg.lt, J\u016aS PATVIRTINATE, KAD TURITE PILN\u0104 \u012eGALIOJIM\u0104 VEIKTI, KAD SUREMTUM\u0116TE SAVE, BET KUR\u012e TRE\u010cI\u0104J\u012e ASMEN\u012e, \u012eMON\u0118 ARBA [&hellip;]<\/p>","protected":false},"author":1,"featured_media":0,"parent":0,"menu_order":0,"comment_status":"closed","ping_status":"closed","template":"","meta":{"footnotes":""},"class_list":["post-1078","page","type-page","status-publish","hentry"],"yoast_head":"<!-- This site is optimized with the Yoast SEO Premium plugin v23.8 (Yoast SEO v26.4) - https:\/\/yoast.com\/wordpress\/plugins\/seo\/ -->\n<title>Taisykl\u0117s ir s\u0105lygos - startmsg.lt<\/title>\n<meta name=\"robots\" content=\"index, follow, max-snippet:-1, max-image-preview:large, max-video-preview:-1\" \/>\n<link rel=\"canonical\" href=\"https:\/\/startmsg.lt\/lv\/noteikumi-un-nosacijumi\/\" \/>\n<meta property=\"og:locale\" content=\"lv_LV\" \/>\n<meta property=\"og:type\" content=\"article\" \/>\n<meta property=\"og:title\" content=\"Taisykl\u0117s ir s\u0105lygos\" \/>\n<meta property=\"og:description\" content=\"PRISIJUNGDAMI AR NAUDODAMIESI Startmsg.com \/ Startmsg.lt, J\u016aS PATVIRTINATE, KAD TURITE PILN\u0104 \u012eGALIOJIM\u0104 VEIKTI, KAD SUREMTUM\u0116TE SAVE, BET KUR\u012e TRE\u010cI\u0104J\u012e ASMEN\u012e, \u012eMON\u0118 ARBA [&hellip;]\" \/>\n<meta property=\"og:url\" content=\"https:\/\/startmsg.lt\/lv\/noteikumi-un-nosacijumi\/\" \/>\n<meta property=\"og:site_name\" content=\"startmsg.lt\" \/>\n<meta property=\"article:publisher\" content=\"https:\/\/facebook.com\/chatbotas\" \/>\n<meta property=\"article:modified_time\" content=\"2025-06-01T21:31:13+00:00\" \/>\n<meta name=\"twitter:card\" content=\"summary_large_image\" \/>\n<meta name=\"twitter:label1\" content=\"Est. reading time\" \/>\n\t<meta name=\"twitter:data1\" content=\"8 min\u016btes\" \/>\n<script type=\"application\/ld+json\" class=\"yoast-schema-graph\">{\"@context\":\"https:\/\/schema.org\",\"@graph\":[{\"@type\":\"WebPage\",\"@id\":\"https:\/\/startmsg.lt\/taisykles-ir-salygos\/\",\"url\":\"https:\/\/startmsg.lt\/taisykles-ir-salygos\/\",\"name\":\"Taisykl\u0117s ir s\u0105lygos - startmsg.lt\",\"isPartOf\":{\"@id\":\"https:\/\/startmsg.lt\/#website\"},\"datePublished\":\"2024-10-12T22:41:56+00:00\",\"dateModified\":\"2025-06-01T21:31:13+00:00\",\"breadcrumb\":{\"@id\":\"https:\/\/startmsg.lt\/taisykles-ir-salygos\/#breadcrumb\"},\"inLanguage\":\"lv-LV\",\"potentialAction\":[{\"@type\":\"ReadAction\",\"target\":[\"https:\/\/startmsg.lt\/taisykles-ir-salygos\/\"]}]},{\"@type\":\"BreadcrumbList\",\"@id\":\"https:\/\/startmsg.lt\/taisykles-ir-salygos\/#breadcrumb\",\"itemListElement\":[{\"@type\":\"ListItem\",\"position\":1,\"name\":\"Home\",\"item\":\"https:\/\/startmsg.lt\/\"},{\"@type\":\"ListItem\",\"position\":2,\"name\":\"Taisykl\u0117s ir s\u0105lygos\"}]},{\"@type\":\"WebSite\",\"@id\":\"https:\/\/startmsg.lt\/#website\",\"url\":\"https:\/\/startmsg.lt\/\",\"name\":\"startmsg.lt\",\"description\":\"\",\"publisher\":{\"@id\":\"https:\/\/startmsg.lt\/#organization\"},\"potentialAction\":[{\"@type\":\"SearchAction\",\"target\":{\"@type\":\"EntryPoint\",\"urlTemplate\":\"https:\/\/startmsg.lt\/?s={search_term_string}\"},\"query-input\":{\"@type\":\"PropertyValueSpecification\",\"valueRequired\":true,\"valueName\":\"search_term_string\"}}],\"inLanguage\":\"lv-LV\"},{\"@type\":\"Organization\",\"@id\":\"https:\/\/startmsg.lt\/#organization\",\"name\":\"startmsg.lt\",\"url\":\"https:\/\/startmsg.lt\/\",\"logo\":{\"@type\":\"ImageObject\",\"inLanguage\":\"lv-LV\",\"@id\":\"https:\/\/startmsg.lt\/#\/schema\/logo\/image\/\",\"url\":\"https:\/\/startmsg.lt\/wp-content\/uploads\/2024\/01\/favicon.png\",\"contentUrl\":\"https:\/\/startmsg.lt\/wp-content\/uploads\/2024\/01\/favicon.png\",\"width\":196,\"height\":196,\"caption\":\"startmsg.lt\"},\"image\":{\"@id\":\"https:\/\/startmsg.lt\/#\/schema\/logo\/image\/\"},\"sameAs\":[\"https:\/\/facebook.com\/chatbotas\",\"https:\/\/www.instagram.com\/chatbotas\"]}]}<\/script>\n<!-- \/ Yoast SEO Premium plugin. -->","yoast_head_json":{"title":"Noteikumi un nosac\u012bjumi - startmsg.lt","robots":{"index":"index","follow":"follow","max-snippet":"max-snippet:-1","max-image-preview":"max-image-preview:large","max-video-preview":"max-video-preview:-1"},"canonical":"https:\/\/startmsg.lt\/lv\/noteikumi-un-nosacijumi\/","og_locale":"lv_LV","og_type":"article","og_title":"Taisykl\u0117s ir s\u0105lygos","og_description":"PRISIJUNGDAMI AR NAUDODAMIESI Startmsg.com \/ Startmsg.lt, J\u016aS PATVIRTINATE, KAD TURITE PILN\u0104 \u012eGALIOJIM\u0104 VEIKTI, KAD SUREMTUM\u0116TE SAVE, BET KUR\u012e TRE\u010cI\u0104J\u012e ASMEN\u012e, \u012eMON\u0118 ARBA [&hellip;]","og_url":"https:\/\/startmsg.lt\/lv\/noteikumi-un-nosacijumi\/","og_site_name":"startmsg.lt","article_publisher":"https:\/\/facebook.com\/chatbotas","article_modified_time":"2025-06-01T21:31:13+00:00","twitter_card":"summary_large_image","twitter_misc":{"Est. reading time":"8 min\u016btes"},"schema":{"@context":"https:\/\/schema.org","@graph":[{"@type":"WebPage","@id":"https:\/\/startmsg.lt\/taisykles-ir-salygos\/","url":"https:\/\/startmsg.lt\/taisykles-ir-salygos\/","name":"Noteikumi un nosac\u012bjumi - startmsg.lt","isPartOf":{"@id":"https:\/\/startmsg.lt\/#website"},"datePublished":"2024-10-12T22:41:56+00:00","dateModified":"2025-06-01T21:31:13+00:00","breadcrumb":{"@id":"https:\/\/startmsg.lt\/taisykles-ir-salygos\/#breadcrumb"},"inLanguage":"lv-LV","potentialAction":[{"@type":"ReadAction","target":["https:\/\/startmsg.lt\/taisykles-ir-salygos\/"]}]},{"@type":"BreadcrumbList","@id":"https:\/\/startmsg.lt\/taisykles-ir-salygos\/#breadcrumb","itemListElement":[{"@type":"ListItem","position":1,"name":"Home","item":"https:\/\/startmsg.lt\/"},{"@type":"ListItem","position":2,"name":"Taisykl\u0117s ir s\u0105lygos"}]},{"@type":"WebSite","@id":"https:\/\/startmsg.lt\/#website","url":"https:\/\/startmsg.lt\/","name":"startmsg.lt","description":"","publisher":{"@id":"https:\/\/startmsg.lt\/#organization"},"potentialAction":[{"@type":"SearchAction","target":{"@type":"EntryPoint","urlTemplate":"https:\/\/startmsg.lt\/?s={search_term_string}"},"query-input":{"@type":"PropertyValueSpecification","valueRequired":true,"valueName":"search_term_string"}}],"inLanguage":"lv-LV"},{"@type":"Organization","@id":"https:\/\/startmsg.lt\/#organization","name":"startmsg.lt","url":"https:\/\/startmsg.lt\/","logo":{"@type":"ImageObject","inLanguage":"lv-LV","@id":"https:\/\/startmsg.lt\/#\/schema\/logo\/image\/","url":"https:\/\/startmsg.lt\/wp-content\/uploads\/2024\/01\/favicon.png","contentUrl":"https:\/\/startmsg.lt\/wp-content\/uploads\/2024\/01\/favicon.png","width":196,"height":196,"caption":"startmsg.lt"},"image":{"@id":"https:\/\/startmsg.lt\/#\/schema\/logo\/image\/"},"sameAs":["https:\/\/facebook.com\/chatbotas","https:\/\/www.instagram.com\/chatbotas"]}]}},"_links":{"self":[{"href":"https:\/\/startmsg.lt\/lv\/wp-json\/wp\/v2\/pages\/1078","targetHints":{"allow":["GET"]}}],"collection":[{"href":"https:\/\/startmsg.lt\/lv\/wp-json\/wp\/v2\/pages"}],"about":[{"href":"https:\/\/startmsg.lt\/lv\/wp-json\/wp\/v2\/types\/page"}],"author":[{"embeddable":true,"href":"https:\/\/startmsg.lt\/lv\/wp-json\/wp\/v2\/users\/1"}],"replies":[{"embeddable":true,"href":"https:\/\/startmsg.lt\/lv\/wp-json\/wp\/v2\/comments?post=1078"}],"version-history":[{"count":7,"href":"https:\/\/startmsg.lt\/lv\/wp-json\/wp\/v2\/pages\/1078\/revisions"}],"predecessor-version":[{"id":2436,"href":"https:\/\/startmsg.lt\/lv\/wp-json\/wp\/v2\/pages\/1078\/revisions\/2436"}],"wp:attachment":[{"href":"https:\/\/startmsg.lt\/lv\/wp-json\/wp\/v2\/media?parent=1078"}],"curies":[{"name":"wp","href":"https:\/\/api.w.org\/{rel}","templated":true}]}}