{"id":1072,"date":"2024-10-12T22:30:05","date_gmt":"2024-10-12T22:30:05","guid":{"rendered":"https:\/\/startmsg.lt\/?page_id=1072"},"modified":"2025-06-01T21:30:13","modified_gmt":"2025-06-01T21:30:13","slug":"bdar","status":"publish","type":"page","link":"https:\/\/startmsg.lt\/lv\/bdar\/","title":{"rendered":"GDPR"},"content":{"rendered":"<div data-elementor-type=\"wp-page\" data-elementor-id=\"1072\" class=\"elementor elementor-1072\" data-elementor-settings=\"{&quot;element_pack_global_tooltip_width&quot;:{&quot;unit&quot;:&quot;px&quot;,&quot;size&quot;:&quot;&quot;,&quot;sizes&quot;:[]},&quot;element_pack_global_tooltip_width_tablet&quot;:{&quot;unit&quot;:&quot;px&quot;,&quot;size&quot;:&quot;&quot;,&quot;sizes&quot;:[]},&quot;element_pack_global_tooltip_width_mobile&quot;:{&quot;unit&quot;:&quot;px&quot;,&quot;size&quot;:&quot;&quot;,&quot;sizes&quot;:[]},&quot;element_pack_global_tooltip_padding&quot;:{&quot;unit&quot;:&quot;px&quot;,&quot;top&quot;:&quot;&quot;,&quot;right&quot;:&quot;&quot;,&quot;bottom&quot;:&quot;&quot;,&quot;left&quot;:&quot;&quot;,&quot;isLinked&quot;:true},&quot;element_pack_global_tooltip_padding_tablet&quot;:{&quot;unit&quot;:&quot;px&quot;,&quot;top&quot;:&quot;&quot;,&quot;right&quot;:&quot;&quot;,&quot;bottom&quot;:&quot;&quot;,&quot;left&quot;:&quot;&quot;,&quot;isLinked&quot;:true},&quot;element_pack_global_tooltip_padding_mobile&quot;:{&quot;unit&quot;:&quot;px&quot;,&quot;top&quot;:&quot;&quot;,&quot;right&quot;:&quot;&quot;,&quot;bottom&quot;:&quot;&quot;,&quot;left&quot;:&quot;&quot;,&quot;isLinked&quot;:true},&quot;element_pack_global_tooltip_border_radius&quot;:{&quot;unit&quot;:&quot;px&quot;,&quot;top&quot;:&quot;&quot;,&quot;right&quot;:&quot;&quot;,&quot;bottom&quot;:&quot;&quot;,&quot;left&quot;:&quot;&quot;,&quot;isLinked&quot;:true},&quot;element_pack_global_tooltip_border_radius_tablet&quot;:{&quot;unit&quot;:&quot;px&quot;,&quot;top&quot;:&quot;&quot;,&quot;right&quot;:&quot;&quot;,&quot;bottom&quot;:&quot;&quot;,&quot;left&quot;:&quot;&quot;,&quot;isLinked&quot;:true},&quot;element_pack_global_tooltip_border_radius_mobile&quot;:{&quot;unit&quot;:&quot;px&quot;,&quot;top&quot;:&quot;&quot;,&quot;right&quot;:&quot;&quot;,&quot;bottom&quot;:&quot;&quot;,&quot;left&quot;:&quot;&quot;,&quot;isLinked&quot;:true}}\">\n\t\t\t\t<div class=\"elementor-element elementor-element-f2aa005 e-flex e-con-boxed e-con e-parent\" data-id=\"f2aa005\" data-element_type=\"container\">\n\t\t\t\t\t<div class=\"e-con-inner\">\n\t\t\t\t<div class=\"elementor-element elementor-element-fd9e34f elementor-widget elementor-widget-spacer\" data-id=\"fd9e34f\" data-element_type=\"widget\" data-widget_type=\"spacer.default\">\n\t\t\t\t<div class=\"elementor-widget-container\">\n\t\t\t\t\t\t\t<div class=\"elementor-spacer\">\n\t\t\t<div class=\"elementor-spacer-inner\"><\/div>\n\t\t<\/div>\n\t\t\t\t\t\t<\/div>\n\t\t\t\t<\/div>\n\t\t\t\t<div class=\"elementor-element elementor-element-879cba3 elementor-widget elementor-widget-text-editor\" data-id=\"879cba3\" data-element_type=\"widget\" data-widget_type=\"text-editor.default\">\n\t\t\t\t<div class=\"elementor-widget-container\">\n\t\t\t\t\t\t\t\t\t<h3>Kas ir VDAR?<\/h3><p>GDPR ir Visp\u0101r\u012bg\u0101 datu aizsardz\u012bbas regula (VDAR). Tas ir jauns ES ieviests ties\u012bbu akts, lai aizsarg\u0101tu lietot\u0101ju personas datus. \u0160is likums aptver vair\u0101kus datu dro\u0161\u012bbas aspektus. \u0160eit m\u0113s sniedzam nor\u0101d\u012bjumus par to, k\u0101 m\u0113s aizsarg\u0101jam j\u016bsu datus, k\u0101di ir m\u016bsu pien\u0101kumi un k\u0101di ir j\u016bsu pien\u0101kumi. M\u0113s iesak\u0101m izlas\u012bt visu m\u016bsu dokument\u0101ciju vai citus rakstus par GDPR, lai izlemtu, vai v\u0113laties izmantot m\u016bsu lietotni. M\u0113s neesam atbild\u012bgi par j\u016bsu vai tre\u0161o personu pie\u013cautiem izlaidumiem vai k\u013c\u016bd\u0101m datu aizsardz\u012bb\u0101. L\u016bdzu, veltiet laiku dokument\u0101cijas izlas\u012b\u0161anai un r\u012bkojieties sapr\u0101t\u012bgi, lai saglab\u0101tu dro\u0161\u012bbu.<\/p><h3>Personas datu defin\u012bcija:<\/h3><p>Jebkuri dati, kas pieder personai, ir t\u0101s personas dati. Tas var b\u016bt personas v\u0101rds, att\u0113ls, e-pasta adrese, fizisk\u0101 adrese, ieraksts soci\u0101lajos t\u012bklos, atra\u0161an\u0101s vieta, datora IP adrese utt. Personas datu \u012bpa\u0161nieks ir vien\u012bg\u0101 juridisk\u0101 puse. Tas noz\u012bm\u0113, ka neatkar\u012bgi no t\u0101, kur un k\u0101 dati tiek glab\u0101ti, tie pieder personai. Datu v\u0101c\u0113js vai lietot\u0101js (piem\u0113ram, Facebook, YouTube) nevar r\u0101d\u012bt, glab\u0101t vai kop\u012bgot personas datus bez lietot\u0101ja tie\u0161as vai netie\u0161as piekri\u0161anas. Ja lietot\u0101js dod at\u013cauju izmantot vi\u0146a datus noteikt\u0101m darb\u012bb\u0101m (datu glab\u0101\u0161anai, apl\u016bko\u0161anai u. c.), lietojumprogrammas administrators var tos izmantot.<\/p><p>Iedom\u0101jieties hipot\u0113tisku situ\u0101ciju: j\u016bs public\u0113jat ierakstu soci\u0101lajos t\u012bklos. \u0160aj\u0101 gad\u012bjum\u0101 j\u016bs netie\u0161i at\u013caujat par\u0101d\u012bt \u0161o zi\u0146u saviem publiskajiem vai priv\u0101tajiem kontaktiem. Programmas administrators nav atbild\u012bgs par aizskaro\u0161iem koment\u0101riem, ko var atst\u0101t j\u016bsu kontakti. Tas noz\u012bm\u0113, ka, ja esat publiskojis savu inform\u0101ciju, par to esat atbild\u012bgs j\u016bs pats. Tom\u0113r programmas administrators ir atbild\u012bgs par jebk\u0101du datu koplieto\u0161anu ar tre\u0161\u0101m person\u0101m. Ja dati tiks kop\u012bgoti, par to ir j\u0101pazi\u0146o iepriek\u0161. T\u0101d\u0113j\u0101di m\u0113s redzam, ka datu aug\u0161upiel\u0101de un att\u0113lo\u0161ana ir atkar\u012bga gan no programmas administratora, gan lietot\u0101ja. S\u012bk\u0101ka inform\u0101cija ir sniegta vis\u0101 dokument\u0101cij\u0101.<\/p><h3>Izstr\u0101d\u0101t\u0101ja atbild\u012bba:<\/h3><p>Par lietot\u0101ja personas datu aizsardz\u012bbu aizmugur\u0113 ir atbild\u012bgs izstr\u0101d\u0101t\u0101js. Izstr\u0101d\u0101t\u0101js ir atbild\u012bgs par to, k\u0101 lietot\u0101ja dati (v\u0101rds, t\u0101lru\u0146a numurs, e-pasts u. c.) un cita inform\u0101cija (piem\u0113ram, lietot\u0101ja mijiedarb\u012bbas ar lietojumprogrammu \u017eurn\u0101li) tiek glab\u0101ti datub\u0101z\u0113 un server\u012b. M\u0113s s\u012bki aprakst\u012bsim, k\u0101 tie\u0161ie dati (v\u0101rds, e-pasts u. c.) un netie\u0161ie dati (p\u0101rl\u016bkprogrammas nosaukums, datora IP u. c.) tiek glab\u0101ti datub\u0101z\u0113 un server\u012b. Kad k\u0101di dati ir aug\u0161upiel\u0101d\u0113ti server\u012b, to dro\u0161\u012bba ir atkar\u012bga no servera dro\u0161\u012bbas un da\u017ek\u0101rt ar\u012b no lietojumprogrammas administratora.<\/p><p>Lietot\u0101js tiks inform\u0113ts par vis\u0101m pagaidu (s\u012bkfaili un sesijas) un past\u0101v\u012bgaj\u0101m (datu b\u0101z\u0113 saglab\u0101tie dati) datu glab\u0101\u0161anas metod\u0113m. Lietot\u0101jam tiks dota iesp\u0113ja dz\u0113st visus savus personas datus p\u0113c konta dz\u0113\u0161anas vai pakalpojuma p\u0101rtrauk\u0161anas. M\u0113s garant\u0113jam, ka neuzglab\u0101jam lietot\u0101ja darb\u012bbu \u017eurn\u0101lus un ka mums nav nek\u0101du slepenu l\u012bdzek\u013cu, ar kuru pal\u012bdz\u012bbu var\u0113tu ieg\u016bt lietot\u0101ja datus. Laiku pa laikam lietojumprogrammas administrators var pie\u0161\u0137irt izstr\u0101d\u0101t\u0101jam piek\u013cuvi cPanel un citiem akredit\u0101cijas datiem, lai \u013cautu izstr\u0101d\u0101t\u0101jam \u012bslaic\u012bgi uztur\u0113t un p\u0101rvald\u012bt lietojumprogrammu pirms t\u0101s palai\u0161anas. M\u0113s stingri iesak\u0101m administratoram main\u012bt \u0161os akredit\u0101cijas datus, kad darbs ir pabeigts. Izstr\u0101d\u0101t\u0101js nav atbild\u012bgs par \u0161o pilnvaru nopl\u016bdi. Izstr\u0101d\u0101t\u0101js nav atbild\u012bgs ar\u012b par jebk\u0101diem net\u012b\u0161iem dro\u0161\u012bbas p\u0101rk\u0101pumiem programm\u0101. Galu gal\u0101 internet\u0101 koplietojamiem datiem vienm\u0113r past\u0101v nopl\u016bdes risks. T\u0101p\u0113c stingri iesak\u0101m nedal\u012bties ar datiem, kas var apdraud\u0113t j\u016bs vai citu personu.<\/p><h3>Programmas administratora pien\u0101kumi:<\/h3><p>Lietojumprogrammas administratoram ir neierobe\u017eota piek\u013cuve lietot\u0101ja personas datiem. Administrators var apskat\u012bt un kop\u0113t datub\u0101z\u0113 un server\u012b saglab\u0101tos datus. Administrators var kop\u012bgot lietot\u0101ja personas datus ar tre\u0161\u0101m person\u0101m. Pirms lietot\u0101ja re\u0123istr\u0101cijas skaidri j\u0101nor\u0101da, k\u0101 tiks izmantoti lietot\u0101ja dati. Administrators nedr\u012bkst \u013caut nevienam v\u0101kt datus atkl\u0101ti vai aizbildinoties ar aptauju vai veidlapu aizpild\u012b\u0161anu. Lietojumprogrammas administratoram ir visliel\u0101k\u0101s privil\u0113\u0123ijas, un t\u0101p\u0113c tam ir visliel\u0101k\u0101 atbild\u012bba par lietot\u0101ju personas datu aizsardz\u012bbu.<\/p><h3>Lietot\u0101ja atbild\u012bba:<\/h3><p>Viss ir atkar\u012bgs no lietot\u0101ja. Ja lietot\u0101js nesniedz datus, tad datu nopl\u016bde nenotiks, ta\u010du tas nav iesp\u0113jams. Tikai lietot\u0101js ir atbild\u012bgs par savu akredit\u0101cijas datu dro\u0161\u012bbu. Paroli un lietot\u0101jv\u0101rdu datub\u0101z\u0113 var \u0161ifr\u0113t, ta\u010du p\u0101r\u0101k paredzama parole var \u013caut hakerim viegli piek\u013c\u016bt lietot\u0101ja kontam. Mainiet savu inform\u0101ciju, ja paman\u0101t aizdom\u012bgas darb\u012bbas vai ja jums ir n\u0101cies dal\u012bties ar cit\u0101m person\u0101m ar savu paroli. Vienm\u0113r padom\u0101jiet, pirms sniedzat savus datus.<\/p><p><strong>M\u016bsu r\u012bc\u012bba saist\u012bb\u0101 ar GDPR:<\/strong><\/p><ol><li><strong>p\u0113c iesp\u0113jas maz\u0101k datu v\u0101k\u0161anas:<\/strong> M\u0113s apkopojam tikai visnepiecie\u0161am\u0101kos datus un paskaidrojam lietot\u0101jam, k\u0101p\u0113c ir nepiecie\u0161ami konkr\u0113ti dati.<\/li><li><strong>HTTPS izmanto\u0161ana:<\/strong> M\u0113s nodro\u0161in\u0101m \u0161ifr\u0113tu sazi\u0146u vis\u0101 lietotn\u0113, lai aizsarg\u0101tu j\u016bsu datus no p\u0101rtver\u0161anas.<\/li><li><strong>Sesijas un s\u012bkfailu t\u012br\u012b\u0161ana:<\/strong> P\u0113c atvieno\u0161an\u0101s m\u0113s dz\u0113\u0161am visas sesijas un s\u012bkfailus.<\/li><li><strong>lietot\u0101ju darb\u012bbas neuzraudz\u012b\u0161ana komerci\u0101los nol\u016bkos:<\/strong> M\u0113s nesekojam lietot\u0101ju darb\u012bb\u0101m, lai sniegtu vi\u0146iem m\u0113r\u0137tiec\u012bgu rekl\u0101mu vai komerci\u0101lus pied\u0101v\u0101jumus.<\/li><li><strong>lietot\u0101ja inform\u0113\u0161ana par datora IP un atra\u0161an\u0101s vietas datu glab\u0101\u0161anu:<\/strong> M\u0113s skaidri inform\u0113jam lietot\u0101jus par visiem \u017eurn\u0101liem, kas tiek saglab\u0101ti saist\u012bb\u0101 ar datora IP vai atra\u0161an\u0101s vietu.<\/li><li><strong>Skaidri noteikumi un nosac\u012bjumi un konfidencialit\u0101tes politika:<\/strong> M\u0113s nodro\u0161in\u0101m p\u0101rredzamus noteikumus par VDAR pras\u012bb\u0101m un datu izmanto\u0161anas nosac\u012bjumiem.<\/li><li><strong>Inform\u0113\u0161ana par tre\u0161o personu iesaist\u012b\u0161anu:<\/strong> Lietot\u0101ji tiks inform\u0113ti par jebk\u0101du vi\u0146u datu koplieto\u0161anu ar tre\u0161\u0101m person\u0101m.<\/li><li><strong>Datu nopl\u016bdes politika:<\/strong> M\u0113s izstr\u0101d\u0101jam skaidrus noteikumus par to, k\u0101 r\u012bkosimies, ja b\u016bs datu nopl\u016bde.<\/li><li><strong>Datu dz\u0113\u0161ana:<\/strong> P\u0113c konta dz\u0113\u0161anas vai pakalpojuma atcel\u0161anas lietot\u0101jiem ir iesp\u0113ja neatgriezeniski dz\u0113st savus datus.<\/li><li><strong>Programmat\u016bras dro\u0161\u012bbas atjaunin\u0101jumi:<\/strong> M\u0113s ievie\u0161am visus nepiecie\u0161amos labojumus, lai programmat\u016bra b\u016btu dro\u0161a pret ievainojam\u012bb\u0101m.<\/li><\/ol><p><strong>Tiek atbalst\u012btas GDPR funkcijas:<\/strong><\/p><ol><li><p><strong>\"Adios, App\" (Ar visu to lab\u0101ko, App):<\/strong> Kad lietot\u0101js atce\u013c abonementu vai dz\u0113\u0161 savu kontu, m\u0113s vi\u0146am dodam iesp\u0113ju dz\u0113st visus ar kontu saist\u012btos datus. \u0160\u012b darb\u012bba ir neatgriezeniska - ja dati tiek dz\u0113sti, tie tiek neatgriezeniski dz\u0113sti gan no datub\u0101zes, gan servera. Ja lietot\u0101js pl\u0101no atgriezties, pirms dz\u0113\u0161anas vi\u0146\u0161 var izveidot rezerves kopiju.<\/p><\/li><li><p><strong>Nosl\u0113pums ir manas ties\u012bbas:<\/strong> M\u0113s \u0161ifr\u0113jam liel\u0101ko da\u013cu j\u016bsu personas datu, kas glab\u0101jas datub\u0101z\u0113. Ja notiktu datu nopl\u016bde, hakeris ieg\u016btu tikai \u0161ifr\u0113tos datus, nevis j\u016bsu personisko inform\u0101ciju atkl\u0101t\u0101 veid\u0101. Da\u017eus datus nevar \u0161ifr\u0113t (piem\u0113ram, lietot\u0101jv\u0101rdu), jo tie ir j\u0101nor\u0101da, kad piesak\u0101ties sav\u0101 kont\u0101. Tom\u0113r m\u0113s mask\u0113jam p\u0113c iesp\u0113jas vair\u0101k personisk\u0101s inform\u0101cijas.<\/p><\/li><li><p><strong>Bez s\u012bkfailiem un sesijas glab\u0101\u0161anas:<\/strong> M\u0113s pied\u0101v\u0101jam jums iesp\u0113ju izv\u0113l\u0113ties, vai v\u0113laties saglab\u0101t s\u012bkfailus un sesijas. Pat ja izv\u0113laties tos saglab\u0101t, s\u012bkfaili un sesijas tiks dz\u0113sti p\u0113c izie\u0161anas no sist\u0113mas. M\u0113s stingri iesak\u0101m nesaglab\u0101t pieteik\u0161an\u0101s datus sav\u0101 p\u0101rl\u016bkprogramm\u0101. Lab\u0101k ir atcer\u0113ties savu paroli vai paroles p\u0101rvald\u012bbai izmantot t\u0101dus r\u012bkus k\u0101 LastPass.<\/p><\/li><li><p><strong>Izn\u012bcin\u0101t p\u0113das:<\/strong> M\u0113s neuzraug\u0101m un neizsekojam j\u016bsu darb\u012bbas komerci\u0101los nol\u016bkos. M\u0113s varam saglab\u0101t tikai j\u016bsu pieteik\u0161an\u0101s laiku vai IP adresi, bet tikai dro\u0161\u012bbas nol\u016bkos. Kad dz\u0113s\u012bsiet savu kontu, visi j\u016bsu dati tiks piln\u012bb\u0101 dz\u0113sti no servera.<\/p><\/li><li><p><strong>Soci\u0101l\u0101 in\u017eenierija ir slikta:<\/strong> M\u0113s neveicam nek\u0101das j\u016bsu personisk\u0101s darb\u012bbas Lietotn\u0113. Ierakst\u012b\u0161ana, analiz\u0113\u0161ana un m\u0113\u0123in\u0101jumi p\u0101rdot produktu vai motiv\u0113t lietot\u0101ju, pamatojoties uz \u0161iem datiem, ir ne\u0113tiska prakse. M\u0113s to nedar\u0101m.<\/p><\/li><li><p><strong>Dodiet man zin\u0101t:<\/strong> Sa\u0146emiet pazi\u0146ojumus par vis\u0101m ar kontu saist\u012btaj\u0101m darb\u012bb\u0101m (konta izveide, paroles mai\u0146a) pa e-pastu. Ja paman\u0101t neparastas darb\u012bbas, iesak\u0101m main\u012bt akredit\u0101cijas datus.<\/p><\/li><li><p><strong>Pazi\u0146o\u0161ana par politikas atjaunin\u0101jumiem:<\/strong> Jums tiks pazi\u0146ots par jebk\u0101diem konfidencialit\u0101tes politikas vai atrunas atteikuma atjaunin\u0101jumiem. L\u016bdzu, izlasiet e-pastus par \u0161o jaut\u0101jumu un izlemiet, k\u0101 r\u012bkoties. L\u016bdzu, nekautr\u0113jieties sazin\u0101ties ar mums par \u0161iem jaut\u0101jumiem.<\/p><\/li><li><p><strong>Pievienojieties bez probl\u0113m\u0101m:<\/strong> M\u0113s visur esam ieviesu\u0161i HTTPS, t\u0101p\u0113c datu p\u0101rtver\u0161ana nav iesp\u0113jama. Pat ja k\u0101dam tas izdotos, hakeris ieg\u016btu tikai \u0161ifr\u0113tus datus. T\u0101p\u0113c varat dro\u0161i izmantot m\u016bsu lietotni.<\/p><\/li><li><p><strong>M\u0113s neuzglab\u0101jam lietot\u0101ja datus:<\/strong> M\u0113s neglab\u0101jam nek\u0101dus lietot\u0101ja datus. Nav nek\u0101du sl\u0113pto iesp\u0113ju, kas v\u0101c datus. Kad lietojumprogramma ir aug\u0161upiel\u0101d\u0113ta server\u012b, mums nav piek\u013cuves tai bez administratora paroles. T\u0101p\u0113c neuztraucieties par sl\u0113pto datu nopl\u016bdi.<\/p><\/li><li><p><strong>Datu nopl\u016bdes politika:<\/strong> M\u0113s esam ieviesu\u0161i visus dro\u0161\u012bbas pas\u0101kumus, lai aizsarg\u0101tu j\u016bsu datus datu b\u0101z\u0113 (datu \u0161ifr\u0113\u0161ana, MySQL, SQL injekciju nov\u0113r\u0161ana, ievades valid\u0101cija u. c.). V\u0101jas vai p\u0101r\u0101k paredzamas paroles var apdraud\u0113t j\u016bsu datu dro\u0161\u012bbu, t\u0101p\u0113c par to atbildat j\u016bs.<\/p><\/li><\/ol><p><strong>Vai masveida zi\u0146ojumu s\u016bt\u012b\u0161ana Facebook lietot\u0101jiem, izmantojot m\u016bsu sist\u0113mu, atbilst GDPR?<\/strong><\/p><p>J\u0101, masveida pazi\u0146ojumu nos\u016bt\u012b\u0161ana, izmantojot m\u016bsu sist\u0113mu, atbilst GDPR. T\u0101 k\u0101 cilv\u0113ki OPT-IN (br\u012bvpr\u0101t\u012bgi uzs\u0101k sarunu) m\u016bsu Facebook lap\u0101, m\u0113s to varam pier\u0101d\u012bt. Vi\u0146i k\u013c\u016bst par m\u016bsu kontaktperson\u0101m likum\u012bg\u0101 veid\u0101. Vis\u0101s nos\u016bt\u012btaj\u0101s zi\u0146\u0101s j\u0101b\u016bt atteik\u0161an\u0101s saitei (\u0161\u012b funkcija jau ir ieviesta) vai k\u0101dam citam veidam, kas \u013cautu cilv\u0113kiem jebkur\u0101 br\u012bd\u012b atteikties.<\/p>\t\t\t\t\t\t\t\t<\/div>\n\t\t\t\t<\/div>\n\t\t\t\t\t<\/div>\n\t\t\t\t<\/div>\n\t\t\t\t<\/div>","protected":false},"excerpt":{"rendered":"<p>Kas yra BDAR? BDAR \u2013 tai Bendrasis duomen\u0173 apsaugos reglamentas (angl. General Data Protection Regulation). Naujas ES \u012fvestas \u012fstatymas, skirtas apsaugoti naudotoj\u0173 [&hellip;]<\/p>","protected":false},"author":1,"featured_media":0,"parent":0,"menu_order":0,"comment_status":"closed","ping_status":"closed","template":"","meta":{"footnotes":""},"class_list":["post-1072","page","type-page","status-publish","hentry"],"yoast_head":"<!-- This site is optimized with the Yoast SEO Premium plugin v23.8 (Yoast SEO v26.4) - https:\/\/yoast.com\/wordpress\/plugins\/seo\/ -->\n<title>BDAR - startmsg.lt<\/title>\n<meta name=\"robots\" content=\"index, follow, max-snippet:-1, max-image-preview:large, max-video-preview:-1\" \/>\n<link rel=\"canonical\" href=\"https:\/\/startmsg.lt\/lv\/bdar\/\" \/>\n<meta property=\"og:locale\" content=\"lv_LV\" \/>\n<meta property=\"og:type\" content=\"article\" \/>\n<meta property=\"og:title\" content=\"BDAR\" \/>\n<meta property=\"og:description\" content=\"Kas yra BDAR? BDAR \u2013 tai Bendrasis duomen\u0173 apsaugos reglamentas (angl. General Data Protection Regulation). Naujas ES \u012fvestas \u012fstatymas, skirtas apsaugoti naudotoj\u0173 [&hellip;]\" \/>\n<meta property=\"og:url\" content=\"https:\/\/startmsg.lt\/lv\/bdar\/\" \/>\n<meta property=\"og:site_name\" content=\"startmsg.lt\" \/>\n<meta property=\"article:publisher\" content=\"https:\/\/facebook.com\/chatbotas\" \/>\n<meta property=\"article:modified_time\" content=\"2025-06-01T21:30:13+00:00\" \/>\n<meta name=\"twitter:card\" content=\"summary_large_image\" \/>\n<meta name=\"twitter:label1\" content=\"Est. reading time\" \/>\n\t<meta name=\"twitter:data1\" content=\"7 min\u016btes\" \/>\n<script type=\"application\/ld+json\" class=\"yoast-schema-graph\">{\"@context\":\"https:\/\/schema.org\",\"@graph\":[{\"@type\":\"WebPage\",\"@id\":\"https:\/\/startmsg.lt\/bdar\/\",\"url\":\"https:\/\/startmsg.lt\/bdar\/\",\"name\":\"BDAR - startmsg.lt\",\"isPartOf\":{\"@id\":\"https:\/\/startmsg.lt\/#website\"},\"datePublished\":\"2024-10-12T22:30:05+00:00\",\"dateModified\":\"2025-06-01T21:30:13+00:00\",\"breadcrumb\":{\"@id\":\"https:\/\/startmsg.lt\/bdar\/#breadcrumb\"},\"inLanguage\":\"lv-LV\",\"potentialAction\":[{\"@type\":\"ReadAction\",\"target\":[\"https:\/\/startmsg.lt\/bdar\/\"]}]},{\"@type\":\"BreadcrumbList\",\"@id\":\"https:\/\/startmsg.lt\/bdar\/#breadcrumb\",\"itemListElement\":[{\"@type\":\"ListItem\",\"position\":1,\"name\":\"Home\",\"item\":\"https:\/\/startmsg.lt\/\"},{\"@type\":\"ListItem\",\"position\":2,\"name\":\"BDAR\"}]},{\"@type\":\"WebSite\",\"@id\":\"https:\/\/startmsg.lt\/#website\",\"url\":\"https:\/\/startmsg.lt\/\",\"name\":\"startmsg.lt\",\"description\":\"\",\"publisher\":{\"@id\":\"https:\/\/startmsg.lt\/#organization\"},\"potentialAction\":[{\"@type\":\"SearchAction\",\"target\":{\"@type\":\"EntryPoint\",\"urlTemplate\":\"https:\/\/startmsg.lt\/?s={search_term_string}\"},\"query-input\":{\"@type\":\"PropertyValueSpecification\",\"valueRequired\":true,\"valueName\":\"search_term_string\"}}],\"inLanguage\":\"lv-LV\"},{\"@type\":\"Organization\",\"@id\":\"https:\/\/startmsg.lt\/#organization\",\"name\":\"startmsg.lt\",\"url\":\"https:\/\/startmsg.lt\/\",\"logo\":{\"@type\":\"ImageObject\",\"inLanguage\":\"lv-LV\",\"@id\":\"https:\/\/startmsg.lt\/#\/schema\/logo\/image\/\",\"url\":\"https:\/\/startmsg.lt\/wp-content\/uploads\/2024\/01\/favicon.png\",\"contentUrl\":\"https:\/\/startmsg.lt\/wp-content\/uploads\/2024\/01\/favicon.png\",\"width\":196,\"height\":196,\"caption\":\"startmsg.lt\"},\"image\":{\"@id\":\"https:\/\/startmsg.lt\/#\/schema\/logo\/image\/\"},\"sameAs\":[\"https:\/\/facebook.com\/chatbotas\",\"https:\/\/www.instagram.com\/chatbotas\"]}]}<\/script>\n<!-- \/ Yoast SEO Premium plugin. -->","yoast_head_json":{"title":"GDPR - startmsg.lt","robots":{"index":"index","follow":"follow","max-snippet":"max-snippet:-1","max-image-preview":"max-image-preview:large","max-video-preview":"max-video-preview:-1"},"canonical":"https:\/\/startmsg.lt\/lv\/bdar\/","og_locale":"lv_LV","og_type":"article","og_title":"BDAR","og_description":"Kas yra BDAR? BDAR \u2013 tai Bendrasis duomen\u0173 apsaugos reglamentas (angl. General Data Protection Regulation). Naujas ES \u012fvestas \u012fstatymas, skirtas apsaugoti naudotoj\u0173 [&hellip;]","og_url":"https:\/\/startmsg.lt\/lv\/bdar\/","og_site_name":"startmsg.lt","article_publisher":"https:\/\/facebook.com\/chatbotas","article_modified_time":"2025-06-01T21:30:13+00:00","twitter_card":"summary_large_image","twitter_misc":{"Est. reading time":"7 min\u016btes"},"schema":{"@context":"https:\/\/schema.org","@graph":[{"@type":"WebPage","@id":"https:\/\/startmsg.lt\/bdar\/","url":"https:\/\/startmsg.lt\/bdar\/","name":"GDPR - startmsg.lt","isPartOf":{"@id":"https:\/\/startmsg.lt\/#website"},"datePublished":"2024-10-12T22:30:05+00:00","dateModified":"2025-06-01T21:30:13+00:00","breadcrumb":{"@id":"https:\/\/startmsg.lt\/bdar\/#breadcrumb"},"inLanguage":"lv-LV","potentialAction":[{"@type":"ReadAction","target":["https:\/\/startmsg.lt\/bdar\/"]}]},{"@type":"BreadcrumbList","@id":"https:\/\/startmsg.lt\/bdar\/#breadcrumb","itemListElement":[{"@type":"ListItem","position":1,"name":"Home","item":"https:\/\/startmsg.lt\/"},{"@type":"ListItem","position":2,"name":"BDAR"}]},{"@type":"WebSite","@id":"https:\/\/startmsg.lt\/#website","url":"https:\/\/startmsg.lt\/","name":"startmsg.lt","description":"","publisher":{"@id":"https:\/\/startmsg.lt\/#organization"},"potentialAction":[{"@type":"SearchAction","target":{"@type":"EntryPoint","urlTemplate":"https:\/\/startmsg.lt\/?s={search_term_string}"},"query-input":{"@type":"PropertyValueSpecification","valueRequired":true,"valueName":"search_term_string"}}],"inLanguage":"lv-LV"},{"@type":"Organization","@id":"https:\/\/startmsg.lt\/#organization","name":"startmsg.lt","url":"https:\/\/startmsg.lt\/","logo":{"@type":"ImageObject","inLanguage":"lv-LV","@id":"https:\/\/startmsg.lt\/#\/schema\/logo\/image\/","url":"https:\/\/startmsg.lt\/wp-content\/uploads\/2024\/01\/favicon.png","contentUrl":"https:\/\/startmsg.lt\/wp-content\/uploads\/2024\/01\/favicon.png","width":196,"height":196,"caption":"startmsg.lt"},"image":{"@id":"https:\/\/startmsg.lt\/#\/schema\/logo\/image\/"},"sameAs":["https:\/\/facebook.com\/chatbotas","https:\/\/www.instagram.com\/chatbotas"]}]}},"_links":{"self":[{"href":"https:\/\/startmsg.lt\/lv\/wp-json\/wp\/v2\/pages\/1072","targetHints":{"allow":["GET"]}}],"collection":[{"href":"https:\/\/startmsg.lt\/lv\/wp-json\/wp\/v2\/pages"}],"about":[{"href":"https:\/\/startmsg.lt\/lv\/wp-json\/wp\/v2\/types\/page"}],"author":[{"embeddable":true,"href":"https:\/\/startmsg.lt\/lv\/wp-json\/wp\/v2\/users\/1"}],"replies":[{"embeddable":true,"href":"https:\/\/startmsg.lt\/lv\/wp-json\/wp\/v2\/comments?post=1072"}],"version-history":[{"count":8,"href":"https:\/\/startmsg.lt\/lv\/wp-json\/wp\/v2\/pages\/1072\/revisions"}],"predecessor-version":[{"id":2430,"href":"https:\/\/startmsg.lt\/lv\/wp-json\/wp\/v2\/pages\/1072\/revisions\/2430"}],"wp:attachment":[{"href":"https:\/\/startmsg.lt\/lv\/wp-json\/wp\/v2\/media?parent=1072"}],"curies":[{"name":"wp","href":"https:\/\/api.w.org\/{rel}","templated":true}]}}