{"id":3,"date":"2024-01-30T13:41:47","date_gmt":"2024-01-30T13:41:47","guid":{"rendered":"http:\/\/startmsg.lt\/?page_id=3"},"modified":"2025-06-01T21:30:42","modified_gmt":"2025-06-01T21:30:42","slug":"politica-sulla-privacy","status":"publish","type":"page","link":"https:\/\/startmsg.lt\/it\/politica-sulla-privacy\/","title":{"rendered":"Informativa sulla privacy"},"content":{"rendered":"<div data-elementor-type=\"wp-page\" data-elementor-id=\"3\" class=\"elementor elementor-3\" data-elementor-settings=\"{&quot;element_pack_global_tooltip_width&quot;:{&quot;unit&quot;:&quot;px&quot;,&quot;size&quot;:&quot;&quot;,&quot;sizes&quot;:[]},&quot;element_pack_global_tooltip_width_tablet&quot;:{&quot;unit&quot;:&quot;px&quot;,&quot;size&quot;:&quot;&quot;,&quot;sizes&quot;:[]},&quot;element_pack_global_tooltip_width_mobile&quot;:{&quot;unit&quot;:&quot;px&quot;,&quot;size&quot;:&quot;&quot;,&quot;sizes&quot;:[]},&quot;element_pack_global_tooltip_padding&quot;:{&quot;unit&quot;:&quot;px&quot;,&quot;top&quot;:&quot;&quot;,&quot;right&quot;:&quot;&quot;,&quot;bottom&quot;:&quot;&quot;,&quot;left&quot;:&quot;&quot;,&quot;isLinked&quot;:true},&quot;element_pack_global_tooltip_padding_tablet&quot;:{&quot;unit&quot;:&quot;px&quot;,&quot;top&quot;:&quot;&quot;,&quot;right&quot;:&quot;&quot;,&quot;bottom&quot;:&quot;&quot;,&quot;left&quot;:&quot;&quot;,&quot;isLinked&quot;:true},&quot;element_pack_global_tooltip_padding_mobile&quot;:{&quot;unit&quot;:&quot;px&quot;,&quot;top&quot;:&quot;&quot;,&quot;right&quot;:&quot;&quot;,&quot;bottom&quot;:&quot;&quot;,&quot;left&quot;:&quot;&quot;,&quot;isLinked&quot;:true},&quot;element_pack_global_tooltip_border_radius&quot;:{&quot;unit&quot;:&quot;px&quot;,&quot;top&quot;:&quot;&quot;,&quot;right&quot;:&quot;&quot;,&quot;bottom&quot;:&quot;&quot;,&quot;left&quot;:&quot;&quot;,&quot;isLinked&quot;:true},&quot;element_pack_global_tooltip_border_radius_tablet&quot;:{&quot;unit&quot;:&quot;px&quot;,&quot;top&quot;:&quot;&quot;,&quot;right&quot;:&quot;&quot;,&quot;bottom&quot;:&quot;&quot;,&quot;left&quot;:&quot;&quot;,&quot;isLinked&quot;:true},&quot;element_pack_global_tooltip_border_radius_mobile&quot;:{&quot;unit&quot;:&quot;px&quot;,&quot;top&quot;:&quot;&quot;,&quot;right&quot;:&quot;&quot;,&quot;bottom&quot;:&quot;&quot;,&quot;left&quot;:&quot;&quot;,&quot;isLinked&quot;:true}}\">\n\t\t\t\t<div class=\"elementor-element elementor-element-0623705 e-flex e-con-boxed e-con e-parent\" data-id=\"0623705\" data-element_type=\"container\">\n\t\t\t\t\t<div class=\"e-con-inner\">\n\t\t\t\t<div class=\"elementor-element elementor-element-ba1afd1 elementor-widget elementor-widget-spacer\" data-id=\"ba1afd1\" data-element_type=\"widget\" data-widget_type=\"spacer.default\">\n\t\t\t\t<div class=\"elementor-widget-container\">\n\t\t\t\t\t\t\t<div class=\"elementor-spacer\">\n\t\t\t<div class=\"elementor-spacer-inner\"><\/div>\n\t\t<\/div>\n\t\t\t\t\t\t<\/div>\n\t\t\t\t<\/div>\n\t\t\t\t\t<\/div>\n\t\t\t\t<\/div>\n\t\t<div class=\"elementor-element elementor-element-5cea823 e-flex e-con-boxed e-con e-parent\" data-id=\"5cea823\" data-element_type=\"container\">\n\t\t\t\t\t<div class=\"e-con-inner\">\n\t\t\t\t<div class=\"elementor-element elementor-element-ef52721 elementor-widget elementor-widget-text-editor\" data-id=\"ef52721\" data-element_type=\"widget\" data-widget_type=\"text-editor.default\">\n\t\t\t\t<div class=\"elementor-widget-container\">\n\t\t\t\t\t\t\t\t\t<div class=\"term\"><div class=\"term__title\"><h3>Introduzione<\/h3><\/div><p>\u00a0<\/p><p><strong>Benvenuti a <a href=\"https:\/\/startmsg.com\" target=\"_new\" rel=\"noopener\">https:\/\/startmsg.com<\/a> \/<a href=\"https:\/\/startmsg.lt\/it\/\" target=\"_new\" rel=\"noopener\"> https:\/\/startmsg.lt<\/a> (Sito web).<\/strong> Siamo consapevoli che la privacy online \u00e8 importante per gli utenti del nostro Sito, soprattutto nel corso della conduzione degli affari. La presente Informativa sulla privacy disciplina le nostre pratiche in materia di privacy per gli utenti del Sito (Visitatori) che lo visitano senza svolgere attivit\u00e0 commerciali e per i Visitatori che si registrano per svolgere attivit\u00e0 commerciali sul Sito e per utilizzare i vari servizi offerti da questa applicazione (collettivamente, i \"Servizi\") (Clienti autorizzati).<\/p><h3>Informazioni di identificazione personale<\/h3><p>Per informazioni di identificazione personale si intendono tutte le informazioni che identificano o possono essere utilizzate per identificare, contattare o localizzare la persona a cui appartengono, tra cui, a titolo esemplificativo, nome, indirizzo, numero di telefono, numero di fax, indirizzo e-mail, dati finanziari, numero di previdenza sociale e informazioni sulla carta di credito. Le informazioni di identificazione personale non comprendono le informazioni raccolte in forma anonima (cio\u00e8 senza identificare l'utente) o le informazioni demografiche non collegate a un individuo identificato.<\/p><h3>Quali dati di identificazione personale raccogliamo?<\/h3><p>Possiamo raccogliere informazioni di base sul profilo dell'utente da tutti i nostri visitatori. Inoltre, raccogliamo le seguenti informazioni aggiuntive dai Clienti autorizzati: nomi, indirizzi, numeri di telefono e indirizzi e-mail, natura e dimensioni dell'attivit\u00e0 e natura e dimensioni dell'inventario pubblicitario che il Cliente autorizzato intende acquistare o vendere.<\/p><h3>Quali organizzazioni raccolgono le informazioni?<\/h3><p>Oltre alla nostra raccolta diretta di informazioni, i nostri fornitori di servizi terzi (come societ\u00e0 di carte di credito, centri di pagamento e banche) che forniscono servizi di credito, assicurazione e deposito possono raccogliere queste informazioni dai nostri Visitatori e Clienti autorizzati. Non controlliamo il modo in cui queste terze parti utilizzano tali informazioni, ma chiediamo loro di divulgare il modo in cui utilizzano le informazioni personali che ricevono dai Visitatori e dai Clienti autorizzati.<\/p><h3>In che modo il Sito utilizza le informazioni di identificazione personale?<\/h3><p>Utilizziamo le informazioni di identificazione personale per personalizzare il Sito, offrire servizi pertinenti e soddisfare le richieste di acquisto e di vendita. Possiamo inviare e-mail ai Visitatori e ai Clienti autorizzati in merito a richieste, opportunit\u00e0 di acquisto e vendita o informazioni relative all'argomento del Sito. Possiamo anche utilizzare le informazioni di identificazione personale per rispondere a richieste specifiche o per fornire le informazioni richieste.<\/p><h3>Con chi possono essere condivise le informazioni?<\/h3><p>Le informazioni di identificazione personale sui Clienti autorizzati possono essere condivise con altri Clienti autorizzati che desiderano valutare potenziali opportunit\u00e0 di transazione. Possiamo condividere informazioni aggregate sui nostri Visitatori, comprese le informazioni demografiche sui nostri Visitatori e Clienti autorizzati, con le nostre agenzie affiliate e con fornitori terzi. Vi offriamo inoltre la possibilit\u00e0 di \"rinunciare\" a ricevere informazioni o a essere contattati da noi o da qualsiasi agenzia che agisca per nostro conto.<\/p><h3>Come vengono conservate le informazioni di identificazione personale?<\/h3><p>Le informazioni di identificazione personale raccolte sono conservate in modo sicuro e non sono rese disponibili a terzi o ai nostri dipendenti, tranne quando vengono utilizzate per gli scopi sopra indicati.<\/p><h3>Quali scelte hanno i Visitatori in merito alla raccolta, all'uso e alla distribuzione delle informazioni?<\/h3><p>I visitatori e i clienti autorizzati possono scegliere di non ricevere informazioni non richieste da noi e\/o dai nostri fornitori e agenzie affiliate rispondendo alle e-mail secondo le istruzioni fornite o contattandoci.<\/p><h3>I cookie sono utilizzati sul sito web?<\/h3><p>S\u00ec, i cookie vengono utilizzati per vari motivi. Utilizziamo i cookie per ottenere informazioni sulle preferenze e sulle scelte di servizio dei nostri visitatori. Utilizziamo i cookie anche a fini di sicurezza per proteggere i Clienti autorizzati.<\/p><h3>In che modo l'App utilizza le informazioni di login?<\/h3><p>L'App utilizza le informazioni di accesso, tra cui, a titolo esemplificativo, gli indirizzi IP, i provider di servizi Internet (ISP) e i tipi di browser, per analizzare le tendenze, amministrare il Sito, tracciare i movimenti e l'utilizzo del Sito da parte degli utenti e raccogliere ampie informazioni demografiche.<\/p><h3>In che modo il Sito Web memorizza le informazioni di identificazione personale?<\/h3><p>Tutti i nostri dipendenti sono a conoscenza delle nostre politiche e procedure di sicurezza. Le informazioni di identificazione personale dei visitatori e dei clienti autorizzati sono accessibili solo a un numero limitato di dipendenti qualificati che dispongono di password per accedere alle informazioni.<\/p><h3>Quali partner o fornitori di servizi hanno accesso alle informazioni di identificazione personale dei visitatori e\/o dei clienti autorizzati sul sito web?<\/h3><p>L'App ha stipulato e continuer\u00e0 a stipulare partnership e altri accordi di cooperazione con vari fornitori. Tali fornitori possono avere accesso a determinate informazioni di identificazione personale su base \"need to know\" allo scopo di valutare l'idoneit\u00e0 dei Clienti autorizzati ai servizi. La nostra Politica sulla privacy non copre la raccolta o l'utilizzo di informazioni da parte di questi fornitori. Divulgazione di informazioni di identificazione personale per ottemperare alla legge: divulgheremo informazioni di identificazione personale per ottemperare a un ordine del tribunale o a una citazione in giudizio, o alla richiesta di informazioni da parte di un'agenzia di polizia. Inoltre, divulgheremo le informazioni di identificazione personale quando ci\u00f2 sia ragionevolmente necessario per proteggere la sicurezza dei nostri visitatori e clienti autorizzati.<\/p><h3>In che modo il Sito Web memorizza le informazioni di identificazione personale?<\/h3><p>Tutti i nostri dipendenti sono a conoscenza delle nostre politiche e procedure di sicurezza. Le informazioni di identificazione personale dei visitatori e dei clienti autorizzati sono accessibili solo a un numero limitato di dipendenti qualificati che dispongono di password per accedere alle informazioni. Rivediamo regolarmente i nostri sistemi e processi di sicurezza. Le informazioni sensibili, come i numeri delle carte di credito o i numeri di previdenza sociale, sono protette da protocolli di crittografia per proteggere le informazioni inviate su Internet. Sebbene adottiamo misure ragionevoli dal punto di vista commerciale per garantire un sito web sicuro, le comunicazioni elettroniche e i database sono vulnerabili a errori, hacking e altri incidenti; non possiamo garantire che tali eventi non si verifichino e non ci assumiamo alcuna responsabilit\u00e0 per tali eventi nei confronti dei Visitatori o dei Clienti autorizzati.<\/p><h3>Come possono i Visitatori correggere le inesattezze nelle informazioni di identificazione personale?<\/h3><p>I visitatori e i clienti autorizzati possono contattarci per aggiornare o correggere le informazioni di identificazione personale che li riguardano inviandoci un'e-mail: <a rel=\"noopener\">support@startmsg.com<\/a>.<\/p><h3>Un Visitatore pu\u00f2 cancellare o disattivare le informazioni di identificazione personale raccolte sul Sito?<\/h3><p>Forniamo ai Visitatori e ai Clienti autorizzati un meccanismo per cancellare\/disattivare le informazioni di identificazione personale dal database del Sito contattandoci. Tuttavia, a causa di backup e cancellazioni, potrebbe non essere possibile cancellare completamente il record di un Visitatore senza che rimangano alcune informazioni. Chi richiede la disattivazione di informazioni di identificazione personale vedr\u00e0 tali informazioni cancellate in modo funzionale e noi non venderemo, trasferiremo o utilizzeremo tali informazioni in alcun modo in futuro.<\/p><h3>Cosa succede se l'informativa sulla privacy cambia?<\/h3><p>Comunicheremo ai nostri Visitatori e Clienti autorizzati le modifiche alla nostra politica sulla privacy pubblicando tali modifiche sul Sito. Tuttavia, se modifichiamo la nostra politica sulla privacy in un modo che potrebbe comportare la divulgazione di informazioni di identificazione personale che un Visitatore o un Cliente autorizzato ha precedentemente richiesto di non divulgare, contatteremo tale Visitatore o Cliente autorizzato per consentirgli di impedire tale divulgazione.<\/p><h3>Riferimenti:<\/h3><p><a href=\"https:\/\/startmsg.com\" target=\"_new\" rel=\"noopener\">Startmsg.com<\/a> \/ <a href=\"https:\/\/startmsg.lt\/it\/\">Startmsg.lt<\/a> pu\u00f2 contenere collegamenti ad altri siti web. Se cliccate su uno di questi link, verrete portati su un altro sito web. Vi invitiamo a prendere visione delle politiche sulla privacy di tali siti, poich\u00e9 potrebbero differire dalle nostre.<\/p><\/div>\t\t\t\t\t\t\t\t<\/div>\n\t\t\t\t<\/div>\n\t\t\t\t\t<\/div>\n\t\t\t\t<\/div>\n\t\t\t\t<\/div>","protected":false},"excerpt":{"rendered":"<p>\u012evadas \u00a0 Sveiki atvyk\u0119 \u012f https:\/\/startmsg.com \/ https:\/\/startmsg.lt (Svetain\u0117). Mes suprantame, kad privatumas internete yra svarbus m\u016bs\u0173 Svetain\u0117s naudotojams, ypa\u010d vykdant verslo [&hellip;]<\/p>","protected":false},"author":1,"featured_media":0,"parent":0,"menu_order":0,"comment_status":"closed","ping_status":"open","template":"","meta":{"footnotes":""},"class_list":["post-3","page","type-page","status-publish","hentry"],"yoast_head":"<!-- This site is optimized with the Yoast SEO Premium plugin v23.8 (Yoast SEO v26.4) - https:\/\/yoast.com\/wordpress\/plugins\/seo\/ -->\n<title>Privatumo politika - startmsg.lt<\/title>\n<meta name=\"robots\" content=\"index, nofollow, max-snippet:-1, max-image-preview:large, max-video-preview:-1\" \/>\n<link rel=\"canonical\" href=\"https:\/\/startmsg.lt\/it\/politica-sulla-privacy\/\" \/>\n<meta property=\"og:locale\" content=\"it_IT\" \/>\n<meta property=\"og:type\" content=\"article\" \/>\n<meta property=\"og:title\" content=\"Privatumo politika\" \/>\n<meta property=\"og:description\" content=\"\u012evadas \u00a0 Sveiki atvyk\u0119 \u012f https:\/\/startmsg.com \/ https:\/\/startmsg.lt (Svetain\u0117). Mes suprantame, kad privatumas internete yra svarbus m\u016bs\u0173 Svetain\u0117s naudotojams, ypa\u010d vykdant verslo [&hellip;]\" \/>\n<meta property=\"og:url\" content=\"https:\/\/startmsg.lt\/it\/politica-sulla-privacy\/\" \/>\n<meta property=\"og:site_name\" content=\"startmsg.lt\" \/>\n<meta property=\"article:publisher\" content=\"https:\/\/facebook.com\/chatbotas\" \/>\n<meta property=\"article:modified_time\" content=\"2025-06-01T21:30:42+00:00\" \/>\n<meta name=\"twitter:card\" content=\"summary_large_image\" \/>\n<meta name=\"twitter:label1\" content=\"Tempo di lettura stimato\" \/>\n\t<meta name=\"twitter:data1\" content=\"6 minuti\" \/>\n<script type=\"application\/ld+json\" class=\"yoast-schema-graph\">{\"@context\":\"https:\/\/schema.org\",\"@graph\":[{\"@type\":\"WebPage\",\"@id\":\"https:\/\/startmsg.lt\/privatumo-politika\/\",\"url\":\"https:\/\/startmsg.lt\/privatumo-politika\/\",\"name\":\"Privatumo politika - startmsg.lt\",\"isPartOf\":{\"@id\":\"https:\/\/startmsg.lt\/#website\"},\"datePublished\":\"2024-01-30T13:41:47+00:00\",\"dateModified\":\"2025-06-01T21:30:42+00:00\",\"breadcrumb\":{\"@id\":\"https:\/\/startmsg.lt\/privatumo-politika\/#breadcrumb\"},\"inLanguage\":\"it-IT\",\"potentialAction\":[{\"@type\":\"ReadAction\",\"target\":[\"https:\/\/startmsg.lt\/privatumo-politika\/\"]}]},{\"@type\":\"BreadcrumbList\",\"@id\":\"https:\/\/startmsg.lt\/privatumo-politika\/#breadcrumb\",\"itemListElement\":[{\"@type\":\"ListItem\",\"position\":1,\"name\":\"Home\",\"item\":\"https:\/\/startmsg.lt\/\"},{\"@type\":\"ListItem\",\"position\":2,\"name\":\"Privatumo politika\"}]},{\"@type\":\"WebSite\",\"@id\":\"https:\/\/startmsg.lt\/#website\",\"url\":\"https:\/\/startmsg.lt\/\",\"name\":\"startmsg.lt\",\"description\":\"\",\"publisher\":{\"@id\":\"https:\/\/startmsg.lt\/#organization\"},\"potentialAction\":[{\"@type\":\"SearchAction\",\"target\":{\"@type\":\"EntryPoint\",\"urlTemplate\":\"https:\/\/startmsg.lt\/?s={search_term_string}\"},\"query-input\":{\"@type\":\"PropertyValueSpecification\",\"valueRequired\":true,\"valueName\":\"search_term_string\"}}],\"inLanguage\":\"it-IT\"},{\"@type\":\"Organization\",\"@id\":\"https:\/\/startmsg.lt\/#organization\",\"name\":\"startmsg.lt\",\"url\":\"https:\/\/startmsg.lt\/\",\"logo\":{\"@type\":\"ImageObject\",\"inLanguage\":\"it-IT\",\"@id\":\"https:\/\/startmsg.lt\/#\/schema\/logo\/image\/\",\"url\":\"https:\/\/startmsg.lt\/wp-content\/uploads\/2024\/01\/favicon.png\",\"contentUrl\":\"https:\/\/startmsg.lt\/wp-content\/uploads\/2024\/01\/favicon.png\",\"width\":196,\"height\":196,\"caption\":\"startmsg.lt\"},\"image\":{\"@id\":\"https:\/\/startmsg.lt\/#\/schema\/logo\/image\/\"},\"sameAs\":[\"https:\/\/facebook.com\/chatbotas\",\"https:\/\/www.instagram.com\/chatbotas\"]}]}<\/script>\n<!-- \/ Yoast SEO Premium plugin. -->","yoast_head_json":{"title":"Informativa sulla privacy - startmsg.lt","robots":{"index":"index","follow":"nofollow","max-snippet":"max-snippet:-1","max-image-preview":"max-image-preview:large","max-video-preview":"max-video-preview:-1"},"canonical":"https:\/\/startmsg.lt\/it\/politica-sulla-privacy\/","og_locale":"it_IT","og_type":"article","og_title":"Privatumo politika","og_description":"\u012evadas \u00a0 Sveiki atvyk\u0119 \u012f https:\/\/startmsg.com \/ https:\/\/startmsg.lt (Svetain\u0117). Mes suprantame, kad privatumas internete yra svarbus m\u016bs\u0173 Svetain\u0117s naudotojams, ypa\u010d vykdant verslo [&hellip;]","og_url":"https:\/\/startmsg.lt\/it\/politica-sulla-privacy\/","og_site_name":"startmsg.lt","article_publisher":"https:\/\/facebook.com\/chatbotas","article_modified_time":"2025-06-01T21:30:42+00:00","twitter_card":"summary_large_image","twitter_misc":{"Tempo di lettura stimato":"6 minuti"},"schema":{"@context":"https:\/\/schema.org","@graph":[{"@type":"WebPage","@id":"https:\/\/startmsg.lt\/privatumo-politika\/","url":"https:\/\/startmsg.lt\/privatumo-politika\/","name":"Informativa sulla privacy - startmsg.lt","isPartOf":{"@id":"https:\/\/startmsg.lt\/#website"},"datePublished":"2024-01-30T13:41:47+00:00","dateModified":"2025-06-01T21:30:42+00:00","breadcrumb":{"@id":"https:\/\/startmsg.lt\/privatumo-politika\/#breadcrumb"},"inLanguage":"it-IT","potentialAction":[{"@type":"ReadAction","target":["https:\/\/startmsg.lt\/privatumo-politika\/"]}]},{"@type":"BreadcrumbList","@id":"https:\/\/startmsg.lt\/privatumo-politika\/#breadcrumb","itemListElement":[{"@type":"ListItem","position":1,"name":"Home","item":"https:\/\/startmsg.lt\/"},{"@type":"ListItem","position":2,"name":"Privatumo politika"}]},{"@type":"WebSite","@id":"https:\/\/startmsg.lt\/#website","url":"https:\/\/startmsg.lt\/","name":"startmsg.lt","description":"","publisher":{"@id":"https:\/\/startmsg.lt\/#organization"},"potentialAction":[{"@type":"SearchAction","target":{"@type":"EntryPoint","urlTemplate":"https:\/\/startmsg.lt\/?s={search_term_string}"},"query-input":{"@type":"PropertyValueSpecification","valueRequired":true,"valueName":"search_term_string"}}],"inLanguage":"it-IT"},{"@type":"Organization","@id":"https:\/\/startmsg.lt\/#organization","name":"startmsg.lt","url":"https:\/\/startmsg.lt\/","logo":{"@type":"ImageObject","inLanguage":"it-IT","@id":"https:\/\/startmsg.lt\/#\/schema\/logo\/image\/","url":"https:\/\/startmsg.lt\/wp-content\/uploads\/2024\/01\/favicon.png","contentUrl":"https:\/\/startmsg.lt\/wp-content\/uploads\/2024\/01\/favicon.png","width":196,"height":196,"caption":"startmsg.lt"},"image":{"@id":"https:\/\/startmsg.lt\/#\/schema\/logo\/image\/"},"sameAs":["https:\/\/facebook.com\/chatbotas","https:\/\/www.instagram.com\/chatbotas"]}]}},"_links":{"self":[{"href":"https:\/\/startmsg.lt\/it\/wp-json\/wp\/v2\/pages\/3","targetHints":{"allow":["GET"]}}],"collection":[{"href":"https:\/\/startmsg.lt\/it\/wp-json\/wp\/v2\/pages"}],"about":[{"href":"https:\/\/startmsg.lt\/it\/wp-json\/wp\/v2\/types\/page"}],"author":[{"embeddable":true,"href":"https:\/\/startmsg.lt\/it\/wp-json\/wp\/v2\/users\/1"}],"replies":[{"embeddable":true,"href":"https:\/\/startmsg.lt\/it\/wp-json\/wp\/v2\/comments?post=3"}],"version-history":[{"count":15,"href":"https:\/\/startmsg.lt\/it\/wp-json\/wp\/v2\/pages\/3\/revisions"}],"predecessor-version":[{"id":2433,"href":"https:\/\/startmsg.lt\/it\/wp-json\/wp\/v2\/pages\/3\/revisions\/2433"}],"wp:attachment":[{"href":"https:\/\/startmsg.lt\/it\/wp-json\/wp\/v2\/media?parent=3"}],"curies":[{"name":"wp","href":"https:\/\/api.w.org\/{rel}","templated":true}]}}