{"id":1078,"date":"2024-10-12T22:41:56","date_gmt":"2024-10-12T22:41:56","guid":{"rendered":"https:\/\/startmsg.lt\/?page_id=1078"},"modified":"2025-06-01T21:31:13","modified_gmt":"2025-06-01T21:31:13","slug":"termini-e-condizioni","status":"publish","type":"page","link":"https:\/\/startmsg.lt\/it\/termini-e-condizioni\/","title":{"rendered":"Termini e condizioni"},"content":{"rendered":"<div data-elementor-type=\"wp-page\" data-elementor-id=\"1078\" class=\"elementor elementor-1078\" data-elementor-settings=\"{&quot;element_pack_global_tooltip_width&quot;:{&quot;unit&quot;:&quot;px&quot;,&quot;size&quot;:&quot;&quot;,&quot;sizes&quot;:[]},&quot;element_pack_global_tooltip_width_tablet&quot;:{&quot;unit&quot;:&quot;px&quot;,&quot;size&quot;:&quot;&quot;,&quot;sizes&quot;:[]},&quot;element_pack_global_tooltip_width_mobile&quot;:{&quot;unit&quot;:&quot;px&quot;,&quot;size&quot;:&quot;&quot;,&quot;sizes&quot;:[]},&quot;element_pack_global_tooltip_padding&quot;:{&quot;unit&quot;:&quot;px&quot;,&quot;top&quot;:&quot;&quot;,&quot;right&quot;:&quot;&quot;,&quot;bottom&quot;:&quot;&quot;,&quot;left&quot;:&quot;&quot;,&quot;isLinked&quot;:true},&quot;element_pack_global_tooltip_padding_tablet&quot;:{&quot;unit&quot;:&quot;px&quot;,&quot;top&quot;:&quot;&quot;,&quot;right&quot;:&quot;&quot;,&quot;bottom&quot;:&quot;&quot;,&quot;left&quot;:&quot;&quot;,&quot;isLinked&quot;:true},&quot;element_pack_global_tooltip_padding_mobile&quot;:{&quot;unit&quot;:&quot;px&quot;,&quot;top&quot;:&quot;&quot;,&quot;right&quot;:&quot;&quot;,&quot;bottom&quot;:&quot;&quot;,&quot;left&quot;:&quot;&quot;,&quot;isLinked&quot;:true},&quot;element_pack_global_tooltip_border_radius&quot;:{&quot;unit&quot;:&quot;px&quot;,&quot;top&quot;:&quot;&quot;,&quot;right&quot;:&quot;&quot;,&quot;bottom&quot;:&quot;&quot;,&quot;left&quot;:&quot;&quot;,&quot;isLinked&quot;:true},&quot;element_pack_global_tooltip_border_radius_tablet&quot;:{&quot;unit&quot;:&quot;px&quot;,&quot;top&quot;:&quot;&quot;,&quot;right&quot;:&quot;&quot;,&quot;bottom&quot;:&quot;&quot;,&quot;left&quot;:&quot;&quot;,&quot;isLinked&quot;:true},&quot;element_pack_global_tooltip_border_radius_mobile&quot;:{&quot;unit&quot;:&quot;px&quot;,&quot;top&quot;:&quot;&quot;,&quot;right&quot;:&quot;&quot;,&quot;bottom&quot;:&quot;&quot;,&quot;left&quot;:&quot;&quot;,&quot;isLinked&quot;:true}}\">\n\t\t\t\t<div class=\"elementor-element elementor-element-ede0e80 e-flex e-con-boxed e-con e-parent\" data-id=\"ede0e80\" data-element_type=\"container\">\n\t\t\t\t\t<div class=\"e-con-inner\">\n\t\t\t\t<div class=\"elementor-element elementor-element-b3515d5 elementor-widget elementor-widget-spacer\" data-id=\"b3515d5\" data-element_type=\"widget\" data-widget_type=\"spacer.default\">\n\t\t\t\t<div class=\"elementor-widget-container\">\n\t\t\t\t\t\t\t<div class=\"elementor-spacer\">\n\t\t\t<div class=\"elementor-spacer-inner\"><\/div>\n\t\t<\/div>\n\t\t\t\t\t\t<\/div>\n\t\t\t\t<\/div>\n\t\t\t\t<div class=\"elementor-element elementor-element-9a041c7 elementor-widget elementor-widget-text-editor\" data-id=\"9a041c7\" data-element_type=\"widget\" data-widget_type=\"text-editor.default\">\n\t\t\t\t<div class=\"elementor-widget-container\">\n\t\t\t\t\t\t\t\t\t<p><strong>ABBONARSI O USARE Startmsg.com \/ Startmsg.com, AFFERMA DI AVERE LA PIENA AUTORITA' DI AGIRE PER FIRMARE SE STESSO, QUALSIASI PERSONA TERZA, SOCIETA' O ENTITA' LEGALE, E CHE L'USO E\/O L'INTERAZIONE CON QUESTO SITO COSTITUISCE L'ACCETTAZIONE DI QUESTO ACCORDO SULLE CONDIZIONI D'USO, NONCH\u00c9 DI QUALSIASI ALTRO ACCORDO CHE POTREMMO PUBBLICARE SU QUESTO SITO.<\/strong><\/p><p><strong>VISUALIZZANDO, CONDIVIDENDO, UTILIZZANDO O INTERAGENDO con Startmsg.com \/ Startmsg.com O CON QUALSIASI BANNER, LINGUAGGIO DI SHOPPING O PUBBLICIT\u00c0 POSIZIONATA SU QUESTO SITO, L'UTENTE ACCETTA DI COMPLETARE TUTTI I TERMINI E LE CONDIZIONI DI QUESTI TERMINI D'USO E DELLA POLITICA SULLA PRIVACY.<\/strong><\/p><p><strong>Startmsg.com \/ Startmsg.lt RICORDA SPECIFICAMENTE DI AIUTARE QUALSIASI PERSONA CHE SIA SOGGETTA AL CHILDREN'S INTERNET PRIVACY PROTECTION ACT (COPPA) 1998.<\/strong><\/p><p><strong>Startmsg.com \/ Startmsg.lt si riserva il diritto di premiare qualsiasi persona o visitatore in qualsiasi momento. IN BASE ALLE DISPOSIZIONI SULLA PRIVACY CHE L'UTENTE ACCETTA COME CONDIZIONE PER LA VISITA, Startmsg.com \/ Startmsg.it PUO' RACCOGLIERE E CONSERVARE I DATI E LE INFORMAZIONI PER FARE ESEMPLIFICAZIONE PER MOLTI ALTRI USI.<\/strong><\/p><p><strong>IL PRESENTE ACCORDO SULLE CONDIZIONI D'USO \u00c8 SOGGETTO A MODIFICHE NEL TEMPO. I visitatori hanno la responsabilit\u00e0 di tenersi informati su tali modifiche, rivedendo questa pagina delle condizioni d'uso ogni volta che visitano STARTMSG.com \/ Startmsg.lt.<\/strong><\/p><p><strong>LE PARTI DEL CONTRATTO<\/strong><br \/>I visitatori, gli spettatori, gli utenti, gli abbonati, i membri, i partner o i clienti, collettivamente indicati come \"Visitatori\", sono parti del presente accordo. Il Sito web e i suoi proprietari e\/o operatori sono parti del presente accordo, qui indicati come il \"Sito web\".<\/p><p><strong>UTILIZZO DELLE INFORMAZIONI CONTENUTE IN QUESTO SITO WEB<\/strong><br \/>A meno che non abbiate un accordo scritto con questo sito web, i visitatori, gli spettatori, gli abbonati, i membri, i partner o i clienti non sono autorizzati a utilizzare queste informazioni in un contesto commerciale o pubblico; non sono autorizzati a trasmettere, copiare, memorizzare, stampare, vendere o pubblicare qualsiasi parte del contenuto di questo sito web. Accedendo al contenuto di questo sito web, l'utente accetta questa condizione di accesso e riconosce che qualsiasi uso non autorizzato \u00e8 illegale e pu\u00f2 comportare sanzioni civili o penali. Inoltre, il visitatore non ha il diritto di utilizzare il contenuto del sito o parte di esso, compresi i database, le pagine invisibili, le pagine collegate, il codice sottostante o altre propriet\u00e0 intellettuali che il sito pu\u00f2 contenere, per qualsiasi motivo o per qualsiasi uso. Riconoscendo che pu\u00f2 essere difficile stimare i danni esatti derivanti da una violazione di questa disposizione, il visitatore accetta di risarcire i proprietari di Startmsg.com\/Startmsg.com per danni per un importo pari a 100.000 dollari o, se \u00e8 possibile stimare, i costi effettivi e i danni effettivi derivanti da una violazione di questa disposizione, a seconda di quale sia il maggiore. Il visitatore riconosce di aver compreso che l'accettazione di questa disposizione \u00e8 una condizione per accedere a Startmsg.com\/Startmsg.com e che l'accesso a Startmsg.com\/Startmsg.com costituisce un riconoscimento di questa accettazione.<\/p><p><strong>LA PROPRIET\u00c0 DEL SITO WEB O IL DIRITTO DI UTILIZZARE, VENDERE, PUBBLICARE IL CONTENUTO DI QUESTO SITO WEB<\/strong><br \/>Il sito web e il suo contenuto sono di propriet\u00e0 o concessi in licenza dal proprietario del sito web. Il contenuto del sito web \u00e8 considerato proprietario e protetto da copyright. I visitatori non hanno alcun diritto sul contenuto del sito web. L'uso del contenuto del sito web per qualsiasi motivo \u00e8 illegale, a meno che non sia fatto in base a un accordo scritto o con il permesso del sito web.<\/p><p><strong>COLLEGAMENTI IPERTESTUALI AL SITO WEB, COLLABORAZIONE, \"FRAMING\" E CANCELLAZIONE DEL SITO WEB<\/strong><br \/>Salvo quanto espressamente consentito dal Sito, nessuno \u00e8 autorizzato a collegare ipertestualmente Startmsg.com\/Startmsg.com o qualsiasi parte di esso (compresi, a titolo esemplificativo e non esaustivo, i loghi, i marchi, la veste commerciale o il materiale protetto da copyright) ai propri siti web per qualsiasi scopo. Inoltre, non \u00e8 possibile includere l'URL (indirizzo Internet) di questo sito web o di qualsiasi pagina di questo sito web in qualsiasi media commerciale o non commerciale senza il nostro esplicito permesso, n\u00e9 \u00e8 possibile \"sponsorizzare\" il sito web. L'utente accetta specificamente di collaborare con i proprietari del Sito per rimuovere o disattivare tali attivit\u00e0 e di essere responsabile per eventuali danni derivanti dalla violazione di questa disposizione. Comprendendo che pu\u00f2 essere difficile stimare i danni esatti derivanti da una violazione di questa disposizione, l'utente accetta di indennizzare i proprietari di Startmsg.com\/Startmsg.com per un importo di 100.000 dollari o, se pu\u00f2 essere stimato, i costi effettivi e i danni effettivi derivanti da una violazione di questa disposizione, a seconda di quale sia il maggiore. L'utente riconosce di aver compreso che l'accettazione di questa disposizione \u00e8 una condizione per aderire a Startmsg.com \/ Startmsg.com, e che l'adesione a Startmsg.com \/ Startmsg.com \u00e8 un riconoscimento di questa accettazione.<\/p><p><strong>RESPONSABILIT\u00c0 PER IL CONTENUTO DEL SITO WEB<\/strong><br \/>Startmsg.com \/ Startmsg.com declina ogni responsabilit\u00e0 per l'accuratezza dei contenuti che appaiono su, sono collegati a o citano Startmsg.com \/ Startmsg.com. I visitatori si assumono tutti i rischi associati alla visualizzazione, alla lettura, all'utilizzo o all'affidamento sulle informazioni. A meno che non abbiate un accordo scritto con noi, non avete il diritto di fare affidamento sull'accuratezza del contenuto delle informazioni presenti su questo sito web. Non forniamo alcuna garanzia in tal senso.<\/p><p><strong>LA RESPONSABILIT\u00c0 PER EVENTUALI DANNI AL COMPUTER O AL SOFTWARE DELL'UTENTE IN RELAZIONE ALLA SUA INTERAZIONE CON QUESTO SITO WEB O CON IL SUO CONTENUTO<\/strong><br \/>Il visitatore si assume tutti i rischi di virus, worm o altri agenti dannosi che possono danneggiare il suo computer o il suo software. Non siamo responsabili per eventuali danni al computer o al software del visitatore o di qualsiasi altra persona con cui il visitatore possa interagire, causati da codici o dati dannosi che possano essere inavvertitamente trasmessi al computer del visitatore. Il visitatore che visualizza o interagisce con Startmsg.com \/ Startmsg.com, o con qualsiasi pubblicit\u00e0, banner o pop-up, lo fa a suo rischio e pericolo.<\/p><p><strong>RESPONSABILIT\u00c0 PER I DATI CARICATI<\/strong><br \/>Il visitatore scarica informazioni da Startmsg.com \/ Startmsg.lt a proprio rischio e pericolo. Il sito non garantisce che i download siano privi di codice informatico corrotto, inclusi, ma non solo, virus e worm.<\/p><p><strong>RIFIUTO<\/strong><br \/>Visualizzando, utilizzando o interagendo in altro modo con Startmsg.com\/Startmsg.com, compresi pubblicit\u00e0, banner o pop-up, e come condizione per l'autorizzazione del sito, il Visitatore rinuncia per sempre a qualsiasi diritto a qualsiasi richiesta di risarcimento danni basata su qualsiasi fattore causale che possa dare origine a qualsiasi tipo di danno, sia esso grave o grande, sia esso fisico o emotivo, prevedibile o imprevedibile, personale o commerciale. Fatta salva qualsiasi legge che non consenta tali eccezioni, la nostra responsabilit\u00e0 massima non superer\u00e0 l'importo pagato all'utente, se del caso, per l'utilizzo del nostro sito web o dei nostri servizi. Inoltre, l'utente accetta che il mancato rispetto dei nostri obblighi a causa di eventi al di fuori del nostro controllo include, a titolo esemplificativo ma non esaustivo, cause di forza maggiore, atti di guerra, terrorismo, insurrezioni, sommosse, attivit\u00e0 criminali, disastri naturali, guasti alle comunicazioni o alle infrastrutture, carenza o interruzione di manodopera (compresi gli scioperi illegali), carenza di materiali e qualsiasi altro evento al di fuori del nostro controllo.<\/p><p><strong>RESPONSABILIT\u00c0<\/strong><br \/>Il Visitatore accetta che se causa danni a noi o a terzi derivanti da o in relazione all'uso di Startmsg.com \/ Startmsg.com, il Visitatore ci indennizzer\u00e0 e, se del caso, ci difender\u00e0 da qualsiasi richiesta di risarcimento danni.<\/p><p><strong>SOMMINISTRAZIONI<\/strong><br \/>Il Visitatore accetta che qualsiasi comunicazione tra il Visitatore e il Sito sia considerata un invio. Tutti gli invii, compresa la grafica in essi contenuta, o qualsiasi contenuto in essi presente, diventeranno di propriet\u00e0 esclusiva del Sito e potranno essere utilizzati, senza ulteriori autorizzazioni, per scopi commerciali senza ulteriori compensi. Il visitatore si impegna a fornire al Sito solo i dati che desidera consentire in modo permanente al Sito di utilizzarli in qualsiasi modo desideri. \"Invii\" \u00e8 anche una disposizione dell'Informativa sulla privacy.<\/p><p><strong>COMUNICATO STAMPA<\/strong><br \/>Non \u00e8 richiesto alcun avviso aggiuntivo al Visitatore per qualsiasi motivo e il Visitatore riconosce espressamente che il diritto all'avviso \u00e8 rinunciato come condizione per essere autorizzato a visualizzare o interagire con il sito web.<\/p><p><strong>GINCHAI<\/strong><br \/>Come parte dei termini e delle condizioni richiesti dal Sito per la visualizzazione, l'utilizzo o l'interazione con il Sito, il Visitatore accetta di ricorrere all'arbitrato vincolante per qualsiasi reclamo, disputa o controversia (\"RECLAMO\") in qualsiasi forma (sia essa contrattuale, extracontrattuale o di altro tipo), derivante da o relativa all'acquisto, al prodotto, comprese le questioni relative alla sollecitazione, alla privacy e ai termini di utilizzo. L'arbitrato sar\u00e0 condotto in conformit\u00e0 al Regolamento arbitrale lituano. Le informazioni sulle istituzioni arbitrali lituane e sulle loro regole sono disponibili sui loro siti web ufficiali. Le udienze si svolgeranno nel territorio della citt\u00e0 o del distretto in cui si trova il proprietario di Startmsg.com \/ Startmsg.lt. Nessun Visitatore, membro, abbonato o cliente avr\u00e0 il diritto di rivolgersi ad un tribunale o di avere un procedimento legale. Nessun Visitatore, membro, abbonato o cliente avr\u00e0 il diritto di partecipare a indagini preliminari, ad eccezione di quanto previsto dal Regolamento; non avr\u00e0 il diritto di partecipare come rappresentante o membro di una classe in relazione a qualsiasi reclamo soggetto ad arbitrato; la decisione dell'arbitro sar\u00e0 definitiva e vincolante, con limitati diritti di appello. La Parte sostenitrice avr\u00e0 diritto al rimborso da parte dell'altra Parte di tutti i costi e le spese sostenuti in relazione all'arbitrato, comprese le spese legali, le spese di incasso, le spese di indagine e le spese di viaggio.<\/p><p><strong>GIURISDIZIONE E FORO COMPETENTE<\/strong><br \/>Se qualsiasi questione relativa a questo acquisto viene portata davanti a un tribunale, sia prima che dopo l'arbitrato, il Visitatore, il visitatore, il membro, l'abbonato o il cliente accetta che la giurisdizione unica e appropriata sia quella indicata nelle informazioni di contatto del proprietario del sito web, se non diversamente specificato. Se la controversia \u00e8 pendente presso un tribunale federale, il foro competente sar\u00e0 il tribunale federale pi\u00f9 vicino all'indirizzo del proprietario di Startmsg.com\/Startmsg.com.<\/p>\t\t\t\t\t\t\t\t<\/div>\n\t\t\t\t<\/div>\n\t\t\t\t\t<\/div>\n\t\t\t\t<\/div>\n\t\t\t\t<\/div>","protected":false},"excerpt":{"rendered":"<p>PRISIJUNGDAMI AR NAUDODAMIESI Startmsg.com \/ Startmsg.lt, J\u016aS PATVIRTINATE, KAD TURITE PILN\u0104 \u012eGALIOJIM\u0104 VEIKTI, KAD SUREMTUM\u0116TE SAVE, BET KUR\u012e TRE\u010cI\u0104J\u012e ASMEN\u012e, \u012eMON\u0118 ARBA [&hellip;]<\/p>","protected":false},"author":1,"featured_media":0,"parent":0,"menu_order":0,"comment_status":"closed","ping_status":"closed","template":"","meta":{"footnotes":""},"class_list":["post-1078","page","type-page","status-publish","hentry"],"yoast_head":"<!-- This site is optimized with the Yoast SEO Premium plugin v23.8 (Yoast SEO v26.4) - https:\/\/yoast.com\/wordpress\/plugins\/seo\/ -->\n<title>Taisykl\u0117s ir s\u0105lygos - startmsg.lt<\/title>\n<meta name=\"robots\" content=\"index, follow, max-snippet:-1, max-image-preview:large, max-video-preview:-1\" \/>\n<link rel=\"canonical\" href=\"https:\/\/startmsg.lt\/it\/termini-e-condizioni\/\" \/>\n<meta property=\"og:locale\" content=\"it_IT\" \/>\n<meta property=\"og:type\" content=\"article\" \/>\n<meta property=\"og:title\" content=\"Taisykl\u0117s ir s\u0105lygos\" \/>\n<meta property=\"og:description\" content=\"PRISIJUNGDAMI AR NAUDODAMIESI Startmsg.com \/ Startmsg.lt, J\u016aS PATVIRTINATE, KAD TURITE PILN\u0104 \u012eGALIOJIM\u0104 VEIKTI, KAD SUREMTUM\u0116TE SAVE, BET KUR\u012e TRE\u010cI\u0104J\u012e ASMEN\u012e, \u012eMON\u0118 ARBA [&hellip;]\" \/>\n<meta property=\"og:url\" content=\"https:\/\/startmsg.lt\/it\/termini-e-condizioni\/\" \/>\n<meta property=\"og:site_name\" content=\"startmsg.lt\" \/>\n<meta property=\"article:publisher\" content=\"https:\/\/facebook.com\/chatbotas\" \/>\n<meta property=\"article:modified_time\" content=\"2025-06-01T21:31:13+00:00\" \/>\n<meta name=\"twitter:card\" content=\"summary_large_image\" \/>\n<meta name=\"twitter:label1\" content=\"Tempo di lettura stimato\" \/>\n\t<meta name=\"twitter:data1\" content=\"8 minuti\" \/>\n<script type=\"application\/ld+json\" class=\"yoast-schema-graph\">{\"@context\":\"https:\/\/schema.org\",\"@graph\":[{\"@type\":\"WebPage\",\"@id\":\"https:\/\/startmsg.lt\/taisykles-ir-salygos\/\",\"url\":\"https:\/\/startmsg.lt\/taisykles-ir-salygos\/\",\"name\":\"Taisykl\u0117s ir s\u0105lygos - startmsg.lt\",\"isPartOf\":{\"@id\":\"https:\/\/startmsg.lt\/#website\"},\"datePublished\":\"2024-10-12T22:41:56+00:00\",\"dateModified\":\"2025-06-01T21:31:13+00:00\",\"breadcrumb\":{\"@id\":\"https:\/\/startmsg.lt\/taisykles-ir-salygos\/#breadcrumb\"},\"inLanguage\":\"it-IT\",\"potentialAction\":[{\"@type\":\"ReadAction\",\"target\":[\"https:\/\/startmsg.lt\/taisykles-ir-salygos\/\"]}]},{\"@type\":\"BreadcrumbList\",\"@id\":\"https:\/\/startmsg.lt\/taisykles-ir-salygos\/#breadcrumb\",\"itemListElement\":[{\"@type\":\"ListItem\",\"position\":1,\"name\":\"Home\",\"item\":\"https:\/\/startmsg.lt\/\"},{\"@type\":\"ListItem\",\"position\":2,\"name\":\"Taisykl\u0117s ir s\u0105lygos\"}]},{\"@type\":\"WebSite\",\"@id\":\"https:\/\/startmsg.lt\/#website\",\"url\":\"https:\/\/startmsg.lt\/\",\"name\":\"startmsg.lt\",\"description\":\"\",\"publisher\":{\"@id\":\"https:\/\/startmsg.lt\/#organization\"},\"potentialAction\":[{\"@type\":\"SearchAction\",\"target\":{\"@type\":\"EntryPoint\",\"urlTemplate\":\"https:\/\/startmsg.lt\/?s={search_term_string}\"},\"query-input\":{\"@type\":\"PropertyValueSpecification\",\"valueRequired\":true,\"valueName\":\"search_term_string\"}}],\"inLanguage\":\"it-IT\"},{\"@type\":\"Organization\",\"@id\":\"https:\/\/startmsg.lt\/#organization\",\"name\":\"startmsg.lt\",\"url\":\"https:\/\/startmsg.lt\/\",\"logo\":{\"@type\":\"ImageObject\",\"inLanguage\":\"it-IT\",\"@id\":\"https:\/\/startmsg.lt\/#\/schema\/logo\/image\/\",\"url\":\"https:\/\/startmsg.lt\/wp-content\/uploads\/2024\/01\/favicon.png\",\"contentUrl\":\"https:\/\/startmsg.lt\/wp-content\/uploads\/2024\/01\/favicon.png\",\"width\":196,\"height\":196,\"caption\":\"startmsg.lt\"},\"image\":{\"@id\":\"https:\/\/startmsg.lt\/#\/schema\/logo\/image\/\"},\"sameAs\":[\"https:\/\/facebook.com\/chatbotas\",\"https:\/\/www.instagram.com\/chatbotas\"]}]}<\/script>\n<!-- \/ Yoast SEO Premium plugin. -->","yoast_head_json":{"title":"Termini e condizioni - startmsg.lt","robots":{"index":"index","follow":"follow","max-snippet":"max-snippet:-1","max-image-preview":"max-image-preview:large","max-video-preview":"max-video-preview:-1"},"canonical":"https:\/\/startmsg.lt\/it\/termini-e-condizioni\/","og_locale":"it_IT","og_type":"article","og_title":"Taisykl\u0117s ir s\u0105lygos","og_description":"PRISIJUNGDAMI AR NAUDODAMIESI Startmsg.com \/ Startmsg.lt, J\u016aS PATVIRTINATE, KAD TURITE PILN\u0104 \u012eGALIOJIM\u0104 VEIKTI, KAD SUREMTUM\u0116TE SAVE, BET KUR\u012e TRE\u010cI\u0104J\u012e ASMEN\u012e, \u012eMON\u0118 ARBA [&hellip;]","og_url":"https:\/\/startmsg.lt\/it\/termini-e-condizioni\/","og_site_name":"startmsg.lt","article_publisher":"https:\/\/facebook.com\/chatbotas","article_modified_time":"2025-06-01T21:31:13+00:00","twitter_card":"summary_large_image","twitter_misc":{"Tempo di lettura stimato":"8 minuti"},"schema":{"@context":"https:\/\/schema.org","@graph":[{"@type":"WebPage","@id":"https:\/\/startmsg.lt\/taisykles-ir-salygos\/","url":"https:\/\/startmsg.lt\/taisykles-ir-salygos\/","name":"Termini e condizioni - startmsg.lt","isPartOf":{"@id":"https:\/\/startmsg.lt\/#website"},"datePublished":"2024-10-12T22:41:56+00:00","dateModified":"2025-06-01T21:31:13+00:00","breadcrumb":{"@id":"https:\/\/startmsg.lt\/taisykles-ir-salygos\/#breadcrumb"},"inLanguage":"it-IT","potentialAction":[{"@type":"ReadAction","target":["https:\/\/startmsg.lt\/taisykles-ir-salygos\/"]}]},{"@type":"BreadcrumbList","@id":"https:\/\/startmsg.lt\/taisykles-ir-salygos\/#breadcrumb","itemListElement":[{"@type":"ListItem","position":1,"name":"Home","item":"https:\/\/startmsg.lt\/"},{"@type":"ListItem","position":2,"name":"Taisykl\u0117s ir s\u0105lygos"}]},{"@type":"WebSite","@id":"https:\/\/startmsg.lt\/#website","url":"https:\/\/startmsg.lt\/","name":"startmsg.lt","description":"","publisher":{"@id":"https:\/\/startmsg.lt\/#organization"},"potentialAction":[{"@type":"SearchAction","target":{"@type":"EntryPoint","urlTemplate":"https:\/\/startmsg.lt\/?s={search_term_string}"},"query-input":{"@type":"PropertyValueSpecification","valueRequired":true,"valueName":"search_term_string"}}],"inLanguage":"it-IT"},{"@type":"Organization","@id":"https:\/\/startmsg.lt\/#organization","name":"startmsg.lt","url":"https:\/\/startmsg.lt\/","logo":{"@type":"ImageObject","inLanguage":"it-IT","@id":"https:\/\/startmsg.lt\/#\/schema\/logo\/image\/","url":"https:\/\/startmsg.lt\/wp-content\/uploads\/2024\/01\/favicon.png","contentUrl":"https:\/\/startmsg.lt\/wp-content\/uploads\/2024\/01\/favicon.png","width":196,"height":196,"caption":"startmsg.lt"},"image":{"@id":"https:\/\/startmsg.lt\/#\/schema\/logo\/image\/"},"sameAs":["https:\/\/facebook.com\/chatbotas","https:\/\/www.instagram.com\/chatbotas"]}]}},"_links":{"self":[{"href":"https:\/\/startmsg.lt\/it\/wp-json\/wp\/v2\/pages\/1078","targetHints":{"allow":["GET"]}}],"collection":[{"href":"https:\/\/startmsg.lt\/it\/wp-json\/wp\/v2\/pages"}],"about":[{"href":"https:\/\/startmsg.lt\/it\/wp-json\/wp\/v2\/types\/page"}],"author":[{"embeddable":true,"href":"https:\/\/startmsg.lt\/it\/wp-json\/wp\/v2\/users\/1"}],"replies":[{"embeddable":true,"href":"https:\/\/startmsg.lt\/it\/wp-json\/wp\/v2\/comments?post=1078"}],"version-history":[{"count":7,"href":"https:\/\/startmsg.lt\/it\/wp-json\/wp\/v2\/pages\/1078\/revisions"}],"predecessor-version":[{"id":2436,"href":"https:\/\/startmsg.lt\/it\/wp-json\/wp\/v2\/pages\/1078\/revisions\/2436"}],"wp:attachment":[{"href":"https:\/\/startmsg.lt\/it\/wp-json\/wp\/v2\/media?parent=1078"}],"curies":[{"name":"wp","href":"https:\/\/api.w.org\/{rel}","templated":true}]}}