{"id":1072,"date":"2024-10-12T22:30:05","date_gmt":"2024-10-12T22:30:05","guid":{"rendered":"https:\/\/startmsg.lt\/?page_id=1072"},"modified":"2025-06-01T21:30:13","modified_gmt":"2025-06-01T21:30:13","slug":"bdar","status":"publish","type":"page","link":"https:\/\/startmsg.lt\/it\/bdar\/","title":{"rendered":"GDPR"},"content":{"rendered":"<div data-elementor-type=\"wp-page\" data-elementor-id=\"1072\" class=\"elementor elementor-1072\" data-elementor-settings=\"{&quot;element_pack_global_tooltip_width&quot;:{&quot;unit&quot;:&quot;px&quot;,&quot;size&quot;:&quot;&quot;,&quot;sizes&quot;:[]},&quot;element_pack_global_tooltip_width_tablet&quot;:{&quot;unit&quot;:&quot;px&quot;,&quot;size&quot;:&quot;&quot;,&quot;sizes&quot;:[]},&quot;element_pack_global_tooltip_width_mobile&quot;:{&quot;unit&quot;:&quot;px&quot;,&quot;size&quot;:&quot;&quot;,&quot;sizes&quot;:[]},&quot;element_pack_global_tooltip_padding&quot;:{&quot;unit&quot;:&quot;px&quot;,&quot;top&quot;:&quot;&quot;,&quot;right&quot;:&quot;&quot;,&quot;bottom&quot;:&quot;&quot;,&quot;left&quot;:&quot;&quot;,&quot;isLinked&quot;:true},&quot;element_pack_global_tooltip_padding_tablet&quot;:{&quot;unit&quot;:&quot;px&quot;,&quot;top&quot;:&quot;&quot;,&quot;right&quot;:&quot;&quot;,&quot;bottom&quot;:&quot;&quot;,&quot;left&quot;:&quot;&quot;,&quot;isLinked&quot;:true},&quot;element_pack_global_tooltip_padding_mobile&quot;:{&quot;unit&quot;:&quot;px&quot;,&quot;top&quot;:&quot;&quot;,&quot;right&quot;:&quot;&quot;,&quot;bottom&quot;:&quot;&quot;,&quot;left&quot;:&quot;&quot;,&quot;isLinked&quot;:true},&quot;element_pack_global_tooltip_border_radius&quot;:{&quot;unit&quot;:&quot;px&quot;,&quot;top&quot;:&quot;&quot;,&quot;right&quot;:&quot;&quot;,&quot;bottom&quot;:&quot;&quot;,&quot;left&quot;:&quot;&quot;,&quot;isLinked&quot;:true},&quot;element_pack_global_tooltip_border_radius_tablet&quot;:{&quot;unit&quot;:&quot;px&quot;,&quot;top&quot;:&quot;&quot;,&quot;right&quot;:&quot;&quot;,&quot;bottom&quot;:&quot;&quot;,&quot;left&quot;:&quot;&quot;,&quot;isLinked&quot;:true},&quot;element_pack_global_tooltip_border_radius_mobile&quot;:{&quot;unit&quot;:&quot;px&quot;,&quot;top&quot;:&quot;&quot;,&quot;right&quot;:&quot;&quot;,&quot;bottom&quot;:&quot;&quot;,&quot;left&quot;:&quot;&quot;,&quot;isLinked&quot;:true}}\">\n\t\t\t\t<div class=\"elementor-element elementor-element-f2aa005 e-flex e-con-boxed e-con e-parent\" data-id=\"f2aa005\" data-element_type=\"container\">\n\t\t\t\t\t<div class=\"e-con-inner\">\n\t\t\t\t<div class=\"elementor-element elementor-element-fd9e34f elementor-widget elementor-widget-spacer\" data-id=\"fd9e34f\" data-element_type=\"widget\" data-widget_type=\"spacer.default\">\n\t\t\t\t<div class=\"elementor-widget-container\">\n\t\t\t\t\t\t\t<div class=\"elementor-spacer\">\n\t\t\t<div class=\"elementor-spacer-inner\"><\/div>\n\t\t<\/div>\n\t\t\t\t\t\t<\/div>\n\t\t\t\t<\/div>\n\t\t\t\t<div class=\"elementor-element elementor-element-879cba3 elementor-widget elementor-widget-text-editor\" data-id=\"879cba3\" data-element_type=\"widget\" data-widget_type=\"text-editor.default\">\n\t\t\t\t<div class=\"elementor-widget-container\">\n\t\t\t\t\t\t\t\t\t<h3>Che cos'\u00e8 il GDPR?<\/h3><p>GDPR \u00e8 il Regolamento generale sulla protezione dei dati (GDPR). Una nuova legge introdotta dall'UE per proteggere i dati personali degli utenti. Questa legge copre diversi aspetti della sicurezza dei dati. Qui di seguito forniamo indicazioni su come proteggiamo i vostri dati, quali sono le nostre responsabilit\u00e0 e quali sono le vostre responsabilit\u00e0. Vi consigliamo vivamente di leggere tutta la nostra documentazione o altri articoli sul GDPR per decidere se volete utilizzare la nostra applicazione. Non siamo responsabili di eventuali omissioni o errori in materia di protezione dei dati commessi da voi o da terzi. Prendetevi il tempo necessario per leggere la documentazione e agite in modo sensato per essere sicuri.<\/p><h3>Definizione di dati personali:<\/h3><p>Tutti i dati che appartengono a un individuo sono dati personali. Possono essere il nome, l'immagine, l'indirizzo e-mail, l'indirizzo fisico, i post sui social media, la posizione, l'indirizzo IP del computer, ecc. Il titolare dei dati personali \u00e8 l'unico soggetto giuridico che li detiene. Ci\u00f2 significa che, indipendentemente da dove e come vengono memorizzati, i dati appartengono all'individuo. Il raccoglitore o l'utente dei dati (ad esempio, Facebook, YouTube) non pu\u00f2 visualizzare, memorizzare o condividere i dati personali senza il consenso esplicito o implicito dell'utente. Se l'utente autorizza l'utilizzo dei suoi dati per determinate attivit\u00e0 (archiviazione, visualizzazione, ecc.), l'amministratore dell'applicazione pu\u00f2 utilizzarli.<\/p><p>Immaginate una situazione ipotetica: pubblicate un post sui social network. In questo caso, si d\u00e0 implicitamente il permesso di mostrare il post ai propri contatti pubblici o privati. L'amministratore dell'applicazione non \u00e8 responsabile dei commenti offensivi che possono essere lasciati dai vostri contatti. Ci\u00f2 significa che se avete reso pubblici i vostri dati, la responsabilit\u00e0 \u00e8 vostra. Tuttavia, l'amministratore del programma \u00e8 responsabile della condivisione dei dati con terzi. Se i dati devono essere condivisi, questo deve essere chiarito in anticipo. Si pu\u00f2 quindi notare come il caricamento e la visualizzazione dei dati dipendano sia dall'amministratore del programma che dall'utente. Ulteriori dettagli sono forniti nella documentazione.<\/p><h3>Responsabilit\u00e0 dello sviluppatore:<\/h3><p>La protezione dei dati personali dell'utente nel back-end \u00e8 responsabilit\u00e0 dello sviluppatore. Lo sviluppatore \u00e8 responsabile del modo in cui i dati dell'utente (nome, numero di telefono, e-mail, ecc.) e altre informazioni (ad esempio, i log delle interazioni dell'utente con l'applicazione) vengono memorizzati nel database e sul server. Descriveremo in dettaglio come i dati diretti (nome, e-mail, ecc.) e indiretti (nome del browser, IP del computer, ecc.) vengono memorizzati nel database e sul server. Una volta che i dati vengono caricati sul server, la loro sicurezza dipende dalla sicurezza del server e talvolta dall'amministratore dell'applicazione.<\/p><p>L'utente sar\u00e0 informato di tutti i metodi di memorizzazione dei dati temporanei (cookie e sessioni) e permanenti (dati memorizzati in un database). L'utente avr\u00e0 la possibilit\u00e0 di cancellare tutti i suoi dati personali dopo aver cancellato il suo account o aver terminato il servizio. Garantiamo che non conserviamo registri delle attivit\u00e0 dell'utente e che non disponiamo di mezzi segreti per estrarre i dati dell'utente. Di tanto in tanto, l'amministratore di un'applicazione pu\u00f2 concedere allo sviluppatore l'accesso a cPanel e ad altre credenziali per consentirgli di mantenere e gestire l'applicazione per un breve periodo di tempo prima del suo lancio. Si consiglia vivamente all'amministratore di cambiare queste credenziali una volta terminato il lavoro. Lo sviluppatore non \u00e8 responsabile di eventuali perdite di queste credenziali. Lo sviluppatore non \u00e8 nemmeno responsabile di eventuali violazioni involontarie della sicurezza del programma. Dopotutto, i dati condivisi su Internet presentano sempre un rischio di perdita. Pertanto, si consiglia vivamente di non condividere alcun dato che possa compromettere l'utente o un'altra persona.<\/p><h3>Responsabilit\u00e0 dell'amministratore del programma:<\/h3><p>L'amministratore dell'applicazione ha accesso illimitato ai dati personali dell'utente. L'amministratore pu\u00f2 visualizzare e copiare i dati memorizzati nel database e sul server. L'amministratore pu\u00f2 condividere i dati personali dell'utente con terzi. Le modalit\u00e0 di utilizzo dei dati dell'utente devono essere chiaramente comunicate prima della registrazione dell'utente. L'amministratore non deve permettere a nessuno di raccogliere dati apertamente o con il pretesto di compilare sondaggi o moduli. L'amministratore dell'applicazione ha i maggiori privilegi e quindi ha la maggiore responsabilit\u00e0 per la protezione dei dati personali degli utenti.<\/p><h3>Responsabilit\u00e0 dell'utente:<\/h3><p>Tutto dipende dall'utente. Se l'utente non fornisce i dati, non ci sar\u00e0 alcuna fuga di dati, ma questa non \u00e8 un'opzione. \u00c8 responsabilit\u00e0 esclusiva dell'utente mantenere le proprie credenziali al sicuro. La password e il nome utente possono essere criptati nel database, ma una password troppo prevedibile pu\u00f2 consentire a un hacker di accedere facilmente all'account dell'utente. Cambiate le vostre informazioni se notate attivit\u00e0 sospette o se avete dovuto condividere le vostre password con altri. Pensate sempre prima di fornire i vostri dati.<\/p><p><strong>La nostra azione sul GDPR:<\/strong><\/p><ol><li><strong>Raccolta di dati il pi\u00f9 possibile ridotta:<\/strong> Raccogliamo solo i dati pi\u00f9 necessari e spieghiamo all'utente perch\u00e9 alcuni dati sono necessari.<\/li><li><strong>Utilizzo di HTTPS:<\/strong> Forniamo comunicazioni criptate in tutta l'applicazione, proteggendo i vostri dati dalle intercettazioni.<\/li><li><strong>Pulizia della sessione e dei cookie:<\/strong> Dopo la disconnessione, cancelliamo tutte le sessioni e i cookie.<\/li><li><strong>Non monitorare l'attivit\u00e0 degli utenti a fini commerciali:<\/strong> Non tracciamo le attivit\u00e0 degli utenti per fornire loro pubblicit\u00e0 mirata o offerte commerciali.<\/li><li><strong>Informare l'utente sulla memorizzazione dei dati IP e di localizzazione del computer:<\/strong> Informiamo chiaramente gli utenti di qualsiasi registro memorizzato in relazione all'IP o alla posizione di un computer.<\/li><li><strong>Termini e condizioni e informativa sulla privacy chiari:<\/strong> Forniamo regole trasparenti sui requisiti del GDPR e sulle condizioni di utilizzo dei dati.<\/li><li><strong>Informare il coinvolgimento di terzi:<\/strong> Gli utenti saranno informati di qualsiasi condivisione dei loro dati con terzi.<\/li><li><strong>Politica sulla fuga di dati:<\/strong> Abbiamo regole chiare su come gestire eventuali fughe di dati.<\/li><li><strong>Cancellazione dei dati:<\/strong> Gli utenti hanno la possibilit\u00e0 di cancellare definitivamente i propri dati dopo aver eliminato il proprio account o cancellato un servizio.<\/li><li><strong>Aggiornamenti di sicurezza del software:<\/strong> Implementiamo tutte le patch necessarie per garantire che il software sia al sicuro dalle vulnerabilit\u00e0.<\/li><\/ol><p><strong>Le funzioni GDPR sono supportate:<\/strong><\/p><ol><li><p><strong>\"Adios, App\" (Auguri, App):<\/strong> Quando un utente cancella il proprio abbonamento o elimina il proprio account, gli diamo la possibilit\u00e0 di eliminare tutti i dati relativi all'account. Questa azione \u00e8 irreversibile: se i dati vengono eliminati, saranno rimossi in modo permanente sia dal database che dal server. L'utente pu\u00f2 effettuare un backup prima della cancellazione, se intende ritornare.<\/p><\/li><li><p><strong>La segretezza \u00e8 un mio diritto:<\/strong> La maggior parte dei dati personali memorizzati nel database viene crittografata. Se si verificasse una fuga di dati, l'hacker otterrebbe solo i dati criptati e non le informazioni personali in forma aperta. Alcuni dati non possono essere criptati (ad esempio il nome utente) perch\u00e9 devono essere visualizzati quando si accede al proprio account. Tuttavia, mascheriamo il pi\u00f9 possibile le informazioni personali.<\/p><\/li><li><p><strong>Senza cookie e memorizzazione della sessione:<\/strong> L'utente ha la possibilit\u00e0 di scegliere se salvare i cookie e le sessioni. Anche se si sceglie di conservarli, i cookie e le sessioni saranno cancellati dopo il logout. Si consiglia vivamente di non salvare i dati di accesso nel browser. \u00c8 meglio ricordare la propria password o utilizzare strumenti come LastPass per la gestione delle password.<\/p><\/li><li><p><strong>Sradicamento delle tracce:<\/strong> Non monitoriamo n\u00e9 tracciamo le vostre attivit\u00e0 a fini commerciali. Possiamo solo memorizzare l'ora di accesso o l'indirizzo IP dell'utente, ma solo per motivi di sicurezza. Quando si cancella il proprio account, tutti i dati vengono completamente eliminati dal server.<\/p><\/li><li><p><strong>L'ingegneria sociale \u00e8 un male:<\/strong> Non registriamo alcuna attivit\u00e0 personale dell'utente sull'App. La registrazione, l'analisi e il tentativo di vendere un prodotto o di motivare un utente sulla base di questi dati \u00e8 una pratica non etica. Noi non.<\/p><\/li><li><p><strong>Fatemi sapere:<\/strong> Ricevere via e-mail le notifiche di tutte le azioni relative al proprio account (creazione dell'account, modifica della password). Si consiglia di modificare le proprie credenziali se si notano azioni insolite.<\/p><\/li><li><p><strong>Notifica degli aggiornamenti della politica:<\/strong> Sarete informati di eventuali aggiornamenti dell'informativa sulla privacy o del disclaimer. Vi invitiamo a leggere le vostre e-mail su questo argomento e a decidere come procedere. Non esitate a contattarci in merito a questi problemi.<\/p><\/li><li><p><strong>Iscrivetevi senza problemi:<\/strong> Abbiamo implementato HTTPS ovunque, quindi l'intercettazione dei dati \u00e8 impossibile. Anche se qualcuno riuscisse a farlo, l'hacker otterrebbe solo dati criptati. Potete quindi utilizzare la nostra applicazione in tutta sicurezza.<\/p><\/li><li><p><strong>Non memorizziamo i dati degli utenti:<\/strong> Non memorizziamo alcun dato dell'utente. Non ci sono opzioni nascoste che raccolgono dati. Una volta che l'applicazione \u00e8 stata caricata sul server, non abbiamo accesso ad essa senza una password di amministratore. Non preoccupatevi quindi di fughe di dati nascoste.<\/p><\/li><li><p><strong>Politica di fuga dei dati:<\/strong> Abbiamo messo in atto tutte le misure di sicurezza per proteggere i vostri dati nel database (crittografia dei dati, MySQL, prevenzione delle SQL injection, convalida degli input, ecc). Password deboli o troppo prevedibili possono compromettere la sicurezza dei vostri dati e sono quindi una vostra responsabilit\u00e0.<\/p><\/li><\/ol><p><strong>L'invio di messaggi di massa agli utenti di Facebook attraverso il nostro sistema \u00e8 conforme al GDPR?<\/strong><\/p><p>S\u00ec, l'invio di comunicazioni di massa attraverso il nostro sistema \u00e8 conforme al GDPR. Poich\u00e9 le persone fanno OPT-IN (iniziano volontariamente una conversazione) sulla nostra pagina Facebook, possiamo dimostrarlo. Diventano nostri contatti in modo legittimo. Tutti i messaggi inviati devono avere un link di opt-out (questa funzione \u00e8 gi\u00e0 presente) o un altro modo per consentire alle persone di rinunciare in qualsiasi momento.<\/p>\t\t\t\t\t\t\t\t<\/div>\n\t\t\t\t<\/div>\n\t\t\t\t\t<\/div>\n\t\t\t\t<\/div>\n\t\t\t\t<\/div>","protected":false},"excerpt":{"rendered":"<p>Che cos'\u00e8 il GDPR? Il GDPR \u00e8 il Regolamento generale sulla protezione dei dati (GDPR). \u00c8 una nuova legge introdotta dall'UE per proteggere gli utenti [...]<\/p>","protected":false},"author":1,"featured_media":0,"parent":0,"menu_order":0,"comment_status":"closed","ping_status":"closed","template":"","meta":{"footnotes":""},"class_list":["post-1072","page","type-page","status-publish","hentry"],"yoast_head":"<!-- This site is optimized with the Yoast SEO Premium plugin v23.8 (Yoast SEO v26.4) - https:\/\/yoast.com\/wordpress\/plugins\/seo\/ -->\n<title>BDAR - startmsg.lt<\/title>\n<meta name=\"robots\" content=\"index, follow, max-snippet:-1, max-image-preview:large, max-video-preview:-1\" \/>\n<link rel=\"canonical\" href=\"https:\/\/startmsg.lt\/it\/bdar\/\" \/>\n<meta property=\"og:locale\" content=\"it_IT\" \/>\n<meta property=\"og:type\" content=\"article\" \/>\n<meta property=\"og:title\" content=\"BDAR\" \/>\n<meta property=\"og:description\" content=\"Kas yra BDAR? BDAR \u2013 tai Bendrasis duomen\u0173 apsaugos reglamentas (angl. General Data Protection Regulation). Naujas ES \u012fvestas \u012fstatymas, skirtas apsaugoti naudotoj\u0173 [&hellip;]\" \/>\n<meta property=\"og:url\" content=\"https:\/\/startmsg.lt\/it\/bdar\/\" \/>\n<meta property=\"og:site_name\" content=\"startmsg.lt\" \/>\n<meta property=\"article:publisher\" content=\"https:\/\/facebook.com\/chatbotas\" \/>\n<meta property=\"article:modified_time\" content=\"2025-06-01T21:30:13+00:00\" \/>\n<meta name=\"twitter:card\" content=\"summary_large_image\" \/>\n<meta name=\"twitter:label1\" content=\"Tempo di lettura stimato\" \/>\n\t<meta name=\"twitter:data1\" content=\"7 minuti\" \/>\n<script type=\"application\/ld+json\" class=\"yoast-schema-graph\">{\"@context\":\"https:\/\/schema.org\",\"@graph\":[{\"@type\":\"WebPage\",\"@id\":\"https:\/\/startmsg.lt\/bdar\/\",\"url\":\"https:\/\/startmsg.lt\/bdar\/\",\"name\":\"BDAR - startmsg.lt\",\"isPartOf\":{\"@id\":\"https:\/\/startmsg.lt\/#website\"},\"datePublished\":\"2024-10-12T22:30:05+00:00\",\"dateModified\":\"2025-06-01T21:30:13+00:00\",\"breadcrumb\":{\"@id\":\"https:\/\/startmsg.lt\/bdar\/#breadcrumb\"},\"inLanguage\":\"it-IT\",\"potentialAction\":[{\"@type\":\"ReadAction\",\"target\":[\"https:\/\/startmsg.lt\/bdar\/\"]}]},{\"@type\":\"BreadcrumbList\",\"@id\":\"https:\/\/startmsg.lt\/bdar\/#breadcrumb\",\"itemListElement\":[{\"@type\":\"ListItem\",\"position\":1,\"name\":\"Home\",\"item\":\"https:\/\/startmsg.lt\/\"},{\"@type\":\"ListItem\",\"position\":2,\"name\":\"BDAR\"}]},{\"@type\":\"WebSite\",\"@id\":\"https:\/\/startmsg.lt\/#website\",\"url\":\"https:\/\/startmsg.lt\/\",\"name\":\"startmsg.lt\",\"description\":\"\",\"publisher\":{\"@id\":\"https:\/\/startmsg.lt\/#organization\"},\"potentialAction\":[{\"@type\":\"SearchAction\",\"target\":{\"@type\":\"EntryPoint\",\"urlTemplate\":\"https:\/\/startmsg.lt\/?s={search_term_string}\"},\"query-input\":{\"@type\":\"PropertyValueSpecification\",\"valueRequired\":true,\"valueName\":\"search_term_string\"}}],\"inLanguage\":\"it-IT\"},{\"@type\":\"Organization\",\"@id\":\"https:\/\/startmsg.lt\/#organization\",\"name\":\"startmsg.lt\",\"url\":\"https:\/\/startmsg.lt\/\",\"logo\":{\"@type\":\"ImageObject\",\"inLanguage\":\"it-IT\",\"@id\":\"https:\/\/startmsg.lt\/#\/schema\/logo\/image\/\",\"url\":\"https:\/\/startmsg.lt\/wp-content\/uploads\/2024\/01\/favicon.png\",\"contentUrl\":\"https:\/\/startmsg.lt\/wp-content\/uploads\/2024\/01\/favicon.png\",\"width\":196,\"height\":196,\"caption\":\"startmsg.lt\"},\"image\":{\"@id\":\"https:\/\/startmsg.lt\/#\/schema\/logo\/image\/\"},\"sameAs\":[\"https:\/\/facebook.com\/chatbotas\",\"https:\/\/www.instagram.com\/chatbotas\"]}]}<\/script>\n<!-- \/ Yoast SEO Premium plugin. -->","yoast_head_json":{"title":"GDPR - startmsg.lt","robots":{"index":"index","follow":"follow","max-snippet":"max-snippet:-1","max-image-preview":"max-image-preview:large","max-video-preview":"max-video-preview:-1"},"canonical":"https:\/\/startmsg.lt\/it\/bdar\/","og_locale":"it_IT","og_type":"article","og_title":"BDAR","og_description":"Kas yra BDAR? BDAR \u2013 tai Bendrasis duomen\u0173 apsaugos reglamentas (angl. General Data Protection Regulation). Naujas ES \u012fvestas \u012fstatymas, skirtas apsaugoti naudotoj\u0173 [&hellip;]","og_url":"https:\/\/startmsg.lt\/it\/bdar\/","og_site_name":"startmsg.lt","article_publisher":"https:\/\/facebook.com\/chatbotas","article_modified_time":"2025-06-01T21:30:13+00:00","twitter_card":"summary_large_image","twitter_misc":{"Tempo di lettura stimato":"7 minuti"},"schema":{"@context":"https:\/\/schema.org","@graph":[{"@type":"WebPage","@id":"https:\/\/startmsg.lt\/bdar\/","url":"https:\/\/startmsg.lt\/bdar\/","name":"GDPR - startmsg.lt","isPartOf":{"@id":"https:\/\/startmsg.lt\/#website"},"datePublished":"2024-10-12T22:30:05+00:00","dateModified":"2025-06-01T21:30:13+00:00","breadcrumb":{"@id":"https:\/\/startmsg.lt\/bdar\/#breadcrumb"},"inLanguage":"it-IT","potentialAction":[{"@type":"ReadAction","target":["https:\/\/startmsg.lt\/bdar\/"]}]},{"@type":"BreadcrumbList","@id":"https:\/\/startmsg.lt\/bdar\/#breadcrumb","itemListElement":[{"@type":"ListItem","position":1,"name":"Home","item":"https:\/\/startmsg.lt\/"},{"@type":"ListItem","position":2,"name":"BDAR"}]},{"@type":"WebSite","@id":"https:\/\/startmsg.lt\/#website","url":"https:\/\/startmsg.lt\/","name":"startmsg.lt","description":"","publisher":{"@id":"https:\/\/startmsg.lt\/#organization"},"potentialAction":[{"@type":"SearchAction","target":{"@type":"EntryPoint","urlTemplate":"https:\/\/startmsg.lt\/?s={search_term_string}"},"query-input":{"@type":"PropertyValueSpecification","valueRequired":true,"valueName":"search_term_string"}}],"inLanguage":"it-IT"},{"@type":"Organization","@id":"https:\/\/startmsg.lt\/#organization","name":"startmsg.lt","url":"https:\/\/startmsg.lt\/","logo":{"@type":"ImageObject","inLanguage":"it-IT","@id":"https:\/\/startmsg.lt\/#\/schema\/logo\/image\/","url":"https:\/\/startmsg.lt\/wp-content\/uploads\/2024\/01\/favicon.png","contentUrl":"https:\/\/startmsg.lt\/wp-content\/uploads\/2024\/01\/favicon.png","width":196,"height":196,"caption":"startmsg.lt"},"image":{"@id":"https:\/\/startmsg.lt\/#\/schema\/logo\/image\/"},"sameAs":["https:\/\/facebook.com\/chatbotas","https:\/\/www.instagram.com\/chatbotas"]}]}},"_links":{"self":[{"href":"https:\/\/startmsg.lt\/it\/wp-json\/wp\/v2\/pages\/1072","targetHints":{"allow":["GET"]}}],"collection":[{"href":"https:\/\/startmsg.lt\/it\/wp-json\/wp\/v2\/pages"}],"about":[{"href":"https:\/\/startmsg.lt\/it\/wp-json\/wp\/v2\/types\/page"}],"author":[{"embeddable":true,"href":"https:\/\/startmsg.lt\/it\/wp-json\/wp\/v2\/users\/1"}],"replies":[{"embeddable":true,"href":"https:\/\/startmsg.lt\/it\/wp-json\/wp\/v2\/comments?post=1072"}],"version-history":[{"count":8,"href":"https:\/\/startmsg.lt\/it\/wp-json\/wp\/v2\/pages\/1072\/revisions"}],"predecessor-version":[{"id":2430,"href":"https:\/\/startmsg.lt\/it\/wp-json\/wp\/v2\/pages\/1072\/revisions\/2430"}],"wp:attachment":[{"href":"https:\/\/startmsg.lt\/it\/wp-json\/wp\/v2\/media?parent=1072"}],"curies":[{"name":"wp","href":"https:\/\/api.w.org\/{rel}","templated":true}]}}