{"id":3,"date":"2024-01-30T13:41:47","date_gmt":"2024-01-30T13:41:47","guid":{"rendered":"http:\/\/startmsg.lt\/?page_id=3"},"modified":"2025-06-01T21:30:42","modified_gmt":"2025-06-01T21:30:42","slug":"politique-de-confidentialite","status":"publish","type":"page","link":"https:\/\/startmsg.lt\/fr\/politique-de-confidentialite\/","title":{"rendered":"Politique de confidentialit\u00e9"},"content":{"rendered":"<div data-elementor-type=\"wp-page\" data-elementor-id=\"3\" class=\"elementor elementor-3\" data-elementor-settings=\"{&quot;element_pack_global_tooltip_width&quot;:{&quot;unit&quot;:&quot;px&quot;,&quot;size&quot;:&quot;&quot;,&quot;sizes&quot;:[]},&quot;element_pack_global_tooltip_width_tablet&quot;:{&quot;unit&quot;:&quot;px&quot;,&quot;size&quot;:&quot;&quot;,&quot;sizes&quot;:[]},&quot;element_pack_global_tooltip_width_mobile&quot;:{&quot;unit&quot;:&quot;px&quot;,&quot;size&quot;:&quot;&quot;,&quot;sizes&quot;:[]},&quot;element_pack_global_tooltip_padding&quot;:{&quot;unit&quot;:&quot;px&quot;,&quot;top&quot;:&quot;&quot;,&quot;right&quot;:&quot;&quot;,&quot;bottom&quot;:&quot;&quot;,&quot;left&quot;:&quot;&quot;,&quot;isLinked&quot;:true},&quot;element_pack_global_tooltip_padding_tablet&quot;:{&quot;unit&quot;:&quot;px&quot;,&quot;top&quot;:&quot;&quot;,&quot;right&quot;:&quot;&quot;,&quot;bottom&quot;:&quot;&quot;,&quot;left&quot;:&quot;&quot;,&quot;isLinked&quot;:true},&quot;element_pack_global_tooltip_padding_mobile&quot;:{&quot;unit&quot;:&quot;px&quot;,&quot;top&quot;:&quot;&quot;,&quot;right&quot;:&quot;&quot;,&quot;bottom&quot;:&quot;&quot;,&quot;left&quot;:&quot;&quot;,&quot;isLinked&quot;:true},&quot;element_pack_global_tooltip_border_radius&quot;:{&quot;unit&quot;:&quot;px&quot;,&quot;top&quot;:&quot;&quot;,&quot;right&quot;:&quot;&quot;,&quot;bottom&quot;:&quot;&quot;,&quot;left&quot;:&quot;&quot;,&quot;isLinked&quot;:true},&quot;element_pack_global_tooltip_border_radius_tablet&quot;:{&quot;unit&quot;:&quot;px&quot;,&quot;top&quot;:&quot;&quot;,&quot;right&quot;:&quot;&quot;,&quot;bottom&quot;:&quot;&quot;,&quot;left&quot;:&quot;&quot;,&quot;isLinked&quot;:true},&quot;element_pack_global_tooltip_border_radius_mobile&quot;:{&quot;unit&quot;:&quot;px&quot;,&quot;top&quot;:&quot;&quot;,&quot;right&quot;:&quot;&quot;,&quot;bottom&quot;:&quot;&quot;,&quot;left&quot;:&quot;&quot;,&quot;isLinked&quot;:true}}\">\n\t\t\t\t<div class=\"elementor-element elementor-element-0623705 e-flex e-con-boxed e-con e-parent\" data-id=\"0623705\" data-element_type=\"container\">\n\t\t\t\t\t<div class=\"e-con-inner\">\n\t\t\t\t<div class=\"elementor-element elementor-element-ba1afd1 elementor-widget elementor-widget-spacer\" data-id=\"ba1afd1\" data-element_type=\"widget\" data-widget_type=\"spacer.default\">\n\t\t\t\t<div class=\"elementor-widget-container\">\n\t\t\t\t\t\t\t<div class=\"elementor-spacer\">\n\t\t\t<div class=\"elementor-spacer-inner\"><\/div>\n\t\t<\/div>\n\t\t\t\t\t\t<\/div>\n\t\t\t\t<\/div>\n\t\t\t\t\t<\/div>\n\t\t\t\t<\/div>\n\t\t<div class=\"elementor-element elementor-element-5cea823 e-flex e-con-boxed e-con e-parent\" data-id=\"5cea823\" data-element_type=\"container\">\n\t\t\t\t\t<div class=\"e-con-inner\">\n\t\t\t\t<div class=\"elementor-element elementor-element-ef52721 elementor-widget elementor-widget-text-editor\" data-id=\"ef52721\" data-element_type=\"widget\" data-widget_type=\"text-editor.default\">\n\t\t\t\t<div class=\"elementor-widget-container\">\n\t\t\t\t\t\t\t\t\t<div class=\"term\"><div class=\"term__title\"><h3>Introduction<\/h3><\/div><p>\u00a0<\/p><p><strong>Bienvenue \u00e0 <a href=\"https:\/\/startmsg.com\" target=\"_new\" rel=\"noopener\">https:\/\/startmsg.com<\/a> \/<a href=\"https:\/\/startmsg.lt\/fr\/\" target=\"_new\" rel=\"noopener\"> https:\/\/startmsg.lt<\/a> (site web).<\/strong> Nous comprenons que la protection de la vie priv\u00e9e en ligne est importante pour les utilisateurs de notre site web, en particulier dans le cadre de leurs activit\u00e9s professionnelles. La pr\u00e9sente politique de confidentialit\u00e9 r\u00e9git nos pratiques en mati\u00e8re de protection de la vie priv\u00e9e pour les utilisateurs du site (visiteurs) qui le visitent sans y exercer d'activit\u00e9s commerciales et pour les visiteurs qui s'inscrivent pour exercer des activit\u00e9s commerciales sur le site et utiliser les divers services offerts par cette application (collectivement, les \"services\") (clients autoris\u00e9s).<\/p><h3>Informations d'identification personnelle<\/h3><p>Les informations personnellement identifiables sont toutes les informations qui identifient ou peuvent \u00eatre utilis\u00e9es pour identifier, contacter ou localiser la personne \u00e0 laquelle elles appartiennent, y compris, mais sans s'y limiter, le nom, l'adresse, le num\u00e9ro de t\u00e9l\u00e9phone, le num\u00e9ro de t\u00e9l\u00e9copie, l'adresse \u00e9lectronique, les donn\u00e9es financi\u00e8res, le num\u00e9ro de s\u00e9curit\u00e9 sociale et les informations relatives \u00e0 la carte de cr\u00e9dit. Les informations personnellement identifiables ne comprennent pas les informations collect\u00e9es de mani\u00e8re anonyme (c'est-\u00e0-dire sans identifier l'utilisateur) ou les informations d\u00e9mographiques qui ne sont pas li\u00e9es \u00e0 une personne identifi\u00e9e.<\/p><h3>Quelles sont les donn\u00e9es d'identification personnelle que nous collectons ?<\/h3><p>Nous pouvons recueillir des informations de base sur le profil de l'utilisateur aupr\u00e8s de tous nos visiteurs. En outre, nous recueillons les informations suppl\u00e9mentaires suivantes aupr\u00e8s des clients autoris\u00e9s : noms, adresses, num\u00e9ros de t\u00e9l\u00e9phone et adresses \u00e9lectroniques, nature et taille de l'entreprise, et nature et taille de l'inventaire publicitaire que le client autoris\u00e9 a l'intention d'acheter ou de vendre.<\/p><h3>Quelles sont les organisations qui collectent des informations ?<\/h3><p>Outre notre collecte directe d'informations, nos prestataires de services tiers (tels que les soci\u00e9t\u00e9s de cartes de cr\u00e9dit, les centres de paiement et les banques) qui fournissent des services tels que des services de cr\u00e9dit, d'assurance et de d\u00e9p\u00f4t peuvent collecter ces informations aupr\u00e8s de nos visiteurs et de nos clients autoris\u00e9s. Nous ne contr\u00f4lons pas la mani\u00e8re dont ces tiers utilisent ces informations, mais nous leur demandons de divulguer la mani\u00e8re dont ils utilisent les informations personnelles qu'ils re\u00e7oivent des visiteurs et des clients autoris\u00e9s.<\/p><h3>Comment le site Web utilise-t-il les informations personnellement identifiables ?<\/h3><p>Nous utilisons les informations personnelles identifiables pour personnaliser le site web, offrir des services pertinents et r\u00e9pondre aux demandes d'achat et de vente. Nous pouvons envoyer des courriers \u00e9lectroniques aux visiteurs et aux clients autoris\u00e9s au sujet de demandes, d'opportunit\u00e9s d'achat et de vente, ou d'informations li\u00e9es \u00e0 l'objet du site. Nous pouvons \u00e9galement utiliser des informations personnellement identifiables pour r\u00e9pondre \u00e0 des demandes sp\u00e9cifiques ou fournir les informations demand\u00e9es.<\/p><h3>Avec qui les informations peuvent-elles \u00eatre partag\u00e9es ?<\/h3><p>Les informations personnellement identifiables concernant les clients autoris\u00e9s peuvent \u00eatre partag\u00e9es avec d'autres clients autoris\u00e9s qui souhaitent \u00e9valuer des opportunit\u00e9s de transactions potentielles. Nous pouvons partager des informations agr\u00e9g\u00e9es sur nos visiteurs, y compris des informations d\u00e9mographiques sur nos visiteurs et nos clients autoris\u00e9s, avec nos agences affili\u00e9es et des vendeurs tiers. Nous vous offrons \u00e9galement la possibilit\u00e9 de refuser de recevoir des informations ou d'\u00eatre contact\u00e9 par nous ou par toute agence agissant en notre nom.<\/p><h3>Comment les informations d'identification personnelle sont-elles stock\u00e9es ?<\/h3><p>Les informations d'identification personnelle recueillies sont stock\u00e9es en toute s\u00e9curit\u00e9 et ne sont pas mises \u00e0 la disposition de tiers ou de nos employ\u00e9s, sauf lorsqu'elles sont utilis\u00e9es aux fins d\u00e9crites ci-dessus.<\/p><h3>Quels sont les choix des visiteurs en ce qui concerne la collecte, l'utilisation et la diffusion des informations ?<\/h3><p>Les visiteurs et les clients autoris\u00e9s peuvent refuser de recevoir des informations non sollicit\u00e9es de notre part et\/ou de celle de nos fournisseurs et agences affili\u00e9es en r\u00e9pondant aux courriels conform\u00e9ment aux instructions fournies ou en nous contactant.<\/p><h3>Des cookies sont-ils utilis\u00e9s sur le site web ?<\/h3><p>Oui, les cookies sont utilis\u00e9s pour diverses raisons. Nous les utilisons pour obtenir des informations sur les pr\u00e9f\u00e9rences et les choix de services de nos visiteurs. Nous utilisons \u00e9galement des cookies \u00e0 des fins de s\u00e9curit\u00e9 pour prot\u00e9ger les clients autoris\u00e9s.<\/p><h3>Comment l'application utilise-t-elle les informations de connexion ?<\/h3><p>L'application utilise les informations de connexion, y compris, mais sans s'y limiter, les adresses IP, les fournisseurs d'acc\u00e8s Internet (FAI) et les types de navigateurs, pour analyser les tendances, administrer le site, suivre les mouvements des utilisateurs et l'utilisation du site, et recueillir des informations d\u00e9mographiques g\u00e9n\u00e9rales.<\/p><h3>Comment le site Web stocke-t-il les informations personnelles identifiables ?<\/h3><p>Tous nos employ\u00e9s connaissent nos politiques et proc\u00e9dures de s\u00e9curit\u00e9. Les informations personnellement identifiables appartenant aux visiteurs et aux clients autoris\u00e9s ne sont accessibles qu'\u00e0 un nombre limit\u00e9 d'employ\u00e9s qualifi\u00e9s qui disposent de mots de passe pour acc\u00e9der \u00e0 ces informations.<\/p><h3>Quels partenaires ou prestataires de services ont acc\u00e8s aux informations personnellement identifiables des visiteurs et\/ou des clients autoris\u00e9s sur le site web ?<\/h3><p>L'application a conclu et continuera de conclure des partenariats et d'autres accords de coop\u00e9ration avec divers fournisseurs. Ces fournisseurs peuvent avoir acc\u00e8s \u00e0 certaines informations personnellement identifiables sur la base du \"besoin de savoir\" dans le but d'\u00e9valuer l'\u00e9ligibilit\u00e9 des Clients Autoris\u00e9s aux services. Notre politique de confidentialit\u00e9 ne couvre pas la collecte ou l'utilisation d'informations provenant de ces fournisseurs. Divulgation d'informations personnellement identifiables pour se conformer \u00e0 la loi : nous divulguerons des informations personnellement identifiables pour nous conformer \u00e0 une d\u00e9cision de justice ou \u00e0 une citation \u00e0 compara\u00eetre, ou \u00e0 une demande d'information \u00e9manant d'un organisme charg\u00e9 de l'application de la loi. Nous divulguerons \u00e9galement des informations personnellement identifiables lorsque cela sera raisonnablement n\u00e9cessaire pour prot\u00e9ger la s\u00e9curit\u00e9 de nos visiteurs et de nos clients autoris\u00e9s.<\/p><h3>Comment le site Web stocke-t-il les informations personnelles identifiables ?<\/h3><p>Tous nos employ\u00e9s connaissent nos politiques et proc\u00e9dures de s\u00e9curit\u00e9. Les informations personnellement identifiables appartenant aux visiteurs et aux clients autoris\u00e9s ne sont accessibles qu'\u00e0 un nombre limit\u00e9 d'employ\u00e9s qualifi\u00e9s qui disposent de mots de passe pour acc\u00e9der \u00e0 ces informations. Nous r\u00e9visons r\u00e9guli\u00e8rement nos syst\u00e8mes et proc\u00e9dures de s\u00e9curit\u00e9. Les informations sensibles, telles que les num\u00e9ros de carte de cr\u00e9dit ou les num\u00e9ros de s\u00e9curit\u00e9 sociale, sont prot\u00e9g\u00e9es par des protocoles de cryptage afin de prot\u00e9ger les informations envoy\u00e9es sur l'internet. Bien que nous prenions des mesures commercialement raisonnables pour assurer la s\u00e9curit\u00e9 du site web, les communications \u00e9lectroniques et les bases de donn\u00e9es sont vuln\u00e9rables aux erreurs, au piratage et \u00e0 d'autres incidents, et nous ne pouvons pas garantir que de tels \u00e9v\u00e9nements ne se produiront pas, et nous n'acceptons pas la responsabilit\u00e9 de tels \u00e9v\u00e9nements pour les visiteurs ou les clients autoris\u00e9s.<\/p><h3>Comment les visiteurs peuvent-ils corriger les inexactitudes dans les informations d'identification personnelle ?<\/h3><p>Les visiteurs et les clients autoris\u00e9s peuvent nous contacter pour mettre \u00e0 jour ou corriger les informations personnelles identifiables les concernant en nous envoyant un courrier \u00e9lectronique : <a rel=\"noopener\">support@startmsg.com<\/a>.<\/p><h3>Un visiteur peut-il supprimer ou d\u00e9sactiver les informations personnelles identifiables collect\u00e9es sur le site ?<\/h3><p>Nous fournissons aux visiteurs et aux clients autoris\u00e9s un m\u00e9canisme permettant de supprimer\/d\u00e9sactiver des informations personnellement identifiables de la base de donn\u00e9es du site web en nous contactant. Toutefois, en raison des sauvegardes et des suppressions, il peut s'av\u00e9rer impossible de supprimer compl\u00e8tement l'enregistrement d'un visiteur sans que certaines informations ne subsistent. Une personne qui demande la d\u00e9sactivation d'informations personnellement identifiables verra ces informations supprim\u00e9es de mani\u00e8re fonctionnelle, et nous ne vendrons pas, ne transf\u00e9rerons pas et n'utiliserons pas ces informations de quelque mani\u00e8re que ce soit \u00e0 l'avenir.<\/p><h3>Que se passe-t-il en cas de modification de la politique de confidentialit\u00e9 ?<\/h3><p>Nous informerons nos visiteurs et nos clients autoris\u00e9s des modifications apport\u00e9es \u00e0 notre politique de confidentialit\u00e9 en publiant ces modifications sur le site. Toutefois, si nous modifions notre politique de confidentialit\u00e9 d'une mani\u00e8re qui pourrait entra\u00eener la divulgation d'informations personnellement identifiables qu'un visiteur ou un client autoris\u00e9 a pr\u00e9c\u00e9demment demand\u00e9 de ne pas divulguer, nous contacterons ce visiteur ou ce client autoris\u00e9 pour lui permettre d'emp\u00eacher une telle divulgation.<\/p><h3>R\u00e9f\u00e9rences :<\/h3><p><a href=\"https:\/\/startmsg.com\" target=\"_new\" rel=\"noopener\">Startmsg.com<\/a> \/ <a href=\"https:\/\/startmsg.lt\/fr\/\">Startmsg.lt<\/a> peut contenir des liens vers d'autres sites web. Veuillez noter que si vous cliquez sur l'un de ces liens, vous serez dirig\u00e9 vers un autre site web. Nous vous encourageons \u00e0 consulter les politiques de confidentialit\u00e9 de ces sites, car elles peuvent diff\u00e9rer des n\u00f4tres.<\/p><\/div>\t\t\t\t\t\t\t\t<\/div>\n\t\t\t\t<\/div>\n\t\t\t\t\t<\/div>\n\t\t\t\t<\/div>\n\t\t\t\t<\/div>","protected":false},"excerpt":{"rendered":"<p>\u012evadas \u00a0 Sveiki atvyk\u0119 \u012f https:\/\/startmsg.com \/ https:\/\/startmsg.lt (Svetain\u0117). Mes suprantame, kad privatumas internete yra svarbus m\u016bs\u0173 Svetain\u0117s naudotojams, ypa\u010d vykdant verslo [&hellip;]<\/p>","protected":false},"author":1,"featured_media":0,"parent":0,"menu_order":0,"comment_status":"closed","ping_status":"open","template":"","meta":{"footnotes":""},"class_list":["post-3","page","type-page","status-publish","hentry"],"yoast_head":"<!-- This site is optimized with the Yoast SEO Premium plugin v23.8 (Yoast SEO v26.4) - https:\/\/yoast.com\/wordpress\/plugins\/seo\/ -->\n<title>Privatumo politika - startmsg.lt<\/title>\n<meta name=\"robots\" content=\"index, nofollow, max-snippet:-1, max-image-preview:large, max-video-preview:-1\" \/>\n<link rel=\"canonical\" href=\"https:\/\/startmsg.lt\/fr\/politique-de-confidentialite\/\" \/>\n<meta property=\"og:locale\" content=\"fr_FR\" \/>\n<meta property=\"og:type\" content=\"article\" \/>\n<meta property=\"og:title\" content=\"Privatumo politika\" \/>\n<meta property=\"og:description\" content=\"\u012evadas \u00a0 Sveiki atvyk\u0119 \u012f https:\/\/startmsg.com \/ https:\/\/startmsg.lt (Svetain\u0117). Mes suprantame, kad privatumas internete yra svarbus m\u016bs\u0173 Svetain\u0117s naudotojams, ypa\u010d vykdant verslo [&hellip;]\" \/>\n<meta property=\"og:url\" content=\"https:\/\/startmsg.lt\/fr\/politique-de-confidentialite\/\" \/>\n<meta property=\"og:site_name\" content=\"startmsg.lt\" \/>\n<meta property=\"article:publisher\" content=\"https:\/\/facebook.com\/chatbotas\" \/>\n<meta property=\"article:modified_time\" content=\"2025-06-01T21:30:42+00:00\" \/>\n<meta name=\"twitter:card\" content=\"summary_large_image\" \/>\n<meta name=\"twitter:label1\" content=\"Dur\u00e9e de lecture estim\u00e9e\" \/>\n\t<meta name=\"twitter:data1\" content=\"6 minutes\" \/>\n<script type=\"application\/ld+json\" class=\"yoast-schema-graph\">{\"@context\":\"https:\/\/schema.org\",\"@graph\":[{\"@type\":\"WebPage\",\"@id\":\"https:\/\/startmsg.lt\/privatumo-politika\/\",\"url\":\"https:\/\/startmsg.lt\/privatumo-politika\/\",\"name\":\"Privatumo politika - startmsg.lt\",\"isPartOf\":{\"@id\":\"https:\/\/startmsg.lt\/#website\"},\"datePublished\":\"2024-01-30T13:41:47+00:00\",\"dateModified\":\"2025-06-01T21:30:42+00:00\",\"breadcrumb\":{\"@id\":\"https:\/\/startmsg.lt\/privatumo-politika\/#breadcrumb\"},\"inLanguage\":\"fr-FR\",\"potentialAction\":[{\"@type\":\"ReadAction\",\"target\":[\"https:\/\/startmsg.lt\/privatumo-politika\/\"]}]},{\"@type\":\"BreadcrumbList\",\"@id\":\"https:\/\/startmsg.lt\/privatumo-politika\/#breadcrumb\",\"itemListElement\":[{\"@type\":\"ListItem\",\"position\":1,\"name\":\"Home\",\"item\":\"https:\/\/startmsg.lt\/\"},{\"@type\":\"ListItem\",\"position\":2,\"name\":\"Privatumo politika\"}]},{\"@type\":\"WebSite\",\"@id\":\"https:\/\/startmsg.lt\/#website\",\"url\":\"https:\/\/startmsg.lt\/\",\"name\":\"startmsg.lt\",\"description\":\"\",\"publisher\":{\"@id\":\"https:\/\/startmsg.lt\/#organization\"},\"potentialAction\":[{\"@type\":\"SearchAction\",\"target\":{\"@type\":\"EntryPoint\",\"urlTemplate\":\"https:\/\/startmsg.lt\/?s={search_term_string}\"},\"query-input\":{\"@type\":\"PropertyValueSpecification\",\"valueRequired\":true,\"valueName\":\"search_term_string\"}}],\"inLanguage\":\"fr-FR\"},{\"@type\":\"Organization\",\"@id\":\"https:\/\/startmsg.lt\/#organization\",\"name\":\"startmsg.lt\",\"url\":\"https:\/\/startmsg.lt\/\",\"logo\":{\"@type\":\"ImageObject\",\"inLanguage\":\"fr-FR\",\"@id\":\"https:\/\/startmsg.lt\/#\/schema\/logo\/image\/\",\"url\":\"https:\/\/startmsg.lt\/wp-content\/uploads\/2024\/01\/favicon.png\",\"contentUrl\":\"https:\/\/startmsg.lt\/wp-content\/uploads\/2024\/01\/favicon.png\",\"width\":196,\"height\":196,\"caption\":\"startmsg.lt\"},\"image\":{\"@id\":\"https:\/\/startmsg.lt\/#\/schema\/logo\/image\/\"},\"sameAs\":[\"https:\/\/facebook.com\/chatbotas\",\"https:\/\/www.instagram.com\/chatbotas\"]}]}<\/script>\n<!-- \/ Yoast SEO Premium plugin. -->","yoast_head_json":{"title":"Politique de confidentialit\u00e9 - startmsg.lt","robots":{"index":"index","follow":"nofollow","max-snippet":"max-snippet:-1","max-image-preview":"max-image-preview:large","max-video-preview":"max-video-preview:-1"},"canonical":"https:\/\/startmsg.lt\/fr\/politique-de-confidentialite\/","og_locale":"fr_FR","og_type":"article","og_title":"Privatumo politika","og_description":"\u012evadas \u00a0 Sveiki atvyk\u0119 \u012f https:\/\/startmsg.com \/ https:\/\/startmsg.lt (Svetain\u0117). Mes suprantame, kad privatumas internete yra svarbus m\u016bs\u0173 Svetain\u0117s naudotojams, ypa\u010d vykdant verslo [&hellip;]","og_url":"https:\/\/startmsg.lt\/fr\/politique-de-confidentialite\/","og_site_name":"startmsg.lt","article_publisher":"https:\/\/facebook.com\/chatbotas","article_modified_time":"2025-06-01T21:30:42+00:00","twitter_card":"summary_large_image","twitter_misc":{"Dur\u00e9e de lecture estim\u00e9e":"6 minutes"},"schema":{"@context":"https:\/\/schema.org","@graph":[{"@type":"WebPage","@id":"https:\/\/startmsg.lt\/privatumo-politika\/","url":"https:\/\/startmsg.lt\/privatumo-politika\/","name":"Politique de confidentialit\u00e9 - startmsg.lt","isPartOf":{"@id":"https:\/\/startmsg.lt\/#website"},"datePublished":"2024-01-30T13:41:47+00:00","dateModified":"2025-06-01T21:30:42+00:00","breadcrumb":{"@id":"https:\/\/startmsg.lt\/privatumo-politika\/#breadcrumb"},"inLanguage":"fr-FR","potentialAction":[{"@type":"ReadAction","target":["https:\/\/startmsg.lt\/privatumo-politika\/"]}]},{"@type":"BreadcrumbList","@id":"https:\/\/startmsg.lt\/privatumo-politika\/#breadcrumb","itemListElement":[{"@type":"ListItem","position":1,"name":"Home","item":"https:\/\/startmsg.lt\/"},{"@type":"ListItem","position":2,"name":"Privatumo politika"}]},{"@type":"WebSite","@id":"https:\/\/startmsg.lt\/#website","url":"https:\/\/startmsg.lt\/","name":"startmsg.lt","description":"","publisher":{"@id":"https:\/\/startmsg.lt\/#organization"},"potentialAction":[{"@type":"SearchAction","target":{"@type":"EntryPoint","urlTemplate":"https:\/\/startmsg.lt\/?s={search_term_string}"},"query-input":{"@type":"PropertyValueSpecification","valueRequired":true,"valueName":"search_term_string"}}],"inLanguage":"fr-FR"},{"@type":"Organization","@id":"https:\/\/startmsg.lt\/#organization","name":"startmsg.lt","url":"https:\/\/startmsg.lt\/","logo":{"@type":"ImageObject","inLanguage":"fr-FR","@id":"https:\/\/startmsg.lt\/#\/schema\/logo\/image\/","url":"https:\/\/startmsg.lt\/wp-content\/uploads\/2024\/01\/favicon.png","contentUrl":"https:\/\/startmsg.lt\/wp-content\/uploads\/2024\/01\/favicon.png","width":196,"height":196,"caption":"startmsg.lt"},"image":{"@id":"https:\/\/startmsg.lt\/#\/schema\/logo\/image\/"},"sameAs":["https:\/\/facebook.com\/chatbotas","https:\/\/www.instagram.com\/chatbotas"]}]}},"_links":{"self":[{"href":"https:\/\/startmsg.lt\/fr\/wp-json\/wp\/v2\/pages\/3","targetHints":{"allow":["GET"]}}],"collection":[{"href":"https:\/\/startmsg.lt\/fr\/wp-json\/wp\/v2\/pages"}],"about":[{"href":"https:\/\/startmsg.lt\/fr\/wp-json\/wp\/v2\/types\/page"}],"author":[{"embeddable":true,"href":"https:\/\/startmsg.lt\/fr\/wp-json\/wp\/v2\/users\/1"}],"replies":[{"embeddable":true,"href":"https:\/\/startmsg.lt\/fr\/wp-json\/wp\/v2\/comments?post=3"}],"version-history":[{"count":15,"href":"https:\/\/startmsg.lt\/fr\/wp-json\/wp\/v2\/pages\/3\/revisions"}],"predecessor-version":[{"id":2433,"href":"https:\/\/startmsg.lt\/fr\/wp-json\/wp\/v2\/pages\/3\/revisions\/2433"}],"wp:attachment":[{"href":"https:\/\/startmsg.lt\/fr\/wp-json\/wp\/v2\/media?parent=3"}],"curies":[{"name":"wp","href":"https:\/\/api.w.org\/{rel}","templated":true}]}}