{"id":1078,"date":"2024-10-12T22:41:56","date_gmt":"2024-10-12T22:41:56","guid":{"rendered":"https:\/\/startmsg.lt\/?page_id=1078"},"modified":"2025-06-01T21:31:13","modified_gmt":"2025-06-01T21:31:13","slug":"conditions-generales","status":"publish","type":"page","link":"https:\/\/startmsg.lt\/fr\/conditions-generales\/","title":{"rendered":"Conditions g\u00e9n\u00e9rales d'utilisation"},"content":{"rendered":"<div data-elementor-type=\"wp-page\" data-elementor-id=\"1078\" class=\"elementor elementor-1078\" data-elementor-settings=\"{&quot;element_pack_global_tooltip_width&quot;:{&quot;unit&quot;:&quot;px&quot;,&quot;size&quot;:&quot;&quot;,&quot;sizes&quot;:[]},&quot;element_pack_global_tooltip_width_tablet&quot;:{&quot;unit&quot;:&quot;px&quot;,&quot;size&quot;:&quot;&quot;,&quot;sizes&quot;:[]},&quot;element_pack_global_tooltip_width_mobile&quot;:{&quot;unit&quot;:&quot;px&quot;,&quot;size&quot;:&quot;&quot;,&quot;sizes&quot;:[]},&quot;element_pack_global_tooltip_padding&quot;:{&quot;unit&quot;:&quot;px&quot;,&quot;top&quot;:&quot;&quot;,&quot;right&quot;:&quot;&quot;,&quot;bottom&quot;:&quot;&quot;,&quot;left&quot;:&quot;&quot;,&quot;isLinked&quot;:true},&quot;element_pack_global_tooltip_padding_tablet&quot;:{&quot;unit&quot;:&quot;px&quot;,&quot;top&quot;:&quot;&quot;,&quot;right&quot;:&quot;&quot;,&quot;bottom&quot;:&quot;&quot;,&quot;left&quot;:&quot;&quot;,&quot;isLinked&quot;:true},&quot;element_pack_global_tooltip_padding_mobile&quot;:{&quot;unit&quot;:&quot;px&quot;,&quot;top&quot;:&quot;&quot;,&quot;right&quot;:&quot;&quot;,&quot;bottom&quot;:&quot;&quot;,&quot;left&quot;:&quot;&quot;,&quot;isLinked&quot;:true},&quot;element_pack_global_tooltip_border_radius&quot;:{&quot;unit&quot;:&quot;px&quot;,&quot;top&quot;:&quot;&quot;,&quot;right&quot;:&quot;&quot;,&quot;bottom&quot;:&quot;&quot;,&quot;left&quot;:&quot;&quot;,&quot;isLinked&quot;:true},&quot;element_pack_global_tooltip_border_radius_tablet&quot;:{&quot;unit&quot;:&quot;px&quot;,&quot;top&quot;:&quot;&quot;,&quot;right&quot;:&quot;&quot;,&quot;bottom&quot;:&quot;&quot;,&quot;left&quot;:&quot;&quot;,&quot;isLinked&quot;:true},&quot;element_pack_global_tooltip_border_radius_mobile&quot;:{&quot;unit&quot;:&quot;px&quot;,&quot;top&quot;:&quot;&quot;,&quot;right&quot;:&quot;&quot;,&quot;bottom&quot;:&quot;&quot;,&quot;left&quot;:&quot;&quot;,&quot;isLinked&quot;:true}}\">\n\t\t\t\t<div class=\"elementor-element elementor-element-ede0e80 e-flex e-con-boxed e-con e-parent\" data-id=\"ede0e80\" data-element_type=\"container\">\n\t\t\t\t\t<div class=\"e-con-inner\">\n\t\t\t\t<div class=\"elementor-element elementor-element-b3515d5 elementor-widget elementor-widget-spacer\" data-id=\"b3515d5\" data-element_type=\"widget\" data-widget_type=\"spacer.default\">\n\t\t\t\t<div class=\"elementor-widget-container\">\n\t\t\t\t\t\t\t<div class=\"elementor-spacer\">\n\t\t\t<div class=\"elementor-spacer-inner\"><\/div>\n\t\t<\/div>\n\t\t\t\t\t\t<\/div>\n\t\t\t\t<\/div>\n\t\t\t\t<div class=\"elementor-element elementor-element-9a041c7 elementor-widget elementor-widget-text-editor\" data-id=\"9a041c7\" data-element_type=\"widget\" data-widget_type=\"text-editor.default\">\n\t\t\t\t<div class=\"elementor-widget-container\">\n\t\t\t\t\t\t\t\t\t<p><strong>S'ABONNER OU UTILISER Startmsg.com \/ Startmsg.com, VOUS AFFIRMEZ QUE VOUS AVEZ LA PLEINE AUTORITE D'AGIR POUR SIGNER VOUS-MEME, N'IMPORTE QUELLE PERSONNE TIERS, ENTREPRISE OU ENTITE JURIDIQUE, ET QUE VOTRE UTILISATION ET\/OU INTERACTION AVEC CE SITE CONSTITUE VOTRE ACCORD AVEC CES CONDITIONS D'UTILISATION, AINSI QUE TOUT AUTRE ACCORD QUE NOUS POURRIONS PUBLIER SUR CE SITE.<\/strong><\/p><p><strong>En regardant, partageant, utilisant ou interagissant avec Startmsg.com \/ Startmsg.com ou toute banni\u00e8re, langage de magasinage ou publicit\u00e9 localis\u00e9e sur ce site, vous acceptez de remplir tous les termes et conditions de cette politique de conditions d'utilisation et de politique de confidentialit\u00e9.<\/strong><\/p><p><strong>Startmsg.com \/ Startmsg.lt PR\u00c9CIS\u00c9MENT POUR AIDER TOUTE PERSONNE SOUMISE \u00c0 LA LOI SUR LA PROTECTION DE LA VIE PRIV\u00c9E SUR L'INTERNET DES ENFANTS (COPPA) 1998.<\/strong><\/p><p><strong>Startmsg.com \/ Startmsg.lt se reserve le droit de recompenser toute personne ou visiteur a tout moment. Sous les dispositions de la politique de confidentialite que vous acceptez comme condition de consultation, Startmsg.com \/ Startmsg.lt peut collecter et conserver des donnees et informations pour faire des exceptions pour d'autres utilisations.<\/strong><\/p><p><strong>CET ACCORD SUR LES CONDITIONS D'UTILISATION EST SUSCEPTIBLE D'\u00caTRE MODIFI\u00c9 AU FIL DU TEMPS. Les visiteurs ont la responsabilit\u00e9 de se tenir inform\u00e9s de ces changements en consultant cette page des conditions d'utilisation \u00e0 chaque fois qu'ils visitent STARTMSG.com \/ Startmsg.lt.<\/strong><\/p><p><strong>LES PARTIES AU CONTRAT<\/strong><br \/>Les visiteurs, t\u00e9l\u00e9spectateurs, utilisateurs, abonn\u00e9s, membres, partenaires ou clients, collectivement d\u00e9nomm\u00e9s \"visiteurs\", sont parties au pr\u00e9sent accord. Le site web et ses propri\u00e9taires et\/ou op\u00e9rateurs sont parties au pr\u00e9sent accord, ci-apr\u00e8s d\u00e9nomm\u00e9 le \"site web\".<\/p><p><strong>UTILISATION DES INFORMATIONS PROVENANT DE CE SITE WEB<\/strong><br \/>Sauf accord \u00e9crit avec ce site web, les visiteurs, t\u00e9l\u00e9spectateurs, abonn\u00e9s, membres, partenaires ou clients ne sont pas autoris\u00e9s \u00e0 utiliser ces informations dans un cadre commercial ou public ; ils ne sont pas autoris\u00e9s \u00e0 diffuser, copier, stocker, imprimer, vendre ou publier une partie quelconque du contenu de ce site web. En acc\u00e9dant au contenu de ce site web, vous acceptez cette condition d'acc\u00e8s et reconnaissez que toute utilisation non autoris\u00e9e est ill\u00e9gale et peut entra\u00eener des sanctions civiles ou p\u00e9nales. En outre, le visiteur n'a pas le droit d'utiliser le contenu du site ou toute partie de celui-ci, y compris ses bases de donn\u00e9es, ses pages invisibles, ses pages li\u00e9es, son code sous-jacent ou toute autre propri\u00e9t\u00e9 intellectuelle que le site peut contenir, pour quelque raison que ce soit ou pour quelque usage que ce soit. Comprenant qu'il peut ?tre difficile d'estimer les dommages exacts r?sultant d'une violation de cette disposition, le visiteur accepte d'indemniser les propri?taires de Startmsg.com\/Startmsg.com pour des dommages d'un montant ?gal ? 100.000$, ou, s'ils peuvent ?tre estim?s, les co?ts r?els et les dommages r?els r?sultant d'une violation de cette disposition, le montant le plus grand ?tant retenu. Le visiteur reconna\u00eet avoir compris que l'acceptation de cette disposition est une condition d'acc?s ? Startmsg.com \/ Startmsg.com et que l'acc?s ? Startmsg.com \/ Startmsg.com constitue une reconnaissance de cette acceptation.<\/p><p><strong>LA PROPRI\u00c9T\u00c9 DU SITE WEB OU LE DROIT D'UTILISER, DE VENDRE, DE PUBLIER LE CONTENU DE CE SITE WEB<\/strong><br \/>Le site web et son contenu sont la propri\u00e9t\u00e9 du propri\u00e9taire du site web ou font l'objet d'une licence. Le contenu du site web est consid\u00e9r\u00e9 comme un droit de propri\u00e9t\u00e9 et un droit d'auteur. Les visiteurs n'ont aucun droit sur le contenu du site web. L'utilisation du contenu du site web pour quelque raison que ce soit est ill\u00e9gale, \u00e0 moins qu'elle ne se fasse dans le cadre d'un accord \u00e9crit ou avec l'autorisation du site web.<\/p><p><strong>LES HYPERLIENS VERS LE SITE WEB, LA COLLABORATION, LE \"FRAMING\" ET LA SUPPRESSION DU SITE WEB<\/strong><br \/>Sauf autorisation expresse du Site, personne n'est autoris ? ? faire un lien hypertexte entre Startmsg.com\/Startmsg.com ou toute partie de celui-ci (y compris, sans limitation, les logos, marques, habillage commercial, ou mat?riel sous copyright) et leurs sites web pour quelque raison que ce soit. En outre, vous ne pouvez pas inclure l'URL (adresse Internet) de ce site web ou toute page de ce site web dans tout m\u00e9dia commercial ou non-commercial sans notre permission expresse, et vous ne pouvez pas non plus \"sponsoriser\" le site web. Vous acceptez sp\u00e9cifiquement de coop\u00e9rer avec les propri\u00e9taires du site pour supprimer ou d\u00e9sactiver toute activit\u00e9 de ce type et d'\u00eatre responsable de tout dommage r\u00e9sultant d'une violation de cette disposition. Comprenant qu'il peut ?tre difficile d'estimer les dommages exacts r?sultant d'une violation de cette disposition, vous acceptez d'indemniser Startmsg.com\/Startmsg.com pour un montant de 100.000$ ou, s'il peut ?tre estim ?, les co?ts r?els et les dommages r?els r?sultant d'une violation de cette disposition, le montant le plus ?lev ? ?tant retenu. Vous reconnaissez que vous comprenez que l'acceptation de cette disposition est une condition d'adh?sion ? Startmsg.com \/ Startmsg.com, et que l'adh?sion ? Startmsg.com \/ Startmsg.com est une reconnaissance de cette acceptation.<\/p><p><strong>RESPONSABILIT\u00c9 DU CONTENU DU SITE WEB<\/strong><br \/>Startmsg.com \/ Startmsg.com d\u00e9cline toute responsabilit\u00e9 pour l'exactitude du contenu qui appara\u00eet sur, est li\u00e9 \u00e0 ou mentionne Startmsg.com \/ Startmsg.com. Les visiteurs assument tous les risques li?s ? la visualisation, la lecture, l'utilisation ou la r?f?rence ? l'information. Sauf si vous avez un accord \u00e9crit avec nous, vous n'avez pas le droit de vous fier \u00e0 l'exactitude du contenu de l'information sur ce site web. Nous ne donnons aucune garantie \u00e0 cet \u00e9gard.<\/p><p><strong>LA RESPONSABILIT\u00c9 DE TOUT DOMMAGE CAUS\u00c9 \u00c0 VOTRE ORDINATEUR OU \u00c0 VOTRE LOGICIEL EN RAPPORT AVEC VOTRE INTERACTION AVEC LE PR\u00c9SENT SITE WEB OU SON CONTENU<\/strong><br \/>Le visiteur assume tous les risques li\u00e9s aux virus, vers ou autres agents malveillants susceptibles d'endommager son ordinateur ou ses logiciels. Nous ne sommes pas responsables pour tout dommage \u00e0 l'ordinateur ou au logiciel du visiteur ou de toute autre personne avec qui le visiteur peut interagir, caus\u00e9 par un code malveillant ou des donn\u00e9es qui peuvent \u00eatre transmises par inadvertance \u00e0 l'ordinateur du visiteur. Le visiteur regarde ou interagit avec Startmsg.com \/ Startmsg.com, ou toute publicit\u00e9, banni\u00e8re ou pop-up, \u00e0 ses propres risques.<\/p><p><strong>LA RESPONSABILIT\u00c9 DES DONN\u00c9ES T\u00c9L\u00c9CHARG\u00c9ES<\/strong><br \/>Le visiteur t?l?charge l'information de Startmsg.com \/ Startmsg.lt ? ses propres risques. Le site ne garantit pas que les t?l?chargements sont exempts de code informatique corrompu, y compris mais non limit ? aux virus et aux vers.<\/p><p><strong>REFUS<\/strong><br \/>En regardant, utilisant ou interagissant avec Startmsg.com\/Startmsg.com, y compris la publicit\u00e9, les banni\u00e8res ou les pop-ups, et comme condition de l'autorisation du site, le visiteur renonce pour toujours \u00e0 tout droit \u00e0 une r\u00e9clamation pour des dommages bas\u00e9s sur n'importe quel facteur causal qui peut donner lieu \u00e0 des dommages quelconques, qu'ils soient graves ou grands, physiques ou \u00e9motionnels, pr\u00e9visibles ou impr\u00e9visibles, personnels ou commerciaux. Sous r\u00e9serve de toute loi n'autorisant pas de telles exceptions, notre responsabilit\u00e9 maximale ne d\u00e9passera pas le montant que vous avez pay\u00e9, le cas \u00e9ch\u00e9ant, pour l'utilisation de notre site web ou de nos services. En outre, vous acceptez que notre incapacit\u00e9 \u00e0 respecter nos obligations en raison d'\u00e9v\u00e9nements ind\u00e9pendants de notre volont\u00e9 comprenne, sans s'y limiter, les cas de force majeure, les actes de guerre, le terrorisme, les insurrections, les \u00e9meutes, les activit\u00e9s criminelles, les catastrophes naturelles, les d\u00e9faillances des communications ou des infrastructures, les p\u00e9nuries de main-d'\u0153uvre ou les perturbations (y compris les gr\u00e8ves ill\u00e9gales), les p\u00e9nuries de mat\u00e9riaux et tout autre \u00e9v\u00e9nement ind\u00e9pendant de notre volont\u00e9.<\/p><p><strong>RESPONSABILIT\u00c9<\/strong><br \/>Le visiteur accepte que s'il cause des dommages \u00e0 nous ou \u00e0 un tiers suite \u00e0 ou en relation avec l'utilisation de Startmsg.com \/ Startmsg.com, le visiteur nous indemnisera et, le cas \u00e9ch\u00e9ant, nous d\u00e9fendra contre toute demande de dommages-int\u00e9r\u00eats.<\/p><p><strong>SOUMISSIONS<\/strong><br \/>Le visiteur accepte que toute communication entre le visiteur et le site web soit consid\u00e9r\u00e9e comme une soumission. Toutes les soumissions, y compris les graphiques qu'elles contiennent ou leur contenu, deviendront la propri\u00e9t\u00e9 exclusive du site et pourront \u00eatre utilis\u00e9es, sans autre autorisation, \u00e0 des fins commerciales sans compensation suppl\u00e9mentaire. Le visiteur accepte de ne fournir au site que les donn\u00e9es qu'il souhaite autoriser en permanence le site \u00e0 utiliser de la mani\u00e8re qu'il souhaite. Le terme \"soumissions\" est \u00e9galement une disposition de la politique de confidentialit\u00e9.<\/p><p><strong>COMMUNIQU\u00c9 DE PRESSE<\/strong><br \/>Aucun avis suppl\u00e9mentaire ne doit \u00eatre donn\u00e9 au visiteur pour quelque raison que ce soit, et le visiteur reconna\u00eet express\u00e9ment qu'il renonce \u00e0 son droit d'avis pour \u00eatre autoris\u00e9 \u00e0 consulter le site web ou \u00e0 interagir avec lui.<\/p><p><strong>GINCHAI<\/strong><br \/>Dans le cadre des conditions g\u00e9n\u00e9rales requises par le site pour que le visiteur puisse le consulter, l'utiliser ou interagir avec lui, le visiteur accepte de recourir \u00e0 l'arbitrage obligatoire pour toute r\u00e9clamation, tout litige ou toute controverse (\"R\u00c9CLAMATION\") sous quelque forme que ce soit (contractuelle, d\u00e9lictuelle ou autre), d\u00e9coulant de cet achat, de ce produit ou s'y rapportant, y compris les questions de sollicitation, de respect de la vie priv\u00e9e et les conditions d'utilisation. L'arbitrage sera men\u00e9 conform\u00e9ment aux r\u00e8gles d'arbitrage lituaniennes. Des informations sur les institutions d'arbitrage lituaniennes et leurs r\u00e8gles sont disponibles sur leurs sites web officiels. Les audiences auront lieu dans le territoire de la ville ou du district o ? se trouve le proprietaire de Startmsg.com \/ Startmsg.lt. Aucun Visiteur, membre, abonn\u00e9 ou client n'a le droit de s'adresser au tribunal ou d'avoir des proc\u00e9dures judiciaires. Aucun visiteur, membre, abonn\u00e9 ou client n'a le droit de participer \u00e0 une enqu\u00eate pr\u00e9liminaire, sauf dans les cas pr\u00e9vus par le r\u00e8glement ; il n'a pas le droit de participer en tant que repr\u00e9sentant ou membre d'un groupe en relation avec une plainte soumise \u00e0 l'arbitrage ; la d\u00e9cision de l'arbitre est finale et contraignante, avec des droits d'appel limit\u00e9s. La partie soutenant l'arbitrage aura le droit d'\u00eatre rembours\u00e9e par l'autre partie pour tous les frais et d\u00e9penses encourus dans le cadre de l'arbitrage, y compris les honoraires d'avocat, les frais de recouvrement, les frais d'enqu\u00eate et les frais de d\u00e9placement.<\/p><p><strong>JURIDICTION ET LIEU DE JURIDICTION<\/strong><br \/>Si toute question relative \u00e0 cet achat est port\u00e9e devant un tribunal, que ce soit avant ou apr\u00e8s l'arbitrage, le Visiteur, le visiteur, le membre, l'abonn\u00e9 ou le client accepte que la juridiction unique et appropri\u00e9e soit celle indiqu\u00e9e dans les informations de contact du propri\u00e9taire du site web, sauf indication contraire. Si le litige est en cours dans une cour f\u00e9d\u00e9rale, la juridiction appropri\u00e9e sera la cour f\u00e9d\u00e9rale la plus proche situ\u00e9e pr\u00e8s de l'adresse du propri\u00e9taire de Startmsg.com\/Startmsg.com.<\/p>\t\t\t\t\t\t\t\t<\/div>\n\t\t\t\t<\/div>\n\t\t\t\t\t<\/div>\n\t\t\t\t<\/div>\n\t\t\t\t<\/div>","protected":false},"excerpt":{"rendered":"<p>PRISIJUNGDAMI AR NAUDODAMIESI Startmsg.com \/ Startmsg.lt, J\u016aS PATVIRTINATE, KAD TURITE PILN\u0104 \u012eGALIOJIM\u0104 VEIKTI, KAD SUREMTUM\u0116TE SAVE, BET KUR\u012e TRE\u010cI\u0104J\u012e ASMEN\u012e, \u012eMON\u0118 ARBA [&hellip;]<\/p>","protected":false},"author":1,"featured_media":0,"parent":0,"menu_order":0,"comment_status":"closed","ping_status":"closed","template":"","meta":{"footnotes":""},"class_list":["post-1078","page","type-page","status-publish","hentry"],"yoast_head":"<!-- This site is optimized with the Yoast SEO Premium plugin v23.8 (Yoast SEO v26.4) - https:\/\/yoast.com\/wordpress\/plugins\/seo\/ -->\n<title>Taisykl\u0117s ir s\u0105lygos - startmsg.lt<\/title>\n<meta name=\"robots\" content=\"index, follow, max-snippet:-1, max-image-preview:large, max-video-preview:-1\" \/>\n<link rel=\"canonical\" href=\"https:\/\/startmsg.lt\/fr\/conditions-generales\/\" \/>\n<meta property=\"og:locale\" content=\"fr_FR\" \/>\n<meta property=\"og:type\" content=\"article\" \/>\n<meta property=\"og:title\" content=\"Taisykl\u0117s ir s\u0105lygos\" \/>\n<meta property=\"og:description\" content=\"PRISIJUNGDAMI AR NAUDODAMIESI Startmsg.com \/ Startmsg.lt, J\u016aS PATVIRTINATE, KAD TURITE PILN\u0104 \u012eGALIOJIM\u0104 VEIKTI, KAD SUREMTUM\u0116TE SAVE, BET KUR\u012e TRE\u010cI\u0104J\u012e ASMEN\u012e, \u012eMON\u0118 ARBA [&hellip;]\" \/>\n<meta property=\"og:url\" content=\"https:\/\/startmsg.lt\/fr\/conditions-generales\/\" \/>\n<meta property=\"og:site_name\" content=\"startmsg.lt\" \/>\n<meta property=\"article:publisher\" content=\"https:\/\/facebook.com\/chatbotas\" \/>\n<meta property=\"article:modified_time\" content=\"2025-06-01T21:31:13+00:00\" \/>\n<meta name=\"twitter:card\" content=\"summary_large_image\" \/>\n<meta name=\"twitter:label1\" content=\"Dur\u00e9e de lecture estim\u00e9e\" \/>\n\t<meta name=\"twitter:data1\" content=\"8 minutes\" \/>\n<script type=\"application\/ld+json\" class=\"yoast-schema-graph\">{\"@context\":\"https:\/\/schema.org\",\"@graph\":[{\"@type\":\"WebPage\",\"@id\":\"https:\/\/startmsg.lt\/taisykles-ir-salygos\/\",\"url\":\"https:\/\/startmsg.lt\/taisykles-ir-salygos\/\",\"name\":\"Taisykl\u0117s ir s\u0105lygos - startmsg.lt\",\"isPartOf\":{\"@id\":\"https:\/\/startmsg.lt\/#website\"},\"datePublished\":\"2024-10-12T22:41:56+00:00\",\"dateModified\":\"2025-06-01T21:31:13+00:00\",\"breadcrumb\":{\"@id\":\"https:\/\/startmsg.lt\/taisykles-ir-salygos\/#breadcrumb\"},\"inLanguage\":\"fr-FR\",\"potentialAction\":[{\"@type\":\"ReadAction\",\"target\":[\"https:\/\/startmsg.lt\/taisykles-ir-salygos\/\"]}]},{\"@type\":\"BreadcrumbList\",\"@id\":\"https:\/\/startmsg.lt\/taisykles-ir-salygos\/#breadcrumb\",\"itemListElement\":[{\"@type\":\"ListItem\",\"position\":1,\"name\":\"Home\",\"item\":\"https:\/\/startmsg.lt\/\"},{\"@type\":\"ListItem\",\"position\":2,\"name\":\"Taisykl\u0117s ir s\u0105lygos\"}]},{\"@type\":\"WebSite\",\"@id\":\"https:\/\/startmsg.lt\/#website\",\"url\":\"https:\/\/startmsg.lt\/\",\"name\":\"startmsg.lt\",\"description\":\"\",\"publisher\":{\"@id\":\"https:\/\/startmsg.lt\/#organization\"},\"potentialAction\":[{\"@type\":\"SearchAction\",\"target\":{\"@type\":\"EntryPoint\",\"urlTemplate\":\"https:\/\/startmsg.lt\/?s={search_term_string}\"},\"query-input\":{\"@type\":\"PropertyValueSpecification\",\"valueRequired\":true,\"valueName\":\"search_term_string\"}}],\"inLanguage\":\"fr-FR\"},{\"@type\":\"Organization\",\"@id\":\"https:\/\/startmsg.lt\/#organization\",\"name\":\"startmsg.lt\",\"url\":\"https:\/\/startmsg.lt\/\",\"logo\":{\"@type\":\"ImageObject\",\"inLanguage\":\"fr-FR\",\"@id\":\"https:\/\/startmsg.lt\/#\/schema\/logo\/image\/\",\"url\":\"https:\/\/startmsg.lt\/wp-content\/uploads\/2024\/01\/favicon.png\",\"contentUrl\":\"https:\/\/startmsg.lt\/wp-content\/uploads\/2024\/01\/favicon.png\",\"width\":196,\"height\":196,\"caption\":\"startmsg.lt\"},\"image\":{\"@id\":\"https:\/\/startmsg.lt\/#\/schema\/logo\/image\/\"},\"sameAs\":[\"https:\/\/facebook.com\/chatbotas\",\"https:\/\/www.instagram.com\/chatbotas\"]}]}<\/script>\n<!-- \/ Yoast SEO Premium plugin. -->","yoast_head_json":{"title":"Conditions d'utilisation - startmsg.lt","robots":{"index":"index","follow":"follow","max-snippet":"max-snippet:-1","max-image-preview":"max-image-preview:large","max-video-preview":"max-video-preview:-1"},"canonical":"https:\/\/startmsg.lt\/fr\/conditions-generales\/","og_locale":"fr_FR","og_type":"article","og_title":"Taisykl\u0117s ir s\u0105lygos","og_description":"PRISIJUNGDAMI AR NAUDODAMIESI Startmsg.com \/ Startmsg.lt, J\u016aS PATVIRTINATE, KAD TURITE PILN\u0104 \u012eGALIOJIM\u0104 VEIKTI, KAD SUREMTUM\u0116TE SAVE, BET KUR\u012e TRE\u010cI\u0104J\u012e ASMEN\u012e, \u012eMON\u0118 ARBA [&hellip;]","og_url":"https:\/\/startmsg.lt\/fr\/conditions-generales\/","og_site_name":"startmsg.lt","article_publisher":"https:\/\/facebook.com\/chatbotas","article_modified_time":"2025-06-01T21:31:13+00:00","twitter_card":"summary_large_image","twitter_misc":{"Dur\u00e9e de lecture estim\u00e9e":"8 minutes"},"schema":{"@context":"https:\/\/schema.org","@graph":[{"@type":"WebPage","@id":"https:\/\/startmsg.lt\/taisykles-ir-salygos\/","url":"https:\/\/startmsg.lt\/taisykles-ir-salygos\/","name":"Conditions d'utilisation - startmsg.lt","isPartOf":{"@id":"https:\/\/startmsg.lt\/#website"},"datePublished":"2024-10-12T22:41:56+00:00","dateModified":"2025-06-01T21:31:13+00:00","breadcrumb":{"@id":"https:\/\/startmsg.lt\/taisykles-ir-salygos\/#breadcrumb"},"inLanguage":"fr-FR","potentialAction":[{"@type":"ReadAction","target":["https:\/\/startmsg.lt\/taisykles-ir-salygos\/"]}]},{"@type":"BreadcrumbList","@id":"https:\/\/startmsg.lt\/taisykles-ir-salygos\/#breadcrumb","itemListElement":[{"@type":"ListItem","position":1,"name":"Home","item":"https:\/\/startmsg.lt\/"},{"@type":"ListItem","position":2,"name":"Taisykl\u0117s ir s\u0105lygos"}]},{"@type":"WebSite","@id":"https:\/\/startmsg.lt\/#website","url":"https:\/\/startmsg.lt\/","name":"startmsg.lt","description":"","publisher":{"@id":"https:\/\/startmsg.lt\/#organization"},"potentialAction":[{"@type":"SearchAction","target":{"@type":"EntryPoint","urlTemplate":"https:\/\/startmsg.lt\/?s={search_term_string}"},"query-input":{"@type":"PropertyValueSpecification","valueRequired":true,"valueName":"search_term_string"}}],"inLanguage":"fr-FR"},{"@type":"Organization","@id":"https:\/\/startmsg.lt\/#organization","name":"startmsg.lt","url":"https:\/\/startmsg.lt\/","logo":{"@type":"ImageObject","inLanguage":"fr-FR","@id":"https:\/\/startmsg.lt\/#\/schema\/logo\/image\/","url":"https:\/\/startmsg.lt\/wp-content\/uploads\/2024\/01\/favicon.png","contentUrl":"https:\/\/startmsg.lt\/wp-content\/uploads\/2024\/01\/favicon.png","width":196,"height":196,"caption":"startmsg.lt"},"image":{"@id":"https:\/\/startmsg.lt\/#\/schema\/logo\/image\/"},"sameAs":["https:\/\/facebook.com\/chatbotas","https:\/\/www.instagram.com\/chatbotas"]}]}},"_links":{"self":[{"href":"https:\/\/startmsg.lt\/fr\/wp-json\/wp\/v2\/pages\/1078","targetHints":{"allow":["GET"]}}],"collection":[{"href":"https:\/\/startmsg.lt\/fr\/wp-json\/wp\/v2\/pages"}],"about":[{"href":"https:\/\/startmsg.lt\/fr\/wp-json\/wp\/v2\/types\/page"}],"author":[{"embeddable":true,"href":"https:\/\/startmsg.lt\/fr\/wp-json\/wp\/v2\/users\/1"}],"replies":[{"embeddable":true,"href":"https:\/\/startmsg.lt\/fr\/wp-json\/wp\/v2\/comments?post=1078"}],"version-history":[{"count":7,"href":"https:\/\/startmsg.lt\/fr\/wp-json\/wp\/v2\/pages\/1078\/revisions"}],"predecessor-version":[{"id":2436,"href":"https:\/\/startmsg.lt\/fr\/wp-json\/wp\/v2\/pages\/1078\/revisions\/2436"}],"wp:attachment":[{"href":"https:\/\/startmsg.lt\/fr\/wp-json\/wp\/v2\/media?parent=1078"}],"curies":[{"name":"wp","href":"https:\/\/api.w.org\/{rel}","templated":true}]}}