{"id":1072,"date":"2024-10-12T22:30:05","date_gmt":"2024-10-12T22:30:05","guid":{"rendered":"https:\/\/startmsg.lt\/?page_id=1072"},"modified":"2025-06-01T21:30:13","modified_gmt":"2025-06-01T21:30:13","slug":"bdar","status":"publish","type":"page","link":"https:\/\/startmsg.lt\/fr\/bdar\/","title":{"rendered":"GDPR"},"content":{"rendered":"<div data-elementor-type=\"wp-page\" data-elementor-id=\"1072\" class=\"elementor elementor-1072\" data-elementor-settings=\"{&quot;element_pack_global_tooltip_width&quot;:{&quot;unit&quot;:&quot;px&quot;,&quot;size&quot;:&quot;&quot;,&quot;sizes&quot;:[]},&quot;element_pack_global_tooltip_width_tablet&quot;:{&quot;unit&quot;:&quot;px&quot;,&quot;size&quot;:&quot;&quot;,&quot;sizes&quot;:[]},&quot;element_pack_global_tooltip_width_mobile&quot;:{&quot;unit&quot;:&quot;px&quot;,&quot;size&quot;:&quot;&quot;,&quot;sizes&quot;:[]},&quot;element_pack_global_tooltip_padding&quot;:{&quot;unit&quot;:&quot;px&quot;,&quot;top&quot;:&quot;&quot;,&quot;right&quot;:&quot;&quot;,&quot;bottom&quot;:&quot;&quot;,&quot;left&quot;:&quot;&quot;,&quot;isLinked&quot;:true},&quot;element_pack_global_tooltip_padding_tablet&quot;:{&quot;unit&quot;:&quot;px&quot;,&quot;top&quot;:&quot;&quot;,&quot;right&quot;:&quot;&quot;,&quot;bottom&quot;:&quot;&quot;,&quot;left&quot;:&quot;&quot;,&quot;isLinked&quot;:true},&quot;element_pack_global_tooltip_padding_mobile&quot;:{&quot;unit&quot;:&quot;px&quot;,&quot;top&quot;:&quot;&quot;,&quot;right&quot;:&quot;&quot;,&quot;bottom&quot;:&quot;&quot;,&quot;left&quot;:&quot;&quot;,&quot;isLinked&quot;:true},&quot;element_pack_global_tooltip_border_radius&quot;:{&quot;unit&quot;:&quot;px&quot;,&quot;top&quot;:&quot;&quot;,&quot;right&quot;:&quot;&quot;,&quot;bottom&quot;:&quot;&quot;,&quot;left&quot;:&quot;&quot;,&quot;isLinked&quot;:true},&quot;element_pack_global_tooltip_border_radius_tablet&quot;:{&quot;unit&quot;:&quot;px&quot;,&quot;top&quot;:&quot;&quot;,&quot;right&quot;:&quot;&quot;,&quot;bottom&quot;:&quot;&quot;,&quot;left&quot;:&quot;&quot;,&quot;isLinked&quot;:true},&quot;element_pack_global_tooltip_border_radius_mobile&quot;:{&quot;unit&quot;:&quot;px&quot;,&quot;top&quot;:&quot;&quot;,&quot;right&quot;:&quot;&quot;,&quot;bottom&quot;:&quot;&quot;,&quot;left&quot;:&quot;&quot;,&quot;isLinked&quot;:true}}\">\n\t\t\t\t<div class=\"elementor-element elementor-element-f2aa005 e-flex e-con-boxed e-con e-parent\" data-id=\"f2aa005\" data-element_type=\"container\">\n\t\t\t\t\t<div class=\"e-con-inner\">\n\t\t\t\t<div class=\"elementor-element elementor-element-fd9e34f elementor-widget elementor-widget-spacer\" data-id=\"fd9e34f\" data-element_type=\"widget\" data-widget_type=\"spacer.default\">\n\t\t\t\t<div class=\"elementor-widget-container\">\n\t\t\t\t\t\t\t<div class=\"elementor-spacer\">\n\t\t\t<div class=\"elementor-spacer-inner\"><\/div>\n\t\t<\/div>\n\t\t\t\t\t\t<\/div>\n\t\t\t\t<\/div>\n\t\t\t\t<div class=\"elementor-element elementor-element-879cba3 elementor-widget elementor-widget-text-editor\" data-id=\"879cba3\" data-element_type=\"widget\" data-widget_type=\"text-editor.default\">\n\t\t\t\t<div class=\"elementor-widget-container\">\n\t\t\t\t\t\t\t\t\t<h3>Qu'est-ce que le GDPR ?<\/h3><p>GDPR est le R\u00e8glement g\u00e9n\u00e9ral sur la protection des donn\u00e9es (RGPD). Il s'agit d'une nouvelle loi introduite par l'UE pour prot\u00e9ger les donn\u00e9es personnelles des utilisateurs. Cette loi couvre plusieurs aspects de la s\u00e9curit\u00e9 des donn\u00e9es. Nous fournissons ici des conseils sur la mani\u00e8re dont nous prot\u00e9geons vos donn\u00e9es, sur nos responsabilit\u00e9s et sur les v\u00f4tres. Nous vous recommandons vivement de lire l'ensemble de notre documentation ou d'autres articles sur le GDPR avant de d\u00e9cider si vous souhaitez utiliser notre application. Nous ne sommes pas responsables des omissions ou des erreurs en mati\u00e8re de protection des donn\u00e9es commises par vous ou par des tiers. Veuillez prendre le temps de lire la documentation et d'agir raisonnablement pour rester en s\u00e9curit\u00e9.<\/p><h3>D\u00e9finition des donn\u00e9es \u00e0 caract\u00e8re personnel :<\/h3><p>Toute donn\u00e9e appartenant \u00e0 une personne est une donn\u00e9e personnelle. Il peut s'agir du nom d'une personne, de son image, de son adresse \u00e9lectronique, de son adresse physique, de ses publications sur les m\u00e9dias sociaux, de sa localisation, de l'adresse IP de son ordinateur, etc. Le propri\u00e9taire des donn\u00e9es personnelles est le seul responsable l\u00e9gal de ces donn\u00e9es. Cela signifie que peu importe o\u00f9 et comment les donn\u00e9es sont stock\u00e9es, elles appartiennent \u00e0 l'individu. Le collecteur de donn\u00e9es ou l'utilisateur (par exemple Facebook, YouTube) ne peut pas afficher, stocker ou partager des donn\u00e9es personnelles sans le consentement explicite ou implicite de l'utilisateur. Si l'utilisateur autorise l'utilisation de ses donn\u00e9es pour certaines activit\u00e9s (stockage, visualisation, etc.), l'administrateur de l'application peut alors les utiliser.<\/p><p>Imaginez une situation hypoth\u00e9tique : vous publiez un message sur les r\u00e9seaux sociaux. Dans ce cas, vous donnez l'autorisation implicite de montrer le message \u00e0 vos contacts publics ou priv\u00e9s. L'administrateur de l'application n'est pas responsable des commentaires offensants qui peuvent \u00eatre laiss\u00e9s par vos contacts. Cela signifie que si vous avez rendu vos coordonn\u00e9es publiques, vous en \u00eates responsable. Toutefois, l'administrateur du programme est responsable de tout partage de donn\u00e9es avec des tiers. Si des donn\u00e9es doivent \u00eatre partag\u00e9es, cela doit \u00eatre pr\u00e9cis\u00e9 \u00e0 l'avance. Nous voyons donc que le t\u00e9l\u00e9chargement et l'affichage des donn\u00e9es d\u00e9pendent \u00e0 la fois de l'administrateur du programme et de l'utilisateur. D'autres d\u00e9tails sont fournis tout au long de la documentation.<\/p><h3>Responsabilit\u00e9 du d\u00e9veloppeur :<\/h3><p>La protection des donn\u00e9es personnelles de l'utilisateur au niveau du back-end rel\u00e8ve de la responsabilit\u00e9 du d\u00e9veloppeur. Le d\u00e9veloppeur est responsable de la mani\u00e8re dont les donn\u00e9es de l'utilisateur (nom, num\u00e9ro de t\u00e9l\u00e9phone, courriel, etc.) et d'autres informations (par exemple, les journaux de l'interaction de l'utilisateur avec l'application) sont stock\u00e9es dans la base de donn\u00e9es et sur le serveur. Nous d\u00e9crirons en d\u00e9tail comment les donn\u00e9es directes (nom, courriel, etc.) et indirectes (nom du navigateur, IP de l'ordinateur, etc.) sont stock\u00e9es dans la base de donn\u00e9es et sur le serveur. Une fois que les donn\u00e9es sont t\u00e9l\u00e9charg\u00e9es sur le serveur, leur s\u00e9curit\u00e9 d\u00e9pend de la s\u00e9curit\u00e9 du serveur et parfois de l'administrateur de l'application.<\/p><p>L'utilisateur sera inform\u00e9 de toutes les m\u00e9thodes de stockage des donn\u00e9es temporaires (cookies et sessions) et permanentes (donn\u00e9es stock\u00e9es dans une base de donn\u00e9es). L'utilisateur aura la possibilit\u00e9 de supprimer toutes ses donn\u00e9es personnelles apr\u00e8s avoir supprim\u00e9 son compte ou mis fin au service. Nous garantissons que nous ne conservons pas de journaux des activit\u00e9s de l'utilisateur et que nous ne disposons d'aucun moyen secret d'extraire les donn\u00e9es de l'utilisateur. De temps \u00e0 autre, l'administrateur d'une application peut accorder au d\u00e9veloppeur l'acc\u00e8s au cPanel et \u00e0 d'autres informations d'identification pour lui permettre de maintenir et de g\u00e9rer l'application pendant une courte p\u00e9riode avant qu'elle ne soit lanc\u00e9e. Nous recommandons vivement \u00e0 l'administrateur de modifier ces informations d'identification lorsque le travail est termin\u00e9. Le d\u00e9veloppeur n'est pas responsable de toute fuite de ces informations d'identification. Il n'est pas non plus responsable des failles de s\u00e9curit\u00e9 involontaires dans le programme. Apr\u00e8s tout, les donn\u00e9es partag\u00e9es sur l'internet pr\u00e9sentent toujours un risque de fuite. Par cons\u00e9quent, nous vous recommandons vivement de ne pas partager de donn\u00e9es susceptibles de vous compromettre ou de compromettre une autre personne.<\/p><h3>Responsabilit\u00e9s de l'administrateur du programme :<\/h3><p>L'administrateur de l'application a un acc\u00e8s illimit\u00e9 aux donn\u00e9es personnelles de l'utilisateur. L'administrateur peut visualiser et copier les donn\u00e9es stock\u00e9es dans la base de donn\u00e9es et sur le serveur. L'administrateur peut partager les donn\u00e9es personnelles de l'utilisateur avec des tiers. La mani\u00e8re dont les donn\u00e9es de l'utilisateur seront utilis\u00e9es doit \u00eatre clairement divulgu\u00e9e avant l'enregistrement de l'utilisateur. L'administrateur ne doit pas permettre \u00e0 quiconque de collecter des donn\u00e9es ouvertement ou sous le couvert de remplir des enqu\u00eates ou des formulaires. L'administrateur de l'application a le plus de privil\u00e8ges et a donc la plus grande responsabilit\u00e9 en ce qui concerne la protection des donn\u00e9es personnelles des utilisateurs.<\/p><h3>Responsabilit\u00e9 de l'utilisateur :<\/h3><p>Tout d\u00e9pend de l'utilisateur. Si l'utilisateur ne fournit pas les donn\u00e9es, il n'y aura pas de fuite de donn\u00e9es, mais ce n'est pas une option. Il est de la seule responsabilit\u00e9 de l'utilisateur de s\u00e9curiser ses informations d'identification. Le mot de passe et le nom d'utilisateur peuvent \u00eatre crypt\u00e9s dans la base de donn\u00e9es, mais un mot de passe trop pr\u00e9visible peut permettre \u00e0 un pirate d'acc\u00e9der facilement au compte de l'utilisateur. Modifiez vos informations si vous remarquez une activit\u00e9 suspecte ou si vous avez d\u00fb partager vos mots de passe avec d'autres personnes. R\u00e9fl\u00e9chissez toujours avant de donner vos coordonn\u00e9es.<\/p><p><strong>Notre action sur le GDPR :<\/strong><\/p><ol><li><strong>Collecte de donn\u00e9es aussi limit\u00e9e que possible :<\/strong> Nous ne collectons que les donn\u00e9es les plus n\u00e9cessaires et expliquons \u00e0 l'utilisateur pourquoi certaines donn\u00e9es sont n\u00e9cessaires.<\/li><li><strong>Utilisation de HTTPS :<\/strong> Nous assurons une communication crypt\u00e9e tout au long de l'application, prot\u00e9geant ainsi vos donn\u00e9es de toute interception.<\/li><li><strong>Nettoyage de la session et des cookies :<\/strong> Apr\u00e8s la d\u00e9connexion, nous supprimons toutes les sessions et tous les cookies.<\/li><li><strong>Ne pas surveiller l'activit\u00e9 des utilisateurs \u00e0 des fins commerciales :<\/strong> Nous ne suivons pas les activit\u00e9s des utilisateurs afin de leur proposer des publicit\u00e9s cibl\u00e9es ou des offres commerciales.<\/li><li><strong>Informer l'utilisateur du stockage des donn\u00e9es IP et de localisation de l'ordinateur :<\/strong> Nous informons clairement les utilisateurs de tout journal stock\u00e9 en relation avec l'IP ou la localisation d'un ordinateur.<\/li><li><strong>Des conditions g\u00e9n\u00e9rales et une politique de confidentialit\u00e9 claires :<\/strong> Nous fournissons des r\u00e8gles transparentes sur les exigences du GDPR et les conditions d'utilisation des donn\u00e9es.<\/li><li><strong>Informer de l'implication des tiers :<\/strong> Les utilisateurs seront inform\u00e9s de tout partage de leurs donn\u00e9es avec des tiers.<\/li><li><strong>Politique en mati\u00e8re de fuite de donn\u00e9es :<\/strong> Nous avons des r\u00e8gles claires sur la mani\u00e8re dont nous traiterons les fuites de donn\u00e9es.<\/li><li><strong>Suppression des donn\u00e9es :<\/strong> Les utilisateurs ont la possibilit\u00e9 de supprimer d\u00e9finitivement leurs donn\u00e9es apr\u00e8s avoir supprim\u00e9 leur compte ou annul\u00e9 un service.<\/li><li><strong>Mises \u00e0 jour de la s\u00e9curit\u00e9 des logiciels :<\/strong> Nous mettons en \u0153uvre tous les correctifs n\u00e9cessaires pour garantir que le logiciel est \u00e0 l'abri des vuln\u00e9rabilit\u00e9s.<\/li><\/ol><p><strong>Les fonctions GDPR sont prises en charge :<\/strong><\/p><ol><li><p><strong>\"Adios, App\" (Tous mes v\u0153ux, App) :<\/strong> Lorsqu'un utilisateur annule son abonnement ou supprime son compte, nous lui donnons la possibilit\u00e9 de supprimer toutes les donn\u00e9es li\u00e9es \u00e0 son compte. Cette action est irr\u00e9versible - si les donn\u00e9es sont supprim\u00e9es, elles le seront d\u00e9finitivement de la base de donn\u00e9es et du serveur. L'utilisateur peut effectuer une sauvegarde avant la suppression s'il pr\u00e9voit de revenir.<\/p><\/li><li><p><strong>Le secret est mon droit :<\/strong> Nous cryptons la plupart de vos donn\u00e9es personnelles stock\u00e9es dans la base de donn\u00e9es. En cas de fuite de donn\u00e9es, le pirate n'obtiendrait que les donn\u00e9es crypt\u00e9es, et non vos informations personnelles sous une forme ouverte. Certaines donn\u00e9es ne peuvent pas \u00eatre crypt\u00e9es (par exemple le nom d'utilisateur) parce qu'elles doivent \u00eatre affich\u00e9es lorsque vous vous connectez \u00e0 votre compte. Cependant, nous masquons autant d'informations personnelles que possible.<\/p><\/li><li><p><strong>Sans cookies ni stockage de session :<\/strong> Nous vous donnons la possibilit\u00e9 de choisir si vous souhaitez conserver les cookies et les sessions. M\u00eame si vous choisissez de les conserver, les cookies et les sessions seront supprim\u00e9s apr\u00e8s la d\u00e9connexion. Nous vous recommandons vivement de ne pas enregistrer vos donn\u00e9es de connexion dans votre navigateur. Il est pr\u00e9f\u00e9rable de se souvenir de son mot de passe ou d'utiliser des outils tels que LastPass pour la gestion des mots de passe.<\/p><\/li><li><p><strong>\u00c9radication des traces :<\/strong> Nous ne surveillons ni ne suivons vos activit\u00e9s \u00e0 des fins commerciales. Nous pouvons uniquement stocker votre heure de connexion ou votre adresse IP, mais uniquement \u00e0 des fins de s\u00e9curit\u00e9. Lorsque vous supprimez votre compte, toutes vos donn\u00e9es sont enti\u00e8rement effac\u00e9es du serveur.<\/p><\/li><li><p><strong>L'ing\u00e9nierie sociale est mauvaise :<\/strong> Nous n'enregistrons aucune de vos activit\u00e9s personnelles sur l'application. L'enregistrement, l'analyse et la tentative de vendre un produit ou de motiver un utilisateur sur la base de ces donn\u00e9es constituent une pratique contraire \u00e0 l'\u00e9thique. Nous ne faisons pas.<\/p><\/li><li><p><strong>Tenez-moi au courant :<\/strong> Recevoir des notifications de toutes les actions li\u00e9es \u00e0 votre compte (cr\u00e9ation de compte, changement de mot de passe) par e-mail. Nous vous recommandons de modifier vos informations d'identification si vous remarquez des actions inhabituelles.<\/p><\/li><li><p><strong>Notification des mises \u00e0 jour de la politique :<\/strong> Vous serez inform\u00e9 de toute mise \u00e0 jour de la politique de confidentialit\u00e9 ou de la clause de non-responsabilit\u00e9. Veuillez lire vos courriers \u00e9lectroniques \u00e0 ce sujet et d\u00e9cider de la marche \u00e0 suivre. N'h\u00e9sitez pas \u00e0 nous contacter \u00e0 ce sujet.<\/p><\/li><li><p><strong>Adh\u00e9rer sans probl\u00e8me :<\/strong> Nous avons mis en place le protocole HTTPS partout, de sorte que l'interception des donn\u00e9es est impossible. M\u00eame si quelqu'un y parvenait, le pirate n'obtiendrait que des donn\u00e9es crypt\u00e9es. Vous pouvez donc utiliser notre application en toute s\u00e9curit\u00e9.<\/p><\/li><li><p><strong>Nous ne stockons pas les donn\u00e9es des utilisateurs :<\/strong> Nous ne conservons aucune donn\u00e9e sur les utilisateurs. Il n'y a pas d'options cach\u00e9es qui collectent des donn\u00e9es. Une fois que l'application est t\u00e9l\u00e9charg\u00e9e sur le serveur, nous n'y avons pas acc\u00e8s sans un mot de passe d'administrateur. Ne vous inqui\u00e9tez donc pas des fuites de donn\u00e9es cach\u00e9es.<\/p><\/li><li><p><strong>Politique en mati\u00e8re de fuite de donn\u00e9es :<\/strong> Nous avons mis en place toutes les mesures de s\u00e9curit\u00e9 n\u00e9cessaires pour prot\u00e9ger vos donn\u00e9es dans la base de donn\u00e9es (cryptage des donn\u00e9es, MySQL, pr\u00e9vention des injections SQL, validation des entr\u00e9es, etc.) Des mots de passe faibles ou trop pr\u00e9visibles peuvent compromettre la s\u00e9curit\u00e9 de vos donn\u00e9es et sont donc de votre responsabilit\u00e9.<\/p><\/li><\/ol><p><strong>L'envoi de messages de masse aux utilisateurs de Facebook par le biais de notre syst\u00e8me est-il conforme au GDPR ?<\/strong><\/p><p>Oui, l'envoi de communications de masse via notre syst\u00e8me est conforme au GDPR. Puisque les gens OPT-IN (entament volontairement une conversation) sur notre page Facebook, nous pouvons le prouver. Ils deviennent nos contacts de mani\u00e8re l\u00e9gitime. Tous les messages envoy\u00e9s doivent comporter un lien d'exclusion (cette fonction est d\u00e9j\u00e0 en place) ou un autre moyen de permettre aux personnes de s'exclure \u00e0 tout moment.<\/p>\t\t\t\t\t\t\t\t<\/div>\n\t\t\t\t<\/div>\n\t\t\t\t\t<\/div>\n\t\t\t\t<\/div>\n\t\t\t\t<\/div>","protected":false},"excerpt":{"rendered":"<p>Kas yra BDAR? BDAR \u2013 tai Bendrasis duomen\u0173 apsaugos reglamentas (angl. General Data Protection Regulation). Naujas ES \u012fvestas \u012fstatymas, skirtas apsaugoti naudotoj\u0173 [&hellip;]<\/p>","protected":false},"author":1,"featured_media":0,"parent":0,"menu_order":0,"comment_status":"closed","ping_status":"closed","template":"","meta":{"footnotes":""},"class_list":["post-1072","page","type-page","status-publish","hentry"],"yoast_head":"<!-- This site is optimized with the Yoast SEO Premium plugin v23.8 (Yoast SEO v26.4) - https:\/\/yoast.com\/wordpress\/plugins\/seo\/ -->\n<title>BDAR - startmsg.lt<\/title>\n<meta name=\"robots\" content=\"index, follow, max-snippet:-1, max-image-preview:large, max-video-preview:-1\" \/>\n<link rel=\"canonical\" href=\"https:\/\/startmsg.lt\/fr\/bdar\/\" \/>\n<meta property=\"og:locale\" content=\"fr_FR\" \/>\n<meta property=\"og:type\" content=\"article\" \/>\n<meta property=\"og:title\" content=\"BDAR\" \/>\n<meta property=\"og:description\" content=\"Kas yra BDAR? BDAR \u2013 tai Bendrasis duomen\u0173 apsaugos reglamentas (angl. General Data Protection Regulation). Naujas ES \u012fvestas \u012fstatymas, skirtas apsaugoti naudotoj\u0173 [&hellip;]\" \/>\n<meta property=\"og:url\" content=\"https:\/\/startmsg.lt\/fr\/bdar\/\" \/>\n<meta property=\"og:site_name\" content=\"startmsg.lt\" \/>\n<meta property=\"article:publisher\" content=\"https:\/\/facebook.com\/chatbotas\" \/>\n<meta property=\"article:modified_time\" content=\"2025-06-01T21:30:13+00:00\" \/>\n<meta name=\"twitter:card\" content=\"summary_large_image\" \/>\n<meta name=\"twitter:label1\" content=\"Dur\u00e9e de lecture estim\u00e9e\" \/>\n\t<meta name=\"twitter:data1\" content=\"7 minutes\" \/>\n<script type=\"application\/ld+json\" class=\"yoast-schema-graph\">{\"@context\":\"https:\/\/schema.org\",\"@graph\":[{\"@type\":\"WebPage\",\"@id\":\"https:\/\/startmsg.lt\/bdar\/\",\"url\":\"https:\/\/startmsg.lt\/bdar\/\",\"name\":\"BDAR - startmsg.lt\",\"isPartOf\":{\"@id\":\"https:\/\/startmsg.lt\/#website\"},\"datePublished\":\"2024-10-12T22:30:05+00:00\",\"dateModified\":\"2025-06-01T21:30:13+00:00\",\"breadcrumb\":{\"@id\":\"https:\/\/startmsg.lt\/bdar\/#breadcrumb\"},\"inLanguage\":\"fr-FR\",\"potentialAction\":[{\"@type\":\"ReadAction\",\"target\":[\"https:\/\/startmsg.lt\/bdar\/\"]}]},{\"@type\":\"BreadcrumbList\",\"@id\":\"https:\/\/startmsg.lt\/bdar\/#breadcrumb\",\"itemListElement\":[{\"@type\":\"ListItem\",\"position\":1,\"name\":\"Home\",\"item\":\"https:\/\/startmsg.lt\/\"},{\"@type\":\"ListItem\",\"position\":2,\"name\":\"BDAR\"}]},{\"@type\":\"WebSite\",\"@id\":\"https:\/\/startmsg.lt\/#website\",\"url\":\"https:\/\/startmsg.lt\/\",\"name\":\"startmsg.lt\",\"description\":\"\",\"publisher\":{\"@id\":\"https:\/\/startmsg.lt\/#organization\"},\"potentialAction\":[{\"@type\":\"SearchAction\",\"target\":{\"@type\":\"EntryPoint\",\"urlTemplate\":\"https:\/\/startmsg.lt\/?s={search_term_string}\"},\"query-input\":{\"@type\":\"PropertyValueSpecification\",\"valueRequired\":true,\"valueName\":\"search_term_string\"}}],\"inLanguage\":\"fr-FR\"},{\"@type\":\"Organization\",\"@id\":\"https:\/\/startmsg.lt\/#organization\",\"name\":\"startmsg.lt\",\"url\":\"https:\/\/startmsg.lt\/\",\"logo\":{\"@type\":\"ImageObject\",\"inLanguage\":\"fr-FR\",\"@id\":\"https:\/\/startmsg.lt\/#\/schema\/logo\/image\/\",\"url\":\"https:\/\/startmsg.lt\/wp-content\/uploads\/2024\/01\/favicon.png\",\"contentUrl\":\"https:\/\/startmsg.lt\/wp-content\/uploads\/2024\/01\/favicon.png\",\"width\":196,\"height\":196,\"caption\":\"startmsg.lt\"},\"image\":{\"@id\":\"https:\/\/startmsg.lt\/#\/schema\/logo\/image\/\"},\"sameAs\":[\"https:\/\/facebook.com\/chatbotas\",\"https:\/\/www.instagram.com\/chatbotas\"]}]}<\/script>\n<!-- \/ Yoast SEO Premium plugin. -->","yoast_head_json":{"title":"GDPR - startmsg.lt","robots":{"index":"index","follow":"follow","max-snippet":"max-snippet:-1","max-image-preview":"max-image-preview:large","max-video-preview":"max-video-preview:-1"},"canonical":"https:\/\/startmsg.lt\/fr\/bdar\/","og_locale":"fr_FR","og_type":"article","og_title":"BDAR","og_description":"Kas yra BDAR? BDAR \u2013 tai Bendrasis duomen\u0173 apsaugos reglamentas (angl. General Data Protection Regulation). Naujas ES \u012fvestas \u012fstatymas, skirtas apsaugoti naudotoj\u0173 [&hellip;]","og_url":"https:\/\/startmsg.lt\/fr\/bdar\/","og_site_name":"startmsg.lt","article_publisher":"https:\/\/facebook.com\/chatbotas","article_modified_time":"2025-06-01T21:30:13+00:00","twitter_card":"summary_large_image","twitter_misc":{"Dur\u00e9e de lecture estim\u00e9e":"7 minutes"},"schema":{"@context":"https:\/\/schema.org","@graph":[{"@type":"WebPage","@id":"https:\/\/startmsg.lt\/bdar\/","url":"https:\/\/startmsg.lt\/bdar\/","name":"GDPR - startmsg.lt","isPartOf":{"@id":"https:\/\/startmsg.lt\/#website"},"datePublished":"2024-10-12T22:30:05+00:00","dateModified":"2025-06-01T21:30:13+00:00","breadcrumb":{"@id":"https:\/\/startmsg.lt\/bdar\/#breadcrumb"},"inLanguage":"fr-FR","potentialAction":[{"@type":"ReadAction","target":["https:\/\/startmsg.lt\/bdar\/"]}]},{"@type":"BreadcrumbList","@id":"https:\/\/startmsg.lt\/bdar\/#breadcrumb","itemListElement":[{"@type":"ListItem","position":1,"name":"Home","item":"https:\/\/startmsg.lt\/"},{"@type":"ListItem","position":2,"name":"BDAR"}]},{"@type":"WebSite","@id":"https:\/\/startmsg.lt\/#website","url":"https:\/\/startmsg.lt\/","name":"startmsg.lt","description":"","publisher":{"@id":"https:\/\/startmsg.lt\/#organization"},"potentialAction":[{"@type":"SearchAction","target":{"@type":"EntryPoint","urlTemplate":"https:\/\/startmsg.lt\/?s={search_term_string}"},"query-input":{"@type":"PropertyValueSpecification","valueRequired":true,"valueName":"search_term_string"}}],"inLanguage":"fr-FR"},{"@type":"Organization","@id":"https:\/\/startmsg.lt\/#organization","name":"startmsg.lt","url":"https:\/\/startmsg.lt\/","logo":{"@type":"ImageObject","inLanguage":"fr-FR","@id":"https:\/\/startmsg.lt\/#\/schema\/logo\/image\/","url":"https:\/\/startmsg.lt\/wp-content\/uploads\/2024\/01\/favicon.png","contentUrl":"https:\/\/startmsg.lt\/wp-content\/uploads\/2024\/01\/favicon.png","width":196,"height":196,"caption":"startmsg.lt"},"image":{"@id":"https:\/\/startmsg.lt\/#\/schema\/logo\/image\/"},"sameAs":["https:\/\/facebook.com\/chatbotas","https:\/\/www.instagram.com\/chatbotas"]}]}},"_links":{"self":[{"href":"https:\/\/startmsg.lt\/fr\/wp-json\/wp\/v2\/pages\/1072","targetHints":{"allow":["GET"]}}],"collection":[{"href":"https:\/\/startmsg.lt\/fr\/wp-json\/wp\/v2\/pages"}],"about":[{"href":"https:\/\/startmsg.lt\/fr\/wp-json\/wp\/v2\/types\/page"}],"author":[{"embeddable":true,"href":"https:\/\/startmsg.lt\/fr\/wp-json\/wp\/v2\/users\/1"}],"replies":[{"embeddable":true,"href":"https:\/\/startmsg.lt\/fr\/wp-json\/wp\/v2\/comments?post=1072"}],"version-history":[{"count":8,"href":"https:\/\/startmsg.lt\/fr\/wp-json\/wp\/v2\/pages\/1072\/revisions"}],"predecessor-version":[{"id":2430,"href":"https:\/\/startmsg.lt\/fr\/wp-json\/wp\/v2\/pages\/1072\/revisions\/2430"}],"wp:attachment":[{"href":"https:\/\/startmsg.lt\/fr\/wp-json\/wp\/v2\/media?parent=1072"}],"curies":[{"name":"wp","href":"https:\/\/api.w.org\/{rel}","templated":true}]}}