{"id":3,"date":"2024-01-30T13:41:47","date_gmt":"2024-01-30T13:41:47","guid":{"rendered":"http:\/\/startmsg.lt\/?page_id=3"},"modified":"2025-06-01T21:30:42","modified_gmt":"2025-06-01T21:30:42","slug":"politica-de-privacidad","status":"publish","type":"page","link":"https:\/\/startmsg.lt\/es\/politica-de-privacidad\/","title":{"rendered":"Pol\u00edtica de privacidad"},"content":{"rendered":"<div data-elementor-type=\"wp-page\" data-elementor-id=\"3\" class=\"elementor elementor-3\" data-elementor-settings=\"{&quot;element_pack_global_tooltip_width&quot;:{&quot;unit&quot;:&quot;px&quot;,&quot;size&quot;:&quot;&quot;,&quot;sizes&quot;:[]},&quot;element_pack_global_tooltip_width_tablet&quot;:{&quot;unit&quot;:&quot;px&quot;,&quot;size&quot;:&quot;&quot;,&quot;sizes&quot;:[]},&quot;element_pack_global_tooltip_width_mobile&quot;:{&quot;unit&quot;:&quot;px&quot;,&quot;size&quot;:&quot;&quot;,&quot;sizes&quot;:[]},&quot;element_pack_global_tooltip_padding&quot;:{&quot;unit&quot;:&quot;px&quot;,&quot;top&quot;:&quot;&quot;,&quot;right&quot;:&quot;&quot;,&quot;bottom&quot;:&quot;&quot;,&quot;left&quot;:&quot;&quot;,&quot;isLinked&quot;:true},&quot;element_pack_global_tooltip_padding_tablet&quot;:{&quot;unit&quot;:&quot;px&quot;,&quot;top&quot;:&quot;&quot;,&quot;right&quot;:&quot;&quot;,&quot;bottom&quot;:&quot;&quot;,&quot;left&quot;:&quot;&quot;,&quot;isLinked&quot;:true},&quot;element_pack_global_tooltip_padding_mobile&quot;:{&quot;unit&quot;:&quot;px&quot;,&quot;top&quot;:&quot;&quot;,&quot;right&quot;:&quot;&quot;,&quot;bottom&quot;:&quot;&quot;,&quot;left&quot;:&quot;&quot;,&quot;isLinked&quot;:true},&quot;element_pack_global_tooltip_border_radius&quot;:{&quot;unit&quot;:&quot;px&quot;,&quot;top&quot;:&quot;&quot;,&quot;right&quot;:&quot;&quot;,&quot;bottom&quot;:&quot;&quot;,&quot;left&quot;:&quot;&quot;,&quot;isLinked&quot;:true},&quot;element_pack_global_tooltip_border_radius_tablet&quot;:{&quot;unit&quot;:&quot;px&quot;,&quot;top&quot;:&quot;&quot;,&quot;right&quot;:&quot;&quot;,&quot;bottom&quot;:&quot;&quot;,&quot;left&quot;:&quot;&quot;,&quot;isLinked&quot;:true},&quot;element_pack_global_tooltip_border_radius_mobile&quot;:{&quot;unit&quot;:&quot;px&quot;,&quot;top&quot;:&quot;&quot;,&quot;right&quot;:&quot;&quot;,&quot;bottom&quot;:&quot;&quot;,&quot;left&quot;:&quot;&quot;,&quot;isLinked&quot;:true}}\">\n\t\t\t\t<div class=\"elementor-element elementor-element-0623705 e-flex e-con-boxed e-con e-parent\" data-id=\"0623705\" data-element_type=\"container\">\n\t\t\t\t\t<div class=\"e-con-inner\">\n\t\t\t\t<div class=\"elementor-element elementor-element-ba1afd1 elementor-widget elementor-widget-spacer\" data-id=\"ba1afd1\" data-element_type=\"widget\" data-widget_type=\"spacer.default\">\n\t\t\t\t<div class=\"elementor-widget-container\">\n\t\t\t\t\t\t\t<div class=\"elementor-spacer\">\n\t\t\t<div class=\"elementor-spacer-inner\"><\/div>\n\t\t<\/div>\n\t\t\t\t\t\t<\/div>\n\t\t\t\t<\/div>\n\t\t\t\t\t<\/div>\n\t\t\t\t<\/div>\n\t\t<div class=\"elementor-element elementor-element-5cea823 e-flex e-con-boxed e-con e-parent\" data-id=\"5cea823\" data-element_type=\"container\">\n\t\t\t\t\t<div class=\"e-con-inner\">\n\t\t\t\t<div class=\"elementor-element elementor-element-ef52721 elementor-widget elementor-widget-text-editor\" data-id=\"ef52721\" data-element_type=\"widget\" data-widget_type=\"text-editor.default\">\n\t\t\t\t<div class=\"elementor-widget-container\">\n\t\t\t\t\t\t\t\t\t<div class=\"term\"><div class=\"term__title\"><h3>Introducci\u00f3n<\/h3><\/div><p>\u00a0<\/p><p><strong>Bienvenido a <a href=\"https:\/\/startmsg.com\" target=\"_new\" rel=\"noopener\">https:\/\/startmsg.com<\/a> \/<a href=\"https:\/\/startmsg.lt\/es\/\" target=\"_new\" rel=\"noopener\"> https:\/\/startmsg.lt<\/a> (Sitio web).<\/strong> Entendemos que la privacidad en l\u00ednea es importante para los usuarios de nuestro Sitio Web, especialmente en el curso de la realizaci\u00f3n de negocios. Esta Pol\u00edtica de Privacidad rige nuestras pr\u00e1cticas de privacidad para aquellos usuarios del Sitio (Visitantes) que lo visitan sin realizar negocios y para los Visitantes que se registran para realizar negocios en el Sitio y para utilizar los diversos servicios ofrecidos por esta aplicaci\u00f3n (colectivamente, los \"Servicios\") (Clientes Autorizados).<\/p><h3>Informaci\u00f3n de identificaci\u00f3n personal<\/h3><p>Por informaci\u00f3n de identificaci\u00f3n personal se entiende cualquier informaci\u00f3n que identifique o pueda utilizarse para identificar, contactar o localizar a la persona a la que pertenece la informaci\u00f3n, incluidos, entre otros, el nombre, la direcci\u00f3n, el n\u00famero de tel\u00e9fono, el n\u00famero de fax, la direcci\u00f3n de correo electr\u00f3nico, los datos financieros, el n\u00famero de la seguridad social y la informaci\u00f3n sobre tarjetas de cr\u00e9dito. La informaci\u00f3n personal identificable no incluye la informaci\u00f3n recopilada de forma an\u00f3nima (es decir, sin identificar al usuario) ni la informaci\u00f3n demogr\u00e1fica que no est\u00e9 vinculada a una persona identificada.<\/p><h3>\u00bfQu\u00e9 datos de identificaci\u00f3n personal recogemos?<\/h3><p>Podemos recopilar informaci\u00f3n b\u00e1sica sobre el perfil de usuario de todos nuestros visitantes. Adem\u00e1s, recopilamos la siguiente informaci\u00f3n adicional de los Clientes Autorizados: nombres, direcciones, n\u00fameros de tel\u00e9fono y direcciones de correo electr\u00f3nico, la naturaleza y el tama\u00f1o del negocio, y la naturaleza y el tama\u00f1o del inventario publicitario que el Cliente Autorizado pretende comprar o vender.<\/p><h3>\u00bfQu\u00e9 organizaciones recopilan informaci\u00f3n?<\/h3><p>Adem\u00e1s de nuestra recogida directa de informaci\u00f3n, nuestros terceros proveedores de servicios (como compa\u00f1\u00edas de tarjetas de cr\u00e9dito, centros de pago y bancos) que prestan servicios como cr\u00e9ditos, seguros y dep\u00f3sitos pueden recoger esta informaci\u00f3n de nuestros Visitantes y Clientes Autorizados. No controlamos la forma en que estos terceros utilizan dicha informaci\u00f3n, pero les pedimos que revelen c\u00f3mo utilizan la informaci\u00f3n personal que reciben de los Visitantes y Clientes Autorizados.<\/p><h3>\u00bfC\u00f3mo utiliza el sitio web la informaci\u00f3n de identificaci\u00f3n personal?<\/h3><p>Utilizamos la informaci\u00f3n de identificaci\u00f3n personal para personalizar el Sitio Web, ofrecer servicios relevantes y atender consultas de compra y venta. Podemos enviar correos electr\u00f3nicos a Visitantes y Clientes Autorizados sobre consultas, oportunidades de compra y venta o informaci\u00f3n relacionada con el tema del Sitio Web. Tambi\u00e9n podemos utilizar informaci\u00f3n personal identificable para responder a consultas espec\u00edficas o proporcionar la informaci\u00f3n solicitada.<\/p><h3>\u00bfCon qui\u00e9n puede compartirse la informaci\u00f3n?<\/h3><p>La informaci\u00f3n personal identificable sobre Clientes Autorizados puede compartirse con otros Clientes Autorizados que deseen evaluar posibles oportunidades de transacci\u00f3n. Podemos compartir informaci\u00f3n agregada sobre nuestros Visitantes, incluyendo informaci\u00f3n demogr\u00e1fica sobre nuestros Visitantes y Clientes Autorizados, con nuestras agencias afiliadas y proveedores terceros. Tambi\u00e9n le ofrecemos la oportunidad de \"excluirse\" de recibir informaci\u00f3n o de ser contactado por nosotros o por cualquier agencia que act\u00fae en nuestro nombre.<\/p><h3>\u00bfC\u00f3mo se almacenan los datos de identificaci\u00f3n personal?<\/h3><p>La informaci\u00f3n de identificaci\u00f3n personal recopilada se almacena de forma segura y no se pone a disposici\u00f3n de terceros ni de nuestros empleados, excepto cuando se utiliza para los fines arriba indicados.<\/p><h3>\u00bfQu\u00e9 opciones tienen los visitantes respecto a la recogida, uso y distribuci\u00f3n de informaci\u00f3n?<\/h3><p>Los visitantes y clientes autorizados pueden optar por no recibir informaci\u00f3n no solicitada de nosotros y\/o de nuestros proveedores y agencias afiliadas respondiendo a los correos electr\u00f3nicos de acuerdo con las instrucciones proporcionadas o poni\u00e9ndose en contacto con nosotros.<\/p><h3>\u00bfSe utilizan cookies en el sitio web?<\/h3><p>S\u00ed, las cookies se utilizan por varias razones. Utilizamos cookies para obtener informaci\u00f3n sobre las preferencias y opciones de servicio de nuestros visitantes. Tambi\u00e9n utilizamos cookies con fines de seguridad para proteger a los Clientes Autorizados.<\/p><h3>\u00bfC\u00f3mo utiliza la aplicaci\u00f3n los datos de acceso?<\/h3><p>La App utiliza la informaci\u00f3n de acceso, incluyendo pero no limitado a direcciones IP, proveedores de servicios de Internet (ISP) y tipos de navegador, para analizar tendencias, administrar el Sitio, rastrear el movimiento de los usuarios y el uso del Sitio, y recopilar informaci\u00f3n demogr\u00e1fica amplia.<\/p><h3>\u00bfC\u00f3mo almacena el sitio web la informaci\u00f3n de identificaci\u00f3n personal?<\/h3><p>Todos nuestros empleados conocen nuestras pol\u00edticas y procedimientos de seguridad. La informaci\u00f3n personal identificable perteneciente a Visitantes y Clientes Autorizados s\u00f3lo est\u00e1 disponible para un n\u00famero limitado de empleados cualificados que disponen de contrase\u00f1as para acceder a la informaci\u00f3n.<\/p><h3>\u00bfQu\u00e9 socios o proveedores de servicios tienen acceso a la informaci\u00f3n personal identificable de los Visitantes y\/o Clientes Autorizados en el Sitio Web?<\/h3><p>La App ha celebrado y seguir\u00e1 celebrando asociaciones y otros acuerdos de cooperaci\u00f3n con diversos proveedores. Dichos proveedores pueden tener acceso a cierta informaci\u00f3n de identificaci\u00f3n personal en funci\u00f3n de la \"necesidad de saber\" con el fin de evaluar la elegibilidad de los Clientes Autorizados para los servicios. Nuestra Pol\u00edtica de Privacidad no cubre la recogida o uso de informaci\u00f3n de estos proveedores. Divulgaci\u00f3n de informaci\u00f3n de identificaci\u00f3n personal para cumplir con la ley: Divulgaremos informaci\u00f3n de identificaci\u00f3n personal para cumplir con una orden o citaci\u00f3n judicial, o con la solicitud de informaci\u00f3n de una agencia de aplicaci\u00f3n de la ley. Tambi\u00e9n revelaremos informaci\u00f3n de identificaci\u00f3n personal cuando sea razonablemente necesario para proteger la seguridad de nuestros visitantes y clientes autorizados.<\/p><h3>\u00bfC\u00f3mo almacena el sitio web la informaci\u00f3n de identificaci\u00f3n personal?<\/h3><p>Todos nuestros empleados conocen nuestras pol\u00edticas y procedimientos de seguridad. La informaci\u00f3n personal identificable perteneciente a visitantes y clientes autorizados s\u00f3lo est\u00e1 disponible para un n\u00famero limitado de empleados cualificados que disponen de contrase\u00f1as para acceder a la informaci\u00f3n. Revisamos peri\u00f3dicamente nuestros sistemas y procesos de seguridad. La informaci\u00f3n confidencial, como los n\u00fameros de tarjetas de cr\u00e9dito o de la seguridad social, est\u00e1 protegida mediante protocolos de encriptaci\u00f3n para proteger la informaci\u00f3n enviada por Internet. Aunque tomamos medidas comercialmente razonables para garantizar un sitio web seguro, las comunicaciones electr\u00f3nicas y las bases de datos son vulnerables a errores, pirater\u00eda inform\u00e1tica y otros incidentes, y no podemos garantizar que no se produzcan, por lo que no aceptamos responsabilidad alguna por dichos sucesos ante los Visitantes o Clientes Autorizados.<\/p><h3>\u00bfC\u00f3mo pueden los visitantes corregir inexactitudes en la informaci\u00f3n de identificaci\u00f3n personal?<\/h3><p>Los visitantes y clientes autorizados pueden ponerse en contacto con nosotros para actualizar o corregir informaci\u00f3n personal identificable sobre ellos mismos envi\u00e1ndonos un correo electr\u00f3nico: <a rel=\"noopener\">support@startmsg.com<\/a>.<\/p><h3>\u00bfPuede un Visitante borrar o desactivar la informaci\u00f3n de identificaci\u00f3n personal recogida en el Sitio?<\/h3><p>Proporcionamos a los Visitantes y Clientes Autorizados un mecanismo para eliminar\/desactivar informaci\u00f3n personal identificable de la base de datos del Sitio poni\u00e9ndose en contacto con nosotros. Sin embargo, debido a las copias de seguridad y a las eliminaciones, puede que no sea posible borrar completamente el registro de un Visitante sin que quede alguna informaci\u00f3n. A la persona que solicite la desactivaci\u00f3n de informaci\u00f3n personal identificable se le borrar\u00e1 dicha informaci\u00f3n funcionalmente, y no venderemos, transferiremos ni utilizaremos dicha informaci\u00f3n de ninguna manera en el futuro.<\/p><h3>\u00bfQu\u00e9 ocurre si cambia la pol\u00edtica de privacidad?<\/h3><p>Notificaremos a nuestros Visitantes y Clientes Autorizados los cambios en nuestra pol\u00edtica de privacidad publicando dichos cambios en el Sitio. Sin embargo, si cambiamos nuestra pol\u00edtica de privacidad de una manera que pueda resultar en la divulgaci\u00f3n de informaci\u00f3n de identificaci\u00f3n personal que un Visitante o Cliente Autorizado haya solicitado previamente que no se divulgue, nos pondremos en contacto con dicho Visitante o Cliente Autorizado para permitirle evitar dicha divulgaci\u00f3n.<\/p><h3>Referencias:<\/h3><p><a href=\"https:\/\/startmsg.com\" target=\"_new\" rel=\"noopener\">Startmsg.com<\/a> \/ <a href=\"https:\/\/startmsg.lt\/es\/\">Startmsg.lt<\/a> puede contener enlaces a otros sitios web. Tenga en cuenta que si hace clic en uno de los enlaces, acceder\u00e1 a otro sitio web. Le recomendamos que consulte las pol\u00edticas de privacidad de esos sitios, ya que pueden diferir de las nuestras.<\/p><\/div>\t\t\t\t\t\t\t\t<\/div>\n\t\t\t\t<\/div>\n\t\t\t\t\t<\/div>\n\t\t\t\t<\/div>\n\t\t\t\t<\/div>","protected":false},"excerpt":{"rendered":"<p>\u012evadas \u00a0 Sveiki atvyk\u0119 \u012f https:\/\/startmsg.com \/ https:\/\/startmsg.lt (Svetain\u0117). Mes suprantame, kad privatumas internete yra svarbus m\u016bs\u0173 Svetain\u0117s naudotojams, ypa\u010d vykdant verslo [&hellip;]<\/p>","protected":false},"author":1,"featured_media":0,"parent":0,"menu_order":0,"comment_status":"closed","ping_status":"open","template":"","meta":{"footnotes":""},"class_list":["post-3","page","type-page","status-publish","hentry"],"yoast_head":"<!-- This site is optimized with the Yoast SEO Premium plugin v23.8 (Yoast SEO v26.4) - https:\/\/yoast.com\/wordpress\/plugins\/seo\/ -->\n<title>Privatumo politika - startmsg.lt<\/title>\n<meta name=\"robots\" content=\"index, nofollow, max-snippet:-1, max-image-preview:large, max-video-preview:-1\" \/>\n<link rel=\"canonical\" href=\"https:\/\/startmsg.lt\/es\/politica-de-privacidad\/\" \/>\n<meta property=\"og:locale\" content=\"es_ES\" \/>\n<meta property=\"og:type\" content=\"article\" \/>\n<meta property=\"og:title\" content=\"Privatumo politika\" \/>\n<meta property=\"og:description\" content=\"\u012evadas \u00a0 Sveiki atvyk\u0119 \u012f https:\/\/startmsg.com \/ https:\/\/startmsg.lt (Svetain\u0117). Mes suprantame, kad privatumas internete yra svarbus m\u016bs\u0173 Svetain\u0117s naudotojams, ypa\u010d vykdant verslo [&hellip;]\" \/>\n<meta property=\"og:url\" content=\"https:\/\/startmsg.lt\/es\/politica-de-privacidad\/\" \/>\n<meta property=\"og:site_name\" content=\"startmsg.lt\" \/>\n<meta property=\"article:publisher\" content=\"https:\/\/facebook.com\/chatbotas\" \/>\n<meta property=\"article:modified_time\" content=\"2025-06-01T21:30:42+00:00\" \/>\n<meta name=\"twitter:card\" content=\"summary_large_image\" \/>\n<meta name=\"twitter:label1\" content=\"Tiempo de lectura\" \/>\n\t<meta name=\"twitter:data1\" content=\"6 minutos\" \/>\n<script type=\"application\/ld+json\" class=\"yoast-schema-graph\">{\"@context\":\"https:\/\/schema.org\",\"@graph\":[{\"@type\":\"WebPage\",\"@id\":\"https:\/\/startmsg.lt\/privatumo-politika\/\",\"url\":\"https:\/\/startmsg.lt\/privatumo-politika\/\",\"name\":\"Privatumo politika - startmsg.lt\",\"isPartOf\":{\"@id\":\"https:\/\/startmsg.lt\/#website\"},\"datePublished\":\"2024-01-30T13:41:47+00:00\",\"dateModified\":\"2025-06-01T21:30:42+00:00\",\"breadcrumb\":{\"@id\":\"https:\/\/startmsg.lt\/privatumo-politika\/#breadcrumb\"},\"inLanguage\":\"es\",\"potentialAction\":[{\"@type\":\"ReadAction\",\"target\":[\"https:\/\/startmsg.lt\/privatumo-politika\/\"]}]},{\"@type\":\"BreadcrumbList\",\"@id\":\"https:\/\/startmsg.lt\/privatumo-politika\/#breadcrumb\",\"itemListElement\":[{\"@type\":\"ListItem\",\"position\":1,\"name\":\"Home\",\"item\":\"https:\/\/startmsg.lt\/\"},{\"@type\":\"ListItem\",\"position\":2,\"name\":\"Privatumo politika\"}]},{\"@type\":\"WebSite\",\"@id\":\"https:\/\/startmsg.lt\/#website\",\"url\":\"https:\/\/startmsg.lt\/\",\"name\":\"startmsg.lt\",\"description\":\"\",\"publisher\":{\"@id\":\"https:\/\/startmsg.lt\/#organization\"},\"potentialAction\":[{\"@type\":\"SearchAction\",\"target\":{\"@type\":\"EntryPoint\",\"urlTemplate\":\"https:\/\/startmsg.lt\/?s={search_term_string}\"},\"query-input\":{\"@type\":\"PropertyValueSpecification\",\"valueRequired\":true,\"valueName\":\"search_term_string\"}}],\"inLanguage\":\"es\"},{\"@type\":\"Organization\",\"@id\":\"https:\/\/startmsg.lt\/#organization\",\"name\":\"startmsg.lt\",\"url\":\"https:\/\/startmsg.lt\/\",\"logo\":{\"@type\":\"ImageObject\",\"inLanguage\":\"es\",\"@id\":\"https:\/\/startmsg.lt\/#\/schema\/logo\/image\/\",\"url\":\"https:\/\/startmsg.lt\/wp-content\/uploads\/2024\/01\/favicon.png\",\"contentUrl\":\"https:\/\/startmsg.lt\/wp-content\/uploads\/2024\/01\/favicon.png\",\"width\":196,\"height\":196,\"caption\":\"startmsg.lt\"},\"image\":{\"@id\":\"https:\/\/startmsg.lt\/#\/schema\/logo\/image\/\"},\"sameAs\":[\"https:\/\/facebook.com\/chatbotas\",\"https:\/\/www.instagram.com\/chatbotas\"]}]}<\/script>\n<!-- \/ Yoast SEO Premium plugin. -->","yoast_head_json":{"title":"Pol\u00edtica de privacidad - startmsg.lt","robots":{"index":"index","follow":"nofollow","max-snippet":"max-snippet:-1","max-image-preview":"max-image-preview:large","max-video-preview":"max-video-preview:-1"},"canonical":"https:\/\/startmsg.lt\/es\/politica-de-privacidad\/","og_locale":"es_ES","og_type":"article","og_title":"Privatumo politika","og_description":"\u012evadas \u00a0 Sveiki atvyk\u0119 \u012f https:\/\/startmsg.com \/ https:\/\/startmsg.lt (Svetain\u0117). Mes suprantame, kad privatumas internete yra svarbus m\u016bs\u0173 Svetain\u0117s naudotojams, ypa\u010d vykdant verslo [&hellip;]","og_url":"https:\/\/startmsg.lt\/es\/politica-de-privacidad\/","og_site_name":"startmsg.lt","article_publisher":"https:\/\/facebook.com\/chatbotas","article_modified_time":"2025-06-01T21:30:42+00:00","twitter_card":"summary_large_image","twitter_misc":{"Tiempo de lectura":"6 minutos"},"schema":{"@context":"https:\/\/schema.org","@graph":[{"@type":"WebPage","@id":"https:\/\/startmsg.lt\/privatumo-politika\/","url":"https:\/\/startmsg.lt\/privatumo-politika\/","name":"Pol\u00edtica de privacidad - startmsg.lt","isPartOf":{"@id":"https:\/\/startmsg.lt\/#website"},"datePublished":"2024-01-30T13:41:47+00:00","dateModified":"2025-06-01T21:30:42+00:00","breadcrumb":{"@id":"https:\/\/startmsg.lt\/privatumo-politika\/#breadcrumb"},"inLanguage":"es","potentialAction":[{"@type":"ReadAction","target":["https:\/\/startmsg.lt\/privatumo-politika\/"]}]},{"@type":"BreadcrumbList","@id":"https:\/\/startmsg.lt\/privatumo-politika\/#breadcrumb","itemListElement":[{"@type":"ListItem","position":1,"name":"Home","item":"https:\/\/startmsg.lt\/"},{"@type":"ListItem","position":2,"name":"Privatumo politika"}]},{"@type":"WebSite","@id":"https:\/\/startmsg.lt\/#website","url":"https:\/\/startmsg.lt\/","name":"startmsg.lt","description":"","publisher":{"@id":"https:\/\/startmsg.lt\/#organization"},"potentialAction":[{"@type":"SearchAction","target":{"@type":"EntryPoint","urlTemplate":"https:\/\/startmsg.lt\/?s={search_term_string}"},"query-input":{"@type":"PropertyValueSpecification","valueRequired":true,"valueName":"search_term_string"}}],"inLanguage":"es"},{"@type":"Organization","@id":"https:\/\/startmsg.lt\/#organization","name":"startmsg.lt","url":"https:\/\/startmsg.lt\/","logo":{"@type":"ImageObject","inLanguage":"es","@id":"https:\/\/startmsg.lt\/#\/schema\/logo\/image\/","url":"https:\/\/startmsg.lt\/wp-content\/uploads\/2024\/01\/favicon.png","contentUrl":"https:\/\/startmsg.lt\/wp-content\/uploads\/2024\/01\/favicon.png","width":196,"height":196,"caption":"startmsg.lt"},"image":{"@id":"https:\/\/startmsg.lt\/#\/schema\/logo\/image\/"},"sameAs":["https:\/\/facebook.com\/chatbotas","https:\/\/www.instagram.com\/chatbotas"]}]}},"_links":{"self":[{"href":"https:\/\/startmsg.lt\/es\/wp-json\/wp\/v2\/pages\/3","targetHints":{"allow":["GET"]}}],"collection":[{"href":"https:\/\/startmsg.lt\/es\/wp-json\/wp\/v2\/pages"}],"about":[{"href":"https:\/\/startmsg.lt\/es\/wp-json\/wp\/v2\/types\/page"}],"author":[{"embeddable":true,"href":"https:\/\/startmsg.lt\/es\/wp-json\/wp\/v2\/users\/1"}],"replies":[{"embeddable":true,"href":"https:\/\/startmsg.lt\/es\/wp-json\/wp\/v2\/comments?post=3"}],"version-history":[{"count":15,"href":"https:\/\/startmsg.lt\/es\/wp-json\/wp\/v2\/pages\/3\/revisions"}],"predecessor-version":[{"id":2433,"href":"https:\/\/startmsg.lt\/es\/wp-json\/wp\/v2\/pages\/3\/revisions\/2433"}],"wp:attachment":[{"href":"https:\/\/startmsg.lt\/es\/wp-json\/wp\/v2\/media?parent=3"}],"curies":[{"name":"wp","href":"https:\/\/api.w.org\/{rel}","templated":true}]}}