{"id":1078,"date":"2024-10-12T22:41:56","date_gmt":"2024-10-12T22:41:56","guid":{"rendered":"https:\/\/startmsg.lt\/?page_id=1078"},"modified":"2025-06-01T21:31:13","modified_gmt":"2025-06-01T21:31:13","slug":"terminos-y-condiciones","status":"publish","type":"page","link":"https:\/\/startmsg.lt\/es\/terminos-y-condiciones\/","title":{"rendered":"Condiciones generales"},"content":{"rendered":"<div data-elementor-type=\"wp-page\" data-elementor-id=\"1078\" class=\"elementor elementor-1078\" data-elementor-settings=\"{&quot;element_pack_global_tooltip_width&quot;:{&quot;unit&quot;:&quot;px&quot;,&quot;size&quot;:&quot;&quot;,&quot;sizes&quot;:[]},&quot;element_pack_global_tooltip_width_tablet&quot;:{&quot;unit&quot;:&quot;px&quot;,&quot;size&quot;:&quot;&quot;,&quot;sizes&quot;:[]},&quot;element_pack_global_tooltip_width_mobile&quot;:{&quot;unit&quot;:&quot;px&quot;,&quot;size&quot;:&quot;&quot;,&quot;sizes&quot;:[]},&quot;element_pack_global_tooltip_padding&quot;:{&quot;unit&quot;:&quot;px&quot;,&quot;top&quot;:&quot;&quot;,&quot;right&quot;:&quot;&quot;,&quot;bottom&quot;:&quot;&quot;,&quot;left&quot;:&quot;&quot;,&quot;isLinked&quot;:true},&quot;element_pack_global_tooltip_padding_tablet&quot;:{&quot;unit&quot;:&quot;px&quot;,&quot;top&quot;:&quot;&quot;,&quot;right&quot;:&quot;&quot;,&quot;bottom&quot;:&quot;&quot;,&quot;left&quot;:&quot;&quot;,&quot;isLinked&quot;:true},&quot;element_pack_global_tooltip_padding_mobile&quot;:{&quot;unit&quot;:&quot;px&quot;,&quot;top&quot;:&quot;&quot;,&quot;right&quot;:&quot;&quot;,&quot;bottom&quot;:&quot;&quot;,&quot;left&quot;:&quot;&quot;,&quot;isLinked&quot;:true},&quot;element_pack_global_tooltip_border_radius&quot;:{&quot;unit&quot;:&quot;px&quot;,&quot;top&quot;:&quot;&quot;,&quot;right&quot;:&quot;&quot;,&quot;bottom&quot;:&quot;&quot;,&quot;left&quot;:&quot;&quot;,&quot;isLinked&quot;:true},&quot;element_pack_global_tooltip_border_radius_tablet&quot;:{&quot;unit&quot;:&quot;px&quot;,&quot;top&quot;:&quot;&quot;,&quot;right&quot;:&quot;&quot;,&quot;bottom&quot;:&quot;&quot;,&quot;left&quot;:&quot;&quot;,&quot;isLinked&quot;:true},&quot;element_pack_global_tooltip_border_radius_mobile&quot;:{&quot;unit&quot;:&quot;px&quot;,&quot;top&quot;:&quot;&quot;,&quot;right&quot;:&quot;&quot;,&quot;bottom&quot;:&quot;&quot;,&quot;left&quot;:&quot;&quot;,&quot;isLinked&quot;:true}}\">\n\t\t\t\t<div class=\"elementor-element elementor-element-ede0e80 e-flex e-con-boxed e-con e-parent\" data-id=\"ede0e80\" data-element_type=\"container\">\n\t\t\t\t\t<div class=\"e-con-inner\">\n\t\t\t\t<div class=\"elementor-element elementor-element-b3515d5 elementor-widget elementor-widget-spacer\" data-id=\"b3515d5\" data-element_type=\"widget\" data-widget_type=\"spacer.default\">\n\t\t\t\t<div class=\"elementor-widget-container\">\n\t\t\t\t\t\t\t<div class=\"elementor-spacer\">\n\t\t\t<div class=\"elementor-spacer-inner\"><\/div>\n\t\t<\/div>\n\t\t\t\t\t\t<\/div>\n\t\t\t\t<\/div>\n\t\t\t\t<div class=\"elementor-element elementor-element-9a041c7 elementor-widget elementor-widget-text-editor\" data-id=\"9a041c7\" data-element_type=\"widget\" data-widget_type=\"text-editor.default\">\n\t\t\t\t<div class=\"elementor-widget-container\">\n\t\t\t\t\t\t\t\t\t<p><strong>SUSCRIBIRSE O UTILIZAR Startmsg.com \/ Startmsg.com, USTED AFIRMA QUE TIENE PLENA AUTORIDAD PARA ACTUAR PARA FIRMAR USTED MISMO, CUALQUIER TERCERA PERSONA, EMPRESA O ENTIDAD JUR\u00cdDICA, Y QUE SU USO Y\/O INTERACCI\u00d3N CON ESTE SITIO CONSTITUYE SU ACEPTACI\u00d3N DE ESTE ACUERDO DE T\u00c9RMINOS DE USO, AS\u00cd COMO DE CUALQUIER OTRO ACUERDO QUE PODAMOS PUBLICAR EN ESTE SITIO.<\/strong><\/p><p><strong>AL VER, COMPARTIR, USAR O INTERACTUAR CON Startmsg.com \/ Startmsg.com O CUALQUIER BANNER, LENGUAJE DE COMPRA O PUBLICIDAD UBICADA EN ESTE SITIO, USTED ACEPTA TODOS LOS T\u00c9RMINOS Y CONDICIONES DE ESTA POL\u00cdTICA DE USO Y POL\u00cdTICA DE PRIVACIDAD.<\/strong><\/p><p><strong>Startmsg.com \/ Startmsg.lt ESPEC\u00cdFICAMENTE RECORDADO PARA AYUDAR A CUALQUIER PERSONA SUJETA A LA LEY DE PROTECCI\u00d3N DE LA INTIMIDAD DE LOS NI\u00d1OS EN INTERNET (COPPA) 1998.<\/strong><\/p><p><strong>Startmsg.com \/ Startmsg.lt SE RESERVA EL DERECHO DE RECOMPENSAR A CUALQUIER PERSONA O VISITANTE EN CUALQUIER MOMENTO. BAJO LAS DISPOSICIONES DE LA POL\u00cdTICA DE PRIVACIDAD QUE USTED ACEPTA COMO CONDICI\u00d3N PARA VER, Startmsg.com \/ Startmsg.com PUEDE RECOGER Y CONSERVAR DATOS E INFORMACI\u00d3N PARA HACER EXCEPCIONES PARA OTROS USOS M\u00daLTIPLES.<\/strong><\/p><p><strong>ESTE ACUERDO DE T\u00c9RMINOS DE USO EST\u00c1 SUJETO A CAMBIOS CON EL TIEMPO. LOS VISITANTES TIENEN LA RESPONSABILIDAD DE MANTENERSE INFORMADOS DE DICHOS CAMBIOS REVISANDO ESTA P\u00c1GINA DE LAS CONDICIONES DE USO CADA VEZ QUE VISITEN STARTMSG.com \/ Startmsg.lt.<\/strong><\/p><p><strong>LAS PARTES DEL CONTRATO<\/strong><br \/>Los visitantes, espectadores, usuarios, suscriptores, miembros, socios o clientes, denominados colectivamente \"Visitantes\", son partes de este acuerdo. El Sitio Web y sus propietarios y\/u operadores son partes de este acuerdo, en adelante denominado el \"Sitio Web\".<\/p><p><strong>USO DE LA INFORMACI\u00d3N DE ESTE SITIO WEB<\/strong><br \/>A menos que tenga un acuerdo por escrito con este sitio web, los visitantes, espectadores, suscriptores, miembros, socios o clientes no tienen derecho a utilizar esta informaci\u00f3n en un entorno comercial o p\u00fablico; no tienen derecho a difundir, copiar, almacenar, imprimir, vender o publicar ninguna parte del contenido de este sitio web. Al acceder al contenido de este sitio web, usted acepta esta condici\u00f3n de acceso y reconoce que cualquier uso no autorizado es ilegal y puede dar lugar a sanciones civiles o penales. Una vez m\u00e1s, el visitante no tiene derecho a utilizar el contenido del sitio ni ninguna parte del mismo, incluidas sus bases de datos, p\u00e1ginas invisibles, p\u00e1ginas enlazadas, c\u00f3digo subyacente u otra propiedad intelectual que pueda contener el sitio, por ning\u00fan motivo ni para ning\u00fan uso. Reconociendo que puede ser dif\u00edcil estimar los da\u00f1os exactos resultantes de una violaci\u00f3n de esta disposici\u00f3n, el visitante se compromete a indemnizar a los propietarios de Startmsg.com\/Startmsg.com por da\u00f1os y perjuicios por un importe igual a 100.000 d\u00f3lares o, si se puede estimar, los costes reales y los da\u00f1os reales resultantes de una violaci\u00f3n de esta disposici\u00f3n, el que sea mayor. El visitante reconoce que entiende que la aceptaci\u00f3n de esta disposici\u00f3n es una condici\u00f3n para acceder a Startmsg.com \/ Startmsg.com y que el acceso a Startmsg.com \/ Startmsg.com constituye un reconocimiento de esta aceptaci\u00f3n.<\/p><p><strong>LA PROPIEDAD DEL SITIO WEB O EL DERECHO A UTILIZAR, VENDER O PUBLICAR SU CONTENIDO<\/strong><br \/>El sitio web y su contenido son propiedad o est\u00e1n bajo licencia del propietario del sitio web. El contenido del sitio web se considerar\u00e1 propiedad del propietario y sujeto a derechos de autor. Los visitantes no tienen derecho alguno sobre el contenido del sitio web. El uso del contenido del Sitio por cualquier motivo es ilegal, a menos que sea en virtud de un acuerdo escrito o con el permiso del Sitio.<\/p><p><strong>HIPERV\u00cdNCULOS AL SITIO WEB, COLABORACI\u00d3N, \"FRAMING\" Y SUPRESI\u00d3N DEL SITIO WEB<\/strong><br \/>Salvo autorizaci\u00f3n expresa, nadie est\u00e1 autorizado a establecer hiperv\u00ednculos entre Startmsg.com\/Startmsg.com o cualquier parte del mismo (incluidos, entre otros, logotipos, marcas comerciales, imagen comercial o material protegido por derechos de autor) y sus sitios web con ning\u00fan fin. Adem\u00e1s, no podr\u00e1 incluir la URL (direcci\u00f3n de Internet) de este sitio web ni ninguna p\u00e1gina del mismo en ning\u00fan medio comercial o no comercial sin nuestro permiso expreso, ni podr\u00e1 \"patrocinar\" el sitio web. Usted se compromete espec\u00edficamente a cooperar con los propietarios del sitio para eliminar o desactivar tales actividades y a responder de los da\u00f1os y perjuicios derivados del incumplimiento de esta disposici\u00f3n. Entendiendo que puede ser dif\u00edcil estimar los da\u00f1os exactos resultantes de una violaci\u00f3n de esta disposici\u00f3n, usted acepta indemnizar a los propietarios de Startmsg.com\/Startmsg.com en la cantidad de 100.000 d\u00f3lares o, si se puede estimar, los costes reales y los da\u00f1os reales resultantes de una violaci\u00f3n de esta disposici\u00f3n, lo que sea mayor. Usted reconoce que entiende que la aceptaci\u00f3n de esta disposici\u00f3n es una condici\u00f3n para unirse a Startmsg.com \/ Startmsg.com, y que unirse a Startmsg.com \/ Startmsg.com es un reconocimiento de esta aceptaci\u00f3n.<\/p><p><strong>RESPONSABILIDAD DEL CONTENIDO DEL SITIO WEB<\/strong><br \/>Startmsg.com \/ Startmsg.com se exime de cualquier responsabilidad por la exactitud del contenido que aparece en, est\u00e1 vinculado a o menciona Startmsg.com \/ Startmsg.com. Los visitantes asumen todos los riesgos asociados con la visualizaci\u00f3n, lectura, uso o confianza en la informaci\u00f3n. A menos que tenga un acuerdo por escrito con nosotros, usted no tiene derecho a confiar en cualquiera de los contenidos de la informaci\u00f3n en este sitio web como exacta. No ofrecemos ninguna garant\u00eda en este sentido.<\/p><p><strong>RESPONSABILIDAD POR CUALQUIER DA\u00d1O A SU ORDENADOR O SOFTWARE EN RELACI\u00d3N CON SU INTERACCI\u00d3N CON ESTE SITIO WEB O SU CONTENIDO<\/strong><br \/>El visitante asume todo riesgo de virus, gusanos u otros agentes maliciosos que puedan da\u00f1ar su ordenador o software. No nos hacemos responsables de ning\u00fan da\u00f1o causado al ordenador o software del visitante o de cualquier otra persona con la que el visitante pueda interactuar por c\u00f3digos o datos maliciosos que puedan transmitirse inadvertidamente al ordenador del visitante. El visitante que vea o interact\u00fae con Startmsg.com \/ Startmsg.com, o cualquier anuncio, banner o pop-up, lo hace bajo su propia responsabilidad.<\/p><p><strong>RESPONSABILIDAD DE LOS DATOS CARGADOS<\/strong><br \/>El visitante descarga informaci\u00f3n de Startmsg.com \/ Startmsg.lt por su cuenta y riesgo. El sitio no garantiza que las descargas est\u00e9n libres de c\u00f3digo inform\u00e1tico corrupto, incluidos, entre otros, virus y gusanos.<\/p><p><strong>RECHAZO<\/strong><br \/>Al visualizar, utilizar o interactuar de cualquier otro modo con Startmsg.com\/Startmsg.com, incluida la publicidad, los banners o las ventanas emergentes, y como condici\u00f3n para la autorizaci\u00f3n del sitio, el Visitante renuncia para siempre a todos y cada uno de los derechos a cualquier reclamaci\u00f3n por da\u00f1os basada en cualquier factor causal que pueda dar lugar a da\u00f1os de cualquier tipo, ya sean graves o grandes, f\u00edsicos o emocionales, previsibles o imprevisibles, personales o comerciales. Sujeto a cualquier ley que pueda no permitir tales excepciones, nuestra responsabilidad m\u00e1xima no exceder\u00e1 la cantidad pagada a usted, en su caso, para el uso de nuestro sitio web o servicios. Adem\u00e1s, usted acepta que el incumplimiento de nuestras obligaciones debido a acontecimientos fuera de nuestro control incluye, entre otros, casos fortuitos, actos de guerra, terrorismo, insurrecciones, disturbios, actividades delictivas, desastres naturales, fallos en las comunicaciones o en las infraestructuras, escasez o interrupci\u00f3n de la mano de obra (incluidas huelgas ilegales), escasez de materiales y cualquier otro acontecimiento que escape a nuestro control.<\/p><p><strong>RESPONSABILIDAD<\/strong><br \/>El Visitante acepta que si nos causa da\u00f1os a nosotros o a un tercero derivados o relacionados con el uso de Startmsg.com \/ Startmsg.com, el Visitante nos indemnizar\u00e1 y, en su caso, nos defender\u00e1 frente a cualquier reclamaci\u00f3n por da\u00f1os y perjuicios.<\/p><p><strong>ENVIOS<\/strong><br \/>El Visitante acepta que cualquier comunicaci\u00f3n entre el Visitante y el Sitio Web se considerar\u00e1 un env\u00edo. Todos los env\u00edos, incluidos los gr\u00e1ficos que contengan, o cualquier contenido de los mismos, pasar\u00e1n a ser propiedad exclusiva del Sitio y podr\u00e1n utilizarse, sin m\u00e1s autorizaci\u00f3n, con fines comerciales sin compensaci\u00f3n adicional. El visitante se compromete a proporcionar al Sitio \u00fanicamente los datos que desee para que \u00e9ste pueda utilizarlos permanentemente del modo que desee. \"Env\u00edos\" es tambi\u00e9n una disposici\u00f3n de la Pol\u00edtica de Privacidad.<\/p><p><strong>COMUNICADO DE PRENSA<\/strong><br \/>No es necesario enviar notificaciones adicionales al Visitante por ning\u00fan motivo, y el Visitante reconoce expresamente que renuncia al derecho de notificaci\u00f3n como condici\u00f3n para que se le permita ver o interactuar con el Sitio Web.<\/p><p><strong>GINCHAI<\/strong><br \/>Como parte de los t\u00e9rminos y condiciones requeridos por el Sitio para que el Visitante pueda ver, usar o interactuar con este Sitio, el Visitante acepta utilizar el arbitraje vinculante para cualquier reclamaci\u00f3n, disputa o controversia (\"RECLAMACI\u00d3N\") en cualquier forma (ya sea en contrato, agravio, o de otra manera), que surja de o en relaci\u00f3n con esta compra, este producto, incluyendo asuntos de solicitud, privacidad y los t\u00e9rminos de uso. El arbitraje se llevar\u00e1 a cabo de conformidad con el Reglamento de Arbitraje de Lituania. La informaci\u00f3n sobre las instituciones lituanas de arbitraje y sus normas est\u00e1 disponible en sus sitios web oficiales. Las audiencias tendr\u00e1n lugar en el territorio de la ciudad o distrito donde se encuentre el propietario de Startmsg.com \/ Startmsg.lt. Ning\u00fan Visitante, miembro, suscriptor o cliente tendr\u00e1 derecho a acudir a los tribunales o a iniciar un procedimiento judicial. Ning\u00fan Visitante, visitante, miembro, suscriptor o cliente tendr\u00e1 derecho a participar en ninguna investigaci\u00f3n previa al juicio, salvo lo dispuesto en el Reglamento; no tendr\u00e1 derecho a participar como representante o miembro de una clase en relaci\u00f3n con ninguna reclamaci\u00f3n sujeta a arbitraje; la decisi\u00f3n del \u00e1rbitro ser\u00e1 definitiva y vinculante, con derechos limitados de apelaci\u00f3n. La Parte de Apoyo tendr\u00e1 derecho a ser reembolsada por la otra Parte por todos y cada uno de los costes y gastos incurridos en relaci\u00f3n con el arbitraje, incluyendo honorarios de abogados, honorarios de cobro, honorarios de investigaci\u00f3n, gastos de viaje.<\/p><p><strong>JURISDICCI\u00d3N Y COMPETENCIA<\/strong><br \/>Si cualquier asunto relacionado con esta compra se lleva ante un tribunal de justicia, ya sea antes o despu\u00e9s del arbitraje, el Visitante, visitante, miembro, suscriptor o cliente acepta que la jurisdicci\u00f3n \u00fanica y apropiada ser\u00e1 la indicada en la informaci\u00f3n de contacto del propietario del sitio web, a menos que se especifique lo contrario. Si la disputa est\u00e1 pendiente en un tribunal federal, la jurisdicci\u00f3n apropiada ser\u00e1 el tribunal federal m\u00e1s cercano situado cerca de la direcci\u00f3n del propietario de Startmsg.com\/Startmsg.com.<\/p>\t\t\t\t\t\t\t\t<\/div>\n\t\t\t\t<\/div>\n\t\t\t\t\t<\/div>\n\t\t\t\t<\/div>\n\t\t\t\t<\/div>","protected":false},"excerpt":{"rendered":"<p>PRISIJUNGDAMI AR NAUDODAMIESI Startmsg.com \/ Startmsg.lt, J\u016aS PATVIRTINATE, KAD TURITE PILN\u0104 \u012eGALIOJIM\u0104 VEIKTI, KAD SUREMTUM\u0116TE SAVE, BET KUR\u012e TRE\u010cI\u0104J\u012e ASMEN\u012e, \u012eMON\u0118 ARBA [&hellip;]<\/p>","protected":false},"author":1,"featured_media":0,"parent":0,"menu_order":0,"comment_status":"closed","ping_status":"closed","template":"","meta":{"footnotes":""},"class_list":["post-1078","page","type-page","status-publish","hentry"],"yoast_head":"<!-- This site is optimized with the Yoast SEO Premium plugin v23.8 (Yoast SEO v26.4) - https:\/\/yoast.com\/wordpress\/plugins\/seo\/ -->\n<title>Taisykl\u0117s ir s\u0105lygos - startmsg.lt<\/title>\n<meta name=\"robots\" content=\"index, follow, max-snippet:-1, max-image-preview:large, max-video-preview:-1\" \/>\n<link rel=\"canonical\" href=\"https:\/\/startmsg.lt\/es\/terminos-y-condiciones\/\" \/>\n<meta property=\"og:locale\" content=\"es_ES\" \/>\n<meta property=\"og:type\" content=\"article\" \/>\n<meta property=\"og:title\" content=\"Taisykl\u0117s ir s\u0105lygos\" \/>\n<meta property=\"og:description\" content=\"PRISIJUNGDAMI AR NAUDODAMIESI Startmsg.com \/ Startmsg.lt, J\u016aS PATVIRTINATE, KAD TURITE PILN\u0104 \u012eGALIOJIM\u0104 VEIKTI, KAD SUREMTUM\u0116TE SAVE, BET KUR\u012e TRE\u010cI\u0104J\u012e ASMEN\u012e, \u012eMON\u0118 ARBA [&hellip;]\" \/>\n<meta property=\"og:url\" content=\"https:\/\/startmsg.lt\/es\/terminos-y-condiciones\/\" \/>\n<meta property=\"og:site_name\" content=\"startmsg.lt\" \/>\n<meta property=\"article:publisher\" content=\"https:\/\/facebook.com\/chatbotas\" \/>\n<meta property=\"article:modified_time\" content=\"2025-06-01T21:31:13+00:00\" \/>\n<meta name=\"twitter:card\" content=\"summary_large_image\" \/>\n<meta name=\"twitter:label1\" content=\"Tiempo de lectura\" \/>\n\t<meta name=\"twitter:data1\" content=\"8 minutos\" \/>\n<script type=\"application\/ld+json\" class=\"yoast-schema-graph\">{\"@context\":\"https:\/\/schema.org\",\"@graph\":[{\"@type\":\"WebPage\",\"@id\":\"https:\/\/startmsg.lt\/taisykles-ir-salygos\/\",\"url\":\"https:\/\/startmsg.lt\/taisykles-ir-salygos\/\",\"name\":\"Taisykl\u0117s ir s\u0105lygos - startmsg.lt\",\"isPartOf\":{\"@id\":\"https:\/\/startmsg.lt\/#website\"},\"datePublished\":\"2024-10-12T22:41:56+00:00\",\"dateModified\":\"2025-06-01T21:31:13+00:00\",\"breadcrumb\":{\"@id\":\"https:\/\/startmsg.lt\/taisykles-ir-salygos\/#breadcrumb\"},\"inLanguage\":\"es\",\"potentialAction\":[{\"@type\":\"ReadAction\",\"target\":[\"https:\/\/startmsg.lt\/taisykles-ir-salygos\/\"]}]},{\"@type\":\"BreadcrumbList\",\"@id\":\"https:\/\/startmsg.lt\/taisykles-ir-salygos\/#breadcrumb\",\"itemListElement\":[{\"@type\":\"ListItem\",\"position\":1,\"name\":\"Home\",\"item\":\"https:\/\/startmsg.lt\/\"},{\"@type\":\"ListItem\",\"position\":2,\"name\":\"Taisykl\u0117s ir s\u0105lygos\"}]},{\"@type\":\"WebSite\",\"@id\":\"https:\/\/startmsg.lt\/#website\",\"url\":\"https:\/\/startmsg.lt\/\",\"name\":\"startmsg.lt\",\"description\":\"\",\"publisher\":{\"@id\":\"https:\/\/startmsg.lt\/#organization\"},\"potentialAction\":[{\"@type\":\"SearchAction\",\"target\":{\"@type\":\"EntryPoint\",\"urlTemplate\":\"https:\/\/startmsg.lt\/?s={search_term_string}\"},\"query-input\":{\"@type\":\"PropertyValueSpecification\",\"valueRequired\":true,\"valueName\":\"search_term_string\"}}],\"inLanguage\":\"es\"},{\"@type\":\"Organization\",\"@id\":\"https:\/\/startmsg.lt\/#organization\",\"name\":\"startmsg.lt\",\"url\":\"https:\/\/startmsg.lt\/\",\"logo\":{\"@type\":\"ImageObject\",\"inLanguage\":\"es\",\"@id\":\"https:\/\/startmsg.lt\/#\/schema\/logo\/image\/\",\"url\":\"https:\/\/startmsg.lt\/wp-content\/uploads\/2024\/01\/favicon.png\",\"contentUrl\":\"https:\/\/startmsg.lt\/wp-content\/uploads\/2024\/01\/favicon.png\",\"width\":196,\"height\":196,\"caption\":\"startmsg.lt\"},\"image\":{\"@id\":\"https:\/\/startmsg.lt\/#\/schema\/logo\/image\/\"},\"sameAs\":[\"https:\/\/facebook.com\/chatbotas\",\"https:\/\/www.instagram.com\/chatbotas\"]}]}<\/script>\n<!-- \/ Yoast SEO Premium plugin. -->","yoast_head_json":{"title":"Condiciones generales - startmsg.lt","robots":{"index":"index","follow":"follow","max-snippet":"max-snippet:-1","max-image-preview":"max-image-preview:large","max-video-preview":"max-video-preview:-1"},"canonical":"https:\/\/startmsg.lt\/es\/terminos-y-condiciones\/","og_locale":"es_ES","og_type":"article","og_title":"Taisykl\u0117s ir s\u0105lygos","og_description":"PRISIJUNGDAMI AR NAUDODAMIESI Startmsg.com \/ Startmsg.lt, J\u016aS PATVIRTINATE, KAD TURITE PILN\u0104 \u012eGALIOJIM\u0104 VEIKTI, KAD SUREMTUM\u0116TE SAVE, BET KUR\u012e TRE\u010cI\u0104J\u012e ASMEN\u012e, \u012eMON\u0118 ARBA [&hellip;]","og_url":"https:\/\/startmsg.lt\/es\/terminos-y-condiciones\/","og_site_name":"startmsg.lt","article_publisher":"https:\/\/facebook.com\/chatbotas","article_modified_time":"2025-06-01T21:31:13+00:00","twitter_card":"summary_large_image","twitter_misc":{"Tiempo de lectura":"8 minutos"},"schema":{"@context":"https:\/\/schema.org","@graph":[{"@type":"WebPage","@id":"https:\/\/startmsg.lt\/taisykles-ir-salygos\/","url":"https:\/\/startmsg.lt\/taisykles-ir-salygos\/","name":"Condiciones generales - startmsg.lt","isPartOf":{"@id":"https:\/\/startmsg.lt\/#website"},"datePublished":"2024-10-12T22:41:56+00:00","dateModified":"2025-06-01T21:31:13+00:00","breadcrumb":{"@id":"https:\/\/startmsg.lt\/taisykles-ir-salygos\/#breadcrumb"},"inLanguage":"es","potentialAction":[{"@type":"ReadAction","target":["https:\/\/startmsg.lt\/taisykles-ir-salygos\/"]}]},{"@type":"BreadcrumbList","@id":"https:\/\/startmsg.lt\/taisykles-ir-salygos\/#breadcrumb","itemListElement":[{"@type":"ListItem","position":1,"name":"Home","item":"https:\/\/startmsg.lt\/"},{"@type":"ListItem","position":2,"name":"Taisykl\u0117s ir s\u0105lygos"}]},{"@type":"WebSite","@id":"https:\/\/startmsg.lt\/#website","url":"https:\/\/startmsg.lt\/","name":"startmsg.lt","description":"","publisher":{"@id":"https:\/\/startmsg.lt\/#organization"},"potentialAction":[{"@type":"SearchAction","target":{"@type":"EntryPoint","urlTemplate":"https:\/\/startmsg.lt\/?s={search_term_string}"},"query-input":{"@type":"PropertyValueSpecification","valueRequired":true,"valueName":"search_term_string"}}],"inLanguage":"es"},{"@type":"Organization","@id":"https:\/\/startmsg.lt\/#organization","name":"startmsg.lt","url":"https:\/\/startmsg.lt\/","logo":{"@type":"ImageObject","inLanguage":"es","@id":"https:\/\/startmsg.lt\/#\/schema\/logo\/image\/","url":"https:\/\/startmsg.lt\/wp-content\/uploads\/2024\/01\/favicon.png","contentUrl":"https:\/\/startmsg.lt\/wp-content\/uploads\/2024\/01\/favicon.png","width":196,"height":196,"caption":"startmsg.lt"},"image":{"@id":"https:\/\/startmsg.lt\/#\/schema\/logo\/image\/"},"sameAs":["https:\/\/facebook.com\/chatbotas","https:\/\/www.instagram.com\/chatbotas"]}]}},"_links":{"self":[{"href":"https:\/\/startmsg.lt\/es\/wp-json\/wp\/v2\/pages\/1078","targetHints":{"allow":["GET"]}}],"collection":[{"href":"https:\/\/startmsg.lt\/es\/wp-json\/wp\/v2\/pages"}],"about":[{"href":"https:\/\/startmsg.lt\/es\/wp-json\/wp\/v2\/types\/page"}],"author":[{"embeddable":true,"href":"https:\/\/startmsg.lt\/es\/wp-json\/wp\/v2\/users\/1"}],"replies":[{"embeddable":true,"href":"https:\/\/startmsg.lt\/es\/wp-json\/wp\/v2\/comments?post=1078"}],"version-history":[{"count":7,"href":"https:\/\/startmsg.lt\/es\/wp-json\/wp\/v2\/pages\/1078\/revisions"}],"predecessor-version":[{"id":2436,"href":"https:\/\/startmsg.lt\/es\/wp-json\/wp\/v2\/pages\/1078\/revisions\/2436"}],"wp:attachment":[{"href":"https:\/\/startmsg.lt\/es\/wp-json\/wp\/v2\/media?parent=1078"}],"curies":[{"name":"wp","href":"https:\/\/api.w.org\/{rel}","templated":true}]}}