{"id":1072,"date":"2024-10-12T22:30:05","date_gmt":"2024-10-12T22:30:05","guid":{"rendered":"https:\/\/startmsg.lt\/?page_id=1072"},"modified":"2025-06-01T21:30:13","modified_gmt":"2025-06-01T21:30:13","slug":"bdar","status":"publish","type":"page","link":"https:\/\/startmsg.lt\/es\/bdar\/","title":{"rendered":"GDPR"},"content":{"rendered":"<div data-elementor-type=\"wp-page\" data-elementor-id=\"1072\" class=\"elementor elementor-1072\" data-elementor-settings=\"{&quot;element_pack_global_tooltip_width&quot;:{&quot;unit&quot;:&quot;px&quot;,&quot;size&quot;:&quot;&quot;,&quot;sizes&quot;:[]},&quot;element_pack_global_tooltip_width_tablet&quot;:{&quot;unit&quot;:&quot;px&quot;,&quot;size&quot;:&quot;&quot;,&quot;sizes&quot;:[]},&quot;element_pack_global_tooltip_width_mobile&quot;:{&quot;unit&quot;:&quot;px&quot;,&quot;size&quot;:&quot;&quot;,&quot;sizes&quot;:[]},&quot;element_pack_global_tooltip_padding&quot;:{&quot;unit&quot;:&quot;px&quot;,&quot;top&quot;:&quot;&quot;,&quot;right&quot;:&quot;&quot;,&quot;bottom&quot;:&quot;&quot;,&quot;left&quot;:&quot;&quot;,&quot;isLinked&quot;:true},&quot;element_pack_global_tooltip_padding_tablet&quot;:{&quot;unit&quot;:&quot;px&quot;,&quot;top&quot;:&quot;&quot;,&quot;right&quot;:&quot;&quot;,&quot;bottom&quot;:&quot;&quot;,&quot;left&quot;:&quot;&quot;,&quot;isLinked&quot;:true},&quot;element_pack_global_tooltip_padding_mobile&quot;:{&quot;unit&quot;:&quot;px&quot;,&quot;top&quot;:&quot;&quot;,&quot;right&quot;:&quot;&quot;,&quot;bottom&quot;:&quot;&quot;,&quot;left&quot;:&quot;&quot;,&quot;isLinked&quot;:true},&quot;element_pack_global_tooltip_border_radius&quot;:{&quot;unit&quot;:&quot;px&quot;,&quot;top&quot;:&quot;&quot;,&quot;right&quot;:&quot;&quot;,&quot;bottom&quot;:&quot;&quot;,&quot;left&quot;:&quot;&quot;,&quot;isLinked&quot;:true},&quot;element_pack_global_tooltip_border_radius_tablet&quot;:{&quot;unit&quot;:&quot;px&quot;,&quot;top&quot;:&quot;&quot;,&quot;right&quot;:&quot;&quot;,&quot;bottom&quot;:&quot;&quot;,&quot;left&quot;:&quot;&quot;,&quot;isLinked&quot;:true},&quot;element_pack_global_tooltip_border_radius_mobile&quot;:{&quot;unit&quot;:&quot;px&quot;,&quot;top&quot;:&quot;&quot;,&quot;right&quot;:&quot;&quot;,&quot;bottom&quot;:&quot;&quot;,&quot;left&quot;:&quot;&quot;,&quot;isLinked&quot;:true}}\">\n\t\t\t\t<div class=\"elementor-element elementor-element-f2aa005 e-flex e-con-boxed e-con e-parent\" data-id=\"f2aa005\" data-element_type=\"container\">\n\t\t\t\t\t<div class=\"e-con-inner\">\n\t\t\t\t<div class=\"elementor-element elementor-element-fd9e34f elementor-widget elementor-widget-spacer\" data-id=\"fd9e34f\" data-element_type=\"widget\" data-widget_type=\"spacer.default\">\n\t\t\t\t<div class=\"elementor-widget-container\">\n\t\t\t\t\t\t\t<div class=\"elementor-spacer\">\n\t\t\t<div class=\"elementor-spacer-inner\"><\/div>\n\t\t<\/div>\n\t\t\t\t\t\t<\/div>\n\t\t\t\t<\/div>\n\t\t\t\t<div class=\"elementor-element elementor-element-879cba3 elementor-widget elementor-widget-text-editor\" data-id=\"879cba3\" data-element_type=\"widget\" data-widget_type=\"text-editor.default\">\n\t\t\t\t<div class=\"elementor-widget-container\">\n\t\t\t\t\t\t\t\t\t<h3>\u00bfQu\u00e9 es el GDPR?<\/h3><p>GDPR es el Reglamento General de Protecci\u00f3n de Datos (RGPD). Una nueva ley introducida por la UE para proteger los datos personales de los usuarios. Esta ley cubre varios aspectos de la seguridad de los datos. Aqu\u00ed le orientamos sobre c\u00f3mo protegemos sus datos, cu\u00e1les son nuestras responsabilidades y cu\u00e1les las suyas. Le recomendamos encarecidamente que lea toda nuestra documentaci\u00f3n u otros art\u00edculos sobre el GDPR para decidir si desea utilizar nuestra aplicaci\u00f3n. No nos hacemos responsables de las omisiones o errores en materia de protecci\u00f3n de datos cometidos por usted o por terceros. T\u00f3mese su tiempo para leer la documentaci\u00f3n y act\u00fae con sensatez para mantenerse seguro.<\/p><h3>Definici\u00f3n de datos personales:<\/h3><p>Cualquier dato que pertenezca a un individuo es su dato personal. Puede ser el nombre de una persona, su imagen, su direcci\u00f3n de correo electr\u00f3nico, su direcci\u00f3n f\u00edsica, sus publicaciones en redes sociales, su ubicaci\u00f3n, la direcci\u00f3n IP de su ordenador, etc. El propietario de los datos personales es la \u00fanica parte legal de los mismos. Esto significa que, independientemente de d\u00f3nde y c\u00f3mo se almacenen los datos, pertenecen a la persona. El recopilador de datos o usuario (por ejemplo, Facebook, YouTube) no puede mostrar, almacenar o compartir datos personales sin el consentimiento expl\u00edcito o impl\u00edcito del usuario. Si el usuario da permiso para que sus datos se utilicen para determinadas actividades (almacenamiento de datos, visualizaci\u00f3n, etc.), entonces el administrador de la aplicaci\u00f3n puede utilizarlos.<\/p><p>Imagina una situaci\u00f3n hipot\u00e9tica: publicas un post en las redes sociales. En este caso, das permiso impl\u00edcito para mostrar el post a tus contactos p\u00fablicos o privados. El administrador de la aplicaci\u00f3n no se hace responsable de los comentarios ofensivos que puedan dejar tus contactos. Esto significa que si has hecho p\u00fablicos tus datos, la responsabilidad es tuya. Sin embargo, el administrador del programa es responsable de cualquier intercambio de datos con terceros. Si se va a compartir alg\u00fan dato, debe quedar claro de antemano. As\u00ed pues, podemos ver c\u00f3mo la carga y visualizaci\u00f3n de datos depende tanto del administrador del programa como del usuario. A lo largo de la documentaci\u00f3n se ofrecen m\u00e1s detalles.<\/p><h3>Responsabilidad del promotor:<\/h3><p>Proteger los datos personales del usuario en el back-end es responsabilidad del desarrollador. El desarrollador es responsable de c\u00f3mo se almacenan los datos del usuario (nombre, n\u00famero de tel\u00e9fono, correo electr\u00f3nico, etc.) y otra informaci\u00f3n (por ejemplo, registros de la interacci\u00f3n del usuario con la aplicaci\u00f3n) en la base de datos y en el servidor. Describiremos en detalle c\u00f3mo se almacenan los datos directos (nombre, correo electr\u00f3nico, etc.) e indirectos (nombre del navegador, IP del ordenador, etc.) en la base de datos y en el servidor. Una vez que cualquier dato se carga en el servidor, su seguridad depende de la seguridad del servidor y, a veces, del administrador de la aplicaci\u00f3n.<\/p><p>Se informar\u00e1 al usuario de todos los m\u00e9todos de almacenamiento de datos temporales (cookies y sesiones) y permanentes (datos almacenados en una base de datos). El usuario tendr\u00e1 la oportunidad de borrar todos sus datos personales tras eliminar su cuenta o finalizar el servicio. Garantizamos que no guardamos registros de las actividades del usuario y que no disponemos de medios secretos para extraer los datos del usuario. De vez en cuando, el administrador de una aplicaci\u00f3n puede conceder al desarrollador acceso a cPanel y otras credenciales para permitirle mantener y gestionar la aplicaci\u00f3n durante un breve periodo de tiempo antes de su lanzamiento. Recomendamos encarecidamente que el administrador cambie estas credenciales una vez finalizado el trabajo. El desarrollador no es responsable de ninguna filtraci\u00f3n de estas credenciales. El desarrollador tampoco es responsable de ninguna brecha de seguridad no intencionada en el programa. Despu\u00e9s de todo, los datos compartidos en Internet siempre tienen un riesgo de fuga. Por lo tanto, te recomendamos encarecidamente que no compartas ning\u00fan dato que pueda comprometerte a ti o a otra persona.<\/p><h3>Responsabilidades del Administrador del Programa:<\/h3><p>El administrador de la aplicaci\u00f3n tiene acceso ilimitado a los datos personales del usuario. El administrador puede ver y copiar los datos almacenados en la base de datos y en el servidor. El administrador puede compartir los datos personales del usuario con terceros. La forma en que se utilizar\u00e1n los datos del usuario debe revelarse claramente antes de que \u00e9ste se registre. El administrador no debe permitir que nadie recopile datos abiertamente o bajo el pretexto de rellenar encuestas o formularios. El administrador de la aplicaci\u00f3n tiene los mayores privilegios y, por tanto, la mayor responsabilidad en la protecci\u00f3n de los datos personales de los usuarios.<\/p><h3>Responsabilidad del usuario:<\/h3><p>Todo depende del usuario. Si el usuario no proporciona los datos, entonces no habr\u00e1 fuga de datos, pero esto no es una opci\u00f3n. Es responsabilidad exclusiva del usuario mantener sus credenciales seguras. La contrase\u00f1a y el nombre de usuario pueden cifrarse en la base de datos, pero una contrase\u00f1a demasiado predecible puede permitir a un pirata inform\u00e1tico acceder f\u00e1cilmente a la cuenta del usuario. Cambie sus datos si observa alguna actividad sospechosa o si ha tenido que compartir sus contrase\u00f1as con otras personas. Piense siempre antes de dar sus datos.<\/p><p><strong>Nuestra actuaci\u00f3n en relaci\u00f3n con el RGPD:<\/strong><\/p><ol><li><strong>La menor recogida de datos posible:<\/strong> S\u00f3lo recogemos los datos m\u00e1s necesarios y explicamos al usuario por qu\u00e9 se necesitan determinados datos.<\/li><li><strong>Uso de HTTPS:<\/strong> Proporcionamos comunicaci\u00f3n cifrada en toda la aplicaci\u00f3n, protegiendo tus datos de la interceptaci\u00f3n.<\/li><li><strong>Limpieza de sesi\u00f3n y cookies:<\/strong> Despu\u00e9s de desconectar, borramos todas las sesiones y cookies.<\/li><li><strong>No vigilar la actividad de los usuarios con fines comerciales:<\/strong> No rastreamos las actividades de los usuarios para ofrecerles publicidad dirigida u ofertas comerciales.<\/li><li><strong>Informar al usuario sobre el almacenamiento de los datos de IP y localizaci\u00f3n del ordenador:<\/strong> Informamos claramente a los usuarios de cualquier registro almacenado en relaci\u00f3n con la IP o la ubicaci\u00f3n de un ordenador.<\/li><li><strong>Condiciones generales y pol\u00edtica de privacidad claras:<\/strong> Proporcionamos normas transparentes sobre los requisitos del GDPR y las condiciones de uso de los datos.<\/li><li><strong>Informar de la participaci\u00f3n de terceros:<\/strong> Se informar\u00e1 a los usuarios de cualquier cesi\u00f3n de sus datos a terceros.<\/li><li><strong>Pol\u00edtica de fuga de datos:<\/strong> Tenemos normas claras sobre c\u00f3mo trataremos cualquier filtraci\u00f3n de datos.<\/li><li><strong>Eliminaci\u00f3n de datos:<\/strong> Los usuarios tienen la opci\u00f3n de borrar permanentemente sus datos tras eliminar su cuenta o cancelar un servicio.<\/li><li><strong>Actualizaciones de seguridad del software:<\/strong> Aplicamos todos los parches necesarios para garantizar que el software est\u00e9 a salvo de vulnerabilidades.<\/li><\/ol><p><strong>Se admiten funciones GDPR:<\/strong><\/p><ol><li><p><strong>\"Adi\u00f3s, App\":<\/strong> Cuando un usuario cancela su suscripci\u00f3n o elimina su cuenta, le damos la oportunidad de borrar todos los datos relacionados con su cuenta. Esta acci\u00f3n es irreversible: si se borran los datos, se eliminar\u00e1n permanentemente tanto de la base de datos como del servidor. El usuario puede hacer una copia de seguridad antes de la eliminaci\u00f3n si tiene previsto volver.<\/p><\/li><li><p><strong>El secreto es mi derecho:<\/strong> Ciframos la mayor\u00eda de tus datos personales almacenados en la base de datos. Si se produjera una fuga de datos, el pirata inform\u00e1tico s\u00f3lo obtendr\u00eda los datos encriptados, no su informaci\u00f3n personal de forma abierta. Algunos datos no pueden encriptarse (por ejemplo, el nombre de usuario) porque deben mostrarse cuando accedes a tu cuenta. Sin embargo, enmascaramos toda la informaci\u00f3n personal posible.<\/p><\/li><li><p><strong>Sin cookies ni almacenamiento de sesi\u00f3n:<\/strong> Le damos la opci\u00f3n de elegir si desea guardar las cookies y las sesiones. Aunque decida conservarlas, las cookies y las sesiones se borrar\u00e1n al cerrar la sesi\u00f3n. Le recomendamos encarecidamente que no guarde sus datos de acceso en su navegador. Es mejor recordar su contrase\u00f1a o utilizar herramientas como LastPass para la gesti\u00f3n de contrase\u00f1as.<\/p><\/li><li><p><strong>Erradicaci\u00f3n de rastros:<\/strong> No controlamos ni rastreamos sus actividades con fines comerciales. Es posible que s\u00f3lo almacenemos su hora de inicio de sesi\u00f3n o su direcci\u00f3n IP, pero \u00fanicamente por motivos de seguridad. Cuando elimine su cuenta, todos sus datos se borrar\u00e1n completamente del servidor.<\/p><\/li><li><p><strong>La ingenier\u00eda social es mala:<\/strong> No registramos ninguna de sus actividades personales en la App. Registrar, analizar e intentar vender un producto o motivar a un usuario bas\u00e1ndose en estos datos lo convierte en una pr\u00e1ctica poco \u00e9tica. No lo hacemos.<\/p><\/li><li><p><strong>H\u00e1zmelo saber:<\/strong> Reciba notificaciones por correo electr\u00f3nico de todas las acciones relacionadas con su cuenta (creaci\u00f3n de cuenta, cambio de contrase\u00f1a). Le recomendamos que cambie sus credenciales si observa alguna acci\u00f3n inusual.<\/p><\/li><li><p><strong>Notificaci\u00f3n de actualizaciones de las pol\u00edticas:<\/strong> Se le notificar\u00e1 cualquier actualizaci\u00f3n de la pol\u00edtica de privacidad o del descargo de responsabilidad. Le rogamos que lea los correos electr\u00f3nicos sobre esta cuesti\u00f3n y decida c\u00f3mo proceder. No dude en ponerse en contacto con nosotros sobre estas cuestiones.<\/p><\/li><li><p><strong>\u00danete sin problemas:<\/strong> Hemos implementado HTTPS en todas partes, por lo que la interceptaci\u00f3n de datos es imposible. Incluso si alguien consiguiera hacerlo, el hacker solo obtendr\u00eda datos encriptados. As\u00ed que puedes usar nuestra app de forma segura.<\/p><\/li><li><p><strong>No almacenamos los datos de los usuarios:<\/strong> No almacenamos ning\u00fan dato del usuario. No hay opciones ocultas que recopilen datos. Una vez que la aplicaci\u00f3n se sube al servidor, no tenemos acceso a ella sin una contrase\u00f1a de administrador. As\u00ed que no te preocupes por fugas de datos ocultos.<\/p><\/li><li><p><strong>Pol\u00edtica de fuga de datos:<\/strong> Hemos puesto en marcha todas las medidas de seguridad para proteger sus datos en la base de datos (cifrado de datos, MySQL, prevenci\u00f3n de inyecciones SQL, validaci\u00f3n de entradas, etc.). Las contrase\u00f1as d\u00e9biles o demasiado predecibles pueden comprometer la seguridad de tus datos y, por tanto, son responsabilidad tuya.<\/p><\/li><\/ol><p><strong>\u00bfCumple la GDPR el env\u00edo de mensajes masivos a usuarios de Facebook a trav\u00e9s de nuestro sistema?<\/strong><\/p><p>S\u00ed, el env\u00edo de comunicaciones masivas a trav\u00e9s de nuestro sistema cumple la GDPR. Dado que las personas OPT-IN (inician voluntariamente una conversaci\u00f3n) en nuestra p\u00e1gina de Facebook, podemos demostrarlo. Se convierten en nuestros contactos de forma leg\u00edtima. Todos los mensajes enviados deben tener un enlace de exclusi\u00f3n voluntaria (esta funci\u00f3n ya existe) o alguna otra forma de permitir que las personas se excluyan en cualquier momento.<\/p>\t\t\t\t\t\t\t\t<\/div>\n\t\t\t\t<\/div>\n\t\t\t\t\t<\/div>\n\t\t\t\t<\/div>\n\t\t\t\t<\/div>","protected":false},"excerpt":{"rendered":"<p>Kas yra BDAR? BDAR \u2013 tai Bendrasis duomen\u0173 apsaugos reglamentas (angl. General Data Protection Regulation). Naujas ES \u012fvestas \u012fstatymas, skirtas apsaugoti naudotoj\u0173 [&hellip;]<\/p>","protected":false},"author":1,"featured_media":0,"parent":0,"menu_order":0,"comment_status":"closed","ping_status":"closed","template":"","meta":{"footnotes":""},"class_list":["post-1072","page","type-page","status-publish","hentry"],"yoast_head":"<!-- This site is optimized with the Yoast SEO Premium plugin v23.8 (Yoast SEO v26.4) - https:\/\/yoast.com\/wordpress\/plugins\/seo\/ -->\n<title>BDAR - startmsg.lt<\/title>\n<meta name=\"robots\" content=\"index, follow, max-snippet:-1, max-image-preview:large, max-video-preview:-1\" \/>\n<link rel=\"canonical\" href=\"https:\/\/startmsg.lt\/es\/bdar\/\" \/>\n<meta property=\"og:locale\" content=\"es_ES\" \/>\n<meta property=\"og:type\" content=\"article\" \/>\n<meta property=\"og:title\" content=\"BDAR\" \/>\n<meta property=\"og:description\" content=\"Kas yra BDAR? BDAR \u2013 tai Bendrasis duomen\u0173 apsaugos reglamentas (angl. General Data Protection Regulation). Naujas ES \u012fvestas \u012fstatymas, skirtas apsaugoti naudotoj\u0173 [&hellip;]\" \/>\n<meta property=\"og:url\" content=\"https:\/\/startmsg.lt\/es\/bdar\/\" \/>\n<meta property=\"og:site_name\" content=\"startmsg.lt\" \/>\n<meta property=\"article:publisher\" content=\"https:\/\/facebook.com\/chatbotas\" \/>\n<meta property=\"article:modified_time\" content=\"2025-06-01T21:30:13+00:00\" \/>\n<meta name=\"twitter:card\" content=\"summary_large_image\" \/>\n<meta name=\"twitter:label1\" content=\"Tiempo de lectura\" \/>\n\t<meta name=\"twitter:data1\" content=\"7 minutos\" \/>\n<script type=\"application\/ld+json\" class=\"yoast-schema-graph\">{\"@context\":\"https:\/\/schema.org\",\"@graph\":[{\"@type\":\"WebPage\",\"@id\":\"https:\/\/startmsg.lt\/bdar\/\",\"url\":\"https:\/\/startmsg.lt\/bdar\/\",\"name\":\"BDAR - startmsg.lt\",\"isPartOf\":{\"@id\":\"https:\/\/startmsg.lt\/#website\"},\"datePublished\":\"2024-10-12T22:30:05+00:00\",\"dateModified\":\"2025-06-01T21:30:13+00:00\",\"breadcrumb\":{\"@id\":\"https:\/\/startmsg.lt\/bdar\/#breadcrumb\"},\"inLanguage\":\"es\",\"potentialAction\":[{\"@type\":\"ReadAction\",\"target\":[\"https:\/\/startmsg.lt\/bdar\/\"]}]},{\"@type\":\"BreadcrumbList\",\"@id\":\"https:\/\/startmsg.lt\/bdar\/#breadcrumb\",\"itemListElement\":[{\"@type\":\"ListItem\",\"position\":1,\"name\":\"Home\",\"item\":\"https:\/\/startmsg.lt\/\"},{\"@type\":\"ListItem\",\"position\":2,\"name\":\"BDAR\"}]},{\"@type\":\"WebSite\",\"@id\":\"https:\/\/startmsg.lt\/#website\",\"url\":\"https:\/\/startmsg.lt\/\",\"name\":\"startmsg.lt\",\"description\":\"\",\"publisher\":{\"@id\":\"https:\/\/startmsg.lt\/#organization\"},\"potentialAction\":[{\"@type\":\"SearchAction\",\"target\":{\"@type\":\"EntryPoint\",\"urlTemplate\":\"https:\/\/startmsg.lt\/?s={search_term_string}\"},\"query-input\":{\"@type\":\"PropertyValueSpecification\",\"valueRequired\":true,\"valueName\":\"search_term_string\"}}],\"inLanguage\":\"es\"},{\"@type\":\"Organization\",\"@id\":\"https:\/\/startmsg.lt\/#organization\",\"name\":\"startmsg.lt\",\"url\":\"https:\/\/startmsg.lt\/\",\"logo\":{\"@type\":\"ImageObject\",\"inLanguage\":\"es\",\"@id\":\"https:\/\/startmsg.lt\/#\/schema\/logo\/image\/\",\"url\":\"https:\/\/startmsg.lt\/wp-content\/uploads\/2024\/01\/favicon.png\",\"contentUrl\":\"https:\/\/startmsg.lt\/wp-content\/uploads\/2024\/01\/favicon.png\",\"width\":196,\"height\":196,\"caption\":\"startmsg.lt\"},\"image\":{\"@id\":\"https:\/\/startmsg.lt\/#\/schema\/logo\/image\/\"},\"sameAs\":[\"https:\/\/facebook.com\/chatbotas\",\"https:\/\/www.instagram.com\/chatbotas\"]}]}<\/script>\n<!-- \/ Yoast SEO Premium plugin. -->","yoast_head_json":{"title":"GDPR - startmsg.lt","robots":{"index":"index","follow":"follow","max-snippet":"max-snippet:-1","max-image-preview":"max-image-preview:large","max-video-preview":"max-video-preview:-1"},"canonical":"https:\/\/startmsg.lt\/es\/bdar\/","og_locale":"es_ES","og_type":"article","og_title":"BDAR","og_description":"Kas yra BDAR? BDAR \u2013 tai Bendrasis duomen\u0173 apsaugos reglamentas (angl. General Data Protection Regulation). Naujas ES \u012fvestas \u012fstatymas, skirtas apsaugoti naudotoj\u0173 [&hellip;]","og_url":"https:\/\/startmsg.lt\/es\/bdar\/","og_site_name":"startmsg.lt","article_publisher":"https:\/\/facebook.com\/chatbotas","article_modified_time":"2025-06-01T21:30:13+00:00","twitter_card":"summary_large_image","twitter_misc":{"Tiempo de lectura":"7 minutos"},"schema":{"@context":"https:\/\/schema.org","@graph":[{"@type":"WebPage","@id":"https:\/\/startmsg.lt\/bdar\/","url":"https:\/\/startmsg.lt\/bdar\/","name":"GDPR - startmsg.lt","isPartOf":{"@id":"https:\/\/startmsg.lt\/#website"},"datePublished":"2024-10-12T22:30:05+00:00","dateModified":"2025-06-01T21:30:13+00:00","breadcrumb":{"@id":"https:\/\/startmsg.lt\/bdar\/#breadcrumb"},"inLanguage":"es","potentialAction":[{"@type":"ReadAction","target":["https:\/\/startmsg.lt\/bdar\/"]}]},{"@type":"BreadcrumbList","@id":"https:\/\/startmsg.lt\/bdar\/#breadcrumb","itemListElement":[{"@type":"ListItem","position":1,"name":"Home","item":"https:\/\/startmsg.lt\/"},{"@type":"ListItem","position":2,"name":"BDAR"}]},{"@type":"WebSite","@id":"https:\/\/startmsg.lt\/#website","url":"https:\/\/startmsg.lt\/","name":"startmsg.lt","description":"","publisher":{"@id":"https:\/\/startmsg.lt\/#organization"},"potentialAction":[{"@type":"SearchAction","target":{"@type":"EntryPoint","urlTemplate":"https:\/\/startmsg.lt\/?s={search_term_string}"},"query-input":{"@type":"PropertyValueSpecification","valueRequired":true,"valueName":"search_term_string"}}],"inLanguage":"es"},{"@type":"Organization","@id":"https:\/\/startmsg.lt\/#organization","name":"startmsg.lt","url":"https:\/\/startmsg.lt\/","logo":{"@type":"ImageObject","inLanguage":"es","@id":"https:\/\/startmsg.lt\/#\/schema\/logo\/image\/","url":"https:\/\/startmsg.lt\/wp-content\/uploads\/2024\/01\/favicon.png","contentUrl":"https:\/\/startmsg.lt\/wp-content\/uploads\/2024\/01\/favicon.png","width":196,"height":196,"caption":"startmsg.lt"},"image":{"@id":"https:\/\/startmsg.lt\/#\/schema\/logo\/image\/"},"sameAs":["https:\/\/facebook.com\/chatbotas","https:\/\/www.instagram.com\/chatbotas"]}]}},"_links":{"self":[{"href":"https:\/\/startmsg.lt\/es\/wp-json\/wp\/v2\/pages\/1072","targetHints":{"allow":["GET"]}}],"collection":[{"href":"https:\/\/startmsg.lt\/es\/wp-json\/wp\/v2\/pages"}],"about":[{"href":"https:\/\/startmsg.lt\/es\/wp-json\/wp\/v2\/types\/page"}],"author":[{"embeddable":true,"href":"https:\/\/startmsg.lt\/es\/wp-json\/wp\/v2\/users\/1"}],"replies":[{"embeddable":true,"href":"https:\/\/startmsg.lt\/es\/wp-json\/wp\/v2\/comments?post=1072"}],"version-history":[{"count":8,"href":"https:\/\/startmsg.lt\/es\/wp-json\/wp\/v2\/pages\/1072\/revisions"}],"predecessor-version":[{"id":2430,"href":"https:\/\/startmsg.lt\/es\/wp-json\/wp\/v2\/pages\/1072\/revisions\/2430"}],"wp:attachment":[{"href":"https:\/\/startmsg.lt\/es\/wp-json\/wp\/v2\/media?parent=1072"}],"curies":[{"name":"wp","href":"https:\/\/api.w.org\/{rel}","templated":true}]}}