{"id":3,"date":"2024-01-30T13:41:47","date_gmt":"2024-01-30T13:41:47","guid":{"rendered":"http:\/\/startmsg.lt\/?page_id=3"},"modified":"2025-06-01T21:30:42","modified_gmt":"2025-06-01T21:30:42","slug":"datenschutzrichtlinie","status":"publish","type":"page","link":"https:\/\/startmsg.lt\/de\/datenschutzrichtlinie\/","title":{"rendered":"Datenschutzbestimmungen"},"content":{"rendered":"<div data-elementor-type=\"wp-page\" data-elementor-id=\"3\" class=\"elementor elementor-3\" data-elementor-settings=\"{&quot;element_pack_global_tooltip_width&quot;:{&quot;unit&quot;:&quot;px&quot;,&quot;size&quot;:&quot;&quot;,&quot;sizes&quot;:[]},&quot;element_pack_global_tooltip_width_tablet&quot;:{&quot;unit&quot;:&quot;px&quot;,&quot;size&quot;:&quot;&quot;,&quot;sizes&quot;:[]},&quot;element_pack_global_tooltip_width_mobile&quot;:{&quot;unit&quot;:&quot;px&quot;,&quot;size&quot;:&quot;&quot;,&quot;sizes&quot;:[]},&quot;element_pack_global_tooltip_padding&quot;:{&quot;unit&quot;:&quot;px&quot;,&quot;top&quot;:&quot;&quot;,&quot;right&quot;:&quot;&quot;,&quot;bottom&quot;:&quot;&quot;,&quot;left&quot;:&quot;&quot;,&quot;isLinked&quot;:true},&quot;element_pack_global_tooltip_padding_tablet&quot;:{&quot;unit&quot;:&quot;px&quot;,&quot;top&quot;:&quot;&quot;,&quot;right&quot;:&quot;&quot;,&quot;bottom&quot;:&quot;&quot;,&quot;left&quot;:&quot;&quot;,&quot;isLinked&quot;:true},&quot;element_pack_global_tooltip_padding_mobile&quot;:{&quot;unit&quot;:&quot;px&quot;,&quot;top&quot;:&quot;&quot;,&quot;right&quot;:&quot;&quot;,&quot;bottom&quot;:&quot;&quot;,&quot;left&quot;:&quot;&quot;,&quot;isLinked&quot;:true},&quot;element_pack_global_tooltip_border_radius&quot;:{&quot;unit&quot;:&quot;px&quot;,&quot;top&quot;:&quot;&quot;,&quot;right&quot;:&quot;&quot;,&quot;bottom&quot;:&quot;&quot;,&quot;left&quot;:&quot;&quot;,&quot;isLinked&quot;:true},&quot;element_pack_global_tooltip_border_radius_tablet&quot;:{&quot;unit&quot;:&quot;px&quot;,&quot;top&quot;:&quot;&quot;,&quot;right&quot;:&quot;&quot;,&quot;bottom&quot;:&quot;&quot;,&quot;left&quot;:&quot;&quot;,&quot;isLinked&quot;:true},&quot;element_pack_global_tooltip_border_radius_mobile&quot;:{&quot;unit&quot;:&quot;px&quot;,&quot;top&quot;:&quot;&quot;,&quot;right&quot;:&quot;&quot;,&quot;bottom&quot;:&quot;&quot;,&quot;left&quot;:&quot;&quot;,&quot;isLinked&quot;:true}}\">\n\t\t\t\t<div class=\"elementor-element elementor-element-0623705 e-flex e-con-boxed e-con e-parent\" data-id=\"0623705\" data-element_type=\"container\">\n\t\t\t\t\t<div class=\"e-con-inner\">\n\t\t\t\t<div class=\"elementor-element elementor-element-ba1afd1 elementor-widget elementor-widget-spacer\" data-id=\"ba1afd1\" data-element_type=\"widget\" data-widget_type=\"spacer.default\">\n\t\t\t\t<div class=\"elementor-widget-container\">\n\t\t\t\t\t\t\t<div class=\"elementor-spacer\">\n\t\t\t<div class=\"elementor-spacer-inner\"><\/div>\n\t\t<\/div>\n\t\t\t\t\t\t<\/div>\n\t\t\t\t<\/div>\n\t\t\t\t\t<\/div>\n\t\t\t\t<\/div>\n\t\t<div class=\"elementor-element elementor-element-5cea823 e-flex e-con-boxed e-con e-parent\" data-id=\"5cea823\" data-element_type=\"container\">\n\t\t\t\t\t<div class=\"e-con-inner\">\n\t\t\t\t<div class=\"elementor-element elementor-element-ef52721 elementor-widget elementor-widget-text-editor\" data-id=\"ef52721\" data-element_type=\"widget\" data-widget_type=\"text-editor.default\">\n\t\t\t\t<div class=\"elementor-widget-container\">\n\t\t\t\t\t\t\t\t\t<div class=\"term\"><div class=\"term__title\"><h3>Einf\u00fchrung<\/h3><\/div><p>\u00a0<\/p><p><strong>Willkommen bei <a href=\"https:\/\/startmsg.com\" target=\"_new\" rel=\"noopener\">https:\/\/startmsg.com<\/a> \/<a href=\"https:\/\/startmsg.lt\/de\/\" target=\"_new\" rel=\"noopener\"> https:\/\/startmsg.lt<\/a> (Website).<\/strong> Wir sind uns bewusst, dass der Online-Datenschutz f\u00fcr die Nutzer unserer Website wichtig ist, insbesondere im Rahmen der Gesch\u00e4ftsabwicklung. Diese Datenschutzrichtlinie regelt unsere Datenschutzpraktiken f\u00fcr die Nutzer der Website (Besucher), die die Website besuchen, ohne Gesch\u00e4fte zu t\u00e4tigen, und f\u00fcr Besucher, die sich registrieren, um Gesch\u00e4fte auf der Website zu t\u00e4tigen und die verschiedenen von dieser Anwendung angebotenen Dienste (zusammenfassend als \"Dienste\" bezeichnet) zu nutzen (autorisierte Kunden).<\/p><h3>Informationen zur pers\u00f6nlichen Identifizierung<\/h3><p>Pers\u00f6nlich identifizierbare Informationen sind alle Informationen, die zur Identifizierung, Kontaktaufnahme oder Lokalisierung der Person, zu der die Informationen geh\u00f6ren, verwendet werden k\u00f6nnen, einschlie\u00dflich, aber nicht beschr\u00e4nkt auf, Name, Adresse, Telefonnummer, Faxnummer, E-Mail-Adresse, Finanzdaten, Sozialversicherungsnummer und Kreditkarteninformationen. Zu den personenbezogenen Daten geh\u00f6ren nicht die anonym (d. h. ohne Identifizierung des Nutzers) erfassten Daten oder demografische Daten, die nicht mit einer bestimmten Person verkn\u00fcpft sind.<\/p><h3>Welche personenbezogenen Daten werden von uns erfasst?<\/h3><p>Wir k\u00f6nnen grundlegende Benutzerprofilinformationen von allen unseren Besuchern erfassen. Dar\u00fcber hinaus erfassen wir die folgenden zus\u00e4tzlichen Informationen von autorisierten Kunden: Namen, Adressen, Telefonnummern und E-Mail-Adressen, die Art und Gr\u00f6\u00dfe des Unternehmens sowie die Art und Gr\u00f6\u00dfe des Werbeinventars, das der autorisierte Kunde kaufen oder verkaufen m\u00f6chte.<\/p><h3>Welche Organisationen sammeln Informationen?<\/h3><p>Zus\u00e4tzlich zu unserer direkten Sammlung von Informationen k\u00f6nnen unsere Drittanbieter (wie Kreditkartenunternehmen, Zahlungszentren und Banken), die Dienstleistungen wie Kredit-, Versicherungs- und Einzahlungsdienste anbieten, diese Informationen von unseren Besuchern und autorisierten Kunden sammeln. Wir haben keine Kontrolle dar\u00fcber, wie diese Dritten diese Informationen verwenden, aber wir bitten sie, offenzulegen, wie sie die pers\u00f6nlichen Informationen verwenden, die sie von Besuchern und autorisierten Kunden erhalten.<\/p><h3>Wie verwendet die Website pers\u00f6nlich identifizierbare Informationen?<\/h3><p>Wir verwenden pers\u00f6nlich identifizierbare Informationen, um die Website zu personalisieren, relevante Dienstleistungen anzubieten und Kauf- und Verkaufsanfragen zu erf\u00fcllen. Wir k\u00f6nnen E-Mails an Besucher und autorisierte Kunden \u00fcber Anfragen, Kauf- und Verkaufsm\u00f6glichkeiten oder Informationen im Zusammenhang mit dem Thema der Website senden. Wir k\u00f6nnen auch pers\u00f6nlich identifizierbare Informationen verwenden, um auf spezifische Anfragen zu antworten oder angeforderte Informationen bereitzustellen.<\/p><h3>An wen k\u00f6nnen die Informationen weitergegeben werden?<\/h3><p>Pers\u00f6nlich identifizierbare Informationen \u00fcber autorisierte Kunden k\u00f6nnen an andere autorisierte Kunden weitergegeben werden, die potenzielle Transaktionsm\u00f6glichkeiten bewerten m\u00f6chten. Wir k\u00f6nnen zusammengefasste Informationen \u00fcber unsere Besucher, einschlie\u00dflich demografischer Informationen \u00fcber unsere Besucher und autorisierten Kunden, an unsere angeschlossenen Agenturen und Drittanbieter weitergeben. Wir bieten Ihnen auch die M\u00f6glichkeit, den Erhalt von Informationen oder die Kontaktaufnahme durch uns oder eine in unserem Namen handelnde Agentur abzulehnen.<\/p><h3>Wie werden pers\u00f6nliche Identifikationsdaten gespeichert?<\/h3><p>Die gesammelten pers\u00f6nlichen Identifikationsdaten werden sicher gespeichert und weder Dritten noch unseren Mitarbeitern zug\u00e4nglich gemacht, es sei denn, sie werden f\u00fcr die oben genannten Zwecke verwendet.<\/p><h3>Welche Wahlm\u00f6glichkeiten haben die Besucher in Bezug auf die Sammlung, Nutzung und Verbreitung von Informationen?<\/h3><p>Besucher und autorisierte Kunden haben die M\u00f6glichkeit, den Erhalt unaufgeforderter Informationen von uns und\/oder unseren Lieferanten und angeschlossenen Agenturen abzulehnen, indem sie auf E-Mails in \u00dcbereinstimmung mit den darin enthaltenen Anweisungen antworten oder uns kontaktieren.<\/p><h3>Werden auf der Website Cookies verwendet?<\/h3><p>Ja, Cookies werden aus verschiedenen Gr\u00fcnden verwendet. Wir verwenden Cookies, um Informationen \u00fcber die Pr\u00e4ferenzen unserer Besucher und die von ihnen gew\u00e4hlten Dienstleistungen zu erhalten. Wir verwenden Cookies auch zu Sicherheitszwecken, um autorisierte Kunden zu sch\u00fctzen.<\/p><h3>Wie verwendet die App die Anmeldeinformationen?<\/h3><p>Die App verwendet Anmeldeinformationen, einschlie\u00dflich, aber nicht beschr\u00e4nkt auf IP-Adressen, Internetdienstanbieter (ISPs) und Browsertypen, um Trends zu analysieren, die Website zu verwalten, die Bewegungen und die Nutzung der Website durch die Benutzer zu verfolgen und breite demografische Informationen zu sammeln.<\/p><h3>Wie speichert die Website pers\u00f6nlich identifizierbare Informationen?<\/h3><p>Alle unsere Mitarbeiter sind mit unseren Sicherheitsrichtlinien und -verfahren vertraut. Pers\u00f6nlich identifizierbare Informationen von Besuchern und autorisierten Kunden sind nur einer begrenzten Anzahl qualifizierter Mitarbeiter zug\u00e4nglich, die \u00fcber ein Passwort f\u00fcr den Zugriff auf diese Informationen verf\u00fcgen.<\/p><h3>Welche Partner oder Dienstleister haben Zugang zu personenbezogenen Daten von Besuchern und\/oder autorisierten Kunden auf der Website?<\/h3><p>Die App hat und wird auch in Zukunft Partnerschaften und andere Kooperationsvereinbarungen mit verschiedenen Anbietern eingehen. Diese Lieferanten k\u00f6nnen Zugang zu bestimmten personenbezogenen Daten auf einer \"Need-to-know\"-Basis haben, um die Berechtigung von autorisierten Kunden f\u00fcr Dienstleistungen zu bewerten. Unsere Datenschutzrichtlinie erstreckt sich nicht auf die Sammlung oder Verwendung von Informationen dieser Lieferanten. Offenlegung pers\u00f6nlich identifizierbarer Informationen zur Einhaltung von Gesetzen: Wir werden pers\u00f6nlich identifizierbare Informationen offenlegen, um einem Gerichtsbeschluss oder einer Vorladung oder der Anfrage einer Strafverfolgungsbeh\u00f6rde nach Informationen nachzukommen. Wir werden auch pers\u00f6nlich identifizierbare Informationen offenlegen, wenn dies vern\u00fcnftigerweise notwendig ist, um die Sicherheit unserer Besucher und autorisierten Kunden zu sch\u00fctzen.<\/p><h3>Wie speichert die Website pers\u00f6nlich identifizierbare Informationen?<\/h3><p>Alle unsere Mitarbeiter sind mit unseren Sicherheitsrichtlinien und -verfahren vertraut. Personenbezogene Daten von Besuchern und autorisierten Kunden sind nur einer begrenzten Anzahl qualifizierter Mitarbeiter zug\u00e4nglich, die \u00fcber ein Passwort f\u00fcr den Zugriff auf diese Daten verf\u00fcgen. Wir \u00fcberpr\u00fcfen regelm\u00e4\u00dfig unsere Sicherheitssysteme und -verfahren. Sensible Informationen wie Kreditkartennummern oder Sozialversicherungsnummern werden durch Verschl\u00fcsselungsprotokolle gesch\u00fctzt, um die \u00fcber das Internet \u00fcbermittelten Informationen zu sch\u00fctzen. Obwohl wir wirtschaftlich vertretbare Ma\u00dfnahmen ergreifen, um eine sichere Website zu gew\u00e4hrleisten, sind elektronische Kommunikation und Datenbanken anf\u00e4llig f\u00fcr Fehler, Hackerangriffe und andere Vorf\u00e4lle, und wir k\u00f6nnen nicht garantieren, dass solche Ereignisse nicht eintreten werden, und wir \u00fcbernehmen keine Verantwortung f\u00fcr solche Vorf\u00e4lle gegen\u00fcber Besuchern oder autorisierten Kunden.<\/p><h3>Wie k\u00f6nnen Besucher Ungenauigkeiten in pers\u00f6nlichen Identifikationsdaten korrigieren?<\/h3><p>Besucher und autorisierte Kunden k\u00f6nnen uns kontaktieren, um pers\u00f6nlich identifizierbare Informationen \u00fcber sich selbst zu aktualisieren oder zu korrigieren, indem sie uns eine E-Mail schicken: <a rel=\"noopener\">support@startmsg.com<\/a>.<\/p><h3>Kann ein Besucher die auf der Website erfassten personenbezogenen Daten l\u00f6schen oder deaktivieren?<\/h3><p>Wir stellen Besuchern und autorisierten Kunden einen Mechanismus zur Verf\u00fcgung, mit dem sie pers\u00f6nlich identifizierbare Informationen aus der Datenbank der Website l\u00f6schen\/deaktivieren k\u00f6nnen, indem sie sich mit uns in Verbindung setzen. Aufgrund von Sicherungen und L\u00f6schungen kann es jedoch sein, dass es nicht m\u00f6glich ist, den Datensatz eines Besuchers vollst\u00e4ndig zu l\u00f6schen, ohne dass einige Informationen \u00fcbrig bleiben. Wenn eine Person die Deaktivierung personenbezogener Daten beantragt, werden diese Daten funktionell gel\u00f6scht, und wir werden diese Daten nicht verkaufen, \u00fcbertragen oder in irgendeiner Weise weiterverwenden.<\/p><h3>Was passiert, wenn sich die Datenschutzbestimmungen \u00e4ndern?<\/h3><p>Wir werden unsere Besucher und autorisierten Kunden \u00fcber \u00c4nderungen unserer Datenschutzrichtlinie informieren, indem wir solche \u00c4nderungen auf der Website ver\u00f6ffentlichen. Wenn wir jedoch unsere Datenschutzrichtlinie in einer Weise \u00e4ndern, die zur Offenlegung von pers\u00f6nlich identifizierbaren Informationen f\u00fchren k\u00f6nnte, die ein Besucher oder autorisierter Kunde zuvor beantragt hat, nicht offengelegt zu werden, werden wir diesen Besucher oder autorisierten Kunden kontaktieren, um ihm zu erm\u00f6glichen, eine solche Offenlegung zu verhindern.<\/p><h3>Referenzen:<\/h3><p><a href=\"https:\/\/startmsg.com\" target=\"_new\" rel=\"noopener\">Startmsg.de<\/a> \/ <a href=\"https:\/\/startmsg.lt\/de\/\">Startmsg.lt<\/a> kann Links zu anderen Websites enthalten. Bitte beachten Sie, dass Sie, wenn Sie auf einen dieser Links klicken, auf eine andere Website gelangen. Wir empfehlen Ihnen, die Datenschutzrichtlinien dieser Websites zu lesen, da sie sich von unseren unterscheiden k\u00f6nnen.<\/p><\/div>\t\t\t\t\t\t\t\t<\/div>\n\t\t\t\t<\/div>\n\t\t\t\t\t<\/div>\n\t\t\t\t<\/div>\n\t\t\t\t<\/div>","protected":false},"excerpt":{"rendered":"<p>\u012evadas \u00a0 Sveiki atvyk\u0119 \u012f https:\/\/startmsg.com \/ https:\/\/startmsg.lt (Svetain\u0117). Mes suprantame, kad privatumas internete yra svarbus m\u016bs\u0173 Svetain\u0117s naudotojams, ypa\u010d vykdant verslo [&hellip;]<\/p>","protected":false},"author":1,"featured_media":0,"parent":0,"menu_order":0,"comment_status":"closed","ping_status":"open","template":"","meta":{"footnotes":""},"class_list":["post-3","page","type-page","status-publish","hentry"],"yoast_head":"<!-- This site is optimized with the Yoast SEO Premium plugin v23.8 (Yoast SEO v26.4) - https:\/\/yoast.com\/wordpress\/plugins\/seo\/ -->\n<title>Privatumo politika - startmsg.lt<\/title>\n<meta name=\"robots\" content=\"index, nofollow, max-snippet:-1, max-image-preview:large, max-video-preview:-1\" \/>\n<link rel=\"canonical\" href=\"https:\/\/startmsg.lt\/de\/datenschutzrichtlinie\/\" \/>\n<meta property=\"og:locale\" content=\"de_DE\" \/>\n<meta property=\"og:type\" content=\"article\" \/>\n<meta property=\"og:title\" content=\"Privatumo politika\" \/>\n<meta property=\"og:description\" content=\"\u012evadas \u00a0 Sveiki atvyk\u0119 \u012f https:\/\/startmsg.com \/ https:\/\/startmsg.lt (Svetain\u0117). Mes suprantame, kad privatumas internete yra svarbus m\u016bs\u0173 Svetain\u0117s naudotojams, ypa\u010d vykdant verslo [&hellip;]\" \/>\n<meta property=\"og:url\" content=\"https:\/\/startmsg.lt\/de\/datenschutzrichtlinie\/\" \/>\n<meta property=\"og:site_name\" content=\"startmsg.lt\" \/>\n<meta property=\"article:publisher\" content=\"https:\/\/facebook.com\/chatbotas\" \/>\n<meta property=\"article:modified_time\" content=\"2025-06-01T21:30:42+00:00\" \/>\n<meta name=\"twitter:card\" content=\"summary_large_image\" \/>\n<meta name=\"twitter:label1\" content=\"Gesch\u00e4tzte Lesezeit\" \/>\n\t<meta name=\"twitter:data1\" content=\"6\u00a0Minuten\" \/>\n<script type=\"application\/ld+json\" class=\"yoast-schema-graph\">{\"@context\":\"https:\/\/schema.org\",\"@graph\":[{\"@type\":\"WebPage\",\"@id\":\"https:\/\/startmsg.lt\/privatumo-politika\/\",\"url\":\"https:\/\/startmsg.lt\/privatumo-politika\/\",\"name\":\"Privatumo politika - startmsg.lt\",\"isPartOf\":{\"@id\":\"https:\/\/startmsg.lt\/#website\"},\"datePublished\":\"2024-01-30T13:41:47+00:00\",\"dateModified\":\"2025-06-01T21:30:42+00:00\",\"breadcrumb\":{\"@id\":\"https:\/\/startmsg.lt\/privatumo-politika\/#breadcrumb\"},\"inLanguage\":\"de\",\"potentialAction\":[{\"@type\":\"ReadAction\",\"target\":[\"https:\/\/startmsg.lt\/privatumo-politika\/\"]}]},{\"@type\":\"BreadcrumbList\",\"@id\":\"https:\/\/startmsg.lt\/privatumo-politika\/#breadcrumb\",\"itemListElement\":[{\"@type\":\"ListItem\",\"position\":1,\"name\":\"Home\",\"item\":\"https:\/\/startmsg.lt\/\"},{\"@type\":\"ListItem\",\"position\":2,\"name\":\"Privatumo politika\"}]},{\"@type\":\"WebSite\",\"@id\":\"https:\/\/startmsg.lt\/#website\",\"url\":\"https:\/\/startmsg.lt\/\",\"name\":\"startmsg.lt\",\"description\":\"\",\"publisher\":{\"@id\":\"https:\/\/startmsg.lt\/#organization\"},\"potentialAction\":[{\"@type\":\"SearchAction\",\"target\":{\"@type\":\"EntryPoint\",\"urlTemplate\":\"https:\/\/startmsg.lt\/?s={search_term_string}\"},\"query-input\":{\"@type\":\"PropertyValueSpecification\",\"valueRequired\":true,\"valueName\":\"search_term_string\"}}],\"inLanguage\":\"de\"},{\"@type\":\"Organization\",\"@id\":\"https:\/\/startmsg.lt\/#organization\",\"name\":\"startmsg.lt\",\"url\":\"https:\/\/startmsg.lt\/\",\"logo\":{\"@type\":\"ImageObject\",\"inLanguage\":\"de\",\"@id\":\"https:\/\/startmsg.lt\/#\/schema\/logo\/image\/\",\"url\":\"https:\/\/startmsg.lt\/wp-content\/uploads\/2024\/01\/favicon.png\",\"contentUrl\":\"https:\/\/startmsg.lt\/wp-content\/uploads\/2024\/01\/favicon.png\",\"width\":196,\"height\":196,\"caption\":\"startmsg.lt\"},\"image\":{\"@id\":\"https:\/\/startmsg.lt\/#\/schema\/logo\/image\/\"},\"sameAs\":[\"https:\/\/facebook.com\/chatbotas\",\"https:\/\/www.instagram.com\/chatbotas\"]}]}<\/script>\n<!-- \/ Yoast SEO Premium plugin. -->","yoast_head_json":{"title":"Datenschutzrichtlinie - startmsg.lt","robots":{"index":"index","follow":"nofollow","max-snippet":"max-snippet:-1","max-image-preview":"max-image-preview:large","max-video-preview":"max-video-preview:-1"},"canonical":"https:\/\/startmsg.lt\/de\/datenschutzrichtlinie\/","og_locale":"de_DE","og_type":"article","og_title":"Privatumo politika","og_description":"\u012evadas \u00a0 Sveiki atvyk\u0119 \u012f https:\/\/startmsg.com \/ https:\/\/startmsg.lt (Svetain\u0117). Mes suprantame, kad privatumas internete yra svarbus m\u016bs\u0173 Svetain\u0117s naudotojams, ypa\u010d vykdant verslo [&hellip;]","og_url":"https:\/\/startmsg.lt\/de\/datenschutzrichtlinie\/","og_site_name":"startmsg.lt","article_publisher":"https:\/\/facebook.com\/chatbotas","article_modified_time":"2025-06-01T21:30:42+00:00","twitter_card":"summary_large_image","twitter_misc":{"Gesch\u00e4tzte Lesezeit":"6\u00a0Minuten"},"schema":{"@context":"https:\/\/schema.org","@graph":[{"@type":"WebPage","@id":"https:\/\/startmsg.lt\/privatumo-politika\/","url":"https:\/\/startmsg.lt\/privatumo-politika\/","name":"Datenschutzrichtlinie - startmsg.lt","isPartOf":{"@id":"https:\/\/startmsg.lt\/#website"},"datePublished":"2024-01-30T13:41:47+00:00","dateModified":"2025-06-01T21:30:42+00:00","breadcrumb":{"@id":"https:\/\/startmsg.lt\/privatumo-politika\/#breadcrumb"},"inLanguage":"de","potentialAction":[{"@type":"ReadAction","target":["https:\/\/startmsg.lt\/privatumo-politika\/"]}]},{"@type":"BreadcrumbList","@id":"https:\/\/startmsg.lt\/privatumo-politika\/#breadcrumb","itemListElement":[{"@type":"ListItem","position":1,"name":"Home","item":"https:\/\/startmsg.lt\/"},{"@type":"ListItem","position":2,"name":"Privatumo politika"}]},{"@type":"WebSite","@id":"https:\/\/startmsg.lt\/#website","url":"https:\/\/startmsg.lt\/","name":"startmsg.lt","description":"","publisher":{"@id":"https:\/\/startmsg.lt\/#organization"},"potentialAction":[{"@type":"SearchAction","target":{"@type":"EntryPoint","urlTemplate":"https:\/\/startmsg.lt\/?s={search_term_string}"},"query-input":{"@type":"PropertyValueSpecification","valueRequired":true,"valueName":"search_term_string"}}],"inLanguage":"de"},{"@type":"Organization","@id":"https:\/\/startmsg.lt\/#organization","name":"startmsg.lt","url":"https:\/\/startmsg.lt\/","logo":{"@type":"ImageObject","inLanguage":"de","@id":"https:\/\/startmsg.lt\/#\/schema\/logo\/image\/","url":"https:\/\/startmsg.lt\/wp-content\/uploads\/2024\/01\/favicon.png","contentUrl":"https:\/\/startmsg.lt\/wp-content\/uploads\/2024\/01\/favicon.png","width":196,"height":196,"caption":"startmsg.lt"},"image":{"@id":"https:\/\/startmsg.lt\/#\/schema\/logo\/image\/"},"sameAs":["https:\/\/facebook.com\/chatbotas","https:\/\/www.instagram.com\/chatbotas"]}]}},"_links":{"self":[{"href":"https:\/\/startmsg.lt\/de\/wp-json\/wp\/v2\/pages\/3","targetHints":{"allow":["GET"]}}],"collection":[{"href":"https:\/\/startmsg.lt\/de\/wp-json\/wp\/v2\/pages"}],"about":[{"href":"https:\/\/startmsg.lt\/de\/wp-json\/wp\/v2\/types\/page"}],"author":[{"embeddable":true,"href":"https:\/\/startmsg.lt\/de\/wp-json\/wp\/v2\/users\/1"}],"replies":[{"embeddable":true,"href":"https:\/\/startmsg.lt\/de\/wp-json\/wp\/v2\/comments?post=3"}],"version-history":[{"count":15,"href":"https:\/\/startmsg.lt\/de\/wp-json\/wp\/v2\/pages\/3\/revisions"}],"predecessor-version":[{"id":2433,"href":"https:\/\/startmsg.lt\/de\/wp-json\/wp\/v2\/pages\/3\/revisions\/2433"}],"wp:attachment":[{"href":"https:\/\/startmsg.lt\/de\/wp-json\/wp\/v2\/media?parent=3"}],"curies":[{"name":"wp","href":"https:\/\/api.w.org\/{rel}","templated":true}]}}