{"id":1078,"date":"2024-10-12T22:41:56","date_gmt":"2024-10-12T22:41:56","guid":{"rendered":"https:\/\/startmsg.lt\/?page_id=1078"},"modified":"2025-06-01T21:31:13","modified_gmt":"2025-06-01T21:31:13","slug":"allgemeine-geschaftsbedingungen","status":"publish","type":"page","link":"https:\/\/startmsg.lt\/de\/allgemeine-geschaftsbedingungen\/","title":{"rendered":"Bedingungen und Konditionen"},"content":{"rendered":"<div data-elementor-type=\"wp-page\" data-elementor-id=\"1078\" class=\"elementor elementor-1078\" data-elementor-settings=\"{&quot;element_pack_global_tooltip_width&quot;:{&quot;unit&quot;:&quot;px&quot;,&quot;size&quot;:&quot;&quot;,&quot;sizes&quot;:[]},&quot;element_pack_global_tooltip_width_tablet&quot;:{&quot;unit&quot;:&quot;px&quot;,&quot;size&quot;:&quot;&quot;,&quot;sizes&quot;:[]},&quot;element_pack_global_tooltip_width_mobile&quot;:{&quot;unit&quot;:&quot;px&quot;,&quot;size&quot;:&quot;&quot;,&quot;sizes&quot;:[]},&quot;element_pack_global_tooltip_padding&quot;:{&quot;unit&quot;:&quot;px&quot;,&quot;top&quot;:&quot;&quot;,&quot;right&quot;:&quot;&quot;,&quot;bottom&quot;:&quot;&quot;,&quot;left&quot;:&quot;&quot;,&quot;isLinked&quot;:true},&quot;element_pack_global_tooltip_padding_tablet&quot;:{&quot;unit&quot;:&quot;px&quot;,&quot;top&quot;:&quot;&quot;,&quot;right&quot;:&quot;&quot;,&quot;bottom&quot;:&quot;&quot;,&quot;left&quot;:&quot;&quot;,&quot;isLinked&quot;:true},&quot;element_pack_global_tooltip_padding_mobile&quot;:{&quot;unit&quot;:&quot;px&quot;,&quot;top&quot;:&quot;&quot;,&quot;right&quot;:&quot;&quot;,&quot;bottom&quot;:&quot;&quot;,&quot;left&quot;:&quot;&quot;,&quot;isLinked&quot;:true},&quot;element_pack_global_tooltip_border_radius&quot;:{&quot;unit&quot;:&quot;px&quot;,&quot;top&quot;:&quot;&quot;,&quot;right&quot;:&quot;&quot;,&quot;bottom&quot;:&quot;&quot;,&quot;left&quot;:&quot;&quot;,&quot;isLinked&quot;:true},&quot;element_pack_global_tooltip_border_radius_tablet&quot;:{&quot;unit&quot;:&quot;px&quot;,&quot;top&quot;:&quot;&quot;,&quot;right&quot;:&quot;&quot;,&quot;bottom&quot;:&quot;&quot;,&quot;left&quot;:&quot;&quot;,&quot;isLinked&quot;:true},&quot;element_pack_global_tooltip_border_radius_mobile&quot;:{&quot;unit&quot;:&quot;px&quot;,&quot;top&quot;:&quot;&quot;,&quot;right&quot;:&quot;&quot;,&quot;bottom&quot;:&quot;&quot;,&quot;left&quot;:&quot;&quot;,&quot;isLinked&quot;:true}}\">\n\t\t\t\t<div class=\"elementor-element elementor-element-ede0e80 e-flex e-con-boxed e-con e-parent\" data-id=\"ede0e80\" data-element_type=\"container\">\n\t\t\t\t\t<div class=\"e-con-inner\">\n\t\t\t\t<div class=\"elementor-element elementor-element-b3515d5 elementor-widget elementor-widget-spacer\" data-id=\"b3515d5\" data-element_type=\"widget\" data-widget_type=\"spacer.default\">\n\t\t\t\t<div class=\"elementor-widget-container\">\n\t\t\t\t\t\t\t<div class=\"elementor-spacer\">\n\t\t\t<div class=\"elementor-spacer-inner\"><\/div>\n\t\t<\/div>\n\t\t\t\t\t\t<\/div>\n\t\t\t\t<\/div>\n\t\t\t\t<div class=\"elementor-element elementor-element-9a041c7 elementor-widget elementor-widget-text-editor\" data-id=\"9a041c7\" data-element_type=\"widget\" data-widget_type=\"text-editor.default\">\n\t\t\t\t<div class=\"elementor-widget-container\">\n\t\t\t\t\t\t\t\t\t<p><strong>ABONNIEREN ODER NUTZEN Sie Startmsg.com \/ Startmsg.com zu abonnieren oder zu nutzen, versichern Sie, dass Sie die volle Befugnis haben, f\u00fcr sich selbst, eine dritte Person, ein Unternehmen oder eine juristische Person zu unterschreiben, UND DASS IHRE NUTZUNG UND\/ODER INTERAKTION MIT DIESER WEBSITE IHR EINVERST\u00c4NDNIS MIT DIESEN NUTZUNGSBEDINGUNGEN SOWIE MIT ALLEN ANDEREN VEREINBARUNGEN, DIE WIR AUF DIESER WEBSITE VER\u00d6FFENTLICHEN, DARSTELLT.<\/strong><\/p><p><strong>DURCH ANSEHEN, TEILEN, NUTZEN ODER INTERAKTION MIT STARTMSG.com \/ STARTMSG.com ODER JEGLICHEN BANNERN, SHOPPING-SPRACHEN ODER WERBUNG AUF DIESER WEBSITE ERKL\u00c4REN SIE SICH, ALLE BEDINGUNGEN DIESER NUTZUNGSBEDINGUNGEN UND DATENSCHUTZPOLITIK ZU ERF\u00dcLLEN.<\/strong><\/p><p><strong>Startmsg.com \/ Startmsg.lt Speziell zur Unterst\u00fctzung von Personen, die unter den CHILDREN'S INTERNET PRIVACY PROTECTION ACT (COPPA) 1998 fallen.<\/strong><\/p><p><strong>Startmsg.com \/ Startmsg.lt BEH\u00c4LT SICH DAS RECHT VOR, JEDER PERSON ODER JEDEM BETREUER ZU JEDER ZEIT EINE BELOHNUNG ZU GEBEN. UNTER DEN DATENSCHUTZBESTIMMUNGEN, DIE SIE ALS VORAUSSETZUNG F\u00dcR DEN BESUCH AKZEPTIEREN, KANN Startmsg.com \/ Startmsg.lt DATEN UND INFORMATIONEN ERSAMMELN UND AUFBEWAHREN, UM AUSNAHMEN F\u00dcR MEHRERE ANDERE NUTZUNGEN ZU MACHEN.<\/strong><\/p><p><strong>DIESE NUTZUNGSBEDINGUNGEN K\u00d6NNEN IM LAUFE DER ZEIT GE\u00c4NDERT WERDEN. Es liegt in der Verantwortung der Besucher, sich \u00fcber solche \u00c4nderungen zu informieren, indem sie diese Seite der Nutzungsbedingungen bei jedem Besuch von STARTMSG.com \/ Startmsg.lt \u00fcberpr\u00fcfen.<\/strong><\/p><p><strong>DIE VERTRAGSPARTEIEN<\/strong><br \/>Besucher, Betrachter, Benutzer, Abonnenten, Mitglieder, Partner oder Kunden, zusammenfassend als \"Besucher\" bezeichnet, sind Vertragsparteien dieser Vereinbarung. Die Website und ihre Eigent\u00fcmer und\/oder Betreiber sind Vertragsparteien dieser Vereinbarung, im Folgenden als \"Website\" bezeichnet.<\/p><p><strong>VERWENDUNG VON INFORMATIONEN VON DIESER WEBSITE<\/strong><br \/>Sofern Sie keine schriftliche Vereinbarung mit dieser Website haben, sind Besucher, Zuschauer, Abonnenten, Mitglieder, Partner oder Kunden nicht berechtigt, diese Informationen in einem kommerziellen oder \u00f6ffentlichen Rahmen zu nutzen; sie sind nicht berechtigt, Teile des Inhalts dieser Website zu senden, zu kopieren, zu speichern, zu drucken, zu verkaufen oder zu ver\u00f6ffentlichen. Mit dem Zugriff auf den Inhalt dieser Website erkl\u00e4ren Sie sich mit dieser Zugriffsbedingung einverstanden und erkennen an, dass jede unbefugte Nutzung illegal ist und zivil- oder strafrechtliche Folgen haben kann. Auch hat der Besucher kein Recht, den Inhalt der Website oder Teile davon, einschlie\u00dflich der Datenbanken, unsichtbaren Seiten, verlinkten Seiten, des zugrunde liegenden Codes oder anderen geistigen Eigentums, das die Website enthalten kann, aus irgendeinem Grund oder zu irgendeinem Zweck zu nutzen. In Anerkennung der Tatsache, dass es schwierig sein kann, den genauen Schaden zu sch\u00e4tzen, der aus einer Verletzung dieser Bestimmung resultiert, stimmt der Besucher zu, die Eigent\u00fcmer von Startmsg.com\/Startmsg.com f\u00fcr Sch\u00e4den in H\u00f6he von $100.000 zu entsch\u00e4digen, oder, falls dies gesch\u00e4tzt werden kann, f\u00fcr tats\u00e4chliche Kosten und tats\u00e4chliche Sch\u00e4den, die aus einer Verletzung dieser Bestimmung resultieren, je nachdem, welcher Betrag h\u00f6her ist. Der Besucher erkennt an, dass er\/sie versteht, dass die Annahme dieser Bestimmung eine Bedingung f\u00fcr den Zugriff auf Startmsg.com \/ Startmsg.com ist und dass der Zugriff auf Startmsg.com \/ Startmsg.com eine Anerkennung dieser Annahme darstellt.<\/p><p><strong>DAS EIGENTUM AN DER WEBSITE ODER DAS RECHT, DEN INHALT DIESER WEBSITE ZU NUTZEN, ZU VERKAUFEN ODER ZU VER\u00d6FFENTLICHEN<\/strong><br \/>Die Website und ihr Inhalt sind Eigentum des Eigent\u00fcmers der Website oder werden von diesem lizenziert. Der Inhalt der Website gilt als gesch\u00fctzt und urheberrechtlich gesch\u00fctzt. Die Besucher haben keinerlei Rechte an den Inhalten der Website. Die Nutzung des Inhalts der Website aus irgendeinem Grund ist ungesetzlich, es sei denn, sie erfolgt aufgrund einer schriftlichen Vereinbarung oder mit Genehmigung der Website.<\/p><p><strong>HYPERLINKS ZUR WEBSITE, ZUSAMMENARBEIT, \"FRAMING\" UND L\u00d6SCHUNG DER WEBSITE<\/strong><br \/>Sofern nicht ausdr\u00fccklich durch die Website gestattet, ist niemand befugt, Startmsg.com\/Startmsg.com oder Teile davon (einschlie\u00dflich, aber nicht beschr\u00e4nkt auf Logos, Marken, Handelsaufmachungen oder urheberrechtlich gesch\u00fctztes Material) zu irgendeinem Zweck mit ihren Websites zu verlinken. Dar\u00fcber hinaus d\u00fcrfen Sie die URL (Internetadresse) dieser Website oder einer Seite dieser Website nicht ohne unsere ausdr\u00fcckliche Genehmigung in kommerziellen oder nicht-kommerziellen Medien verwenden, noch d\u00fcrfen Sie die Website \"sponsern\". Sie erkl\u00e4ren sich ausdr\u00fccklich damit einverstanden, mit den Eigent\u00fcmern der Website zusammenzuarbeiten, um solche Aktivit\u00e4ten zu entfernen oder zu deaktivieren, und haften f\u00fcr alle Sch\u00e4den, die sich aus einem Versto\u00df gegen diese Bestimmung ergeben. In dem Wissen, dass es schwierig sein kann, den genauen Schaden zu sch\u00e4tzen, der aus einer Verletzung dieser Bestimmung resultiert, stimmen Sie zu, die Eigent\u00fcmer von Startmsg.com\/Startmsg.com in H\u00f6he von $100.000 zu entsch\u00e4digen oder, falls dies gesch\u00e4tzt werden kann, die tats\u00e4chlichen Kosten und den tats\u00e4chlichen Schaden, der aus einer Verletzung dieser Bestimmung resultiert, zu ersetzen, je nachdem, welcher Betrag h\u00f6her ist. Sie best\u00e4tigen, dass Sie verstehen, dass die Annahme dieser Bestimmung eine Bedingung f\u00fcr den Beitritt zu Startmsg.com \/ Startmsg.com ist, und dass der Beitritt zu Startmsg.com \/ Startmsg.com eine Best\u00e4tigung dieser Annahme ist.<\/p><p><strong>VERANTWORTUNG F\u00dcR DEN INHALT DER WEBSITE<\/strong><br \/>Startmsg.com \/ Startmsg.com lehnt jede Verantwortung f\u00fcr die Richtigkeit der Inhalte ab, die auf Startmsg.com \/ Startmsg.com erscheinen, mit ihr verlinkt sind oder sie erw\u00e4hnen. Besucher \u00fcbernehmen alle Risiken, die mit dem Betrachten, Lesen, Verwenden oder Verlassen auf die Informationen verbunden sind. Wenn Sie keine schriftliche Vereinbarung mit uns haben, sind Sie nicht berechtigt, sich auf den Inhalt der Informationen auf dieser Website als korrekt zu verlassen. Wir geben keine solche Garantie.<\/p><p><strong>HAFTUNG F\u00dcR SCH\u00c4DEN AN IHREM COMPUTER ODER IHRER SOFTWARE IM ZUSAMMENHANG MIT IHRER INTERAKTION MIT DIESER WEBSITE ODER IHREM INHALT<\/strong><br \/>Der Besucher \u00fcbernimmt das gesamte Risiko von Viren, W\u00fcrmern oder anderen b\u00f6sartigen Mitteln, die seinen Computer oder seine Software besch\u00e4digen k\u00f6nnen. Wir haften nicht f\u00fcr Sch\u00e4den am Computer oder der Software des Besuchers oder einer anderen Person, mit der der Besucher interagiert, die durch b\u00f6sartigen Code oder Daten verursacht werden, die versehentlich auf den Computer des Besuchers \u00fcbertragen werden. Der Besucher betrachtet oder interagiert mit Startmsg.com \/ Startmsg.com, oder jede Werbung, Banner oder Pop-ups, tut dies auf eigenes Risiko.<\/p><p><strong>VERANTWORTUNG F\u00dcR HOCHGELADENE DATEN<\/strong><br \/>Der Besucher l\u00e4dt Informationen von Startmsg.com \/ Startmsg.lt auf eigenes Risiko herunter. Die Website \u00fcbernimmt keine Garantie daf\u00fcr, dass die Downloads frei von sch\u00e4dlichem Computercode sind, einschlie\u00dflich, aber nicht beschr\u00e4nkt auf Viren und W\u00fcrmer.<\/p><p><strong>VERWEIGERUNG<\/strong><br \/>Durch die Betrachtung, Nutzung oder sonstige Interaktion mit Startmsg.com\/Startmsg.com, einschlie\u00dflich Werbung, Banner oder Pop-ups, und als Bedingung f\u00fcr die Genehmigung der Website, verzichtet der Besucher f\u00fcr immer auf alle Rechte auf Schadensersatzanspr\u00fcche, die auf einem kausalen Faktor beruhen, der zu einem wie auch immer gearteten Schaden f\u00fchren kann, ob schwer oder gro\u00df, ob physisch oder emotional, vorhersehbar oder unvorhersehbar, pers\u00f6nlich oder kommerziell. Vorbehaltlich jeglicher Gesetze, die solche Ausnahmen nicht zulassen, \u00fcbersteigt unsere maximale Haftung nicht den Betrag, den Sie gegebenenfalls f\u00fcr die Nutzung unserer Website oder unserer Dienste bezahlt haben. Dar\u00fcber hinaus erkl\u00e4ren Sie sich damit einverstanden, dass wir unseren Verpflichtungen aufgrund von Ereignissen, die sich unserer Kontrolle entziehen, nicht nachkommen k\u00f6nnen, einschlie\u00dflich, aber nicht beschr\u00e4nkt auf h\u00f6here Gewalt, Kriegshandlungen, Terrorismus, Aufst\u00e4nde, Unruhen, kriminelle Aktivit\u00e4ten, Naturkatastrophen, Kommunikations- oder Infrastrukturausf\u00e4lle, Arbeitskr\u00e4ftemangel oder -unterbrechungen (einschlie\u00dflich unrechtm\u00e4\u00dfiger Streiks), Materialmangel und andere Ereignisse, die sich unserer Kontrolle entziehen.<\/p><p><strong>VERANTWORTUNG<\/strong><br \/>Der Besucher erkl\u00e4rt sich damit einverstanden, dass, wenn er\/sie uns oder einem Dritten aus oder in Verbindung mit der Nutzung von Startmsg.com \/ Startmsg.com einen Schaden zuf\u00fcgt, er\/sie uns schadlos h\u00e4lt und uns gegebenenfalls gegen jegliche Schadensersatzanspr\u00fcche verteidigt.<\/p><p><strong>EINSCHREIBUNGEN<\/strong><br \/>Der Besucher erkl\u00e4rt sich damit einverstanden, dass jede Kommunikation zwischen dem Besucher und der Website als Einreichung betrachtet wird. Alle Einsendungen, einschlie\u00dflich der darin enthaltenen Grafiken oder Inhalte, gehen in das ausschlie\u00dfliche Eigentum der Website \u00fcber und k\u00f6nnen ohne weitere Genehmigung f\u00fcr kommerzielle Zwecke ohne zus\u00e4tzliche Entsch\u00e4digung verwendet werden. Der Besucher erkl\u00e4rt sich damit einverstanden, der Website nur die Daten zur Verf\u00fcgung zu stellen, die er der Website dauerhaft zur Nutzung in der von ihr gew\u00fcnschten Weise \u00fcberlassen m\u00f6chte. \"\u00dcbermittlungen\" ist auch eine Bestimmung der Datenschutzrichtlinie.<\/p><p><strong>PRESSEMITTEILUNG<\/strong><br \/>Es sind keine zus\u00e4tzlichen Mitteilungen an den Besucher erforderlich, aus welchem Grund auch immer, und der Besucher erkennt ausdr\u00fccklich an, dass das Recht auf Mitteilung als Bedingung f\u00fcr die Erlaubnis, die Website anzusehen oder mit ihr zu interagieren, aufgegeben wird.<\/p><p><strong>GINCHAI<\/strong><br \/>Als Teil der von der Website geforderten Bedingungen f\u00fcr die Ansicht, Nutzung oder Interaktion des Besuchers mit dieser Website erkl\u00e4rt sich der Besucher damit einverstanden, ein verbindliches Schiedsverfahren f\u00fcr alle Anspr\u00fcche, Streitigkeiten oder Kontroversen (\"ANSPR\u00dcCHE\") in jeglicher Form (ob aus Vertrag, unerlaubter Handlung oder anderweitig) in Anspruch zu nehmen, die sich aus diesem Kauf, diesem Produkt, einschlie\u00dflich Fragen der Werbung, des Datenschutzes und der Nutzungsbedingungen ergeben oder damit zusammenh\u00e4ngen. Das Schiedsverfahren wird gem\u00e4\u00df der litauischen Schiedsgerichtsordnung durchgef\u00fchrt. Informationen \u00fcber litauische Schiedsgerichtsinstitutionen und deren Regeln sind auf deren offiziellen Websites zu finden. Die Anh\u00f6rungen finden auf dem Gebiet der Stadt oder des Bezirks statt, wo der Eigent\u00fcmer von Startmsg.com \/ Startmsg.lt seinen Sitz hat. Kein Besucher, Mitglied, Abonnent oder Kunde hat das Recht, ein Gericht anzurufen oder ein Gerichtsverfahren zu f\u00fchren. Kein Besucher, Mitglied, Abonnent oder Kunde hat das Recht, an einer vorgerichtlichen Untersuchung teilzunehmen, au\u00dfer wie in den Regeln vorgesehen; er\/sie hat kein Recht, als Vertreter oder Mitglied einer Gruppe in Verbindung mit einem Anspruch, der Gegenstand des Schiedsverfahrens ist, teilzunehmen; die Entscheidung des Schiedsrichters ist endg\u00fcltig und bindend, mit begrenzten Rechten auf Berufung. Die unterst\u00fctzende Partei hat Anspruch auf Erstattung aller Kosten und Auslagen, die ihr im Zusammenhang mit dem Schiedsverfahren entstanden sind, einschlie\u00dflich Anwalts-, Inkasso-, Untersuchungs- und Reisekosten, durch die andere Partei.<\/p><p><strong>GERICHTSBARKEIT UND GERICHTSSTAND<\/strong><br \/>Wenn eine Angelegenheit im Zusammenhang mit diesem Kauf vor ein Gericht gebracht wird, sei es vor oder nach einem Schiedsverfahren, stimmt der Besucher, das Mitglied, der Abonnent oder der Kunde zu, dass der einzige und richtige Gerichtsstand der ist, der in den Kontaktinformationen des Eigent\u00fcmers der Website angegeben ist, sofern nicht anders angegeben. Wenn der Streitfall vor einem Bundesgericht anh\u00e4ngig ist, ist der richtige Gerichtsstand das n\u00e4chstgelegene Bundesgericht in der N\u00e4he der Adresse des Eigent\u00fcmers von Startmsg.com\/Startmsg.com.<\/p>\t\t\t\t\t\t\t\t<\/div>\n\t\t\t\t<\/div>\n\t\t\t\t\t<\/div>\n\t\t\t\t<\/div>\n\t\t\t\t<\/div>","protected":false},"excerpt":{"rendered":"<p>PRISIJUNGDAMI AR NAUDODAMIESI Startmsg.com \/ Startmsg.lt, J\u016aS PATVIRTINATE, KAD TURITE PILN\u0104 \u012eGALIOJIM\u0104 VEIKTI, KAD SUREMTUM\u0116TE SAVE, BET KUR\u012e TRE\u010cI\u0104J\u012e ASMEN\u012e, \u012eMON\u0118 ARBA [&hellip;]<\/p>","protected":false},"author":1,"featured_media":0,"parent":0,"menu_order":0,"comment_status":"closed","ping_status":"closed","template":"","meta":{"footnotes":""},"class_list":["post-1078","page","type-page","status-publish","hentry"],"yoast_head":"<!-- This site is optimized with the Yoast SEO Premium plugin v23.8 (Yoast SEO v26.4) - https:\/\/yoast.com\/wordpress\/plugins\/seo\/ -->\n<title>Taisykl\u0117s ir s\u0105lygos - startmsg.lt<\/title>\n<meta name=\"robots\" content=\"index, follow, max-snippet:-1, max-image-preview:large, max-video-preview:-1\" \/>\n<link rel=\"canonical\" href=\"https:\/\/startmsg.lt\/de\/allgemeine-geschaftsbedingungen\/\" \/>\n<meta property=\"og:locale\" content=\"de_DE\" \/>\n<meta property=\"og:type\" content=\"article\" \/>\n<meta property=\"og:title\" content=\"Taisykl\u0117s ir s\u0105lygos\" \/>\n<meta property=\"og:description\" content=\"PRISIJUNGDAMI AR NAUDODAMIESI Startmsg.com \/ Startmsg.lt, J\u016aS PATVIRTINATE, KAD TURITE PILN\u0104 \u012eGALIOJIM\u0104 VEIKTI, KAD SUREMTUM\u0116TE SAVE, BET KUR\u012e TRE\u010cI\u0104J\u012e ASMEN\u012e, \u012eMON\u0118 ARBA [&hellip;]\" \/>\n<meta property=\"og:url\" content=\"https:\/\/startmsg.lt\/de\/allgemeine-geschaftsbedingungen\/\" \/>\n<meta property=\"og:site_name\" content=\"startmsg.lt\" \/>\n<meta property=\"article:publisher\" content=\"https:\/\/facebook.com\/chatbotas\" \/>\n<meta property=\"article:modified_time\" content=\"2025-06-01T21:31:13+00:00\" \/>\n<meta name=\"twitter:card\" content=\"summary_large_image\" \/>\n<meta name=\"twitter:label1\" content=\"Gesch\u00e4tzte Lesezeit\" \/>\n\t<meta name=\"twitter:data1\" content=\"8\u00a0Minuten\" \/>\n<script type=\"application\/ld+json\" class=\"yoast-schema-graph\">{\"@context\":\"https:\/\/schema.org\",\"@graph\":[{\"@type\":\"WebPage\",\"@id\":\"https:\/\/startmsg.lt\/taisykles-ir-salygos\/\",\"url\":\"https:\/\/startmsg.lt\/taisykles-ir-salygos\/\",\"name\":\"Taisykl\u0117s ir s\u0105lygos - startmsg.lt\",\"isPartOf\":{\"@id\":\"https:\/\/startmsg.lt\/#website\"},\"datePublished\":\"2024-10-12T22:41:56+00:00\",\"dateModified\":\"2025-06-01T21:31:13+00:00\",\"breadcrumb\":{\"@id\":\"https:\/\/startmsg.lt\/taisykles-ir-salygos\/#breadcrumb\"},\"inLanguage\":\"de\",\"potentialAction\":[{\"@type\":\"ReadAction\",\"target\":[\"https:\/\/startmsg.lt\/taisykles-ir-salygos\/\"]}]},{\"@type\":\"BreadcrumbList\",\"@id\":\"https:\/\/startmsg.lt\/taisykles-ir-salygos\/#breadcrumb\",\"itemListElement\":[{\"@type\":\"ListItem\",\"position\":1,\"name\":\"Home\",\"item\":\"https:\/\/startmsg.lt\/\"},{\"@type\":\"ListItem\",\"position\":2,\"name\":\"Taisykl\u0117s ir s\u0105lygos\"}]},{\"@type\":\"WebSite\",\"@id\":\"https:\/\/startmsg.lt\/#website\",\"url\":\"https:\/\/startmsg.lt\/\",\"name\":\"startmsg.lt\",\"description\":\"\",\"publisher\":{\"@id\":\"https:\/\/startmsg.lt\/#organization\"},\"potentialAction\":[{\"@type\":\"SearchAction\",\"target\":{\"@type\":\"EntryPoint\",\"urlTemplate\":\"https:\/\/startmsg.lt\/?s={search_term_string}\"},\"query-input\":{\"@type\":\"PropertyValueSpecification\",\"valueRequired\":true,\"valueName\":\"search_term_string\"}}],\"inLanguage\":\"de\"},{\"@type\":\"Organization\",\"@id\":\"https:\/\/startmsg.lt\/#organization\",\"name\":\"startmsg.lt\",\"url\":\"https:\/\/startmsg.lt\/\",\"logo\":{\"@type\":\"ImageObject\",\"inLanguage\":\"de\",\"@id\":\"https:\/\/startmsg.lt\/#\/schema\/logo\/image\/\",\"url\":\"https:\/\/startmsg.lt\/wp-content\/uploads\/2024\/01\/favicon.png\",\"contentUrl\":\"https:\/\/startmsg.lt\/wp-content\/uploads\/2024\/01\/favicon.png\",\"width\":196,\"height\":196,\"caption\":\"startmsg.lt\"},\"image\":{\"@id\":\"https:\/\/startmsg.lt\/#\/schema\/logo\/image\/\"},\"sameAs\":[\"https:\/\/facebook.com\/chatbotas\",\"https:\/\/www.instagram.com\/chatbotas\"]}]}<\/script>\n<!-- \/ Yoast SEO Premium plugin. -->","yoast_head_json":{"title":"Bedingungen und Konditionen - startmsg.lt","robots":{"index":"index","follow":"follow","max-snippet":"max-snippet:-1","max-image-preview":"max-image-preview:large","max-video-preview":"max-video-preview:-1"},"canonical":"https:\/\/startmsg.lt\/de\/allgemeine-geschaftsbedingungen\/","og_locale":"de_DE","og_type":"article","og_title":"Taisykl\u0117s ir s\u0105lygos","og_description":"PRISIJUNGDAMI AR NAUDODAMIESI Startmsg.com \/ Startmsg.lt, J\u016aS PATVIRTINATE, KAD TURITE PILN\u0104 \u012eGALIOJIM\u0104 VEIKTI, KAD SUREMTUM\u0116TE SAVE, BET KUR\u012e TRE\u010cI\u0104J\u012e ASMEN\u012e, \u012eMON\u0118 ARBA [&hellip;]","og_url":"https:\/\/startmsg.lt\/de\/allgemeine-geschaftsbedingungen\/","og_site_name":"startmsg.lt","article_publisher":"https:\/\/facebook.com\/chatbotas","article_modified_time":"2025-06-01T21:31:13+00:00","twitter_card":"summary_large_image","twitter_misc":{"Gesch\u00e4tzte Lesezeit":"8\u00a0Minuten"},"schema":{"@context":"https:\/\/schema.org","@graph":[{"@type":"WebPage","@id":"https:\/\/startmsg.lt\/taisykles-ir-salygos\/","url":"https:\/\/startmsg.lt\/taisykles-ir-salygos\/","name":"Bedingungen und Konditionen - startmsg.lt","isPartOf":{"@id":"https:\/\/startmsg.lt\/#website"},"datePublished":"2024-10-12T22:41:56+00:00","dateModified":"2025-06-01T21:31:13+00:00","breadcrumb":{"@id":"https:\/\/startmsg.lt\/taisykles-ir-salygos\/#breadcrumb"},"inLanguage":"de","potentialAction":[{"@type":"ReadAction","target":["https:\/\/startmsg.lt\/taisykles-ir-salygos\/"]}]},{"@type":"BreadcrumbList","@id":"https:\/\/startmsg.lt\/taisykles-ir-salygos\/#breadcrumb","itemListElement":[{"@type":"ListItem","position":1,"name":"Home","item":"https:\/\/startmsg.lt\/"},{"@type":"ListItem","position":2,"name":"Taisykl\u0117s ir s\u0105lygos"}]},{"@type":"WebSite","@id":"https:\/\/startmsg.lt\/#website","url":"https:\/\/startmsg.lt\/","name":"startmsg.lt","description":"","publisher":{"@id":"https:\/\/startmsg.lt\/#organization"},"potentialAction":[{"@type":"SearchAction","target":{"@type":"EntryPoint","urlTemplate":"https:\/\/startmsg.lt\/?s={search_term_string}"},"query-input":{"@type":"PropertyValueSpecification","valueRequired":true,"valueName":"search_term_string"}}],"inLanguage":"de"},{"@type":"Organization","@id":"https:\/\/startmsg.lt\/#organization","name":"startmsg.lt","url":"https:\/\/startmsg.lt\/","logo":{"@type":"ImageObject","inLanguage":"de","@id":"https:\/\/startmsg.lt\/#\/schema\/logo\/image\/","url":"https:\/\/startmsg.lt\/wp-content\/uploads\/2024\/01\/favicon.png","contentUrl":"https:\/\/startmsg.lt\/wp-content\/uploads\/2024\/01\/favicon.png","width":196,"height":196,"caption":"startmsg.lt"},"image":{"@id":"https:\/\/startmsg.lt\/#\/schema\/logo\/image\/"},"sameAs":["https:\/\/facebook.com\/chatbotas","https:\/\/www.instagram.com\/chatbotas"]}]}},"_links":{"self":[{"href":"https:\/\/startmsg.lt\/de\/wp-json\/wp\/v2\/pages\/1078","targetHints":{"allow":["GET"]}}],"collection":[{"href":"https:\/\/startmsg.lt\/de\/wp-json\/wp\/v2\/pages"}],"about":[{"href":"https:\/\/startmsg.lt\/de\/wp-json\/wp\/v2\/types\/page"}],"author":[{"embeddable":true,"href":"https:\/\/startmsg.lt\/de\/wp-json\/wp\/v2\/users\/1"}],"replies":[{"embeddable":true,"href":"https:\/\/startmsg.lt\/de\/wp-json\/wp\/v2\/comments?post=1078"}],"version-history":[{"count":7,"href":"https:\/\/startmsg.lt\/de\/wp-json\/wp\/v2\/pages\/1078\/revisions"}],"predecessor-version":[{"id":2436,"href":"https:\/\/startmsg.lt\/de\/wp-json\/wp\/v2\/pages\/1078\/revisions\/2436"}],"wp:attachment":[{"href":"https:\/\/startmsg.lt\/de\/wp-json\/wp\/v2\/media?parent=1078"}],"curies":[{"name":"wp","href":"https:\/\/api.w.org\/{rel}","templated":true}]}}