{"id":1072,"date":"2024-10-12T22:30:05","date_gmt":"2024-10-12T22:30:05","guid":{"rendered":"https:\/\/startmsg.lt\/?page_id=1072"},"modified":"2025-06-01T21:30:13","modified_gmt":"2025-06-01T21:30:13","slug":"bdar","status":"publish","type":"page","link":"https:\/\/startmsg.lt\/de\/bdar\/","title":{"rendered":"GDPR"},"content":{"rendered":"<div data-elementor-type=\"wp-page\" data-elementor-id=\"1072\" class=\"elementor elementor-1072\" data-elementor-settings=\"{&quot;element_pack_global_tooltip_width&quot;:{&quot;unit&quot;:&quot;px&quot;,&quot;size&quot;:&quot;&quot;,&quot;sizes&quot;:[]},&quot;element_pack_global_tooltip_width_tablet&quot;:{&quot;unit&quot;:&quot;px&quot;,&quot;size&quot;:&quot;&quot;,&quot;sizes&quot;:[]},&quot;element_pack_global_tooltip_width_mobile&quot;:{&quot;unit&quot;:&quot;px&quot;,&quot;size&quot;:&quot;&quot;,&quot;sizes&quot;:[]},&quot;element_pack_global_tooltip_padding&quot;:{&quot;unit&quot;:&quot;px&quot;,&quot;top&quot;:&quot;&quot;,&quot;right&quot;:&quot;&quot;,&quot;bottom&quot;:&quot;&quot;,&quot;left&quot;:&quot;&quot;,&quot;isLinked&quot;:true},&quot;element_pack_global_tooltip_padding_tablet&quot;:{&quot;unit&quot;:&quot;px&quot;,&quot;top&quot;:&quot;&quot;,&quot;right&quot;:&quot;&quot;,&quot;bottom&quot;:&quot;&quot;,&quot;left&quot;:&quot;&quot;,&quot;isLinked&quot;:true},&quot;element_pack_global_tooltip_padding_mobile&quot;:{&quot;unit&quot;:&quot;px&quot;,&quot;top&quot;:&quot;&quot;,&quot;right&quot;:&quot;&quot;,&quot;bottom&quot;:&quot;&quot;,&quot;left&quot;:&quot;&quot;,&quot;isLinked&quot;:true},&quot;element_pack_global_tooltip_border_radius&quot;:{&quot;unit&quot;:&quot;px&quot;,&quot;top&quot;:&quot;&quot;,&quot;right&quot;:&quot;&quot;,&quot;bottom&quot;:&quot;&quot;,&quot;left&quot;:&quot;&quot;,&quot;isLinked&quot;:true},&quot;element_pack_global_tooltip_border_radius_tablet&quot;:{&quot;unit&quot;:&quot;px&quot;,&quot;top&quot;:&quot;&quot;,&quot;right&quot;:&quot;&quot;,&quot;bottom&quot;:&quot;&quot;,&quot;left&quot;:&quot;&quot;,&quot;isLinked&quot;:true},&quot;element_pack_global_tooltip_border_radius_mobile&quot;:{&quot;unit&quot;:&quot;px&quot;,&quot;top&quot;:&quot;&quot;,&quot;right&quot;:&quot;&quot;,&quot;bottom&quot;:&quot;&quot;,&quot;left&quot;:&quot;&quot;,&quot;isLinked&quot;:true}}\">\n\t\t\t\t<div class=\"elementor-element elementor-element-f2aa005 e-flex e-con-boxed e-con e-parent\" data-id=\"f2aa005\" data-element_type=\"container\">\n\t\t\t\t\t<div class=\"e-con-inner\">\n\t\t\t\t<div class=\"elementor-element elementor-element-fd9e34f elementor-widget elementor-widget-spacer\" data-id=\"fd9e34f\" data-element_type=\"widget\" data-widget_type=\"spacer.default\">\n\t\t\t\t<div class=\"elementor-widget-container\">\n\t\t\t\t\t\t\t<div class=\"elementor-spacer\">\n\t\t\t<div class=\"elementor-spacer-inner\"><\/div>\n\t\t<\/div>\n\t\t\t\t\t\t<\/div>\n\t\t\t\t<\/div>\n\t\t\t\t<div class=\"elementor-element elementor-element-879cba3 elementor-widget elementor-widget-text-editor\" data-id=\"879cba3\" data-element_type=\"widget\" data-widget_type=\"text-editor.default\">\n\t\t\t\t<div class=\"elementor-widget-container\">\n\t\t\t\t\t\t\t\t\t<h3>Was ist die Datenschutz-Grundverordnung?<\/h3><p>GDPR ist die Allgemeine Datenschutzverordnung (General Data Protection Regulation, GDPR). Ein neues Gesetz, das von der EU eingef\u00fchrt wurde, um die pers\u00f6nlichen Daten der Nutzer zu sch\u00fctzen. Dieses Gesetz deckt mehrere Aspekte der Datensicherheit ab. Hier finden Sie Hinweise dazu, wie wir Ihre Daten sch\u00fctzen, welche Verantwortlichkeiten wir haben und was Ihre Verantwortlichkeiten sind. Wir empfehlen Ihnen dringend, unsere gesamte Dokumentation oder andere Artikel \u00fcber GDPR zu lesen, um zu entscheiden, ob Sie unsere App nutzen m\u00f6chten. Wir sind nicht verantwortlich f\u00fcr Auslassungen oder Fehler beim Datenschutz, die von Ihnen oder Dritten gemacht werden. Bitte nehmen Sie sich die Zeit, die Dokumentation zu lesen, und handeln Sie vern\u00fcnftig, um sicher zu sein.<\/p><h3>Definition der personenbezogenen Daten:<\/h3><p>Alle Daten, die zu einer Person geh\u00f6ren, sind ihre personenbezogenen Daten. Dabei kann es sich um den Namen, das Bild, die E-Mail-Adresse, die physische Adresse, den Beitrag in sozialen Medien, den Standort, die IP-Adresse des Computers usw. handeln. Der Eigent\u00fcmer der personenbezogenen Daten ist die einzige rechtliche Partei, die diese Daten besitzt. Das bedeutet, dass die Daten unabh\u00e4ngig davon, wo und wie sie gespeichert werden, der betreffenden Person geh\u00f6ren. Der Datensammler oder -nutzer (z. B. Facebook, YouTube) darf personenbezogene Daten nicht ohne die ausdr\u00fcckliche oder implizite Zustimmung des Nutzers anzeigen, speichern oder weitergeben. Wenn der Nutzer sein Einverst\u00e4ndnis gibt, dass seine Daten f\u00fcr bestimmte Aktivit\u00e4ten (Datenspeicherung, Anzeige usw.) verwendet werden d\u00fcrfen, kann der Administrator der Anwendung diese Daten verwenden.<\/p><p>Stellen Sie sich eine hypothetische Situation vor: Sie ver\u00f6ffentlichen einen Beitrag in sozialen Netzwerken. In diesem Fall erteilen Sie implizit die Erlaubnis, den Beitrag Ihren \u00f6ffentlichen oder privaten Kontakten zu zeigen. Der Administrator der Anwendung ist nicht f\u00fcr beleidigende Kommentare verantwortlich, die von Ihren Kontakten hinterlassen werden k\u00f6nnten. Das hei\u00dft, wenn Sie Ihre Daten \u00f6ffentlich gemacht haben, sind Sie daf\u00fcr verantwortlich. Der Programmverwalter ist jedoch f\u00fcr die Weitergabe von Daten an Dritte verantwortlich. Wenn Daten weitergegeben werden sollen, muss dies im Voraus klargestellt werden. Das Hochladen und Anzeigen von Daten liegt also sowohl in der Verantwortung des Programmverwalters als auch des Nutzers. Weitere Einzelheiten sind in der Dokumentation enthalten.<\/p><h3>Verantwortung des Entwicklers:<\/h3><p>Der Schutz der pers\u00f6nlichen Daten des Benutzers im Backend liegt in der Verantwortung des Entwicklers. Der Entwickler ist daf\u00fcr verantwortlich, wie die Daten des Benutzers (Name, Telefonnummer, E-Mail usw.) und andere Informationen (z. B. Protokolle \u00fcber die Interaktion des Benutzers mit der Anwendung) in der Datenbank und auf dem Server gespeichert werden. Wir werden im Detail beschreiben, wie direkte Daten (Name, E-Mail usw.) und indirekte Daten (Browsername, Computer-IP usw.) in der Datenbank und auf dem Server gespeichert werden. Sobald die Daten auf den Server hochgeladen sind, h\u00e4ngt ihre Sicherheit von der Sicherheit des Servers und manchmal auch vom Administrator der Anwendung ab.<\/p><p>Der Nutzer wird \u00fcber alle Methoden der vor\u00fcbergehenden (Cookies und Sitzungen) und dauerhaften (in einer Datenbank gespeicherte Daten) Datenspeicherung informiert. Der Nutzer erh\u00e4lt die M\u00f6glichkeit, alle seine pers\u00f6nlichen Daten zu l\u00f6schen, wenn er sein Konto l\u00f6scht oder den Dienst beendet. Wir garantieren, dass wir keine Protokolle \u00fcber die Aktivit\u00e4ten des Nutzers f\u00fchren und dass wir keine geheimen Mittel haben, um die Daten des Nutzers zu extrahieren. Von Zeit zu Zeit kann der Administrator einer Anwendung dem Entwickler Zugang zu cPanel und anderen Anmeldedaten gew\u00e4hren, damit dieser die Anwendung f\u00fcr eine kurze Zeit vor dem Start warten und verwalten kann. Wir empfehlen dringend, dass der Administrator diese Zugangsdaten \u00e4ndert, wenn die Arbeit abgeschlossen ist. Der Entwickler ist nicht verantwortlich f\u00fcr die Weitergabe dieser Zugangsdaten. Ebenso wenig ist der Entwickler f\u00fcr unbeabsichtigte Sicherheitsl\u00fccken im Programm verantwortlich. Schlie\u00dflich besteht bei Daten, die \u00fcber das Internet ausgetauscht werden, immer das Risiko eines Lecks. Daher empfehlen wir Ihnen dringend, keine Daten weiterzugeben, die Sie oder andere Personen gef\u00e4hrden k\u00f6nnten.<\/p><h3>Zust\u00e4ndigkeiten des Programmverwalters:<\/h3><p>Der Administrator der Anwendung hat uneingeschr\u00e4nkten Zugriff auf die pers\u00f6nlichen Daten des Benutzers. Der Administrator kann die in der Datenbank und auf dem Server gespeicherten Daten einsehen und kopieren. Der Administrator kann die personenbezogenen Daten des Nutzers an Dritte weitergeben. Die Verwendung der Daten des Nutzers muss vor der Registrierung des Nutzers deutlich bekannt gegeben werden. Der Administrator sollte niemandem erlauben, offen oder unter dem Vorwand des Ausf\u00fcllens von Umfragen oder Formularen Daten zu sammeln. Der Administrator der Anwendung hat die meisten Privilegien und tr\u00e4gt daher die gr\u00f6\u00dfte Verantwortung f\u00fcr den Schutz der personenbezogenen Daten der Nutzer.<\/p><h3>Verantwortung des Benutzers:<\/h3><p>Es h\u00e4ngt alles vom Nutzer ab. Wenn der Nutzer die Daten nicht zur Verf\u00fcgung stellt, gibt es kein Datenleck, aber das ist auch keine Option. Es liegt in der alleinigen Verantwortung des Nutzers, seine Anmeldedaten sicher zu halten. Das Passwort und der Benutzername k\u00f6nnen in der Datenbank verschl\u00fcsselt werden, aber ein Passwort, das zu vorhersehbar ist, kann es einem Hacker leicht erm\u00f6glichen, auf das Konto des Nutzers zuzugreifen. \u00c4ndern Sie Ihre Daten, wenn Sie verd\u00e4chtige Aktivit\u00e4ten feststellen oder wenn Sie Ihre Passw\u00f6rter mit anderen teilen mussten. Denken Sie immer nach, bevor Sie Ihre Daten weitergeben.<\/p><p><strong>Unsere Ma\u00dfnahmen zur GDPR:<\/strong><\/p><ol><li><strong>So wenig Datenerfassung wie m\u00f6glich:<\/strong> Wir sammeln nur die notwendigsten Daten und erkl\u00e4ren dem Nutzer, warum bestimmte Daten ben\u00f6tigt werden.<\/li><li><strong>HTTPS verwenden:<\/strong> Wir bieten verschl\u00fcsselte Kommunikation in der gesamten App, um Daten vor dem Abh\u00f6ren zu sch\u00fctzen.<\/li><li><strong>Aufr\u00e4umen der Sitzung und der Cookies:<\/strong> Nach dem Trennen der Verbindung l\u00f6schen wir alle Sitzungen und Cookies.<\/li><li><strong>Keine \u00dcberwachung der Nutzeraktivit\u00e4ten zu kommerziellen Zwecken:<\/strong> Wir verfolgen die Aktivit\u00e4ten der Nutzer nicht, um sie mit gezielter Werbung oder kommerziellen Angeboten zu versorgen.<\/li><li><strong>Information des Nutzers \u00fcber die Speicherung der IP- und Standortdaten des Computers:<\/strong> Wir informieren die Nutzer eindeutig \u00fcber alle Protokolle, die im Zusammenhang mit der IP-Adresse oder dem Standort eines Computers gespeichert werden.<\/li><li><strong>Klare Gesch\u00e4ftsbedingungen und Datenschutzbestimmungen:<\/strong> Wir bieten transparente Regeln \u00fcber die Anforderungen der GDPR und die Bedingungen f\u00fcr die Verwendung von Daten.<\/li><li><strong>Information \u00fcber die Beteiligung Dritter:<\/strong> Die Nutzer werden \u00fcber jede Weitergabe ihrer Daten an Dritte informiert.<\/li><li><strong>Politik der Datenweitergabe:<\/strong> Wir stellen klare Regeln auf, wie wir mit Datenlecks umgehen werden.<\/li><li><strong>L\u00f6schung von Daten:<\/strong> Die Nutzer haben die M\u00f6glichkeit, ihre Daten dauerhaft zu l\u00f6schen, wenn sie ihr Konto l\u00f6schen oder einen Dienst k\u00fcndigen.<\/li><li><strong>Software-Sicherheitsaktualisierungen:<\/strong> Wir implementieren alle notwendigen Patches, um sicherzustellen, dass die Software vor Sicherheitsl\u00fccken gesch\u00fctzt ist.<\/li><\/ol><p><strong>GDPR-Funktionen werden unterst\u00fctzt:<\/strong><\/p><ol><li><p><strong>\"Adios, App\" (Alles Gute, App):<\/strong> Wenn ein Nutzer sein Abonnement k\u00fcndigt oder sein Konto l\u00f6scht, geben wir ihm die M\u00f6glichkeit, alle mit dem Konto verbundenen Daten zu l\u00f6schen. Diese Aktion ist unumkehrbar - wenn die Daten gel\u00f6scht werden, werden sie dauerhaft sowohl aus der Datenbank als auch vom Server entfernt. Der Nutzer kann vor der L\u00f6schung eine Sicherungskopie erstellen, wenn er eine R\u00fcckkehr plant.<\/p><\/li><li><p><strong>Die Geheimhaltung ist mein Recht:<\/strong> Wir verschl\u00fcsseln die meisten Ihrer pers\u00f6nlichen Daten, die in der Datenbank gespeichert sind. Sollte es zu einem Datenleck kommen, w\u00fcrde der Hacker nur die verschl\u00fcsselten Daten erhalten, nicht aber Ihre pers\u00f6nlichen Informationen in offener Form. Bestimmte Daten k\u00f6nnen nicht verschl\u00fcsselt werden (z. B. der Benutzername), da sie angezeigt werden m\u00fcssen, wenn Sie sich bei Ihrem Konto anmelden. Wir maskieren jedoch so viele pers\u00f6nliche Informationen wie m\u00f6glich.<\/p><\/li><li><p><strong>Ohne Cookies und Sitzungsspeicher:<\/strong> Wir geben Ihnen die M\u00f6glichkeit zu w\u00e4hlen, ob Sie Cookies und Sitzungen speichern m\u00f6chten. Auch wenn Sie sich daf\u00fcr entscheiden, sie zu behalten, werden Cookies und Sitzungen nach dem Ausloggen gel\u00f6scht. Wir empfehlen Ihnen dringend, Ihre Anmeldedaten nicht in Ihrem Browser zu speichern. Es ist besser, sich Ihr Passwort zu merken oder Tools wie LastPass f\u00fcr die Passwortverwaltung zu verwenden.<\/p><\/li><li><p><strong>Beseitigung von Spuren:<\/strong> Wir \u00fcberwachen oder verfolgen Ihre Aktivit\u00e4ten nicht zu kommerziellen Zwecken. Wir speichern lediglich Ihre Anmeldezeit oder Ihre IP-Adresse, jedoch nur zu Sicherheitszwecken. Wenn Sie Ihr Konto l\u00f6schen, werden alle Ihre Daten vollst\u00e4ndig vom Server gel\u00f6scht.<\/p><\/li><li><p><strong>Social Engineering ist schlecht:<\/strong> Wir zeichnen keine Ihrer pers\u00f6nlichen Aktivit\u00e4ten in der App auf. Das Aufzeichnen, Analysieren und Versuchen, ein Produkt zu verkaufen oder einen Nutzer auf der Grundlage dieser Daten zu motivieren, ist eine unethische Praxis. Wir tun es nicht.<\/p><\/li><li><p><strong>Sagen Sie mir Bescheid:<\/strong> Sie werden per E-Mail \u00fcber alle Aktionen im Zusammenhang mit Ihrem Konto (Kontoerstellung, Passwort\u00e4nderung) benachrichtigt. Wir empfehlen Ihnen, Ihre Anmeldedaten zu \u00e4ndern, wenn Sie ungew\u00f6hnliche Aktionen feststellen.<\/p><\/li><li><p><strong>Benachrichtigung \u00fcber Aktualisierungen der Politik:<\/strong> Sie werden \u00fcber etwaige Aktualisierungen der Datenschutzrichtlinie oder des Haftungsausschlusses informiert. Bitte lesen Sie Ihre E-Mails zu diesem Thema und entscheiden Sie, wie Sie weiter vorgehen m\u00f6chten. Bitte z\u00f6gern Sie nicht, uns zu diesen Fragen zu kontaktieren.<\/p><\/li><li><p><strong>Unkomplizierter Beitritt:<\/strong> Wir haben \u00fcberall HTTPS implementiert, so dass ein Abfangen von Daten unm\u00f6glich ist. Selbst wenn es jemandem gel\u00e4nge, w\u00fcrde der Hacker nur verschl\u00fcsselte Daten erhalten. Sie k\u00f6nnen unsere App also sicher nutzen.<\/p><\/li><li><p><strong>Wir speichern keine Benutzerdaten:<\/strong> Wir speichern keine Benutzerdaten. Es gibt keine versteckten Optionen, die Daten sammeln. Sobald die Anwendung auf den Server hochgeladen ist, haben wir ohne ein Administrator-Passwort keinen Zugriff mehr darauf. Machen Sie sich also keine Sorgen \u00fcber versteckte Datenlecks.<\/p><\/li><li><p><strong>Politik des Datenaustritts:<\/strong> Wir haben alle Sicherheitsma\u00dfnahmen ergriffen, um Ihre Daten in der Datenbank zu sch\u00fctzen (Datenverschl\u00fcsselung, MySQL, Verhinderung von SQL-Injektionen, Eingabevalidierung usw.). Schwache oder allzu vorhersehbare Passw\u00f6rter k\u00f6nnen die Sicherheit Ihrer Daten gef\u00e4hrden und liegen daher in Ihrer Verantwortung.<\/p><\/li><\/ol><p><strong>Ist der Versand von Massennachrichten an Facebook-Nutzer \u00fcber unser System GDPR-konform?<\/strong><\/p><p>Ja, der Versand von Massenmitteilungen \u00fcber unser System ist GDPR-konform. Da die Leute auf unserer Facebook-Seite OPT-IN sind (freiwillig eine Konversation beginnen), k\u00f6nnen wir das beweisen. Sie werden auf legitime Weise zu unseren Kontakten. Alle gesendeten Nachrichten m\u00fcssen einen Abmeldelink enthalten (diese Funktion ist bereits vorhanden) oder eine andere M\u00f6glichkeit, die es den Personen erm\u00f6glicht, sich jederzeit abzumelden.<\/p>\t\t\t\t\t\t\t\t<\/div>\n\t\t\t\t<\/div>\n\t\t\t\t\t<\/div>\n\t\t\t\t<\/div>\n\t\t\t\t<\/div>","protected":false},"excerpt":{"rendered":"<p>Kas yra BDAR? BDAR \u2013 tai Bendrasis duomen\u0173 apsaugos reglamentas (angl. General Data Protection Regulation). Naujas ES \u012fvestas \u012fstatymas, skirtas apsaugoti naudotoj\u0173 [&hellip;]<\/p>","protected":false},"author":1,"featured_media":0,"parent":0,"menu_order":0,"comment_status":"closed","ping_status":"closed","template":"","meta":{"footnotes":""},"class_list":["post-1072","page","type-page","status-publish","hentry"],"yoast_head":"<!-- This site is optimized with the Yoast SEO Premium plugin v23.8 (Yoast SEO v26.4) - https:\/\/yoast.com\/wordpress\/plugins\/seo\/ -->\n<title>BDAR - startmsg.lt<\/title>\n<meta name=\"robots\" content=\"index, follow, max-snippet:-1, max-image-preview:large, max-video-preview:-1\" \/>\n<link rel=\"canonical\" href=\"https:\/\/startmsg.lt\/de\/bdar\/\" \/>\n<meta property=\"og:locale\" content=\"de_DE\" \/>\n<meta property=\"og:type\" content=\"article\" \/>\n<meta property=\"og:title\" content=\"BDAR\" \/>\n<meta property=\"og:description\" content=\"Kas yra BDAR? BDAR \u2013 tai Bendrasis duomen\u0173 apsaugos reglamentas (angl. General Data Protection Regulation). Naujas ES \u012fvestas \u012fstatymas, skirtas apsaugoti naudotoj\u0173 [&hellip;]\" \/>\n<meta property=\"og:url\" content=\"https:\/\/startmsg.lt\/de\/bdar\/\" \/>\n<meta property=\"og:site_name\" content=\"startmsg.lt\" \/>\n<meta property=\"article:publisher\" content=\"https:\/\/facebook.com\/chatbotas\" \/>\n<meta property=\"article:modified_time\" content=\"2025-06-01T21:30:13+00:00\" \/>\n<meta name=\"twitter:card\" content=\"summary_large_image\" \/>\n<meta name=\"twitter:label1\" content=\"Gesch\u00e4tzte Lesezeit\" \/>\n\t<meta name=\"twitter:data1\" content=\"7\u00a0Minuten\" \/>\n<script type=\"application\/ld+json\" class=\"yoast-schema-graph\">{\"@context\":\"https:\/\/schema.org\",\"@graph\":[{\"@type\":\"WebPage\",\"@id\":\"https:\/\/startmsg.lt\/bdar\/\",\"url\":\"https:\/\/startmsg.lt\/bdar\/\",\"name\":\"BDAR - startmsg.lt\",\"isPartOf\":{\"@id\":\"https:\/\/startmsg.lt\/#website\"},\"datePublished\":\"2024-10-12T22:30:05+00:00\",\"dateModified\":\"2025-06-01T21:30:13+00:00\",\"breadcrumb\":{\"@id\":\"https:\/\/startmsg.lt\/bdar\/#breadcrumb\"},\"inLanguage\":\"de\",\"potentialAction\":[{\"@type\":\"ReadAction\",\"target\":[\"https:\/\/startmsg.lt\/bdar\/\"]}]},{\"@type\":\"BreadcrumbList\",\"@id\":\"https:\/\/startmsg.lt\/bdar\/#breadcrumb\",\"itemListElement\":[{\"@type\":\"ListItem\",\"position\":1,\"name\":\"Home\",\"item\":\"https:\/\/startmsg.lt\/\"},{\"@type\":\"ListItem\",\"position\":2,\"name\":\"BDAR\"}]},{\"@type\":\"WebSite\",\"@id\":\"https:\/\/startmsg.lt\/#website\",\"url\":\"https:\/\/startmsg.lt\/\",\"name\":\"startmsg.lt\",\"description\":\"\",\"publisher\":{\"@id\":\"https:\/\/startmsg.lt\/#organization\"},\"potentialAction\":[{\"@type\":\"SearchAction\",\"target\":{\"@type\":\"EntryPoint\",\"urlTemplate\":\"https:\/\/startmsg.lt\/?s={search_term_string}\"},\"query-input\":{\"@type\":\"PropertyValueSpecification\",\"valueRequired\":true,\"valueName\":\"search_term_string\"}}],\"inLanguage\":\"de\"},{\"@type\":\"Organization\",\"@id\":\"https:\/\/startmsg.lt\/#organization\",\"name\":\"startmsg.lt\",\"url\":\"https:\/\/startmsg.lt\/\",\"logo\":{\"@type\":\"ImageObject\",\"inLanguage\":\"de\",\"@id\":\"https:\/\/startmsg.lt\/#\/schema\/logo\/image\/\",\"url\":\"https:\/\/startmsg.lt\/wp-content\/uploads\/2024\/01\/favicon.png\",\"contentUrl\":\"https:\/\/startmsg.lt\/wp-content\/uploads\/2024\/01\/favicon.png\",\"width\":196,\"height\":196,\"caption\":\"startmsg.lt\"},\"image\":{\"@id\":\"https:\/\/startmsg.lt\/#\/schema\/logo\/image\/\"},\"sameAs\":[\"https:\/\/facebook.com\/chatbotas\",\"https:\/\/www.instagram.com\/chatbotas\"]}]}<\/script>\n<!-- \/ Yoast SEO Premium plugin. -->","yoast_head_json":{"title":"GDPR - startmsg.lt","robots":{"index":"index","follow":"follow","max-snippet":"max-snippet:-1","max-image-preview":"max-image-preview:large","max-video-preview":"max-video-preview:-1"},"canonical":"https:\/\/startmsg.lt\/de\/bdar\/","og_locale":"de_DE","og_type":"article","og_title":"BDAR","og_description":"Kas yra BDAR? BDAR \u2013 tai Bendrasis duomen\u0173 apsaugos reglamentas (angl. General Data Protection Regulation). Naujas ES \u012fvestas \u012fstatymas, skirtas apsaugoti naudotoj\u0173 [&hellip;]","og_url":"https:\/\/startmsg.lt\/de\/bdar\/","og_site_name":"startmsg.lt","article_publisher":"https:\/\/facebook.com\/chatbotas","article_modified_time":"2025-06-01T21:30:13+00:00","twitter_card":"summary_large_image","twitter_misc":{"Gesch\u00e4tzte Lesezeit":"7\u00a0Minuten"},"schema":{"@context":"https:\/\/schema.org","@graph":[{"@type":"WebPage","@id":"https:\/\/startmsg.lt\/bdar\/","url":"https:\/\/startmsg.lt\/bdar\/","name":"GDPR - startmsg.lt","isPartOf":{"@id":"https:\/\/startmsg.lt\/#website"},"datePublished":"2024-10-12T22:30:05+00:00","dateModified":"2025-06-01T21:30:13+00:00","breadcrumb":{"@id":"https:\/\/startmsg.lt\/bdar\/#breadcrumb"},"inLanguage":"de","potentialAction":[{"@type":"ReadAction","target":["https:\/\/startmsg.lt\/bdar\/"]}]},{"@type":"BreadcrumbList","@id":"https:\/\/startmsg.lt\/bdar\/#breadcrumb","itemListElement":[{"@type":"ListItem","position":1,"name":"Home","item":"https:\/\/startmsg.lt\/"},{"@type":"ListItem","position":2,"name":"BDAR"}]},{"@type":"WebSite","@id":"https:\/\/startmsg.lt\/#website","url":"https:\/\/startmsg.lt\/","name":"startmsg.lt","description":"","publisher":{"@id":"https:\/\/startmsg.lt\/#organization"},"potentialAction":[{"@type":"SearchAction","target":{"@type":"EntryPoint","urlTemplate":"https:\/\/startmsg.lt\/?s={search_term_string}"},"query-input":{"@type":"PropertyValueSpecification","valueRequired":true,"valueName":"search_term_string"}}],"inLanguage":"de"},{"@type":"Organization","@id":"https:\/\/startmsg.lt\/#organization","name":"startmsg.lt","url":"https:\/\/startmsg.lt\/","logo":{"@type":"ImageObject","inLanguage":"de","@id":"https:\/\/startmsg.lt\/#\/schema\/logo\/image\/","url":"https:\/\/startmsg.lt\/wp-content\/uploads\/2024\/01\/favicon.png","contentUrl":"https:\/\/startmsg.lt\/wp-content\/uploads\/2024\/01\/favicon.png","width":196,"height":196,"caption":"startmsg.lt"},"image":{"@id":"https:\/\/startmsg.lt\/#\/schema\/logo\/image\/"},"sameAs":["https:\/\/facebook.com\/chatbotas","https:\/\/www.instagram.com\/chatbotas"]}]}},"_links":{"self":[{"href":"https:\/\/startmsg.lt\/de\/wp-json\/wp\/v2\/pages\/1072","targetHints":{"allow":["GET"]}}],"collection":[{"href":"https:\/\/startmsg.lt\/de\/wp-json\/wp\/v2\/pages"}],"about":[{"href":"https:\/\/startmsg.lt\/de\/wp-json\/wp\/v2\/types\/page"}],"author":[{"embeddable":true,"href":"https:\/\/startmsg.lt\/de\/wp-json\/wp\/v2\/users\/1"}],"replies":[{"embeddable":true,"href":"https:\/\/startmsg.lt\/de\/wp-json\/wp\/v2\/comments?post=1072"}],"version-history":[{"count":8,"href":"https:\/\/startmsg.lt\/de\/wp-json\/wp\/v2\/pages\/1072\/revisions"}],"predecessor-version":[{"id":2430,"href":"https:\/\/startmsg.lt\/de\/wp-json\/wp\/v2\/pages\/1072\/revisions\/2430"}],"wp:attachment":[{"href":"https:\/\/startmsg.lt\/de\/wp-json\/wp\/v2\/media?parent=1072"}],"curies":[{"name":"wp","href":"https:\/\/api.w.org\/{rel}","templated":true}]}}